{"id":19746,"date":"2025-04-07T07:05:10","date_gmt":"2025-04-07T07:05:10","guid":{"rendered":"https:\/\/www.hydraulic-cylinders.net\/product\/boom-cylinder-for-kato-small-excavator-hd820r820v\/"},"modified":"2025-04-07T07:05:23","modified_gmt":"2025-04-07T07:05:23","slug":"boom-cylinder-for-kato-small-excavator-hd820r820v","status":"publish","type":"product","link":"https:\/\/www.hydraulic-cylinders.net\/ro\/produs\/boom-cylinder-for-kato-small-excavator-hd820r820v\/","title":{"rendered":"Cilindru de bra\u021b pentru excavatorul mic Kato HD820R820V"},"content":{"rendered":"<h1>Cilindru de bra\u021b pentru excavatorul mic Kato HD820R820V<\/h1>\n<h2>Introducere \u00een cilindrul bra\u021bului<\/h2>\n<p>Cilindrul bra\u021bului este o component\u0103 critic\u0103 \u00een sistemele hidraulice, \u00een special \u00een utilajele grele, cum ar fi excavatoarele. Acesta joac\u0103 un rol vital \u00een controlul mi\u0219c\u0103rii diferitelor ata\u0219amente, cum ar fi cupele, facilit\u00e2nd opera\u021biunile de ridicare, cobor\u00e2re \u0219i \u00eenclinare. Conceput special pentru ma\u0219ini precum excavatorul mic Kato, cilindrul bra\u021bului permite mi\u0219c\u0103ri precise esen\u021biale pentru sarcinile de manipulare a materialelor. Cilindrul cupei este un tip de cilindru hidraulic crucial pentru func\u021bionarea excavatoarelor, a buldoexcavatoarelor \u0219i a \u00eenc\u0103rc\u0103toarelor frontale. Acesta permite cupei s\u0103 efectueze ac\u021biuni precum ridicarea, cobor\u00e2rea \u0219i \u00eenclinarea, simplific\u00e2nd astfel sarcina de transport al materialelor. Aceast\u0103 func\u021bionalitate este esen\u021bial\u0103 pentru func\u021bionarea eficient\u0103 \u00een diverse aplica\u021bii de construc\u021bii \u0219i agricultur\u0103.<\/p>\n<p><img decoding=\"async\" src=\"https:\/\/www.hydraulic-cylinders.net\/wp-content\/uploads\/2025\/04\/songte-company-1.webp\" alt=\"Cilindru de bra\u021b pentru excavator mic Kato\" \/><\/p>\n<h2>Caracteristicile cilindrului bra\u021bului<\/h2>\n<ul>\n<li><strong>Rezisten\u021b\u0103 \u0219i durabilitate ridicate:<\/strong> Construit din o\u021bel sau aluminiu de \u00eenalt\u0103 rezisten\u021b\u0103, acest cilindru al bra\u021bului poate rezista la presiuni ridicate \u0219i sarcini grele, fiind potrivit pentru medii de lucru dure. Designul s\u0103u ia \u00een considerare rezisten\u021ba la uzur\u0103 \u0219i la coroziune, prelungindu-i semnificativ durata de via\u021b\u0103.<\/li>\n<li><strong>Func\u021bionare hidraulic\u0103 eficient\u0103:<\/strong> Cilindrul bra\u021bului utilizeaz\u0103 presiunea uleiului hidraulic pentru a realiza o extensie \u0219i retragere lin\u0103, permi\u021b\u00e2nd un r\u0103spuns rapid la comenzile de control \u0219i furniz\u00e2nd for\u021be puternice de \u00eempingere \u0219i tragere, ideale pentru gestionarea sarcinilor grele \u0219i complexe.<\/li>\n<li><strong>Diverse tipuri:<\/strong> Disponibil \u00een configura\u021bii cu ac\u021biune simpl\u0103 (func\u021bioneaz\u0103 \u00eentr-o singur\u0103 direc\u021bie) sau cu ac\u021biune dubl\u0103 (func\u021bioneaz\u0103 \u00een ambele direc\u021bii), cilindrul bra\u021bului poate satisface diverse nevoi opera\u021bionale. Unele modele sunt telescopice, oferind o extensie mai mare f\u0103r\u0103 a cre\u0219te dimensiunea extern\u0103, perfecte pentru aplica\u021bii cu spa\u021biu limitat.<\/li>\n<li><strong>Fabrica\u021bie personalizat\u0103:<\/strong> Fabric\u0103m acest produs cu precizie, asigur\u00e2ndu-ne c\u0103 cilindrii no\u0219tri pot \u00eenlocui perfect cilindrii hidraulici existen\u021bi, oferind performan\u021be \u0219i fiabilitate superioare.<\/li>\n<\/ul>\n<p><img decoding=\"async\" src=\"https:\/\/www.hydraulic-cylinders.net\/wp-content\/uploads\/2025\/04\/songte-cylinder-head-with-all-kinds-excavator-models.webp\" alt=\"Op\u021biuni cilindru hidraulic\" \/><\/p>\n<h2>Scenarii de aplicare a cilindrului bra\u021bului<\/h2>\n<h3>Echipamente de construc\u021bii<\/h3>\n<p>\u00cen excavatoare, cilindrii bra\u021bului sunt vitali pentru s\u0103pare, \u00eenc\u0103rcare \u0219i mutarea solului sau a resturilor. Ace\u0219tia permit nu numai func\u021bionalitatea de s\u0103pare, ci \u0219i ajut\u0103 la opera\u021biunile de ridicare, permi\u021b\u00e2nd ma\u0219inii s\u0103 efectueze eficient sarcini de construc\u021bie solicitante. Capacitatea de a controla cu precizie pozi\u021bia cupei contribuie la \u00eembun\u0103t\u0103\u021birea eficien\u021bei opera\u021bionale \u0219i a siguran\u021bei pe \u0219antier.<\/p>\n<h3>Ma\u0219ini agricole<\/h3>\n<p>\u00cen \u00eenc\u0103rc\u0103toarele frontale, cilindrii bra\u021bului joac\u0103 un rol crucial \u00een scoaterea, ridicarea \u0219i transportul solului, f\u00e2nului \u0219i altor materiale. Designul lor robust asigur\u0103 c\u0103 pot face fa\u021b\u0103 cerin\u021belor riguroase ale lucr\u0103rilor agricole, men\u021bin\u00e2nd \u00een acela\u0219i timp eficien\u021ba, ceea ce este esen\u021bial pentru fermierii care se bazeaz\u0103 pe aceste ma\u0219ini pentru productivitate.<\/p>\n<h3>Excavatoare<\/h3>\n<p>Cilindrul cupei permite excavatoarelor s\u0103 p\u0103trund\u0103 eficient \u00een sol, facilit\u00e2nd procesul de s\u0103pare. Aceast\u0103 func\u021bionalitate este esen\u021bial\u0103 pentru proiectele de excavare \u00een care sunt necesare precizie \u0219i putere pentru a muta rapid cantit\u0103\u021bi mari de p\u0103m\u00e2nt sau moloz.<\/p>\n<h3>\u00cenc\u0103rc\u0103toare<\/h3>\n<p>La \u00eenc\u0103rc\u0103toarele frontale, cilindrii bra\u021bului ajut\u0103 la ridicarea \u0219i desc\u0103rcarea eficient\u0103 a \u00eenc\u0103rc\u0103turilor. Reactivitatea sistemului hidraulic permite operatorilor s\u0103 controleze cu precizie mi\u0219carea \u00eenc\u0103rc\u0103turii, sporind productivitatea la fa\u021ba locului \u0219i reduc\u00e2nd riscul de accidente.<\/p>\n<h2>Considera\u021bii de proiectare \u0219i criterii de selec\u021bie<\/h2>\n<h3>Capacitate de \u00eenc\u0103rcare<\/h3>\n<p>Capacitatea de \u00eenc\u0103rcare a unui cilindru al bra\u021bului este o considera\u021bie critic\u0103 de proiectare. Acesta trebuie s\u0103 fie evaluat corespunz\u0103tor pentru a gestiona sarcina maxim\u0103 a\u0219teptat\u0103 f\u0103r\u0103 a compromite siguran\u021ba sau performan\u021ba. Inginerii trebuie s\u0103 evalueze specifica\u021biile ma\u0219inii \u0219i sarcinile pe care este destinat\u0103 s\u0103 le \u00eendeplineasc\u0103 pentru a selecta un cilindru care s\u0103 ofere puterea \u0219i stabilitatea necesare.<\/p>\n<h3>Performan\u021ba de etan\u0219are<\/h3>\n<p>Etan\u0219area eficient\u0103 este esen\u021bial\u0103 pentru prevenirea scurgerilor de fluid hidraulic, care pot duce la ineficien\u021be \u0219i pericole pentru siguran\u021b\u0103. Selectarea unor solu\u021bii de etan\u0219are de \u00eenalt\u0103 calitate, inclusiv etan\u0219\u0103ri pentru piston \u0219i etan\u0219\u0103ri pentru tij\u0103, este vital\u0103 pentru a asigura performan\u021ba optim\u0103 \u0219i longevitatea sistemului hidraulic.<\/p>\n<h3>Durabilitate<\/h3>\n<p>Durabilitatea este un factor cheie \u00een proiectarea cilindrilor bra\u021bului. Ace\u0219tia trebuie s\u0103 poat\u0103 rezista rigorilor opera\u021biunilor cu utilaje grele, inclusiv expunerea la medii dure \u0219i sarcini grele. Materialele trebuie alese astfel \u00eenc\u00e2t s\u0103 reziste la uzur\u0103 \u0219i coroziune, asigur\u00e2nd o durat\u0103 lung\u0103 de via\u021b\u0103 chiar \u0219i \u00een condi\u021bii dificile.<\/p>\n<h3>Caracteristici de siguran\u021b\u0103<\/h3>\n<p>Siguran\u021ba este primordial\u0103 atunci c\u00e2nd se proiecteaz\u0103 cilindri hidraulici. Incorporarea de caracteristici precum supape de suprapresiune \u0219i sisteme robuste de montare poate preveni accidentele \u0219i poate asigura siguran\u021ba operatorului \u00een timpul utiliz\u0103rii utilajelor. \u00centre\u021binerea regulat\u0103 \u0219i respectarea standardelor de siguran\u021b\u0103 sunt, de asemenea, cruciale pentru siguran\u021ba \u00een func\u021bionare.<\/p>\n<h3>Accesibilitate pentru \u00eentre\u021binere<\/h3>\n<p>Proiectan\u021bii ar trebui s\u0103 ia \u00een considerare u\u0219urin\u021ba \u00eentre\u021binerii atunci c\u00e2nd creeaz\u0103 cilindri pentru bra\u021b. Aceasta include asigurarea faptului c\u0103 garniturile \u0219i alte componente sunt u\u0219or accesibile pentru inspec\u021bie \u0219i \u00eenlocuire. Un cilindru bine proiectat poate reduce considerabil timpii de nefunc\u021bionare \u0219i costurile de \u00eentre\u021binere, \u00eembun\u0103t\u0103\u021bind productivitatea general\u0103.<\/p>\n<p><img decoding=\"async\" src=\"https:\/\/www.hydraulic-cylinders.net\/wp-content\/uploads\/2025\/04\/songte-oil-pipes-and-spare-parts.webp\" alt=\"Piese de \u00eentre\u021binere a cilindrilor hidraulici\" \/><\/p>\n<h2>Etan\u0219area \u0219i lubrifierea cilindrului hidraulic<\/h2>\n<p>Etan\u0219area \u0219i lubrifierea cilindrilor hidraulici sunt cruciale pentru men\u021binerea performan\u021belor optime. Diverse elemente de etan\u0219are, cum ar fi etan\u0219\u0103rile pistonului \u0219i etan\u0219\u0103rile tijei, sunt utilizate pentru a preveni scurgerile \u0219i contaminarea. Garniturile fabricate din materiale durabile, precum poliuretanul \u0219i cauciucul nitrilic, sunt preferate pentru rezisten\u021ba lor la uzur\u0103. \u00cen plus, corpul cilindrului \u0219i capetele filetate sunt prelucrate fin pentru a spori durabilitatea. Lubrifierea regulat\u0103 cu ulei hidraulic este necesar\u0103 pentru a asigura o func\u021bionare lin\u0103 \u0219i a preveni uzura \u00een timp.<\/p>\n<h2>M\u0103suri de \u00eentre\u021binere preventiv\u0103<\/h2>\n<ul>\n<li><strong>Inspec\u021bii regulate:<\/strong> Efectua\u021bi verific\u0103ri de rutin\u0103 pentru a identifica orice semne de uzur\u0103 sau deteriorare. Depistarea timpurie poate preveni defec\u021biuni majore \u0219i poate prelungi durata de via\u021b\u0103 a cilindrului.<\/li>\n<li><strong>Lubrifiere:<\/strong> Asigura\u021bi-v\u0103 c\u0103 nivelurile uleiului hidraulic sunt men\u021binute \u0219i c\u0103 lubrifierea este aplicat\u0103 corespunz\u0103tor pentru a reduce la minimum frecarea \u0219i uzura.<\/li>\n<li><strong>\u00cenlocuirea garniturii:<\/strong> Monitoriza\u021bi garniturile pentru semne de uzur\u0103 \u0219i \u00eenlocui\u021bi-le dup\u0103 cum este necesar pentru a preveni scurgerile de fluid \u0219i a asigura eficien\u021ba.<\/li>\n<\/ul>\n<h2>Instruc\u021biuni de instalare<\/h2>\n<p>Instalarea corect\u0103 a cilindrului bra\u021bului este esen\u021bial\u0103 pentru performan\u021ba \u0219i longevitatea acestuia. \u00cencepe\u021bi prin a v\u0103 asigura c\u0103 toate suprafe\u021bele de montare sunt curate \u0219i f\u0103r\u0103 resturi. Folosi\u021bi console de instalare adecvate pentru a fixa ferm cilindrul. Alinia\u021bi corect cilindrul pentru a evita solicit\u0103rile asupra componentelor \u0219i asigura\u021bi-v\u0103 c\u0103 func\u021bioneaz\u0103 f\u0103r\u0103 probleme, f\u0103r\u0103 obstruc\u021bii. Dup\u0103 instalare, verifica\u021bi din nou toate conexiunile pentru scurgeri \u0219i func\u021bionarea corect\u0103 \u00eenainte de a pune utilajul \u00een func\u021biune.<\/p>\n<h2>Sarcini comune de \u00eentre\u021binere<\/h2>\n<ul>\n<li><strong>Inspec\u021bii regulate:<\/strong> Programa\u021bi inspec\u021bii de rutin\u0103 pentru a detecta din timp orice probleme poten\u021biale. Acestea includ verificarea scurgerilor, asigurarea alinierii corecte \u0219i verificarea integrit\u0103\u021bii etan\u0219\u0103rilor \u0219i conexiunilor.<\/li>\n<li><strong>Lubrifiere adecvat\u0103:<\/strong> Men\u021bine\u021bi niveluri adecvate de ulei hidraulic \u0219i aplica\u021bi lubrifiant pe toate piesele mobile conform recomand\u0103rilor. Acest lucru este esen\u021bial pentru reducerea uzurii \u0219i asigurarea unei func\u021bion\u0103ri line.<\/li>\n<li><strong>\u00cenlocuirea garniturii \u0219i verific\u0103ri ale calibr\u0103rii:<\/strong> \u00cenlocui\u021bi garniturile care prezint\u0103 semne de deteriorare \u0219i efectua\u021bi verific\u0103ri de calibrare pentru a v\u0103 asigura c\u0103 cilindrul func\u021bioneaz\u0103 \u00een parametrii specifica\u021bi. Reglarea corect\u0103 este crucial\u0103 pentru men\u021binerea performan\u021bei optime.<\/li>\n<\/ul>\n<p><img decoding=\"async\" src=\"https:\/\/www.hydraulic-cylinders.net\/wp-content\/uploads\/2025\/04\/songte-chushion-collar.webp\" alt=\"Instalarea corect\u0103 a cilindrului hidraulic\" \/><\/p>\n<h2>Considera\u021bii de siguran\u021b\u0103 \u0219i factori de mediu<\/h2>\n<p>Implementarea m\u0103surilor de siguran\u021b\u0103 la utilizarea componentelor hidraulice este de maxim\u0103 importan\u021b\u0103. Operatorii trebuie s\u0103 fie instrui\u021bi cu privire la practicile de manipulare \u00een siguran\u021b\u0103 \u0219i s\u0103 fie con\u0219tien\u021bi de limitele opera\u021bionale ale utilajelor. \u00cen plus, trebuie acordat\u0103 aten\u021bie impactului fluidelor hidraulice asupra mediului \u0219i elimin\u0103rii oric\u0103ror de\u0219euri pentru a \u00eendeplini cerin\u021bele de reglementare \u0219i a proteja mediul.<\/p>\n<h2>Depanare \u0219i probleme frecvente<\/h2>\n<ul>\n<li><strong>Scurgere:<\/strong> Cauzele frecvente ale scurgerilor includ garniturile uzate sau componentele deteriorate. Inspecta\u021bi garniturile \u0219i \u00eenlocui\u021bi-le dup\u0103 cum este necesar pentru a restabili func\u021bionalitatea.<\/li>\n<li><strong>Pierdere de putere:<\/strong> Dac\u0103 cilindrul bra\u021bului nu r\u0103spunde conform a\u0219tept\u0103rilor, verifica\u021bi nivelurile fluidului hidraulic \u0219i eventualele blocaje din sistem.<\/li>\n<li><strong>Supra\u00eenc\u0103lzire:<\/strong> Monitoriza\u021bi temperatura fluidelor hidraulice; c\u0103ldura excesiv\u0103 poate indica necesitatea unei r\u0103ciri mai bune sau a unei verific\u0103ri a nivelului fluidelor.<\/li>\n<\/ul>\n<h2>Sfaturi pentru gestionarea defec\u021biunilor<\/h2>\n<p>Pentru a diagnostica \u0219i rezolva eficient problemele legate de cilindrul bra\u021bului, operatorii ar trebui s\u0103 urmeze o abordare sistematic\u0103: mai \u00eent\u00e2i, s\u0103 identifice simptomele problemei, apoi s\u0103 evalueze sistemul hidraulic pentru cauze poten\u021biale, cum ar fi scurgeri de fluid sau blocaje. Trebuie luate m\u0103suri preventive pentru a minimiza riscurile, inclusiv \u00eentre\u021binerea regulat\u0103 \u0219i respectarea instruc\u021biunilor opera\u021bionale.<\/p>\n<p><img decoding=\"async\" src=\"https:\/\/www.hydraulic-cylinders.net\/wp-content\/uploads\/2025\/04\/songte-bushings-with-all-kinds-of-excavator-models.webp\" alt=\"Depanarea cilindrului hidraulic\" \/><\/p>\n<h2>Despre compania noastr\u0103<\/h2>\n<p>Suntem un produc\u0103tor \u0219i distribuitor angro de top de cilindri hidraulici de schimb, oferind o gam\u0103 complet\u0103 de produse. Angajamentul nostru fa\u021b\u0103 de excelen\u021ba \u00een calitate \u0219i procesele de fabrica\u021bie ne-a pozi\u021bionat ca un juc\u0103tor important at\u00e2t pe pie\u021bele interne, c\u00e2t \u0219i pe cele interna\u021bionale. Utiliz\u0103m o strategie rafinat\u0103 de management al produc\u021biei, utiliz\u00e2nd personal tehnic calificat, echipamente digitale avansate de fabrica\u021bie \u0219i sisteme profesionale de testare pentru a ne \u00eembun\u0103t\u0103\u021bi platforma de fabrica\u021bie. Capacit\u0103\u021bile noastre ne permit s\u0103 satisfacem diversele nevoi ale clien\u021bilor cu eficien\u021b\u0103, precizie \u0219i calitate ridicate.<\/p>\n<p><img decoding=\"async\" src=\"https:\/\/www.hydraulic-cylinders.net\/wp-content\/uploads\/2025\/04\/songte-company-4.webp\" alt=\"Prezentare general\u0103 a companiei\" \/><br \/>\n<img decoding=\"async\" src=\"https:\/\/www.hydraulic-cylinders.net\/wp-content\/uploads\/2025\/04\/songte-company-3.webp\" alt=\"Facilit\u0103\u021bi de produc\u021bie\" \/><\/p>\n<p>Autor: lyl<\/p>","protected":false},"excerpt":{"rendered":"<p>Boom Cylinder For Kato Small Excavator HD820R820V Introduction to Boom Cylinder The boom cylinder is a critical component in hydraulic systems, especially in heavy machinery like excavators. It plays a vital role in controlling the movement of various attachments, such as buckets, facilitating lifting, lowering, and tilting operations. Designed specifically for machines like the Kato [&hellip;]<\/p>","protected":false},"featured_media":17874,"comment_status":"open","ping_status":"closed","template":"","meta":{"_et_pb_use_builder":"","_et_pb_old_content":"","_et_gb_content_width":""},"product_brand":[],"product_cat":[1546],"product_tag":[1547,1496],"class_list":{"0":"post-19746","1":"product","2":"type-product","3":"status-publish","4":"has-post-thumbnail","6":"product_cat-boom-cylinders","7":"product_tag-boom-cylinders","8":"product_tag-hydraulic-cylinders","10":"first","11":"instock","12":"shipping-taxable","13":"product-type-simple"},"amp_enabled":true,"_links":{"self":[{"href":"https:\/\/www.hydraulic-cylinders.net\/ro\/wp-json\/wp\/v2\/product\/19746","targetHints":{"allow":["GET"]}}],"collection":[{"href":"https:\/\/www.hydraulic-cylinders.net\/ro\/wp-json\/wp\/v2\/product"}],"about":[{"href":"https:\/\/www.hydraulic-cylinders.net\/ro\/wp-json\/wp\/v2\/types\/product"}],"replies":[{"embeddable":true,"href":"https:\/\/www.hydraulic-cylinders.net\/ro\/wp-json\/wp\/v2\/comments?post=19746"}],"wp:featuredmedia":[{"embeddable":true,"href":"https:\/\/www.hydraulic-cylinders.net\/ro\/wp-json\/wp\/v2\/media\/17874"}],"wp:attachment":[{"href":"https:\/\/www.hydraulic-cylinders.net\/ro\/wp-json\/wp\/v2\/media?parent=19746"}],"wp:term":[{"taxonomy":"product_brand","embeddable":true,"href":"https:\/\/www.hydraulic-cylinders.net\/ro\/wp-json\/wp\/v2\/product_brand?post=19746"},{"taxonomy":"product_cat","embeddable":true,"href":"https:\/\/www.hydraulic-cylinders.net\/ro\/wp-json\/wp\/v2\/product_cat?post=19746"},{"taxonomy":"product_tag","embeddable":true,"href":"https:\/\/www.hydraulic-cylinders.net\/ro\/wp-json\/wp\/v2\/product_tag?post=19746"}],"curies":[{"name":"wp","href":"https:\/\/api.w.org\/{rel}","templated":true}]}}