{"id":19747,"date":"2025-04-07T07:05:24","date_gmt":"2025-04-07T07:05:24","guid":{"rendered":"https:\/\/www.hydraulic-cylinders.net\/product\/boom-cylinder-for-kato-small-excavator-hd1220\/"},"modified":"2025-04-07T07:05:26","modified_gmt":"2025-04-07T07:05:26","slug":"boom-cylinder-for-kato-small-excavator-hd1220","status":"publish","type":"product","link":"https:\/\/www.hydraulic-cylinders.net\/ro\/produs\/boom-cylinder-for-kato-small-excavator-hd1220\/","title":{"rendered":"Cilindru de bra\u021b pentru excavatorul mic Kato HD1220"},"content":{"rendered":"<h1>Cilindru de bra\u021b pentru excavatorul mic Kato HD1220<\/h1>\n<h2>Prezentare general\u0103 a produsului<\/h2>\n<p>Cilindrul bra\u021bului pentru excavatorul mic Kato HD1220 este un cilindru hidraulic specializat, conceput pentru a controla mi\u0219carea bra\u021bului diverselor utilaje grele, \u00een special excavatoare. Ace\u0219ti cilindri joac\u0103 un rol esen\u021bial \u00een sistemele hidraulice, permi\u021b\u00e2nd ridicarea, cobor\u00e2rea \u0219i \u00eenclinarea eficient\u0103 a bra\u021bului excavatorului. Func\u021bionalitatea cilindrului bra\u021bului este esen\u021bial\u0103 pentru manipularea eficient\u0103 a materialelor, permi\u021b\u00e2nd operatorilor s\u0103 efectueze sarcini precum s\u0103parea, ridicarea sarcinilor grele \u0219i pozi\u021bionarea precis\u0103 a ata\u0219amentelor.<\/p>\n<p>Ca tip de cilindru hidraulic, cilindrul bra\u021bului este proiectat s\u0103 reziste la presiuni semnificative \u0219i sarcini grele, fiind indispensabil \u00een opera\u021biunile de construc\u021bii \u0219i excavare. Designul s\u0103u asigur\u0103 c\u0103 excavatorul poate func\u021biona lin \u0219i eficient \u00een diverse medii, oferind puterea \u0219i controlul necesare pentru sarcini solicitante.<\/p>\n<p><img decoding=\"async\" src=\"https:\/\/www.hydraulic-cylinders.net\/wp-content\/uploads\/2025\/04\/songte-company-1.webp\" alt=\"Cilindru de bra\u021b pentru excavator\" \/><\/p>\n<h2>Caracteristicile cilindrului bra\u021bului<\/h2>\n<ul>\n<li><strong>Rezisten\u021b\u0103 \u0219i durabilitate ridicate:<\/strong> Construi\u021bi din o\u021bel sau aluminiu de \u00eenalt\u0103 rezisten\u021b\u0103, ace\u0219ti cilindri pot suporta presiuni ridicate \u0219i sarcini grele, ceea ce \u00eei face potrivi\u021bi pentru condi\u021bii dure de lucru. Designul pune accent pe rezisten\u021ba la uzur\u0103 \u0219i protec\u021bia \u00eempotriva coroziunii, ceea ce prelunge\u0219te durata de via\u021b\u0103 a cilindrului.<\/li>\n<li><strong>Func\u021bionare hidraulic\u0103 eficient\u0103:<\/strong> Cilindrul bra\u021bului utilizeaz\u0103 presiunea uleiului hidraulic pentru a realiza o extensie \u0219i retragere lin\u0103, oferind un r\u0103spuns rapid la comenzile de control \u0219i furniz\u00e2nd o for\u021b\u0103 puternic\u0103 de \u00eempingere \u0219i tragere, ideal\u0103 pentru gestionarea sarcinilor grele \u0219i complexe.<\/li>\n<li><strong>Diverse tipuri:<\/strong> Disponibile at\u00e2t \u00een \u200b\u200bmodele cu ac\u021biune simpl\u0103 (folosind puterea hidraulic\u0103 \u00eentr-o singur\u0103 direc\u021bie), c\u00e2t \u0219i \u00een modele cu ac\u021biune dubl\u0103 (folosind puterea hidraulic\u0103 \u00een ambele direc\u021bii), r\u0103spunz\u00e2nd diverselor nevoi opera\u021bionale. Unele modele sunt dotate cu design telescopic care permite o extensie mai mare f\u0103r\u0103 a cre\u0219te dimensiunile exterioare, potrivite pentru aplica\u021bii cu spa\u021biu limitat.<\/li>\n<li><strong>Fabrica\u021bie personalizat\u0103:<\/strong> Compania noastr\u0103 este capabil\u0103 s\u0103 produc\u0103 acest produs, asigur\u00e2ndu-se c\u0103 cilindrii no\u0219tri hidraulici pot \u00eenlocui perfect modelele existente, oferind o integrare perfect\u0103 cu diverse sisteme de excavatoare.<\/li>\n<li><strong>Compatibilitate complet\u0103:<\/strong> Concepu\u021bi pentru a \u00eendeplini cerin\u021bele specifice ale excavatoarelor Kato, cilindrii no\u0219tri de bra\u021b sunt compatibili cu o gam\u0103 larg\u0103 de modele de excavatoare, asigur\u00e2nd performan\u021be \u0219i fiabilitate optime.<\/li>\n<\/ul>\n<p><img decoding=\"async\" src=\"https:\/\/www.hydraulic-cylinders.net\/wp-content\/uploads\/2025\/04\/songte-cylinder-head-with-all-kinds-excavator-models.webp\" alt=\"Compatibilitatea modelelor de excavator\" \/><\/p>\n<h2>Aplica\u021bii ale cilindrului bra\u021bului<\/h2>\n<h3>Echipamente de construc\u021bii<\/h3>\n<p>\u00cen utilajele de construc\u021bii, cilindrul bra\u021bului este vital pentru excavatoare, deoarece permite s\u0103parea, \u00eenc\u0103rcarea \u0219i mutarea p\u0103m\u00e2ntului sau a molozului. Capacitatea cilindrului bra\u021bului de a oferi un control precis asupra mi\u0219c\u0103rii bra\u021bului este esen\u021bial\u0103 pentru executarea eficient\u0103 \u0219i sigur\u0103 a sarcinilor, asigur\u00e2nd c\u0103 materialele pot fi excavate \u0219i transportate rapid.<\/p>\n<h3>Ma\u0219ini agricole<\/h3>\n<p>La \u00eenc\u0103rc\u0103toarele frontale, cilindrii bra\u021bului faciliteaz\u0103 scoaterea, ridicarea \u0219i transportul solului, f\u00e2nului \u0219i altor materiale. Sistemul hidraulic permite o func\u021bionare f\u0103r\u0103 probleme, oferind for\u021ba necesar\u0103 pentru a gestiona eficient sarcinile grele, ceea ce este crucial \u00een mediul agricol.<\/p>\n<h3>Excavatoare<\/h3>\n<p>\u00cen cazul excavatoarelor, cilindrul bra\u021bului este responsabil pentru penetrarea solului, permi\u021b\u00e2nd ac\u021biuni eficiente de s\u0103pare. Designul s\u0103u asigur\u0103 performan\u021be optime, permi\u021b\u00e2nd operatorului s\u0103 ating\u0103 ad\u00e2ncimea \u0219i precizia dorite, minimiz\u00e2nd \u00een acela\u0219i timp perturbarea solului.<\/p>\n<h3>\u00cenc\u0103rc\u0103toare<\/h3>\n<p>La \u00eenc\u0103rc\u0103toarele frontale, cilindrii bra\u021bului contribuie la ridicarea \u0219i desc\u0103rcarea eficient\u0103 a \u00eenc\u0103rc\u0103turilor. Puterea hidraulic\u0103 furnizat\u0103 de ace\u0219ti cilindri permite mi\u0219c\u0103ri rapide de ridicare \u0219i \u00eenclinare, facilit\u00e2nd gestionarea unor volume mari de materiale \u0219i sporind productivitatea general\u0103.<\/p>\n<h2>Considera\u021bii de proiectare \u0219i criterii de selec\u021bie<\/h2>\n<h3>Capacitate de \u00eenc\u0103rcare<\/h3>\n<p>Capacitatea de \u00eenc\u0103rcare a unui cilindru al bra\u021bului este o considera\u021bie critic\u0103 de proiectare. Acesta trebuie s\u0103 poat\u0103 suporta greutatea materialelor manipulate f\u0103r\u0103 a compromite integritatea structural\u0103. Cilindrii de mare capacitate sunt necesari pentru opera\u021biunile care implic\u0103 sarcini grele, iar proiectarea lor trebuie s\u0103 \u021bin\u0103 cont de for\u021bele dinamice \u00eent\u00e2lnite \u00een timpul utiliz\u0103rii. Produc\u0103torii efectueaz\u0103 adesea teste riguroase pentru a se asigura c\u0103 cilindrii pot func\u021biona \u00een condi\u021biile de func\u021bionare a\u0219teptate f\u0103r\u0103 defec\u021biuni.<\/p>\n<h3>Mecanism de etan\u0219are<\/h3>\n<p>Etan\u0219area eficient\u0103 este crucial\u0103 \u00een sistemele hidraulice pentru a preveni scurgerile \u0219i a men\u021bine presiunea. Alegerea materialelor de etan\u0219are, cum ar fi poliuretanul sau cauciucul nitrilic, joac\u0103 un rol semnificativ \u00een performan\u021ba \u0219i longevitatea cilindrului. Etan\u0219\u0103rile adecvate asigur\u0103 c\u0103 fluidul hidraulic r\u0103m\u00e2ne con\u021binut \u00een interiorul cilindrului, permi\u021b\u00e2nd o func\u021bionare eficient\u0103 \u0219i reduc\u00e2nd \u00een acela\u0219i timp nevoile de \u00eentre\u021binere.<\/p>\n<h3>Durabilitate<\/h3>\n<p>Durabilitatea este un factor cheie \u00een proiectarea cilindrilor bra\u021bului. Ace\u0219tia sunt adesea expu\u0219i la condi\u021bii dure, inclusiv temperaturi extreme \u0219i materiale abrazive. Utilizarea materialelor de \u00eenalt\u0103 rezisten\u021b\u0103 \u0219i a acoperirilor avansate poate spori semnificativ durabilitatea acestor cilindri, f\u0103c\u00e2ndu-i potrivi\u021bi pentru utilizarea pe termen lung \u00een medii solicitante.<\/p>\n<h3>Caracteristici de siguran\u021b\u0103<\/h3>\n<p>Siguran\u021ba este primordial\u0103 \u00een proiectarea cilindrilor hidraulici. Caracteristici precum supapele de suprapresiune \u0219i blocajele de siguran\u021b\u0103 pot preveni accidentele cauzate de v\u00e2rfuri bru\u0219te de presiune sau de eliberarea accidental\u0103. Produc\u0103torii trebuie s\u0103 respecte standardele \u0219i reglement\u0103rile de siguran\u021b\u0103 pentru a se asigura c\u0103 produsele lor sunt sigure pentru operatori \u0219i personalul din jur.<\/p>\n<h3>Mentenabilitate<\/h3>\n<p>U\u0219urin\u021ba \u00eentre\u021binerii este o alt\u0103 considera\u021bie critic\u0103 \u00een ceea ce prive\u0219te proiectarea. Cilindrii bra\u021bului ar trebui proiecta\u021bi av\u00e2nd \u00een vedere accesibilitatea, permi\u021b\u00e2nd inspec\u021bia, \u00eenlocuirea \u0219i repararea simpl\u0103 a componentelor. \u00centre\u021binerea regulat\u0103 poate prelungi semnificativ durata de via\u021b\u0103 a cilindrului, iar produc\u0103torii ofer\u0103 adesea instruc\u021biuni pentru a ajuta operatorii s\u0103 \u00ee\u0219i \u00eentre\u021bin\u0103 eficient echipamentele.<\/p>\n<p><img decoding=\"async\" src=\"https:\/\/www.hydraulic-cylinders.net\/wp-content\/uploads\/2025\/04\/songte-oil-pipes-and-spare-parts.webp\" alt=\"Piese hidraulice \u0219i \u00eentre\u021binere\" \/><\/p>\n<h2>Etan\u0219are \u0219i lubrifiere<\/h2>\n<p>Etan\u0219area \u0219i lubrifierea cilindrilor bra\u021bului sunt esen\u021biale pentru func\u021bionarea lor eficient\u0103. Diverse elemente de etan\u0219are, cum ar fi etan\u0219\u0103rile pistonului \u0219i etan\u0219\u0103rile tijei, sunt utilizate pentru a men\u021bine integritatea cilindrului. Etan\u0219\u0103rile fabricate din materiale durabile, precum poliuretanul \u0219i cauciucul nitrilic, sunt selectate pentru rezisten\u021ba lor la abraziune \u0219i longevitatea lor. Corpul cilindrului \u0219i capetele filetate sunt supuse unor prelucr\u0103ri de precizie pentru a le spori rezisten\u021ba la uzur\u0103, rezult\u00e2nd o performan\u021b\u0103 \u00eembun\u0103t\u0103\u021bit\u0103 \u00een condi\u021bii de func\u021bionare.<\/p>\n<p>Lubrifierea regulat\u0103 cu ulei hidraulic este crucial\u0103 pentru a asigura o func\u021bionare lin\u0103 \u0219i a preveni uzura intern\u0103. Operatorii trebuie s\u0103 respecte un program de \u00eentre\u021binere care include verificarea \u0219i completarea nivelului de ulei hidraulic pentru a evita defec\u021biunile opera\u021bionale.<\/p>\n<h2>M\u0103suri de \u00eentre\u021binere preventiv\u0103<\/h2>\n<ul>\n<li><strong>Inspec\u021bii regulate:<\/strong> Efectua\u021bi verific\u0103ri de rutin\u0103 ale cilindrului bra\u021bului pentru a depista semne de uzur\u0103, deteriorare sau scurgeri. Depistarea timpurie poate preveni defec\u021biuni majore.<\/li>\n<li><strong>Lubrifiere adecvat\u0103:<\/strong> Asigura\u021bi-v\u0103 c\u0103 cilindrul este lubrifiat corespunz\u0103tor pentru a minimiza frecarea \u0219i uzura. Folosi\u021bi uleiul hidraulic recomandat \u0219i men\u021bine\u021bi niveluri optime de ulei.<\/li>\n<li><strong>\u00cenlocuirea garniturii:<\/strong> Monitoriza\u021bi garniturile pentru semne de uzur\u0103 \u0219i \u00eenlocui\u021bi-le dup\u0103 cum este necesar pentru a preveni scurgerile \u0219i a men\u021bine presiunea hidraulic\u0103.<\/li>\n<\/ul>\n<h2>Instruc\u021biuni de instalare<\/h2>\n<p>Instalarea cilindrului bra\u021bului pentru excavatorul mic Kato HD1220 necesit\u0103 precizie \u0219i grij\u0103 pentru a asigura performan\u021be optime. \u00cencepe\u021bi prin a v\u0103 asigura c\u0103 punctele de montare ale excavatorului sunt curate \u0219i f\u0103r\u0103 resturi. Alinia\u021bi cilindrul corect pentru a evita nealinierea \u00een timpul func\u021bion\u0103rii. Se recomand\u0103 utilizarea consolelor de montare adecvate pentru a fixa cilindrul \u00een siguran\u021b\u0103.<\/p>\n<p>\u00cenainte de finalizarea instal\u0103rii, verifica\u021bi de dou\u0103 ori dac\u0103 toate conexiunile sunt str\u00e2nse \u0219i dac\u0103 conductele hidraulice sunt conectate corect pentru a preveni scurgerile. Dup\u0103 instalare, testa\u021bi cilindrul sub sarcin\u0103 pentru a v\u0103 asigura c\u0103 func\u021bioneaz\u0103 f\u0103r\u0103 probleme \u0219i f\u0103r\u0103 probleme. Urma\u021bi instruc\u021biunile produc\u0103torului pentru instalare pentru a asigura siguran\u021ba \u0219i fiabilitatea.<\/p>\n<h2>Sarcini comune de \u00eentre\u021binere<\/h2>\n<h3>Inspec\u021bii regulate<\/h3>\n<p>Inspec\u021biile frecvente ale cilindrului bra\u021bului sunt vitale pentru identificarea poten\u021bialelor probleme \u00eenainte ca acestea s\u0103 se agraveze. Inspecta\u021bi pentru semne de uzur\u0103 sau deteriorare \u0219i asigura\u021bi-v\u0103 c\u0103 toate componentele func\u021bioneaz\u0103 corect. Verific\u0103rile regulate ajut\u0103 la men\u021binerea eficien\u021bei opera\u021bionale a cilindrului.<\/p>\n<h3>Lubrifiere adecvat\u0103<\/h3>\n<p>Lubrifierea este crucial\u0103 pentru reducerea frec\u0103rii \u0219i uzurii din sistemul hidraulic. Verifica\u021bi periodic nivelurile de ulei hidraulic \u0219i completa\u021bi-le dup\u0103 cum este necesar pentru a asigura o func\u021bionare f\u0103r\u0103 probleme. Neglijarea lubrifierii poate duce la uzur\u0103 prematur\u0103 \u0219i la defectarea componentelor.<\/p>\n<h3>\u00cenlocuirea garniturii \u0219i verific\u0103ri ale calibr\u0103rii<\/h3>\n<p>Garniturile trebuie inspectate periodic \u0219i \u00eenlocuite, dup\u0103 cum este necesar, pentru a preveni scurgerile de fluid hidraulic. Verific\u0103rile de calibrare sunt esen\u021biale pentru a asigura func\u021bionarea cilindrului \u00een parametrii specifica\u021bi. Sistemele calibrate corespunz\u0103tor asigur\u0103 o func\u021bionare fiabil\u0103, reduc\u00e2nd la minimum riscul de defec\u021biune.<\/p>\n<p><img decoding=\"async\" src=\"https:\/\/www.hydraulic-cylinders.net\/wp-content\/uploads\/2025\/04\/songte-chushion-collar.webp\" alt=\"Instalarea \u0219i \u00eentre\u021binerea cilindrilor\" \/><\/p>\n<h2>Considera\u021bii de siguran\u021b\u0103 \u0219i factori de mediu<\/h2>\n<p>Atunci c\u00e2nd se utilizeaz\u0103 cilindri hidraulici, respectarea m\u0103surilor de siguran\u021b\u0103 este crucial\u0103 pentru a preveni accidentele \u0219i v\u0103t\u0103m\u0103rile corporale. Asigura\u021bi-v\u0103 \u00eentotdeauna c\u0103 echipamentul este \u00eentre\u021binut corespunz\u0103tor \u0219i c\u0103 operatorii sunt instrui\u021bi cu privire la practicile de manipulare \u00een siguran\u021b\u0103. Factorii de mediu, cum ar fi expunerea la condi\u021bii meteorologice dure sau materiale corozive, trebuie, de asemenea, lua\u021bi \u00een considerare \u00een timpul func\u021bion\u0103rii \u0219i \u00eentre\u021binerii pentru a asigura longevitatea echipamentului.<\/p>\n<h2>Depanare \u0219i probleme frecvente<\/h2>\n<ul>\n<li><strong>Scurgere:<\/strong> Dac\u0103 observa\u021bi scurgeri de fluid hidraulic din cilindru, verifica\u021bi garniturile \u0219i conexiunile. \u00cenlocui\u021bi garniturile uzate \u0219i str\u00e2nge\u021bi fitingurile sl\u0103bite.<\/li>\n<li><strong>Func\u021bionare lent\u0103:<\/strong> Dac\u0103 cilindrul r\u0103spunde lent, verifica\u021bi nivelurile fluidului hidraulic \u0219i asigura\u021bi-v\u0103 c\u0103 nu exist\u0103 blocaje \u00een conductele hidraulice.<\/li>\n<li><strong>Zgomote neobi\u0219nuite:<\/strong> Orice sunete ciudate \u00een timpul func\u021bion\u0103rii pot indica defec\u021biuni interne. Opri\u021bi imediat utilizarea \u0219i efectua\u021bi o inspec\u021bie am\u0103nun\u021bit\u0103.<\/li>\n<\/ul>\n<h2>Sfaturi de depanare<\/h2>\n<p>Pentru a depana eficient problemele legate de cilindrul bra\u021bului, \u00eencepe\u021bi cu o inspec\u021bie vizual\u0103 pentru a identifica orice semne evidente de deteriorare sau uzur\u0103. \u00centre\u021binerea regulat\u0103 \u0219i respectarea m\u0103surilor preventive pot reduce semnificativ riscul apari\u021biei problemelor. Pentru probleme persistente, consulta\u021bi specifica\u021biile produc\u0103torului pentru procedurile de diagnosticare \u0219i nu ezita\u021bi s\u0103 contacta\u021bi profesioni\u0219ti pentru asisten\u021b\u0103.<\/p>\n<p><img decoding=\"async\" src=\"https:\/\/www.hydraulic-cylinders.net\/wp-content\/uploads\/2025\/04\/songte-bushings-with-all-kinds-of-excavator-models.webp\" alt=\"Depanarea cilindrului hidraulic\" \/><\/p>\n<h2>Despre compania noastr\u0103<\/h2>\n<p>Suntem un produc\u0103tor important de cilindri hidraulici de schimb, cu o gam\u0103 larg\u0103 de produse care ne-a consacrat ca unul dintre cei mai importan\u021bi produc\u0103tori \u0219i distribuitori angro at\u00e2t pe pie\u021bele interne, c\u00e2t \u0219i pe cele interna\u021bionale. Angajamentul nostru fa\u021b\u0103 de excelen\u021b\u0103 este evident \u00een strategiile noastre rafinate de management al produc\u021biei, care valorific\u0103 tehnologii avansate de fabrica\u021bie \u0219i sisteme de control al calit\u0103\u021bii.<\/p>\n<p>For\u021ba noastr\u0103 de munc\u0103 este format\u0103 din profesioni\u0219ti califica\u021bi, dedica\u021bi inova\u021biei \u0219i calit\u0103\u021bii, asigur\u00e2ndu-ne c\u0103 satisfacem \u00een mod constant diversele nevoi ale clien\u021bilor. Concentr\u00e2ndu-ne pe eficien\u021b\u0103 ridicat\u0103, precizie \u0219i calitate, suntem preg\u0103ti\u021bi s\u0103 oferim solu\u021bii personalizate care s\u0103 \u00eembun\u0103t\u0103\u021beasc\u0103 performan\u021ba opera\u021bional\u0103.<\/p>\n<p><img decoding=\"async\" src=\"https:\/\/www.hydraulic-cylinders.net\/wp-content\/uploads\/2025\/04\/songte-company-4.webp\" alt=\"Prezentare general\u0103 a companiei\" \/><br \/>\n<img decoding=\"async\" src=\"https:\/\/www.hydraulic-cylinders.net\/wp-content\/uploads\/2025\/04\/songte-company-3.webp\" alt=\"Facilitatea noastr\u0103 de produc\u021bie\" \/><\/p>\n<p>Autor: lyl<\/p>","protected":false},"excerpt":{"rendered":"<p>Boom Cylinder For Kato Small Excavator HD1220 Product Overview The Boom Cylinder for Kato Small Excavator HD1220 is a specialized hydraulic cylinder designed to control the movement of the boom on various heavy machinery, particularly excavators. These cylinders play a critical role in hydraulic systems, allowing for the effective lifting, lowering, and tilting of the [&hellip;]<\/p>","protected":false},"featured_media":17875,"comment_status":"open","ping_status":"closed","template":"","meta":{"_et_pb_use_builder":"","_et_pb_old_content":"","_et_gb_content_width":""},"product_brand":[],"product_cat":[1546],"product_tag":[1547,1496],"class_list":{"0":"post-19747","1":"product","2":"type-product","3":"status-publish","4":"has-post-thumbnail","6":"product_cat-boom-cylinders","7":"product_tag-boom-cylinders","8":"product_tag-hydraulic-cylinders","10":"first","11":"instock","12":"shipping-taxable","13":"product-type-simple"},"amp_enabled":true,"_links":{"self":[{"href":"https:\/\/www.hydraulic-cylinders.net\/ro\/wp-json\/wp\/v2\/product\/19747","targetHints":{"allow":["GET"]}}],"collection":[{"href":"https:\/\/www.hydraulic-cylinders.net\/ro\/wp-json\/wp\/v2\/product"}],"about":[{"href":"https:\/\/www.hydraulic-cylinders.net\/ro\/wp-json\/wp\/v2\/types\/product"}],"replies":[{"embeddable":true,"href":"https:\/\/www.hydraulic-cylinders.net\/ro\/wp-json\/wp\/v2\/comments?post=19747"}],"wp:featuredmedia":[{"embeddable":true,"href":"https:\/\/www.hydraulic-cylinders.net\/ro\/wp-json\/wp\/v2\/media\/17875"}],"wp:attachment":[{"href":"https:\/\/www.hydraulic-cylinders.net\/ro\/wp-json\/wp\/v2\/media?parent=19747"}],"wp:term":[{"taxonomy":"product_brand","embeddable":true,"href":"https:\/\/www.hydraulic-cylinders.net\/ro\/wp-json\/wp\/v2\/product_brand?post=19747"},{"taxonomy":"product_cat","embeddable":true,"href":"https:\/\/www.hydraulic-cylinders.net\/ro\/wp-json\/wp\/v2\/product_cat?post=19747"},{"taxonomy":"product_tag","embeddable":true,"href":"https:\/\/www.hydraulic-cylinders.net\/ro\/wp-json\/wp\/v2\/product_tag?post=19747"}],"curies":[{"name":"wp","href":"https:\/\/api.w.org\/{rel}","templated":true}]}}