{"id":19979,"date":"2025-04-21T01:11:28","date_gmt":"2025-04-21T01:11:28","guid":{"rendered":"https:\/\/www.hydraulic-cylinders.net\/?post_type=product&#038;p=19979"},"modified":"2025-04-21T03:47:37","modified_gmt":"2025-04-21T03:47:37","slug":"top-link-hydraulic-cylinder","status":"publish","type":"product","link":"https:\/\/www.hydraulic-cylinders.net\/ro\/produs\/top-link-hydraulic-cylinder\/","title":{"rendered":"Cilindru hidraulic Top Link"},"content":{"rendered":"<h1 style=\"text-align: center;\"><strong>Cilindru hidraulic Top Link<\/strong><\/h1>\n<p><img loading=\"lazy\" decoding=\"async\" class=\"aligncenter wp-image-19981\" src=\"https:\/\/www.hydraulic-cylinders.net\/wp-content\/uploads\/2025\/04\/top-link-hydraulic-cylinder-product-2.webp\" alt=\"Cilindru hidraulic Top Link \" width=\"500\" height=\"500\" srcset=\"https:\/\/www.hydraulic-cylinders.net\/wp-content\/uploads\/2025\/04\/top-link-hydraulic-cylinder-product-2.webp 500w, https:\/\/www.hydraulic-cylinders.net\/wp-content\/uploads\/2025\/04\/top-link-hydraulic-cylinder-product-2-480x480.webp 480w\" sizes=\"(min-width: 0px) and (max-width: 480px) 480px, (min-width: 481px) 500px, 100vw\" \/><\/p>\n<p>Cilindrul nostru hidraulic pentru tractoare cu cuplare superioar\u0103 este proiectat pentru o integrare perfect\u0103 cu sistemele de cuplare \u00een trei puncte, oferind un control precis pentru uneltele agricole. Conceput\u0103 pentru a spori eficien\u021ba, aceast\u0103 solu\u021bie hidraulic\u0103 ajusteaz\u0103 cu precizie plugurile, sem\u0103n\u0103toarele \u0219i cositoarele, fiind ideal\u0103 pentru arat, sem\u0103nat direct \u0219i gestionarea paji\u0219tilor.<\/p>\n<p>Este construit din materiale de \u00eenalt\u0103 rezisten\u021b\u0103 \u0219i asigur\u0103 durabilitate \u00een medii agricole dificile, cum ar fi c\u00e2mpurile noroioase sau umede. Indiferent dac\u0103 optimiza\u021bi plasarea semin\u021belor \u00een agricultura durabil\u0103 sau gestiona\u021bi opera\u021biunile de p\u0103\u0219unat, cilindrul nostru hidraulic cu leg\u0103tura superioar\u0103 ofer\u0103 performan\u021be fiabile pentru a cre\u0219te productivitatea \u00een diverse aplica\u021bii agricole.<\/p>\n<h2><strong>Parametrul cilindrului hidraulic Top Link:<img loading=\"lazy\" decoding=\"async\" class=\"wp-image-19983 aligncenter\" src=\"https:\/\/www.hydraulic-cylinders.net\/wp-content\/uploads\/2025\/04\/top-link-hydraulic-cylinder-product-1-1.webp\" alt=\"Cilindru hidraulic Top Link\" width=\"500\" height=\"500\" srcset=\"https:\/\/www.hydraulic-cylinders.net\/wp-content\/uploads\/2025\/04\/top-link-hydraulic-cylinder-product-1-1.webp 500w, https:\/\/www.hydraulic-cylinders.net\/wp-content\/uploads\/2025\/04\/top-link-hydraulic-cylinder-product-1-1-480x480.webp 480w\" sizes=\"(min-width: 0px) and (max-width: 480px) 480px, (min-width: 481px) 500px, 100vw\" \/><\/strong><\/h2>\n<p><img loading=\"lazy\" decoding=\"async\" class=\"size-full wp-image-19984 aligncenter\" src=\"https:\/\/www.hydraulic-cylinders.net\/wp-content\/uploads\/2025\/04\/top-link-hydraulic-cylinder-parameter.webp\" alt=\"\" width=\"718\" height=\"458\" srcset=\"https:\/\/www.hydraulic-cylinders.net\/wp-content\/uploads\/2025\/04\/top-link-hydraulic-cylinder-parameter.webp 718w, https:\/\/www.hydraulic-cylinders.net\/wp-content\/uploads\/2025\/04\/top-link-hydraulic-cylinder-parameter-480x306.webp 480w\" sizes=\"(min-width: 0px) and (max-width: 480px) 480px, (min-width: 481px) 718px, 100vw\" \/><\/p>\n<table class=\"all magic-6\">\n<tbody>\n<tr>\n<td colspan=\"1\" rowspan=\"1\">\n<div class=\"magic-7\"><b>Nume produs<\/b><\/div>\n<\/td>\n<td colspan=\"1\" rowspan=\"1\">\n<div class=\"magic-8\">Cilindru de leg\u0103tur\u0103 superioar\u0103<\/div>\n<\/td>\n<\/tr>\n<tr>\n<td colspan=\"1\" rowspan=\"1\">\n<div class=\"magic-9\"><b>Certificare<\/b><\/div>\n<\/td>\n<td colspan=\"1\" rowspan=\"1\">\n<div class=\"magic-10\">ISO9001:2000<\/div>\n<\/td>\n<\/tr>\n<tr>\n<td colspan=\"1\" rowspan=\"1\">\n<div class=\"magic-11\"><b>Dimensiunea alezajului<\/b><\/div>\n<\/td>\n<td colspan=\"1\" rowspan=\"1\">\n<div class=\"magic-12\">2-6 inci<\/div>\n<\/td>\n<\/tr>\n<tr>\n<td colspan=\"1\" rowspan=\"1\">\n<div class=\"magic-11\"><b>Dimensiunea tijei<\/b><\/div>\n<\/td>\n<td colspan=\"1\" rowspan=\"1\">\n<div class=\"magic-12\">1,125-4 inch<\/div>\n<\/td>\n<\/tr>\n<tr>\n<td colspan=\"1\" rowspan=\"1\">\n<div class=\"magic-11\"><b>Dimensiunea conturului<\/b><\/div>\n<\/td>\n<td colspan=\"1\" rowspan=\"1\">\n<div class=\"magic-12\">4-100 inci<\/div>\n<\/td>\n<\/tr>\n<tr>\n<td colspan=\"1\" rowspan=\"1\">\n<div class=\"magic-11\"><b>Dimensiunea pinului<\/b><\/div>\n<\/td>\n<td colspan=\"1\" rowspan=\"1\">\n<div class=\"magic-12\">0,5-2 inci<\/div>\n<\/td>\n<\/tr>\n<tr>\n<td colspan=\"1\" rowspan=\"1\">\n<div class=\"magic-11\"><b>Porturi<\/b><\/div>\n<\/td>\n<td colspan=\"1\" rowspan=\"1\">\n<div class=\"magic-12\" data-spm-anchor-id=\"a2700.details-description.0.i0.3642vGtMvGtMlh\">G\/SAE\/NPT\/M<\/div>\n<\/td>\n<\/tr>\n<\/tbody>\n<\/table>\n<div><\/div>\n<h2><strong>Avantajele cilindrului hidraulic Top Link:<\/strong><\/h2>\n<div>\n<p class=\"break-words\" dir=\"auto\"><strong>Control precis al ad\u00e2ncimii \u0219i unghiului<\/strong>Cilindrii hidraulici ai bra\u021belor superioare ofer\u0103 precizie hidraulic\u0103 pentru reglarea implementelor tractorului, cum ar fi plugurile \u0219i sem\u0103n\u0103toarele, asigur\u00e2nd o ad\u00e2ncime \u0219i un unghi constant. Aceast\u0103 precizie \u00eembun\u0103t\u0103\u021be\u0219te preg\u0103tirea solului \u0219i plasarea semin\u021belor, duc\u00e2nd la o cre\u0219tere uniform\u0103 a culturilor \u0219i la randamente mai mari.<\/p>\n<p class=\"break-words\" dir=\"auto\"><strong>Design robust \u0219i durabil<\/strong>Construi\u021bi din o\u021bel de \u00eenalt\u0103 rezisten\u021b\u0103 \u0219i acoperiri rezistente la coroziune, ace\u0219ti cilindri sunt proiecta\u021bi s\u0103 reziste la medii agricole dure, cum ar fi c\u00e2mpuri noroioase, condi\u021bii umede \u0219i soluri abrazive, asigur\u00e2nd fiabilitate de lung\u0103 durat\u0103.<\/p>\n<p class=\"break-words\" dir=\"auto\"><strong>Func\u021bionare flexibil\u0103 \u0219i versatil\u0103<\/strong>\uff1a Cu func\u021bionalitate cu dubl\u0103 ac\u021biune, cilindrii hidraulici ai bra\u021belor superioare ofer\u0103 mi\u0219c\u0103ri line de \u00eempingere \u0219i tragere, permi\u021b\u00e2nd fermierilor s\u0103 ajusteze dinamic implementele pentru sarcini precum arat, sem\u0103nat direct \u0219i gestionarea paji\u0219tilor cu u\u0219urin\u021b\u0103.<\/p>\n<p class=\"break-words\" dir=\"auto\"><strong>Compact \u0219i eficient din punct de vedere al spa\u021biului<\/strong>Proiectate pentru a se integra perfect \u00een sistemele de cuplare \u00een trei puncte ale tractorului, designul lor compact asigur\u0103 o instalare \u0219i o operare u\u0219oar\u0103, chiar \u0219i \u00een spa\u021bii \u00eenguste, f\u0103r\u0103 a sacrifica performan\u021ba sau manevrabilitatea.<\/p>\n<p class=\"break-words\" dir=\"auto\"><strong>Eficien\u021ba timpului \u0219i a for\u021bei de munc\u0103<\/strong>\uff1a Permi\u021b\u00e2nd ajust\u0103ri rapide \u0219i precise, cilindrii hidraulici ai tirantului superior reduc necesitatea interven\u021biei manuale, economisind timp \u0219i efort fermierilor \u00een timpul sarcinilor solicitante, cum ar fi preg\u0103tirea terenului, sem\u0103natul \u0219i recoltarea f\u00e2nului.<\/p>\n<p class=\"break-words\" dir=\"auto\"><strong>Compatibilitate personalizabil\u0103<\/strong>Disponibili \u00een modele personalizate, ace\u0219ti cilindri pot fi personaliza\u021bi pentru a se potrivi diverselor modele de tractoare \u0219i utilaje, asigur\u00e2nd o compatibilitate perfect\u0103 pentru diverse aplica\u021bii agricole, de la ferme mici la opera\u021biuni la scar\u0103 larg\u0103.<\/p>\n<\/div>\n<h2><strong>Aplica\u021bie cilindru hidraulic Top Link:<\/strong><\/h2>\n<p><img loading=\"lazy\" decoding=\"async\" class=\"alignnone size-full wp-image-19967\" src=\"https:\/\/www.hydraulic-cylinders.net\/wp-content\/uploads\/2025\/04\/top-link-hydraulic-cylinder-application-scaled.webp\" alt=\"Aplica\u021bie cilindru hidraulic Top Link\" width=\"2560\" height=\"1440\" srcset=\"https:\/\/www.hydraulic-cylinders.net\/wp-content\/uploads\/2025\/04\/top-link-hydraulic-cylinder-application-scaled.webp 2560w, https:\/\/www.hydraulic-cylinders.net\/wp-content\/uploads\/2025\/04\/top-link-hydraulic-cylinder-application-1280x720.webp 1280w, https:\/\/www.hydraulic-cylinders.net\/wp-content\/uploads\/2025\/04\/top-link-hydraulic-cylinder-application-980x551.webp 980w, https:\/\/www.hydraulic-cylinders.net\/wp-content\/uploads\/2025\/04\/top-link-hydraulic-cylinder-application-480x270.webp 480w\" sizes=\"(min-width: 0px) and (max-width: 480px) 480px, (min-width: 481px) and (max-width: 980px) 980px, (min-width: 981px) and (max-width: 1280px) 1280px, (min-width: 1281px) 2560px, 100vw\" \/><\/p>\n<h4><strong>Reglarea cuplului \u00een trei puncte al tractorului<\/strong>:<\/h4>\n<div>\n<p>Cilindrii no\u0219tri hidraulici cu leg\u0103tur\u0103 superioar\u0103 permit reglaje precise ale implementelor tractorului, cum ar fi plugurile \u0219i sem\u0103n\u0103toarele, asigur\u00e2nd o ad\u00e2ncime \u0219i un unghi constant pentru o arat \u0219i o sem\u0103nat eficiente, chiar \u0219i \u00een condi\u021bii dificile de teren, cum ar fi teren accidentat sau sol st\u00e2ncos. Aceast\u0103 precizie minimizeaz\u0103 variabilitatea culturilor, \u00eembun\u0103t\u0103\u021be\u0219te preg\u0103tirea solului \u0219i, \u00een cele din urm\u0103, cre\u0219te randamentele sezon dup\u0103 sezon.<\/p>\n<h4><strong>Controlul ad\u00e2ncimii de sem\u0103nat f\u0103r\u0103 ar\u0103tur\u0103<\/strong>:<\/h4>\n<p>Cilindrul hidraulic al bra\u021bului superior pentru sem\u0103natul direct ofer\u0103 o reglare precis\u0103 a ad\u00e2ncimii, reduc\u00e2nd la minimum perturbarea solului \u0219i optimiz\u00e2nd plasarea semin\u021belor pentru culturi precum porumbul \u0219i soia. Perfect pentru agricultura durabil\u0103, acesta ajut\u0103 la men\u021binerea umidit\u0103\u021bii solului, reduce eroziunea \u0219i promoveaz\u0103 sisteme radiculare mai s\u0103n\u0103toase pentru o rezisten\u021b\u0103 \u0219i o cre\u0219tere mai bune ale culturilor.<\/p>\n<h4><strong>Gestionarea paji\u0219tilor \u0219i recoltarea f\u00e2nului<\/strong>:<\/h4>\n<p>Concepu\u021bi pentru ma\u0219ini de tuns iarba \u0219i prese de balotat, cilindrii no\u0219tri hidraulici cu leg\u0103tura superioar\u0103 ajusteaz\u0103 \u00een\u0103l\u021bimile de t\u0103iere cu precizie, oferind rezultate uniforme \u00een opera\u021biunile de p\u0103\u0219unat \u0219i produc\u021bia de f\u00e2n pe diverse terenuri. Acest lucru asigur\u0103 furaje de \u00eenalt\u0103 calitate, reduce solicitarea echipamentului \u0219i economise\u0219te timp valoros \u00een perioadele de v\u00e2rf de recoltare.<\/p>\n<h4><strong>Transport pe teren \u0219i pozi\u021bionarea implementelor<\/strong>:<\/h4>\n<p>\u00cen timpul transportului pe c\u00e2mp, cilindrii no\u0219tri hidraulici cu leg\u0103tur\u0103 superioar\u0103 pentru tractoare ridic\u0103 implementele pentru a evita obstacole precum pietre sau \u0219an\u021buri, oferind o pozi\u021bionare flexibil\u0103 pentru a \u00eembun\u0103t\u0103\u021bi manevrabilitatea \u0219i a proteja echipamentele valoroase. Acest control perfect permite fermierilor s\u0103 treac\u0103 rapid de la o sarcin\u0103 la alta, \u00eembun\u0103t\u0103\u021bind eficien\u021ba opera\u021bional\u0103 general\u0103.<\/p>\n<\/div>\n<h2><strong>Cum poate un cilindru hidraulic Top Link s\u0103 \u00eembun\u0103t\u0103\u021beasc\u0103 eficien\u021ba sem\u0103n\u0103rii f\u0103r\u0103 ar\u0103tur\u0103 pe teren denivelat?<\/strong><\/h2>\n<p>Un cilindru hidraulic cu bra\u021b superior pentru sem\u0103nat direct revolu\u021bioneaz\u0103 eficien\u021ba, oferind un control al ad\u00e2ncimii de neegalat pentru sem\u0103n\u0103tori, chiar \u0219i pe terenuri neuniforme, cum ar fi pante abrupte, zone st\u00e2ncoase sau sol compactat. Imagina\u021bi-v\u0103 un cultivator de soia din Midwest care se confrunt\u0103 cu un c\u00e2mp deluros - cilindrul nostru hidraulic cu bra\u021b superior asigur\u0103 plasarea semin\u021belor la o ad\u00e2ncime constant\u0103 de 2-5 cm pentru culturi precum porumb \u0219i soia, promov\u00e2nd germinarea uniform\u0103 \u0219i dezvoltarea robust\u0103 a r\u0103d\u0103cinilor. Func\u021bionalitatea sa cu ac\u021biune dubl\u0103 permite ajust\u0103ri f\u0103r\u0103 probleme de \u00eempingere \u0219i tragere, adapt\u00e2ndu-se instantaneu la schimb\u0103rile de teren, f\u0103r\u0103 a se opri pentru a regla manual set\u0103rile.<\/p>\n<p>Aceasta \u00eenseamn\u0103 mai pu\u021bin timp de nefunc\u021bionare \u00een timpul perioadelor de sem\u0103nare str\u00e2nse, economisind ore \u00eentregi pe c\u00e2mp. Prin minimizarea perturb\u0103rilor solului, cilindrul hidraulic al bra\u021bului superior pentru tractoare p\u0103streaz\u0103, de asemenea, structura solului, \u00eembun\u0103t\u0103\u021be\u0219te reten\u021bia umidit\u0103\u021bii \u0219i reduce eroziunea, promov\u00e2nd practici agricole durabile care duc la culturi mai s\u0103n\u0103toase \u0219i randamente mai mari \u00een timp. Fermierii pot aborda cu \u00eencredere peisaje dificile, \u0219tiind c\u0103 echipamentele lor sunt protejate \u0219i c\u0103 opera\u021biunile lor sunt optimizate pentru o productivitate maxim\u0103.<\/p>\n<h2><strong>Zona de produc\u021bie a cilindrilor hidraulici:<\/strong><\/h2>\n<h2><img loading=\"lazy\" decoding=\"async\" class=\"alignnone size-full wp-image-16972\" src=\"https:\/\/www.hydraulic-cylinders.net\/wp-content\/uploads\/2025\/01\/hydraulic-cylinder-factory-1-scaled.webp\" sizes=\"(min-width: 0px) and (max-width: 480px) 480px, (min-width: 481px) and (max-width: 980px) 980px, (min-width: 981px) and (max-width: 1280px) 1280px, (min-width: 1281px) 2016px, 100vw\" srcset=\"https:\/\/www.hydraulic-cylinders.net\/wp-content\/uploads\/2025\/01\/hydraulic-cylinder-factory-1-scaled.webp 2016w, https:\/\/www.hydraulic-cylinders.net\/wp-content\/uploads\/2025\/01\/hydraulic-cylinder-factory-1-1280x1625.webp 1280w, https:\/\/www.hydraulic-cylinders.net\/wp-content\/uploads\/2025\/01\/hydraulic-cylinder-factory-1-980x1244.webp 980w, https:\/\/www.hydraulic-cylinders.net\/wp-content\/uploads\/2025\/01\/hydraulic-cylinder-factory-1-480x610.webp 480w\" alt=\"\" width=\"2016\" height=\"2560\" \/><\/h2>\n<p>Avem o platform\u0103 independent\u0103 de cercetare \u0219i dezvoltare de prim\u0103 clas\u0103 pentru asamblare. Atelierul de produc\u021bie a cilindrilor pentru stivuitoare are patru linii de asamblare semiautomate pentru cilindri de ridicare \u0219i o linie de asamblare complet automat\u0103 pentru cilindri \u00eenclina\u021bi, cu o capacitate anual\u0103 de produc\u021bie proiectat\u0103 de milioane de buc\u0103\u021bi. Atelierul special pentru cilindri are sisteme semiautomate de cur\u0103\u021bare \u0219i asamblare cu diverse specifica\u021bii, cu o capacitate anual\u0103 de produc\u021bie proiectat\u0103 de 200.000 de buc\u0103\u021bi. Este echipat cu echipamente de prelucrare CNC de marc\u0103 renumit\u0103, centre de prelucrare, echipamente speciale pentru prelucrarea cilindrilor de \u00eenalt\u0103 precizie, ma\u0219ini de sudur\u0103 robotizate, ma\u0219ini de cur\u0103\u021bare automat\u0103, ma\u0219ini automate de asamblare a cilindrilor \u0219i linii automate de produc\u021bie a vopselei. Avem peste 300 de seturi de echipamente cheie \u00een func\u021biune. Alocarea optimizat\u0103 \u0219i utilizarea eficient\u0103 a resurselor echipamentelor asigur\u0103 cerin\u021bele de precizie ale produselor \u0219i \u00eendeplinesc cerin\u021bele de calitate \u00eenalte ale produselor.<\/p>\n<p>Atelierul de prelucrare este echipat cu centre de strunjire cu ghidaj \u00eenclinat, centre de prelucrare, ma\u0219ini de honuit de mare vitez\u0103, robo\u021bi de sudur\u0103 \u0219i alte echipamente relevante, care pot gestiona lucr\u0103rile de prelucrare a \u021bevilor cilindrice cu un diametru interior maxim de 400 mm \u0219i o lungime maxim\u0103 de 6 metri.<\/p>\n<h2><img loading=\"lazy\" decoding=\"async\" class=\"alignnone size-full wp-image-16973\" src=\"https:\/\/www.hydraulic-cylinders.net\/wp-content\/uploads\/2025\/01\/hydraulic-cylinder-factory-2-scaled.webp\" sizes=\"(min-width: 0px) and (max-width: 480px) 480px, (min-width: 481px) and (max-width: 980px) 980px, (min-width: 981px) and (max-width: 1280px) 1280px, (min-width: 1281px) 2011px, 100vw\" srcset=\"https:\/\/www.hydraulic-cylinders.net\/wp-content\/uploads\/2025\/01\/hydraulic-cylinder-factory-2-scaled.webp 2011w, https:\/\/www.hydraulic-cylinders.net\/wp-content\/uploads\/2025\/01\/hydraulic-cylinder-factory-2-1280x1629.webp 1280w, https:\/\/www.hydraulic-cylinders.net\/wp-content\/uploads\/2025\/01\/hydraulic-cylinder-factory-2-980x1248.webp 980w, https:\/\/www.hydraulic-cylinders.net\/wp-content\/uploads\/2025\/01\/hydraulic-cylinder-factory-2-480x611.webp 480w\" alt=\"\" width=\"2011\" height=\"2560\" \/><\/h2>\n<p>Avem o linie de vopsire pe baz\u0103 de ap\u0103 complet automat\u0103 pentru cilindri mici \u0219i medii, care realizeaz\u0103 \u00eenc\u0103rcare \u0219i desc\u0103rcare automat\u0103 \u0219i robo\u021bi de pulverizare automat\u0103 cu o capacitate de produc\u021bie proiectat\u0103 de 4000 de locuri pe schimb. Avem o alt\u0103 linie de vopsire semiautomat\u0103 pentru cilindri de dimensiuni mari, ac\u021bionat\u0103 de un lan\u021b electric, iar capacitatea proiectat\u0103 este de 60 de l\u0103zi pe schimb.<\/p>\n<p>Pentru a \u00eembun\u0103t\u0103\u021bi \u00een continuare performan\u021ba produselor \u0219i a stabili pozi\u021bia de lider a cilindrilor no\u0219tri hidraulici \u00een industrie, compania noastr\u0103 \u0219i zjimee au \u00eenfiin\u021bat \u00eempreun\u0103 un laborator cuprinz\u0103tor de performan\u021b\u0103 pentru cilindri hidraulici, valve hidraulice \u0219i pompe hidraulice; laboratorul este asistat de calculator folosind tehnologie electrohidraulic\u0103, condi\u021biile de testare fiind presetate de un calculator, ceea ce \u00eembun\u0103t\u0103\u021be\u0219te precizia test\u0103rii \u0219i versatilitatea sistemului, precum \u0219i datele experimentale.<\/p>\n<p>Colectarea automat\u0103 se realizeaz\u0103 prin aplicarea senzorilor, iar datele de ie\u0219ire, cum ar fi scurgerile interne \u0219i eficien\u021ba \u00eenc\u0103rc\u0103rii cilindrului sau a supapei, sunt procesate direct de computer \u0219i convertite \u00een unit\u0103\u021bi standard (ml\/min%). \u00cen acela\u0219i timp, pentru a asigura siguran\u021ba \u00een func\u021bionare a sistemului hidraulic, func\u021bia de monitorizare a st\u0103rii este efectuat\u0103 pentru parametrii cheie de performan\u021b\u0103, cum ar fi \u201emonitorizarea temperaturii uleiului, monitorizarea nivelului lichidului, monitorizarea dispozitivului de filtrare\u201d etc. Printre ace\u0219tia, standul de testare a cilindrului hidraulic poate testa performan\u021ba \u201esarcinii\u201d.<br \/>\n\u201eeficien\u021b\u0103\u201d \u0219i \u201escurgeri interne\u201d prin citiri. \u00cen acela\u0219i timp, este echipat cu un instrument de m\u0103surare cu rigl\u0103 tip gr\u0103tar care \u00eendepline\u0219te cerin\u021bele tuturor elementelor de testare ale produselor cu cilindri hidraulici, conform standardului na\u021bional.<\/p>","protected":false},"excerpt":{"rendered":"<p>Top Link Hydraulic Cylinder Our top link hydraulic cylinder for tractors is engineered for seamless integration with three-point hitch systems, providing precise control for agricultural implements. Designed to enhance efficiency, this hydraulic solution adjusts plows, seeders, and mowers accurately, making it ideal for plowing, no-till seeding, and grassland management. It is built with high-strength materials [&hellip;]<\/p>","protected":false},"featured_media":19982,"comment_status":"open","ping_status":"closed","template":"","meta":{"_et_pb_use_builder":"","_et_pb_old_content":"","_et_gb_content_width":""},"product_brand":[],"product_cat":[1554],"product_tag":[],"class_list":{"0":"post-19979","1":"product","2":"type-product","3":"status-publish","4":"has-post-thumbnail","6":"product_cat-top-link-hydraulic-cylinder","8":"first","9":"instock","10":"shipping-taxable","11":"product-type-simple"},"amp_enabled":true,"_links":{"self":[{"href":"https:\/\/www.hydraulic-cylinders.net\/ro\/wp-json\/wp\/v2\/product\/19979","targetHints":{"allow":["GET"]}}],"collection":[{"href":"https:\/\/www.hydraulic-cylinders.net\/ro\/wp-json\/wp\/v2\/product"}],"about":[{"href":"https:\/\/www.hydraulic-cylinders.net\/ro\/wp-json\/wp\/v2\/types\/product"}],"replies":[{"embeddable":true,"href":"https:\/\/www.hydraulic-cylinders.net\/ro\/wp-json\/wp\/v2\/comments?post=19979"}],"wp:featuredmedia":[{"embeddable":true,"href":"https:\/\/www.hydraulic-cylinders.net\/ro\/wp-json\/wp\/v2\/media\/19982"}],"wp:attachment":[{"href":"https:\/\/www.hydraulic-cylinders.net\/ro\/wp-json\/wp\/v2\/media?parent=19979"}],"wp:term":[{"taxonomy":"product_brand","embeddable":true,"href":"https:\/\/www.hydraulic-cylinders.net\/ro\/wp-json\/wp\/v2\/product_brand?post=19979"},{"taxonomy":"product_cat","embeddable":true,"href":"https:\/\/www.hydraulic-cylinders.net\/ro\/wp-json\/wp\/v2\/product_cat?post=19979"},{"taxonomy":"product_tag","embeddable":true,"href":"https:\/\/www.hydraulic-cylinders.net\/ro\/wp-json\/wp\/v2\/product_tag?post=19979"}],"curies":[{"name":"wp","href":"https:\/\/api.w.org\/{rel}","templated":true}]}}