{"id":20112,"date":"2025-05-08T09:01:01","date_gmt":"2025-05-08T09:01:01","guid":{"rendered":"https:\/\/www.hydraulic-cylinders.net\/?post_type=product&#038;p=20112"},"modified":"2025-05-12T05:29:17","modified_gmt":"2025-05-12T05:29:17","slug":"floating-cylinder-for-scissor-type-aerial-work-vehicles","status":"publish","type":"product","link":"https:\/\/www.hydraulic-cylinders.net\/ro\/produs\/floating-cylinder-for-scissor-type-aerial-work-vehicles\/","title":{"rendered":"Cilindru plutitor pentru vehicule de lucru aeriene tip foarfec\u0103"},"content":{"rendered":"<h1 style=\"text-align: center;\"><strong>Cilindru plutitor pentru vehicule de lucru aeriene tip foarfec\u0103<\/strong><\/h1>\n<p><img loading=\"lazy\" decoding=\"async\" class=\"wp-image-20113 aligncenter\" src=\"https:\/\/www.hydraulic-cylinders.net\/wp-content\/uploads\/2025\/05\/floating-hydraulic-cylinders-for-scissor-type-aerial-work-vehicle-scaled.jpg\" alt=\"\" width=\"400\" height=\"400\" \/><\/p>\n<p>Cilindrul plutitor pentru vehicule de lucru aeriene de tip foarfec\u0103 este un cilindru hidraulic de \u00eenalt\u0103 performan\u021b\u0103 conceput pentru platforme elevatoare tip foarfec\u0103, compatibil cu modelele de top. Proiectat pentru precizie \u0219i durabilitate, acest cilindru plutitor asigur\u0103 opera\u021biuni de ridicare \u0219i cobor\u00e2re line, oferind performan\u021be fiabile \u00een medii solicitante, cum ar fi \u0219antierele de construc\u021bii, instala\u021biile de \u00eentre\u021binere \u0219i opera\u021biunile din depozite. Ca cilindru plutitor pentru platforme de lucru aeriene, acesta \u00eembun\u0103t\u0103\u021be\u0219te siguran\u021ba \u0219i eficien\u021ba utilizatorilor de vehicule de lucru aeriene de tip foarfec\u0103, ceea ce \u00eel face un cilindru hidraulic ideal pentru platforme elevatoare tip foarfec\u0103 \u00een diverse aplica\u021bii.<\/p>\n<h2><strong>Cilindru plutitor pentru vehicule de lucru aeriene tip foarfec\u0103 <\/strong><strong>Specifica\u021bii tehnice:<\/strong><\/h2>\n<p>Func\u021bie: Pentru a ob\u021bine mersul plutitor, a \u00eembun\u0103t\u0103\u021bi accesibilitatea, a men\u021bine stabilitatea vehiculului \u0219i a \u00eembun\u0103t\u0103\u021bi capacitatea off-road a \u00eentregii ma\u0219ini<br \/>\nDiametrul cilindrului: 55mm-90mm<br \/>\nDiametrul tijei: 32mm-45mm<br \/>\nCurs\u0103: 60mm-112mm<br \/>\nPresiune maxim\u0103: 25MPa<br \/>\nFor\u021b\u0103 de trac\u021biune maxim\u0103: 159 kN<\/p>\n<section id=\"features\">\n<h2><strong>Caracteristici cheie ale cilindrului plutitor pentru vehicule de lucru aeriene de tip foarfec\u0103:<\/strong><\/h2>\n<ul>\n<li><strong>Stabilitate \u00eembun\u0103t\u0103\u021bit\u0103 cu design plutitor:<\/strong>\u00a0Cilindrul plutitor pentru vehicule de lucru aeriene de tip foarfec\u0103 prezint\u0103 un design plutitor unic care compenseaz\u0103 nealinierea \u0219i sarcinile neuniforme, asigur\u00e2nd o ridicare lin\u0103 \u0219i stabil\u0103. Acest cilindru hidraulic reduce stresul asupra mecanismului de ridicare tip foarfec\u0103, \u00eembun\u0103t\u0103\u021bind siguran\u021ba \u0219i fiabilitatea \u00een timpul func\u021bion\u0103rii \u00een sarcini de construc\u021bie sau \u00eentre\u021binere, ceea ce \u00eel face o alegere excelent\u0103 pentru un cilindru plutitor pentru vehicule de lucru aeriene de tip foarfec\u0103.<\/li>\n<li><strong>Construc\u021bie durabil\u0103 pentru medii dure:<\/strong>\u00a0Construit din o\u021bel aliat de \u00eenalt\u0103 rezisten\u021b\u0103 cu un strat anticoroziv, acest cilindru hidraulic pentru platforme elevatoare tip foarfec\u0103 rezist\u0103 la condi\u021bii dure, cum ar fi praful, umezeala \u0219i fluctua\u021biile de temperatur\u0103. Acesta asigur\u0103 performan\u021be de lung\u0103 durat\u0103, reduc\u00e2nd la minimum timpii de nefunc\u021bionare \u00een aplica\u021bii solicitante, cum ar fi depozitarea sau \u00eentre\u021binerea industrial\u0103 cu o platform\u0103 de lucru aerian\u0103.<\/li>\n<li><strong>Compatibilitate perfect\u0103 cu modelele de elevatoare tip foarfec\u0103:<\/strong>\u00a0Conceput pentru vehiculele de lucru aeriene de tip foarfec\u0103 Genie GS-1930, JLG 3246ES \u0219i Skyjack SJIII 3219 (2015-2025), cilindrul plutitor pentru vehiculele de lucru aeriene de tip foarfec\u0103 asigur\u0103 o potrivire perfect\u0103 \u0219i performan\u021be optime de ridicare. Acest cilindru hidraulic de \u00eenalt\u0103 performan\u021b\u0103 pentru platformele cu foarfec\u0103 \u00eembun\u0103t\u0103\u021be\u0219te eficien\u021ba platformei dumneavoastr\u0103 cu foarfec\u0103, sus\u021bin\u00e2nd func\u021bionarea fiabil\u0103 \u00een diverse sarcini la \u00een\u0103l\u021bime.<\/li>\n<li><strong>Func\u021bionare eficient\u0103 cu \u00eentre\u021binere minim\u0103:<\/strong>\u00a0Dotat cu tehnologie avansat\u0103 de etan\u0219are \u0219i canale de lubrifiere \u00eembun\u0103t\u0103\u021bite, acest cilindru plutitor ofer\u0103 o func\u021bionare mai lin\u0103 \u0219i reduce uzura componentelor critice. Reduce costurile de \u00eentre\u021binere \u0219i prelunge\u0219te durata de via\u021b\u0103 a vehiculului dumneavoastr\u0103 de lucru aerian de tip foarfec\u0103, oferind un \u00eenlocuitor excelent al cilindrului hidraulic pentru ridicarea tip foarfec\u0103, destinat sarcinilor intensive de ridicare.<\/li>\n<\/ul>\n<\/section>\n<section id=\"applications\">\n<h2><strong>Aplica\u021bii ale cilindrului plutitor pentru vehicule de lucru aeriene de tip foarfec\u0103:<\/strong><\/h2>\n<p><img loading=\"lazy\" decoding=\"async\" class=\"alignnone size-full wp-image-19836\" src=\"https:\/\/www.hydraulic-cylinders.net\/wp-content\/uploads\/2025\/04\/single-acting-hydraulic-cylinder-application-scaled.webp\" alt=\"Aplica\u021bie cilindru hidraulic cu ac\u021biune simpl\u0103\" width=\"2560\" height=\"1440\" srcset=\"https:\/\/www.hydraulic-cylinders.net\/wp-content\/uploads\/2025\/04\/single-acting-hydraulic-cylinder-application-scaled.webp 2560w, https:\/\/www.hydraulic-cylinders.net\/wp-content\/uploads\/2025\/04\/single-acting-hydraulic-cylinder-application-1280x720.webp 1280w, https:\/\/www.hydraulic-cylinders.net\/wp-content\/uploads\/2025\/04\/single-acting-hydraulic-cylinder-application-980x551.webp 980w, https:\/\/www.hydraulic-cylinders.net\/wp-content\/uploads\/2025\/04\/single-acting-hydraulic-cylinder-application-480x270.webp 480w\" sizes=\"(min-width: 0px) and (max-width: 480px) 480px, (min-width: 481px) and (max-width: 980px) 980px, (min-width: 981px) and (max-width: 1280px) 1280px, (min-width: 1281px) 2560px, 100vw\" \/><\/p>\n<ul>\n<li><strong>Construc\u021bii \u0219i \u00eentre\u021binere a cl\u0103dirilor:<\/strong>\u00a0Cilindrul plutitor pentru vehicule de lucru aeriene de tip foarfec\u0103 asigur\u0103 o ridicare fiabil\u0103 pentru platformele de lucru tip foarfec\u0103 \u00een proiectele de construc\u021bii, permi\u021b\u00e2nd lucr\u0103torilor s\u0103 acceseze zonele ridicate pentru sarcini precum instalarea de corpuri de iluminat sau repararea fa\u021badelor. Designul cilindrului s\u0103u hidraulic ofer\u0103 o eleva\u021bie stabil\u0103, sporind siguran\u021ba \u0219i productivitatea la fa\u021ba locului, cu un cilindru plutitor pentru platforme de lucru aeriene.<\/li>\n<li><strong>Opera\u021biuni de depozitare \u0219i logistic\u0103:<\/strong>\u00a0Conceput pentru vehicule de lucru aeriene de tip foarfec\u0103 din depozite, acest cilindru hidraulic pentru platforme elevatoare tip foarfec\u0103 permite stivuirea \u0219i recuperarea eficient\u0103 a m\u0103rfurilor la diferite \u00een\u0103l\u021bimi. Acesta asigur\u0103 ridicarea \u0219i cobor\u00e2rea lin\u0103, ajut\u00e2nd operatorii s\u0103 respecte program\u0103rile stricte \u00een mediile logistice aglomerate, utiliz\u00e2nd un cilindru hidraulic de \u00eenalt\u0103 performan\u021b\u0103 pentru platforme elevatoare tip foarfec\u0103.<\/li>\n<li><strong>\u00centre\u021binere \u0219i repara\u021bii industriale:<\/strong>\u00a0Ideal pentru platformele elevatoare tip foarfec\u0103 utilizate \u00een medii industriale, cilindrul plutitor pentru vehicule de lucru aeriene tip foarfec\u0103 faciliteaz\u0103 accesul sigur la utilaje sau structuri pentru sarcini de \u00eentre\u021binere. Designul s\u0103u durabil al cilindrului hidraulic asigur\u0103 performan\u021be constante, servind ca \u00eenlocuitor fiabil al cilindrului hidraulic pentru platforma elevatoare tip foarfec\u0103, chiar \u0219i \u00een condi\u021bii de utilizare frecvent\u0103 \u00een condi\u021bii dificile.<\/li>\n<\/ul>\n<h2 dir=\"auto\"><strong>Cum asigur\u0103 cilindrul plutitor pentru vehiculele de lucru aeriene de tip foarfec\u0103 stabilitatea \u0219i siguran\u021ba pe teren denivelat?<\/strong><\/h2>\n<p dir=\"auto\">Cilindrul plutitor pentru vehicule de lucru aeriene de tip foarfec\u0103 asigur\u0103 stabilitate \u0219i siguran\u021b\u0103 pe teren accidentat printr-o combina\u021bie de design inovator \u0219i inginerie robust\u0103, adaptat\u0103 pentru medii solicitante. \u00cen esen\u021b\u0103, acest cilindru hidraulic dispune de un mecanism plutitor unic care compenseaz\u0103 dinamic nealinierea \u0219i sarcinile neuniforme, o provocare comun\u0103 atunci c\u00e2nd se opereaz\u0103 pe suprafe\u021be accidentate sau \u00een pant\u0103, cum ar fi \u0219antierele de construc\u021bii sau zonele de \u00eentre\u021binere \u00een aer liber. Acest design plutitor permite cilindrului s\u0103 se adapteze la varia\u021biile terenului, men\u021bin\u00e2nd o mi\u0219care de ridicare echilibrat\u0103 \u0219i prevenind riscurile de r\u0103sturnare, ceea ce este esen\u021bial pentru siguran\u021ba operatorilor care lucreaz\u0103 la \u00een\u0103l\u021bime pe un vehicul de lucru aeriene de tip foarfec\u0103.<\/p>\n<p dir=\"auto\">Construit din o\u021bel aliat de \u00eenalt\u0103 rezisten\u021b\u0103, cilindrul plutitor pentru vehicule de lucru aeriene de tip foarfec\u0103 este conceput pentru a rezista la cele mai dure condi\u021bii, inclusiv expunerea la praf, umiditate \u0219i temperaturi extreme \u00eent\u00e2lnite adesea \u00een mediile industriale. Acoperirea sa anticoroziv\u0103 spore\u0219te \u0219i mai mult durabilitatea prin protejarea \u00eempotriva ruginii \u0219i uzurii, asigur\u00e2nd fiabilitate pe termen lung chiar \u0219i \u00een medii umede sau s\u0103rate, cum ar fi proiectele de construc\u021bii de coast\u0103. Aceast\u0103 durabilitate minimizeaz\u0103 riscul de defectare a componentelor, un factor cheie \u00een men\u021binerea siguran\u021bei \u00een timpul func\u021bion\u0103rii.<\/p>\n<p dir=\"auto\">\u00cen plus, cilindrul hidraulic \u00eencorporeaz\u0103 o tehnologie avansat\u0103 de etan\u0219are pentru a preveni scurgerile de fluid hidraulic, o problem\u0103 comun\u0103 care poate compromite at\u00e2t siguran\u021ba, c\u00e2t \u0219i performan\u021ba platformelor de lucru aeriene. Prin men\u021binerea unei etan\u0219\u0103ri etan\u0219e la presiune ridicat\u0103 - p\u00e2n\u0103 la 250 bar - acest cilindru plutitor asigur\u0103 o performan\u021b\u0103 hidraulic\u0103 constant\u0103, oferind mi\u0219c\u0103ri de ridicare \u0219i cobor\u00e2re line \u0219i controlate. Aceast\u0103 fiabilitate este crucial\u0103 pentru platformele elevatoare tip foarfec\u0103 care func\u021bioneaz\u0103 pe teren accidentat, unde mi\u0219c\u0103rile bru\u0219te sau defec\u021biunile ar putea reprezenta pericole semnificative pentru siguran\u021b\u0103.<\/p>\n<p dir=\"auto\">Cilindrul plutitor pentru vehicule de lucru aeriene de tip foarfec\u0103 reduce, de asemenea, stresul mecanic asupra mecanismului elevatorului foarfec\u0103, care este adesea supus unor for\u021be intense \u00een timpul func\u021bion\u0103rii. Prin distribuirea uniform\u0103 a sarcinilor \u0219i minimizarea frec\u0103rii prin canale de lubrifiere \u00eembun\u0103t\u0103\u021bite, acest cilindru hidraulic nu numai c\u0103 \u00eembun\u0103t\u0103\u021be\u0219te stabilitatea, dar prelunge\u0219te \u0219i durata de via\u021b\u0103 a elevatorului foarfec\u0103, reduc\u00e2nd costurile de \u00eentre\u021binere \u0219i timpul de nefunc\u021bionare. Acest lucru \u00eel face o alegere ideal\u0103 pentru aplica\u021biile cu cilindri hidraulici de \u00eenalt\u0103 performan\u021b\u0103 \u00een elevatoarele foarfec\u0103 utilizate pentru sarcini de construc\u021bie, \u00eentre\u021binere sau depozitare.<\/p>\n<h2><strong>Zona de produc\u021bie a cilindrilor hidraulici:<\/strong><\/h2>\n<h2><img loading=\"lazy\" decoding=\"async\" class=\"alignnone size-full wp-image-16972\" src=\"https:\/\/www.hydraulic-cylinders.net\/wp-content\/uploads\/2025\/01\/hydraulic-cylinder-factory-1-scaled.webp\" alt=\"\" width=\"2016\" height=\"2560\" srcset=\"https:\/\/www.hydraulic-cylinders.net\/wp-content\/uploads\/2025\/01\/hydraulic-cylinder-factory-1-scaled.webp 2016w, https:\/\/www.hydraulic-cylinders.net\/wp-content\/uploads\/2025\/01\/hydraulic-cylinder-factory-1-1280x1625.webp 1280w, https:\/\/www.hydraulic-cylinders.net\/wp-content\/uploads\/2025\/01\/hydraulic-cylinder-factory-1-980x1244.webp 980w, https:\/\/www.hydraulic-cylinders.net\/wp-content\/uploads\/2025\/01\/hydraulic-cylinder-factory-1-480x610.webp 480w\" sizes=\"(min-width: 0px) and (max-width: 480px) 480px, (min-width: 481px) and (max-width: 980px) 980px, (min-width: 981px) and (max-width: 1280px) 1280px, (min-width: 1281px) 2016px, 100vw\" \/><\/h2>\n<p>Ne m\u00e2ndrim cu o platform\u0103 independent\u0103 de cercetare \u0219i dezvoltare de ultim\u0103 genera\u021bie dedicat\u0103 asambl\u0103rii, asigur\u00e2nd inova\u021bie \u0219i calitate de top \u00een procesele noastre de fabrica\u021bie. Atelierul nostru de produc\u021bie a cilindrilor pentru stivuitoare dispune de patru linii de asamblare semiautomate pentru cilindrii de ridicare \u0219i o linie de asamblare complet automat\u0103 pentru cilindrii de \u00eenclinare, proiectate \u00eempreun\u0103 pentru a produce p\u00e2n\u0103 la un milion de unit\u0103\u021bi anual.<\/p>\n<p>Atelierul nostru de prelucrare dispune de centre de strunjire personalizate cu ghidare \u00eenclinat\u0103, centre de prelucrare, ma\u0219ini de honuit de mare vitez\u0103, robo\u021bi de sudur\u0103 \u0219i alte echipamente esen\u021biale. Aceast\u0103 configura\u021bie ne permite s\u0103 prelucr\u0103m tuburi cilindrice cu un diametru interior maxim de 400 mm \u0219i lungimi de p\u00e2n\u0103 la 6 metri, sporind \u0219i mai mult capacit\u0103\u021bile noastre de produc\u021bie.<\/p>\n<h2><img loading=\"lazy\" decoding=\"async\" class=\"alignnone size-full wp-image-16973\" src=\"https:\/\/www.hydraulic-cylinders.net\/wp-content\/uploads\/2025\/01\/hydraulic-cylinder-factory-2-scaled.webp\" alt=\"\" width=\"2011\" height=\"2560\" srcset=\"https:\/\/www.hydraulic-cylinders.net\/wp-content\/uploads\/2025\/01\/hydraulic-cylinder-factory-2-scaled.webp 2011w, https:\/\/www.hydraulic-cylinders.net\/wp-content\/uploads\/2025\/01\/hydraulic-cylinder-factory-2-1280x1629.webp 1280w, https:\/\/www.hydraulic-cylinders.net\/wp-content\/uploads\/2025\/01\/hydraulic-cylinder-factory-2-980x1248.webp 980w, https:\/\/www.hydraulic-cylinders.net\/wp-content\/uploads\/2025\/01\/hydraulic-cylinder-factory-2-480x611.webp 480w\" sizes=\"(min-width: 0px) and (max-width: 480px) 480px, (min-width: 481px) and (max-width: 980px) 980px, (min-width: 981px) and (max-width: 1280px) 1280px, (min-width: 1281px) 2011px, 100vw\" \/><\/h2>\n<p>Pentru a \u00eembun\u0103t\u0103\u021bi performan\u021ba produselor \u0219i a ne consolida pozi\u021bia de lider \u00een industria cilindrilor hidraulici, am \u00eencheiat un parteneriat cu ZJIMEE pentru a \u00eenfiin\u021ba un laborator cuprinz\u0103tor de performan\u021b\u0103 dedicat cilindrilor, valvelor \u0219i pompelor hidraulice. Acest laborator avansat utilizeaz\u0103 testarea asistat\u0103 de computer cu tehnologie electrohidraulic\u0103, permi\u021b\u00e2nd condi\u021bii de testare prestabilite care \u00eembun\u0103t\u0103\u021besc precizia \u0219i versatilitatea sistemului. Procesul automat de colectare a datelor utilizeaz\u0103 senzori pentru a colecta date de ie\u0219ire, cum ar fi scurgerile interne \u0219i eficien\u021ba sarcinii, care sunt apoi procesate de un computer \u0219i convertite \u00een unit\u0103\u021bi standard (ml\/min%).<\/p>\n<p>\u00cen plus, pentru a asigura siguran\u021ba sistemelor noastre hidraulice, implement\u0103m monitorizarea st\u0103rii parametrilor cheie de performan\u021b\u0103, inclusiv temperatura uleiului, nivelul lichidului \u0219i starea dispozitivului de filtrare. Standul nostru de testare a cilindrilor hidraulici este capabil s\u0103 evalueze \u201eeficien\u021ba sarcinii\u201d \u0219i \u201escurgerile interne\u201d prin citiri precise. De asemenea, este echipat cu un instrument de m\u0103surare cu rigl\u0103 tip r\u0103z\u0103toare care \u00eendepline\u0219te standardele na\u021bionale, asigur\u00e2nd conformitatea cu toate cerin\u021bele de testare pentru produsele cu cilindri hidraulici.<\/p>\n<p>&nbsp;<\/p>\n<\/section>","protected":false},"excerpt":{"rendered":"<p>Floating Cylinder for Scissor Type Aerial Work Vehicles The Floating Cylinder for Scissor Type Aerial Work Vehicles is a high-performance hydraulic cylinder designed for scissor lifts, compatible with leading models. Engineered for precision and durability, this floating cylinder ensures smooth lifting and lowering operations, providing reliable performance in demanding environments like construction sites, maintenance facilities, [&hellip;]<\/p>","protected":false},"featured_media":20114,"comment_status":"open","ping_status":"closed","template":"","meta":{"_et_pb_use_builder":"","_et_pb_old_content":"","_et_gb_content_width":""},"product_brand":[],"product_cat":[1500],"product_tag":[],"class_list":{"0":"post-20112","1":"product","2":"type-product","3":"status-publish","4":"has-post-thumbnail","6":"product_cat-aerial-work-vehicle-hydraulic-cylinder","8":"first","9":"instock","10":"shipping-taxable","11":"product-type-simple"},"amp_enabled":true,"_links":{"self":[{"href":"https:\/\/www.hydraulic-cylinders.net\/ro\/wp-json\/wp\/v2\/product\/20112","targetHints":{"allow":["GET"]}}],"collection":[{"href":"https:\/\/www.hydraulic-cylinders.net\/ro\/wp-json\/wp\/v2\/product"}],"about":[{"href":"https:\/\/www.hydraulic-cylinders.net\/ro\/wp-json\/wp\/v2\/types\/product"}],"replies":[{"embeddable":true,"href":"https:\/\/www.hydraulic-cylinders.net\/ro\/wp-json\/wp\/v2\/comments?post=20112"}],"wp:featuredmedia":[{"embeddable":true,"href":"https:\/\/www.hydraulic-cylinders.net\/ro\/wp-json\/wp\/v2\/media\/20114"}],"wp:attachment":[{"href":"https:\/\/www.hydraulic-cylinders.net\/ro\/wp-json\/wp\/v2\/media?parent=20112"}],"wp:term":[{"taxonomy":"product_brand","embeddable":true,"href":"https:\/\/www.hydraulic-cylinders.net\/ro\/wp-json\/wp\/v2\/product_brand?post=20112"},{"taxonomy":"product_cat","embeddable":true,"href":"https:\/\/www.hydraulic-cylinders.net\/ro\/wp-json\/wp\/v2\/product_cat?post=20112"},{"taxonomy":"product_tag","embeddable":true,"href":"https:\/\/www.hydraulic-cylinders.net\/ro\/wp-json\/wp\/v2\/product_tag?post=20112"}],"curies":[{"name":"wp","href":"https:\/\/api.w.org\/{rel}","templated":true}]}}