{"id":20124,"date":"2025-05-09T08:14:18","date_gmt":"2025-05-09T08:14:18","guid":{"rendered":"https:\/\/www.hydraulic-cylinders.net\/?post_type=product&#038;p=20124"},"modified":"2025-05-12T05:29:49","modified_gmt":"2025-05-12T05:29:49","slug":"pin-shaft-hydraulic-cylinders-for-crawler-crane","status":"publish","type":"product","link":"https:\/\/www.hydraulic-cylinders.net\/ro\/produs\/pin-shaft-hydraulic-cylinders-for-crawler-crane\/","title":{"rendered":"Cilindri hidraulici cu arbore cu \u0219tift pentru macara pe \u0219enile"},"content":{"rendered":"<h1 style=\"text-align: center;\"><strong>Cilindri hidraulici cu arbore cu \u0219tift pentru macara pe \u0219enile<\/strong><\/h1>\n<p><img loading=\"lazy\" decoding=\"async\" class=\"wp-image-20125 aligncenter\" src=\"https:\/\/www.hydraulic-cylinders.net\/wp-content\/uploads\/2025\/05\/pin-shaft-hydraulic-cylinders-for-crawler-crane-scaled.webp\" alt=\"Cilindri hidraulici cu arbore cu \u0219tift pentru macara pe \u0219enile\" width=\"500\" height=\"500\" \/><\/p>\n<section id=\"introduction\">Cilindrii hidraulici cu ax articulat pentru macarale pe \u0219enile sunt cilindri hidraulici robusti pentru sarcini grele, concepu\u021bi pentru macarale pe \u0219enile, compatibili cu modelele de top. Proiecta\u021bi pentru durabilitate \u0219i precizie, ace\u0219ti cilindri cu ax articulat \u00eembun\u0103t\u0103\u021besc opera\u021biunile macaralei, asigur\u00e2nd ridicarea \u0219i deplasarea fiabil\u0103 a sarcinilor grele \u00een medii solicitante, cum ar fi \u0219antierele de construc\u021bii, opera\u021biunile miniere \u0219i proiectele de infrastructur\u0103. Acest cilindru hidraulic pentru macara este perfect pentru ridicarea de sarcini grele, oferind o rezisten\u021b\u0103 \u0219i o stabilitate de neegalat pentru nevoile dumneavoastr\u0103 de cilindri pentru macarale pe \u0219enile.<\/section>\n<section id=\"specifications\">\n<h2><strong>Cilindri hidraulici cu arbore cu \u0219tift pentru macara pe \u0219enile Specifica\u021bii tehnice:<\/strong><\/h2>\n<p><img loading=\"lazy\" decoding=\"async\" class=\"aligncenter wp-image-20129 size-full\" src=\"https:\/\/www.hydraulic-cylinders.net\/wp-content\/uploads\/2025\/05\/truss-arm-crawler-crane-hydraulic-cylinders.webp\" alt=\"Cilindru hidraulic pentru macara pe \u0219enile\" width=\"640\" height=\"358\" srcset=\"https:\/\/www.hydraulic-cylinders.net\/wp-content\/uploads\/2025\/05\/truss-arm-crawler-crane-hydraulic-cylinders.webp 640w, https:\/\/www.hydraulic-cylinders.net\/wp-content\/uploads\/2025\/05\/truss-arm-crawler-crane-hydraulic-cylinders-480x269.webp 480w\" sizes=\"(min-width: 0px) and (max-width: 480px) 480px, (min-width: 481px) 640px, 100vw\" \/><\/p>\n<ul>\n<li>\n<p class=\"ds-markdown-paragraph\"><strong>Func\u0163ie<\/strong>Efect de tamponare<\/p>\n<\/li>\n<li>\n<p class=\"ds-markdown-paragraph\"><strong>Diametrul cilindrului<\/strong>80 mm<\/p>\n<\/li>\n<li>\n<p class=\"ds-markdown-paragraph\"><strong>Diametrul tijei<\/strong>40 mm<\/p>\n<\/li>\n<li>\n<p class=\"ds-markdown-paragraph\"><strong>Voiaj<\/strong>200 mm \u2013 530 mm<\/p>\n<\/li>\n<li>\n<p class=\"ds-markdown-paragraph\"><strong>Presiune maxim\u0103<\/strong>25 MPa<\/p>\n<\/li>\n<li>\n<p class=\"ds-markdown-paragraph\"><strong>Trac\u021biune maxim\u0103<\/strong>125 kN<\/p>\n<\/li>\n<\/ul>\n<\/section>\n<section id=\"features\">\n<h2><strong>Caracteristici cheie ale cilindrilor hidraulici cu arbore cu \u0219tift pentru macaraua pe \u0219enile:<\/strong><\/h2>\n<ul>\n<li><strong>Ridicare \u00eembun\u0103t\u0103\u021bit\u0103 cu design al axului cu \u0219tift:<\/strong> Cilindrii hidraulici cu ax articulat pentru macarale pe \u0219enile au un design robust al cilindrului cu ax articulat, oferind o capacitate portant\u0103 superioar\u0103 \u0219i o mi\u0219care precis\u0103 pentru ridicarea de sarcini grele. Acest cilindru hidraulic pentru sarcini grele asigur\u0103 stabilitate \u0219i siguran\u021b\u0103 \u00een timpul opera\u021biunilor cu macaraua \u00een sarcini de construc\u021bie \u0219i minerit.<\/li>\n<li><strong>Construc\u021bie durabil\u0103 pentru condi\u021bii extreme:<\/strong>\u00a0Construit din o\u021bel aliat de \u00eenalt\u0103 rezisten\u021b\u0103 cu un strat anticoroziv, acest cilindru hidraulic de macara rezist\u0103 la medii dure, cum ar fi \u0219antierele pr\u0103fuite, zonele de coast\u0103 umede \u0219i proiectele la altitudine mare. Acesta asigur\u0103 performan\u021be de lung\u0103 durat\u0103, fiind un cilindru hidraulic fiabil cu ax articulat pentru aplica\u021bii cu cilindri de macara pe \u0219enile.<\/li>\n<li><strong>Compatibilitate perfect\u0103 cu macaralele pe \u0219enile:<\/strong> Conceput pentru macaralele pe \u0219enile Liebherr LR 1300, Manitowoc 14000 \u0219i Kobelco CKE2500, acest cilindru cu ax articulat asigur\u0103 o potrivire perfect\u0103 \u0219i performan\u021be optime \u00een opera\u021biunile cu macaraua. Acest cilindru pe \u0219enile, cu cilindrul s\u0103u hidraulic de mare putere, \u00eembun\u0103t\u0103\u021be\u0219te eficien\u021ba \u0219i fiabilitatea ridic\u0103rii macaralei dumneavoastr\u0103.<\/li>\n<li><strong>Func\u021bionare eficient\u0103 cu \u00eentre\u021binere minim\u0103:<\/strong>\u00a0Dotat cu tehnologie avansat\u0103 de etan\u0219are \u0219i canale de lubrifiere optimizate, acest cilindru hidraulic cu ax articulat ofer\u0103 o func\u021bionare mai lin\u0103 \u0219i reduce uzura componentelor critice. Reduce costurile de \u00eentre\u021binere \u0219i prelunge\u0219te durata de via\u021b\u0103 a macaralei pe \u0219enile, oferind un \u00eenlocuitor excelent pentru cilindrul hidraulic al macaralei pentru aplica\u021bii solicitante.<\/li>\n<\/ul>\n<\/section>\n<section id=\"applications\">\n<h2><strong>Aplica\u021bii ale cilindrilor hidraulici cu arbore cu \u0219tift pentru macarale pe \u0219enile:<\/strong><\/h2>\n<p><img loading=\"lazy\" decoding=\"async\" class=\"alignnone size-full wp-image-20131\" src=\"https:\/\/www.hydraulic-cylinders.net\/wp-content\/uploads\/2025\/05\/hydraulic-cylinder-application.webp\" alt=\"Aplica\u021bie cilindru hidraulic macara pe \u0219enile\" width=\"2048\" height=\"1152\" srcset=\"https:\/\/www.hydraulic-cylinders.net\/wp-content\/uploads\/2025\/05\/hydraulic-cylinder-application.webp 2048w, https:\/\/www.hydraulic-cylinders.net\/wp-content\/uploads\/2025\/05\/hydraulic-cylinder-application-1280x720.webp 1280w, https:\/\/www.hydraulic-cylinders.net\/wp-content\/uploads\/2025\/05\/hydraulic-cylinder-application-980x551.webp 980w, https:\/\/www.hydraulic-cylinders.net\/wp-content\/uploads\/2025\/05\/hydraulic-cylinder-application-480x270.webp 480w\" sizes=\"(min-width: 0px) and (max-width: 480px) 480px, (min-width: 481px) and (max-width: 980px) 980px, (min-width: 981px) and (max-width: 1280px) 1280px, (min-width: 1281px) 2048px, 100vw\" \/><\/p>\n<ul>\n<li><strong>Proiecte de construc\u021bii \u0219i infrastructur\u0103:<\/strong> Cilindrii hidraulici cu arbore articulat pentru macarale pe \u0219enile asigur\u0103 performan\u021be fiabile pentru aplica\u021biile cu cilindri de macara pe \u0219enile \u00een proiectele de construc\u021bii, permi\u021b\u00e2nd manipularea precis\u0103 a materialelor grele, cum ar fi grinzile de o\u021bel \u0219i pl\u0103cile de beton. Cilindrul hidraulic de mare putere pentru macarale pe \u0219enile \u00eembun\u0103t\u0103\u021be\u0219te siguran\u021ba \u0219i productivitatea pe \u0219antierele de infrastructur\u0103 de mari dimensiuni.<\/li>\n<li><strong>Minerit \u0219i manipulare a materialelor:<\/strong>\u00a0Conceput pentru macarale pe \u0219enile \u00een opera\u021biuni miniere, acest cilindru hidraulic de macara permite ridicarea eficient\u0103 a sarcinilor grele \u0219i deplasarea acestora, cum ar fi minereul \u0219i echipamentele. Acesta asigur\u0103 o func\u021bionare lin\u0103 \u00een medii dificile, fiind un cilindru de macara pe \u0219enile de \u00eenalt\u0103 performan\u021b\u0103 pentru opera\u021biuni cu macaraua.<\/li>\n<li><strong>Industrie grea \u0219i opera\u021biuni offshore:<\/strong>\u00a0Ideal pentru macaralele pe \u0219enile utilizate \u00een industriile grele \u0219i proiectele offshore, acest cilindru hidraulic cu ax articulat faciliteaz\u0103 ridicarea \u00een siguran\u021b\u0103 a sarcinilor supradimensionate \u00een condi\u021bii dificile, cum ar fi platformele offshore. Durabilitatea sa \u00eel face un cilindru hidraulic cu ax articulat fiabil pentru opera\u021biuni cu macaraua \u00een aplica\u021bii solicitante.<\/li>\n<\/ul>\n<h2><strong>Explora\u021bi mai mul\u021bi cilindri hidraulici pentru macarale:<\/strong><\/h2>\n<p>De asemenea, oferim o gam\u0103 larg\u0103 de al\u021bi cilindri hidraulici pentru macarale, pentru a satisface diverse nevoi de ridicare. Indiferent dac\u0103 ave\u021bi nevoie de un cilindru hidraulic de schimb pentru macarale turn, macarale mobile sau echipamente specializate de mare tonaj, Ever-Power Huachang Hydraulic are solu\u021bia. Consulta\u021bi gama noastr\u0103 complet\u0103 de <a href=\"https:\/\/www.hydraulic-cylinders.net\/ro\/mobile-crane-hydraulic-cylinders\/\">cilindri hidraulici de macara<\/a> pentru a g\u0103si solu\u021bia perfect\u0103 pentru opera\u021biunile dumneavoastr\u0103 cu macaraua.<\/p>\n<h2><strong>Cum \u00eembun\u0103t\u0103\u021be\u0219te designul arborelui cilindrilor hidraulici cu arbore \u00een aplica\u021bii grele?<\/strong><\/h2>\n<p dir=\"auto\">Designul axului \u0219tift al cilindrilor hidraulici cu ax \u0219tift \u00eembun\u0103t\u0103\u021be\u0219te semnificativ performan\u021ba \u00een aplica\u021bii grele, oferind o capacitate portant\u0103 excep\u021bional\u0103 \u0219i un control precis al mi\u0219c\u0103rii, aspecte esen\u021biale pentru medii solicitante, cum ar fi \u0219antierele de construc\u021bii, opera\u021biunile miniere \u0219i proiectele offshore. Mai exact, configura\u021bia cilindrului axului \u0219tift asigur\u0103 o distribu\u021bie optim\u0103 a for\u021bei pe cilindrul hidraulic al macaralei, reduc\u00e2nd la minimum concentra\u021biile de stres \u0219i riscul de defec\u021biuni mecanice \u00een timpul sarcinilor de ridicare grele cu macarale pe \u0219enile.<\/p>\n<p dir=\"auto\">Acest design \u00eembun\u0103t\u0103\u021be\u0219te, de asemenea, alinierea \u0219i stabilitatea, permi\u021b\u00e2nd cilindrului hidraulic pentru sarcini grele s\u0103 men\u021bin\u0103 performan\u021be constante \u00een condi\u021bii de presiune ridicat\u0103 - p\u00e2n\u0103 la 350 bar, a\u0219a cum se specific\u0103 \u00een detaliile tehnice. \u00cen plus, cilindrul hidraulic cu axul \u0219tiftului faciliteaz\u0103 tranzi\u021bii mai line ale sarcinii, reduc\u00e2nd uzura componentelor critice \u0219i prelungind durata de via\u021b\u0103 a cilindrului macaralei pe \u0219enile, chiar \u0219i \u00een condi\u021bii extreme, cum ar fi mediile cu praf sau umiditate.<\/p>\n<p dir=\"auto\">Prin integrarea tehnologiei avansate de etan\u0219are \u0219i a canalelor de lubrifiere optimizate, cilindrii hidraulici cu arbore articulat pentru macarale pe \u0219enile asigur\u0103 o frecare \u0219i o acumulare de c\u0103ldur\u0103 minime, sporind eficien\u021ba opera\u021bional\u0103 \u0219i reduc\u00e2nd nevoile de \u00eentre\u021binere. Acest lucru face ca cilindrul hidraulic cu arbore articulat pentru opera\u021biuni cu macaraua s\u0103 fie o alegere ideal\u0103 pentru utilizatorii care caut\u0103 un \u00eenlocuitor fiabil al cilindrului hidraulic de macara, care s\u0103 poat\u0103 rezista rigorilor ridic\u0103rii sarcinilor grele, men\u021bin\u00e2nd \u00een acela\u0219i timp precizia \u0219i siguran\u021ba.<\/p>\n<\/section>\n<section id=\"company-introduction\">\n<h2><strong>Despre Ever-Power Huachang Hydraulic:<\/strong><\/h2>\n<h2><img loading=\"lazy\" decoding=\"async\" class=\"alignnone size-full wp-image-16972\" src=\"https:\/\/www.hydraulic-cylinders.net\/wp-content\/uploads\/2025\/01\/hydraulic-cylinder-factory-1-scaled.webp\" alt=\"\" width=\"2016\" height=\"2560\" srcset=\"https:\/\/www.hydraulic-cylinders.net\/wp-content\/uploads\/2025\/01\/hydraulic-cylinder-factory-1-scaled.webp 2016w, https:\/\/www.hydraulic-cylinders.net\/wp-content\/uploads\/2025\/01\/hydraulic-cylinder-factory-1-1280x1625.webp 1280w, https:\/\/www.hydraulic-cylinders.net\/wp-content\/uploads\/2025\/01\/hydraulic-cylinder-factory-1-980x1244.webp 980w, https:\/\/www.hydraulic-cylinders.net\/wp-content\/uploads\/2025\/01\/hydraulic-cylinder-factory-1-480x610.webp 480w\" sizes=\"(min-width: 0px) and (max-width: 480px) 480px, (min-width: 481px) and (max-width: 980px) 980px, (min-width: 981px) and (max-width: 1280px) 1280px, (min-width: 1281px) 2016px, 100vw\" \/><\/h2>\n<p>Ne m\u00e2ndrim cu o platform\u0103 independent\u0103 de cercetare \u0219i dezvoltare de ultim\u0103 genera\u021bie dedicat\u0103 asambl\u0103rii, asigur\u00e2nd inova\u021bie \u0219i calitate de top \u00een procesele noastre de fabrica\u021bie. Atelierul nostru de produc\u021bie a cilindrilor pentru stivuitoare dispune de patru linii de asamblare semiautomate pentru cilindrii de ridicare \u0219i o linie de asamblare complet automat\u0103 pentru cilindrii de \u00eenclinare, proiectate \u00eempreun\u0103 pentru a produce p\u00e2n\u0103 la un milion de unit\u0103\u021bi anual.<\/p>\n<p>Atelierul nostru de prelucrare dispune de centre de strunjire personalizate cu ghidare \u00eenclinat\u0103, centre de prelucrare, ma\u0219ini de honuit de mare vitez\u0103, robo\u021bi de sudur\u0103 \u0219i alte echipamente esen\u021biale. Aceast\u0103 configura\u021bie ne permite s\u0103 prelucr\u0103m tuburi cilindrice cu un diametru interior maxim de 400 mm \u0219i lungimi de p\u00e2n\u0103 la 6 metri, sporind \u0219i mai mult capacit\u0103\u021bile noastre de produc\u021bie.<\/p>\n<p>Oper\u0103m o linie de vopsire pe baz\u0103 de ap\u0103 complet automat\u0103, special conceput\u0103 pentru cilindri mici \u0219i medii, cu robo\u021bi automatiza\u021bi de \u00eenc\u0103rcare, desc\u0103rcare \u0219i pulverizare. Acest sistem de ultim\u0103 genera\u021bie se m\u00e2ndre\u0219te cu o capacitate de produc\u021bie de 4.000 de unit\u0103\u021bi pe schimb. \u00cen plus, avem o linie de vopsire semiautomat\u0103 pentru cilindri de dimensiuni mari, ac\u021bionat\u0103 de un lan\u021b, cu o capacitate proiectat\u0103 de 60 de l\u0103zi pe schimb.<\/p>\n<h2><img loading=\"lazy\" decoding=\"async\" class=\"alignnone size-full wp-image-16973\" src=\"https:\/\/www.hydraulic-cylinders.net\/wp-content\/uploads\/2025\/01\/hydraulic-cylinder-factory-2-scaled.webp\" alt=\"\" width=\"2011\" height=\"2560\" srcset=\"https:\/\/www.hydraulic-cylinders.net\/wp-content\/uploads\/2025\/01\/hydraulic-cylinder-factory-2-scaled.webp 2011w, https:\/\/www.hydraulic-cylinders.net\/wp-content\/uploads\/2025\/01\/hydraulic-cylinder-factory-2-1280x1629.webp 1280w, https:\/\/www.hydraulic-cylinders.net\/wp-content\/uploads\/2025\/01\/hydraulic-cylinder-factory-2-980x1248.webp 980w, https:\/\/www.hydraulic-cylinders.net\/wp-content\/uploads\/2025\/01\/hydraulic-cylinder-factory-2-480x611.webp 480w\" sizes=\"(min-width: 0px) and (max-width: 480px) 480px, (min-width: 481px) and (max-width: 980px) 980px, (min-width: 981px) and (max-width: 1280px) 1280px, (min-width: 1281px) 2011px, 100vw\" \/><\/h2>\n<p>Pentru a \u00eembun\u0103t\u0103\u021bi performan\u021ba produselor \u0219i a ne consolida pozi\u021bia de lider \u00een industria cilindrilor hidraulici, am \u00eencheiat un parteneriat cu zjimee pentru a \u00eenfiin\u021ba un laborator cuprinz\u0103tor de performan\u021b\u0103 dedicat cilindrilor, valvelor \u0219i pompelor hidraulice. Acest laborator avansat utilizeaz\u0103 testarea asistat\u0103 de computer cu tehnologie electrohidraulic\u0103, permi\u021b\u00e2nd condi\u021bii de testare prestabilite care \u00eembun\u0103t\u0103\u021besc precizia \u0219i versatilitatea sistemului. Procesul automat de colectare a datelor utilizeaz\u0103 senzori pentru a colecta date de ie\u0219ire, cum ar fi scurgerile interne \u0219i eficien\u021ba sarcinii, care sunt apoi procesate de un computer \u0219i convertite \u00een unit\u0103\u021bi standard (ml\/min%).<\/p>\n<p>Cilindrii hidraulici cu arbore articulat pentru macarale pe \u0219enile demonstreaz\u0103 dedicarea noastr\u0103 fa\u021b\u0103 de calitate \u0219i performan\u021b\u0103, fiind concepu\u021bi ca cilindri hidraulici de mare putere pentru macarale pe \u0219enile, \u00een special pentru modelele de la Liebherr, Manitowoc \u0219i Kobelco. Ace\u0219tia asigur\u0103 o stabilitate optim\u0103 la ridicare \u0219i durabilitate \u00een aplica\u021bii solicitante, cum ar fi construc\u021biile, mineritul \u0219i opera\u021biunile offshore cu macarale. Av\u00e2nd \u00eencrederea majorilor produc\u0103tori de echipamente la nivel global, produsele noastre \u0219i-au c\u00e2\u0219tigat o reputa\u021bie solid\u0103 pentru fiabilitate, Ever-Power Huachang Hydraulic fiind recunoscut ca lider \u00een fabricarea cilindrilor hidraulici.<\/p>\n<\/section>","protected":false},"excerpt":{"rendered":"<p>Pin Shaft Hydraulic Cylinders for Crawler Crane The pin shaft hydraulic cylinders for crawler crane are robust heavy-duty hydraulic cylinders designed for crawler cranes, compatible with leading models. Engineered for durability and precision, this pin shaft cylinder enhances crane operations, ensuring reliable lifting and movement of heavy loads in demanding environments like construction sites, mining [&hellip;]<\/p>","protected":false},"featured_media":20126,"comment_status":"open","ping_status":"closed","template":"","meta":{"_et_pb_use_builder":"","_et_pb_old_content":"","_et_gb_content_width":""},"product_brand":[],"product_cat":[1514],"product_tag":[],"class_list":{"0":"post-20124","1":"product","2":"type-product","3":"status-publish","4":"has-post-thumbnail","6":"product_cat-mobile-crane-hydraulic-cylinders","8":"first","9":"instock","10":"shipping-taxable","11":"product-type-simple"},"amp_enabled":true,"_links":{"self":[{"href":"https:\/\/www.hydraulic-cylinders.net\/ro\/wp-json\/wp\/v2\/product\/20124","targetHints":{"allow":["GET"]}}],"collection":[{"href":"https:\/\/www.hydraulic-cylinders.net\/ro\/wp-json\/wp\/v2\/product"}],"about":[{"href":"https:\/\/www.hydraulic-cylinders.net\/ro\/wp-json\/wp\/v2\/types\/product"}],"replies":[{"embeddable":true,"href":"https:\/\/www.hydraulic-cylinders.net\/ro\/wp-json\/wp\/v2\/comments?post=20124"}],"wp:featuredmedia":[{"embeddable":true,"href":"https:\/\/www.hydraulic-cylinders.net\/ro\/wp-json\/wp\/v2\/media\/20126"}],"wp:attachment":[{"href":"https:\/\/www.hydraulic-cylinders.net\/ro\/wp-json\/wp\/v2\/media?parent=20124"}],"wp:term":[{"taxonomy":"product_brand","embeddable":true,"href":"https:\/\/www.hydraulic-cylinders.net\/ro\/wp-json\/wp\/v2\/product_brand?post=20124"},{"taxonomy":"product_cat","embeddable":true,"href":"https:\/\/www.hydraulic-cylinders.net\/ro\/wp-json\/wp\/v2\/product_cat?post=20124"},{"taxonomy":"product_tag","embeddable":true,"href":"https:\/\/www.hydraulic-cylinders.net\/ro\/wp-json\/wp\/v2\/product_tag?post=20124"}],"curies":[{"name":"wp","href":"https:\/\/api.w.org\/{rel}","templated":true}]}}