{"id":20147,"date":"2025-05-11T15:08:25","date_gmt":"2025-05-11T15:08:25","guid":{"rendered":"https:\/\/www.hydraulic-cylinders.net\/?post_type=product&#038;p=20147"},"modified":"2025-05-12T05:30:55","modified_gmt":"2025-05-12T05:30:55","slug":"support-hydraulic-cylinders-for-crawler-crane-2","status":"publish","type":"product","link":"https:\/\/www.hydraulic-cylinders.net\/ro\/produs\/support-hydraulic-cylinders-for-crawler-crane-2\/","title":{"rendered":"Cilindri hidraulici de sus\u021binere pentru macara pe \u0219enile"},"content":{"rendered":"<h1 style=\"text-align: center;\"><strong>Cilindri hidraulici de sus\u021binere pentru macara pe \u0219enile<\/strong><\/h1>\n<p><img loading=\"lazy\" decoding=\"async\" class=\"wp-image-20155 aligncenter\" src=\"https:\/\/www.hydraulic-cylinders.net\/wp-content\/uploads\/2025\/05\/support-hydraulic-cylinders-for-crawler-crane.webp\" alt=\"\" width=\"500\" height=\"500\" srcset=\"https:\/\/www.hydraulic-cylinders.net\/wp-content\/uploads\/2025\/05\/support-hydraulic-cylinders-for-crawler-crane.webp 500w, https:\/\/www.hydraulic-cylinders.net\/wp-content\/uploads\/2025\/05\/support-hydraulic-cylinders-for-crawler-crane-480x480.webp 480w\" sizes=\"(min-width: 0px) and (max-width: 480px) 480px, (min-width: 481px) 500px, 100vw\" \/><\/p>\n<section id=\"introduction\">Cilindrii hidraulici de sus\u021binere pentru macarale pe \u0219enile, fabrica\u021bi cu expertiz\u0103 de Ever-Power Huachang Hydraulic, sunt proiecta\u021bi pentru a oferi stabilitate \u0219i suport de neegalat pentru opera\u021biuni de ridicare grele, compatibili cu modele precum Liebherr LR 1300, Manitowoc 14000 \u0219i Kobelco CKE2500. Acest cilindru hidraulic pentru sus\u021binerea macaralei pe \u0219enile \u00eembun\u0103t\u0103\u021be\u0219te stabilitatea \u0219asiului macaralei prin cre\u0219terea deschiderii, asigur\u00e2nd ridicarea sigur\u0103 \u0219i eficient\u0103 \u00een medii dificile, cum ar fi \u0219antiere de construc\u021bii denivelate, terenuri miniere accidentate sau proiecte industriale la altitudine mare. Construit din o\u021bel aliat de \u00eenalt\u0103 rezisten\u021b\u0103 \u0219i un strat rezistent la coroziune, acest cilindru hidraulic pentru sarcini grele rezist\u0103 la condi\u021bii dure, oferind \u00een acela\u0219i timp performan\u021be fiabile. Cu o presiune de lucru de p\u00e2n\u0103 la 350 bar, dimensiuni alezaj personalizabile (180 mm p\u00e2n\u0103 la 300 mm) \u0219i lungimi ale cursei (1000 mm p\u00e2n\u0103 la 4000 mm), cilindrul de sus\u021binere a macaralei pe \u0219enile pentru stabilitate satisface diverse nevoi opera\u021bionale, ceea ce \u00eel face un cilindru esen\u021bial pentru macarale pe \u0219enile pentru sarcini grele \u00een construc\u021bii, minerit \u0219i aplica\u021bii industriale. Sus\u021binut de standardele noastre avansate de fabrica\u021bie \u0219i de standardele riguroase de testare, acest cilindru hidraulic de sus\u021binere asigur\u0103 un timp de func\u021bionare maxim \u0219i siguran\u021b\u0103.<\/section>\n<section id=\"specifications\">\n<h2><strong>Specifica\u021bii tehnice:<\/strong><\/h2>\n<p><strong>Func\u0163ie:<\/strong> Func\u021bie de sus\u021binere<br \/>\n<strong>Diametrul cilindrului:<\/strong> 100mm-300mm<br \/>\n<strong>Diametrul tijei:<\/strong> 80mm-220mm<br \/>\n<strong>Voiaj:<\/strong> 700mm-800mm<br \/>\n<strong>Presiune maxim\u0103:<\/strong> 31,5 MPa<br \/>\n<strong>Trac\u021biune maxim\u0103<\/strong>2226KN<\/p>\n<\/section>\n<section id=\"features\">\n<h2><strong>Caracteristici cheie ale cilindrilor hidraulici de sus\u021binere pentru macaraua pe \u0219enile:<\/strong><\/h2>\n<ul>\n<li><strong>Stabilitate \u00eembun\u0103t\u0103\u021bit\u0103 a \u0219asiului:<\/strong>\u00a0Cilindrii hidraulici de sus\u021binere pentru macarale pe \u0219enile prezint\u0103 un design robust al cilindrului hidraulic de sus\u021binere care m\u0103re\u0219te \u00eentinderea \u0219asiului, asigur\u00e2nd stabilitatea \u00een timpul ridic\u0103rii greut\u0103\u021bilor mari.<\/li>\n<li><strong>Construc\u021bie durabil\u0103:<\/strong>\u00a0Fabricat din o\u021bel aliat de \u00eenalt\u0103 rezisten\u021b\u0103 \u0219i cu un strat rezistent la coroziune, acest cilindru hidraulic de mare putere rezist\u0103 la medii dure, asigur\u00e2nd performan\u021be de lung\u0103 durat\u0103 pentru aplica\u021biile macaralelor pe \u0219enile.<\/li>\n<li><strong>Suport fiabil pentru \u00eenc\u0103rc\u0103tur\u0103:<\/strong>\u00a0Conceput pentru a manipula sarcini grele, acest cilindru hidraulic pentru sus\u021binerea macaralelor pe \u0219enile asigur\u0103 o ridicare sigur\u0103, fiind un cilindru fiabil pentru macarale pe \u0219enile, potrivit pentru sarcini grele \u00een sarcini solicitante.<\/li>\n<li><strong>Design cu \u00eentre\u021binere redus\u0103:<\/strong>\u00a0Echipat cu tehnologie avansat\u0103 de etan\u0219are, acest cilindru hidraulic de sus\u021binere pentru sarcini mari minimizeaz\u0103 uzura, reduc\u00e2nd costurile de \u00eentre\u021binere \u0219i timpul de nefunc\u021bionare pentru opera\u021biunile macaralelor pe \u0219enile.<\/li>\n<\/ul>\n<\/section>\n<section id=\"applications\">\n<h2><strong>Aplica\u021bii ale cilindrilor hidraulici de sus\u021binere pentru macarale pe \u0219enile:<\/strong><\/h2>\n<p><img loading=\"lazy\" decoding=\"async\" class=\"size-full wp-image-20169 aligncenter\" src=\"https:\/\/www.hydraulic-cylinders.net\/wp-content\/uploads\/2025\/05\/support-hydraulic-cylinder-for-crawler-crane-application.webp\" alt=\"\" width=\"1631\" height=\"931\" srcset=\"https:\/\/www.hydraulic-cylinders.net\/wp-content\/uploads\/2025\/05\/support-hydraulic-cylinder-for-crawler-crane-application.webp 1631w, https:\/\/www.hydraulic-cylinders.net\/wp-content\/uploads\/2025\/05\/support-hydraulic-cylinder-for-crawler-crane-application-1280x731.webp 1280w, https:\/\/www.hydraulic-cylinders.net\/wp-content\/uploads\/2025\/05\/support-hydraulic-cylinder-for-crawler-crane-application-980x559.webp 980w, https:\/\/www.hydraulic-cylinders.net\/wp-content\/uploads\/2025\/05\/support-hydraulic-cylinder-for-crawler-crane-application-480x274.webp 480w\" sizes=\"(min-width: 0px) and (max-width: 480px) 480px, (min-width: 481px) and (max-width: 980px) 980px, (min-width: 981px) and (max-width: 1280px) 1280px, (min-width: 1281px) 1631px, 100vw\" \/><\/p>\n<ul>\n<li><strong>Proiecte de construc\u021bii:<\/strong>\u00a0Cilindrul hidraulic de sus\u021binere asigur\u0103 ridicarea stabil\u0103 a materialelor grele, cum ar fi grinzile de o\u021bel \u0219i pl\u0103cile de beton \u00een construc\u021bii, fiind sus\u021binut de un cilindru de sus\u021binere al macaralei pe \u0219enile pentru stabilitate.<\/li>\n<li><strong>Opera\u021biuni miniere:<\/strong>\u00a0Conceput pentru minerit, acest cilindru hidraulic pentru sus\u021binerea macaralei pe \u0219enile men\u021bine stabilitatea \u00een timpul manipul\u0103rii sarcinilor grele, cum ar fi minereul, \u00eembun\u0103t\u0103\u021bit\u0103 de un cilindru al macaralei pe \u0219enile pentru sarcini grele.<\/li>\n<li><strong>Ridicare de sarcini grele industriale:<\/strong>\u00a0Ideal pentru medii industriale, cilindrul hidraulic de sus\u021binere pentru sarcini mari asigur\u0103 o sus\u021binere fiabil\u0103 a sarcinii \u00een fabrici \u0219i proiecte de anvergur\u0103 care necesit\u0103 opera\u021biuni cu macarale pe \u0219enile.<\/li>\n<\/ul>\n<h2 dir=\"auto\"><strong>Cum \u00eembun\u0103t\u0103\u021besc cilindrii hidraulici de sus\u021binere pentru macaraua pe \u0219enile stabilitatea macaralei?<\/strong><\/h2>\n<p dir=\"auto\">Cilindrii hidraulici de sus\u021binere pentru macarale pe \u0219enile \u00eembun\u0103t\u0103\u021besc stabilitatea macaralei printr-o combina\u021bie de design inovator \u0219i inginerie robust\u0103, ceea ce \u00eei face o component\u0103 indispensabil\u0103 pentru opera\u021biuni de ridicare a sarcinilor grele sigure \u0219i eficiente. Ace\u0219ti cilindri hidraulici de sus\u021binere sunt special proiecta\u021bi pentru a m\u0103ri deschiderea \u0219asiului macaralei pe \u0219enile, l\u0103rgind eficient baza de sus\u021binere \u00een timpul sarcinilor de ridicare.<\/p>\n<p dir=\"auto\">Aceast\u0103 amprent\u0103 extins\u0103, asigurat\u0103 de cilindrul de sus\u021binere a macaralei pe \u0219enile pentru stabilitate, reduce semnificativ riscul de r\u0103sturnare sau \u00eenclinare, \u00een special atunci c\u00e2nd func\u021bioneaz\u0103 pe terenuri denivelate, teren moale sau \u00een condi\u021bii de v\u00e2nt puternic \u00eent\u00e2lnite frecvent \u00een \u0219antierele de construc\u021bii, c\u00e2mpurile miniere \u0219i proiectele industriale. Construit din o\u021bel aliat de \u00eenalt\u0103 rezisten\u021b\u0103 cu un strat rezistent la coroziune, acest cilindru hidraulic pentru sarcini mari men\u021bine integritatea structural\u0103 \u0219i fiabilitatea \u00een condi\u021bii de solicit\u0103ri extreme de mediu, cum ar fi atmosfere pr\u0103fuite sau regiuni de coast\u0103 umede, asigur\u00e2nd o stabilitate constant\u0103 pe o utilizare prelungit\u0103. Cu o presiune maxim\u0103 de lucru de 350 bar \u0219i dimensiuni ale alezajului personalizabile (180 mm p\u00e2n\u0103 la 300 mm) \u0219i lungimi ale cursei (1000 mm p\u00e2n\u0103 la 4000 mm), cilindrul hidraulic pentru sus\u021binerea macaralei pe \u0219enile se adapteaz\u0103 la diverse provoc\u0103ri legate de sarcin\u0103 \u0219i teren, oferind un control precis \u0219i o capacitate portant\u0103 \u00eembun\u0103t\u0103\u021bit\u0103 ca un cilindru de macara pe \u0219enile pentru sarcini grele. Tehnologia avansat\u0103 de etan\u0219are integrat\u0103 \u00een design minimizeaz\u0103 scurgerile de fluid hidraulic \u0219i uzura, prevenind defec\u021biunile opera\u021bionale care ar putea compromite stabilitatea, reduc\u00e2nd \u00een acela\u0219i timp nevoile de \u00eentre\u021binere pentru a asigura o performan\u021b\u0103 ne\u00eentrerupt\u0103.<\/p>\n<p dir=\"auto\">Compatibili cu modele de top precum Liebherr LR 1300, Manitowoc 14000 \u0219i Kobelco CKE2500, ace\u0219ti cilindri sunt testa\u021bi riguros \u00een laboratorul de performan\u021b\u0103 Ever-Power Huachang Hydraulic pentru eficien\u021ba sarcinii \u0219i scurgerile interne, respect\u00e2nd standardele na\u021bionale de siguran\u021b\u0103. Prin distribuirea uniform\u0103 a greut\u0103\u021bii \u0219i men\u021binerea unei funda\u021bii sigure, cilindrul hidraulic de sus\u021binere pentru sarcini mari nu numai c\u0103 \u00eembun\u0103t\u0103\u021be\u0219te stabilitatea macaralei, dar protejeaz\u0103 \u0219i operatorii \u0219i echipamentele, ceea ce \u00eel face o solu\u021bie de \u00eencredere pentru aplica\u021biile solicitante cu macarale pe \u0219enile, unde siguran\u021ba \u0219i eficien\u021ba sunt primordiale.<\/p>\n<\/section>\n<section id=\"explore-more\">\n<h2><strong>Explora\u021bi mai mul\u021bi cilindri pentru macarale pe \u0219enile:<\/strong><\/h2>\n<p>De asemenea, oferim o varietate de al\u021bi cilindri pentru macarale pe \u0219enile pentru a satisface diverse nevoi de ridicare. Indiferent dac\u0103 ave\u021bi nevoie de un cilindru hidraulic pentru sus\u021binerea macaralei pe \u0219enile sau de o solu\u021bie de mare putere pentru stabilitate, Ever-Power Huachang Hydraulic are solu\u021bia. Consulta\u021bi gama noastr\u0103 complet\u0103 de <a href=\"https:\/\/www.hydraulic-cylinders.net\/ro\/mobile-crane-hydraulic-cylinders\/\">cilindri de macara pe \u0219enile<\/a>.<\/p>\n<\/section>\n<section id=\"company-introduction\">\n<h2><strong>Despre Ever-Power Huachang Hydraulic:<\/strong><\/h2>\n<h2><img loading=\"lazy\" decoding=\"async\" class=\"alignnone size-full wp-image-16972\" src=\"https:\/\/www.hydraulic-cylinders.net\/wp-content\/uploads\/2025\/01\/hydraulic-cylinder-factory-1-scaled.webp\" alt=\"\" width=\"2016\" height=\"2560\" srcset=\"https:\/\/www.hydraulic-cylinders.net\/wp-content\/uploads\/2025\/01\/hydraulic-cylinder-factory-1-scaled.webp 2016w, https:\/\/www.hydraulic-cylinders.net\/wp-content\/uploads\/2025\/01\/hydraulic-cylinder-factory-1-1280x1625.webp 1280w, https:\/\/www.hydraulic-cylinders.net\/wp-content\/uploads\/2025\/01\/hydraulic-cylinder-factory-1-980x1244.webp 980w, https:\/\/www.hydraulic-cylinders.net\/wp-content\/uploads\/2025\/01\/hydraulic-cylinder-factory-1-480x610.webp 480w\" sizes=\"(min-width: 0px) and (max-width: 480px) 480px, (min-width: 481px) and (max-width: 980px) 980px, (min-width: 981px) and (max-width: 1280px) 1280px, (min-width: 1281px) 2016px, 100vw\" \/><\/h2>\n<p>Ne m\u00e2ndrim cu o platform\u0103 independent\u0103 de cercetare \u0219i dezvoltare de ultim\u0103 genera\u021bie dedicat\u0103 asambl\u0103rii, asigur\u00e2nd inova\u021bie \u0219i calitate de top \u00een procesele noastre de fabrica\u021bie. Atelierul nostru de produc\u021bie a cilindrilor pentru stivuitoare dispune de patru linii de asamblare semiautomate pentru cilindrii de ridicare \u0219i o linie de asamblare complet automat\u0103 pentru cilindrii de \u00eenclinare, proiectate \u00eempreun\u0103 pentru a produce p\u00e2n\u0103 la un milion de unit\u0103\u021bi anual.<\/p>\n<p>Oper\u0103m o linie de vopsire pe baz\u0103 de ap\u0103 complet automat\u0103, special conceput\u0103 pentru cilindri mici \u0219i medii, cu robo\u021bi automatiza\u021bi de \u00eenc\u0103rcare, desc\u0103rcare \u0219i pulverizare. Acest sistem de ultim\u0103 genera\u021bie se m\u00e2ndre\u0219te cu o capacitate de produc\u021bie de 4.000 de unit\u0103\u021bi pe schimb. \u00cen plus, avem o linie de vopsire semiautomat\u0103 pentru cilindri de dimensiuni mari, ac\u021bionat\u0103 de un lan\u021b, cu o capacitate proiectat\u0103 de 60 de l\u0103zi pe schimb.<\/p>\n<h2><img loading=\"lazy\" decoding=\"async\" class=\"alignnone size-full wp-image-16973\" src=\"https:\/\/www.hydraulic-cylinders.net\/wp-content\/uploads\/2025\/01\/hydraulic-cylinder-factory-2-scaled.webp\" alt=\"\" width=\"2011\" height=\"2560\" srcset=\"https:\/\/www.hydraulic-cylinders.net\/wp-content\/uploads\/2025\/01\/hydraulic-cylinder-factory-2-scaled.webp 2011w, https:\/\/www.hydraulic-cylinders.net\/wp-content\/uploads\/2025\/01\/hydraulic-cylinder-factory-2-1280x1629.webp 1280w, https:\/\/www.hydraulic-cylinders.net\/wp-content\/uploads\/2025\/01\/hydraulic-cylinder-factory-2-980x1248.webp 980w, https:\/\/www.hydraulic-cylinders.net\/wp-content\/uploads\/2025\/01\/hydraulic-cylinder-factory-2-480x611.webp 480w\" sizes=\"(min-width: 0px) and (max-width: 480px) 480px, (min-width: 481px) and (max-width: 980px) 980px, (min-width: 981px) and (max-width: 1280px) 1280px, (min-width: 1281px) 2011px, 100vw\" \/><\/h2>\n<p>Pentru a \u00eembun\u0103t\u0103\u021bi performan\u021ba produselor \u0219i a ne consolida pozi\u021bia de lider \u00een industria cilindrilor hidraulici, am \u00eencheiat un parteneriat cu ZJIMEE pentru a \u00eenfiin\u021ba un laborator cuprinz\u0103tor de performan\u021b\u0103 dedicat cilindrilor, valvelor \u0219i pompelor hidraulice. Acest laborator avansat utilizeaz\u0103 testarea asistat\u0103 de computer cu tehnologie electrohidraulic\u0103, permi\u021b\u00e2nd condi\u021bii de testare prestabilite care \u00eembun\u0103t\u0103\u021besc precizia \u0219i versatilitatea sistemului. Procesul automat de colectare a datelor utilizeaz\u0103 senzori pentru a colecta date de ie\u0219ire, cum ar fi scurgerile interne \u0219i eficien\u021ba sarcinii, care sunt apoi procesate de un computer \u0219i convertite \u00een unit\u0103\u021bi standard (ml\/min%).<\/p>\n<p>Cilindrii hidraulici de sus\u021binere pentru macarale pe \u0219enile demonstreaz\u0103 dedicarea noastr\u0103 fa\u021b\u0103 de calitate \u0219i performan\u021b\u0103, fiind concepu\u021bi ca un cilindru hidraulic de mare putere pentru sus\u021binerea macaralelor pe \u0219enile, \u00een special pentru modelele de la Liebherr, Manitowoc \u0219i Kobelco. Av\u00e2nd \u00eencrederea majorilor produc\u0103tori de echipamente la nivel global, produsele noastre \u0219i-au c\u00e2\u0219tigat o reputa\u021bie solid\u0103 pentru fiabilitate, Ever-Power Huachang Hydraulic fiind recunoscut ca lider \u00een fabricarea cilindrilor hidraulici.<\/p>\n<\/section>","protected":false},"excerpt":{"rendered":"<p>Support Hydraulic Cylinders for Crawler Crane The Support Hydraulic Cylinders for Crawler Crane, expertly crafted by Ever-Power Huachang Hydraulic, are engineered to provide unparalleled stability and support for heavy lifting operations, compatible with models like Liebherr LR 1300, Manitowoc 14000, and Kobelco CKE2500. This hydraulic cylinder for crawler crane support enhances crane chassis stability by [&hellip;]<\/p>","protected":false},"featured_media":20163,"comment_status":"open","ping_status":"closed","template":"","meta":{"_et_pb_use_builder":"","_et_pb_old_content":"","_et_gb_content_width":""},"product_brand":[],"product_cat":[1514],"product_tag":[],"class_list":{"0":"post-20147","1":"product","2":"type-product","3":"status-publish","4":"has-post-thumbnail","6":"product_cat-mobile-crane-hydraulic-cylinders","8":"first","9":"instock","10":"shipping-taxable","11":"product-type-simple"},"amp_enabled":true,"_links":{"self":[{"href":"https:\/\/www.hydraulic-cylinders.net\/ro\/wp-json\/wp\/v2\/product\/20147","targetHints":{"allow":["GET"]}}],"collection":[{"href":"https:\/\/www.hydraulic-cylinders.net\/ro\/wp-json\/wp\/v2\/product"}],"about":[{"href":"https:\/\/www.hydraulic-cylinders.net\/ro\/wp-json\/wp\/v2\/types\/product"}],"replies":[{"embeddable":true,"href":"https:\/\/www.hydraulic-cylinders.net\/ro\/wp-json\/wp\/v2\/comments?post=20147"}],"wp:featuredmedia":[{"embeddable":true,"href":"https:\/\/www.hydraulic-cylinders.net\/ro\/wp-json\/wp\/v2\/media\/20163"}],"wp:attachment":[{"href":"https:\/\/www.hydraulic-cylinders.net\/ro\/wp-json\/wp\/v2\/media?parent=20147"}],"wp:term":[{"taxonomy":"product_brand","embeddable":true,"href":"https:\/\/www.hydraulic-cylinders.net\/ro\/wp-json\/wp\/v2\/product_brand?post=20147"},{"taxonomy":"product_cat","embeddable":true,"href":"https:\/\/www.hydraulic-cylinders.net\/ro\/wp-json\/wp\/v2\/product_cat?post=20147"},{"taxonomy":"product_tag","embeddable":true,"href":"https:\/\/www.hydraulic-cylinders.net\/ro\/wp-json\/wp\/v2\/product_tag?post=20147"}],"curies":[{"name":"wp","href":"https:\/\/api.w.org\/{rel}","templated":true}]}}