{"id":20148,"date":"2025-05-11T15:14:28","date_gmt":"2025-05-11T15:14:28","guid":{"rendered":"https:\/\/www.hydraulic-cylinders.net\/?post_type=product&#038;p=20148"},"modified":"2025-05-11T15:20:33","modified_gmt":"2025-05-11T15:20:33","slug":"lift-hydraulic-cylinders-for-crawler-crane","status":"publish","type":"product","link":"https:\/\/www.hydraulic-cylinders.net\/ro\/produs\/lift-hydraulic-cylinders-for-crawler-crane\/","title":{"rendered":"Cilindri hidraulici de ridicare pentru macara pe \u0219enile"},"content":{"rendered":"<h1 style=\"text-align: center;\"><strong>Cilindri hidraulici de ridicare pentru macara pe \u0219enile<\/strong><\/h1>\n<p><img loading=\"lazy\" decoding=\"async\" class=\"wp-image-20151 aligncenter\" src=\"https:\/\/www.hydraulic-cylinders.net\/wp-content\/uploads\/2025\/05\/lift-hydraulic-cylinders-for-crawler-crane.webp\" alt=\"\" width=\"500\" height=\"500\" srcset=\"https:\/\/www.hydraulic-cylinders.net\/wp-content\/uploads\/2025\/05\/lift-hydraulic-cylinders-for-crawler-crane.webp 500w, https:\/\/www.hydraulic-cylinders.net\/wp-content\/uploads\/2025\/05\/lift-hydraulic-cylinders-for-crawler-crane-480x480.webp 480w\" sizes=\"(min-width: 0px) and (max-width: 480px) 480px, (min-width: 481px) 500px, 100vw\" \/><\/p>\n<section id=\"introduction\">Cilindrii hidraulici de ridicare pentru macarale pe \u0219enile, proiecta\u021bi meticulos de Ever-Power Huachang Hydraulic, sunt proiecta\u021bi pentru a oferi o putere de ridicare excep\u021bional\u0103 \u0219i precizie pentru opera\u021biunile cu macarale pe \u0219enile, compatibili cu modele precum Liebherr LR 1300, Manitowoc 14000 \u0219i Kobelco CKE2500. Acest cilindru hidraulic pentru bra\u021bul macaralei pe \u0219enile asigur\u0103 ridicarea f\u0103r\u0103 probleme \u0219i controlat\u0103 a sarcinilor grele, ceea ce \u00eel face un cilindru de ridicare ideal pentru macarale pe \u0219enile pentru ridicarea de sarcini grele \u00een medii dificile, cum ar fi \u0219antierele de construc\u021bii, opera\u021biunile miniere \u0219i proiectele industriale. Construit din o\u021bel aliat de \u00eenalt\u0103 rezisten\u021b\u0103 \u0219i un strat rezistent la coroziune, acest cilindru hidraulic pentru sarcini grele rezist\u0103 la condi\u021bii dure, cum ar fi terenuri pr\u0103fuite sau zone de coast\u0103 umede, men\u021bin\u00e2nd \u00een acela\u0219i timp performan\u021be fiabile. Cu o presiune maxim\u0103 de lucru de 350 bar, dimensiuni alezaj personalizabile (180 mm p\u00e2n\u0103 la 300 mm) \u0219i lungimi ale cursei (1000 mm p\u00e2n\u0103 la 4000 mm), cilindrul macaralei pe \u0219enile pentru ridicare precis\u0103 \u00eendepline\u0219te diverse cerin\u021be opera\u021bionale, asigur\u00e2nd siguran\u021ba \u0219i eficien\u021ba. Sus\u021binut de standardele noastre avansate de fabrica\u021bie \u0219i de standardele riguroase de testare, acest cilindru hidraulic de ridicare garanteaz\u0103 durabilitate \u0219i timpi de nefunc\u021bionare minimi.<\/section>\n<section id=\"specifications\">\n<h2><strong>Specifica\u021bii tehnice:<\/strong><\/h2>\n<p><strong>Func\u0163ie:<\/strong> Controleaz\u0103 mi\u0219carea bra\u021bului principal<br \/>\n<strong>Diametrul cilindrului:<\/strong> 280mm -400mm<br \/>\n<strong>Diametrul tijei:<\/strong> 160 mm<br \/>\n<strong>Voiaj:<\/strong> 1800mm-3000mm<br \/>\n<strong>Presiune maxim\u0103:<\/strong> 31,5 MPa<br \/>\n<strong>Trac\u021biune maxim\u0103:<\/strong> 3958KN<\/p>\n<\/section>\n<section id=\"features\">\n<h2><strong>Caracteristici cheie ale cilindrilor hidraulici de ridicare pentru macaraua pe \u0219enile:<\/strong><\/h2>\n<ul>\n<li><strong>Capacitate puternic\u0103 de ridicare:<\/strong>\u00a0Cilindrii hidraulici de ridicare pentru macarale pe \u0219enile au un design robust al cilindrului hidraulic de ridicare care suport\u0103 sarcini grele, ceea ce \u00eei face un cilindru de ridicare fiabil pentru macarale pe \u0219enile, destinat ridic\u0103rii de sarcini grele \u00een opera\u021biuni solicitante.<\/li>\n<li><strong>Construc\u021bie durabil\u0103:<\/strong>\u00a0Construit din o\u021bel aliat de \u00eenalt\u0103 rezisten\u021b\u0103 \u0219i cu un strat rezistent la coroziune, acest cilindru hidraulic de mare putere asigur\u0103 performan\u021be de lung\u0103 durat\u0103 \u00een medii dure pentru aplica\u021bii cu macarale pe \u0219enile.<\/li>\n<li><strong>Control precis al \u00eenc\u0103rc\u0103turii:<\/strong>\u00a0Cilindrul hidraulic pentru bra\u021bul macaralei pe \u0219enile ofer\u0103 un control precis al ridic\u0103rii, sporind siguran\u021ba \u0219i eficien\u021ba ca cilindru de macara pe \u0219enile pentru ridicarea precis\u0103 \u00een sarcini industriale.<\/li>\n<li><strong>Design cu \u00eentre\u021binere redus\u0103:<\/strong>\u00a0Echipat cu tehnologie avansat\u0103 de etan\u0219are, acest cilindru hidraulic de ridicare pentru sarcini mari minimizeaz\u0103 uzura, reduc\u00e2nd costurile de \u00eentre\u021binere \u0219i timpul de nefunc\u021bionare pentru opera\u021biunile macaralelor pe \u0219enile.<\/li>\n<\/ul>\n<\/section>\n<section id=\"applications\">\n<h2><strong>Aplica\u021bii ale cilindrilor hidraulici de ridicare pentru macarale pe \u0219enile:<img loading=\"lazy\" decoding=\"async\" class=\"size-full wp-image-20169 aligncenter\" src=\"https:\/\/www.hydraulic-cylinders.net\/wp-content\/uploads\/2025\/05\/support-hydraulic-cylinder-for-crawler-crane-application.webp\" alt=\"\" width=\"1631\" height=\"931\" srcset=\"https:\/\/www.hydraulic-cylinders.net\/wp-content\/uploads\/2025\/05\/support-hydraulic-cylinder-for-crawler-crane-application.webp 1631w, https:\/\/www.hydraulic-cylinders.net\/wp-content\/uploads\/2025\/05\/support-hydraulic-cylinder-for-crawler-crane-application-1280x731.webp 1280w, https:\/\/www.hydraulic-cylinders.net\/wp-content\/uploads\/2025\/05\/support-hydraulic-cylinder-for-crawler-crane-application-980x559.webp 980w, https:\/\/www.hydraulic-cylinders.net\/wp-content\/uploads\/2025\/05\/support-hydraulic-cylinder-for-crawler-crane-application-480x274.webp 480w\" sizes=\"(min-width: 0px) and (max-width: 480px) 480px, (min-width: 481px) and (max-width: 980px) 980px, (min-width: 981px) and (max-width: 1280px) 1280px, (min-width: 1281px) 1631px, 100vw\" \/><\/strong><\/h2>\n<ul>\n<li><strong>Proiecte de construc\u021bii:<\/strong>\u00a0Cilindrul hidraulic de ridicare asigur\u0103 ridicarea precis\u0103 a materialelor grele, cum ar fi grinzile de o\u021bel \u0219i pl\u0103cile de beton \u00een construc\u021bii, fiind sus\u021binut de un cilindru de ridicare al macaralei pe \u0219enile pentru ridicarea de sarcini grele.<\/li>\n<li><strong>Opera\u021biuni miniere:<\/strong>\u00a0Conceput pentru minerit, acest cilindru hidraulic pentru bra\u021bul macaralei pe \u0219enile men\u021bine precizia \u00een timpul ridic\u0103rii sarcinilor grele, cum ar fi minereul, \u00eembun\u0103t\u0103\u021bit de un cilindru al macaralei pe \u0219enile pentru o ridicare precis\u0103.<\/li>\n<li><strong>Ridicare de sarcini grele industriale:<\/strong>\u00a0Ideal pentru medii industriale, cilindrul hidraulic de ridicare pentru sarcini mari asigur\u0103 ridicarea fiabil\u0103 a sarcinii \u00een fabrici \u0219i proiecte de mare anvergur\u0103 care necesit\u0103 opera\u021biuni cu macarale pe \u0219enile.<\/li>\n<\/ul>\n<\/section>\n<section id=\"explore-more\">\n<h2><strong>Explora\u021bi mai mul\u021bi cilindri pentru macarale pe \u0219enile:<\/strong><\/h2>\n<p>De asemenea, oferim o varietate de al\u021bi cilindri pentru macarale pe \u0219enile pentru a satisface diverse nevoi de ridicare. Indiferent dac\u0103 ave\u021bi nevoie de un cilindru hidraulic pentru bra\u021bul macaralei pe \u0219enile sau de o solu\u021bie de mare putere pentru ridicare precis\u0103, Ever-Power Huachang Hydraulic are solu\u021bia. Consulta\u021bi gama noastr\u0103 complet\u0103 de <a href=\"https:\/\/www.hydraulic-cylinders.net\/ro\/mobile-crane-hydraulic-cylinders\/\">cilindri de macara pe \u0219enile<\/a>.<\/p>\n<h2 dir=\"auto\"><strong>Cum \u00eembun\u0103t\u0103\u021besc cilindrii hidraulici de ridicare pentru macaralele pe \u0219enile eficien\u021ba ridic\u0103rii?<\/strong><\/h2>\n<p dir=\"auto\">Cilindrii hidraulici de ridicare pentru macarale pe \u0219enile \u00eembun\u0103t\u0103\u021besc eficien\u021ba ridic\u0103rii printr-o combina\u021bie de caracteristici avansate de design \u0219i inginerie robust\u0103, adaptat\u0103 pentru opera\u021biuni de ridicare de \u00eenalt\u0103 performan\u021b\u0103. Ace\u0219ti cilindri hidraulici de ridicare sunt proiecta\u021bi pentru a oferi o ridicare precis\u0103 \u0219i puternic\u0103, permi\u021b\u00e2nd cilindrului hidraulic pentru bra\u021bul macaralei pe \u0219enile s\u0103 gestioneze sarcini grele - cum ar fi grinzi de o\u021bel, pl\u0103ci de beton sau minereu minier - cu pierderi minime de energie, ceea ce este esen\u021bial pentru cre\u0219terea productivit\u0103\u021bii \u00een construc\u021bii, minerit \u0219i medii industriale.<\/p>\n<p dir=\"auto\">Cilindrul de ridicare al macaralei pe \u0219enile pentru ridicarea sarcinilor grele \u00eencorporeaz\u0103 o construc\u021bie din o\u021bel aliat de \u00eenalt\u0103 rezisten\u021b\u0103, cu un strat de acoperire rezistent la coroziune, asigur\u00e2nd durabilitate \u0219i performan\u021be constante chiar \u0219i \u00een medii dure, cum ar fi terenuri pr\u0103fuite sau zone de coast\u0103 umede, reduc\u00e2nd astfel timpul de nefunc\u021bionare datorat \u00eentre\u021binerii sau uzurii. Cu o presiune maxim\u0103 de lucru de 350 bar \u0219i op\u021biuni personalizabile, inclusiv alezaje (180 mm p\u00e2n\u0103 la 300 mm) \u0219i lungimi de curs\u0103 (1000 mm p\u00e2n\u0103 la 4000 mm), acest cilindru hidraulic pentru sarcini grele se adapteaz\u0103 cerin\u021belor specifice de ridicare, optimiz\u00e2nd aplicarea for\u021bei \u0219i reduc\u00e2nd timpii de ciclu pentru cilindrul macaralei pe \u0219enile, pentru o ridicare precis\u0103. Integrarea tehnologiei avansate de etan\u0219are minimizeaz\u0103 scurgerile interne \u0219i frecarea, sporind \u0219i mai mult eficien\u021ba prin men\u021binerea integrit\u0103\u021bii fluidului hidraulic \u0219i a func\u021bion\u0103rii line \u00een diverse condi\u021bii.<\/p>\n<p dir=\"auto\">Compatibili cu modele precum Liebherr LR 1300, Manitowoc 14000 \u0219i Kobelco CKE2500, ace\u0219ti cilindri sunt testa\u021bi riguros \u00een laboratorul de performan\u021b\u0103 Ever-Power Huachang Hydraulic pentru eficien\u021ba sarcinii \u0219i scurgerile interne, asigur\u00e2nd performan\u021be opera\u021bionale maxime. \u00cen plus, controlul precis al cilindrului hidraulic de ridicare pentru sarcini grele reduce supraextensia sau oscila\u021bia sarcinii, permi\u021b\u00e2nd operatorilor s\u0103 finalizeze ridic\u0103rile mai rapid \u0219i mai sigur, \u00een timp ce designul s\u0103u cu \u00eentre\u021binere redus\u0103 - sus\u021binut de materiale \u0219i etan\u0219\u0103ri durabile - asigur\u0103 o durat\u0103 de via\u021b\u0103 prelungit\u0103 \u0219i un flux de lucru ne\u00eentrerupt. Aceast\u0103 sinergie \u00eentre rezisten\u021b\u0103, precizie \u0219i fiabilitate face ca cilindrii hidraulici de ridicare pentru macarale pe \u0219enile s\u0103 fie o alegere superioar\u0103 pentru maximizarea eficien\u021bei ridic\u0103rii \u00een aplica\u021bii solicitante.<\/p>\n<\/section>\n<section id=\"company-introduction\">\n<h2><strong>Despre Ever-Power Huachang Hydraulic:<\/strong><\/h2>\n<h2><img loading=\"lazy\" decoding=\"async\" class=\"alignnone size-full wp-image-16972\" src=\"https:\/\/www.hydraulic-cylinders.net\/wp-content\/uploads\/2025\/01\/hydraulic-cylinder-factory-1-scaled.webp\" alt=\"\" width=\"2016\" height=\"2560\" srcset=\"https:\/\/www.hydraulic-cylinders.net\/wp-content\/uploads\/2025\/01\/hydraulic-cylinder-factory-1-scaled.webp 2016w, https:\/\/www.hydraulic-cylinders.net\/wp-content\/uploads\/2025\/01\/hydraulic-cylinder-factory-1-1280x1625.webp 1280w, https:\/\/www.hydraulic-cylinders.net\/wp-content\/uploads\/2025\/01\/hydraulic-cylinder-factory-1-980x1244.webp 980w, https:\/\/www.hydraulic-cylinders.net\/wp-content\/uploads\/2025\/01\/hydraulic-cylinder-factory-1-480x610.webp 480w\" sizes=\"(min-width: 0px) and (max-width: 480px) 480px, (min-width: 481px) and (max-width: 980px) 980px, (min-width: 981px) and (max-width: 1280px) 1280px, (min-width: 1281px) 2016px, 100vw\" \/><\/h2>\n<p>Ne m\u00e2ndrim cu o platform\u0103 independent\u0103 de cercetare \u0219i dezvoltare de ultim\u0103 genera\u021bie dedicat\u0103 asambl\u0103rii, asigur\u00e2nd inova\u021bie \u0219i calitate de top \u00een procesele noastre de fabrica\u021bie. Atelierul nostru de produc\u021bie a cilindrilor pentru stivuitoare dispune de patru linii de asamblare semiautomate pentru cilindrii de ridicare \u0219i o linie de asamblare complet automat\u0103 pentru cilindrii de \u00eenclinare, proiectate \u00eempreun\u0103 pentru a produce p\u00e2n\u0103 la un milion de unit\u0103\u021bi anual.<\/p>\n<p>\u00cen plus, atelierul nostru specializat de cilindri este dotat cu sisteme semiautomate de cur\u0103\u021bare \u0219i asamblare adaptate la diverse specifica\u021bii, cu o capacitate anual\u0103 de produc\u021bie de 200.000 de buc\u0103\u021bi. Utiliz\u0103m echipamente CNC renumite, centre de prelucrare \u0219i unelte specializate pentru prelucrarea de \u00eenalt\u0103 precizie a cilindrilor hidraulici. Facilitatea noastr\u0103 include, de asemenea, ma\u0219ini de sudur\u0103 robotizate avansate, sisteme automate de cur\u0103\u021bare \u0219i linii complet automatizate de asamblare \u0219i vopsire a cilindrilor. Cu peste 300 de echipamente cheie opera\u021bionale, optimiz\u0103m alocarea resurselor \u0219i asigur\u0103m o utilizare eficient\u0103, respect\u00e2nd standarde stricte de precizie \u0219i calitate.<\/p>\n<p>Atelierul nostru de prelucrare dispune de centre de strunjire personalizate cu ghidare \u00eenclinat\u0103, centre de prelucrare, ma\u0219ini de honuit de mare vitez\u0103, robo\u021bi de sudur\u0103 \u0219i alte echipamente esen\u021biale. Aceast\u0103 configura\u021bie ne permite s\u0103 prelucr\u0103m tuburi cilindrice cu un diametru interior maxim de 400 mm \u0219i lungimi de p\u00e2n\u0103 la 6 metri, sporind \u0219i mai mult capacit\u0103\u021bile noastre de produc\u021bie.<\/p>\n<p>Oper\u0103m o linie de vopsire pe baz\u0103 de ap\u0103 complet automat\u0103, special conceput\u0103 pentru cilindri mici \u0219i medii, cu robo\u021bi automatiza\u021bi de \u00eenc\u0103rcare, desc\u0103rcare \u0219i pulverizare. Acest sistem de ultim\u0103 genera\u021bie se m\u00e2ndre\u0219te cu o capacitate de produc\u021bie de 4.000 de unit\u0103\u021bi pe schimb. \u00cen plus, avem o linie de vopsire semiautomat\u0103 pentru cilindri de dimensiuni mari, ac\u021bionat\u0103 de un lan\u021b, cu o capacitate proiectat\u0103 de 60 de l\u0103zi pe schimb.<\/p>\n<h2><img loading=\"lazy\" decoding=\"async\" class=\"alignnone size-full wp-image-16973\" src=\"https:\/\/www.hydraulic-cylinders.net\/wp-content\/uploads\/2025\/01\/hydraulic-cylinder-factory-2-scaled.webp\" alt=\"\" width=\"2011\" height=\"2560\" srcset=\"https:\/\/www.hydraulic-cylinders.net\/wp-content\/uploads\/2025\/01\/hydraulic-cylinder-factory-2-scaled.webp 2011w, https:\/\/www.hydraulic-cylinders.net\/wp-content\/uploads\/2025\/01\/hydraulic-cylinder-factory-2-1280x1629.webp 1280w, https:\/\/www.hydraulic-cylinders.net\/wp-content\/uploads\/2025\/01\/hydraulic-cylinder-factory-2-980x1248.webp 980w, https:\/\/www.hydraulic-cylinders.net\/wp-content\/uploads\/2025\/01\/hydraulic-cylinder-factory-2-480x611.webp 480w\" sizes=\"(min-width: 0px) and (max-width: 480px) 480px, (min-width: 481px) and (max-width: 980px) 980px, (min-width: 981px) and (max-width: 1280px) 1280px, (min-width: 1281px) 2011px, 100vw\" \/><\/h2>\n<p>Pentru a \u00eembun\u0103t\u0103\u021bi performan\u021ba produselor \u0219i a ne consolida pozi\u021bia de lider \u00een industria cilindrilor hidraulici, am \u00eencheiat un parteneriat cu ZJIMEE pentru a \u00eenfiin\u021ba un laborator cuprinz\u0103tor de performan\u021b\u0103 dedicat cilindrilor, valvelor \u0219i pompelor hidraulice. Acest laborator avansat utilizeaz\u0103 testarea asistat\u0103 de computer cu tehnologie electrohidraulic\u0103, permi\u021b\u00e2nd condi\u021bii de testare prestabilite care \u00eembun\u0103t\u0103\u021besc precizia \u0219i versatilitatea sistemului. Procesul automat de colectare a datelor utilizeaz\u0103 senzori pentru a colecta date de ie\u0219ire, cum ar fi scurgerile interne \u0219i eficien\u021ba sarcinii, care sunt apoi procesate de un computer \u0219i convertite \u00een unit\u0103\u021bi standard (ml\/min%).<\/p>\n<p>\u00cen plus, pentru a asigura siguran\u021ba sistemelor noastre hidraulice, implement\u0103m monitorizarea st\u0103rii parametrilor cheie de performan\u021b\u0103, inclusiv temperatura uleiului, nivelul lichidului \u0219i starea dispozitivului de filtrare. Standul nostru de testare a cilindrilor hidraulici este capabil s\u0103 evalueze \u201eeficien\u021ba sarcinii\u201d \u0219i \u201escurgerile interne\u201d prin citiri precise. De asemenea, este echipat cu un instrument de m\u0103surare cu rigl\u0103 tip r\u0103z\u0103toare care \u00eendepline\u0219te standardele na\u021bionale, asigur\u00e2nd conformitatea cu toate cerin\u021bele de testare pentru produsele cu cilindri hidraulici.<\/p>\n<p>Cilindrii hidraulici de ridicare pentru macarale pe \u0219enile demonstreaz\u0103 dedicarea noastr\u0103 fa\u021b\u0103 de calitate \u0219i performan\u021b\u0103, fiind concepu\u021bi ca cilindri hidraulici de mare putere pentru ridicarea bra\u021bului macaralelor pe \u0219enile, \u00een special pentru modelele de la Liebherr, Manitowoc \u0219i Kobelco. Av\u00e2nd \u00eencrederea majorilor produc\u0103tori de echipamente la nivel global, produsele noastre \u0219i-au c\u00e2\u0219tigat o reputa\u021bie solid\u0103 pentru fiabilitate, Ever-Power Huachang Hydraulic fiind recunoscut ca lider \u00een fabricarea cilindrilor hidraulici.<\/p>\n<\/section>","protected":false},"excerpt":{"rendered":"<p>Lift Hydraulic Cylinders for Crawler Crane The Lift Hydraulic Cylinders for Crawler Crane, meticulously designed by Ever-Power Huachang Hydraulic, are engineered to deliver exceptional lifting power and precision for crawler crane operations, compatible with models like Liebherr LR 1300, Manitowoc 14000, and Kobelco CKE2500. This hydraulic cylinder for crawler crane boom ensures seamless and controlled [&hellip;]<\/p>","protected":false},"featured_media":20158,"comment_status":"open","ping_status":"closed","template":"","meta":{"_et_pb_use_builder":"","_et_pb_old_content":"","_et_gb_content_width":""},"product_brand":[],"product_cat":[1514],"product_tag":[],"class_list":{"0":"post-20148","1":"product","2":"type-product","3":"status-publish","4":"has-post-thumbnail","6":"product_cat-mobile-crane-hydraulic-cylinders","8":"first","9":"instock","10":"shipping-taxable","11":"product-type-simple"},"amp_enabled":true,"_links":{"self":[{"href":"https:\/\/www.hydraulic-cylinders.net\/ro\/wp-json\/wp\/v2\/product\/20148","targetHints":{"allow":["GET"]}}],"collection":[{"href":"https:\/\/www.hydraulic-cylinders.net\/ro\/wp-json\/wp\/v2\/product"}],"about":[{"href":"https:\/\/www.hydraulic-cylinders.net\/ro\/wp-json\/wp\/v2\/types\/product"}],"replies":[{"embeddable":true,"href":"https:\/\/www.hydraulic-cylinders.net\/ro\/wp-json\/wp\/v2\/comments?post=20148"}],"wp:featuredmedia":[{"embeddable":true,"href":"https:\/\/www.hydraulic-cylinders.net\/ro\/wp-json\/wp\/v2\/media\/20158"}],"wp:attachment":[{"href":"https:\/\/www.hydraulic-cylinders.net\/ro\/wp-json\/wp\/v2\/media?parent=20148"}],"wp:term":[{"taxonomy":"product_brand","embeddable":true,"href":"https:\/\/www.hydraulic-cylinders.net\/ro\/wp-json\/wp\/v2\/product_brand?post=20148"},{"taxonomy":"product_cat","embeddable":true,"href":"https:\/\/www.hydraulic-cylinders.net\/ro\/wp-json\/wp\/v2\/product_cat?post=20148"},{"taxonomy":"product_tag","embeddable":true,"href":"https:\/\/www.hydraulic-cylinders.net\/ro\/wp-json\/wp\/v2\/product_tag?post=20148"}],"curies":[{"name":"wp","href":"https:\/\/api.w.org\/{rel}","templated":true}]}}