{"id":20173,"date":"2025-05-12T02:57:12","date_gmt":"2025-05-12T02:57:12","guid":{"rendered":"https:\/\/www.hydraulic-cylinders.net\/?post_type=product&#038;p=20173"},"modified":"2025-05-12T05:09:56","modified_gmt":"2025-05-12T05:09:56","slug":"luffing-hydraulic-cylinders-for-telescopic-crawler-crane","status":"publish","type":"product","link":"https:\/\/www.hydraulic-cylinders.net\/ro\/produs\/luffing-hydraulic-cylinders-for-telescopic-crawler-crane\/","title":{"rendered":"Cilindri hidraulici cu rabatare pentru macara telescopic\u0103 pe \u0219enile"},"content":{"rendered":"<h1 style=\"text-align: center;\"><strong>Cilindri hidraulici cu rabatare pentru macara telescopic\u0103 pe \u0219enile<\/strong><\/h1>\n<p><img loading=\"lazy\" decoding=\"async\" class=\"wp-image-20174 aligncenter\" src=\"https:\/\/www.hydraulic-cylinders.net\/wp-content\/uploads\/2025\/05\/luffing-hydraulic-cylinder-for-telescopic.webp\" alt=\"Cilindru hidraulic cu rabat pentru macara telescopic\u0103 pe \u0219enile\" width=\"500\" height=\"500\" srcset=\"https:\/\/www.hydraulic-cylinders.net\/wp-content\/uploads\/2025\/05\/luffing-hydraulic-cylinder-for-telescopic.webp 500w, https:\/\/www.hydraulic-cylinders.net\/wp-content\/uploads\/2025\/05\/luffing-hydraulic-cylinder-for-telescopic-480x480.webp 480w\" sizes=\"(min-width: 0px) and (max-width: 480px) 480px, (min-width: 481px) 500px, 100vw\" \/><\/p>\n<section id=\"introduction\">Cilindrii hidraulici cu rabatabil pentru macarale telescopice pe \u0219enile de la ever-power huachang hydraulic sunt cilindri hidraulici avansa\u021bi pentru solu\u021bii de macarale telescopice pe \u0219enile, concepu\u021bi pentru a controla unghiul bra\u021bului cu precizie. Compatibil cu modelele, acest cilindru hidraulic cu rabatabil \u00eembun\u0103t\u0103\u021be\u0219te opera\u021biunile de ridicare a macaralelor telescopice \u00een construc\u021bii, minerit \u0219i medii industriale. Proiectat pentru durabilitate, cilindrul hidraulic al macaralei pe \u0219enile ofer\u0103 un cilindru hidraulic robust, construit pentru a gestiona cu u\u0219urin\u021b\u0103 sarcini dificile.<\/section>\n<section id=\"specifications\">\n<h2><strong>Specifica\u021bii tehnice:<\/strong><\/h2>\n<p><img loading=\"lazy\" decoding=\"async\" class=\"aligncenter wp-image-20176 size-full\" src=\"https:\/\/www.hydraulic-cylinders.net\/wp-content\/uploads\/2025\/05\/telescopic-crawler-crane.webp\" alt=\"Construc\u021bie macarale telescopice pe \u0219enile\" width=\"640\" height=\"358\" srcset=\"https:\/\/www.hydraulic-cylinders.net\/wp-content\/uploads\/2025\/05\/telescopic-crawler-crane.webp 640w, https:\/\/www.hydraulic-cylinders.net\/wp-content\/uploads\/2025\/05\/telescopic-crawler-crane-480x269.webp 480w\" sizes=\"(min-width: 0px) and (max-width: 480px) 480px, (min-width: 481px) 640px, 100vw\" \/><\/p>\n<p><strong>Func\u0163ie:<\/strong> Controleaz\u0103 mi\u0219carea bra\u021bului principal<br \/>\n<strong>Diametrul cilindrului:<\/strong> 220mm-320mm<br \/>\n<strong>Diametrul tijei:<\/strong> 180mm-280mm<br \/>\n<strong>Voiaj:<\/strong> 2000mm-4000mm<br \/>\n<strong>Presiune maxim\u0103:<\/strong> 32MPa<br \/>\n<strong>Trac\u021biune maxim\u0103:<\/strong> 2574KN<\/p>\n<\/section>\n<section id=\"features\">\n<h2><strong>Caracteristici cheie ale cilindrilor hidraulici cu rabatare pentru macaraua telescopic\u0103 pe \u0219enile:<\/strong><\/h2>\n<ul>\n<li><strong>Control precis al \u00eenclin\u0103rii \u00een jos:<\/strong> Cilindrii hidraulici cu rabatare pentru macaralele telescopice pe \u0219enile ofer\u0103 ajust\u0103ri precise ale unghiului bra\u021bului, ceea ce face ca acest cilindru telescopic de macara s\u0103 fie ideal pentru ridicarea \u00een spa\u021bii \u00eenguste \u0219i terenuri complexe.<\/li>\n<li><strong>Construc\u021bie robust\u0103:<\/strong>\u00a0Construit din o\u021bel aliat de \u00eenalt\u0103 rezisten\u021b\u0103 \u0219i un strat rezistent la coroziune, acest cilindru hidraulic pentru macarale telescopice pe \u0219enile rezist\u0103 la medii dure, asigur\u00e2nd performan\u021be de lung\u0103 durat\u0103 ca cilindru de ridicare a bra\u021belor pentru macarale de mare tonaj.<\/li>\n<li><strong>Design personalizabil:<\/strong>\u00a0Cu lungimi ale cursei \u0219i alezaje reglabile, cilindrul hidraulic al macaralei pe \u0219enile cu control al \u00eenclin\u0103rii se adapteaz\u0103 la diverse nevoi de ridicare a macaralelor telescopice, sporind flexibilitatea opera\u021bional\u0103.<\/li>\n<li><strong>Eficien\u021b\u0103 la presiune \u00eenalt\u0103:<\/strong>\u00a0Proiectat s\u0103 suporte p\u00e2n\u0103 la 400 bar, acest cilindru hidraulic rabatabil asigur\u0103 o putere fiabil\u0103 pentru aplica\u021bii cu cilindri hidraulici de mare tonaj, reduc\u00e2nd la minimum timpul de nefunc\u021bionare \u00een timpul opera\u021biunilor cu macaraua.<\/li>\n<\/ul>\n<\/section>\n<section id=\"applications\">\n<h2><strong>Aplica\u021bii ale cilindrilor hidraulici cu rabatare pentru macarale telescopice pe \u0219enile:<\/strong><\/h2>\n<p><img loading=\"lazy\" decoding=\"async\" class=\"alignnone size-full wp-image-20177\" src=\"https:\/\/www.hydraulic-cylinders.net\/wp-content\/uploads\/2025\/05\/luffing-hydraulic-cylinders-for-telescopic-crawler-crane-application.webp\" alt=\"Cilindri hidraulici cu rabatare pentru aplica\u021bii de macara telescopic\u0103 pe \u0219enile\" width=\"1077\" height=\"616\" srcset=\"https:\/\/www.hydraulic-cylinders.net\/wp-content\/uploads\/2025\/05\/luffing-hydraulic-cylinders-for-telescopic-crawler-crane-application.webp 1077w, https:\/\/www.hydraulic-cylinders.net\/wp-content\/uploads\/2025\/05\/luffing-hydraulic-cylinders-for-telescopic-crawler-crane-application-980x561.webp 980w, https:\/\/www.hydraulic-cylinders.net\/wp-content\/uploads\/2025\/05\/luffing-hydraulic-cylinders-for-telescopic-crawler-crane-application-480x275.webp 480w\" sizes=\"(min-width: 0px) and (max-width: 480px) 480px, (min-width: 481px) and (max-width: 980px) 980px, (min-width: 981px) 1077px, 100vw\" \/><\/p>\n<ul>\n<li><strong>Proiecte de construc\u021bii \u00eenalte:<\/strong> Cilindrii hidraulici cu rabatabil pentru macaralele telescopice pe \u0219enile exceleaz\u0103 \u00een construc\u021biile \u00eenalte, cum ar fi zg\u00e2rie-nori \u0219i instala\u021biile de poduri, oferind un \u00eenlocuitor pentru cilindrul macaralei telescopice pe \u0219enile pentru pozi\u021bionarea precis\u0103 a sarcinii. Cu cilindrul hidraulic al macaralei pe \u0219enile cu control al rabatabilului, acesta asigur\u0103 ajust\u0103ri precise ale bra\u021bului \u00een spa\u021bii urbane \u00eenguste, sporind siguran\u021ba \u0219i productivitatea operatorilor care manipuleaz\u0103 materiale grele, cum ar fi grinzi de o\u021bel \u0219i panouri prefabricate din beton.<\/li>\n<li><strong>Opera\u021biuni miniere \u00een terenuri accidentate:<\/strong>\u00a0Conceput pentru cele mai dificile medii miniere, acest cilindru hidraulic pentru ridicarea cu macarale telescopice asigur\u0103 ajust\u0103ri stabile \u0219i controlate ale bra\u021bului la manipularea sarcinilor grele, cum ar fi minereu sau echipamente mari, pe terenuri neuniforme. Cilindrul hidraulic de mare tonaj pentru macarale rezist\u0103 la condi\u021bii abrazive, cum ar fi praful \u0219i umezeala, oferind o solu\u021bie fiabil\u0103 de cilindru hidraulic pentru macarale pe \u0219enile, care spore\u0219te eficien\u021ba opera\u021bional\u0103 \u0219i minimizeaz\u0103 timpii de nefunc\u021bionare \u00een siturile miniere \u00eendep\u0103rtate.<\/li>\n<li><strong>Ridicare industrial\u0103 \u00een industria grea:<\/strong>\u00a0Ideal pentru aplica\u021bii industriale precum \u00eentre\u021binerea centralelor electrice \u0219i opera\u021biunile \u00een \u0219antierele navale, cilindrul telescopic al macaralei faciliteaz\u0103 manipularea sigur\u0103 \u0219i eficient\u0103 a sarcinilor supradimensionate, cum ar fi turbinele sau containerele maritime. Cilindrul hidraulic cu rabatabil ofer\u0103 un control lin pentru sarcini complexe de ridicare, sus\u021binut de un design robust al cilindrului hidraulic care asigur\u0103 durabilitate \u0219i precizie \u00een condi\u021bii dificile, \u00eembun\u0103t\u0103\u021bind fluxul de lucru \u00een mediile industriale cu riscuri ridicate.<\/li>\n<\/ul>\n<\/section>\n<section id=\"explore-more\">\n<h2><strong>Explora\u021bi mai mul\u021bi cilindri pentru macarale pe \u0219enile:<\/strong><\/h2>\n<p dir=\"auto\">Oferim o selec\u021bie extins\u0103 de cilindri pentru macarale pe \u0219enile pentru a r\u0103spunde unei game largi de cerin\u021be de ridicare. De la cilindri hidraulici pentru ridicarea macaralelor telescopice p\u00e2n\u0103 la cilindri de ridicare pentru sarcini grele pentru macarale, Ever-Power Huachang Hydraulic ofer\u0103 solu\u021bii personalizate pentru nevoile dumneavoastr\u0103. Explora\u021bi gama noastr\u0103 complet\u0103 de <a href=\"https:\/\/www.hydraulic-cylinders.net\/ro\/mobile-crane-hydraulic-cylinders\/\">cilindri de macara pe \u0219enile<\/a> pentru a g\u0103si solu\u021bia perfect\u0103 pentru opera\u021biunile dumneavoastr\u0103 cu macaraua.<\/p>\n<h2 class=\"header-jfw95c auto-hide-last-sibling-br\"><strong>Care sunt elementele comune de \u00eentre\u021binere pentru cilindrii hidraulici cu rabatabil pentru macaralele telescopice pe \u0219enile?<\/strong><\/h2>\n<ul class=\"auto-hide-last-sibling-br\">\n<li><strong>Inspec\u021bii regulate<\/strong>Verifica\u021bi vizual cilindrii hidraulici de \u00eenclinare pentru a depista orice semne de deteriorare, scurgeri sau uzur\u0103 excesiv\u0103. Examina\u021bi garniturile de ulei din jurul cilindrului, verifica\u021bi dac\u0103 exist\u0103 garnituri deteriorate, tije \u00eendoite sau alte probleme vizibile. De asemenea, inspecta\u021bi furtunurile \u0219i conexiunile hidraulice pentru uzur\u0103, fisuri sau scurgeri.<\/li>\n<li><strong>Verificarea nivelului de lichid<\/strong>Monitoriza\u021bi periodic nivelul lichidului hidraulic din sistem pentru a v\u0103 asigura c\u0103 este la nivelul corect, conform recomand\u0103rilor produc\u0103torului. Dac\u0103 nivelul lichidului este sc\u0103zut, ad\u0103uga\u021bi lichidul hidraulic corespunz\u0103tor, conform specifica\u021biilor.<\/li>\n<li><strong>Calitatea fluidelor<\/strong>Verifica\u021bi calitatea \u0219i starea fluidului hidraulic. C\u0103uta\u021bi orice semne de contaminare, cum ar fi murd\u0103rie, ap\u0103 sau resturi. Dac\u0103 fluidul pare tulbure sau contaminat, poate fi necesar\u0103 golirea \u0219i \u00eenlocuirea acestuia.<\/li>\n<li><strong>Lubrifiere componente<\/strong>Lubrifia\u021bi componentele mobile ale cilindrului hidraulic de ridicare a ro\u021bii conform recomand\u0103rilor produc\u0103torului. Aceasta poate implica aplicarea de vaselin\u0103 \u00een anumite puncte, cum ar fi articula\u021biile pivotante sau capetele de tij\u0103, pentru a asigura o func\u021bionare lin\u0103 \u0219i a reduce frecarea.<\/li>\n<li><strong>Inspec\u021bia \u0219i \u00eenlocuirea sigiliilor<\/strong>Cilindrii hidraulici cu rabatare lateral\u0103 utilizeaz\u0103 garnituri pentru a preveni scurgerile de fluid \u0219i a men\u021bine integritatea sistemului. Inspecta\u021bi garniturile \u00een mod regulat pentru uzur\u0103, deteriorare sau semne de scurgeri. Dac\u0103 vreo garnitur\u0103 este compromis\u0103, aceasta trebuie \u00eenlocuit\u0103 prompt pentru a preveni pierderea de fluid \u0219i o posibil\u0103 defectare a cilindrului.<\/li>\n<\/ul>\n<\/section>\n<section id=\"company-introduction\">\n<h2><strong>Despre Ever-Power Huachang Hydraulic:<\/strong><\/h2>\n<h2><img loading=\"lazy\" decoding=\"async\" class=\"alignnone size-full wp-image-16972\" src=\"https:\/\/www.hydraulic-cylinders.net\/wp-content\/uploads\/2025\/01\/hydraulic-cylinder-factory-1-scaled.webp\" alt=\"\" width=\"2016\" height=\"2560\" srcset=\"https:\/\/www.hydraulic-cylinders.net\/wp-content\/uploads\/2025\/01\/hydraulic-cylinder-factory-1-scaled.webp 2016w, https:\/\/www.hydraulic-cylinders.net\/wp-content\/uploads\/2025\/01\/hydraulic-cylinder-factory-1-1280x1625.webp 1280w, https:\/\/www.hydraulic-cylinders.net\/wp-content\/uploads\/2025\/01\/hydraulic-cylinder-factory-1-980x1244.webp 980w, https:\/\/www.hydraulic-cylinders.net\/wp-content\/uploads\/2025\/01\/hydraulic-cylinder-factory-1-480x610.webp 480w\" sizes=\"(min-width: 0px) and (max-width: 480px) 480px, (min-width: 481px) and (max-width: 980px) 980px, (min-width: 981px) and (max-width: 1280px) 1280px, (min-width: 1281px) 2016px, 100vw\" \/><\/h2>\n<p dir=\"auto\">Ever-Power Huachang Hydraulic este lider \u00een industrie cu o platform\u0103 avansat\u0103 de cercetare \u0219i dezvoltare, axat\u0103 pe solu\u021bii inovatoare pentru cilindri hidraulici. Inginerii no\u0219tri exper\u021bi dezvolt\u0103 componente de \u00eenalt\u0103 performan\u021b\u0103, asigur\u00e2nd o calitate superioar\u0103 pentru aplica\u021bii precum macarale auto \u0219i macarale telescopice pe \u0219enile.<\/p>\n<p dir=\"auto\">Facilitatea noastr\u0103 modern\u0103 de produc\u021bie integreaz\u0103 linii de asamblare automate \u0219i prelucr\u0103ri mecanice de precizie, produc\u00e2nd p\u00e2n\u0103 la 1 milion de butelii anual. Cu ateliere specializate pentru cur\u0103\u021bare, asamblare \u0219i acoperire, livr\u0103m butelii durabile, adaptate la diverse specifica\u021bii, sporind eficien\u021ba opera\u021bional\u0103.<\/p>\n<h2><img loading=\"lazy\" decoding=\"async\" class=\"alignnone size-full wp-image-16973\" src=\"https:\/\/www.hydraulic-cylinders.net\/wp-content\/uploads\/2025\/01\/hydraulic-cylinder-factory-2-scaled.webp\" alt=\"\" width=\"2011\" height=\"2560\" srcset=\"https:\/\/www.hydraulic-cylinders.net\/wp-content\/uploads\/2025\/01\/hydraulic-cylinder-factory-2-scaled.webp 2011w, https:\/\/www.hydraulic-cylinders.net\/wp-content\/uploads\/2025\/01\/hydraulic-cylinder-factory-2-1280x1629.webp 1280w, https:\/\/www.hydraulic-cylinders.net\/wp-content\/uploads\/2025\/01\/hydraulic-cylinder-factory-2-980x1248.webp 980w, https:\/\/www.hydraulic-cylinders.net\/wp-content\/uploads\/2025\/01\/hydraulic-cylinder-factory-2-480x611.webp 480w\" sizes=\"(min-width: 0px) and (max-width: 480px) 480px, (min-width: 481px) and (max-width: 980px) 980px, (min-width: 981px) and (max-width: 1280px) 1280px, (min-width: 1281px) 2011px, 100vw\" \/><\/h2>\n<p dir=\"auto\">Prioritiz\u0103m calitatea prin intermediul unui laborator de testare dedicat, \u00een colaborare cu ZJIMEE, utiliz\u00e2nd teste electrohidraulice asistate de computer pentru a m\u0103sura parametri de performan\u021b\u0103 precum eficien\u021ba \u00eenc\u0103rc\u0103rii \u0219i scurgerile interne. Acest lucru garanteaz\u0103 c\u0103 produsele noastre \u00eendeplinesc standarde interna\u021bionale stricte de siguran\u021b\u0103 \u0219i fiabilitate.<\/p>\n<p dir=\"auto\">Cilindrii hidraulici cu contragreutate pentru macarale auto exemplific\u0103 angajamentul nostru fa\u021b\u0103 de excelen\u021b\u0103, fiind concepu\u021bi ca cilindri hidraulici de mare putere pentru modele precum Terex \u0219i Grove. Cu \u00eencredere la nivel global, Ever-Power Huachang Hydraulic este un lider recunoscut \u00een fabricarea de cilindri hidraulici.<\/p>\n<\/section>","protected":false},"excerpt":{"rendered":"<p>Luffing Hydraulic Cylinders for Telescopic Crawler Crane The luffing hydraulic cylinders for telescopic crawler crane from ever-power huachang hydraulic are advanced hydraulic cylinder for telescopic crawler crane solutions, designed to control boom angle with precision. Compatible with models, this luffing hydraulic cylinder enhances telescopic crane lifting operations in construction, mining, and industrial settings. Engineered for [&hellip;]<\/p>","protected":false},"featured_media":20175,"comment_status":"open","ping_status":"closed","template":"","meta":{"_et_pb_use_builder":"","_et_pb_old_content":"","_et_gb_content_width":""},"product_brand":[],"product_cat":[1514],"product_tag":[],"class_list":{"0":"post-20173","1":"product","2":"type-product","3":"status-publish","4":"has-post-thumbnail","6":"product_cat-mobile-crane-hydraulic-cylinders","8":"first","9":"instock","10":"shipping-taxable","11":"product-type-simple"},"amp_enabled":true,"_links":{"self":[{"href":"https:\/\/www.hydraulic-cylinders.net\/ro\/wp-json\/wp\/v2\/product\/20173","targetHints":{"allow":["GET"]}}],"collection":[{"href":"https:\/\/www.hydraulic-cylinders.net\/ro\/wp-json\/wp\/v2\/product"}],"about":[{"href":"https:\/\/www.hydraulic-cylinders.net\/ro\/wp-json\/wp\/v2\/types\/product"}],"replies":[{"embeddable":true,"href":"https:\/\/www.hydraulic-cylinders.net\/ro\/wp-json\/wp\/v2\/comments?post=20173"}],"wp:featuredmedia":[{"embeddable":true,"href":"https:\/\/www.hydraulic-cylinders.net\/ro\/wp-json\/wp\/v2\/media\/20175"}],"wp:attachment":[{"href":"https:\/\/www.hydraulic-cylinders.net\/ro\/wp-json\/wp\/v2\/media?parent=20173"}],"wp:term":[{"taxonomy":"product_brand","embeddable":true,"href":"https:\/\/www.hydraulic-cylinders.net\/ro\/wp-json\/wp\/v2\/product_brand?post=20173"},{"taxonomy":"product_cat","embeddable":true,"href":"https:\/\/www.hydraulic-cylinders.net\/ro\/wp-json\/wp\/v2\/product_cat?post=20173"},{"taxonomy":"product_tag","embeddable":true,"href":"https:\/\/www.hydraulic-cylinders.net\/ro\/wp-json\/wp\/v2\/product_tag?post=20173"}],"curies":[{"name":"wp","href":"https:\/\/api.w.org\/{rel}","templated":true}]}}