{"id":20179,"date":"2025-05-12T03:33:34","date_gmt":"2025-05-12T03:33:34","guid":{"rendered":"https:\/\/www.hydraulic-cylinders.net\/?post_type=product&#038;p=20179"},"modified":"2025-05-12T05:20:15","modified_gmt":"2025-05-12T05:20:15","slug":"counterweight-hydraulic-cylinders-for-car-crane","status":"publish","type":"product","link":"https:\/\/www.hydraulic-cylinders.net\/ro\/produs\/counterweight-hydraulic-cylinders-for-car-crane\/","title":{"rendered":"Cilindri hidraulici cu contragreutate pentru macara auto"},"content":{"rendered":"<h1 style=\"text-align: center;\"><strong>Cilindri hidraulici cu contragreutate pentru macara auto<\/strong><\/h1>\n<p><img loading=\"lazy\" decoding=\"async\" class=\"wp-image-20180 aligncenter\" src=\"https:\/\/www.hydraulic-cylinders.net\/wp-content\/uploads\/2025\/05\/counterweight-hydraulic-cylinder-for-car-crane-scaled.webp\" alt=\"Cilindru hidraulic contragreutate pentru macara auto\" width=\"500\" height=\"500\" \/><\/p>\n<section id=\"introduction\">Cilindrii hidraulici cu contragreutate pentru macarale auto, fabrica\u021bi de Ever-Power Huachang Hydraulic, sunt cilindri de echilibrare proiecta\u021bi cu precizie, care asigur\u0103 stabilitate \u0219i siguran\u021b\u0103 optime \u00een timpul opera\u021biunilor de ridicare grele. Proiectat pentru o compatibilitate perfect\u0103 cu modelele de macarale auto de top, acest cilindru hidraulic pentru macarale auto \u00eembun\u0103t\u0103\u021be\u0219te gestionarea sarcinii \u00een construc\u021biile urbane, logistic\u0103 \u0219i medii industriale. Fiind un cilindru hidraulic pentru sarcini grele, acesta rezist\u0103 la condi\u021bii de presiune \u00eenalt\u0103 de p\u00e2n\u0103 la 320 bar, oferind performan\u021be fiabile pentru sarcinile de ridicare, reduc\u00e2nd \u00een acela\u0219i timp riscul de r\u0103sturnare. Indiferent dac\u0103 manipula\u021bi structuri metalice sau utilaje grele, acest cilindru pentru macarale auto ofer\u0103 durabilitate \u0219i control de neegalat pentru opera\u021biunile cu macaraua dumneavoastr\u0103.<\/section>\n<section id=\"specifications\">\n<h2><strong>Specifica\u021bii tehnice:<\/strong><\/h2>\n<p><strong>Func\u0163ie:<\/strong> Controleaz\u0103 ac\u021biunea contragreut\u0103\u021bii<br \/>\n<strong>Diametrul cilindrului:<\/strong> 160mm-180mm<br \/>\n<strong>Diametrul tijei:<\/strong> 90mm-150mm<br \/>\n<strong>Voiaj:<\/strong> 180 mm - 400 mm<br \/>\n<strong>Presiune maxim\u0103:<\/strong> 25MPa<br \/>\n<strong>Trac\u021biune maxim\u0103:<\/strong> 1540KN<\/p>\n<\/section>\n<section id=\"features\">\n<h2><strong>Caracteristici cheie ale cilindrilor hidraulici cu contragreutate pentru macaraua auto:<\/strong><\/h2>\n<ul>\n<li><strong>Precizie superioar\u0103 a echilibr\u0103rii \u00eenc\u0103rc\u0103rii:<\/strong> Cilindrii hidraulici cu contragreutate pentru macarale auto prezint\u0103 un design avansat al cilindrului de echilibrare care asigur\u0103 o distribu\u021bie uniform\u0103 a greut\u0103\u021bii, oferind o stabilitate excep\u021bional\u0103 pentru opera\u021biunile cilindrului macaralei auto \u00een timpul ridic\u0103rilor de mare capacitate \u00een medii urbane.<\/li>\n<li><strong>Construc\u021bie de \u00eenalt\u0103 durabilitate:<\/strong>\u00a0Fabricat din o\u021bel de \u00eenalt\u0103 rezisten\u021b\u0103 cu tratament anticoroziv, acest cilindru hidraulic pentru macarale auto rezist\u0103 la uzura cauzat\u0103 de elemente dure precum umezeala \u0219i praful, ceea ce \u00eel face un cilindru contragreutate fiabil pentru macarale \u00een condi\u021bii dificile.<\/li>\n<li><strong>Personalizabil pentru nevoi diverse:<\/strong>\u00a0Cu alezaje \u0219i lungimi de curs\u0103 reglabile, acest cilindru pentru macaraua auto, destinat echilibr\u0103rii sarcinii, poate fi adaptat cerin\u021belor specifice de ridicare, oferind flexibilitate pentru o varietate de modele \u0219i aplica\u021bii de macarale, de la construc\u021bii la logistic\u0103.<\/li>\n<li><strong>Optimizat pentru performan\u021b\u0103 la presiune \u00eenalt\u0103:<\/strong>\u00a0Proiectat s\u0103 func\u021bioneze eficient la o presiune de p\u00e2n\u0103 la 320 bar, acest cilindru hidraulic cu contragreutate ofer\u0103 o putere constant\u0103 cu pierderi minime de energie, asigur\u00e2nd opera\u021biuni de ridicare line \u0219i sigure, reduc\u00e2nd \u00een acela\u0219i timp costurile opera\u021bionale.<\/li>\n<li><strong>\u00centre\u021binere redus\u0103 \u0219i durat\u0103 lung\u0103 de via\u021b\u0103:<\/strong>\u00a0Dotat cu tehnologie avansat\u0103 de etan\u0219are \u0219i prelucrare de precizie, acest cilindru hidraulic de mare putere minimizeaz\u0103 scurgerile \u0219i uzura, reduc\u00e2nd nevoile de \u00eentre\u021binere \u0219i prelungind durata de via\u021b\u0103 a macaralei auto, chiar \u0219i \u00een condi\u021bii de utilizare frecvent\u0103.<\/li>\n<\/ul>\n<\/section>\n<section id=\"applications\">\n<h2><strong>Aplica\u021bii ale cilindrilor hidraulici cu contragreutate pentru macaraua auto:<\/strong><\/h2>\n<h2><strong><img loading=\"lazy\" decoding=\"async\" class=\"alignnone size-full wp-image-20183\" src=\"https:\/\/www.hydraulic-cylinders.net\/wp-content\/uploads\/2025\/05\/counterweight-hydraulic-cylinder-for-car-crane-application.webp\" alt=\"\" width=\"1080\" height=\"617\" srcset=\"https:\/\/www.hydraulic-cylinders.net\/wp-content\/uploads\/2025\/05\/counterweight-hydraulic-cylinder-for-car-crane-application.webp 1080w, https:\/\/www.hydraulic-cylinders.net\/wp-content\/uploads\/2025\/05\/counterweight-hydraulic-cylinder-for-car-crane-application-980x560.webp 980w, https:\/\/www.hydraulic-cylinders.net\/wp-content\/uploads\/2025\/05\/counterweight-hydraulic-cylinder-for-car-crane-application-480x274.webp 480w\" sizes=\"(min-width: 0px) and (max-width: 480px) 480px, (min-width: 481px) and (max-width: 980px) 980px, (min-width: 981px) 1080px, 100vw\" \/><\/strong><\/h2>\n<ul>\n<li><strong>Construc\u021bii urbane pentru proiecte de cl\u0103diri \u00eenalte:<\/strong> Cilindrii hidraulici cu contragreutate pentru macarale auto sunt ideali pentru sarcini de construc\u021bii urbane, cum ar fi asamblarea structurilor metalice pentru cl\u0103diri \u00eenalte sau instalarea panourilor prefabricate. Acest cilindru de echilibrare pentru opera\u021biuni cu macarale auto asigur\u0103 o gestionare precis\u0103 a sarcinii \u00een spa\u021bii restr\u00e2nse, sporind siguran\u021ba \u0219i reduc\u00e2nd riscul de r\u0103sturnare \u00een timpul ridic\u0103rilor grele.<\/li>\n<li><strong>Logistic\u0103 \u0219i manipulare m\u0103rfuri grele:<\/strong>\u00a0\u00cen opera\u021biunile logistice, acest cilindru hidraulic pentru stabilitatea macaralei auto sus\u021bine mi\u0219carea sigur\u0103 \u0219i eficient\u0103 a m\u0103rfurilor grele, cum ar fi containerele maritime \u0219i pale\u021bii mari, \u00een depozite sau porturi. Cilindrul macaralei auto pentru echilibrarea sarcinii \u00eembun\u0103t\u0103\u021be\u0219te manevrabilitatea macaralei, sporind productivitatea \u00een medii cu ritm rapid.<\/li>\n<li><strong>Asamblare industrial\u0103 \u00een fabrici:<\/strong>\u00a0Perfect pentru medii industriale precum industria auto sau produc\u021bia de utilaje, acest cilindru hidraulic cu contragreutate faciliteaz\u0103 pozi\u021bionarea precis\u0103 a componentelor grele, cum ar fi presele de linie de asamblare sau blocurile motor. Fiind un cilindru hidraulic cu contragreutate pentru macarale de mare putere, asigur\u0103 ridic\u0103ri stabile \u0219i controlate, eficientiz\u00e2nd fluxurile de lucru din fabric\u0103.<\/li>\n<\/ul>\n<\/section>\n<section id=\"explore-more\">\n<h2><strong>Explora\u021bi mai mul\u021bi cilindri pentru macarale auto:<\/strong><\/h2>\n<p>Oferim o gam\u0103 divers\u0103 de cilindri pentru macarale auto, pentru a satisface diverse cerin\u021be de ridicare. Indiferent dac\u0103 ave\u021bi nevoie de un cilindru hidraulic pentru stabilitatea macaralei auto sau de un cilindru de contragreutate pentru macarale de mare putere, Ever-Power Huachang Hydraulic ofer\u0103 solu\u021bii personalizate. Descoperi\u021bi colec\u021bia noastr\u0103 complet\u0103 de <a href=\"https:\/\/www.hydraulic-cylinders.net\/ro\/mobile-crane-hydraulic-cylinders\/\">cilindri de macara auto<\/a>.<\/p>\n<\/section>\n<div class=\"container-hfX5E8 flow-markdown-body theme-samantha-yJEgBp\" dir=\"ltr\" data-testid=\"message_text_content\" data-show-indicator=\"false\">\n<h2 class=\"header-jfw95c auto-hide-last-sibling-br\"><strong>Care sunt principalele avantaje ale utiliz\u0103rii unui cilindru hidraulic cu contragreutate \u00eentr-o macara?<\/strong><\/h2>\n<div class=\"auto-hide-last-sibling-br paragraph-qzbcQC paragraph-element br-paragraph-space\">Utilizarea unui cilindru hidraulic cu contragreutate \u00eentr-o macara ofer\u0103 mai multe avantaje semnificative:<\/div>\n<h3><strong>Stabilitate \u00eembun\u0103t\u0103\u021bit\u0103<\/strong>:<\/h3>\n<h3><img loading=\"lazy\" decoding=\"async\" class=\"aligncenter wp-image-20184 size-full\" src=\"https:\/\/www.hydraulic-cylinders.net\/wp-content\/uploads\/2025\/05\/counterweight-hydraulic-cylinder-for-car-crane-1-1.webp\" alt=\"\" width=\"580\" height=\"326\" srcset=\"https:\/\/www.hydraulic-cylinders.net\/wp-content\/uploads\/2025\/05\/counterweight-hydraulic-cylinder-for-car-crane-1-1.webp 580w, https:\/\/www.hydraulic-cylinders.net\/wp-content\/uploads\/2025\/05\/counterweight-hydraulic-cylinder-for-car-crane-1-1-480x270.webp 480w\" sizes=\"(min-width: 0px) and (max-width: 480px) 480px, (min-width: 481px) 580px, 100vw\" \/><\/h3>\n<p>Un cilindru hidraulic cu contragreutate ajut\u0103 la echilibrarea sarcinii pe macara. Prin ajustarea pozi\u021biei \u0219i a for\u021bei contragreut\u0103\u021bii, aceasta poate contracara cuplul generat de sarcina ridicat\u0103. Acest lucru reduce riscul de r\u0103sturnare a macaralei \u00een timpul opera\u021biunilor de ridicare grele. De exemplu, atunci c\u00e2nd o macara ridic\u0103 un panou prefabricat din beton mare \u0219i greu \u00eentr-un proiect de construc\u021bie \u00eenalt, cilindrul hidraulic cu contragreutate poate fi ajustat pentru a men\u021bine macaraua stabil\u0103.<\/p>\n<\/div>\n<div class=\"container-hfX5E8 flow-markdown-body theme-samantha-yJEgBp\" dir=\"ltr\" data-testid=\"message_text_content\" data-show-indicator=\"false\">\n<h3><strong>Management precis al \u00eenc\u0103rc\u0103turii<\/strong>:<\/h3>\n<p>Acesta permite un control precis al contragreut\u0103\u021bii, ceea ce, la r\u00e2ndul s\u0103u, permite o gestionare mai precis\u0103 a \u00eenc\u0103rc\u0103turii. Cilindrul hidraulic poate fi reglat \u00een timp real \u00een func\u021bie de greutatea \u0219i pozi\u021bia \u00eenc\u0103rc\u0103turii. \u00centr-o opera\u021biune logistic\u0103 \u00een care o macara mut\u0103 containere maritime de diferite greut\u0103\u021bi, cilindrul hidraulic al contragreut\u0103\u021bii poate fi reglat fin pentru a asigura ridicarea \u0219i plasarea lin\u0103 \u0219i sigur\u0103 a containerelor.<\/p>\n<\/div>\n<div>\n<div class=\"image-box-grid-DI7Zd9\" data-finished=\"true\" data-testid=\"message_image_content\">\n<div class=\"image-box-grid-item-hjZBGw\">\n<div class=\"relative w-fit inline-flex\">\n<div class=\"container-pveQEn\"><\/div>\n<\/div>\n<\/div>\n<\/div>\n<\/div>\n<div class=\"container-hfX5E8 flow-markdown-body theme-samantha-yJEgBp\" dir=\"ltr\" data-testid=\"message_text_content\" data-show-indicator=\"false\">\n<h3><strong>Manevrabilitate sporit\u0103<\/strong>:<\/h3>\n<h3><img loading=\"lazy\" decoding=\"async\" class=\"alignnone size-full wp-image-20185\" src=\"https:\/\/www.hydraulic-cylinders.net\/wp-content\/uploads\/2025\/05\/counterweight-hydraulic-cylinder-for-car-crane-2.webp\" alt=\"\" width=\"2048\" height=\"1152\" srcset=\"https:\/\/www.hydraulic-cylinders.net\/wp-content\/uploads\/2025\/05\/counterweight-hydraulic-cylinder-for-car-crane-2.webp 2048w, https:\/\/www.hydraulic-cylinders.net\/wp-content\/uploads\/2025\/05\/counterweight-hydraulic-cylinder-for-car-crane-2-1280x720.webp 1280w, https:\/\/www.hydraulic-cylinders.net\/wp-content\/uploads\/2025\/05\/counterweight-hydraulic-cylinder-for-car-crane-2-980x551.webp 980w, https:\/\/www.hydraulic-cylinders.net\/wp-content\/uploads\/2025\/05\/counterweight-hydraulic-cylinder-for-car-crane-2-480x270.webp 480w\" sizes=\"(min-width: 0px) and (max-width: 480px) 480px, (min-width: 481px) and (max-width: 980px) 980px, (min-width: 981px) and (max-width: 1280px) 1280px, (min-width: 1281px) 2048px, 100vw\" \/><\/h3>\n<p>\u00cen spa\u021bii restr\u00e2nse, cum ar fi \u0219antierele urbane sau fabricile de produc\u021bie, cilindrul hidraulic cu contragreutate \u00eembun\u0103t\u0103\u021be\u0219te manevrabilitatea macaralei. Acesta poate ajusta rapid contragreutatea pentru a se adapta la diferite condi\u021bii \u0219i spa\u021bii de lucru. De exemplu, \u00eentr-o fabric\u0103 de automobile unde se folose\u0219te o macara pentru a pozi\u021biona blocurile motor pe linia de asamblare, cilindrul hidraulic cu contragreutate permite macaralei s\u0103 se mi\u0219te \u0219i s\u0103 func\u021bioneze mai liber \u00een spa\u021biul limitat.<\/p>\n<\/div>\n<div class=\"container-hfX5E8 flow-markdown-body theme-samantha-yJEgBp\" dir=\"ltr\" data-testid=\"message_text_content\" data-show-indicator=\"false\">\n<h3><strong>Siguran\u021b\u0103 \u00eembun\u0103t\u0103\u021bit\u0103<\/strong>:<\/h3>\n<p>Prin asigurarea stabilit\u0103\u021bii \u0219i a gestion\u0103rii precise a sarcinii, cilindrul hidraulic cu contragreutate spore\u0219te semnificativ siguran\u021ba opera\u021biunilor cu macaraua. Acesta reduce probabilitatea accidentelor, cum ar fi c\u0103derea sarcinii sau pr\u0103bu\u0219irea macaralei, protej\u00e2nd at\u00e2t operatorii, c\u00e2t \u0219i mediul \u00eenconjur\u0103tor. Fie c\u0103 este vorba de un proiect de construc\u021bie cu risc ridicat sau de un centru logistic aglomerat, utilizarea unui cilindru hidraulic cu contragreutate este crucial\u0103 pentru men\u021binerea unui mediu de lucru sigur.<\/p>\n<\/div>\n<section id=\"company-introduction\">\n<h2><strong>Despre Ever-Power Huachang Hydraulic:<\/strong><\/h2>\n<h2><img loading=\"lazy\" decoding=\"async\" class=\"alignnone size-full wp-image-16972\" src=\"https:\/\/www.hydraulic-cylinders.net\/wp-content\/uploads\/2025\/01\/hydraulic-cylinder-factory-1-scaled.webp\" alt=\"\" width=\"2016\" height=\"2560\" srcset=\"https:\/\/www.hydraulic-cylinders.net\/wp-content\/uploads\/2025\/01\/hydraulic-cylinder-factory-1-scaled.webp 2016w, https:\/\/www.hydraulic-cylinders.net\/wp-content\/uploads\/2025\/01\/hydraulic-cylinder-factory-1-1280x1625.webp 1280w, https:\/\/www.hydraulic-cylinders.net\/wp-content\/uploads\/2025\/01\/hydraulic-cylinder-factory-1-980x1244.webp 980w, https:\/\/www.hydraulic-cylinders.net\/wp-content\/uploads\/2025\/01\/hydraulic-cylinder-factory-1-480x610.webp 480w\" sizes=\"(min-width: 0px) and (max-width: 480px) 480px, (min-width: 481px) and (max-width: 980px) 980px, (min-width: 981px) and (max-width: 1280px) 1280px, (min-width: 1281px) 2016px, 100vw\" \/><\/h2>\n<p dir=\"auto\">Ever-Power Huachang Hydraulic promoveaz\u0103 inova\u021bia \u00een domeniul cilindrilor hidraulici cu o unitate de cercetare \u0219i dezvoltare de ultim\u0103 genera\u021bie, unde ingineri exper\u021bi proiecteaz\u0103 solu\u021bii de \u00eenalt\u0103 performan\u021b\u0103 pentru aplica\u021bii industriale, inclusiv macarale auto \u0219i echipamente grele.<\/p>\n<p dir=\"auto\">Fabrica noastr\u0103 avansat\u0103 de produc\u021bie dispune de asamblare automatizat\u0103 \u0219i prelucrare de precizie, produc\u00e2nd cilindri personaliza\u021bi cu tehnologie inteligent\u0103 pentru a asigura eficien\u021ba \u0219i respectarea standardelor stricte din industrie, sus\u021bin\u00e2nd modele precum Terex \u0219i Grove.<\/p>\n<h2><img loading=\"lazy\" decoding=\"async\" class=\"alignnone size-full wp-image-16973\" src=\"https:\/\/www.hydraulic-cylinders.net\/wp-content\/uploads\/2025\/01\/hydraulic-cylinder-factory-2-scaled.webp\" alt=\"\" width=\"2011\" height=\"2560\" srcset=\"https:\/\/www.hydraulic-cylinders.net\/wp-content\/uploads\/2025\/01\/hydraulic-cylinder-factory-2-scaled.webp 2011w, https:\/\/www.hydraulic-cylinders.net\/wp-content\/uploads\/2025\/01\/hydraulic-cylinder-factory-2-1280x1629.webp 1280w, https:\/\/www.hydraulic-cylinders.net\/wp-content\/uploads\/2025\/01\/hydraulic-cylinder-factory-2-980x1248.webp 980w, https:\/\/www.hydraulic-cylinders.net\/wp-content\/uploads\/2025\/01\/hydraulic-cylinder-factory-2-480x611.webp 480w\" sizes=\"(min-width: 0px) and (max-width: 480px) 480px, (min-width: 481px) and (max-width: 980px) 980px, (min-width: 981px) and (max-width: 1280px) 1280px, (min-width: 1281px) 2011px, 100vw\" \/><\/h2>\n<p>Men\u021binem calitatea printr-un centru de testare de ultim\u0103 genera\u021bie, valid\u00e2nd performan\u021ba cu diagnostice avansate \u0219i utiliz\u0103m acoperiri ecologice pentru a spori durabilitatea. \u00cen calitate de lider, valorific\u0103m cercetarea bazat\u0103 pe inteligen\u021b\u0103 artificial\u0103 pentru a oferi cilindri hidraulici fiabili pentru sarcini grele, de \u00eencredere la nivel global.<\/p>\n<\/section>","protected":false},"excerpt":{"rendered":"<p>Counterweight Hydraulic Cylinders for Car Crane The counterweight hydraulic cylinders for car crane, crafted by Ever-Power Huachang Hydraulic, are precision-engineered balance cylinders that ensure optimal stability and safety during heavy lifting operations. Designed for seamless compatibility with leading car crane models, this hydraulic cylinder for car crane enhances load management in urban construction, logistics, and [&hellip;]<\/p>","protected":false},"featured_media":20181,"comment_status":"open","ping_status":"closed","template":"","meta":{"_et_pb_use_builder":"","_et_pb_old_content":"","_et_gb_content_width":""},"product_brand":[],"product_cat":[1514],"product_tag":[],"class_list":{"0":"post-20179","1":"product","2":"type-product","3":"status-publish","4":"has-post-thumbnail","6":"product_cat-mobile-crane-hydraulic-cylinders","8":"first","9":"instock","10":"shipping-taxable","11":"product-type-simple"},"amp_enabled":true,"_links":{"self":[{"href":"https:\/\/www.hydraulic-cylinders.net\/ro\/wp-json\/wp\/v2\/product\/20179","targetHints":{"allow":["GET"]}}],"collection":[{"href":"https:\/\/www.hydraulic-cylinders.net\/ro\/wp-json\/wp\/v2\/product"}],"about":[{"href":"https:\/\/www.hydraulic-cylinders.net\/ro\/wp-json\/wp\/v2\/types\/product"}],"replies":[{"embeddable":true,"href":"https:\/\/www.hydraulic-cylinders.net\/ro\/wp-json\/wp\/v2\/comments?post=20179"}],"wp:featuredmedia":[{"embeddable":true,"href":"https:\/\/www.hydraulic-cylinders.net\/ro\/wp-json\/wp\/v2\/media\/20181"}],"wp:attachment":[{"href":"https:\/\/www.hydraulic-cylinders.net\/ro\/wp-json\/wp\/v2\/media?parent=20179"}],"wp:term":[{"taxonomy":"product_brand","embeddable":true,"href":"https:\/\/www.hydraulic-cylinders.net\/ro\/wp-json\/wp\/v2\/product_brand?post=20179"},{"taxonomy":"product_cat","embeddable":true,"href":"https:\/\/www.hydraulic-cylinders.net\/ro\/wp-json\/wp\/v2\/product_cat?post=20179"},{"taxonomy":"product_tag","embeddable":true,"href":"https:\/\/www.hydraulic-cylinders.net\/ro\/wp-json\/wp\/v2\/product_tag?post=20179"}],"curies":[{"name":"wp","href":"https:\/\/api.w.org\/{rel}","templated":true}]}}