{"id":20700,"date":"2025-05-27T06:21:22","date_gmt":"2025-05-27T06:21:22","guid":{"rendered":"https:\/\/www.hydraulic-cylinders.net\/product\/ls-hczd30n-03-forklift-truck-steering-cylinder\/"},"modified":"2025-05-27T06:21:24","modified_gmt":"2025-05-27T06:21:24","slug":"ls-hczd30n-03-forklift-truck-steering-cylinder","status":"publish","type":"product","link":"https:\/\/www.hydraulic-cylinders.net\/ro\/produs\/ls-hczd30n-03-forklift-truck-steering-cylinder\/","title":{"rendered":"Cilindru de direc\u021bie pentru stivuitor LS-HCZD30N-03"},"content":{"rendered":"<h1>Cilindru de direc\u021bie pentru stivuitor LS-HCZD30N-03<\/h1>\n<h2>Prezentare general\u0103 a produsului<\/h2>\n<p>Cilindrul de direc\u021bie pentru stivuitor LS-HCZD30N-03 este o component\u0103 vital\u0103 conceput\u0103 pentru \u00eembun\u0103t\u0103\u021birea mecanismului de direc\u021bie al stivuitoarelor, asigur\u00e2nd o func\u021bionare lin\u0103 \u0219i eficient\u0103. Acest cilindru hidraulic este proiectat pentru a oferi control precis \u0219i stabilitate \u00een timpul manevr\u0103rii sarcinilor grele. Datorit\u0103 construc\u021biei sale robuste \u0219i performan\u021bei fiabile, acesta ajut\u0103 la reducerea semnificativ\u0103 a solicit\u0103rii sistemului de direc\u021bie al stivuitorului, permi\u021b\u00e2nd o manevrare \u0219i o siguran\u021b\u0103 \u00eembun\u0103t\u0103\u021bite \u00een diverse medii opera\u021bionale.<\/p>\n<p>Acest cilindru hidraulic de \u00eenalt\u0103 calitate are un diametru al cilindrului de 65 mm, un diametru al tijei de 40 mm \u0219i o lungime de curs\u0103 de 187,2 mm, ceea ce \u00eel face o alegere excelent\u0103 pentru diverse aplica\u021bii cu stivuitoare. Distan\u021ba sa de instalare de 676 mm asigur\u0103 compatibilitatea cu o gam\u0103 larg\u0103 de modele de stivuitoare, ceea ce \u00eel face o solu\u021bie versatil\u0103 pentru ridicarea \u0219i transportul m\u0103rfurilor.<\/p>\n<h2>Specifica\u021bii ale produsului<\/h2>\n<h3>Parametri cheie<\/h3>\n<ul>\n<li><strong>Diametrul cilindrului:<\/strong> 65 mm<\/li>\n<li><strong>Diametrul tijei:<\/strong> 40 mm<\/li>\n<li><strong>Voiaj:<\/strong> 187,2 mm<\/li>\n<li><strong>Distan\u021ba de instalare:<\/strong> 676 mm<\/li>\n<\/ul>\n<p>Aceste specifica\u021bii eviden\u021biaz\u0103 capacitatea cilindrului de a gestiona diverse sarcini de ridicare, men\u021bin\u00e2nd \u00een acela\u0219i timp integritatea structural\u0103 sub presiune. Diametrul cilindrului \u0219i diametrul tijei sunt esen\u021biale pentru determinarea capacit\u0103\u021bii portante, \u00een timp ce lungimea cursei influen\u021beaz\u0103 capacitatea cilindrului de a se extinde \u0219i retrage eficient.<\/p>\n<h2>Caracteristicile modelului LS-HCZD30N-03<\/h2>\n<ul>\n<li>Rezisten\u021b\u0103 \u0219i durabilitate ridicate pentru o durat\u0103 de via\u021b\u0103 extins\u0103.<\/li>\n<li>Prelucrare de precizie pentru performan\u021b\u0103 \u00eembun\u0103t\u0103\u021bit\u0103.<\/li>\n<li>Compatibil cu mai multe modele de stivuitoare.<\/li>\n<li>Design eficient al etan\u0219\u0103rii pentru a preveni scurgerile.<\/li>\n<li>Solu\u021bie rentabil\u0103 cu \u00eentre\u021binere u\u0219oar\u0103.<\/li>\n<\/ul>\n<p>Ne specializ\u0103m \u00een fabricarea acestui produs, asigur\u00e2ndu-ne c\u0103 fiecare cilindru hidraulic \u00eenlocuie\u0219te perfect modelele existente, \u00eembun\u0103t\u0103\u021bind astfel performan\u021ba \u0219i fiabilitatea general\u0103.<\/p>\n<h2>Aplica\u021bii<\/h2>\n<h3>Opera\u021biuni \u00een depozit<\/h3>\n<p>\u00cen depozite, stivuitoarele echipate cu cilindrul de direc\u021bie LS-HCZD30N-03 pot naviga prin spa\u021bii \u00eenguste \u0219i pot manipula cu u\u0219urin\u021b\u0103 sarcini grele. Controlul precis al direc\u021biei permite operatorilor s\u0103 manevreze rapid, reduc\u00e2nd riscul de accidente \u0219i \u00eembun\u0103t\u0103\u021bind eficien\u021ba \u00een timpul sarcinilor de \u00eenc\u0103rcare \u0219i desc\u0103rcare.<\/p>\n<h3>\u0218antiere de construc\u021bii<\/h3>\n<p>Pe \u0219antierele de construc\u021bii, acest cilindru hidraulic joac\u0103 un rol crucial \u00een mutarea eficient\u0103 a materialelor. Construc\u021bia sa robust\u0103 rezist\u0103 condi\u021biilor dure, permi\u021b\u00e2nd stivuitoarelor s\u0103 transporte echipamente \u0219i materiale grele cu \u00eencredere, sporind astfel productivitatea.<\/p>\n<h3>Centre de distribu\u021bie<\/h3>\n<p>\u00cen centrele de distribu\u021bie, cilindrul de direc\u021bie LS-HCZD30N-03 permite o logistic\u0103 \u0219i o gestionare f\u0103r\u0103 probleme a stocurilor. Stivuitoarele pot naviga rapid prin culoare, asigur\u00e2nd livr\u0103ri la timp \u0219i optimiz\u0103ri \u00een utilizarea spa\u021biului de depozitare, ceea ce este esen\u021bial pentru eficien\u021ba opera\u021bional\u0103.<\/p>\n<h3>Fabrici de produc\u021bie<\/h3>\n<p>\u00cen fabricile de produc\u021bie, acest cilindru hidraulic ajut\u0103 la opera\u021biunile de pe linia de asamblare, unde precizia \u0219i viteza sunt primordiale. Fiabilitatea cilindrului contribuie la o func\u021bionare f\u0103r\u0103 probleme, reduc\u00e2nd la minimum timpii de nefunc\u021bionare \u0219i asigur\u00e2nd \u00eendeplinirea constant\u0103 a obiectivelor de produc\u021bie.<\/p>\n<h3>Aplica\u021bii agricole<\/h3>\n<p>\u00cen mediul agricol, stivuitoarele cu cilindru de direc\u021bie LS-HCZD30N-03 sunt esen\u021biale \u00een gestionarea materialelor precum furajele \u0219i echipamentele. Capacitatea \u00eembun\u0103t\u0103\u021bit\u0103 de direc\u021bie permite fermierilor s\u0103 opereze stivuitoarele eficient pe diverse terenuri, \u00eembun\u0103t\u0103\u021bind astfel manevrabilitatea \u0219i siguran\u021ba \u00een timpul opera\u021biunilor.<\/p>\n<h2>Considera\u021bii de proiectare \u0219i criterii de selec\u021bie<\/h2>\n<h3>Capacitate portant\u0103<\/h3>\n<p>Capacitatea portant\u0103 a cilindrului LS-HCZD30N-03 este un factor critic \u00een designul s\u0103u. Acesta este proiectat s\u0103 suporte greut\u0103\u021bi semnificative, fiind potrivit pentru aplica\u021bii de mare tonaj. Selec\u021bia materialelor \u0219i integritatea structural\u0103 a cilindrului asigur\u0103 c\u0103 acesta poate rezista la presiuni ridicate f\u0103r\u0103 deformare sau defec\u021biune, ceea ce este esen\u021bial pentru siguran\u021b\u0103 \u0219i eficien\u021b\u0103.<\/p>\n<h3>Integritatea sigiliului<\/h3>\n<p>Integritatea etan\u0219\u0103rii este primordial\u0103 \u00een sistemele hidraulice. LS-HCZD30N-03 este proiectat cu etan\u0219\u0103ri de \u00eenalt\u0103 calitate pentru a preveni scurgerile de fluid hidraulic. Acest lucru previne pierderea performan\u021bei \u0219i asigur\u0103 func\u021bionarea eficient\u0103 a sistemului hidraulic, ceea ce este vital pentru men\u021binerea longevit\u0103\u021bii echipamentului.<\/p>\n<h3>Durabilitate<\/h3>\n<p>Durabilitatea este o considera\u021bie vital\u0103 \u00een proiectarea cilindrului LS-HCZD30N-03. Acesta este construit din materiale de \u00eenalt\u0103 rezisten\u021b\u0103, rezistente la uzur\u0103, asigur\u00e2nd func\u021bionarea eficient\u0103 a acestuia \u00een medii solicitante. Aceast\u0103 longevitate se traduce prin costuri de \u00eentre\u021binere mai mici \u0219i mai pu\u021bine \u00eenlocuiri, ceea ce \u00eel face o investi\u021bie rentabil\u0103 pentru companii.<\/p>\n<h3>Caracteristici de siguran\u021b\u0103<\/h3>\n<p>Siguran\u021ba este o considera\u021bie esen\u021bial\u0103 \u00een proiectarea cilindrilor hidraulici. LS-HCZD30N-03 \u00eencorporeaz\u0103 diverse caracteristici de siguran\u021b\u0103, inclusiv protec\u021bie la suprasarcin\u0103 \u0219i construc\u021bie rezistent\u0103 la spargere. Aceste caracteristici asigur\u0103 c\u0103 cilindrul poate func\u021biona \u00een siguran\u021b\u0103 \u00een diverse condi\u021bii, reduc\u00e2nd riscul de accidente \u0219i v\u0103t\u0103m\u0103ri corporale la locul de munc\u0103.<\/p>\n<h3>\u00centre\u021binere \u0219i reparabilitate<\/h3>\n<p>\u00centre\u021binerea u\u0219oar\u0103 \u0219i reparabilitatea sunt esen\u021biale pentru a minimiza timpii de nefunc\u021bionare. LS-HCZD30N-03 este conceput pentru o \u00eentre\u021binere simpl\u0103, cu componente accesibile care permit inspec\u021bii \u0219i repara\u021bii rapide. Aceast\u0103 considera\u021bie de design asigur\u0103 c\u0103 operatorii pot men\u021bine performan\u021be optime cu efort minim.<\/p>\n<h2>Etan\u0219are \u0219i lubrifiere<\/h2>\n<p>Utilizarea diverselor componente de etan\u0219are, cum ar fi etan\u0219\u0103rile pistonului \u0219i etan\u0219\u0103rile tijei, este esen\u021bial\u0103 pentru performan\u021ba cilindrilor hidraulici. LS-HCZD30N-03 utilizeaz\u0103 etan\u0219\u0103ri fabricate din materiale durabile, precum poliuretanul \u0219i cauciucul nitrilic, care rezist\u0103 la uzur\u0103 \u0219i ofer\u0103 o barier\u0103 fiabil\u0103 \u00eempotriva scurgerilor.<\/p>\n<p>Corpul cilindrului \u0219i capetele filetate sunt supuse unor prelucr\u0103ri mecanice de precizie, sporindu-le durabilitatea \u0219i rezisten\u021ba la uzur\u0103. Lubrifierea regulat\u0103 cu ulei hidraulic este necesar\u0103 pentru a asigura o func\u021bionare lin\u0103 \u0219i a preveni uzura prematur\u0103 a garniturilor \u0219i a pieselor mobile. Aceast\u0103 rutin\u0103 regulat\u0103 de \u00eentre\u021binere prelunge\u0219te durata de via\u021b\u0103 a cilindrului hidraulic \u0219i \u00eei \u00eembun\u0103t\u0103\u021be\u0219te performan\u021ba.<\/p>\n<h2>M\u0103suri de \u00eentre\u021binere preventiv\u0103<\/h2>\n<ul>\n<li><strong>Inspec\u021bii regulate:<\/strong> Efectua\u021bi inspec\u021bii de rutin\u0103 pentru a identifica orice semne de uzur\u0103 sau deteriorare a cilindrului. Depistarea timpurie poate preveni defec\u021biuni semnificative.<\/li>\n<li><strong>Verific\u0103ri ale lubrifierii:<\/strong> Asigura\u021bi-v\u0103 c\u0103 cilindrul este lubrifiat corespunz\u0103tor cu uleiul hidraulic corespunz\u0103tor pentru a men\u021bine o func\u021bionare lin\u0103 \u0219i a preveni uzura componentelor.<\/li>\n<li><strong>\u00cenlocuirea garniturii:<\/strong> Monitoriza\u021bi starea garniturilor \u0219i \u00eenlocui\u021bi-le dup\u0103 cum este necesar pentru a preveni scurgerile \u0219i a men\u021bine presiunea hidraulic\u0103.<\/li>\n<\/ul>\n<h2>Instruc\u021biuni de instalare<\/h2>\n<p>Instalarea corect\u0103 a LS-HCZD30N-03 este crucial\u0103 pentru o performan\u021b\u0103 optim\u0103. \u00cencepe\u021bi prin a v\u0103 asigura c\u0103 zona de instalare este curat\u0103 \u0219i lipsit\u0103 de resturi. Folosi\u021bi suporturile de montare corespunz\u0103toare pentru a fixa cilindrul \u00een pozi\u021bie, asigur\u00e2ndu-v\u0103 c\u0103 este aliniat corect cu sistemul hidraulic. Urma\u021bi specifica\u021biile produc\u0103torului pentru set\u0103rile de cuplu pentru a evita deteriorarea cilindrului \u00een timpul instal\u0103rii. Dup\u0103 instalare, efectua\u021bi o verificare am\u0103nun\u021bit\u0103 a conexiunilor hidraulice pentru a v\u0103 asigura c\u0103 nu exist\u0103 scurgeri \u00eenainte de a pune sistemul \u00een func\u021biune.<\/p>\n<h2>Sarcini comune de \u00eentre\u021binere<\/h2>\n<h3>Inspec\u021bii regulate<\/h3>\n<p>Inspec\u021biile regulate sunt vitale pentru identificarea poten\u021bialelor probleme \u00eenainte ca acestea s\u0103 se transforme \u00een probleme semnificative. Inspecta\u021bi conductele \u0219i conexiunile hidraulice pentru a depista orice semne de uzur\u0103, scurgeri sau deteriorare. Asigurarea func\u021bion\u0103rii cilindrului \u00een intervalul de presiune specificat va contribui la longevitatea \u0219i performan\u021ba sa eficient\u0103.<\/p>\n<h3>Lubrifiere adecvat\u0103<\/h3>\n<p>Men\u021binerea unei lubrifieri adecvate este esen\u021bial\u0103 pentru durata de via\u021b\u0103 a cilindrului hidraulic. Verifica\u021bi periodic nivelurile de ulei \u0219i asigura\u021bi-v\u0103 c\u0103 uleiul hidraulic este curat \u0219i f\u0103r\u0103 contaminan\u021bi. Acest lucru ajut\u0103 la minimizarea frec\u0103rii dintre piesele \u00een mi\u0219care, \u00eembun\u0103t\u0103\u021bind astfel performan\u021ba \u0219i reduc\u00e2nd uzura.<\/p>\n<h3>\u00cenlocuirea \u0219i calibrarea etan\u0219\u0103rii<\/h3>\n<p>\u00cenlocuirea garniturilor \u0219i efectuarea verific\u0103rilor de calibrare sunt cruciale pentru men\u021binerea eficien\u021bei hidraulice. Asigura\u021bi-v\u0103 c\u0103 orice garnituri uzate sau deteriorate sunt \u00eenlocuite prompt pentru a preveni scurgerile. Verific\u0103rile regulate de calibrare vor asigura c\u0103 cilindrul func\u021bioneaz\u0103 corect \u0219i eficient, contribuind la fiabilitatea general\u0103 a sistemului.<\/p>\n<h2>Considera\u021bii de siguran\u021b\u0103 \u0219i impact asupra mediului<\/h2>\n<p>M\u0103surile de siguran\u021b\u0103 \u00een timpul utiliz\u0103rii cilindrilor hidraulici nu pot fi supraestimate. Operatorii trebuie s\u0103 fie instrui\u021bi cu privire la practicile de operare \u00een siguran\u021b\u0103, inclusiv tehnicile de ridicare adecvate \u0219i procedurile de urgen\u021b\u0103. Considera\u021biile de mediu sunt, de asemenea, importante; asigura\u021bi-v\u0103 c\u0103 fluidele hidraulice sunt eliminate corespunz\u0103tor pentru a preveni contaminarea.<\/p>\n<h2>Depanare \u0219i probleme frecvente<\/h2>\n<ul>\n<li><strong>Scurgere:<\/strong> Dac\u0103 se observ\u0103 scurgeri, verifica\u021bi garniturile \u0219i conexiunile pentru a vedea dac\u0103 sunt deteriorate \u0219i \u00eenlocui\u021bi-le dac\u0103 este necesar.<\/li>\n<li><strong>Func\u021bionare lent\u0103:<\/strong> Mi\u0219carea lent\u0103 poate indica niveluri sc\u0103zute de lichid hidraulic sau aer \u00een sistem; verifica\u021bi \u0219i reumple\u021bi sau aerisi\u021bi sistemul, dup\u0103 cum este necesar.<\/li>\n<li><strong>Zgomote neobi\u0219nuite:<\/strong> Zgomotele pot indica deterior\u0103ri interne; inspecta\u021bi cilindrul \u0219i consulta\u021bi un tehnician dac\u0103 este necesar.<\/li>\n<\/ul>\n<h2>Sfaturi de depanare \u0219i m\u0103suri preventive<\/h2>\n<p>Pentru a depana eficient problemele legate de LS-HCZD30N-03, \u00eencepe\u021bi prin identificarea simptomelor. Verifica\u021bi nivelurile fluidului hidraulic \u0219i asigura\u021bi-v\u0103 c\u0103 nu exist\u0103 scurgeri \u00een sistem. Practicile regulate de \u00eentre\u021binere, cum ar fi inspec\u021biile detaliate, lubrifierea la timp \u0219i \u00eenlocuirea garniturilor, ajut\u0103 la atenuarea poten\u021bialelor probleme, permi\u021b\u00e2nd o func\u021bionare mai lin\u0103 \u0219i prelungind durata de via\u021b\u0103 a cilindrului hidraulic.<\/p>\n<p><img decoding=\"async\" src=\"https:\/\/www.hydraulic-cylinders.net\/wp-content\/uploads\/2025\/05\/hydraulic-cylinder-all-2.webp\" alt=\"Imagine cilindru hidraulic\" \/><\/p>\n<h2>Despre compania noastr\u0103<\/h2>\n<p>Suntem un produc\u0103tor important de cilindri hidraulici, oferind o gam\u0103 divers\u0103 de produse care ne-au consacrat ca furnizor de top at\u00e2t pe pie\u021bele interne, c\u00e2t \u0219i pe cele interna\u021bionale. Expertiza noastr\u0103 \u00een produc\u021bie este sus\u021binut\u0103 de certific\u0103ri interna\u021bionale, asigur\u00e2nd c\u0103 produsele noastre \u00eendeplinesc cele mai \u00eenalte standarde de calitate.<\/p>\n<p>Oferim servicii personalizate pentru a satisface cerin\u021bele specifice ale clien\u021bilor \u0219i am investit \u00een echipamente de fabrica\u021bie avansate pentru a spori eficien\u021ba \u0219i calitatea produc\u021biei. Angajamentul nostru fa\u021b\u0103 de servicii post-v\u00e2nzare excep\u021bionale garanteaz\u0103 c\u0103 clien\u021bii primesc suport \u0219i asisten\u021b\u0103 continu\u0103, consolid\u00e2nd reputa\u021bia noastr\u0103 de partener de \u00eencredere \u00een solu\u021bii hidraulice.<\/p>\n<p><img decoding=\"async\" src=\"https:\/\/www.hydraulic-cylinders.net\/wp-content\/uploads\/2025\/05\/xinxin-hydraulic-cylinder-factory-1.webp\" alt=\"Imaginea companiei noastre\" \/><\/p>\n<p>Autor: lyl<\/p>","protected":false},"excerpt":{"rendered":"<p>LS-HCZD30N-03 Forklift Truck Steering Cylinder Product Overview The LS-HCZD30N-03 Forklift Truck Steering Cylinder is a vital component designed for enhancing the steering mechanism of forklifts, ensuring smooth and efficient operation. This hydraulic cylinder is engineered to provide precise control and stability while maneuvering heavy loads. With its robust construction and reliable performance, it helps in [&hellip;]<\/p>","protected":false},"featured_media":20626,"comment_status":"open","ping_status":"closed","template":"","meta":{"_et_pb_use_builder":"","_et_pb_old_content":"","_et_gb_content_width":""},"product_brand":[],"product_cat":[1483,1556],"product_tag":[],"class_list":{"0":"post-20700","1":"product","2":"type-product","3":"status-publish","4":"has-post-thumbnail","6":"product_cat-construction-machinery-hydraulic-cylinders","7":"product_cat-forklift-hydraulic-cylinders-2","9":"first","10":"instock","11":"shipping-taxable","12":"product-type-simple"},"amp_enabled":true,"_links":{"self":[{"href":"https:\/\/www.hydraulic-cylinders.net\/ro\/wp-json\/wp\/v2\/product\/20700","targetHints":{"allow":["GET"]}}],"collection":[{"href":"https:\/\/www.hydraulic-cylinders.net\/ro\/wp-json\/wp\/v2\/product"}],"about":[{"href":"https:\/\/www.hydraulic-cylinders.net\/ro\/wp-json\/wp\/v2\/types\/product"}],"replies":[{"embeddable":true,"href":"https:\/\/www.hydraulic-cylinders.net\/ro\/wp-json\/wp\/v2\/comments?post=20700"}],"wp:featuredmedia":[{"embeddable":true,"href":"https:\/\/www.hydraulic-cylinders.net\/ro\/wp-json\/wp\/v2\/media\/20626"}],"wp:attachment":[{"href":"https:\/\/www.hydraulic-cylinders.net\/ro\/wp-json\/wp\/v2\/media?parent=20700"}],"wp:term":[{"taxonomy":"product_brand","embeddable":true,"href":"https:\/\/www.hydraulic-cylinders.net\/ro\/wp-json\/wp\/v2\/product_brand?post=20700"},{"taxonomy":"product_cat","embeddable":true,"href":"https:\/\/www.hydraulic-cylinders.net\/ro\/wp-json\/wp\/v2\/product_cat?post=20700"},{"taxonomy":"product_tag","embeddable":true,"href":"https:\/\/www.hydraulic-cylinders.net\/ro\/wp-json\/wp\/v2\/product_tag?post=20700"}],"curies":[{"name":"wp","href":"https:\/\/api.w.org\/{rel}","templated":true}]}}