{"id":20706,"date":"2025-05-27T06:21:49","date_gmt":"2025-05-27T06:21:49","guid":{"rendered":"https:\/\/www.hydraulic-cylinders.net\/product\/csyg2076-micro-digging-bucket-cylinder\/"},"modified":"2025-05-27T06:21:51","modified_gmt":"2025-05-27T06:21:51","slug":"csyg2076-micro-digging-bucket-cylinder","status":"publish","type":"product","link":"https:\/\/www.hydraulic-cylinders.net\/ro\/produs\/csyg2076-micro-digging-bucket-cylinder\/","title":{"rendered":"Cilindru cu cup\u0103 de s\u0103pat micro CSYG2076"},"content":{"rendered":"<h1>Cilindru cu cup\u0103 de s\u0103pat micro CSYG2076<\/h1>\n<h2>Prezentare general\u0103 a produsului<\/h2>\n<p>Cilindrul cupei de excavare CSYG2076 este o component\u0103 cheie conceput\u0103 pentru diverse aplica\u021bii hidraulice, \u00een special \u00een construc\u021bii \u0219i excava\u021bii. Acest cilindru hidraulic joac\u0103 un rol crucial \u00een transformarea energiei hidraulice \u00een for\u021b\u0103 mecanic\u0103, permi\u021b\u00e2nd mi\u0219carea \u0219i controlul eficient al cupelor de excavare din utilaje. Cu un diametru de 50 mm \u0219i un diametru al tijei de 30 mm, acest cilindru este proiectat pentru durabilitate \u0219i precizie. Distan\u021ba sa de deplasare de 230 mm asigur\u0103 performan\u021be \u00eembun\u0103t\u0103\u021bite \u00een spa\u021bii compacte, fiind ideal pentru mini-excavatoare \u0219i echipamente similare. Distan\u021ba de instalare de 475 mm ofer\u0103 versatilitate \u00een integrarea cu diferite ma\u0219ini, asigur\u00e2nd c\u0103 operatorii pot ob\u021bine o func\u021bionalitate optim\u0103 \u00een sistemele lor hidraulice.<\/p>\n<h2>Specifica\u021bii<\/h2>\n<h3>Parametri cheie<\/h3>\n<ul>\n<li>Diametrul cilindrului: 50 mm<\/li>\n<li>Diametrul tijei: 30 mm<\/li>\n<li>Curs\u0103: 230 mm<\/li>\n<li>Distan\u021ba de instalare: 475 mm<\/li>\n<\/ul>\n<p>Aceste specifica\u021bii reflect\u0103 capacitatea cilindrului de a func\u021biona eficient \u00een diverse aplica\u021bii. Diametrul cilindrului \u0219i diametrul tijei sunt esen\u021biale \u00een determinarea capacit\u0103\u021bii portante \u0219i a rezisten\u021bei generale a cilindrului, \u00een timp ce distan\u021ba de deplasare are un impact direct asupra razei de ac\u021biune \u0219i func\u021bion\u0103rii utilajelor la care este conectat. Distan\u021ba de instalare este vital\u0103 pentru asigurarea compatibilit\u0103\u021bii cu sistemele existente, ceea ce face ca CSYG2076 s\u0103 fie o alegere versatil\u0103 pentru operatorii care doresc s\u0103 \u00ee\u0219i \u00eembun\u0103t\u0103\u021beasc\u0103 capacit\u0103\u021bile hidraulice.<\/p>\n<h2>Caracteristici<\/h2>\n<ul>\n<li>Construc\u021bie de \u00eenalt\u0103 calitate pentru o durat\u0103 de via\u021b\u0103 prelungit\u0103.<\/li>\n<li>Design compact, potrivit pentru spa\u021bii \u00eenguste.<\/li>\n<li>Performan\u021b\u0103 hidraulic\u0103 eficient\u0103 cu scurgeri minime.<\/li>\n<li>Instalare u\u0219oar\u0103 \u0219i compatibilitate cu diverse ma\u0219ini.<\/li>\n<li>Op\u021biuni personalizabile disponibile pentru aplica\u021bii specifice.<\/li>\n<\/ul>\n<p>Compania noastr\u0103 este specializat\u0103 \u00een fabricarea acestui produs, asigur\u00e2ndu-ne c\u0103 cilindrii no\u0219tri pot \u00eenlocui perfect sistemele hidraulice existente, f\u0103r\u0103 a compromite calitatea sau performan\u021ba.<\/p>\n<h2>Scenarii de aplica\u021bii<\/h2>\n<h3>\u0218antiere de construc\u021bii<\/h3>\n<p>\u00cen \u0219antierele de construc\u021bii, cilindrul cupei de s\u0103pat CSYG2076 este esen\u021bial pentru sarcini precum s\u0103parea, ridicarea \u0219i mutarea p\u0103m\u00e2ntului. Designul s\u0103u robust \u00eei permite s\u0103 reziste la sarcini grele, oferind \u00een acela\u0219i timp un control precis, esen\u021bial pentru executarea sarcinilor complexe \u00een spa\u021bii restr\u00e2nse. Performan\u021ba cilindrului cre\u0219te productivitatea, permi\u021b\u00e2nd finalizarea mai rapid\u0103 a proiectului f\u0103r\u0103 a sacrifica siguran\u021ba sau eficien\u021ba.<\/p>\n<h3>Echipamente agricole<\/h3>\n<p>Acest cilindru hidraulic este, de asemenea, utilizat pe scar\u0103 larg\u0103 \u00een utilajele agricole, cum ar fi tractoarele compacte \u0219i \u00eenc\u0103rc\u0103toarele. Capacitatea sa de a gestiona diverse ata\u0219amente, cum ar fi plugurile sau cupele, \u00eel face incredibil de versatil. Fermierii se bazeaz\u0103 pe acest produs pentru a \u00eembun\u0103t\u0103\u021bi capacitatea func\u021bional\u0103 a echipamentelor lor, asigur\u00e2ndu-se c\u0103 sarcinile sunt finalizate mai eficient, fie c\u0103 este vorba de aratul solului sau de transportul materialelor.<\/p>\n<h3>Utilaje pentru amenajarea peisagistic\u0103<\/h3>\n<p>\u00cen opera\u021biunile de amenajare a teritoriului, cilindrul CSYG2076 faciliteaz\u0103 mi\u0219carea utilajelor utilizate pentru plantare, nivelare \u0219i alte sarcini de amenajare a teritoriului. Dimensiunile sale compacte permit utilizarea \u00een gr\u0103dini reziden\u021biale unde echipamentele mai mari nu pot func\u021biona, oferind peisagi\u0219tilor puterea necesar\u0103 pentru a executa lucr\u0103ri detaliate f\u0103r\u0103 a compromite integritatea solului.<\/p>\n<h3>Echipamente miniere<\/h3>\n<p>Opera\u021biunile miniere beneficiaz\u0103 de capacit\u0103\u021bile robuste ale excavatorului CSYG2076, unde sistemele hidraulice sunt esen\u021biale pentru excavare \u0219i manipularea materialelor. Construc\u021bia sa durabil\u0103 asigur\u0103 fiabilitatea chiar \u0219i \u00een condi\u021bii dificile, contribuind la men\u021binerea continuit\u0103\u021bii opera\u021biunilor, reduc\u00e2nd \u00een acela\u0219i timp la minimum timpul de nefunc\u021bionare legat de defec\u021biunile echipamentelor.<\/p>\n<h3>Echipamente de manipulare a materialelor<\/h3>\n<p>Eficien\u021ba cilindrului CSYG2076 se extinde \u0219i la manipularea materialelor, unde ajut\u0103 la ridicarea \u0219i transportul m\u0103rfurilor grele \u00een depozite \u0219i \u0219antiere. Prin oferirea de performan\u021be fiabile, acest cilindru \u00eembun\u0103t\u0103\u021be\u0219te fluxul de lucru general, asigur\u00e2nd c\u0103 m\u0103rfurile sunt manipulate corect \u0219i \u00een siguran\u021b\u0103.<\/p>\n<h2>Considera\u021bii de proiectare \u0219i criterii de selec\u021bie<\/h2>\n<h3>Capacitate portant\u0103<\/h3>\n<p>Atunci c\u00e2nd se alege un cilindru hidraulic, capacitatea portant\u0103 este primordial\u0103. CSYG2076 este proiectat s\u0103 suporte greut\u0103\u021bi semnificative, fiind potrivit pentru diverse aplica\u021bii solicitante. Aceast\u0103 capacitate este crucial\u0103, deoarece determin\u0103 performan\u021ba \u0219i siguran\u021ba \u00een func\u021bionare a cilindrului. Inginerii trebuie s\u0103 se asigure c\u0103 cilindrul poate suporta sarcinile maxime anticipate f\u0103r\u0103 defec\u021biuni, ceea ce poate duce la \u00eentreruperi ale func\u021bion\u0103rii \u0219i la cre\u0219terea costurilor.<\/p>\n<h3>Performan\u021ba de etan\u0219are<\/h3>\n<p>Etan\u0219area este un alt aspect critic al proiect\u0103rii cilindrilor hidraulici. CSYG2076 \u00eencorporeaz\u0103 tehnologii avansate de etan\u0219are pentru a preveni scurgerile de fluid, asigur\u00e2nd performan\u021be constante. Etan\u0219\u0103rile eficiente sunt esen\u021biale pentru men\u021binerea presiunii \u00een interiorul cilindrului \u0219i reducerea uzurii componentelor interne. Alegerea materialelor de etan\u0219are este, de asemenea, semnificativ\u0103, deoarece are impact asupra longevit\u0103\u021bii \u0219i eficien\u021bei cilindrului, \u00een special \u00een mediile expuse la contaminan\u021bi.<\/p>\n<h3>Durabilitate<\/h3>\n<p>Durabilitatea este o considera\u021bie cheie \u00een proiectarea cilindrilor hidraulici. CSYG2076 este construit din materiale de \u00eenalt\u0103 rezisten\u021b\u0103, care pot rezista la condi\u021bii dure \u0219i utiliz\u0103rii intensive. Aceast\u0103 durabilitate minimizeaz\u0103 necesitatea \u00eenlocuirilor \u0219i repara\u021biilor frecvente, contribuind la reducerea costurilor opera\u021bionale pe termen lung. Proiectarea trebuie s\u0103 ia \u00een considerare \u0219i rezisten\u021ba la coroziune \u0219i uzur\u0103, asigur\u00e2ndu-se c\u0103 cilindrul r\u0103m\u00e2ne func\u021bional \u00een timp.<\/p>\n<h3>Caracteristici de siguran\u021b\u0103<\/h3>\n<p>Siguran\u021ba este primordial\u0103 \u00een sistemele hidraulice. CSYG2076 include caracteristici de siguran\u021b\u0103, cum ar fi supape de suprapresiune, pentru a preveni supra\u00eenc\u0103rcarea \u0219i a asigura func\u021bionarea \u00een siguran\u021b\u0103. Aceste caracteristici sunt vitale pentru protejarea at\u00e2t a echipamentului, c\u00e2t \u0219i a operatorilor, reduc\u00e2nd riscul de accidente care ar putea duce la v\u0103t\u0103m\u0103ri corporale sau deteriorarea echipamentelor.<\/p>\n<h3>Accesibilitate pentru \u00eentre\u021binere<\/h3>\n<p>Proiectarea pentru accesibilitate \u00een timpul \u00eentre\u021binerii este important\u0103, deoarece permite inspec\u021bii \u0219i repara\u021bii u\u0219oare. CSYG2076 este conceput pentru a simplifica sarcinile de \u00eentre\u021binere, asigur\u00e2nd c\u0103 componentele critice sunt u\u0219or accesibile. Aceast\u0103 concentrare pe \u00eentre\u021binere reduce timpul de nefunc\u021bionare \u0219i cre\u0219te productivitatea general\u0103, deoarece operatorii pot rezolva rapid problemele pe m\u0103sur\u0103 ce apar.<\/p>\n<h2>Etan\u0219are \u0219i lubrifiere<\/h2>\n<p>Etan\u0219area \u0219i lubrifierea eficiente sunt esen\u021biale pentru performan\u021ba cilindrului cupei de excavare CSYG2076. Acesta utilizeaz\u0103 diverse componente de etan\u0219are, inclusiv etan\u0219\u0103ri ale pistonului \u0219i etan\u0219\u0103ri ale tijei, pentru a asigura o func\u021bionare optim\u0103. Selec\u021bia materialelor precum poliuretanul \u0219i cauciucul nitrilic spore\u0219te durabilitatea \u0219i rezisten\u021ba la uzur\u0103, vitale pentru men\u021binerea integrit\u0103\u021bii cilindrului \u00een timp. Corpul cilindrului \u0219i capetele filetate sunt supuse unor prelucr\u0103ri de precizie pentru a \u00eembun\u0103t\u0103\u021bi rezisten\u021ba la uzur\u0103, asigur\u00e2nd c\u0103 cilindrul poate func\u021biona eficient \u00een medii solicitante.<\/p>\n<p>Lubrifierea regulat\u0103 cu ulei hidraulic este necesar\u0103 pentru a preveni uzura \u0219i a prelungi durata de via\u021b\u0103 a cilindrului. Operatorii trebuie s\u0103 se asigure c\u0103 se utilizeaz\u0103 cantitatea corect\u0103 de ulei pentru a men\u021bine o presiune hidraulic\u0103 adecvat\u0103 \u0219i a evita poten\u021bialele daune cauzate de lubrifierea insuficient\u0103. Aceast\u0103 practic\u0103 nu numai c\u0103 \u00eembun\u0103t\u0103\u021be\u0219te performan\u021ba, dar minimizeaz\u0103 \u0219i probabilitatea unor repara\u021bii costisitoare.<\/p>\n<h2>\u00centre\u021binere \u0219i m\u0103suri preventive<\/h2>\n<ul>\n<li>Inspec\u021bii regulate<\/li>\n<li>Lubrifiere adecvat\u0103<\/li>\n<li>\u00cenlocuirea garniturii<\/li>\n<\/ul>\n<p>Efectuarea inspec\u021biilor regulate poate ajuta la identificarea uzurii \u00eenainte ca aceasta s\u0103 duc\u0103 la probleme semnificative. Operatorii ar trebui s\u0103 verifice orice semne de scurgeri, coroziune sau sunete neobi\u0219nuite \u00een timpul func\u021bion\u0103rii.<\/p>\n<p>Lubrifierea adecvat\u0103 este crucial\u0103 pentru asigurarea unei func\u021bion\u0103ri line. Operatorii trebuie s\u0103 respecte recomand\u0103rile produc\u0103torului privind tipul de ulei hidraulic \u0219i frecven\u021ba lubrifierii pentru a men\u021bine eficien\u021ba \u0219i a preveni deteriorarea.<\/p>\n<p>\u00cenlocuirea garniturilor trebuie efectuat\u0103 ca parte a \u00eentre\u021binerii de rutin\u0103. \u00cen timp, garniturile se pot uza \u0219i \u00ee\u0219i pot pierde eficien\u021ba, duc\u00e2nd la scurgeri \u0219i performan\u021be reduse. Verificarea \u0219i \u00eenlocuirea regulat\u0103 a garniturilor, dup\u0103 cum este necesar, va men\u021bine performan\u021ba cilindrului.<\/p>\n<h2>Instruc\u021biuni de instalare<\/h2>\n<p>Instalarea corect\u0103 a cilindrului cupei de excavare CSYG2076 este crucial\u0103 pentru o performan\u021b\u0103 optim\u0103. \u00cencepe\u021bi prin a v\u0103 asigura c\u0103 suprafa\u021ba de montare este curat\u0103 \u0219i f\u0103r\u0103 resturi. Folosi\u021bi unelte de aliniere adecvate pentru a v\u0103 asigura c\u0103 cilindrul este aliniat corect cu utilajul la care este ata\u0219at. Acest pas este vital pentru prevenirea solicit\u0103rii \u0219i uzurii excesive a cilindrului \u00een timpul func\u021bion\u0103rii.<\/p>\n<p>La fixarea cilindrului, utiliza\u021bi consolele \u0219i accesoriile de montare recomandate pentru a asigura o fixare sigur\u0103. Cilindrii instala\u021bi incorect pot duce la nealiniere, rezult\u00e2nd o performan\u021b\u0103 sc\u0103zut\u0103 \u0219i poten\u021biale daune. Dup\u0103 instalare, verifica\u021bi toate conexiunile \u0219i fitingurile pentru a v\u0103 asigura c\u0103 sunt str\u00e2nse \u0219i a\u0219ezate corect.<\/p>\n<p>Dup\u0103 instalare, efectua\u021bi o verificare am\u0103nun\u021bit\u0103 a sistemului pentru a v\u0103 asigura c\u0103 nu exist\u0103 scurgeri \u0219i c\u0103 cilindrul func\u021bioneaz\u0103 f\u0103r\u0103 probleme. Este recomandabil s\u0103 utiliza\u021bi ini\u021bial utilajul la presiune sc\u0103zut\u0103 pentru a confirma c\u0103 instalarea a fost reu\u0219it\u0103 \u00eenainte de a cupla complet sistemul.<\/p>\n<h2>Sarcini de \u00eentre\u021binere<\/h2>\n<h3>Inspec\u021bii regulate<\/h3>\n<p>Inspec\u021biile regulate sunt cruciale pentru asigurarea func\u021bion\u0103rii continue \u00een siguran\u021b\u0103 a cilindrului hidraulic. Operatorii ar trebui s\u0103 caute semne de uzur\u0103 sau deteriorare, inclusiv fisuri \u00een corpul cilindrului \u0219i semne de scurgeri. Stabilirea unui program de inspec\u021bie de rutin\u0103 poate ajuta la depistarea din timp a problemelor, prevenind repara\u021biile costisitoare \u0219i timpii de nefunc\u021bionare.<\/p>\n<h3>Lubrifiere adecvat\u0103<\/h3>\n<p>Lubrifierea adecvat\u0103 este esen\u021bial\u0103 pentru men\u021binerea performan\u021bei CSYG2076. Operatorii trebuie s\u0103 verifice periodic nivelurile fluidului hidraulic \u0219i s\u0103 se asigure c\u0103 se utilizeaz\u0103 tipul corect de ulei. Lubrifierea inadecvat\u0103 poate duce la cre\u0219terea frec\u0103rii, uzur\u0103 \u0219i poten\u021biale defec\u021biuni ale componentelor, a\u0219a c\u0103 este vital s\u0103 se respecte instruc\u021biunile produc\u0103torului privind frecven\u021ba \u0219i cantitatea de lubrifiere.<\/p>\n<h3>\u00cenlocuirea garniturii \u0219i verific\u0103ri ale calibr\u0103rii<\/h3>\n<p>\u00cenlocuirea garniturii ar trebui s\u0103 fac\u0103 parte din rutina de \u00eentre\u021binere pentru a preveni scurgerile \u0219i a asigura o func\u021bionare eficient\u0103. Verific\u0103rile regulate ale calibr\u0103rii sunt, de asemenea, esen\u021biale pentru a men\u021bine func\u021bionarea precis\u0103 a cilindrului hidraulic. Sistemele calibrate corespunz\u0103tor asigur\u0103 c\u0103 cilindrul func\u021bioneaz\u0103 la capacitate maxim\u0103, maximiz\u00e2nd eficien\u021ba \u0219i siguran\u021ba.<\/p>\n<h2>Considera\u021bii de siguran\u021b\u0103 \u0219i factori de mediu<\/h2>\n<p>M\u0103surile de siguran\u021b\u0103 sunt esen\u021biale atunci c\u00e2nd se lucreaz\u0103 cu cilindri hidraulici, inclusiv cu CSYG2076. Operatorii trebuie s\u0103 respecte toate protocoalele de siguran\u021b\u0103 pentru a preveni accidentele, inclusiv purtarea echipamentului de protec\u021bie adecvat \u0219i asigurarea c\u0103 zona de lucru este lipsit\u0103 de pericole. \u00cen\u021belegerea riscurilor poten\u021biale asociate cu sistemele hidraulice, cum ar fi scurgerile de fluid sub presiune, este vital\u0103 pentru men\u021binerea siguran\u021bei \u00een opera\u021biuni.<\/p>\n<h2>Diagnosticarea defec\u021biunilor \u0219i probleme frecvente<\/h2>\n<ul>\n<li>Scurgeri \u00een jurul garniturilor de etan\u0219are<\/li>\n<li>Zgomote neobi\u0219nuite \u00een timpul func\u021bion\u0103rii<\/li>\n<li>Pierderea de presiune<\/li>\n<\/ul>\n<p>Scurgerile \u00een jurul garniturilor pot indica uzur\u0103 sau deteriorare care necesit\u0103 aten\u021bie imediat\u0103. Operatorii trebuie s\u0103 inspecteze garniturile \u00een mod regulat \u0219i s\u0103 le \u00eenlocuiasc\u0103 dup\u0103 cum este necesar pentru a preveni pierderea de fluide \u0219i a men\u021bine performan\u021ba.<\/p>\n<p>Zgomotele neobi\u0219nuite \u00een timpul func\u021bion\u0103rii pot semnala o problem\u0103, posibil legat\u0103 de lubrifierea necorespunz\u0103toare sau de uzura componentelor interne. Trebuie luate m\u0103suri corespunz\u0103toare pentru a diagnostica \u0219i remedia rapid problema, pentru a evita daune suplimentare.<\/p>\n<p>Pierderea de presiune poate afecta eficien\u021ba sistemului hidraulic \u0219i poate indica scurgeri sau blocaje \u00een cadrul sistemului. O inspec\u021bie am\u0103nun\u021bit\u0103 a \u00eentregului sistem este necesar\u0103 pentru a identifica \u0219i a remedia cauza principal\u0103.<\/p>\n<h2>Sfaturi \u0219i solu\u021bii pentru depanare<\/h2>\n<p>Pentru a diagnostica \u0219i rezolva eficient problemele legate de CSYG2076, operatorii ar trebui s\u0103 efectueze mai \u00eent\u00e2i inspec\u021bii vizuale pentru a depista semne de uzur\u0103 sau deteriorare. Rezolvarea prompt\u0103 a problemelor minore poate preveni escaladarea acestora \u00een probleme mai semnificative.<\/p>\n<p>Este esen\u021bial s\u0103 se \u021bin\u0103 un jurnal al tuturor activit\u0103\u021bilor de \u00eentre\u021binere, inclusiv inspec\u021biile \u0219i repara\u021biile. Aceast\u0103 documenta\u021bie poate ajuta la identificarea problemelor recurente \u0219i poate informa strategiile viitoare de \u00eentre\u021binere. M\u0103surile preventive, cum ar fi lubrifierea regulat\u0103 \u0219i \u00eenlocuirea garniturilor, pot reduce semnificativ riscul unor poten\u021biale probleme, asigur\u00e2nd longevitatea \u0219i performan\u021ba cilindrului hidraulic.<\/p>\n<p><img decoding=\"async\" src=\"https:\/\/www.hydraulic-cylinders.net\/wp-content\/uploads\/2025\/05\/hydraulic-cylinder-all-2.webp\" alt=\"Cilindru hidraulic\"><\/p>\n<h2>Despre compania noastr\u0103<\/h2>\n<p>Suntem un produc\u0103tor important de cilindri hidraulici, oferind o gam\u0103 complet\u0103 de produse care satisfac nevoile pie\u021belor interne \u0219i interna\u021bionale. Expertiza noastr\u0103 \u00een sisteme hidraulice ne-a consacrat ca un nume de \u00eencredere \u00een produc\u021bie \u0219i distribu\u021bie angro. Ne m\u00e2ndrim cu calitatea produselor noastre, sus\u021binut\u0103 de certific\u0103ri interna\u021bionale care garanteaz\u0103 standardele industriei.<\/p>\n<p>Serviciile noastre de personalizare permit clien\u021bilor s\u0103 adapteze produsele noastre la cerin\u021bele lor specifice, asigur\u00e2nd performan\u021be optime \u00een aplica\u021biile lor. Cu echipamente de produc\u021bie avansate \u0219i o echip\u0103 dedicat\u0103 de profesioni\u0219ti, ne asigur\u0103m c\u0103 fiecare cilindru este fabricat la cele mai \u00eenalte standarde. Serviciul nostru post-v\u00e2nzare este conceput pentru a sprijini clien\u021bii no\u0219tri mult timp dup\u0103 achizi\u021bie, oferind asisten\u021b\u0103 cu privire la orice \u00eentreb\u0103ri sau probleme care pot ap\u0103rea.<\/p>\n<p><img decoding=\"async\" src=\"https:\/\/www.hydraulic-cylinders.net\/wp-content\/uploads\/2025\/05\/xinxin-hydraulic-cylinder-factory-1.webp\" alt=\"Fabric\u0103 de cilindri hidraulici\"><\/p>\n<p>Autor: lyl<\/p>","protected":false},"excerpt":{"rendered":"<p>CSYG2076 Micro Digging Bucket Cylinder Product Overview The CSYG2076 Micro Digging Bucket Cylinder is a key component designed for various hydraulic applications, particularly in construction and excavation. This hydraulic cylinder plays a crucial role in converting hydraulic energy into mechanical force, allowing for efficient movement and control of digging buckets in machinery. With a diameter [&hellip;]<\/p>","protected":false},"featured_media":20604,"comment_status":"open","ping_status":"closed","template":"","meta":{"_et_pb_use_builder":"","_et_pb_old_content":"","_et_gb_content_width":""},"product_brand":[],"product_cat":[1483,1557],"product_tag":[],"class_list":{"0":"post-20706","1":"product","2":"type-product","3":"status-publish","4":"has-post-thumbnail","6":"product_cat-construction-machinery-hydraulic-cylinders","7":"product_cat-micro-digging-side-hydraulic-cylinders","9":"first","10":"instock","11":"shipping-taxable","12":"product-type-simple"},"amp_enabled":true,"_links":{"self":[{"href":"https:\/\/www.hydraulic-cylinders.net\/ro\/wp-json\/wp\/v2\/product\/20706","targetHints":{"allow":["GET"]}}],"collection":[{"href":"https:\/\/www.hydraulic-cylinders.net\/ro\/wp-json\/wp\/v2\/product"}],"about":[{"href":"https:\/\/www.hydraulic-cylinders.net\/ro\/wp-json\/wp\/v2\/types\/product"}],"replies":[{"embeddable":true,"href":"https:\/\/www.hydraulic-cylinders.net\/ro\/wp-json\/wp\/v2\/comments?post=20706"}],"wp:featuredmedia":[{"embeddable":true,"href":"https:\/\/www.hydraulic-cylinders.net\/ro\/wp-json\/wp\/v2\/media\/20604"}],"wp:attachment":[{"href":"https:\/\/www.hydraulic-cylinders.net\/ro\/wp-json\/wp\/v2\/media?parent=20706"}],"wp:term":[{"taxonomy":"product_brand","embeddable":true,"href":"https:\/\/www.hydraulic-cylinders.net\/ro\/wp-json\/wp\/v2\/product_brand?post=20706"},{"taxonomy":"product_cat","embeddable":true,"href":"https:\/\/www.hydraulic-cylinders.net\/ro\/wp-json\/wp\/v2\/product_cat?post=20706"},{"taxonomy":"product_tag","embeddable":true,"href":"https:\/\/www.hydraulic-cylinders.net\/ro\/wp-json\/wp\/v2\/product_tag?post=20706"}],"curies":[{"name":"wp","href":"https:\/\/api.w.org\/{rel}","templated":true}]}}