{"id":20711,"date":"2025-05-27T06:22:00","date_gmt":"2025-05-27T06:22:00","guid":{"rendered":"https:\/\/www.hydraulic-cylinders.net\/product\/sanitation-vehicle-top-cover-hydraulic-cylinder\/"},"modified":"2025-05-27T06:22:02","modified_gmt":"2025-05-27T06:22:02","slug":"sanitation-vehicle-top-cover-hydraulic-cylinder","status":"publish","type":"product","link":"https:\/\/www.hydraulic-cylinders.net\/ro\/produs\/sanitation-vehicle-top-cover-hydraulic-cylinder\/","title":{"rendered":"Cilindru hidraulic pentru capacul superior al vehiculului de salubritate"},"content":{"rendered":"<h1>Cilindru hidraulic pentru capacul superior al vehiculului de salubritate<\/h1>\n<h2>Prezentare general\u0103 a produsului<\/h2>\n<p>Cilindrul hidraulic pentru capacul superior al vehiculului de salubritate este o component\u0103 esen\u021bial\u0103 conceput\u0103 pentru func\u021bionarea eficient\u0103 a vehiculelor de salubritate. Acest cilindru hidraulic este responsabil pentru ridicarea \u0219i cobor\u00e2rea capacului superior, asigur\u00e2nd c\u0103 procesele de gestionare a de\u0219eurilor sunt efectuate f\u0103r\u0103 probleme. Fabricat din materiale de \u00eenalt\u0103 calitate, ofer\u0103 o solu\u021bie fiabil\u0103 pentru diverse aplica\u021bii din industria salubrit\u0103\u021bii. Cilindrul hidraulic func\u021bioneaz\u0103 prin transformarea puterii fluidului \u00een energie mecanic\u0103, permi\u021b\u00e2nd o mi\u0219care \u0219i un control lini\u0219tit. Construc\u021bia sa robust\u0103 asigur\u0103 durabilitate, fiind potrivit pentru sarcini grele. Cu un diametru de 63 mm \u0219i un diametru al tijei de 35 mm, are o distan\u021b\u0103 de deplasare de 140 mm \u0219i o distan\u021b\u0103 de instalare de 405 mm, ceea ce \u00eel face versatil pentru diferite modele de vehicule de salubritate.<\/p>\n<h2>Specifica\u021bii ale produsului<\/h2>\n<h3>Prezentare general\u0103 a specifica\u021biilor<\/h3>\n<ul>\n<li>Diametrul cilindrului: 63 mm<\/li>\n<li>Diametrul tijei: 35 mm<\/li>\n<li>Curs\u0103: 140 mm<\/li>\n<li>Distan\u021ba de instalare: 405 mm<\/li>\n<\/ul>\n<p>Aceste specifica\u021bii eviden\u021biaz\u0103 capacitatea cilindrului hidraulic de a gestiona sarcini substan\u021biale, men\u021bin\u00e2nd \u00een acela\u0219i timp eficien\u021ba. Dimensiunile specifice asigur\u0103 compatibilitatea cu diverse modele de vehicule de salubritate, oferind o potrivire precis\u0103 pentru performan\u021be optime.<\/p>\n<h2>Caracteristici cheie<\/h2>\n<ul>\n<li>Capacitate mare de \u00eenc\u0103rcare pentru sarcini grele de salubritate.<\/li>\n<li>Sistem eficient de etan\u0219are pentru a preveni scurgerile.<\/li>\n<li>Construc\u021bie durabil\u0103 pentru performan\u021b\u0103 de lung\u0103 durat\u0103.<\/li>\n<li>Operare receptiv\u0103 care ajut\u0103 la mi\u0219carea rapid\u0103 de acoperire.<\/li>\n<li>Op\u021biuni personalizabile disponibile pentru nevoi specifice.<\/li>\n<\/ul>\n<p>Capacit\u0103\u021bile noastre de produc\u021bie ne permit s\u0103 producem acest cilindru hidraulic, asigur\u00e2ndu-ne c\u0103 poate \u00eenlocui perfect unit\u0103\u021bile existente, cu performan\u021be \u0219i fiabilitate \u00eembun\u0103t\u0103\u021bite.<\/p>\n<h2>Scenarii de aplica\u021bii<\/h2>\n<h3>Vehicule de gestionare a de\u0219eurilor<\/h3>\n<p>Acest cilindru hidraulic este utilizat \u00een principal \u00een vehiculele de gestionare a de\u0219eurilor, facilit\u00e2nd ridicarea \u0219i cobor\u00e2rea capacului superior. Func\u021bionarea eficient\u0103 a cilindrului este crucial\u0103 pentru a asigura c\u0103 de\u0219eurile pot fi stocate \u00een siguran\u021b\u0103 \u00een timpul transportului, reduc\u00e2nd la minimum scurgerile \u0219i mirosurile nepl\u0103cute. Aceste vehicule se bazeaz\u0103 pe cilindrul hidraulic pentru acces rapid la compartimentul de de\u0219euri, facilit\u00e2nd gestionarea eficient\u0103 a de\u0219eurilor de c\u0103tre operatori. Func\u021bionarea fiabil\u0103 a cilindrului contribuie la eficien\u021ba general\u0103 a proceselor de colectare a de\u0219eurilor.<\/p>\n<h3>Camioane de reciclare<\/h3>\n<p>\u00cen opera\u021biunile de reciclare, cilindrul hidraulic joac\u0103 un rol vital \u00een deschiderea \u0219i \u00eenchiderea capacelor camioanelor de reciclare. Acest lucru asigur\u0103 c\u0103 diferite materiale pot fi separate \u0219i gestionate corespunz\u0103tor \u00een timpul transportului. Capacitatea de a func\u021biona f\u0103r\u0103 probleme \u00een diverse condi\u021bii este esen\u021bial\u0103 pentru men\u021binerea integrit\u0103\u021bii materialelor reciclabile. Pe m\u0103sur\u0103 ce preocup\u0103rile legate de mediu cresc, aceste aplica\u021bii devin din ce \u00een ce mai importante \u00een promovarea practicilor durabile \u00een mediul urban.<\/p>\n<h3>Camioane compactoare<\/h3>\n<p>Compactatoarele beneficiaz\u0103 \u0219i de func\u021bionalitatea cilindrului hidraulic. Mecanismul este esen\u021bial pentru comprimarea eficient\u0103 a de\u0219eurilor, permi\u021b\u00e2nd utilizarea optim\u0103 a spa\u021biului din interiorul camionului. Designul cilindrului permite performan\u021be robuste, chiar \u0219i atunci c\u00e2nd se lucreaz\u0103 cu sarcini grele, asigur\u00e2nd c\u0103 procesul de compactare este eficient. Aceast\u0103 eficien\u021b\u0103 nu numai c\u0103 \u00eembun\u0103t\u0103\u021be\u0219te opera\u021biunile de colectare a de\u0219eurilor, dar spore\u0219te \u0219i economia de combustibil prin maximizarea capacit\u0103\u021bii de \u00eenc\u0103rcare.<\/p>\n<h2>Considera\u021bii de proiectare<\/h2>\n<h3>Capacitate de \u00eenc\u0103rcare<\/h3>\n<p>La proiectarea cilindrilor hidraulici, capacitatea de \u00eenc\u0103rcare este o considera\u021bie primordial\u0103. Cilindrul trebuie s\u0103 reziste la for\u021be semnificative f\u0103r\u0103 a-\u0219i compromite integritatea structural\u0103. Un cilindru bine proiectat ofer\u0103 fiabilitate, asigur\u00e2ndu-se c\u0103 poate func\u021biona \u00een condi\u021bii de solicit\u0103ri opera\u021bionale mari \u00eent\u00e2lnite \u00een mod obi\u0219nuit la vehiculele de salubritate.<\/p>\n<h3>Eficien\u021ba de etan\u0219are<\/h3>\n<p>Etan\u0219area eficient\u0103 este crucial\u0103 pentru a preveni scurgerile de fluid hidraulic. Materiale de etan\u0219are de \u00eenalt\u0103 calitate, precum poliuretanul \u0219i cauciucul nitrilic, sunt utilizate pentru a \u00eembun\u0103t\u0103\u021bi performan\u021ba \u0219i durata de via\u021b\u0103 a cilindrului. Aceste etan\u0219\u0103ri sunt proiectate s\u0103 reziste la presiunile ridicate \u0219i temperaturile variate tipice sistemelor hidraulice, asigur\u00e2nd eficien\u021ba opera\u021bional\u0103.<\/p>\n<h3>Durabilitate<\/h3>\n<p>Durabilitatea cilindrului hidraulic este primordial\u0103, \u00een special \u00een aplica\u021bii riguroase. Utilizarea materialelor de \u00eenalt\u0103 calitate \u0219i a tehnicilor de inginerie de precizie spore\u0219te longevitatea produsului. Durabilitatea asigur\u0103 c\u0103 cilindrul poate func\u021biona constant \u00een timp, reduc\u00e2nd frecven\u021ba \u00eenlocuirilor \u0219i a \u00eentre\u021binerii.<\/p>\n<h3>Caracteristici de siguran\u021b\u0103<\/h3>\n<p>Incorporarea caracteristicilor de siguran\u021b\u0103 \u00een proiectarea cilindrilor hidraulici este esen\u021bial\u0103 pentru protejarea operatorilor \u0219i a echipamentelor. Caracteristici precum supapele de suprapresiune \u0219i mecanismele de protec\u021bie la suprasarcin\u0103 sunt vitale pentru prevenirea accidentelor \u0219i asigurarea func\u021bion\u0103rii \u00een siguran\u021b\u0103. Aceast\u0103 considera\u021bie este deosebit de important\u0103 \u00een mediile \u00een care sarcinile \u0219i presiunile hidraulice mari sunt frecvente.<\/p>\n<h3>\u00centre\u021binere \u0219i service<\/h3>\n<p>Proiectarea cilindrilor hidraulici pentru o \u00eentre\u021binere u\u0219oar\u0103 este crucial\u0103 pentru minimizarea timpilor de nefunc\u021bionare. Caracteristici precum garniturile \u0219i punctele de lubrifiere u\u0219or accesibile permit o \u00eentre\u021binere simpl\u0103. Aceast\u0103 strategie de proiectare asigur\u0103 c\u0103 \u00eentre\u021binerea regulat\u0103 poate fi efectuat\u0103 f\u0103r\u0103 unelte specializate sau dezasamblare excesiv\u0103.<\/p>\n<h2>Etan\u0219are \u0219i lubrifiere<\/h2>\n<p>Etan\u0219area \u0219i lubrifierea cilindrilor hidraulici sunt esen\u021biale pentru performan\u021ba \u0219i longevitatea acestora. Se utilizeaz\u0103 diverse tipuri de etan\u0219\u0103ri, inclusiv etan\u0219\u0103ri pentru piston \u0219i etan\u0219\u0103ri pentru tij\u0103, care sunt esen\u021biale pentru men\u021binerea presiunii \u00een sistem. Selec\u021bia materialelor de etan\u0219are, cum ar fi poliuretanul \u0219i cauciucul nitrilic, spore\u0219te rezisten\u021ba la uzur\u0103 \u0219i durabilitatea, asigur\u00e2nd c\u0103 etan\u0219\u0103rile pot rezista la condi\u021bii dure de func\u021bionare.<\/p>\n<p>Corpul cilindrului \u0219i suprafe\u021bele filetate ale cap\u0103tului sunt supuse unui tratament meticulos pentru a \u00eembun\u0103t\u0103\u021bi rezisten\u021ba la uzur\u0103. Acest tratament este vital, deoarece reduce frecven\u021ba \u00eenlocuirilor garniturilor \u0219i \u00eembun\u0103t\u0103\u021be\u0219te performan\u021ba general\u0103. Lubrifierea regulat\u0103 cu ulei hidraulic adecvat este esen\u021bial\u0103 pentru a minimiza frecarea \u0219i uzura, asigur\u00e2nd o func\u021bionare lin\u0103 \u0219i prelungind durata de via\u021b\u0103 a cilindrului.<\/p>\n<h2>M\u0103suri de \u00eentre\u021binere preventiv\u0103<\/h2>\n<ul>\n<li>Efectua\u021bi inspec\u021bii regulate pentru scurgeri \u0219i uzur\u0103.<\/li>\n<li>Asigura\u021bi lubrifierea corespunz\u0103toare a pieselor mobile.<\/li>\n<li>Verifica\u021bi periodic garniturile pentru a depista semne de deteriorare sau uzur\u0103.<\/li>\n<\/ul>\n<p>Implementarea acestor m\u0103suri preventive ajut\u0103 la men\u021binerea performan\u021bei optime \u0219i prelunge\u0219te durata de via\u021b\u0103 a cilindrului hidraulic. Inspec\u021biile regulate pot identifica poten\u021bialele probleme \u00eenainte ca acestea s\u0103 escaladeze, economisind timpul \u0219i costurile asociate cu repara\u021biile majore.<\/p>\n<h2>Instruc\u021biuni de instalare<\/h2>\n<p>Instalarea corect\u0103 a cilindrului hidraulic este esen\u021bial\u0103 pentru performan\u021ba acestuia. \u00cencepe\u021bi prin a v\u0103 asigura c\u0103 toate componentele sunt curate \u0219i f\u0103r\u0103 resturi. Alinia\u021bi cilindrul cu precizie cu suporturile de instalare, utiliz\u00e2nd dispozitive de fixare adecvate pentru a-l fixa \u00een pozi\u021bie. Este esen\u021bial s\u0103 verifica\u021bi dac\u0103 toate conexiunile hidraulice sunt str\u00e2nse \u0219i nu prezint\u0103 scurgeri.<\/p>\n<p>\u00cen timpul instal\u0103rii, consulta\u021bi specifica\u021biile produc\u0103torului pentru set\u0103rile de cuplu \u0219i al\u021bi parametri. Dup\u0103 instalare, efectua\u021bi o verificare am\u0103nun\u021bit\u0103 pentru a v\u0103 asigura c\u0103 cilindrul func\u021bioneaz\u0103 f\u0103r\u0103 probleme pe toat\u0103 raza sa de mi\u0219care. Inspecta\u021bi periodic toate punctele de montare \u0219i conexiunile, deoarece vibra\u021biile \u0219i al\u021bi factori pot duce la sl\u0103bire \u00een timp.<\/p>\n<h2>Sarcini de \u00eentre\u021binere<\/h2>\n<h3>Inspec\u021bii regulate<\/h3>\n<p>Efectuarea inspec\u021biilor regulate este vital\u0103 pentru identificarea timpurie a problemelor poten\u021biale. C\u0103uta\u021bi semne de uzur\u0103, coroziune \u0219i scurgeri de fluide, care pot indica necesitatea unor repara\u021bii sau \u00eenlocuiri. Inspec\u021biile trebuie efectuate la intervale programate, \u00een special dup\u0103 perioade semnificative de func\u021bionare.<\/p>\n<h3>Lubrifiere adecvat\u0103<\/h3>\n<p>Lubrifierea este esen\u021bial\u0103 \u00een prevenirea uzurii pieselor mobile. Asigura\u021bi-v\u0103 c\u0103 uleiul hidraulic utilizat este compatibil cu cilindrul \u0219i completa\u021bi-l ori de c\u00e2te ori este necesar pentru a men\u021bine nivelurile adecvate. Un cilindru bine lubrifiat func\u021bioneaz\u0103 mai eficient \u0219i are o durat\u0103 de via\u021b\u0103 mai lung\u0103.<\/p>\n<h3>\u00cenlocuirea \u0219i calibrarea etan\u0219\u0103rii<\/h3>\n<p>\u00cenlocuirea garniturilor uzate este crucial\u0103 pentru men\u021binerea performan\u021bei cilindrului. Verifica\u021bi periodic garniturile pentru semne de uzur\u0103 \u0219i \u00eenlocui\u021bi-le dup\u0103 cum este necesar pentru a preveni scurgerile de fluid hidraulic. De asemenea, trebuie efectuate verific\u0103ri de calibrare pentru a se asigura c\u0103 cilindrul func\u021bioneaz\u0103 \u00een parametrii specifica\u021bi, men\u021bin\u00e2nd performan\u021be optime.<\/p>\n<h2>Considera\u021bii de siguran\u021b\u0103 \u0219i factori de mediu<\/h2>\n<p>La utilizarea cilindrilor hidraulici, m\u0103surile de siguran\u021b\u0103 trebuie respectate cu stricte\u021be. Operatorii trebuie instrui\u021bi cu privire la procedurile corecte de manipulare pentru a reduce riscurile. Aceasta include \u00een\u021belegerea pericolelor poten\u021biale asociate cu fluidul hidraulic sub presiune \u0219i importan\u021ba echipamentului individual de protec\u021bie (EIP) adecvat. Asigurarea func\u021bion\u0103rii corecte a tuturor mecanismelor de siguran\u021b\u0103 este esen\u021bial\u0103 pentru o func\u021bionare \u00een siguran\u021b\u0103.<\/p>\n<h2>Diagnosticarea defec\u021biunilor \u0219i probleme frecvente<\/h2>\n<ul>\n<li>Identificarea problemelor de performan\u021b\u0103<\/li>\n<li>Tehnici de detectare a scurgerilor<\/li>\n<li>Defec\u021biuni comune ale etan\u0219\u0103rilor<\/li>\n<\/ul>\n<p>Diagnosticarea defec\u021biunilor cilindrilor hidraulici necesit\u0103 o abordare metodic\u0103. \u00cencepe\u021bi prin observarea oric\u0103ror probleme de performan\u021b\u0103, cum ar fi capacitatea de ridicare redus\u0103 sau mi\u0219c\u0103rile neregulate. Dac\u0103 se detecteaz\u0103 scurgeri, evalua\u021bi etan\u0219\u0103rile \u0219i conexiunile pentru uzur\u0103 sau deteriorare. Defec\u021biunile comune ale etan\u0219\u0103rilor pot fi adesea atribuite instal\u0103rii necorespunz\u0103toare sau utiliz\u0103rii unor materiale incompatibile, necesit\u00e2nd o selec\u021bie atent\u0103 \u0219i o \u00eentre\u021binere regulat\u0103.<\/p>\n<h2>Sfaturi de depanare<\/h2>\n<p>Pentru a depana eficient problemele cilindrilor hidraulici, p\u0103stra\u021bi un jurnal al tuturor sarcinilor de \u00eentre\u021binere \u0219i al oric\u0103ror modific\u0103ri ale performan\u021bei. Aceste informa\u021bii pot ajuta la identificarea tiparelor care indic\u0103 probleme subiacente. Instruirea regulat\u0103 a operatorilor privind recunoa\u0219terea semnelor timpurii de defec\u021biune poate duce la interven\u021bii la timp \u0219i poate preveni probleme ulterioare.<\/p>\n<p><img decoding=\"async\" src=\"https:\/\/www.hydraulic-cylinders.net\/wp-content\/uploads\/2025\/05\/hydraulic-cylinder-all-2.webp\" alt=\"Imagine cilindru hidraulic\"><\/p>\n<h2>Despre compania noastr\u0103<\/h2>\n<p>\u00cen calitate de produc\u0103tor de top de cilindri hidraulici, compania noastr\u0103 exceleaz\u0103 \u00een furnizarea unei game complete de produse adaptate pentru a satisface nevoile at\u00e2t ale pie\u021belor interne, c\u00e2t \u0219i ale celor interna\u021bionale. Expertiza noastr\u0103 \u00een sisteme hidraulice garanteaz\u0103 c\u0103 oferim solu\u021bii de \u00eenalt\u0103 calitate care respect\u0103 standardele industriei.<\/p>\n<p>Ne m\u00e2ndrim cu abordarea noastr\u0103 profesional\u0103, cu certific\u0103ri interna\u021bionale care valideaz\u0103 procesele noastre de asigurare a calit\u0103\u021bii. Serviciile noastre personalizate r\u0103spund cerin\u021belor specifice ale clien\u021bilor, asigur\u00e2ndu-ne c\u0103 fiecare produs este conceput pentru a satisface nevoile opera\u021bionale unice.<\/p>\n<p>Dota\u021bi cu facilit\u0103\u021bi de produc\u021bie avansate, folosim tehnologie de ultim\u0103 genera\u021bie pentru a fabrica cilindri hidraulici care rezist\u0103 testului timpului. Echipa noastr\u0103 dedicat\u0103 de service post-v\u00e2nzare este \u00eentotdeauna disponibil\u0103 pentru a ajuta clien\u021bii \u00een depanarea \u0219i optimizarea sistemelor lor hidraulice.<\/p>\n<p><img decoding=\"async\" src=\"https:\/\/www.hydraulic-cylinders.net\/wp-content\/uploads\/2025\/05\/xinxin-hydraulic-cylinder-factory-1.webp\" alt=\"Imaginea fabricii companiei\"><\/p>\n<p>Autor: lyl<\/p>","protected":false},"excerpt":{"rendered":"<p>Sanitation Vehicle Top Cover Hydraulic Cylinder Product Overview The Sanitation Vehicle Top Cover Hydraulic Cylinder is an essential component designed for the efficient operation of sanitation vehicles. This hydraulic cylinder is responsible for the lifting and lowering of the top cover, ensuring that waste management processes are carried out seamlessly. Made with high-quality materials, it [&hellip;]<\/p>","protected":false},"featured_media":20663,"comment_status":"open","ping_status":"closed","template":"","meta":{"_et_pb_use_builder":"","_et_pb_old_content":"","_et_gb_content_width":""},"product_brand":[],"product_cat":[1483,1558],"product_tag":[],"class_list":{"0":"post-20711","1":"product","2":"type-product","3":"status-publish","4":"has-post-thumbnail","6":"product_cat-construction-machinery-hydraulic-cylinders","7":"product_cat-sanitation-machinery-hydraulic-cylinders-2","9":"first","10":"instock","11":"shipping-taxable","12":"product-type-simple"},"amp_enabled":true,"_links":{"self":[{"href":"https:\/\/www.hydraulic-cylinders.net\/ro\/wp-json\/wp\/v2\/product\/20711","targetHints":{"allow":["GET"]}}],"collection":[{"href":"https:\/\/www.hydraulic-cylinders.net\/ro\/wp-json\/wp\/v2\/product"}],"about":[{"href":"https:\/\/www.hydraulic-cylinders.net\/ro\/wp-json\/wp\/v2\/types\/product"}],"replies":[{"embeddable":true,"href":"https:\/\/www.hydraulic-cylinders.net\/ro\/wp-json\/wp\/v2\/comments?post=20711"}],"wp:featuredmedia":[{"embeddable":true,"href":"https:\/\/www.hydraulic-cylinders.net\/ro\/wp-json\/wp\/v2\/media\/20663"}],"wp:attachment":[{"href":"https:\/\/www.hydraulic-cylinders.net\/ro\/wp-json\/wp\/v2\/media?parent=20711"}],"wp:term":[{"taxonomy":"product_brand","embeddable":true,"href":"https:\/\/www.hydraulic-cylinders.net\/ro\/wp-json\/wp\/v2\/product_brand?post=20711"},{"taxonomy":"product_cat","embeddable":true,"href":"https:\/\/www.hydraulic-cylinders.net\/ro\/wp-json\/wp\/v2\/product_cat?post=20711"},{"taxonomy":"product_tag","embeddable":true,"href":"https:\/\/www.hydraulic-cylinders.net\/ro\/wp-json\/wp\/v2\/product_tag?post=20711"}],"curies":[{"name":"wp","href":"https:\/\/api.w.org\/{rel}","templated":true}]}}