{"id":20716,"date":"2025-05-27T06:22:16","date_gmt":"2025-05-27T06:22:16","guid":{"rendered":"https:\/\/www.hydraulic-cylinders.net\/product\/sanitation-vehicle-scraper-hydraulic-cylinder\/"},"modified":"2025-05-27T06:22:18","modified_gmt":"2025-05-27T06:22:18","slug":"sanitation-vehicle-scraper-hydraulic-cylinder","status":"publish","type":"product","link":"https:\/\/www.hydraulic-cylinders.net\/ro\/produs\/sanitation-vehicle-scraper-hydraulic-cylinder\/","title":{"rendered":"Cilindru hidraulic pentru r\u0103zuitorul vehiculului sanitar"},"content":{"rendered":"<h1>Cilindru hidraulic pentru r\u0103zuitorul vehiculului sanitar<\/h1>\n<h2>Introducerea produsului<\/h2>\n<p>Cilindrul hidraulic pentru scraperul vehiculului de salubritate este o component\u0103 esen\u021bial\u0103 conceput\u0103 pentru a spori eficien\u021ba \u0219i func\u021bionalitatea vehiculelor de salubritate. Acest cilindru hidraulic este utilizat \u00een principal pentru mecanismele de ridicare \u0219i cobor\u00e2re \u00een aplica\u021biile de colectare a gunoiului \u0219i cur\u0103\u021benie stradal\u0103. Acesta permite mi\u0219c\u0103ri line \u0219i controlate, asigur\u00e2nd func\u021bionarea eficient\u0103 a scraperului, reduc\u00e2nd \u00een acela\u0219i timp uzura ma\u0219inii. Cu structura sa robust\u0103 \u0219i ingineria precis\u0103, acest cilindru hidraulic nu numai c\u0103 cre\u0219te productivitatea vehiculelor de salubritate, dar contribuie \u0219i la fiabilitatea \u0219i siguran\u021ba lor general\u0103. \u00cen esen\u021b\u0103, joac\u0103 un rol esen\u021bial \u00een optimizarea performan\u021bei opera\u021biunilor de salubritate, f\u0103c\u00e2ndu-le mai eficiente \u0219i mai ecologice.<\/p>\n<h2>Parametrii produsului<\/h2>\n<p>Specifica\u021biile cilindrului hidraulic pentru r\u0103zuitorul vehiculului de salubritate sunt urm\u0103toarele:<\/p>\n<ul>\n<li>Diametrul cilindrului: 63 mm<\/li>\n<li>Diametrul tijei: 40 mm<\/li>\n<li>Curs\u0103: 385 mm<\/li>\n<li>Distan\u021ba de instalare: 670 mm<\/li>\n<\/ul>\n<p>Ace\u0219ti parametri indic\u0103 dimensiunile fizice \u0219i capacit\u0103\u021bile cilindrului hidraulic, cruciale pentru determinarea compatibilit\u0103\u021bii cu diverse modele de vehicule de salubritate. Diametrul cilindrului asigur\u0103 o rezisten\u021b\u0103 suficient\u0103 pentru a face fa\u021b\u0103 cerin\u021belor opera\u021bionale, \u00een timp ce diametrul tijei \u0219i lungimea cursei permit o putere de ridicare adecvat\u0103. Distan\u021ba de instalare este esen\u021bial\u0103 pentru asigurarea mont\u0103rii corecte \u00een sistemul hidraulic al vehiculului.<\/p>\n<h2>Caracteristici ale produsului<\/h2>\n<p>Caracteristicile cheie ale cilindrului hidraulic pentru r\u0103zuitorul vehiculului de salubritate includ:<\/p>\n<ul>\n<li>Rezisten\u021b\u0103 \u0219i durabilitate ridicate pentru o durat\u0103 de via\u021b\u0103 extins\u0103<\/li>\n<li>Inginerie de precizie pentru performan\u021b\u0103 optim\u0103 sub sarcini mari<\/li>\n<li>Compatibilitate versatil\u0103 cu diverse modele de vehicule de salubritate<\/li>\n<li>Procese u\u0219oare de instalare \u0219i \u00eentre\u021binere<\/li>\n<li>Op\u021biune de \u00eenlocuire rentabil\u0103 pentru cilindrii hidraulici existen\u021bi<\/li>\n<\/ul>\n<p>Compania noastr\u0103 este specializat\u0103 \u00een produc\u021bia acestui cilindru hidraulic, asigur\u00e2ndu-ne c\u0103 produsele noastre pot \u00eenlocui f\u0103r\u0103 probleme al\u021bi cilindri hidraulici de pe pia\u021b\u0103, f\u0103r\u0103 a compromite performan\u021ba.<\/p>\n<h2>Scenarii de aplica\u021bii<\/h2>\n<h3>1. Colectarea gunoiului<\/h3>\n<p>Cilindrul hidraulic cu raclet\u0103 pentru vehicule de salubritate este utilizat pe scar\u0103 larg\u0103 \u00een vehiculele de colectare a gunoiului. Acesta permite func\u021bionarea eficient\u0103 a mecanismului de desc\u0103rcare, permi\u021b\u00e2nd desc\u0103rcarea rapid\u0103 \u0219i sigur\u0103 a de\u0219eurilor colectate. Controlul precis oferit de acest cilindru asigur\u0103 scurgeri minime \u0219i maximizeaz\u0103 capacitatea de \u00eenc\u0103rcare a vehiculului, duc\u00e2nd la rute de colectare mai rapide \u0219i o eficien\u021b\u0103 opera\u021bional\u0103 sporit\u0103. Pe m\u0103sur\u0103 ce ora\u0219ele cresc \u0219i gestionarea de\u0219eurilor devine din ce \u00een ce mai dificil\u0103, nevoia de cilindri hidraulici fiabili precum acesta nu a fost niciodat\u0103 mai critic\u0103.<\/p>\n<h3>2. Cur\u0103\u021benia str\u0103zilor<\/h3>\n<p>\u00cen aplica\u021biile de cur\u0103\u021bare stradal\u0103, cilindrul hidraulic este vital pentru controlul lamei raclete care \u00eendep\u0103rteaz\u0103 resturile de pe drumuri \u0219i trotuare. Capacitatea sa de a func\u021biona f\u0103r\u0103 probleme \u00een condi\u021bii variabile asigur\u0103 c\u0103 vehiculele de cur\u0103\u021bare stradal\u0103 pot men\u021bine un standard ridicat de cur\u0103\u021benie f\u0103r\u0103 a deteriora suprafe\u021bele. Designul cilindrului \u00eei permite s\u0103 fac\u0103 fa\u021b\u0103 cerin\u021belor riguroase ale cur\u0103\u021beniei stradale, inclusiv capacitatea de a ridica resturi grele \u0219i de a opera \u00een spa\u021bii \u00eenguste, ceea ce \u00eel face un instrument indispensabil pentru serviciile municipale.<\/p>\n<h3>3. Compactarea de\u0219eurilor<\/h3>\n<p>Vehiculele de compactare a de\u0219eurilor beneficiaz\u0103 de performan\u021ba robust\u0103 a cilindrului hidraulic scraper pentru vehicule de salubritate. Acest cilindru ajut\u0103 la comprimarea eficient\u0103 a de\u0219eurilor, permi\u021b\u00e2nd \u00eenc\u0103rc\u0103turi mai substan\u021biale f\u0103r\u0103 a fi nevoie de deplas\u0103ri frecvente la locurile de depozitare a de\u0219eurilor. Eficien\u021ba opera\u021bional\u0103 sporit\u0103 are ca rezultat reducerea emisiilor \u0219i a costurilor cu combustibilul, \u00een conformitate cu practicile ecologice. Designul cilindrului asigur\u0103 c\u0103 acesta poate rezista la presiunile ridicate asociate cu compactarea de\u0219eurilor, contribuind la longevitatea \u0219i eficacitatea opera\u021biunilor de gestionare a de\u0219eurilor.<\/p>\n<h2>Considera\u021bii de proiectare \u0219i criterii de selec\u021bie<\/h2>\n<h3>Capacitate de \u00eenc\u0103rcare<\/h3>\n<p>Atunci c\u00e2nd se selecteaz\u0103 un cilindru hidraulic pentru vehiculele de salubritate, capacitatea de \u00eenc\u0103rcare este primordial\u0103. Cilindrul hidraulic pentru scraperul vehiculului de salubritate este proiectat s\u0103 suporte sarcini semnificative, reduc\u00e2nd la minimum riscul de defec\u021biune \u00een timpul func\u021bion\u0103rii. Este esen\u021bial s\u0103 se asigure c\u0103 cilindrul poate sus\u021bine greutatea scraperului \u0219i a oric\u0103ror resturi suplimentare f\u0103r\u0103 a compromite siguran\u021ba sau performan\u021ba. Produc\u0103torii efectueaz\u0103 adesea teste riguroase pentru a confirma c\u0103 cilindrul hidraulic \u00eendepline\u0219te sau dep\u0103\u0219e\u0219te specifica\u021biile de \u00eenc\u0103rcare necesare.<\/p>\n<h3>Performan\u021ba de etan\u0219are<\/h3>\n<p>Etan\u0219area este un alt aspect critic al proiect\u0103rii cilindrului hidraulic. Etan\u0219area eficient\u0103 previne scurgerile de fluid hidraulic, asigur\u00e2nd performan\u021be optime \u0219i longevitate. Cilindrul hidraulic pentru vehiculele de salubrizare cu r\u0103zuitor \u00eencorporeaz\u0103 etan\u0219\u0103ri de \u00eenalt\u0103 calitate, care sunt vitale pentru men\u021binerea presiunii \u0219i prevenirea contamin\u0103rii. Un cilindru bine etan\u0219at reduce nevoia de \u00eentre\u021binere frecvent\u0103 \u0219i prelunge\u0219te durata de via\u021b\u0103 opera\u021bional\u0103, ceea ce \u00eel face o investi\u021bie inteligent\u0103 pentru opera\u021biunile de salubrizare.<\/p>\n<h3>Durabilitate<\/h3>\n<p>Durabilitatea este crucial\u0103 pentru cilindrii hidraulici utiliza\u021bi \u00een medii dure. Vehiculele de salubritate func\u021bioneaz\u0103 adesea \u00een condi\u021bii abrazive, ceea ce poate duce la uzur\u0103. Cilindrul hidraulic cu scraper pentru vehicule de salubritate este fabricat din materiale de \u00eenalt\u0103 rezisten\u021b\u0103, care rezist\u0103 la coroziune \u0219i uzur\u0103, asigur\u00e2ndu-i o func\u021bionare constant\u0103 \u00een timp. Designul ia \u00een considerare \u0219i factori precum rezisten\u021ba la oboseal\u0103 \u0219i absorb\u021bia impactului, oferind o solu\u021bie fiabil\u0103 pentru aplica\u021bii solicitante.<\/p>\n<h3>Caracteristici de siguran\u021b\u0103<\/h3>\n<p>Siguran\u021ba este o prioritate absolut\u0103 \u00een proiectarea cilindrilor hidraulici. Cilindrul hidraulic pentru scraperele de salubritate include mai multe caracteristici de siguran\u021b\u0103, cum ar fi supape de suprapresiune \u0219i mecanisme de protec\u021bie la suprasarcin\u0103. Aceste caracteristici ajut\u0103 la prevenirea poten\u021bialelor accidente \u00een timpul func\u021bion\u0103rii, asigur\u00e2nd siguran\u021ba operatorilor vehiculului \u0219i a personalului din jur. Este esen\u021bial s\u0103 se inspecteze periodic aceste caracteristici de siguran\u021b\u0103 pentru a le men\u021bine eficacitatea \u0219i a le proteja \u00eempotriva defec\u021biunilor.<\/p>\n<h3>Considera\u021bii privind \u00eentre\u021binerea<\/h3>\n<p>\u00centre\u021binerea u\u0219oar\u0103 este o considera\u021bie vital\u0103 pentru cilindrii hidraulici. Cilindrul hidraulic pentru vehiculele de salubritate este proiectat av\u00e2nd \u00een vedere accesibilitatea, permi\u021b\u00e2nd o inspec\u021bie \u0219i o \u00eentre\u021binere simple. \u00centre\u021binerea regulat\u0103 nu numai c\u0103 prelunge\u0219te durata de via\u021b\u0103 a cilindrului, dar asigur\u0103 \u0219i func\u021bionarea acestuia la eficien\u021b\u0103 maxim\u0103. Utilizatorii sunt \u00eencuraja\u021bi s\u0103 stabileasc\u0103 un program de \u00eentre\u021binere de rutin\u0103 pentru a rezolva problemele minore \u00eenainte ca acestea s\u0103 se transforme \u00een probleme semnificative.<\/p>\n<h2>Etan\u0219are \u0219i lubrifiere<\/h2>\n<p>Etan\u0219area \u0219i lubrifierea cilindrului hidraulic al scraperului pentru vehicule de salubritate sunt de o importan\u021b\u0103 capital\u0103 pentru o performan\u021b\u0103 optim\u0103. Cilindrul hidraulic utilizeaz\u0103 diverse componente de etan\u0219are, inclusiv etan\u0219\u0103ri ale pistonului \u0219i etan\u0219\u0103ri ale tijei, pentru a asigura re\u021binerea fluidului hidraulic \u0219i evitarea p\u0103trunderii contaminan\u021bilor externi \u00een sistem. Etan\u0219\u0103rile fabricate din materiale durabile, precum poliuretanul \u0219i cauciucul nitrilic, ofer\u0103 o rezisten\u021b\u0103 excelent\u0103 la uzur\u0103, sporind astfel longevitatea cilindrului.<\/p>\n<p>\u00cen plus, corpul cilindrului \u0219i capetele filetate sunt supuse unor prelucr\u0103ri de precizie pentru a \u00eembun\u0103t\u0103\u021bi rezisten\u021ba la uzur\u0103. Lubrifierea regulat\u0103 este crucial\u0103, deoarece reduce frecarea dintre piesele mobile \u0219i previne supra\u00eenc\u0103lzirea. Utilizatorii trebuie s\u0103 se asigure c\u0103 se aplic\u0103 o cantitate adecvat\u0103 de ulei hidraulic ca parte a rutinei de \u00eentre\u021binere, ceea ce va ajuta la men\u021binerea performan\u021bei optime \u0219i la prevenirea uzurii premature a garniturilor \u0219i a componentelor interne.<\/p>\n<h2>Inspec\u021bie regulat\u0103 \u0219i \u00eentre\u021binere preventiv\u0103<\/h2>\n<p>Implementarea unei rutine de inspec\u021bie regulat\u0103 este esen\u021bial\u0103 pentru men\u021binerea eficien\u021bei \u0219i fiabilit\u0103\u021bii cilindrului hidraulic al scraperului pentru vehiculele de salubritate. Iat\u0103 c\u00e2teva m\u0103suri esen\u021biale de \u00eentre\u021binere preventiv\u0103:<\/p>\n<ul>\n<li><strong>Inspec\u021bii vizuale:<\/strong> Verifica\u021bi periodic dac\u0103 exist\u0103 semne de uzur\u0103, scurgeri sau deterior\u0103ri. Orice problem\u0103 vizibil\u0103 trebuie remediat\u0103 imediat pentru a preveni complica\u021bii ulterioare.<\/li>\n<li><strong>Verific\u0103ri ale nivelului fluidului:<\/strong> Monitoriza\u021bi nivelurile de lichid hidraulic \u0219i completa\u021bi dup\u0103 cum este necesar. Nivelurile sc\u0103zute de lichid pot duce la o uzur\u0103 crescut\u0103 \u0219i la o posibil\u0103 defec\u021biune a sistemului hidraulic.<\/li>\n<li><strong>Monitorizarea st\u0103rii etan\u0219\u0103rilor:<\/strong> Inspecta\u021bi garniturile pentru orice semne de deteriorare sau uscare. \u00cenlocuirea prompt\u0103 a garniturilor uzate poate preveni scurgerile \u0219i poate men\u021bine integritatea sistemului.<\/li>\n<\/ul>\n<p>Prin respectarea acestor m\u0103suri de \u00eentre\u021binere preventiv\u0103, utilizatorii pot prelungi semnificativ durata de via\u021b\u0103 a cilindrului hidraulic \u0219i pot asigura o func\u021bionare fiabil\u0103 \u00een condi\u021bii dificile.<\/p>\n<h2>Instruc\u021biuni de instalare<\/h2>\n<p>Instalarea corect\u0103 a cilindrului hidraulic al scraperului pentru vehiculul de salubritate este esen\u021bial\u0103 pentru o performan\u021b\u0103 optim\u0103. Urma\u021bi ace\u0219ti pa\u0219i pentru a asigura o instalare corect\u0103:<\/p>\n<ol>\n<li><strong>Preparare:<\/strong> \u00cenainte de instalare, cur\u0103\u021ba\u021bi suprafe\u021bele de montare \u0219i asigura\u021bi-v\u0103 c\u0103 nu exist\u0103 obstacole care ar putea \u00eempiedica mi\u0219carea cilindrului.<\/li>\n<li><strong>Aliniere:<\/strong> Asigura\u021bi-v\u0103 c\u0103 cilindrul este aliniat corect cu sistemul hidraulic pentru a preveni solicit\u0103ri excesive \u0219i poten\u021biale defec\u021biuni.<\/li>\n<li><strong>Montare sigur\u0103:<\/strong> Folosi\u021bi console de montare adecvate pentru a fixa cilindrul \u00een pozi\u021bie. Asigura\u021bi-v\u0103 c\u0103 toate \u0219uruburile sunt str\u00e2nse conform specifica\u021biilor produc\u0103torului pentru a preveni mi\u0219carea \u00een timpul func\u021bion\u0103rii.<\/li>\n<li><strong>Conexiuni hidraulice:<\/strong> Conecta\u021bi cu aten\u021bie conductele hidraulice, asigur\u00e2ndu-v\u0103 c\u0103 toate fitingurile sunt fixate \u0219i nu prezint\u0103 scurgeri. Re\u021bine\u021bi direc\u021bia de curgere indicat\u0103 de produc\u0103tor.<\/li>\n<li><strong>Testare:<\/strong> Dup\u0103 instalare, efectua\u021bi un test de presiune pentru a v\u0103 asigura c\u0103 butelia func\u021bioneaz\u0103 corect \u0219i c\u0103 nu exist\u0103 scurgeri.<\/li>\n<\/ol>\n<p>Respectarea acestor instruc\u021biuni de instalare va ajuta la asigurarea longevit\u0103\u021bii \u0219i eficien\u021bei cilindrului hidraulic.<\/p>\n<h2>Sarcini comune de \u00eentre\u021binere<\/h2>\n<p>Sarcinile de \u00eentre\u021binere regulate pentru cilindrul hidraulic al scraperului pentru vehiculul de salubritate includ:<\/p>\n<ul>\n<li><strong>Inspec\u021bii de rutin\u0103:<\/strong> Efectua\u021bi inspec\u021bii regulate pentru a identifica din timp poten\u021bialele probleme. C\u0103uta\u021bi semne de scurgeri, uzur\u0103 \u0219i nealiniere.<\/li>\n<li><strong>Lubrifiere adecvat\u0103:<\/strong> Asigura\u021bi-v\u0103 c\u0103 cilindrul este lubrifiat corespunz\u0103tor \u00een permanen\u021b\u0103. Folosi\u021bi uleiul hidraulic recomandat \u0219i respecta\u021bi instruc\u021biunile produc\u0103torului privind frecven\u021ba de lubrifiere.<\/li>\n<li><strong>\u00cenlocuirea garniturii:<\/strong> Verifica\u021bi periodic garniturile pentru uzur\u0103 \u0219i lua\u021bi \u00een considerare \u00eenlocuirea lor ca parte a unui program de \u00eentre\u021binere de rutin\u0103. Acest lucru previne scurgerile \u0219i asigur\u0103 performan\u021be optime.<\/li>\n<\/ul>\n<p>Instalarea, lubrifierea \u0219i reglarea corect\u0103 sunt cruciale pentru men\u021binerea eficien\u021bei \u0219i eficacit\u0103\u021bii cilindrului hidraulic. Alinierea \u00een timpul instal\u0103rii este deosebit de important\u0103; nealinierea poate provoca uzur\u0103 prematur\u0103 \u0219i poten\u021biale defec\u021biuni. Se recomand\u0103 utilizarea unor console de montare adecvate pentru a fixa ferm cilindrul. \u00cen cele din urm\u0103, respectarea procedurilor recomandate de inspec\u021bie, reparare \u0219i \u00eenlocuire va asigura c\u0103 cilindrul hidraulic r\u0103m\u00e2ne \u00een stare optim\u0103, prelungindu-i semnificativ durata de via\u021b\u0103 func\u021bional\u0103.<\/p>\n<h2>Considera\u021bii de siguran\u021b\u0103 \u0219i factori de mediu<\/h2>\n<p>La operarea cilindrilor hidraulici, m\u0103surile de siguran\u021b\u0103 sunt primordiale. Utilizatorii trebuie s\u0103 respecte protocoalele opera\u021bionale pentru a minimiza riscurile asociate cu sistemele hidraulice. Aceasta include evitarea supra\u00eenc\u0103rc\u0103rii cilindrului, care poate duce la defec\u021biuni catastrofale, \u0219i asigurarea faptului c\u0103 tot personalul este instruit cu privire la operarea \u00een siguran\u021b\u0103 a utilajelor. \u00cen plus, eliminarea corect\u0103 a fluidelor hidraulice \u0219i a resturilor de \u00eentre\u021binere este esen\u021bial\u0103 pentru a preveni contaminarea mediului. Implementarea unor m\u0103suri eficiente de siguran\u021b\u0103 nu numai c\u0103 protejeaz\u0103 operatorii, dar asigur\u0103 \u0219i respectarea reglement\u0103rilor locale privind protec\u021bia mediului.<\/p>\n<h2>Depanare \u0219i probleme frecvente<\/h2>\n<p>C\u00e2nd \u00eent\u00e2mpina\u021bi probleme cu cilindrul hidraulic al scraperului pentru vehicule de salubritate, lua\u021bi \u00een considerare urm\u0103toarele probleme comune:<\/p>\n<ul>\n<li><strong>Scurgere:<\/strong> Dac\u0103 exist\u0103 scurgeri de lichid hidraulic, verifica\u021bi garniturile pentru a vedea dac\u0103 sunt deteriorate. Garniturile uzate pot necesita \u00eenlocuire pentru a preveni pierderile ulterioare de lichid.<\/li>\n<li><strong>Func\u021bionare inconsistent\u0103:<\/strong> Dac\u0103 cilindrul nu se extinde sau nu se retrage lin, verifica\u021bi dac\u0103 exist\u0103 blocaje sau probleme cu nivelul fluidului hidraulic. Aerul din sistem poate provoca, de asemenea, o func\u021bionare neregulat\u0103.<\/li>\n<li><strong>Supra\u00eenc\u0103lzire:<\/strong> Supra\u00eenc\u0103lzirea poate indica niveluri sc\u0103zute de fluid sau sarcin\u0103 excesiv\u0103. Asigura\u021bi-v\u0103 c\u0103 cilindrul func\u021bioneaz\u0103 \u00een limitele specificate \u0219i c\u0103 se men\u021bine o lubrifiere adecvat\u0103.<\/li>\n<\/ul>\n<p>Prin ac\u021biune proactiv\u0103 \u0219i abordarea acestor probleme comune, utilizatorii pot men\u021bine func\u021bionalitatea cilindrilor hidraulici \u0219i pot evita repara\u021biile costisitoare. M\u0103surile preventive, cum ar fi inspec\u021biile \u0219i \u00eentre\u021binerea regulate, ajut\u0103 la reducerea probabilit\u0103\u021bii apari\u021biei acestor probleme.<\/p>\n<p><img decoding=\"async\" src=\"https:\/\/www.hydraulic-cylinders.net\/wp-content\/uploads\/2025\/05\/hydraulic-cylinder-all-2.webp\" alt=\"Cilindru hidraulic\"><\/p>\n<h2>Prezentare general\u0103 a companiei<\/h2>\n<p>Suntem un produc\u0103tor important de cilindri hidraulici, oferind o gam\u0103 divers\u0103 de produse pentru a satisface nevoile at\u00e2t ale pie\u021belor interne, c\u00e2t \u0219i ale celor interna\u021bionale. De-a lungul anilor, ne-am impus ca un furnizor \u0219i angrosist de top, cunoscu\u021bi pentru angajamentul nostru fa\u021b\u0103 de calitate \u0219i inova\u021bie. Linia noastr\u0103 extins\u0103 de produse este conceput\u0103 pentru a oferi solu\u021bii pentru diverse aplica\u021bii, asigur\u00e2ndu-ne c\u0103 putem satisface nevoile specifice ale clien\u021bilor no\u0219tri.<\/p>\n<p>Expertiza noastr\u0103 este completat\u0103 de certific\u0103ri interna\u021bionale, asigur\u00e2nd c\u0103 produsele noastre \u00eendeplinesc standarde riguroase ale industriei. Oferim servicii personalizate pentru a se adapta specifica\u021biilor unice, sus\u021binute de echipamente de produc\u021bie avansate care sporesc eficien\u021ba \u0219i precizia. Asisten\u021ba noastr\u0103 post-v\u00e2nzare dedicat\u0103 garanteaz\u0103 asisten\u021b\u0103 continu\u0103 pentru clien\u021bii no\u0219tri, consolid\u00e2nd reputa\u021bia noastr\u0103 de excelen\u021b\u0103 \u00een serviciile pentru clien\u021bi.<\/p>\n<p><img decoding=\"async\" src=\"https:\/\/www.hydraulic-cylinders.net\/wp-content\/uploads\/2025\/05\/xinxin-hydraulic-cylinder-factory-1.webp\" alt=\"Fabrica companiei\"><\/p>\n<p>Autor: lyl<\/p>","protected":false},"excerpt":{"rendered":"<p>Sanitation Vehicle Scraper Hydraulic Cylinder Product Introduction The Sanitation Vehicle Scraper Hydraulic Cylinder is a critical component designed to enhance the efficiency and functionality of sanitation vehicles. This hydraulic cylinder is primarily used for lifting and lowering mechanisms in garbage collection and street cleaning applications. It allows for smooth and controlled movements, ensuring that the [&hellip;]<\/p>","protected":false},"featured_media":20640,"comment_status":"open","ping_status":"closed","template":"","meta":{"_et_pb_use_builder":"","_et_pb_old_content":"","_et_gb_content_width":""},"product_brand":[],"product_cat":[1483,1558],"product_tag":[],"class_list":{"0":"post-20716","1":"product","2":"type-product","3":"status-publish","4":"has-post-thumbnail","6":"product_cat-construction-machinery-hydraulic-cylinders","7":"product_cat-sanitation-machinery-hydraulic-cylinders-2","9":"first","10":"instock","11":"shipping-taxable","12":"product-type-simple"},"amp_enabled":true,"_links":{"self":[{"href":"https:\/\/www.hydraulic-cylinders.net\/ro\/wp-json\/wp\/v2\/product\/20716","targetHints":{"allow":["GET"]}}],"collection":[{"href":"https:\/\/www.hydraulic-cylinders.net\/ro\/wp-json\/wp\/v2\/product"}],"about":[{"href":"https:\/\/www.hydraulic-cylinders.net\/ro\/wp-json\/wp\/v2\/types\/product"}],"replies":[{"embeddable":true,"href":"https:\/\/www.hydraulic-cylinders.net\/ro\/wp-json\/wp\/v2\/comments?post=20716"}],"wp:featuredmedia":[{"embeddable":true,"href":"https:\/\/www.hydraulic-cylinders.net\/ro\/wp-json\/wp\/v2\/media\/20640"}],"wp:attachment":[{"href":"https:\/\/www.hydraulic-cylinders.net\/ro\/wp-json\/wp\/v2\/media?parent=20716"}],"wp:term":[{"taxonomy":"product_brand","embeddable":true,"href":"https:\/\/www.hydraulic-cylinders.net\/ro\/wp-json\/wp\/v2\/product_brand?post=20716"},{"taxonomy":"product_cat","embeddable":true,"href":"https:\/\/www.hydraulic-cylinders.net\/ro\/wp-json\/wp\/v2\/product_cat?post=20716"},{"taxonomy":"product_tag","embeddable":true,"href":"https:\/\/www.hydraulic-cylinders.net\/ro\/wp-json\/wp\/v2\/product_tag?post=20716"}],"curies":[{"name":"wp","href":"https:\/\/api.w.org\/{rel}","templated":true}]}}