{"id":634,"date":"2023-08-21T02:32:30","date_gmt":"2023-08-21T02:32:30","guid":{"rendered":"https:\/\/hydraulic-cylinders.net\/?post_type=product&#038;p=634"},"modified":"2025-04-11T03:15:51","modified_gmt":"2025-04-11T03:15:51","slug":"forklift-tilt-hydraulic-cylinder","status":"publish","type":"product","link":"https:\/\/www.hydraulic-cylinders.net\/ro\/produs\/forklift-tilt-hydraulic-cylinder\/","title":{"rendered":"Cilindru hidraulic de \u00eenclinare a stivuitorului cu furc\u0103"},"content":{"rendered":"<h1 style=\"text-align: center;\"><strong>Forklift Tilt Hydraulic Cylinders<\/strong><\/h1>\n<p><img loading=\"lazy\" decoding=\"async\" class=\"aligncenter wp-image-635\" src=\"https:\/\/hydraulic-cylinders.net\/wp-content\/uploads\/2023\/08\/tilt-hydraulic-cylinder-product-1-4-300x300.webp\" alt=\"tilt-hydraulic-cylinder-product\" width=\"400\" height=\"400\" \/><\/p>\n<p>Forklift tilting hydraulic cylinder is a double acting hydraulic cylinder used for tilting the forklift mast. It is usually located on the left and right sides of the forklift and is connected to the mast and frame of the forklift.<\/p>\n<p>The tilting cylinder works by using hydraulic oil to push and pull the piston inside the cylinder. When hydraulic oil is pumped into the cylinder, the piston moves forward, tilting the mast forward. When the hydraulic oil is pumped out of the cylinder, the piston moves backward, tilting the rod back.<\/p>\n<p>Tilt cylinder is an important part of forklift safety performance. They allow operators to tilt the mast to unload or load material from the fork. The tilting cylinder also helps prevent the forklift from tipping over.<\/p>\n<h2><strong>Forklift Tilt Hydraulic Cylinders Parameter:<\/strong><\/h2>\n<table>\n<tbody>\n<tr>\n<td><img loading=\"lazy\" decoding=\"async\" class=\"alignnone wp-image-636 size-full\" src=\"https:\/\/hydraulic-cylinders.net\/wp-content\/uploads\/2023\/08\/tilt-hydraulic-cylinder-product-1.webp\" alt=\"\" width=\"333\" height=\"262\" srcset=\"https:\/\/www.hydraulic-cylinders.net\/wp-content\/uploads\/2023\/08\/tilt-hydraulic-cylinder-product-1.webp 333w, https:\/\/www.hydraulic-cylinders.net\/wp-content\/uploads\/2023\/08\/tilt-hydraulic-cylinder-product-1-300x236.webp 300w\" sizes=\"(max-width: 333px) 100vw, 333px\" \/><\/td>\n<td><img loading=\"lazy\" decoding=\"async\" class=\"alignnone wp-image-637 size-full\" src=\"https:\/\/hydraulic-cylinders.net\/wp-content\/uploads\/2023\/08\/tilt-hydraulic-cylinder-product-1-1.webp\" alt=\"\" width=\"326\" height=\"286\" srcset=\"https:\/\/www.hydraulic-cylinders.net\/wp-content\/uploads\/2023\/08\/tilt-hydraulic-cylinder-product-1-1.webp 326w, https:\/\/www.hydraulic-cylinders.net\/wp-content\/uploads\/2023\/08\/tilt-hydraulic-cylinder-product-1-1-300x263.webp 300w\" sizes=\"(max-width: 326px) 100vw, 326px\" \/><\/td>\n<\/tr>\n<\/tbody>\n<\/table>\n<table border=\"1\" cellspacing=\"0\" cellpadding=\"0\">\n<tbody>\n<tr>\n<td width=\"246\">Numele cilindrului<\/td>\n<td width=\"336\">num\u0103rul desenului<\/td>\n<td width=\"126\">diametrul alezajului (D)<\/td>\n<td width=\"123\">diametrul tijei (d)<\/td>\n<td width=\"114\">accident vascular cerebral (S)<\/td>\n<td width=\"170\">Distan\u021ba de instalare (L)<\/td>\n<td width=\"172\">presiune de lucru<\/td>\n<td width=\"366\">Dimensiuni interfa\u021b\u0103 (M)<\/td>\n<td width=\"96\">greutate<\/td>\n<\/tr>\n<tr>\n<td width=\"246\">TILT CYLINDER<\/td>\n<td>QA20V500-405000-000<\/td>\n<td>\u03a660<\/td>\n<td>\u03a630<\/td>\n<td>32<\/td>\n<td>109<\/td>\n<td>18MPa<\/td>\n<td>2-M14*1.5<\/td>\n<td>3.4kg<\/td>\n<\/tr>\n<\/tbody>\n<\/table>\n<table>\n<tbody>\n<tr>\n<td><img loading=\"lazy\" decoding=\"async\" class=\"alignnone wp-image-638 size-full\" src=\"https:\/\/hydraulic-cylinders.net\/wp-content\/uploads\/2023\/08\/tilt-hydraulic-cylinder-product-1-2.webp\" alt=\"\" width=\"475\" height=\"365\" srcset=\"https:\/\/www.hydraulic-cylinders.net\/wp-content\/uploads\/2023\/08\/tilt-hydraulic-cylinder-product-1-2.webp 475w, https:\/\/www.hydraulic-cylinders.net\/wp-content\/uploads\/2023\/08\/tilt-hydraulic-cylinder-product-1-2-300x231.webp 300w\" sizes=\"(max-width: 475px) 100vw, 475px\" \/><\/td>\n<td><img loading=\"lazy\" decoding=\"async\" class=\"alignnone wp-image-639 size-full\" src=\"https:\/\/hydraulic-cylinders.net\/wp-content\/uploads\/2023\/08\/tilt-hydraulic-cylinder-product-1-3.webp\" alt=\"\" width=\"475\" height=\"155\" srcset=\"https:\/\/www.hydraulic-cylinders.net\/wp-content\/uploads\/2023\/08\/tilt-hydraulic-cylinder-product-1-3.webp 475w, https:\/\/www.hydraulic-cylinders.net\/wp-content\/uploads\/2023\/08\/tilt-hydraulic-cylinder-product-1-3-300x98.webp 300w\" sizes=\"(max-width: 475px) 100vw, 475px\" \/><\/td>\n<\/tr>\n<\/tbody>\n<\/table>\n<table border=\"1\" width=\"100%\" cellspacing=\"0\" cellpadding=\"0\">\n<tbody>\n<tr>\n<td width=\"246\">Numele cilindrului<\/td>\n<td width=\"336\">num\u0103rul desenului<\/td>\n<td width=\"126\">diametrul alezajului (D)<\/td>\n<td width=\"123\">diametrul tijei (d)<\/td>\n<td width=\"114\">accident vascular cerebral (S)<\/td>\n<td width=\"170\">Distan\u021ba de instalare (L)<\/td>\n<td width=\"172\">presiune de lucru<\/td>\n<td width=\"366\">Dimensiuni interfa\u021b\u0103 (M)<\/td>\n<td width=\"96\">greutate<\/td>\n<\/tr>\n<tr>\n<td width=\"246\">TILT CYLINDER<\/td>\n<td>S16N450-600000-001Z<\/td>\n<td>\u03a663<\/td>\n<td>\u03a625<\/td>\n<td>55<\/td>\n<td>368<\/td>\n<td>18,1 MPa<\/td>\n<td>2-G1\/4<\/td>\n<td>8.2kg<\/td>\n<\/tr>\n<tr>\n<td width=\"246\">TILT CYLINDER<\/td>\n<td>RTE35M300-600000-500<\/td>\n<td>\u03a685<\/td>\n<td>\u03a635<\/td>\n<td>180<\/td>\n<td>565<\/td>\n<td>18,1 MPa<\/td>\n<td>2-M16*1.5<\/td>\n<td>17kg<\/td>\n<\/tr>\n<tr>\n<td width=\"246\">TILT CYLINDER<\/td>\n<td>A15N450-600000AZ<\/td>\n<td>\u03a665<\/td>\n<td>\u03a625<\/td>\n<td>109<\/td>\n<td>514<\/td>\n<td>18,1 MPa<\/td>\n<td>2-G1\/4<\/td>\n<td>11.6kg<\/td>\n<\/tr>\n<\/tbody>\n<\/table>\n<table>\n<tbody>\n<tr>\n<td><img loading=\"lazy\" decoding=\"async\" class=\"alignnone wp-image-640 size-full\" src=\"https:\/\/hydraulic-cylinders.net\/wp-content\/uploads\/2023\/08\/tilt-hydraulic-cylinder-product-1-4-1.webp\" alt=\"\" width=\"476\" height=\"398\" srcset=\"https:\/\/www.hydraulic-cylinders.net\/wp-content\/uploads\/2023\/08\/tilt-hydraulic-cylinder-product-1-4-1.webp 476w, https:\/\/www.hydraulic-cylinders.net\/wp-content\/uploads\/2023\/08\/tilt-hydraulic-cylinder-product-1-4-1-300x251.webp 300w\" sizes=\"(max-width: 476px) 100vw, 476px\" \/><\/td>\n<td><img loading=\"lazy\" decoding=\"async\" class=\"alignnone wp-image-641 size-full\" src=\"https:\/\/hydraulic-cylinders.net\/wp-content\/uploads\/2023\/08\/tilt-hydraulic-cylinder-product-1-5.webp\" alt=\"\" width=\"475\" height=\"162\" srcset=\"https:\/\/www.hydraulic-cylinders.net\/wp-content\/uploads\/2023\/08\/tilt-hydraulic-cylinder-product-1-5.webp 475w, https:\/\/www.hydraulic-cylinders.net\/wp-content\/uploads\/2023\/08\/tilt-hydraulic-cylinder-product-1-5-300x102.webp 300w\" sizes=\"(max-width: 475px) 100vw, 475px\" \/><\/td>\n<\/tr>\n<\/tbody>\n<\/table>\n<table border=\"1\" width=\"100%\" cellspacing=\"0\" cellpadding=\"0\">\n<tbody>\n<tr>\n<td width=\"246\">Numele cilindrului<\/td>\n<td width=\"336\">num\u0103rul desenului<\/td>\n<td width=\"126\">diametrul alezajului (D)<\/td>\n<td width=\"123\">diametrul tijei (d)<\/td>\n<td width=\"114\">accident vascular cerebral (S)<\/td>\n<td width=\"170\">Distan\u021ba de instalare (L)<\/td>\n<td width=\"172\">presiune de lucru<\/td>\n<td width=\"366\">Dimensiuni interfa\u021b\u0103 (M)<\/td>\n<td width=\"96\">greutate<\/td>\n<\/tr>\n<tr>\n<td>TILT CYLINDER<\/td>\n<td>A30M300-600000-000B<\/td>\n<td>\u03a670<\/td>\n<td>\u03a630<\/td>\n<td>156<\/td>\n<td>453<\/td>\n<td>18,1 MPa<\/td>\n<td>2-G1\/4<\/td>\n<td>12kg<\/td>\n<\/tr>\n<tr>\n<td>TILT CYLINDER<\/td>\n<td>A35M300-600000-000C<\/td>\n<td>\u03a680<\/td>\n<td>\u03a630<\/td>\n<td>156<\/td>\n<td>456.5<\/td>\n<td>18,1 MPa<\/td>\n<td>2-G1\/4<\/td>\n<td>13kg<\/td>\n<\/tr>\n<tr>\n<td>TILT CYLINDER<\/td>\n<td>A45M300-600000Z<\/td>\n<td>\u03a6100<\/td>\n<td>\u03a640<\/td>\n<td>193<\/td>\n<td>498<\/td>\n<td>18,1 MPa<\/td>\n<td>2-M16*1.5<\/td>\n<td>22kg<\/td>\n<\/tr>\n<\/tbody>\n<\/table>\n<h2><strong>Metoda de utilizare a <\/strong><strong>Cilindru hidraulic de ridicare a stivuitorului cu stivuitor<\/strong><strong>:<\/strong><\/h2>\n<ul>\n<li><strong>Step 1: System Analysis<\/strong>: Analyze your hydraulic system requirements and determine the appropriate specifications for the Hydraulic Cylinder. Consider factors such as load capacity, stroke length, and operating pressure.<\/li>\n<li><strong>Step 2: Cylinder Selection<\/strong>: Select the Hydraulic Cylinder that matches your system requirements. Ensure compatibility with other system components and consider factors like mounting style, rod diameter, and port size.<\/li>\n<li><strong>Step 3: Installation<\/strong>: Install the Hydraulic Cylinder into your hydraulic system, following the manufacturer&#8217;s instructions. Pay attention to proper alignment, secure mounting, and leak-free connections.<\/li>\n<li><strong>Step 4: System Testing<\/strong>: Conduct thorough testing of the hydraulic system, including the Hydraulic Cylinder. Check for proper operation, fluid leakage, and any potential issues. Make necessary adjustments to ensure optimal performance.<\/li>\n<\/ul>\n<h2><strong>Capabilitatea \u0219i capacitatea fabricii:<\/strong><\/h2>\n<h3>(1) Montaj<\/h3>\n<p>Dispunem de o platform\u0103 independent\u0103 de cercetare \u0219i dezvoltare de prim\u0103 clas\u0103 pentru asamblare. Atelierul de produc\u021bie a cilindrilor pentru stivuitoare are 4 linii de asamblare semiautomate pentru cilindri de ridicare \u0219i 1 linie automat\u0103 de asamblare a cilindrilor de \u00eenclinare, cu o capacitate anual\u0103 de produc\u021bie proiectat\u0103 de 1 milion de buc\u0103\u021bi; atelierul special pentru cilindri este echipat cu un sistem de asamblare semiautomat de cur\u0103\u021bare cu diverse specifica\u021bii, cu o capacitate anual\u0103 de produc\u021bie proiectat\u0103 de 200.000 de buc\u0103\u021bi. Este echipat cu echipamente de prelucrare CNC renumite, centru de prelucrare, echipamente speciale de prelucrare a cilindrilor de \u00eenalt\u0103 precizie, ma\u0219in\u0103 de sudur\u0103 robotizat\u0103, ma\u0219in\u0103 de cur\u0103\u021bare automat\u0103, ma\u0219in\u0103 automat\u0103 de asamblare a cilindrilor, linie automat\u0103 de produc\u021bie de vopsire. Echipamentele cheie existente dep\u0103\u0219esc 300 de seturi (pachete). Alocarea optim\u0103 \u0219i utilizarea eficient\u0103 a resurselor echipamentelor asigur\u0103 cerin\u021bele de precizie ale produselor \u0219i \u00eendeplinesc cerin\u021bele de \u00eenalt\u0103 calitate ale produselor.<\/p>\n<p><img loading=\"lazy\" decoding=\"async\" class=\"alignnone wp-image-626\" src=\"https:\/\/hydraulic-cylinders.net\/wp-content\/uploads\/2023\/08\/hydraulic-cylinder-product-1-300x158.webp\" alt=\"\" width=\"495\" height=\"260\" srcset=\"https:\/\/hydraulic-cylinders.net\/wp-content\/uploads\/2023\/08\/hydraulic-cylinder-product-1-300x158.webp 495w, https:\/\/hydraulic-cylinders.net\/wp-content\/uploads\/2023\/08\/hydraulic-cylinder-product-1-480x252.webp 480w\" sizes=\"(min-width: 0px) and (max-width: 480px) 480px, (min-width: 481px) 495px, 100vw\" \/> <img loading=\"lazy\" decoding=\"async\" class=\"alignnone wp-image-627\" src=\"https:\/\/hydraulic-cylinders.net\/wp-content\/uploads\/2023\/08\/hydraulic-cylinder-product-2-300x189.webp\" alt=\"\" width=\"413\" height=\"260\" \/><\/p>\n<h3>(2) Prelucrare<\/h3>\n<p>Atelierul de prelucrare este echipat cu un centru de strunjire \u00eenclinat\u0103 personalizat pentru \u0219ine, un centru de prelucrare, o ma\u0219in\u0103 de honuit de mare vitez\u0103, un robot de sudur\u0103 \u0219i alte echipamente conexe, care pot gestiona prelucrarea tuburilor cilindrice cu un diametru interior maxim de 400 mm \u0219i o lungime maxim\u0103 de 6 metri.<\/p>\n<p><img loading=\"lazy\" decoding=\"async\" class=\"alignnone wp-image-628 size-large\" src=\"https:\/\/hydraulic-cylinders.net\/wp-content\/uploads\/2023\/08\/hydraulic-cylinder-product-3-1024x391.webp\" alt=\"\" width=\"1024\" height=\"391\" srcset=\"https:\/\/hydraulic-cylinders.net\/wp-content\/uploads\/2023\/08\/hydraulic-cylinder-product-3-980x374.webp 980w, https:\/\/hydraulic-cylinders.net\/wp-content\/uploads\/2023\/08\/hydraulic-cylinder-product-3-480x183.webp 480w\" sizes=\"(min-width: 0px) and (max-width: 480px) 480px, (min-width: 481px) and (max-width: 980px) 980px, (min-width: 981px) 1024px, 100vw\" \/><\/p>\n<h3>(3) Sudur\u0103<\/h3>\n<p><img loading=\"lazy\" decoding=\"async\" class=\"alignnone wp-image-629 size-large\" src=\"https:\/\/hydraulic-cylinders.net\/wp-content\/uploads\/2023\/08\/hydraulic-cylinder-product-4-1024x510.webp\" alt=\"\" width=\"1024\" height=\"510\" srcset=\"https:\/\/hydraulic-cylinders.net\/wp-content\/uploads\/2023\/08\/hydraulic-cylinder-product-4-980x488.webp 980w, https:\/\/hydraulic-cylinders.net\/wp-content\/uploads\/2023\/08\/hydraulic-cylinder-product-4-480x239.webp 480w\" sizes=\"(min-width: 0px) and (max-width: 480px) 480px, (min-width: 481px) and (max-width: 980px) 980px, (min-width: 981px) 1024px, 100vw\" \/><\/p>\n<h3>(4) Vopsire \u0219i acoperire<\/h3>\n<p>Cu o linie automat\u0103 de vopsire pe baz\u0103 de ap\u0103 cu cilindri de dimensiuni mici \u0219i mijlocii, pentru a realiza \u00eenc\u0103rcarea \u0219i desc\u0103rcarea automat\u0103 a robotului \u0219i pulverizarea automat\u0103, capacitatea de proiectare de 4000 de buc\u0103\u021bi pe schimb;<br \/>\nDe asemenea, avem o linie semiautomat\u0103 de produc\u021bie a vopselei pentru cilindri mari, ac\u021bionat\u0103 de un lan\u021b electric, cu o capacitate proiectat\u0103 de 60 de cutii pe schimb.<\/p>\n<p><img loading=\"lazy\" decoding=\"async\" class=\"alignnone wp-image-630\" src=\"https:\/\/hydraulic-cylinders.net\/wp-content\/uploads\/2023\/08\/hydraulic-cylinder-product-5-300x213.webp\" alt=\"\" width=\"366\" height=\"260\" \/> <img loading=\"lazy\" decoding=\"async\" class=\"alignnone wp-image-631\" src=\"https:\/\/hydraulic-cylinders.net\/wp-content\/uploads\/2023\/08\/hydraulic-cylinder-product-6-300x225.webp\" alt=\"\" width=\"347\" height=\"260\" \/><\/p>\n<h3>(5) Testarea<\/h3>\n<p>Dispunem de instala\u021bii de inspec\u021bie \u0219i bancuri de testare de prim\u0103 clas\u0103 pentru a ne asigura c\u0103 performan\u021ba cilindrului \u00eendepline\u0219te cerin\u021bele.<\/p>\n<p><img loading=\"lazy\" decoding=\"async\" class=\"alignnone wp-image-632\" src=\"https:\/\/hydraulic-cylinders.net\/wp-content\/uploads\/2023\/08\/hydraulic-cylinder-product-8-300x200.webp\" alt=\"\" width=\"389\" height=\"260\" \/><\/p>\n<p>&nbsp;<\/p>\n<p>&nbsp;<\/p>\n<p>Suntem unul dintre cei mai buni produc\u0103tori de cilindri hidraulici. Putem oferi un stoc larg de cilindri hidraulici. De asemenea, oferim... <a href=\"https:\/\/hzpt.com\/agricultural-pto-gearbox\/\" target=\"_blank\" rel=\"noopener\">cutii de viteze agricole<\/a>. Am exportat produsele noastre c\u0103tre clien\u021bi din \u00eentreaga lume \u0219i am c\u00e2\u0219tigat o bun\u0103 reputa\u021bie datorit\u0103 calit\u0103\u021bii superioare a produselor noastre \u0219i a serviciilor post-v\u00e2nzare. Salut\u0103m c\u0103lduros clien\u021bii at\u00e2t din \u021bar\u0103, c\u00e2t \u0219i din str\u0103in\u0103tate s\u0103 ne contacteze pentru a negocia afaceri, a face schimb de informa\u021bii \u0219i a\u00a0<a href=\"https:\/\/www.hydraulic-cylinders.net\/ro\/contact-us\/\">s\u0103 coopereze cu noi<\/a>!<\/p>","protected":false},"excerpt":{"rendered":"<p>Forklift Tilt Hydraulic Cylinders Forklift tilting hydraulic cylinder is a double acting hydraulic cylinder used for tilting the forklift mast. It is usually located on the left and right sides of the forklift and is connected to the mast and frame of the forklift. The tilting cylinder works by using hydraulic oil to push and [&hellip;]<\/p>","protected":false},"featured_media":642,"comment_status":"open","ping_status":"closed","template":"","meta":{"_et_pb_use_builder":"","_et_pb_old_content":"","_et_gb_content_width":""},"product_brand":[],"product_cat":[1550,1484],"product_tag":[1380],"class_list":{"0":"post-634","1":"product","2":"type-product","3":"status-publish","4":"has-post-thumbnail","6":"product_cat-double-acting-hydraulic-cylinder","7":"product_cat-forklift-hydraulic-cylinders","8":"product_tag-hydraulic-cylinder","10":"first","11":"instock","12":"shipping-taxable","13":"product-type-simple"},"amp_enabled":true,"_links":{"self":[{"href":"https:\/\/www.hydraulic-cylinders.net\/ro\/wp-json\/wp\/v2\/product\/634","targetHints":{"allow":["GET"]}}],"collection":[{"href":"https:\/\/www.hydraulic-cylinders.net\/ro\/wp-json\/wp\/v2\/product"}],"about":[{"href":"https:\/\/www.hydraulic-cylinders.net\/ro\/wp-json\/wp\/v2\/types\/product"}],"replies":[{"embeddable":true,"href":"https:\/\/www.hydraulic-cylinders.net\/ro\/wp-json\/wp\/v2\/comments?post=634"}],"wp:featuredmedia":[{"embeddable":true,"href":"https:\/\/www.hydraulic-cylinders.net\/ro\/wp-json\/wp\/v2\/media\/642"}],"wp:attachment":[{"href":"https:\/\/www.hydraulic-cylinders.net\/ro\/wp-json\/wp\/v2\/media?parent=634"}],"wp:term":[{"taxonomy":"product_brand","embeddable":true,"href":"https:\/\/www.hydraulic-cylinders.net\/ro\/wp-json\/wp\/v2\/product_brand?post=634"},{"taxonomy":"product_cat","embeddable":true,"href":"https:\/\/www.hydraulic-cylinders.net\/ro\/wp-json\/wp\/v2\/product_cat?post=634"},{"taxonomy":"product_tag","embeddable":true,"href":"https:\/\/www.hydraulic-cylinders.net\/ro\/wp-json\/wp\/v2\/product_tag?post=634"}],"curies":[{"name":"wp","href":"https:\/\/api.w.org\/{rel}","templated":true}]}}