{"id":652,"date":"2023-08-21T02:56:38","date_gmt":"2023-08-21T02:56:38","guid":{"rendered":"https:\/\/hydraulic-cylinders.net\/?post_type=product&#038;p=652"},"modified":"2025-04-11T01:45:01","modified_gmt":"2025-04-11T01:45:01","slug":"forklift-short-lifting-hydraulic-cylinder","status":"publish","type":"product","link":"https:\/\/www.hydraulic-cylinders.net\/ro\/produs\/forklift-short-lifting-hydraulic-cylinder\/","title":{"rendered":"Cilindru hidraulic de ridicare scurt pentru stivuitoare"},"content":{"rendered":"<h1 style=\"text-align: center;\"><strong>Cilindru hidraulic de ridicare scurt pentru stivuitoare<\/strong><\/h1>\n<p><img loading=\"lazy\" decoding=\"async\" class=\"aligncenter wp-image-653\" src=\"https:\/\/hydraulic-cylinders.net\/wp-content\/uploads\/2023\/08\/short-lifting-hydraulic-cylinder-product-2-300x300.webp\" alt=\"produs cu cilindru hidraulic de ridicare scurt\u0103\" width=\"400\" height=\"400\" \/><\/p>\n<p>Cel\/Cea\/Cei\/Cele <strong>Cilindru scurt de ridicare pentru stivuitor<\/strong> este conceput pentru a aborda sarcini scurte de ridicare f\u0103r\u0103 efort, oferind puterea \u0219i precizia necesare pentru a optimiza opera\u021biunile de manipulare a materialelor.<\/p>\n<p>Av\u00e2nd un design robust, acest cilindru hidraulic poate rezista la sarcini grele, utilizare frecvent\u0103 \u0219i condi\u021bii dificile de func\u021bionare. Construit pentru durabilitate, asigur\u0103 performan\u021be fiabile, reduc\u00e2nd \u00een acela\u0219i timp timpul de nefunc\u021bionare legat de \u00eentre\u021binere sau repara\u021bii.<\/p>\n<p>Cu o rezisten\u021b\u0103 excep\u021bional\u0103 la uzur\u0103, coroziune \u0219i contaminare, <strong>Cilindru scurt de ridicare pentru stivuitor<\/strong> men\u021bine performan\u021be maxime pe toat\u0103 durata sa de via\u021b\u0103. Proiectat s\u0103 reziste la intemperii, se protejeaz\u0103 eficient de umiditate, resturi \u0219i al\u021bi contaminan\u021bi care i-ar putea compromite func\u021bionalitatea.<\/p>\n<p>Pentru cei care caut\u0103 o solu\u021bie de ridicare fiabil\u0103, acest cilindru hidraulic este alegerea ideal\u0103, asigur\u00e2nd eficien\u021b\u0103 \u0219i longevitate \u00een fiecare opera\u021biune.<\/p>\n<h2><strong>Parametrul cilindrului hidraulic de ridicare scurt\u0103 pentru stivuitor:<\/strong><\/h2>\n<table>\n<tbody>\n<tr>\n<td><img loading=\"lazy\" decoding=\"async\" class=\"alignnone wp-image-654 size-full\" src=\"https:\/\/hydraulic-cylinders.net\/wp-content\/uploads\/2023\/08\/short-lifting-hydraulic-cylinder-product-1.png\" alt=\"\" width=\"457\" height=\"315\" srcset=\"https:\/\/www.hydraulic-cylinders.net\/wp-content\/uploads\/2023\/08\/short-lifting-hydraulic-cylinder-product-1.png 457w, https:\/\/www.hydraulic-cylinders.net\/wp-content\/uploads\/2023\/08\/short-lifting-hydraulic-cylinder-product-1-300x207.png 300w\" sizes=\"(max-width: 457px) 100vw, 457px\" \/><\/td>\n<td><img loading=\"lazy\" decoding=\"async\" class=\"alignnone wp-image-655 size-full\" src=\"https:\/\/hydraulic-cylinders.net\/wp-content\/uploads\/2023\/08\/short-lifting-hydraulic-cylinder-product-1-1.png\" alt=\"\" width=\"475\" height=\"137\" srcset=\"https:\/\/www.hydraulic-cylinders.net\/wp-content\/uploads\/2023\/08\/short-lifting-hydraulic-cylinder-product-1-1.png 475w, https:\/\/www.hydraulic-cylinders.net\/wp-content\/uploads\/2023\/08\/short-lifting-hydraulic-cylinder-product-1-1-300x87.png 300w\" sizes=\"(max-width: 475px) 100vw, 475px\" \/><\/td>\n<\/tr>\n<\/tbody>\n<\/table>\n<table style=\"height: 95px; width: 931px;\" border=\"1\" cellspacing=\"0\" cellpadding=\"0\">\n<tbody>\n<tr style=\"height: 47px;\">\n<td style=\"height: 47px; width: 124.137px;\">Numele cilindrului<\/td>\n<td style=\"height: 47px; width: 182.712px;\">num\u0103rul desenului<\/td>\n<td style=\"height: 47px; width: 74.2125px;\">diametrul alezajului (D)<\/td>\n<td style=\"height: 47px; width: 63.6375px;\">diametrul tijei (d)<\/td>\n<td style=\"height: 47px; width: 69.75px;\">accident vascular cerebral (S)<\/td>\n<td style=\"height: 47px; width: 90.0875px;\">Distan\u021ba de instalare (L)<\/td>\n<td style=\"height: 47px; width: 92.5625px;\">presiune de lucru<\/td>\n<td style=\"height: 47px; width: 148.925px;\">Dimensiuni interfa\u021b\u0103 (M)<\/td>\n<td style=\"height: 47px; width: 68.975px;\">greutate<\/td>\n<\/tr>\n<tr style=\"height: 48px;\">\n<td class=\"et3\" style=\"height: 48px; width: 124.137px;\" height=\"325\">Cilindru de ridicare scurt<\/td>\n<td style=\"width: 182.712px;\">RC25N480-800000-000A<\/td>\n<td style=\"width: 74.2125px;\">\u03a675<\/td>\n<td style=\"width: 63.6375px;\">\u03a660<\/td>\n<td style=\"width: 69.75px;\">800<\/td>\n<td style=\"width: 90.0875px;\">1065<\/td>\n<td style=\"width: 92.5625px;\">18,1 MPa<\/td>\n<td style=\"width: 148.925px;\">M22*1.5<\/td>\n<td style=\"width: 68.975px;\">36 kg<\/td>\n<\/tr>\n<tr>\n<td style=\"width: 124.137px;\">Cilindru de ridicare scurt<\/td>\n<td style=\"width: 182.712px;\">X35N480-800000-001A<\/td>\n<td style=\"width: 74.2125px;\">\u03a695<\/td>\n<td style=\"width: 63.6375px;\">\u03a680<\/td>\n<td style=\"width: 69.75px;\">800<\/td>\n<td style=\"width: 90.0875px;\">1065<\/td>\n<td style=\"width: 92.5625px;\">18,1 MPa<\/td>\n<td style=\"width: 148.925px;\">M22*1.5<\/td>\n<td style=\"width: 68.975px;\">48,7 kg<\/td>\n<\/tr>\n<\/tbody>\n<\/table>\n<table>\n<tbody>\n<tr>\n<td><img loading=\"lazy\" decoding=\"async\" class=\"alignnone wp-image-656 size-full\" src=\"https:\/\/hydraulic-cylinders.net\/wp-content\/uploads\/2023\/08\/short-lifting-hydraulic-cylinder-product-2-1.webp\" alt=\"\" width=\"451\" height=\"358\" srcset=\"https:\/\/www.hydraulic-cylinders.net\/wp-content\/uploads\/2023\/08\/short-lifting-hydraulic-cylinder-product-2-1.webp 451w, https:\/\/www.hydraulic-cylinders.net\/wp-content\/uploads\/2023\/08\/short-lifting-hydraulic-cylinder-product-2-1-300x238.webp 300w\" sizes=\"(max-width: 451px) 100vw, 451px\" \/><\/td>\n<td><img loading=\"lazy\" decoding=\"async\" class=\"alignnone wp-image-657 size-full\" src=\"https:\/\/hydraulic-cylinders.net\/wp-content\/uploads\/2023\/08\/short-lifting-hydraulic-cylinder-product-2-1-1.webp\" alt=\"\" width=\"475\" height=\"223\" srcset=\"https:\/\/www.hydraulic-cylinders.net\/wp-content\/uploads\/2023\/08\/short-lifting-hydraulic-cylinder-product-2-1-1.webp 475w, https:\/\/www.hydraulic-cylinders.net\/wp-content\/uploads\/2023\/08\/short-lifting-hydraulic-cylinder-product-2-1-1-300x141.webp 300w\" sizes=\"(max-width: 475px) 100vw, 475px\" \/><\/td>\n<\/tr>\n<\/tbody>\n<\/table>\n<table style=\"height: 101px; width: 938px;\" border=\"1\" cellspacing=\"0\" cellpadding=\"0\">\n<tbody>\n<tr style=\"height: 47px;\">\n<td style=\"height: 47px; width: 122px;\">Numele cilindrului<\/td>\n<td style=\"height: 47px; width: 155px;\">num\u0103rul desenului<\/td>\n<td style=\"height: 47px; width: 80px;\">diametrul alezajului (D)<\/td>\n<td style=\"height: 47px; width: 79px;\">diametrul tijei (d)<\/td>\n<td style=\"height: 47px; width: 65px;\">accident vascular cerebral (S)<\/td>\n<td style=\"height: 47px; width: 104px;\">Distan\u021ba de instalare (L)<\/td>\n<td style=\"height: 47px; width: 96px;\">presiune de lucru<\/td>\n<td style=\"height: 47px; width: 177px;\">Dimensiuni interfa\u021b\u0103 (M)<\/td>\n<td style=\"height: 47px; width: 60px;\">greutate<\/td>\n<\/tr>\n<tr style=\"height: 54px;\">\n<td class=\"et3\" style=\"height: 54px; width: 122px;\" height=\"325\">Cilindru de ridicare scurt<\/td>\n<td style=\"width: 155px;\" width=\"270\">N30N450-800000-002A<\/td>\n<td style=\"width: 80px;\" width=\"102\">\u03a685<\/td>\n<td style=\"width: 79px;\" width=\"99\">\u03a670<\/td>\n<td style=\"width: 65px;\" width=\"91\">777<\/td>\n<td style=\"width: 104px;\" width=\"136\">1015<\/td>\n<td style=\"width: 96px;\" width=\"138\">18,1 MPa<\/td>\n<td style=\"width: 177px;\" width=\"294\">M22*1.5<\/td>\n<td style=\"width: 60px;\" width=\"78\">45,5 kg<\/td>\n<\/tr>\n<tr>\n<td style=\"width: 122px;\">Cilindru de ridicare scurt<\/td>\n<td style=\"width: 155px;\">3U3H-800000-001A<\/td>\n<td style=\"width: 80px;\">\u03a685<\/td>\n<td style=\"width: 79px;\">\u03a670<\/td>\n<td style=\"width: 65px;\">777<\/td>\n<td style=\"width: 104px;\">1015<\/td>\n<td style=\"width: 96px;\">18,1 MPa<\/td>\n<td style=\"width: 177px;\">M22*1.5<\/td>\n<td style=\"width: 60px;\">45,5 kg<\/td>\n<\/tr>\n<tr>\n<td style=\"width: 122px;\">Cilindru de ridicare scurt<\/td>\n<td style=\"width: 155px;\">N35N450-800000-003A<\/td>\n<td style=\"width: 80px;\">\u03a695<\/td>\n<td style=\"width: 79px;\">\u03a680<\/td>\n<td style=\"width: 65px;\">775<\/td>\n<td style=\"width: 104px;\">1013<\/td>\n<td style=\"width: 96px;\">18,1 MPa<\/td>\n<td style=\"width: 177px;\">M22*1.5<\/td>\n<td style=\"width: 60px;\">54 kg<\/td>\n<\/tr>\n<\/tbody>\n<\/table>\n<h2><strong>Debloca\u021bi eficien\u021ba \u0219i precizia cu cilindrul hidraulic:<\/strong><\/h2>\n<p>Experimenta\u021bi adev\u0103rata putere a tehnologiei hidraulice cu cilindrul hidraulic. Acest dispozitiv remarcabil este conceput pentru a oferi precizie \u0219i fiabilitate \u00eentr-o gam\u0103 larg\u0103 de aplica\u021bii. De la utilaje industriale la echipamente de construc\u021bii, cilindrul hidraulic este cheia optimiz\u0103rii performan\u021bei \u0219i ob\u021binerii unor rezultate remarcabile. Descoperi\u021bi cum acest instrument puternic v\u0103 poate revolu\u021biona opera\u021biunile.<\/p>\n<ul>\n<li><strong>Inginerie de precizie<\/strong>Cilindrul hidraulic este proiectat meticulos pentru a oferi un control precis asupra mi\u0219c\u0103rii \u0219i for\u021bei. Datorit\u0103 designului s\u0103u avansat \u0219i construc\u021biei de \u00eenalt\u0103 calitate, acesta asigur\u0103 performan\u021be precise \u0219i repetabile, permi\u021b\u00e2ndu-v\u0103 s\u0103 ob\u021bine\u021bi rezultatele dorite cu o precizie excep\u021bional\u0103.<\/li>\n<li><strong>Eficien\u021b\u0103 \u00eembun\u0103t\u0103\u021bit\u0103<\/strong>Spune\u021bi adio ineficien\u021belor \u0219i performan\u021belor inegale. Cilindrul hidraulic optimizeaz\u0103 utilizarea puterii hidraulice, maximiz\u00e2nd eficien\u021ba \u0219i productivitatea. Experimenta\u021bi mi\u0219c\u0103ri line \u0219i controlate care reduc risipa de energie \u0219i \u00eembun\u0103t\u0103\u021besc performan\u021ba general\u0103 a sistemului.<\/li>\n<\/ul>\n<h2><strong>Capabilitatea \u0219i capacitatea fabricii:<\/strong><\/h2>\n<h3><strong>(1) Montaj<\/strong><\/h3>\n<p>Facilitatea noastr\u0103 se m\u00e2ndre\u0219te cu o platform\u0103 de asamblare independent\u0103 de cercetare \u0219i dezvoltare de top, dedicat\u0103 produc\u021biei de cilindri hidraulici. Oper\u0103m patru linii de asamblare semiautomate pentru cilindri de ridicare \u0219i o linie de asamblare complet automat\u0103 pentru cilindri de \u00eenclinare, cu o capacitate anual\u0103 impresionant\u0103 de produc\u021bie de 1 milion de cilindri.<img loading=\"lazy\" decoding=\"async\" class=\"aligncenter wp-image-626\" src=\"https:\/\/hydraulic-cylinders.net\/wp-content\/uploads\/2023\/08\/hydraulic-cylinder-product-1-300x158.webp\" alt=\"\" width=\"500\" height=\"263\" srcset=\"https:\/\/hydraulic-cylinders.net\/wp-content\/uploads\/2023\/08\/hydraulic-cylinder-product-1-300x158.webp 500w, https:\/\/hydraulic-cylinders.net\/wp-content\/uploads\/2023\/08\/hydraulic-cylinder-product-1-480x252.webp 480w\" sizes=\"(min-width: 0px) and (max-width: 480px) 480px, (min-width: 481px) 500px, 100vw\" \/><\/p>\n<p>\u00cen atelierul nostru specializat de cilindri, utiliz\u0103m un sistem de asamblare semiautomat pentru cur\u0103\u021bare, conceput pentru diverse specifica\u021bii, capabil s\u0103 produc\u0103 200.000 de cilindri anual. Atelierul nostru este dotat cu echipamente avansate de prelucrare CNC, un centru de prelucrare, scule de prelucrare a cilindrilor de \u00eenalt\u0103 precizie, ma\u0219ini de sudur\u0103 robotizate, sisteme automate de cur\u0103\u021bare \u0219i o linie automat\u0103 de asamblare a cilindrilor. \u00cen plus, avem o linie de produc\u021bie de vopsire complet automatizat\u0103.<\/p>\n<p>Cu peste 300 de echipamente critice, alocarea optim\u0103 a resurselor asigur\u0103 \u00eendeplinirea standardelor stricte de precizie \u0219i calitate cerute de clien\u021bii no\u0219tri. Acest angajament fa\u021b\u0103 de eficien\u021b\u0103 \u0219i precizie ne pozi\u021bioneaz\u0103 ca lider \u00een industria cilindrilor hidraulici.<\/p>\n<p><img loading=\"lazy\" decoding=\"async\" class=\"aligncenter wp-image-627\" src=\"https:\/\/hydraulic-cylinders.net\/wp-content\/uploads\/2023\/08\/hydraulic-cylinder-product-2-300x189.webp\" alt=\"\" width=\"500\" height=\"315\" srcset=\"https:\/\/hydraulic-cylinders.net\/wp-content\/uploads\/2023\/08\/hydraulic-cylinder-product-2-300x189.webp 500w, https:\/\/hydraulic-cylinders.net\/wp-content\/uploads\/2023\/08\/hydraulic-cylinder-product-2-480x302.webp 480w\" sizes=\"(min-width: 0px) and (max-width: 480px) 480px, (min-width: 481px) 500px, 100vw\" \/><\/p>\n<h3><strong>(2) Prelucrare<\/strong><\/h3>\n<p>Atelierul nostru de prelucrare dispune de echipamente de ultim\u0103 genera\u021bie, inclusiv un centru de strunjire \u00eenclinat\u0103 personalizat pentru \u0219ine, un centru de prelucrare de precizie, o ma\u0219in\u0103 de honuit de mare vitez\u0103 \u0219i robo\u021bi de sudur\u0103 avansa\u021bi. Aceast\u0103 configura\u021bie sofisticat\u0103 ne permite s\u0103 prelucr\u0103m eficient tuburi cilindrice cu un diametru interior maxim de 400 mm \u0219i o lungime de p\u00e2n\u0103 la 6 metri.<\/p>\n<p><img loading=\"lazy\" decoding=\"async\" class=\"wp-image-628 size-large aligncenter\" src=\"https:\/\/hydraulic-cylinders.net\/wp-content\/uploads\/2023\/08\/hydraulic-cylinder-product-3-1024x391.webp\" alt=\"\" width=\"1024\" height=\"391\" srcset=\"https:\/\/hydraulic-cylinders.net\/wp-content\/uploads\/2023\/08\/hydraulic-cylinder-product-3-980x374.webp 980w, https:\/\/hydraulic-cylinders.net\/wp-content\/uploads\/2023\/08\/hydraulic-cylinder-product-3-480x183.webp 480w\" sizes=\"(min-width: 0px) and (max-width: 480px) 480px, (min-width: 481px) and (max-width: 980px) 980px, (min-width: 981px) 1024px, 100vw\" \/><\/p>\n<p>Cu tehnologia noastr\u0103 de ultim\u0103 genera\u021bie, asigur\u0103m prelucrare de \u00eenalt\u0103 calitate care satisface diversele nevoi ale produc\u021biei de cilindri hidraulici.<\/p>\n<h3><strong>(3) Sudur\u0103<\/strong><\/h3>\n<p><img loading=\"lazy\" decoding=\"async\" class=\"wp-image-629 size-large aligncenter\" src=\"https:\/\/hydraulic-cylinders.net\/wp-content\/uploads\/2023\/08\/hydraulic-cylinder-product-4-1024x510.webp\" alt=\"\" width=\"1024\" height=\"510\" srcset=\"https:\/\/hydraulic-cylinders.net\/wp-content\/uploads\/2023\/08\/hydraulic-cylinder-product-4-980x488.webp 980w, https:\/\/hydraulic-cylinders.net\/wp-content\/uploads\/2023\/08\/hydraulic-cylinder-product-4-480x239.webp 480w\" sizes=\"(min-width: 0px) and (max-width: 480px) 480px, (min-width: 481px) and (max-width: 980px) 980px, (min-width: 981px) 1024px, 100vw\" \/><\/p>\n<h3><strong>(4) Vopsire \u0219i acoperire<\/strong><\/h3>\n<p><img loading=\"lazy\" decoding=\"async\" class=\"wp-image-630 aligncenter\" src=\"https:\/\/hydraulic-cylinders.net\/wp-content\/uploads\/2023\/08\/hydraulic-cylinder-product-5-300x213.webp\" alt=\"\" width=\"500\" height=\"355\" \/><\/p>\n<p>Facilitatea noastr\u0103 dispune de linii automate avansate de vopsire pe baz\u0103 de ap\u0103, special concepute pentru cilindri de dimensiuni mici \u0219i medii. Aceste linii utilizeaz\u0103 tehnologie robotizat\u0103 pentru \u00eenc\u0103rcare, desc\u0103rcare \u0219i pulverizare eficient\u0103, ating\u00e2nd o capacitate de produc\u021bie remarcabil\u0103 de 4.000 de buc\u0103\u021bi pe schimb.<\/p>\n<p><img loading=\"lazy\" decoding=\"async\" class=\"wp-image-631 aligncenter\" src=\"https:\/\/hydraulic-cylinders.net\/wp-content\/uploads\/2023\/08\/hydraulic-cylinder-product-6-300x225.webp\" alt=\"\" width=\"500\" height=\"375\" srcset=\"https:\/\/hydraulic-cylinders.net\/wp-content\/uploads\/2023\/08\/hydraulic-cylinder-product-6-300x225.webp 500w, https:\/\/hydraulic-cylinders.net\/wp-content\/uploads\/2023\/08\/hydraulic-cylinder-product-6-480x360.webp 480w\" sizes=\"(min-width: 0px) and (max-width: 480px) 480px, (min-width: 481px) 500px, 100vw\" \/><\/p>\n<p>\u00cen plus, oper\u0103m o linie de produc\u021bie de vopsea semiautomat\u0103 pentru cilindri mari, alimentat\u0103 de un lan\u021b robust, cu o capacitate proiectat\u0103 de 60 de cutii pe schimb. Aceast\u0103 combina\u021bie de automatizare \u0219i eficien\u021b\u0103 asigur\u0103 finisaje de \u00eenalt\u0103 calitate pentru to\u021bi cilindrii no\u0219tri hidraulici.<\/p>\n<h3><strong>(5) Testarea<\/strong><\/h3>\n<p>Dispunem de instala\u021bii de inspec\u021bie \u0219i bancuri de testare de prim\u0103 clas\u0103 pentru a ne asigura c\u0103 performan\u021ba cilindrului \u00eendepline\u0219te cerin\u021bele.<\/p>\n<p><img loading=\"lazy\" decoding=\"async\" class=\"wp-image-632 aligncenter\" src=\"https:\/\/hydraulic-cylinders.net\/wp-content\/uploads\/2023\/08\/hydraulic-cylinder-product-8-300x200.webp\" alt=\"\" width=\"389\" height=\"260\" \/><\/p>\n<p>Suntem un produc\u0103tor renumit de <a href=\"https:\/\/hzpt.com\/mobile-machinery-hydraulic-cylinder\/\" target=\"_blank\" rel=\"noopener\">cilindri hidraulici<\/a>, recunoscut ca fiind unul dintre cei mai buni din industrie. Linia noastr\u0103 extins\u0103 de produse include o gam\u0103 larg\u0103 de cilindri hidraulici adapta\u021bi pentru a satisface diverse aplica\u021bii. Pe l\u00e2ng\u0103 cilindrii hidraulici, oferim \u0219i cutii de viteze agricole de \u00eenalt\u0103 calitate, asigur\u00e2ndu-ne c\u0103 clien\u021bii no\u0219tri au acces la solu\u021bii complete pentru nevoile lor legate de utilaje.<\/p>\n<p>Cu un angajament fa\u021b\u0103 de excelen\u021b\u0103, am exportat cu succes produsele noastre c\u0103tre clien\u021bi din \u00eentreaga lume, c\u00e2\u0219tig\u00e2nd o reputa\u021bie solid\u0103 pentru calitatea superioar\u0103 a produselor \u0219i serviciile post-v\u00e2nzare excep\u021bionale. Dedicarea noastr\u0103 fa\u021b\u0103 de satisfac\u021bia clien\u021bilor ne-a pozi\u021bionat ca un partener de \u00eencredere at\u00e2t pe pie\u021bele interne, c\u00e2t \u0219i pe cele interna\u021bionale.<\/p>\n<h2><strong>De ce s\u0103 ne alege\u021bi pe noi?<\/strong><\/h2>\n<p><img loading=\"lazy\" decoding=\"async\" class=\"size-full wp-image-7201 aligncenter\" src=\"https:\/\/www.hydraulic-cylinders.net\/wp-content\/uploads\/2024\/09\/mining-dump-steering-cylinder-hydraulics-on-trucks-8.webp\" alt=\"\" width=\"1110\" height=\"735\" srcset=\"https:\/\/www.hydraulic-cylinders.net\/wp-content\/uploads\/2024\/09\/mining-dump-steering-cylinder-hydraulics-on-trucks-8.webp 1110w, https:\/\/www.hydraulic-cylinders.net\/wp-content\/uploads\/2024\/09\/mining-dump-steering-cylinder-hydraulics-on-trucks-8-980x649.webp 980w, https:\/\/www.hydraulic-cylinders.net\/wp-content\/uploads\/2024\/09\/mining-dump-steering-cylinder-hydraulics-on-trucks-8-480x318.webp 480w\" sizes=\"(min-width: 0px) and (max-width: 480px) 480px, (min-width: 481px) and (max-width: 980px) 980px, (min-width: 981px) 1110px, 100vw\" \/><\/p>\n<p><strong>Expertiz\u0103 profesional\u0103:<\/strong> Echipa noastr\u0103 este format\u0103 din profesioni\u0219ti din industrie cu cuno\u0219tin\u021be \u0219i experien\u021b\u0103 vaste \u00een sisteme hidraulice, asigur\u00e2ndu-ne c\u0103 oferim produse \u0219i servicii de cea mai bun\u0103 calitate.<\/p>\n<p><strong>Certific\u0103ri interna\u021bionale:<\/strong> Respect\u0103m standarde stricte de calitate \u0219i de\u021binem diverse certific\u0103ri interna\u021bionale, demonstr\u00e2nd angajamentul nostru de a oferi solu\u021bii hidraulice fiabile \u0219i sigure.<\/p>\n<p><strong>Solu\u021bii personalizate:<\/strong> \u00cen\u021belegem c\u0103 nevoile fiec\u0103rui client sunt unice. De aceea, oferim cilindri hidraulici \u0219i cutii de viteze personalizate, adaptate pentru a \u00eendeplini cerin\u021be specifice.<\/p>\n<p><strong>Echipamente avansate de produc\u021bie:<\/strong> Facilit\u0103\u021bile noastre de produc\u021bie de ultim\u0103 genera\u021bie utilizeaz\u0103 cele mai noi tehnologii \u0219i echipamente, permi\u021b\u00e2ndu-ne s\u0103 producem produse de \u00eenalt\u0103 calitate \u00een mod eficient.<\/p>\n<p><strong>Asisten\u021b\u0103 complet\u0103 post-v\u00e2nzare:<\/strong> Angajamentul nostru fa\u021b\u0103 de clien\u021bii no\u0219tri se extinde dincolo de v\u00e2nzare. Oferim servicii continue de asisten\u021b\u0103 \u0219i \u00eentre\u021binere pentru a asigura performan\u021ba optim\u0103 a produselor noastre.<\/p>\n<p>\u00cei invit\u0103m pe clien\u021bii din \u00eentreaga lume s\u0103 ne contacteze pentru negocieri de afaceri, schimb de informa\u021bii \u0219i oportunit\u0103\u021bi de colaborare. \u00cempreun\u0103, putem ob\u021bine un succes mai mare \u00een industria hidraulic\u0103!<\/p>","protected":false},"excerpt":{"rendered":"<p>Forklift Short Lifting Hydraulic Cylinder The Short Forklift Lift Cylinder is designed to tackle short lifting tasks effortlessly, delivering the power and precision needed to optimize your material handling operations. Featuring a robust design, this hydraulic cylinder can withstand heavy loads, frequent use, and challenging operating conditions. Built for durability, it ensures reliable performance while [&hellip;]<\/p>","protected":false},"featured_media":658,"comment_status":"open","ping_status":"closed","template":"","meta":{"_et_pb_use_builder":"","_et_pb_old_content":"","_et_gb_content_width":""},"product_brand":[],"product_cat":[1484,1549],"product_tag":[1380],"class_list":{"0":"post-652","1":"product","2":"type-product","3":"status-publish","4":"has-post-thumbnail","6":"product_cat-forklift-hydraulic-cylinders","7":"product_cat-single-acting-hydraulic-cylinder","8":"product_tag-hydraulic-cylinder","10":"first","11":"instock","12":"shipping-taxable","13":"product-type-simple"},"amp_enabled":true,"_links":{"self":[{"href":"https:\/\/www.hydraulic-cylinders.net\/ro\/wp-json\/wp\/v2\/product\/652","targetHints":{"allow":["GET"]}}],"collection":[{"href":"https:\/\/www.hydraulic-cylinders.net\/ro\/wp-json\/wp\/v2\/product"}],"about":[{"href":"https:\/\/www.hydraulic-cylinders.net\/ro\/wp-json\/wp\/v2\/types\/product"}],"replies":[{"embeddable":true,"href":"https:\/\/www.hydraulic-cylinders.net\/ro\/wp-json\/wp\/v2\/comments?post=652"}],"wp:featuredmedia":[{"embeddable":true,"href":"https:\/\/www.hydraulic-cylinders.net\/ro\/wp-json\/wp\/v2\/media\/658"}],"wp:attachment":[{"href":"https:\/\/www.hydraulic-cylinders.net\/ro\/wp-json\/wp\/v2\/media?parent=652"}],"wp:term":[{"taxonomy":"product_brand","embeddable":true,"href":"https:\/\/www.hydraulic-cylinders.net\/ro\/wp-json\/wp\/v2\/product_brand?post=652"},{"taxonomy":"product_cat","embeddable":true,"href":"https:\/\/www.hydraulic-cylinders.net\/ro\/wp-json\/wp\/v2\/product_cat?post=652"},{"taxonomy":"product_tag","embeddable":true,"href":"https:\/\/www.hydraulic-cylinders.net\/ro\/wp-json\/wp\/v2\/product_tag?post=652"}],"curies":[{"name":"wp","href":"https:\/\/api.w.org\/{rel}","templated":true}]}}