{"id":759,"date":"2023-08-23T01:42:36","date_gmt":"2023-08-23T01:42:36","guid":{"rendered":"https:\/\/hydraulic-cylinders.net\/?post_type=product&#038;p=759"},"modified":"2025-03-27T01:13:04","modified_gmt":"2025-03-27T01:13:04","slug":"low-pressure-hydraulic-cylinder-rear-flange","status":"publish","type":"product","link":"https:\/\/www.hydraulic-cylinders.net\/ro\/produs\/low-pressure-hydraulic-cylinder-rear-flange\/","title":{"rendered":"Flan\u0219\u0103 spate a cilindrului hidraulic de joas\u0103 presiune"},"content":{"rendered":"<h1 style=\"text-align: center;\"><strong>Flan\u0219\u0103 spate a cilindrului hidraulic de joas\u0103 presiune<\/strong><\/h1>\n<p><img loading=\"lazy\" decoding=\"async\" class=\"wp-image-762 size-full aligncenter\" src=\"https:\/\/hydraulic-cylinders.net\/wp-content\/uploads\/2023\/08\/low-pressure-pull-rod-hydraulic-cylinder-back-flange-1-1.webp\" alt=\"\" width=\"488\" height=\"237\" srcset=\"https:\/\/hydraulic-cylinders.net\/wp-content\/uploads\/2023\/08\/low-pressure-pull-rod-hydraulic-cylinder-back-flange-1-1.webp 488w, https:\/\/hydraulic-cylinders.net\/wp-content\/uploads\/2023\/08\/low-pressure-pull-rod-hydraulic-cylinder-back-flange-1-1-480x233.webp 480w\" sizes=\"(min-width: 0px) and (max-width: 480px) 480px, (min-width: 481px) 488px, 100vw\" \/><\/p>\n<p>Cilindru hidraulic de joas\u0103 presiune cu flan\u0219\u0103 spate se refer\u0103 la un tip special de cilindru hidraulic cu o flan\u0219\u0103 la cap\u0103tul din spate. Aceast\u0103 flan\u0219\u0103 este un punct de montare sau un orificiu de conectare utilizat pentru a conecta cilindrul la alte piese sau echipamente. Mai jos este o prezentare general\u0103 a cilindrilor hidraulici de joas\u0103 presiune cu flan\u0219e spate:<\/p>\n<p>Proiectarea \u0219i construc\u021bia cilindrului hidraulic de joas\u0103 presiune<\/p>\n<p>Blocul cilindrilor: Blocul cilindrilor este de obicei din o\u021bel de \u00eenalt\u0103 rezisten\u021b\u0103 sau alt material durabil pentru a rezista presiunii hidraulice \u0219i for\u021belor externe. Acesta g\u0103zduie\u0219te pistonul \u0219i alte piese interne.<br \/>\nPiston \u0219i tij\u0103: Pistonul este o component\u0103 cilindric\u0103 care se mi\u0219c\u0103 \u00eenainte \u0219i \u00eenapoi \u00een \u021beav\u0103. Este conectat la o tij\u0103 care se extinde prin cap\u0103tul posterior al cilindrului \u0219i transmite presiunea fluidului.<br \/>\nFlan\u0219\u0103 spate: Flan\u0219a spate este o plac\u0103 plat\u0103 sau rotund\u0103 situat\u0103 la cap\u0103tul din spate al cilindrului. Este proiectat\u0103 cu orificii de montare sau alte mecanisme de conectare pentru a permite conectarea u\u0219oar\u0103 la alte dispozitive sau componente.<\/p>\n<h2><strong>Parametrul flan\u0219ei spate a cilindrului hidraulic de joas\u0103 presiune:<\/strong><\/h2>\n<p><img loading=\"lazy\" decoding=\"async\" class=\"alignnone wp-image-763 size-large\" src=\"https:\/\/hydraulic-cylinders.net\/wp-content\/uploads\/2023\/08\/low-pressure-pull-rod-hydraulic-cylinder-back-flange-2-1-1024x556.webp\" alt=\"\" width=\"1024\" height=\"556\" srcset=\"https:\/\/hydraulic-cylinders.net\/wp-content\/uploads\/2023\/08\/low-pressure-pull-rod-hydraulic-cylinder-back-flange-2-1-980x532.webp 980w, https:\/\/hydraulic-cylinders.net\/wp-content\/uploads\/2023\/08\/low-pressure-pull-rod-hydraulic-cylinder-back-flange-2-1-480x261.webp 480w\" sizes=\"(min-width: 0px) and (max-width: 480px) 480px, (min-width: 481px) and (max-width: 980px) 980px, (min-width: 981px) 1024px, 100vw\" \/><\/p>\n<h2><strong>Aplica\u021bii ale <\/strong><strong>Flan\u0219\u0103 spate a cilindrului hidraulic de joas\u0103 presiune<\/strong><strong>:<\/strong><\/h2>\n<ul>\n<li>Cilindrii hidraulici de joas\u0103 presiune cu flan\u0219e posterioare sunt potrivi\u021bi pentru o varietate de industrii \u0219i sisteme care func\u021bioneaz\u0103 la presiuni hidraulice mai mici.<\/li>\n<li>Acestea sunt utilizate \u00een mod obi\u0219nuit \u00een utilaje industriale, dispozitive mobile \u0219i alte sisteme unde exist\u0103 limit\u0103ri de spa\u021biu sau cerin\u021be specifice de instalare.<\/li>\n<li>Ace\u0219ti cilindri sunt potrivi\u021bi pentru manipularea materialelor, mecanisme de ridicare, sisteme de transport \u0219i alte echipamente care necesit\u0103 for\u021b\u0103 sau mi\u0219care liniar\u0103.<\/li>\n<\/ul>\n<h2><strong>Montarea \u0219i conectarea <\/strong><strong>Flan\u0219\u0103 spate a cilindrului hidraulic de joas\u0103 presiune<\/strong><strong>:<\/strong><\/h2>\n<ul>\n<li>Flan\u0219a din spate a cilindrului hidraulic de joas\u0103 presiune ofer\u0103 o modalitate convenabil\u0103 \u0219i sigur\u0103 de montare \u0219i conectare a cilindrului. Aceasta permite ata\u0219area direct\u0103 la alte echipamente sau elemente structurale.<\/li>\n<li>G\u0103urile de montare sau punctele de conectare de pe flan\u0219a din spate sunt de obicei aliniate cu g\u0103urile sau punctele de conectare corespunz\u0103toare de pe echipamentul sau structura la care este ata\u0219at.<\/li>\n<li>Elementele de fixare, cum ar fi \u0219uruburile sau bol\u021burile, sunt utilizate pentru a fixa flan\u0219a din spate a cilindrului pe suprafa\u021ba de \u00eembinare, asigur\u00e2nd o conexiune stabil\u0103 \u0219i rigid\u0103.<\/li>\n<\/ul>\n<h2><strong>Cum se demonteaz\u0103 cilindrul hidraulic?<\/strong><\/h2>\n<p>Disassembling a hydraulic cylinder requires careful handling and knowledge of the cylinder&#8217;s components. Here is a general guide on how to disassemble a hydraulic cylinder:<\/p>\n<ol>\n<li><strong>M\u0103suri de siguran\u021b\u0103<\/strong>:\n<ul>\n<li>Asigura\u021bi-v\u0103 c\u0103 sistemul hidraulic este depresurizat \u0219i c\u0103 nu exist\u0103 presiune rezidual\u0103 \u00een cilindru. Urma\u021bi procedurile adecvate de blocare\/etichetare pentru a preveni activarea accidental\u0103 a sistemului.<\/li>\n<li>Purta\u021bi echipament individual de protec\u021bie (EIP) adecvat, cum ar fi m\u0103nu\u0219i \u0219i ochelari de protec\u021bie, pentru a v\u0103 proteja de fluidul hidraulic \u0219i de poten\u021bialele pericole.<\/li>\n<\/ul>\n<\/li>\n<li><strong>Demontarea cilindrului<\/strong>:\n<ul>\n<li>Deconecta\u021bi conductele hidraulice conectate la cilindru, asigur\u00e2ndu-v\u0103 c\u0103 orice fluid rezidual este re\u021binut corespunz\u0103tor.<\/li>\n<li>Dac\u0103 cilindrul este montat sau fixat pe alte componente, \u00eendep\u0103rta\u021bi orice elemente de fixare sau console de montare pentru a elibera cilindrul.<\/li>\n<li>Ridica\u021bi \u0219i scoate\u021bi cu grij\u0103 cilindrul din pozi\u021bia sa de montare, av\u00e2nd grij\u0103 s\u0103 nu deteriora\u021bi sau s\u0103 tensiona\u021bi furtunurile sau fitingurile ata\u0219ate.<\/li>\n<\/ul>\n<\/li>\n<li><strong>Inspec\u021bie \u0219i documenta\u021bie<\/strong>:\n<ul>\n<li>Examina\u021bi cu aten\u021bie exteriorul cilindrului pentru a depista orice semne de deteriorare, scurgeri sau uzur\u0103 excesiv\u0103. Documenta\u021bi orice observa\u021bii sau probleme pentru referin\u021be ulterioare.<\/li>\n<li>Lua\u021bi \u00een considerare orientarea cilindrului \u0219i pozi\u021bia garniturilor, rulmen\u021bilor \u0219i a altor componente \u00eenainte de demontare. Acest lucru va fi util \u00een timpul reasambl\u0103rii.<\/li>\n<\/ul>\n<\/li>\n<li><strong>Demontarea cilindrului<\/strong>:\n<ul>\n<li>Localiza\u021bi capacele de cap\u0103t sau inelele de re\u021binere la fiecare cap\u0103t al cilindrului. Aceste componente \u021bin \u00eempreun\u0103 ansamblul cilindrului \u0219i piston.<\/li>\n<li>Folosind unelte adecvate, scoate\u021bi cu grij\u0103 capacele de cap\u0103t sau inelele de fixare, av\u00e2nd grij\u0103 s\u0103 nu deteriora\u021bi suprafe\u021bele sau componentele.<\/li>\n<li>Odat\u0103 ce capacele de cap\u0103t sau inelele de re\u021binere sunt \u00eendep\u0103rtate, ansamblul cilindrului \u0219i piston ar trebui s\u0103 se poat\u0103 separa liber.<\/li>\n<\/ul>\n<\/li>\n<li><strong>\u00cendep\u0103rtarea componentelor<\/strong>:\n<ul>\n<li>Scoate\u021bi pistonul din cilindru, acord\u00e2nd aten\u021bie oric\u0103ror garnituri, rulmen\u021bi sau alte componente care ar putea fi ata\u0219ate la acesta.<\/li>\n<li>Inspecta\u021bi \u0219i documenta\u021bi starea tuturor componentelor demontate, verific\u00e2nd dac\u0103 exist\u0103 uzur\u0103, deteriorare sau semne de scurgeri. \u00cenlocui\u021bi orice piese uzate sau deteriorate, dup\u0103 cum este necesar.<\/li>\n<\/ul>\n<\/li>\n<li><strong>Cur\u0103\u021barea \u0219i depozitarea componentelor<\/strong>:\n<ul>\n<li>Cur\u0103\u021ba\u021bi temeinic toate componentele dezasamblate folosind un agent de cur\u0103\u021bare adecvat pentru a \u00eendep\u0103rta orice murd\u0103rie, resturi sau fluid hidraulic.<\/li>\n<li>Depozita\u021bi componentele \u00eentr-un mod curat \u0219i organizat, protej\u00e2ndu-le de contaminare \u0219i deteriorare.<\/li>\n<\/ul>\n<\/li>\n<\/ol>\n<h2><strong>Capabilitatea \u0219i capacitatea fabricii:<\/strong><\/h2>\n<h3>(1) Montaj<\/h3>\n<p>Dispunem de o platform\u0103 de asamblare independent\u0103 de prim\u0103 clas\u0103 pentru cercetare \u0219i dezvoltare. Atelierul de produc\u021bie a cilindrilor pentru stivuitoare are patru linii de asamblare semiautomate pentru cilindri de ridicare \u0219i o linie automat\u0103 de asamblare a cilindrilor de \u00eenclinare, cu o capacitate anual\u0103 de produc\u021bie proiectat\u0103 de 1 milion de buc\u0103\u021bi; Atelierul special pentru cilindri este echipat cu un sistem de asamblare semiautomat de cur\u0103\u021bare cu diverse specifica\u021bii, cu o capacitate anual\u0103 de produc\u021bie proiectat\u0103 de 200.000 de buc\u0103\u021bi. Este echipat cu echipamente de prelucrare CNC renumite, centru de prelucrare, echipamente speciale de prelucrare a cilindrilor de \u00eenalt\u0103 precizie, ma\u0219in\u0103 de sudur\u0103 robotizat\u0103, ma\u0219in\u0103 de cur\u0103\u021bare automat\u0103, ma\u0219in\u0103 automat\u0103 de asamblare a cilindrilor \u0219i linie automat\u0103 de produc\u021bie de vopsire. Echipamentele cheie existente dep\u0103\u0219esc 300 de seturi (seturi). Alocarea optim\u0103 \u0219i utilizarea eficient\u0103 a resurselor echipamentelor asigur\u0103 cerin\u021bele de precizie ale produselor \u0219i \u00eendeplinesc cerin\u021bele de \u00eenalt\u0103 calitate ale produselor.<\/p>\n<p><img loading=\"lazy\" decoding=\"async\" class=\"alignnone wp-image-626\" src=\"https:\/\/hydraulic-cylinders.net\/wp-content\/uploads\/2023\/08\/hydraulic-cylinder-product-1-300x158.webp\" alt=\"\" width=\"495\" height=\"260\" srcset=\"https:\/\/hydraulic-cylinders.net\/wp-content\/uploads\/2023\/08\/hydraulic-cylinder-product-1-300x158.webp 495w, https:\/\/hydraulic-cylinders.net\/wp-content\/uploads\/2023\/08\/hydraulic-cylinder-product-1-480x252.webp 480w\" sizes=\"(min-width: 0px) and (max-width: 480px) 480px, (min-width: 481px) 495px, 100vw\" \/> <img loading=\"lazy\" decoding=\"async\" class=\"alignnone wp-image-627\" src=\"https:\/\/hydraulic-cylinders.net\/wp-content\/uploads\/2023\/08\/hydraulic-cylinder-product-2-300x189.webp\" alt=\"\" width=\"413\" height=\"260\" \/><\/p>\n<h3>(2) Prelucrare<\/h3>\n<p>Atelierul de prelucrare este echipat cu un centru de strunjire \u00eenclinat\u0103 personalizat pentru \u0219ine, un centru de prelucrare, o ma\u0219in\u0103 de honuit de mare vitez\u0103, un robot de sudur\u0103 \u0219i alte echipamente conexe, care pot gestiona prelucrarea tuburilor cilindrice cu un diametru interior maxim de 400 mm \u0219i o lungime maxim\u0103 de 6 metri.<\/p>\n<p><img loading=\"lazy\" decoding=\"async\" class=\"alignnone wp-image-628 size-large\" src=\"https:\/\/hydraulic-cylinders.net\/wp-content\/uploads\/2023\/08\/hydraulic-cylinder-product-3-1024x391.webp\" alt=\"\" width=\"1024\" height=\"391\" srcset=\"https:\/\/hydraulic-cylinders.net\/wp-content\/uploads\/2023\/08\/hydraulic-cylinder-product-3-980x374.webp 980w, https:\/\/hydraulic-cylinders.net\/wp-content\/uploads\/2023\/08\/hydraulic-cylinder-product-3-480x183.webp 480w\" sizes=\"(min-width: 0px) and (max-width: 480px) 480px, (min-width: 481px) and (max-width: 980px) 980px, (min-width: 981px) 1024px, 100vw\" \/><\/p>\n<h3>(3) Sudur\u0103<\/h3>\n<p><img loading=\"lazy\" decoding=\"async\" class=\"alignnone wp-image-629 size-large\" src=\"https:\/\/hydraulic-cylinders.net\/wp-content\/uploads\/2023\/08\/hydraulic-cylinder-product-4-1024x510.webp\" alt=\"\" width=\"1024\" height=\"510\" srcset=\"https:\/\/hydraulic-cylinders.net\/wp-content\/uploads\/2023\/08\/hydraulic-cylinder-product-4-980x488.webp 980w, https:\/\/hydraulic-cylinders.net\/wp-content\/uploads\/2023\/08\/hydraulic-cylinder-product-4-480x239.webp 480w\" sizes=\"(min-width: 0px) and (max-width: 480px) 480px, (min-width: 481px) and (max-width: 980px) 980px, (min-width: 981px) 1024px, 100vw\" \/><\/p>\n<h3>(4) Vopsire \u0219i acoperire<\/h3>\n<p>Cu o linie automat\u0103 de vopsire pe baz\u0103 de ap\u0103 cu cilindri de dimensiuni mici \u0219i mijlocii, pentru a realiza \u00eenc\u0103rcarea \u0219i desc\u0103rcarea automat\u0103 a robotului \u0219i pulverizarea automat\u0103, capacitatea de proiectare de 4000 de buc\u0103\u021bi pe schimb;<br \/>\nDe asemenea, avem o linie semiautomat\u0103 de produc\u021bie a vopselei pentru cilindri mari, ac\u021bionat\u0103 de un lan\u021b electric, cu o capacitate proiectat\u0103 de 60 de cutii pe schimb.<\/p>\n<p><img loading=\"lazy\" decoding=\"async\" class=\"alignnone wp-image-630\" src=\"https:\/\/hydraulic-cylinders.net\/wp-content\/uploads\/2023\/08\/hydraulic-cylinder-product-5-300x213.webp\" alt=\"\" width=\"366\" height=\"260\" \/> <img loading=\"lazy\" decoding=\"async\" class=\"alignnone wp-image-631\" src=\"https:\/\/hydraulic-cylinders.net\/wp-content\/uploads\/2023\/08\/hydraulic-cylinder-product-6-300x225.webp\" alt=\"\" width=\"347\" height=\"260\" \/><\/p>\n<h3>(5) Testarea<\/h3>\n<p>Dispunem de instala\u021bii de inspec\u021bie \u0219i bancuri de testare de prim\u0103 clas\u0103 pentru a ne asigura c\u0103 performan\u021ba cilindrului \u00eendepline\u0219te cerin\u021bele.<\/p>\n<p><img loading=\"lazy\" decoding=\"async\" class=\"alignnone wp-image-632\" src=\"https:\/\/hydraulic-cylinders.net\/wp-content\/uploads\/2023\/08\/hydraulic-cylinder-product-8-300x200.webp\" alt=\"\" width=\"389\" height=\"260\" \/><\/p>\n<p>&nbsp;<\/p>\n<p>&nbsp;<\/p>\n<p>Suntem unul dintre cei mai buni produc\u0103tori de cilindri hidraulici de joas\u0103 presiune. Putem oferi un stoc larg de cilindri hidraulici de joas\u0103 presiune. De asemenea, oferim... <a href=\"https:\/\/hzpt.com\/agricultural-pto-gearbox\/\" target=\"_blank\" rel=\"noopener\">cutii de viteze agricole<\/a>. Am exportat produsele noastre c\u0103tre clien\u021bi din \u00eentreaga lume \u0219i am c\u00e2\u0219tigat o bun\u0103 reputa\u021bie datorit\u0103 calit\u0103\u021bii superioare a produselor noastre \u0219i a serviciilor post-v\u00e2nzare. Salut\u0103m c\u0103lduros clien\u021bii at\u00e2t din \u021bar\u0103, c\u00e2t \u0219i din str\u0103in\u0103tate s\u0103 ne contacteze pentru a negocia afaceri, a face schimb de informa\u021bii \u0219i a\u00a0<a href=\"https:\/\/www.hydraulic-cylinders.net\/ro\/contact-us\/\">s\u0103 coopereze cu noi<\/a>!<\/p>\n<p>&nbsp;<\/p>","protected":false},"excerpt":{"rendered":"<p>Low-Pressure Hydraulic Cylinder Rear Flange Rear flange low-pressure hydraulic cylinder refers to a special type of hydraulic cylinder with a flange at the back end. This flange is a mounting point or connection port used to connect the cylinder to other parts or equipment. Below is an overview of low-pressure hydraulic cylinders with rear flanges: [&hellip;]<\/p>","protected":false},"featured_media":764,"comment_status":"open","ping_status":"closed","template":"","meta":{"_et_pb_use_builder":"","_et_pb_old_content":"","_et_gb_content_width":""},"product_brand":[],"product_cat":[1376,1388],"product_tag":[1380],"class_list":{"0":"post-759","1":"product","2":"type-product","3":"status-publish","4":"has-post-thumbnail","6":"product_cat-hydraulic-cylinder","7":"product_cat-low-pressure-hydraulic-cylinder","8":"product_tag-hydraulic-cylinder","10":"first","11":"instock","12":"shipping-taxable","13":"product-type-simple"},"amp_enabled":true,"_links":{"self":[{"href":"https:\/\/www.hydraulic-cylinders.net\/ro\/wp-json\/wp\/v2\/product\/759","targetHints":{"allow":["GET"]}}],"collection":[{"href":"https:\/\/www.hydraulic-cylinders.net\/ro\/wp-json\/wp\/v2\/product"}],"about":[{"href":"https:\/\/www.hydraulic-cylinders.net\/ro\/wp-json\/wp\/v2\/types\/product"}],"replies":[{"embeddable":true,"href":"https:\/\/www.hydraulic-cylinders.net\/ro\/wp-json\/wp\/v2\/comments?post=759"}],"wp:featuredmedia":[{"embeddable":true,"href":"https:\/\/www.hydraulic-cylinders.net\/ro\/wp-json\/wp\/v2\/media\/764"}],"wp:attachment":[{"href":"https:\/\/www.hydraulic-cylinders.net\/ro\/wp-json\/wp\/v2\/media?parent=759"}],"wp:term":[{"taxonomy":"product_brand","embeddable":true,"href":"https:\/\/www.hydraulic-cylinders.net\/ro\/wp-json\/wp\/v2\/product_brand?post=759"},{"taxonomy":"product_cat","embeddable":true,"href":"https:\/\/www.hydraulic-cylinders.net\/ro\/wp-json\/wp\/v2\/product_cat?post=759"},{"taxonomy":"product_tag","embeddable":true,"href":"https:\/\/www.hydraulic-cylinders.net\/ro\/wp-json\/wp\/v2\/product_tag?post=759"}],"curies":[{"name":"wp","href":"https:\/\/api.w.org\/{rel}","templated":true}]}}