{"id":782,"date":"2023-08-23T03:36:50","date_gmt":"2023-08-23T03:36:50","guid":{"rendered":"https:\/\/hydraulic-cylinders.net\/?post_type=product&#038;p=782"},"modified":"2025-04-16T02:23:02","modified_gmt":"2025-04-16T02:23:02","slug":"machine-tool-low-pressure-hydraulic-cylinder","status":"publish","type":"product","link":"https:\/\/www.hydraulic-cylinders.net\/ro\/produs\/machine-tool-low-pressure-hydraulic-cylinder\/","title":{"rendered":"Cilindru hidraulic de joas\u0103 presiune pentru ma\u0219ini-unelte"},"content":{"rendered":"<h1 style=\"text-align: center;\"><strong>Cilindru hidraulic de joas\u0103 presiune pentru ma\u0219ini-unelte<\/strong><\/h1>\n<p><img loading=\"lazy\" decoding=\"async\" class=\"aligncenter wp-image-785 size-full\" src=\"https:\/\/hydraulic-cylinders.net\/wp-content\/uploads\/2023\/08\/low-pressure-hydraulic-cylinder-2.webp\" alt=\"\" width=\"300\" height=\"300\" srcset=\"https:\/\/www.hydraulic-cylinders.net\/wp-content\/uploads\/2023\/08\/low-pressure-hydraulic-cylinder-2.webp 300w, https:\/\/www.hydraulic-cylinders.net\/wp-content\/uploads\/2023\/08\/low-pressure-hydraulic-cylinder-2-100x100.webp 100w, https:\/\/www.hydraulic-cylinders.net\/wp-content\/uploads\/2023\/08\/low-pressure-hydraulic-cylinder-2-150x150.webp 150w\" sizes=\"(max-width: 300px) 100vw, 300px\" \/><\/p>\n<p>Cilindrul hidraulic de joas\u0103 presiune este avantajul companiei \u00een ceea ce prive\u0219te produsele, experien\u021ba \u00een fabrica\u021bie, tehnologia matur\u0103, rentabilitatea \u0219i poate \u00eenlocui cilindrul hidraulic.<\/p>\n<p>\u00cen combina\u021bie cu cererea pie\u021bei, sorta\u021bi parametrii cilindrului hidraulic de joas\u0103 presiune din industria ma\u0219inilor-unelte, cum ar fi cilindrul hidraulic al ma\u0219inii de fer\u0103str\u0103u cu band\u0103.<\/p>\n<p>Clien\u021bii pot comanda \u00een func\u021bie de urm\u0103torii parametri, confort \u0219i timp rapid de livrare.<\/p>\n<p>Cost redus: Cilindrii hidraulici de joas\u0103 presiune sunt de obicei mai ieftini dec\u00e2t al\u021bi cilindri.<br \/>\nDesign simplu: Proiectarea \u0219i fabricarea cilindrilor hidraulici de joas\u0103 presiune sunt relativ simple.<br \/>\n\u00centre\u021binere u\u0219oar\u0103: Cilindrii hidraulici de joas\u0103 presiune sunt relativ u\u0219or de \u00eentre\u021binut.<\/p>\n<h2><strong>Parametrul cilindrului hidraulic de joas\u0103 presiune:<\/strong><\/h2>\n<h3>(1) Flan\u0219\u0103 frontal\u0103 a cilindrului hidraulic de joas\u0103 presiune:<\/h3>\n<h3><img loading=\"lazy\" decoding=\"async\" class=\"alignnone wp-image-786 size-full\" src=\"https:\/\/hydraulic-cylinders.net\/wp-content\/uploads\/2023\/08\/low-pressure-pull-rod-hydraulic-cylinder-front-flange-2-2.webp\" alt=\"\" width=\"690\" height=\"397\" srcset=\"https:\/\/hydraulic-cylinders.net\/wp-content\/uploads\/2023\/08\/low-pressure-pull-rod-hydraulic-cylinder-front-flange-2-2.webp 690w, https:\/\/hydraulic-cylinders.net\/wp-content\/uploads\/2023\/08\/low-pressure-pull-rod-hydraulic-cylinder-front-flange-2-2-480x276.webp 480w\" sizes=\"(min-width: 0px) and (max-width: 480px) 480px, (min-width: 481px) 690px, 100vw\" \/><\/h3>\n<h3>(2) Flan\u0219\u0103 spate a cilindrului hidraulic de joas\u0103 presiune:<\/h3>\n<h3><img loading=\"lazy\" decoding=\"async\" class=\"alignnone wp-image-787\" src=\"https:\/\/hydraulic-cylinders.net\/wp-content\/uploads\/2023\/08\/low-pressure-pull-rod-hydraulic-cylinder-back-flange-2-2-1024x556.webp\" alt=\"\" width=\"800\" height=\"434\" \/><\/h3>\n<h3>(3) \u0218tiftul frontal al cilindrului hidraulic de joas\u0103 presiune:<\/h3>\n<p><img loading=\"lazy\" decoding=\"async\" class=\"alignnone wp-image-788 size-full\" src=\"https:\/\/hydraulic-cylinders.net\/wp-content\/uploads\/2023\/08\/low-pressure-pull-rod-hydraulic-cylinder-front-hinge-pin-2-1.webp\" alt=\"\" width=\"660\" height=\"289\" srcset=\"https:\/\/hydraulic-cylinders.net\/wp-content\/uploads\/2023\/08\/low-pressure-pull-rod-hydraulic-cylinder-front-hinge-pin-2-1.webp 660w, https:\/\/hydraulic-cylinders.net\/wp-content\/uploads\/2023\/08\/low-pressure-pull-rod-hydraulic-cylinder-front-hinge-pin-2-1-480x210.webp 480w\" sizes=\"(min-width: 0px) and (max-width: 480px) 480px, (min-width: 481px) 660px, 100vw\" \/><\/p>\n<h3>(4) \u0218tiftul intermediar al cilindrului hidraulic de joas\u0103 presiune:<\/h3>\n<p><img loading=\"lazy\" decoding=\"async\" class=\"alignnone wp-image-789 size-full\" src=\"https:\/\/hydraulic-cylinders.net\/wp-content\/uploads\/2023\/08\/low-pressure-pull-rod-hydraulic-cylinder-intermediate-pin-2-1.webp\" alt=\"\" width=\"690\" height=\"315\" srcset=\"https:\/\/hydraulic-cylinders.net\/wp-content\/uploads\/2023\/08\/low-pressure-pull-rod-hydraulic-cylinder-intermediate-pin-2-1.webp 690w, https:\/\/hydraulic-cylinders.net\/wp-content\/uploads\/2023\/08\/low-pressure-pull-rod-hydraulic-cylinder-intermediate-pin-2-1-480x219.webp 480w\" sizes=\"(min-width: 0px) and (max-width: 480px) 480px, (min-width: 481px) 690px, 100vw\" \/><\/p>\n<h3>(5) \u0218tiftul posterior al cilindrului hidraulic de joas\u0103 presiune:<\/h3>\n<p><img loading=\"lazy\" decoding=\"async\" class=\"alignnone wp-image-790 size-full\" src=\"https:\/\/hydraulic-cylinders.net\/wp-content\/uploads\/2023\/08\/low-pressure-pull-rod-hydraulic-cylinder-rear-pin-hole-2-1.webp\" alt=\"\" width=\"690\" height=\"333\" srcset=\"https:\/\/hydraulic-cylinders.net\/wp-content\/uploads\/2023\/08\/low-pressure-pull-rod-hydraulic-cylinder-rear-pin-hole-2-1.webp 690w, https:\/\/hydraulic-cylinders.net\/wp-content\/uploads\/2023\/08\/low-pressure-pull-rod-hydraulic-cylinder-rear-pin-hole-2-1-480x232.webp 480w\" sizes=\"(min-width: 0px) and (max-width: 480px) 480px, (min-width: 481px) 690px, 100vw\" \/><\/p>\n<h3>(6) Parametrul suportului cilindrului hidraulic de joas\u0103 presiune:<\/h3>\n<p><img loading=\"lazy\" decoding=\"async\" class=\"alignnone wp-image-791 size-full\" src=\"https:\/\/hydraulic-cylinders.net\/wp-content\/uploads\/2023\/08\/low-pressure-pull-rod-hydraulic-cylinder-footstand-2-1.webp\" alt=\"\" width=\"703\" height=\"314\" srcset=\"https:\/\/hydraulic-cylinders.net\/wp-content\/uploads\/2023\/08\/low-pressure-pull-rod-hydraulic-cylinder-footstand-2-1.webp 703w, https:\/\/hydraulic-cylinders.net\/wp-content\/uploads\/2023\/08\/low-pressure-pull-rod-hydraulic-cylinder-footstand-2-1-480x214.webp 480w\" sizes=\"(min-width: 0px) and (max-width: 480px) 480px, (min-width: 481px) 703px, 100vw\" \/><\/p>\n<h2><strong>Parametru tehnic al <\/strong><strong>Cilindru hidraulic de joas\u0103 presiune:<\/strong><\/h2>\n<p>Modul de instalare poate fi selectat dintre urm\u0103toarele op\u021biuni<br \/>\n1) Dimensiunea filetului cap\u0103tului tijei pistonului: filet interior sau filet exterior, dimensiunea \u0219i lungimea filetului<br \/>\n2) pozi\u021bia orificiului de alimentare cu ulei;<br \/>\n3) \u201eLungimea total\u0103\u201d din tabelul de parametri, adic\u0103 lungimea cilindrului atunci c\u00e2nd cursa este 0, de exemplu, dac\u0103 cursa este de 100 mm, lungimea total\u0103 a cilindrului = valoarea \u201elungimii totale\u201d +100<\/p>\n<h2><strong>Domeniul de aplicare al <\/strong><strong>Cilindru hidraulic de joas\u0103 presiune:<\/strong><\/h2>\n<p>1) Utilizarea intervalului de presiune este sub 5 MPA;<br \/>\n2) Capacul frontal, capacul posterior \u0219i pistonul sunt turnate, cilindrul este din o\u021bel nr. 20, iar tija pistonului este din o\u021bel nr. 45 placat cu crom;<br \/>\n3) Cilindrul implicit este afectat \u00een principal de \u00eempingere; Dac\u0103 se datoreaz\u0103 \u00een principal tensiunii, clientul trebuie s\u0103 dea instruc\u021biuni speciale;<br \/>\n4) Diametrul interior al acestei serii de produse este cuprins \u00eentre 63 \u0219i 125 mm, iar for\u021ba maxim\u0103 de \u00eempingere este de 4,8 tone;<br \/>\n5) F\u0103r\u0103 buffer \u00een mod implicit; Dac\u0103 este necesar\u0103 memorarea \u00een buffer, clientul are nevoie de instruc\u021biuni speciale.<\/p>\n<p><img loading=\"lazy\" decoding=\"async\" class=\"size-full wp-image-316728 aligncenter\" src=\"https:\/\/hzpt.com\/wp-content\/uploads\/2023\/08\/low-pressure-hydraulic-cylinder-1.webp\" alt=\"\" width=\"540\" height=\"1015\" \/><\/p>\n<h2><strong>Cum se m\u0103soar\u0103 un cilindru hidraulic?<\/strong><\/h2>\n<p>Pentru a m\u0103sura un cilindru hidraulic, ve\u021bi avea nevoie de c\u00e2teva instrumente de baz\u0103, cum ar fi o rulet\u0103 sau o rigl\u0103, un caliper \u0219i, eventual, un calibru de ad\u00e2ncime. Iat\u0103 un ghid pas cu pas despre cum s\u0103 m\u0103sura\u021bi un cilindru hidraulic:<\/p>\n<ol>\n<li><strong>Lungime extins\u0103<\/strong>:\n<ul>\n<li>Asigura\u021bi-v\u0103 c\u0103 cilindrul hidraulic este complet extins.<\/li>\n<li>M\u0103sura\u021bi distan\u021ba de la centrul orificiului de montare de la un cap\u0103t al cilindrului p\u00e2n\u0103 la centrul orificiului de montare de la cel\u0103lalt cap\u0103t. Aceast\u0103 m\u0103sur\u0103toare reprezint\u0103 lungimea extins\u0103 sau lungimea total\u0103 a cilindrului.<\/li>\n<\/ul>\n<\/li>\n<li><strong>Lungime retras\u0103<\/strong>:\n<ul>\n<li>Retrage\u021bi complet cilindrul hidraulic.<\/li>\n<li>M\u0103sura\u021bi distan\u021ba de la centrul orificiului de montare de la un cap\u0103t al cilindrului p\u00e2n\u0103 la centrul orificiului de montare de la cel\u0103lalt cap\u0103t. Aceast\u0103 m\u0103sur\u0103toare reprezint\u0103 lungimea retras\u0103 a cilindrului.<\/li>\n<\/ul>\n<\/li>\n<li><strong>Diametrul alezajului<\/strong>:\n<ul>\n<li>M\u0103sura\u021bi diametrul interior al \u021bevii cilindrului, care este denumit diametrul alezajului. Acest lucru se face de obicei folosind un etrier.<\/li>\n<li>A\u0219eza\u021bi f\u0103lcile etrierului \u00een interiorul cilindrului \u0219i m\u0103sura\u021bi distan\u021ba dintre suprafe\u021bele interioare ale pere\u021bilor cilindrului.<\/li>\n<\/ul>\n<\/li>\n<li><strong>Diametrul tijei<\/strong>:\n<ul>\n<li>M\u0103sura\u021bi diametrul tijei pistonului. Acest lucru se face de obicei folosind un etrier.<\/li>\n<li>A\u0219eza\u021bi f\u0103lcile etrierului \u00een jurul tijei pistonului \u0219i m\u0103sura\u021bi distan\u021ba dintre suprafe\u021bele exterioare ale tijei.<\/li>\n<\/ul>\n<\/li>\n<li><strong>Lungimea cursei<\/strong>:\n<ul>\n<li>Lungimea cursei se refer\u0103 la distan\u021ba pe care tija pistonului o poate parcurge \u00eentre pozi\u021biile complet extins\u0103 \u0219i complet retras\u0103.<\/li>\n<li>Sc\u0103de\u021bi m\u0103surarea lungimii retras\u0103 din m\u0103surarea lungimii extinse pentru a ob\u021bine lungimea cursei.<\/li>\n<\/ul>\n<\/li>\n<li><strong>Dimensiunile etan\u0219\u0103rii \u0219i rulmentului<\/strong>:\n<ul>\n<li>Dac\u0103 este necesar, m\u0103sura\u021bi dimensiunile oric\u0103ror garnituri sau rulmen\u021bi care fac parte din cilindrul hidraulic. Acestea pot include m\u0103sur\u0103tori ale diametrului exterior, diametrului interior \u0219i grosimii.<\/li>\n<\/ul>\n<\/li>\n<\/ol>\n<h2><strong>Capabilitatea \u0219i capacitatea fabricii:<\/strong><\/h2>\n<h3>(1) Montaj<\/h3>\n<p>Dispunem de o platform\u0103 de asamblare independent\u0103 de prim\u0103 clas\u0103 pentru cercetare \u0219i dezvoltare. Atelierul de produc\u021bie a cilindrilor pentru stivuitoare are patru linii de asamblare semiautomate pentru cilindri de ridicare \u0219i o linie automat\u0103 de asamblare a cilindrilor de \u00eenclinare, cu o capacitate anual\u0103 de produc\u021bie proiectat\u0103 de 1 milion de buc\u0103\u021bi; Atelierul special pentru cilindri este echipat cu un sistem de asamblare semiautomat de cur\u0103\u021bare cu diverse specifica\u021bii, cu o capacitate anual\u0103 de produc\u021bie proiectat\u0103 de 200.000 de buc\u0103\u021bi. Este echipat cu echipamente de prelucrare CNC renumite, centru de prelucrare, echipamente speciale de prelucrare a cilindrilor de \u00eenalt\u0103 precizie, ma\u0219in\u0103 de sudur\u0103 robotizat\u0103, ma\u0219in\u0103 de cur\u0103\u021bare automat\u0103, ma\u0219in\u0103 automat\u0103 de asamblare a cilindrilor \u0219i linie automat\u0103 de produc\u021bie de vopsire. Echipamentele cheie existente dep\u0103\u0219esc 300 de seturi (seturi). Alocarea optim\u0103 \u0219i utilizarea eficient\u0103 a resurselor echipamentelor asigur\u0103 cerin\u021bele de precizie ale produselor \u0219i \u00eendeplinesc cerin\u021bele de \u00eenalt\u0103 calitate ale produselor.<\/p>\n<p><img loading=\"lazy\" decoding=\"async\" class=\"alignnone wp-image-626\" src=\"https:\/\/hydraulic-cylinders.net\/wp-content\/uploads\/2023\/08\/hydraulic-cylinder-product-1-300x158.webp\" alt=\"\" width=\"495\" height=\"260\" srcset=\"https:\/\/hydraulic-cylinders.net\/wp-content\/uploads\/2023\/08\/hydraulic-cylinder-product-1-300x158.webp 495w, https:\/\/hydraulic-cylinders.net\/wp-content\/uploads\/2023\/08\/hydraulic-cylinder-product-1-480x252.webp 480w\" sizes=\"(min-width: 0px) and (max-width: 480px) 480px, (min-width: 481px) 495px, 100vw\" \/> <img loading=\"lazy\" decoding=\"async\" class=\"alignnone wp-image-627\" src=\"https:\/\/hydraulic-cylinders.net\/wp-content\/uploads\/2023\/08\/hydraulic-cylinder-product-2-300x189.webp\" alt=\"\" width=\"413\" height=\"260\" \/><\/p>\n<h3>(2) Prelucrare<\/h3>\n<p>Atelierul de prelucrare este echipat cu un centru de strunjire \u00eenclinat\u0103 personalizat pentru \u0219ine, un centru de prelucrare, o ma\u0219in\u0103 de honuit de mare vitez\u0103, un robot de sudur\u0103 \u0219i alte echipamente conexe, care pot gestiona prelucrarea tuburilor cilindrice cu un diametru interior maxim de 400 mm \u0219i o lungime maxim\u0103 de 6 metri.<\/p>\n<p><img loading=\"lazy\" decoding=\"async\" class=\"alignnone wp-image-628 size-large\" src=\"https:\/\/hydraulic-cylinders.net\/wp-content\/uploads\/2023\/08\/hydraulic-cylinder-product-3-1024x391.webp\" alt=\"\" width=\"1024\" height=\"391\" srcset=\"https:\/\/hydraulic-cylinders.net\/wp-content\/uploads\/2023\/08\/hydraulic-cylinder-product-3-980x374.webp 980w, https:\/\/hydraulic-cylinders.net\/wp-content\/uploads\/2023\/08\/hydraulic-cylinder-product-3-480x183.webp 480w\" sizes=\"(min-width: 0px) and (max-width: 480px) 480px, (min-width: 481px) and (max-width: 980px) 980px, (min-width: 981px) 1024px, 100vw\" \/><\/p>\n<h3>(3) Sudur\u0103<\/h3>\n<p><img loading=\"lazy\" decoding=\"async\" class=\"alignnone wp-image-629 size-large\" src=\"https:\/\/hydraulic-cylinders.net\/wp-content\/uploads\/2023\/08\/hydraulic-cylinder-product-4-1024x510.webp\" alt=\"\" width=\"1024\" height=\"510\" srcset=\"https:\/\/hydraulic-cylinders.net\/wp-content\/uploads\/2023\/08\/hydraulic-cylinder-product-4-980x488.webp 980w, https:\/\/hydraulic-cylinders.net\/wp-content\/uploads\/2023\/08\/hydraulic-cylinder-product-4-480x239.webp 480w\" sizes=\"(min-width: 0px) and (max-width: 480px) 480px, (min-width: 481px) and (max-width: 980px) 980px, (min-width: 981px) 1024px, 100vw\" \/><\/p>\n<h3>(4) Vopsire \u0219i acoperire<\/h3>\n<p>Cu linii automate de acoperire cu vopsea pe baz\u0103 de ap\u0103 cu cilindru de dimensiuni mici \u0219i medii, pentru a realiza \u00eenc\u0103rcarea \u0219i desc\u0103rcarea automat\u0103 a robotului \u0219i pulverizarea automat\u0103, capacitatea de proiectare de 4000 de buc\u0103\u021bi pe schimb;<br \/>\nDe asemenea, avem o linie semiautomat\u0103 de produc\u021bie a vopselei pentru cilindri mari, ac\u021bionat\u0103 de un lan\u021b electric, cu o capacitate proiectat\u0103 de 60 de cutii pe schimb.<\/p>\n<p><img loading=\"lazy\" decoding=\"async\" class=\"alignnone wp-image-630\" src=\"https:\/\/hydraulic-cylinders.net\/wp-content\/uploads\/2023\/08\/hydraulic-cylinder-product-5-300x213.webp\" alt=\"\" width=\"408\" height=\"290\" \/> <img loading=\"lazy\" decoding=\"async\" class=\"alignnone wp-image-631\" src=\"https:\/\/hydraulic-cylinders.net\/wp-content\/uploads\/2023\/08\/hydraulic-cylinder-product-6-300x225.webp\" alt=\"\" width=\"387\" height=\"290\" \/><\/p>\n<h3>(5) Testarea<\/h3>\n<p>Dispunem de instala\u021bii de inspec\u021bie \u0219i bancuri de testare de prim\u0103 clas\u0103 pentru a ne asigura c\u0103 performan\u021ba cilindrului \u00eendepline\u0219te cerin\u021bele.<\/p>\n<p><img loading=\"lazy\" decoding=\"async\" class=\"alignnone wp-image-632\" src=\"https:\/\/hydraulic-cylinders.net\/wp-content\/uploads\/2023\/08\/hydraulic-cylinder-product-8-300x200.webp\" alt=\"\" width=\"389\" height=\"260\" \/><\/p>\n<p>&nbsp;<\/p>\n<p>&nbsp;<\/p>\n<p>Suntem unul dintre cei mai buni produc\u0103tori de cilindri hidraulici de joas\u0103 presiune. Putem oferi un stoc larg de cilindri hidraulici de joas\u0103 presiune. De asemenea, oferim... <a href=\"https:\/\/hzpt.com\/agricultural-pto-gearbox\/\" target=\"_blank\" rel=\"noopener\">cutii de viteze agricole<\/a>. Am exportat produsele noastre c\u0103tre clien\u021bi din \u00eentreaga lume \u0219i am c\u00e2\u0219tigat o bun\u0103 reputa\u021bie datorit\u0103 calit\u0103\u021bii superioare a produselor noastre \u0219i a serviciilor post-v\u00e2nzare. Salut\u0103m c\u0103lduros clien\u021bii at\u00e2t din \u021bar\u0103, c\u00e2t \u0219i din str\u0103in\u0103tate s\u0103 ne contacteze pentru a negocia afaceri, a face schimb de informa\u021bii \u0219i a\u00a0<a href=\"https:\/\/www.hydraulic-cylinders.net\/ro\/contact-us\/\">s\u0103 coopereze cu noi<\/a>!<\/p>\n<p>&nbsp;<\/p>\n<h2><\/h2>","protected":false},"excerpt":{"rendered":"<p>Machine Tool Low-Pressure Hydraulic Cylinder Low-pressure hydraulic cylinder is the company&#8217;s advantage in products, manufacturing experience, mature technology, cost-effectiveness, and can replace the hydraulic cylinder. Combined with the market demand, sort out the machine tool industry low-pressure hydraulic cylinder parameters, such as band saw machine hydraulic cylinder. Customers can order according to the following parameters, [&hellip;]<\/p>","protected":false},"featured_media":792,"comment_status":"open","ping_status":"closed","template":"","meta":{"_et_pb_use_builder":"","_et_pb_old_content":"","_et_gb_content_width":""},"product_brand":[],"product_cat":[1550,1525,1509,1376,1388],"product_tag":[],"class_list":{"0":"post-782","1":"product","2":"type-product","3":"status-publish","4":"has-post-thumbnail","6":"product_cat-double-acting-hydraulic-cylinder","7":"product_cat-machine-tool-hydraulic-cylinders","8":"product_cat-tie-rod-hydraulic-cylinder","9":"product_cat-hydraulic-cylinder","10":"product_cat-low-pressure-hydraulic-cylinder","12":"first","13":"instock","14":"shipping-taxable","15":"product-type-simple"},"amp_enabled":true,"_links":{"self":[{"href":"https:\/\/www.hydraulic-cylinders.net\/ro\/wp-json\/wp\/v2\/product\/782","targetHints":{"allow":["GET"]}}],"collection":[{"href":"https:\/\/www.hydraulic-cylinders.net\/ro\/wp-json\/wp\/v2\/product"}],"about":[{"href":"https:\/\/www.hydraulic-cylinders.net\/ro\/wp-json\/wp\/v2\/types\/product"}],"replies":[{"embeddable":true,"href":"https:\/\/www.hydraulic-cylinders.net\/ro\/wp-json\/wp\/v2\/comments?post=782"}],"wp:featuredmedia":[{"embeddable":true,"href":"https:\/\/www.hydraulic-cylinders.net\/ro\/wp-json\/wp\/v2\/media\/792"}],"wp:attachment":[{"href":"https:\/\/www.hydraulic-cylinders.net\/ro\/wp-json\/wp\/v2\/media?parent=782"}],"wp:term":[{"taxonomy":"product_brand","embeddable":true,"href":"https:\/\/www.hydraulic-cylinders.net\/ro\/wp-json\/wp\/v2\/product_brand?post=782"},{"taxonomy":"product_cat","embeddable":true,"href":"https:\/\/www.hydraulic-cylinders.net\/ro\/wp-json\/wp\/v2\/product_cat?post=782"},{"taxonomy":"product_tag","embeddable":true,"href":"https:\/\/www.hydraulic-cylinders.net\/ro\/wp-json\/wp\/v2\/product_tag?post=782"}],"curies":[{"name":"wp","href":"https:\/\/api.w.org\/{rel}","templated":true}]}}