{"id":798,"date":"2023-08-23T08:34:53","date_gmt":"2023-08-23T08:34:53","guid":{"rendered":"https:\/\/hydraulic-cylinders.net\/?post_type=product&#038;p=798"},"modified":"2025-04-16T02:22:56","modified_gmt":"2025-04-16T02:22:56","slug":"fa-front-flange-type-light-rod-hydraulic-cylinder","status":"publish","type":"product","link":"https:\/\/www.hydraulic-cylinders.net\/ro\/produs\/fa-front-flange-type-light-rod-hydraulic-cylinder\/","title":{"rendered":"FA Cilindru hidraulic cu flan\u0219\u0103 frontal\u0103 de tip Light Rod"},"content":{"rendered":"<h1 style=\"text-align: center;\"><strong>FA Cilindru hidraulic cu flan\u0219\u0103 frontal\u0103 de tip Light Rod<\/strong><\/h1>\n<p>Cilindrul hidraulic cu tij\u0103 u\u0219oar\u0103 \u0219i flan\u0219\u0103 frontal\u0103 FA este un tip particular de cilindru hidraulic cu un design cu flan\u0219\u0103 frontal\u0103, u\u0219or \u0219i compact. Iat\u0103 c\u00e2teva dintre principalele caracteristici \u0219i caracteristici ale acestui tip de cilindru hidraulic cu tij\u0103 u\u0219oar\u0103:<\/p>\n<p>Designul flan\u0219ei frontale: Cilindrul hidraulic cu tij\u0103 u\u0219oar\u0103 are o flan\u0219\u0103 frontal\u0103 care poate fi instalat\u0103 \u0219i integrat\u0103 cu u\u0219urin\u021b\u0103 \u00een diverse sisteme \u0219i aplica\u021bii. Flan\u0219a frontal\u0103 este un punct de conectare pentru conectarea ferm\u0103 a cilindrului.<\/p>\n<p>U\u0219or \u0219i compact: Designul cilindrului hidraulic cu tij\u0103 u\u0219oar\u0103 este u\u0219or \u0219i compact, fiind potrivit pentru aplica\u021bii cu constr\u00e2ngeri de greutate \u0219i spa\u021biu. Aceast\u0103 caracteristic\u0103 de design permite o manipulare \u0219i o instalare mai u\u0219oare.<\/p>\n<p>Construc\u021bia tijei u\u0219oare: Cilindrul folose\u0219te un design de \u201est\u00e2lp de lumin\u0103\u201d pentru a minimiza greutatea, men\u021bin\u00e2nd \u00een acela\u0219i timp rezisten\u021ba \u0219i durabilitatea. Aceast\u0103 abordare de design ajut\u0103 la optimizarea performan\u021bei cilindrului, reduc\u00e2nd \u00een acela\u0219i timp greutatea acestuia.<\/p>\n<p>Materiale: Cilindrii sunt de obicei u\u0219ori, cum ar fi aluminiu sau materiale compozite. Aceste materiale ofer\u0103 un echilibru bun \u00eentre rezisten\u021b\u0103 \u0219i reducerea greut\u0103\u021bii.<\/p>\n<p>Op\u021biuni personalizate: \u00cen func\u021bie de produc\u0103tor, cilindrii hidraulici cu tij\u0103 u\u0219oar\u0103 cu flan\u0219\u0103 frontal\u0103 FA au op\u021biuni personalizate, cum ar fi lungimea cursei, configura\u021bia de montare \u0219i conexiunile hidraulice. Acest lucru permite o flexibilitate mai mare \u00een \u00eendeplinirea cerin\u021belor specifice ale aplica\u021biei.<\/p>\n<p>Aplica\u021bii: Acest tip de cilindru hidraulic cu tij\u0103 u\u0219oar\u0103 este utilizat \u00een mod obi\u0219nuit \u00een diverse industrii \u0219i aplica\u021bii, inclusiv automatiz\u0103ri, robotic\u0103, manipularea materialelor \u0219i alte situa\u021bii \u00een care dimensiunile compacte, designul u\u0219or \u0219i controlul precis al mi\u0219c\u0103rii liniare sunt factori esen\u021biali.<\/p>\n<p><img loading=\"lazy\" decoding=\"async\" class=\"aligncenter wp-image-800 size-full\" src=\"https:\/\/hydraulic-cylinders.net\/wp-content\/uploads\/2023\/08\/fa-front-flange-type-light-pull-rod-hydraulic-cylinder-1.webp\" alt=\"\" width=\"790\" height=\"200\" srcset=\"https:\/\/hydraulic-cylinders.net\/wp-content\/uploads\/2023\/08\/fa-front-flange-type-light-pull-rod-hydraulic-cylinder-1.webp 790w, https:\/\/hydraulic-cylinders.net\/wp-content\/uploads\/2023\/08\/fa-front-flange-type-light-pull-rod-hydraulic-cylinder-1-480x122.webp 480w\" sizes=\"(min-width: 0px) and (max-width: 480px) 480px, (min-width: 481px) 790px, 100vw\" \/><\/p>\n<h2><strong>Parametrul cilindrului hidraulic cu tij\u0103 u\u0219oar\u0103 tip flan\u0219\u0103 frontal\u0103 FA:<\/strong><\/h2>\n<p><img loading=\"lazy\" decoding=\"async\" class=\"alignnone wp-image-801 size-full\" src=\"https:\/\/hydraulic-cylinders.net\/wp-content\/uploads\/2023\/08\/fa-front-flange-type-light-pull-rod-hydraulic-cylinder-2.webp\" alt=\"\" width=\"790\" height=\"425\" srcset=\"https:\/\/hydraulic-cylinders.net\/wp-content\/uploads\/2023\/08\/fa-front-flange-type-light-pull-rod-hydraulic-cylinder-2.webp 790w, https:\/\/hydraulic-cylinders.net\/wp-content\/uploads\/2023\/08\/fa-front-flange-type-light-pull-rod-hydraulic-cylinder-2-480x258.webp 480w\" sizes=\"(min-width: 0px) and (max-width: 480px) 480px, (min-width: 481px) 790px, 100vw\" \/><\/p>\n<h2><strong>Cum se controleaz\u0103 viteza cilindrului hidraulic?<\/strong><\/h2>\n<p>Controlul vitezei unui cilindru hidraulic se poate realiza prin diverse metode. Iat\u0103 c\u00e2teva abord\u0103ri comune:<\/p>\n<ol>\n<li><strong>Valve de control al debitului<\/strong>Supapa de control al debitului este utilizat\u0103 special pentru a regla debitul de ulei hidraulic \u00een sau din cilindru. Aceste supape pot fi reglate sau fixe \u0219i sunt de obicei instalate \u00eentr-o conduct\u0103 hidraulic\u0103 conectat\u0103 la cilindru. Prin modificarea deschiderii sau limit\u0103rii supapei, pute\u021bi controla cantitatea de fluid permis\u0103 s\u0103 treac\u0103 prin aceasta, regl\u00e2nd astfel viteza de mi\u0219care a cilindrului.<\/li>\n<li><strong>Supape de accelera\u021bie<\/strong>Supapa de accelera\u021bie, cunoscut\u0103 \u0219i sub denumirea de supap\u0103 de control al vitezei, este utilizat\u0103 \u00een special pentru a controla viteza actuatoarelor hidraulice. Acestea sunt de obicei plasate \u00een conducta hidraulic\u0103, l\u00e2ng\u0103 cilindru. Supapele de accelera\u021bie limiteaz\u0103 debitul fluidului hidraulic, creeaz\u0103 o c\u0103dere de presiune \u0219i controleaz\u0103 viteza de mi\u0219care a cilindrului.<\/li>\n<li><strong>Pomp\u0103 sau motor cu debit variabil<\/strong>Utilizarea unei pompe sau a unui motor cu debit variabil \u00eentr-un sistem hidraulic poate controla debitul \u0219i, prin urmare, viteza cilindrului. Prin reglarea debitului pompei sau a motorului, se poate controla cantitatea de ulei hidraulic furnizat\u0103 cilindrului, afect\u00e2nd astfel viteza cilindrului.<\/li>\n<li><strong>Valve propor\u021bionale<\/strong>Supapele propor\u021bionale ofer\u0103 un control precis asupra debitului \u0219i vitezei cilindrului hidraulic. Aceste supape utilizeaz\u0103 semnale electronice sau electrice pentru a modula deschiderea supapei, permi\u021b\u00e2nd un control precis \u0219i propor\u021bional al vitezei cilindrului.<\/li>\n<li><strong>Acumulatoare<\/strong>Acumulatoarele hidraulice stocheaz\u0103 ulei hidraulic sub presiune, care poate fi eliberat pentru a completa debitul \u00een perioadele de cerere mare. Prin integrarea acumulatorului \u00een sistem, se poate \u00eembun\u0103t\u0103\u021bi controlul vitezei cilindrului hidraulic, \u00een special \u00een timpul fazei de accelerare sau decelerare.<\/li>\n<\/ol>\n<h2><strong>Capabilitatea \u0219i capacitatea fabricii:<\/strong><\/h2>\n<h3>(1) Montaj<\/h3>\n<p>Avem o platform\u0103 independent\u0103 de cercetare \u0219i dezvoltare de prim\u0103 clas\u0103. Atelierul de produc\u021bie a cilindrilor hidraulici are patru linii de asamblare semiautomate pentru cilindri de ridicare \u0219i o linie automat\u0103 de asamblare a cilindrilor de \u00eenclinare, cu o capacitate anual\u0103 de produc\u021bie proiectat\u0103 de 1 milion de buc\u0103\u021bi; Atelierul special de cilindri este echipat cu diverse specifica\u021bii, un sistem de asamblare semiautomat de cur\u0103\u021bare, cu o capacitate anual\u0103 de produc\u021bie proiectat\u0103 de 200.000 de buc\u0103\u021bi. Este echipat cu echipamente de prelucrare CNC renumite, centru de prelucrare, echipamente speciale de prelucrare a cilindrilor de \u00eenalt\u0103 precizie, ma\u0219in\u0103 de sudur\u0103 robotizat\u0103, ma\u0219in\u0103 de cur\u0103\u021bare automat\u0103, ma\u0219in\u0103 automat\u0103 de asamblare a cilindrilor \u0219i linie automat\u0103 de produc\u021bie de vopsire. Echipamentele cheie existente dep\u0103\u0219esc 300 de seturi (pachete). Alocarea optim\u0103 \u0219i utilizarea eficient\u0103 a resurselor echipamentelor asigur\u0103 cerin\u021bele de precizie ale produselor \u0219i \u00eendeplinesc cerin\u021bele de \u00eenalt\u0103 calitate ale produselor.<\/p>\n<p><img loading=\"lazy\" decoding=\"async\" class=\"alignnone wp-image-626\" src=\"https:\/\/hydraulic-cylinders.net\/wp-content\/uploads\/2023\/08\/hydraulic-cylinder-product-1-300x158.webp\" alt=\"\" width=\"495\" height=\"260\" srcset=\"https:\/\/hydraulic-cylinders.net\/wp-content\/uploads\/2023\/08\/hydraulic-cylinder-product-1-300x158.webp 495w, https:\/\/hydraulic-cylinders.net\/wp-content\/uploads\/2023\/08\/hydraulic-cylinder-product-1-480x252.webp 480w\" sizes=\"(min-width: 0px) and (max-width: 480px) 480px, (min-width: 481px) 495px, 100vw\" \/> <img loading=\"lazy\" decoding=\"async\" class=\"alignnone wp-image-627\" src=\"https:\/\/hydraulic-cylinders.net\/wp-content\/uploads\/2023\/08\/hydraulic-cylinder-product-2-300x189.webp\" alt=\"\" width=\"413\" height=\"260\" \/><\/p>\n<h3>(2) Prelucrare<\/h3>\n<p>Atelierul de prelucrare este echipat cu un centru de strunjire cu \u0219in\u0103 \u00eenclinat\u0103 personalizat, un centru de prelucrare, o ma\u0219in\u0103 de honuire de mare vitez\u0103, un robot de sudur\u0103 \u0219i alte echipamente conexe, care pot gestiona prelucrarea tuburilor cilindrice cu un diametru interior maxim de 400 mm \u0219i o lungime maxim\u0103 de 6 metri.<\/p>\n<p><img loading=\"lazy\" decoding=\"async\" class=\"alignnone wp-image-628 size-large\" src=\"https:\/\/hydraulic-cylinders.net\/wp-content\/uploads\/2023\/08\/hydraulic-cylinder-product-3-1024x391.webp\" alt=\"\" width=\"1024\" height=\"391\" srcset=\"https:\/\/hydraulic-cylinders.net\/wp-content\/uploads\/2023\/08\/hydraulic-cylinder-product-3-980x374.webp 980w, https:\/\/hydraulic-cylinders.net\/wp-content\/uploads\/2023\/08\/hydraulic-cylinder-product-3-480x183.webp 480w\" sizes=\"(min-width: 0px) and (max-width: 480px) 480px, (min-width: 481px) and (max-width: 980px) 980px, (min-width: 981px) 1024px, 100vw\" \/><\/p>\n<h3>(3) Sudur\u0103<\/h3>\n<p><img loading=\"lazy\" decoding=\"async\" class=\"alignnone wp-image-629 size-large\" src=\"https:\/\/hydraulic-cylinders.net\/wp-content\/uploads\/2023\/08\/hydraulic-cylinder-product-4-1024x510.webp\" alt=\"\" width=\"1024\" height=\"510\" srcset=\"https:\/\/hydraulic-cylinders.net\/wp-content\/uploads\/2023\/08\/hydraulic-cylinder-product-4-980x488.webp 980w, https:\/\/hydraulic-cylinders.net\/wp-content\/uploads\/2023\/08\/hydraulic-cylinder-product-4-480x239.webp 480w\" sizes=\"(min-width: 0px) and (max-width: 480px) 480px, (min-width: 481px) and (max-width: 980px) 980px, (min-width: 981px) 1024px, 100vw\" \/><\/p>\n<h3>(4) Vopsire \u0219i acoperire<\/h3>\n<p>Cu linii automate de acoperire cu vopsea pe baz\u0103 de ap\u0103 cu cilindru de dimensiuni mici \u0219i medii, pentru a realiza \u00eenc\u0103rcarea \u0219i desc\u0103rcarea automat\u0103 a robotului \u0219i pulverizarea automat\u0103, capacitatea de proiectare de 4000 de buc\u0103\u021bi pe schimb;<br \/>\nAvem, de asemenea, o linie de produc\u021bie semi-automat\u0103 de vopsire pentru cilindri mari, ac\u021bionat\u0103 de un lan\u021b de putere, cu o capacitate de proiectare de 60 de cutii pe schimb.<\/p>\n<p><img loading=\"lazy\" decoding=\"async\" class=\"alignnone wp-image-630\" src=\"https:\/\/hydraulic-cylinders.net\/wp-content\/uploads\/2023\/08\/hydraulic-cylinder-product-5-300x213.webp\" alt=\"\" width=\"366\" height=\"260\" \/> <img loading=\"lazy\" decoding=\"async\" class=\"alignnone wp-image-631\" src=\"https:\/\/hydraulic-cylinders.net\/wp-content\/uploads\/2023\/08\/hydraulic-cylinder-product-6-300x225.webp\" alt=\"\" width=\"347\" height=\"260\" \/><\/p>\n<h3>(5) Testarea<\/h3>\n<p>Dispunem de instala\u021bii de inspec\u021bie \u0219i bancuri de testare de prim\u0103 clas\u0103 pentru a ne asigura c\u0103 performan\u021ba cilindrului \u00eendepline\u0219te cerin\u021bele.<\/p>\n<p><img loading=\"lazy\" decoding=\"async\" class=\"alignnone wp-image-632\" src=\"https:\/\/hydraulic-cylinders.net\/wp-content\/uploads\/2023\/08\/hydraulic-cylinder-product-8-300x200.webp\" alt=\"\" width=\"389\" height=\"260\" \/><\/p>\n<p>&nbsp;<\/p>\n<p>&nbsp;<\/p>\n<p>Suntem unul dintre cei mai buni produc\u0103tori de cilindri hidraulici cu tij\u0103 u\u0219oar\u0103. Putem oferi \u00een stoc cilindri hidraulici cu tij\u0103 u\u0219oar\u0103 lat\u0103. De asemenea, oferim corespunz\u0103toare <a href=\"https:\/\/hzpt.com\/agricultural-pto-gearbox\/\" target=\"_blank\" rel=\"noopener\">cutii de viteze agricole<\/a>. Am exportat produsele noastre c\u0103tre clien\u021bi din \u00eentreaga lume \u0219i am c\u00e2\u0219tigat o bun\u0103 reputa\u021bie datorit\u0103 calit\u0103\u021bii superioare a produselor noastre \u0219i a serviciilor post-v\u00e2nzare. Salut\u0103m c\u0103lduros clien\u021bii at\u00e2t din \u021bar\u0103, c\u00e2t \u0219i din str\u0103in\u0103tate s\u0103 ne contacteze pentru a negocia afaceri, a face schimb de informa\u021bii \u0219i a\u00a0<a href=\"https:\/\/www.hydraulic-cylinders.net\/ro\/contact-us\/\">s\u0103 coopereze cu noi<\/a>!<\/p>\n<p>&nbsp;<\/p>","protected":false},"excerpt":{"rendered":"<p>FA Front Flange Type Light Rod Hydraulic Cylinder FA Front flange light rod hydraulic cylinder is a particular type of hydraulic cylinder with a front flange design, lightweight and compact design. Here are some of the main features and features of this type of light rod hydraulic cylinder: Front flange design: The light rod hydraulic [&hellip;]<\/p>","protected":false},"featured_media":889,"comment_status":"open","ping_status":"closed","template":"","meta":{"_et_pb_use_builder":"","_et_pb_old_content":"","_et_gb_content_width":""},"product_brand":[],"product_cat":[1550,1525,1509,1376,1387],"product_tag":[1380],"class_list":{"0":"post-798","1":"product","2":"type-product","3":"status-publish","4":"has-post-thumbnail","6":"product_cat-double-acting-hydraulic-cylinder","7":"product_cat-machine-tool-hydraulic-cylinders","8":"product_cat-tie-rod-hydraulic-cylinder","9":"product_cat-hydraulic-cylinder","10":"product_cat-light-rod-hydraulic-cylinder","11":"product_tag-hydraulic-cylinder","13":"first","14":"instock","15":"shipping-taxable","16":"product-type-simple"},"amp_enabled":true,"_links":{"self":[{"href":"https:\/\/www.hydraulic-cylinders.net\/ro\/wp-json\/wp\/v2\/product\/798","targetHints":{"allow":["GET"]}}],"collection":[{"href":"https:\/\/www.hydraulic-cylinders.net\/ro\/wp-json\/wp\/v2\/product"}],"about":[{"href":"https:\/\/www.hydraulic-cylinders.net\/ro\/wp-json\/wp\/v2\/types\/product"}],"replies":[{"embeddable":true,"href":"https:\/\/www.hydraulic-cylinders.net\/ro\/wp-json\/wp\/v2\/comments?post=798"}],"wp:featuredmedia":[{"embeddable":true,"href":"https:\/\/www.hydraulic-cylinders.net\/ro\/wp-json\/wp\/v2\/media\/889"}],"wp:attachment":[{"href":"https:\/\/www.hydraulic-cylinders.net\/ro\/wp-json\/wp\/v2\/media?parent=798"}],"wp:term":[{"taxonomy":"product_brand","embeddable":true,"href":"https:\/\/www.hydraulic-cylinders.net\/ro\/wp-json\/wp\/v2\/product_brand?post=798"},{"taxonomy":"product_cat","embeddable":true,"href":"https:\/\/www.hydraulic-cylinders.net\/ro\/wp-json\/wp\/v2\/product_cat?post=798"},{"taxonomy":"product_tag","embeddable":true,"href":"https:\/\/www.hydraulic-cylinders.net\/ro\/wp-json\/wp\/v2\/product_tag?post=798"}],"curies":[{"name":"wp","href":"https:\/\/api.w.org\/{rel}","templated":true}]}}