{"id":852,"date":"2023-08-30T08:12:24","date_gmt":"2023-08-30T08:12:24","guid":{"rendered":"https:\/\/hydraulic-cylinders.net\/?post_type=product&#038;p=852"},"modified":"2025-04-16T02:22:28","modified_gmt":"2025-04-16T02:22:28","slug":"standard-with-adjustable-cap-type-light-rod-hydraulic-cylinder","status":"publish","type":"product","link":"https:\/\/www.hydraulic-cylinders.net\/ro\/produs\/standard-with-adjustable-cap-type-light-rod-hydraulic-cylinder\/","title":{"rendered":"Standard cu cilindru hidraulic cu tij\u0103 de lumin\u0103 cu capac reglabil"},"content":{"rendered":"<h1 style=\"text-align: center;\"><strong>Standard cu cilindru hidraulic cu tij\u0103 de lumin\u0103 cu capac reglabil<\/strong><\/h1>\n<p><img loading=\"lazy\" decoding=\"async\" class=\"aligncenter wp-image-318417 size-full\" src=\"https:\/\/hzpt.com\/wp-content\/uploads\/2023\/08\/standard-with-adjustable-cap-type-light-pull-rod-hydraulic-cylinder-2.webp\" alt=\"\" width=\"304\" height=\"162\" \/><\/p>\n<p>Cilindrul hidraulic standard cu capac reglabil \u0219i tij\u0103 u\u0219oar\u0103 este un cilindru hidraulic de ultim\u0103 genera\u021bie, conceput pentru a satisface cerin\u021bele diverselor aplica\u021bii industriale. Cu capacul reglabil \u0219i construc\u021bia u\u0219oar\u0103 a tijei de trac\u021biune, acest cilindru ofer\u0103 performan\u021be superioare, durabilitate \u0219i u\u0219urin\u021b\u0103 \u00een utilizare. Indiferent dac\u0103 este utilizat \u00een echipamente de produc\u021bie, utilaje de construc\u021bii sau sisteme de manipulare a materialelor, cilindrii hidraulici standard cu capac reglabil \u0219i tij\u0103 u\u0219oar\u0103 ofer\u0103 o func\u021bionare fiabil\u0103 \u0219i eficient\u0103, ceea ce \u00eei face valoro\u0219i pentru optimizarea productivit\u0103\u021bii.<\/p>\n<p>Caracteristicile esen\u021biale ale cilindrului hidraulic cu tij\u0103 u\u0219oar\u0103:<\/p>\n<p><strong>Design reglabil al capacului<\/strong>Cilindrul are un capac reglabil, permi\u021b\u00e2nd personalizare \u0219i adaptabilitate u\u0219oar\u0103. Capacul reglabil ofer\u0103 flexibilitatea de a regla fin lungimea cursei, fiind potrivit pentru diverse aplica\u021bii cu cerin\u021be diferite ale cursei.<\/p>\n<p><strong>Construc\u021bie u\u0219oar\u0103 a tijei de trac\u021biune<\/strong>Construc\u021bia u\u0219oar\u0103 a tijei de piston este realizat\u0103 din materiale u\u0219oare, cum ar fi aluminiu sau tije de piston compozite. Aceast\u0103 structur\u0103 reduce greutatea total\u0103 a cilindrului, rezult\u00e2nd o mi\u0219care mai rapid\u0103, o eficien\u021b\u0103 energetic\u0103 \u00eembun\u0103t\u0103\u021bit\u0103 \u0219i costuri de operare mai mici.<\/p>\n<p><strong>Precizie \u0219i stabilitate ridicate<\/strong>Cilindrul hidraulic standard cu tij\u0103 u\u0219oar\u0103, tip capac reglabil, este conceput pentru a oferi o precizie ridicat\u0103 \u0219i o mi\u0219care liniar\u0103 stabil\u0103. Acesta asigur\u0103 o pozi\u021bionare precis\u0103, o mi\u0219care lin\u0103 \u0219i o repetabilitate excelent\u0103, fiind ideal pentru aplica\u021bii care necesit\u0103 control precis \u0219i fiabilitate.<\/p>\n<h2><strong>Parametrul cilindrului hidraulic standard cu capac reglabil, tip tij\u0103 u\u0219oar\u0103:<\/strong><\/h2>\n<p><img loading=\"lazy\" decoding=\"async\" class=\"alignnone size-full wp-image-318752\" src=\"https:\/\/hzpt.com\/wp-content\/uploads\/2023\/08\/standard-with-adjustable-cap-type-light-pull-rod-hydraulic-cylinder-3.webp\" alt=\"\" width=\"790\" height=\"320\" \/><\/p>\n<h2><strong>Standard cu cilindru hidraulic cu tij\u0103 de lumin\u0103 cu capac reglabil <\/strong><strong>Metod\u0103 de utilizare<\/strong><strong>:<\/strong><\/h2>\n<p><strong>Instalare \u0219i conectare:<\/strong> Instala\u021bi cilindrul \u00een siguran\u021b\u0103 \u00een pozi\u021bie folosind consolele sau dispozitivele de fixare specificate. Asigura\u021bi o instalare stabil\u0103 \u0219i o aliniere corect\u0103. Urma\u021bi instruc\u021biunile \u0219i instruc\u021biunile produc\u0103torului pentru a conecta conductele hidraulice la orificiile cilindrului.<\/p>\n<p><strong>Reglarea capacului:<\/strong> Func\u021bia capacului reglabil seteaz\u0103 lungimea dorit\u0103 a cursei. Folosi\u021bi unealta sau cheia furnizat\u0103 pentru a sl\u0103bi capacul, regla\u021bi capacul la cursa selectat\u0103 \u0219i apoi str\u00e2nge\u021bi-l.<\/p>\n<p><strong>Integrarea sistemului hidraulic:<\/strong> Cilindrul este integrat \u00een sistemul hidraulic prin conectarea acestuia la o pomp\u0103 hidraulic\u0103 sau la o unitate de alimentare adecvat\u0103. Asigura\u021bi-v\u0103 c\u0103 sunt \u00eendeplinite specifica\u021biile \u0219i cerin\u021bele de func\u021bionare ale cilindrului.<\/p>\n<p><strong>Control \u0219i func\u021bionare:<\/strong> Folosi\u021bi supapa de control pentru a regla debitul de ulei hidraulic care intr\u0103 \u0219i iese din cilindru. Ajusta\u021bi set\u0103rile de control pentru a ob\u021bine mi\u0219carea liniar\u0103 \u0219i for\u021ba de ie\u0219ire dorite. Testa\u021bi mi\u0219carea cilindrului pentru a verifica func\u021bionarea \u0219i r\u0103spunsul acestuia.<\/p>\n<h2><strong>Standard cu cilindru hidraulic cu tij\u0103 de lumin\u0103 cu capac reglabil <\/strong><strong>\u00centre\u0163inere<\/strong><strong>:<\/strong><\/h2>\n<p>\u00centre\u021binerea regulat\u0103 este esen\u021bial\u0103 pentru a asigura performan\u021be optime \u0219i a prelungi durata de via\u021b\u0103 a cilindrului hidraulic cu tij\u0103 u\u0219oar\u0103 standard cu capac reglabil. Iat\u0103 c\u00e2teva instruc\u021biuni de \u00eentre\u021binere:<\/p>\n<ol>\n<li><strong>Inspec\u021bie regulat\u0103<\/strong>Efectua\u021bi inspec\u021bii periodice pentru a identifica semne de uzur\u0103, deteriorare sau scurgeri. Verifica\u021bi corpul cilindrului, tija, garniturile \u0219i alte componente pentru anomalii. Remedia\u021bi prompt orice problem\u0103 pentru a preveni accidente ulterioare sau ineficien\u021be opera\u021bionale.<\/li>\n<li><strong>Lubrifiere<\/strong>Aplica\u021bi lubrifiantul recomandat pe piesele mobile ale cilindrului, inclusiv pe tij\u0103 \u0219i garnituri. Lubrifierea regulat\u0103 minimizeaz\u0103 frecarea, reduce uzura \u0219i asigur\u0103 o func\u021bionare lin\u0103. Urma\u021bi instruc\u021biunile produc\u0103torului pentru intervalele de lubrifiere adecvate \u0219i tipul de lubrifiant.<\/li>\n<li><strong>\u00cenlocuirea garniturii<\/strong>Dac\u0103 observa\u021bi deteriorarea sau scurgerile garniturilor, \u00eenlocui\u021bi garniturile folosind piese originale aprobate de produc\u0103tor. Garniturile incorecte sau uzate pot compromite performan\u021ba cilindrului \u0219i pot duce la scurgeri de fluid hidraulic.<\/li>\n<li><strong>Cur\u0103\u021benie<\/strong>Cur\u0103\u021ba\u021bi cilindrul prin \u00eendep\u0103rtarea murd\u0103riei, a resturilor \u0219i a altor contaminan\u021bi. Folosi\u021bi un produs de cur\u0103\u021bare neabraziv \u0219i asigura\u021bi-v\u0103 c\u0103 toate componentele sunt uscate complet \u00eenainte de reasamblare. Un cilindru curat promoveaz\u0103 performan\u021be optime \u0219i previne uzura prematur\u0103 sau deteriorarea.<\/li>\n<\/ol>\n<h2><strong>Cum se \u00eenlocuiesc garniturile cilindrului hidraulic?<\/strong><\/h2>\n<p>\u00cenlocuirea garniturilor cilindrului hidraulic este o sarcin\u0103 care necesit\u0103 precizie \u0219i aten\u021bie la detalii. Iat\u0103 un ghid pas cu pas despre cum se \u00eenlocuiesc garniturile cilindrului hidraulic:<\/p>\n<ol>\n<li><strong>Siguran\u021ba pe primul loc:<\/strong> \u00cenainte de a \u00eencepe orice lucrare de \u00eentre\u021binere la cilindrii hidraulici, asigura\u021bi-v\u0103 c\u0103 sistemul este depresurizat \u0219i c\u0103 echipamentul este fixat \u00een siguran\u021b\u0103 pentru a preveni mi\u0219carea accidental\u0103.<\/li>\n<li><strong>Identifica\u021bi problema:<\/strong> Determina\u021bi ce garnituri trebuie \u00eenlocuite. Semnele frecvente ale defec\u021biunii garniturilor includ scurgeri, performan\u021b\u0103 redus\u0103 sau deteriorarea vizibil\u0103 a garniturilor.<\/li>\n<li><strong>Adun\u0103 instrumentele necesare:<\/strong> Preg\u0103ti\u021bi uneltele de care ve\u021bi avea nevoie pentru \u00eenlocuirea garniturilor, inclusiv un kit de garnituri care con\u021bine noile garnituri, inele de fixare, inele O, un cle\u0219te de etan\u0219are sau o \u0219urubelni\u021b\u0103 mic\u0103, un instrument sau o cheie de instalare a garniturilor \u0219i o c\u00e2rp\u0103 sau o c\u00e2rp\u0103 curat\u0103.<\/li>\n<li><strong>Demontare:<\/strong> Demonta\u021bi cu grij\u0103 cilindrul hidraulic. \u00cencepe\u021bi prin a scoate orice componente externe, cum ar fi suporturile de montare sau capacele. Apoi, scoate\u021bi chiulasa sau capacul pentru a accesa garniturile. V\u0103 rug\u0103m s\u0103 re\u021bine\u021bi ordinea \u0219i orientarea componentelor pe m\u0103sur\u0103 ce le demonta\u021bi.<\/li>\n<li><strong>\u00cendep\u0103rta\u021bi sigiliile vechi:<\/strong> Scoate\u021bi u\u0219or garniturile vechi din canelurile lor folosind un cle\u0219te de etan\u0219are sau o \u0219urubelni\u021b\u0103 mic\u0103. Ave\u021bi grij\u0103 s\u0103 nu zg\u00e2ria\u021bi sau deteriora\u021bi pere\u021bii cilindrului sau alte componente.<\/li>\n<li><strong>Cur\u0103\u021bare \u0219i inspec\u021bie:<\/strong> Cur\u0103\u021ba\u021bi temeinic alezajul cilindrului \u0219i toate componentele pentru a \u00eendep\u0103rta murd\u0103ria, resturile sau resturile vechi de etan\u0219are. Inspecta\u021bi alezajul cilindrului \u0219i alte piese pentru a depista orice semne de deteriorare sau uzur\u0103. Dac\u0103 se detecteaz\u0103 vreo deteriorare, poate fi necesar s\u0103 consulta\u021bi un profesionist \u00een hidraulic\u0103 pentru o evaluare suplimentar\u0103.<\/li>\n<li><strong>Instala\u021bi garnituri noi:<\/strong> Unge\u021bi noile garnituri cu ulei hidraulic sau cu un lubrifiant de etan\u0219are compatibil pentru a facilita instalarea. A\u0219eza\u021bi cu grij\u0103 noile garnituri \u00een canelurile lor, asigur\u00e2nd orientarea \u0219i alinierea corect\u0103. Folosi\u021bi un instrument de instalare a garniturilor sau o cheie tubular\u0103 pentru a ap\u0103sa garniturile \u00een pozi\u021bie. Ave\u021bi grij\u0103 s\u0103 nu deteriora\u021bi garniturile \u00een timpul instal\u0103rii.<\/li>\n<li><strong>Reasamblare:<\/strong> Dup\u0103 ce noile garnituri sunt montate, reasambla\u021bi cilindrul hidraulic \u00een ordine invers\u0103 dezasambl\u0103rii. Acorda\u021bi aten\u021bie plas\u0103rii corecte a inelelor de re\u021binere, a inelelor O \u0219i a altor componente. Asigura\u021bi-v\u0103 c\u0103 toate conexiunile sunt str\u00e2nse corect conform specifica\u021biilor produc\u0103torului.<\/li>\n<li><strong>Testare \u0219i verificare pentru scurgeri:<\/strong> Dup\u0103 reasamblare, inspecta\u021bi cu aten\u021bie cilindrul pentru a asigura o instalare corect\u0103. Presuriza\u021bi \u00eencet sistemul hidraulic \u0219i verifica\u021bi dac\u0103 exist\u0103 semne de scurgeri. Dac\u0103 se detecteaz\u0103 scurgeri, depana\u021bi \u0219i remedia\u021bi problema prompt.<\/li>\n<li><strong>S\u00e2ngerare sistemic\u0103:<\/strong> Dac\u0103 este necesar, aerisi\u021bi sistemul hidraulic pentru a elimina orice aer care ar fi putut p\u0103trunde \u00een timpul procesului de \u00eenlocuire a garniturii. Urma\u021bi recomand\u0103rile produc\u0103torului sau consulta\u021bi un profesionist \u00een hidraulic\u0103 pentru procedurile corecte de aerisire.<\/li>\n<\/ol>\n<h2><strong>Capabilitatea \u0219i capacitatea fabricii:<\/strong><\/h2>\n<h3>(1) Montaj<\/h3>\n<p>Avem o platform\u0103 de asamblare independent\u0103 de cercetare \u0219i dezvoltare de prim\u0103 clas\u0103. Atelierul de produc\u021bie a cilindrilor hidraulici are patru linii de asamblare semiautomate pentru cilindri de ridicare \u0219i o linie de asamblare automat\u0103 a cilindrilor de \u00eenclinare, cu o capacitate de produc\u021bie anual\u0103 proiectat\u0103 de 1 milion de buc\u0103\u021bi. Atelierul de cilindri speciali este echipat cu diverse specifica\u021bii ale unui sistem de asamblare semi-automat de cur\u0103\u021bare, cu o capacitate de produc\u021bie anual\u0103 proiectat\u0103 de 200.000 \u0219i dotat cu echipamente celebre de prelucrare CNC, un centru de prelucrare, un echipament special de prelucrare a cilindrilor de \u00eenalt\u0103 precizie, o ma\u0219in\u0103 de sudur\u0103 robotizat\u0103, o ma\u0219in\u0103 de cur\u0103\u021bare automat\u0103, o ma\u0219in\u0103 de asamblare automat\u0103 a cilindrilor \u0219i o linie de produc\u021bie automat\u0103 de vopsire. Echipamente critice existente de peste 300 de seturi (seturi). Alocarea optim\u0103 \u0219i utilizarea eficient\u0103 a resurselor de echipamente asigur\u0103 cerin\u021bele de precizie ale produselor \u0219i satisface nevoile de \u00eenalt\u0103 calitate ale produselor.<\/p>\n<p><img loading=\"lazy\" decoding=\"async\" class=\"alignnone wp-image-626\" src=\"https:\/\/hydraulic-cylinders.net\/wp-content\/uploads\/2023\/08\/hydraulic-cylinder-product-1-300x158.webp\" alt=\"\" width=\"495\" height=\"260\" srcset=\"https:\/\/hydraulic-cylinders.net\/wp-content\/uploads\/2023\/08\/hydraulic-cylinder-product-1-300x158.webp 495w, https:\/\/hydraulic-cylinders.net\/wp-content\/uploads\/2023\/08\/hydraulic-cylinder-product-1-480x252.webp 480w\" sizes=\"(min-width: 0px) and (max-width: 480px) 480px, (min-width: 481px) 495px, 100vw\" \/> <img loading=\"lazy\" decoding=\"async\" class=\"alignnone wp-image-627\" src=\"https:\/\/hydraulic-cylinders.net\/wp-content\/uploads\/2023\/08\/hydraulic-cylinder-product-2-300x189.webp\" alt=\"\" width=\"413\" height=\"260\" \/><\/p>\n<h3>(2) Prelucrare<\/h3>\n<p>Atelierul de prelucrare este echipat cu un centru de strunjire cu \u0219in\u0103 \u00eenclinat\u0103 personalizat, un centru de prelucrare, o ma\u0219in\u0103 de honuire de mare vitez\u0103, un robot de sudur\u0103 \u0219i alte echipamente conexe, care pot gestiona prelucrarea tuburilor cilindrice cu un diametru interior maxim de 400 mm \u0219i o lungime maxim\u0103 de 6 metri.<\/p>\n<p><img loading=\"lazy\" decoding=\"async\" class=\"alignnone wp-image-628 size-large\" src=\"https:\/\/hydraulic-cylinders.net\/wp-content\/uploads\/2023\/08\/hydraulic-cylinder-product-3-1024x391.webp\" alt=\"\" width=\"1024\" height=\"391\" srcset=\"https:\/\/hydraulic-cylinders.net\/wp-content\/uploads\/2023\/08\/hydraulic-cylinder-product-3-980x374.webp 980w, https:\/\/hydraulic-cylinders.net\/wp-content\/uploads\/2023\/08\/hydraulic-cylinder-product-3-480x183.webp 480w\" sizes=\"(min-width: 0px) and (max-width: 480px) 480px, (min-width: 481px) and (max-width: 980px) 980px, (min-width: 981px) 1024px, 100vw\" \/><\/p>\n<h3>(3) Sudur\u0103<\/h3>\n<p><img loading=\"lazy\" decoding=\"async\" class=\"alignnone wp-image-629 size-large\" src=\"https:\/\/hydraulic-cylinders.net\/wp-content\/uploads\/2023\/08\/hydraulic-cylinder-product-4-1024x510.webp\" alt=\"\" width=\"1024\" height=\"510\" srcset=\"https:\/\/hydraulic-cylinders.net\/wp-content\/uploads\/2023\/08\/hydraulic-cylinder-product-4-980x488.webp 980w, https:\/\/hydraulic-cylinders.net\/wp-content\/uploads\/2023\/08\/hydraulic-cylinder-product-4-480x239.webp 480w\" sizes=\"(min-width: 0px) and (max-width: 480px) 480px, (min-width: 481px) and (max-width: 980px) 980px, (min-width: 981px) 1024px, 100vw\" \/><\/p>\n<h3>(4) Vopsire \u0219i acoperire<\/h3>\n<p>Cu linii automate de acoperire cu vopsea pe baz\u0103 de ap\u0103 cu cilindru de dimensiuni mici \u0219i medii, pentru a realiza \u00eenc\u0103rcarea \u0219i desc\u0103rcarea automat\u0103 a robotului \u0219i pulverizarea automat\u0103, capacitatea de proiectare de 4000 de buc\u0103\u021bi pe schimb;<br \/>\nAvem, de asemenea, o linie de produc\u021bie semi-automat\u0103 de vopsire pentru cilindri mari, ac\u021bionat\u0103 de un lan\u021b de putere, cu o capacitate de proiectare de 60 de cutii pe schimb.<\/p>\n<p><img loading=\"lazy\" decoding=\"async\" class=\"alignnone wp-image-630\" src=\"https:\/\/hydraulic-cylinders.net\/wp-content\/uploads\/2023\/08\/hydraulic-cylinder-product-5-300x213.webp\" alt=\"\" width=\"366\" height=\"260\" \/> <img loading=\"lazy\" decoding=\"async\" class=\"alignnone wp-image-631\" src=\"https:\/\/hydraulic-cylinders.net\/wp-content\/uploads\/2023\/08\/hydraulic-cylinder-product-6-300x225.webp\" alt=\"\" width=\"347\" height=\"260\" \/><\/p>\n<h3>(5) Testarea<\/h3>\n<p>Dispunem de instala\u021bii de inspec\u021bie \u0219i bancuri de testare de prim\u0103 clas\u0103 pentru a ne asigura c\u0103 performan\u021ba cilindrului \u00eendepline\u0219te cerin\u021bele.<\/p>\n<p><img loading=\"lazy\" decoding=\"async\" class=\"alignnone wp-image-632\" src=\"https:\/\/hydraulic-cylinders.net\/wp-content\/uploads\/2023\/08\/hydraulic-cylinder-product-8-300x200.webp\" alt=\"\" width=\"389\" height=\"260\" \/><\/p>\n<p>&nbsp;<\/p>\n<p>&nbsp;<\/p>\n<p>Suntem unul dintre cei mai buni produc\u0103tori de cilindri hidraulici cu tij\u0103 u\u0219oar\u0103. Putem oferi \u00een stoc cilindri hidraulici cu tij\u0103 u\u0219oar\u0103 lat\u0103. De asemenea, oferim corespunz\u0103toare <a href=\"https:\/\/hzpt.com\/agricultural-pto-gearbox\/\" target=\"_blank\" rel=\"noopener\">cutii de viteze agricole<\/a>Ne-am exportat produsele c\u0103tre clien\u021bi din \u00eentreaga lume \u0219i ne-am c\u00e2\u0219tigat o bun\u0103 reputa\u021bie datorit\u0103 calit\u0103\u021bii superioare a produselor noastre \u0219i a serviciilor post-v\u00e2nzare. \u00cei invit\u0103m pe clien\u021bii din \u021bar\u0103 \u0219i din str\u0103in\u0103tate s\u0103 ne contacteze pentru a negocia afaceri, a face schimb de informa\u021bii \u0219i... <a href=\"https:\/\/www.hydraulic-cylinders.net\/ro\/contact-us\/\">s\u0103 coopereze cu noi<\/a>!<\/p>\n<h2><\/h2>","protected":false},"excerpt":{"rendered":"<p>Standard With Adjustable Cap Type Light Rod Hydraulic Cylinder The standard with adjustable cap type light rod hydraulic cylinder is a cutting-edge hydraulic cylinder designed to meet the demands of various industrial applications. With its adjustable cap and light pull rod construction, this cylinder offers superior performance, durability, and ease of use. Whether used in [&hellip;]<\/p>","protected":false},"featured_media":876,"comment_status":"open","ping_status":"closed","template":"","meta":{"_et_pb_use_builder":"","_et_pb_old_content":"","_et_gb_content_width":""},"product_brand":[],"product_cat":[1550,1525,1509,1376,1387],"product_tag":[1380],"class_list":{"0":"post-852","1":"product","2":"type-product","3":"status-publish","4":"has-post-thumbnail","6":"product_cat-double-acting-hydraulic-cylinder","7":"product_cat-machine-tool-hydraulic-cylinders","8":"product_cat-tie-rod-hydraulic-cylinder","9":"product_cat-hydraulic-cylinder","10":"product_cat-light-rod-hydraulic-cylinder","11":"product_tag-hydraulic-cylinder","13":"first","14":"instock","15":"shipping-taxable","16":"product-type-simple"},"amp_enabled":true,"_links":{"self":[{"href":"https:\/\/www.hydraulic-cylinders.net\/ro\/wp-json\/wp\/v2\/product\/852","targetHints":{"allow":["GET"]}}],"collection":[{"href":"https:\/\/www.hydraulic-cylinders.net\/ro\/wp-json\/wp\/v2\/product"}],"about":[{"href":"https:\/\/www.hydraulic-cylinders.net\/ro\/wp-json\/wp\/v2\/types\/product"}],"replies":[{"embeddable":true,"href":"https:\/\/www.hydraulic-cylinders.net\/ro\/wp-json\/wp\/v2\/comments?post=852"}],"wp:featuredmedia":[{"embeddable":true,"href":"https:\/\/www.hydraulic-cylinders.net\/ro\/wp-json\/wp\/v2\/media\/876"}],"wp:attachment":[{"href":"https:\/\/www.hydraulic-cylinders.net\/ro\/wp-json\/wp\/v2\/media?parent=852"}],"wp:term":[{"taxonomy":"product_brand","embeddable":true,"href":"https:\/\/www.hydraulic-cylinders.net\/ro\/wp-json\/wp\/v2\/product_brand?post=852"},{"taxonomy":"product_cat","embeddable":true,"href":"https:\/\/www.hydraulic-cylinders.net\/ro\/wp-json\/wp\/v2\/product_cat?post=852"},{"taxonomy":"product_tag","embeddable":true,"href":"https:\/\/www.hydraulic-cylinders.net\/ro\/wp-json\/wp\/v2\/product_tag?post=852"}],"curies":[{"name":"wp","href":"https:\/\/api.w.org\/{rel}","templated":true}]}}