{"id":908,"date":"2023-09-04T01:34:30","date_gmt":"2023-09-04T01:34:30","guid":{"rendered":"https:\/\/hydraulic-cylinders.net\/?post_type=product&#038;p=908"},"modified":"2023-09-19T01:27:18","modified_gmt":"2023-09-19T01:27:18","slug":"tc-middle-trunnion-type-heavy-rod-hydraulic-cylinder","status":"publish","type":"product","link":"https:\/\/www.hydraulic-cylinders.net\/ro\/produs\/tc-middle-trunnion-type-heavy-rod-hydraulic-cylinder\/","title":{"rendered":"TC Cilindru hidraulic cu tij\u0103 grea de tip trunnion mijlociu TC"},"content":{"rendered":"<h1 style=\"text-align: center;\"><strong>TC Cilindru hidraulic cu tij\u0103 grea de tip trunnion mijlociu TC<\/strong><\/h1>\n<p>Cilindrul hidraulic cu tij\u0103 grea de tip trunnion intermediar TC este un element hidraulic de \u00eenalt\u0103 performan\u021b\u0103 conceput pentru diverse aplica\u021bii industriale. Cu construc\u021bia sa robust\u0103, for\u021ba superioar\u0103 de ie\u0219ire \u0219i designul versatil, acest cilindru hidraulic este conceput pentru a satisface cerin\u021bele exigente ale sarcinilor grele. De la echipamente de manipulare a materialelor la utilaje de construc\u021bii, cilindrii hidraulici cu tij\u0103 grea de tip trunnion intermediar TC ofer\u0103 puterea, precizia \u0219i fiabilitatea necesare pentru optimizarea opera\u021biunilor industriale.<\/p>\n<p>Caracteristicile esen\u021biale ale cilindrului hidraulic cu tij\u0103 grea:<\/p>\n<p><strong>Construc\u021bie robust\u0103:<\/strong>\u00a0 Cilindrii hidraulici cu tij\u0103 grea de tip trunnion intermediar TC sunt fabrica\u021bi din materiale durabile, cum ar fi o\u021belul de \u00eenalt\u0103 calitate sau aliajele, asigur\u00e2ndu-se c\u0103 pot rezista la sarcini mari, presiuni extreme \u0219i condi\u021bii de mediu dificile. Construc\u021bia robust\u0103 garanteaz\u0103 durabilitate de lung\u0103 durat\u0103 \u0219i rezisten\u021b\u0103 la uzur\u0103, coroziune \u0219i deteriorare.<\/p>\n<p><strong>For\u021b\u0103 de ie\u0219ire mare:<\/strong>\u00a0 Acest cilindru hidraulic este conceput pentru a oferi o for\u021b\u0103 superioar\u0103, fiind ideal pentru aplica\u021bii care implic\u0103 ridicarea, \u00eempingerea sau tragerea de obiecte grele. Diametrul mare al pistonului \u0219i capacitatea de presiune ridicat\u0103 \u00eei confer\u0103 puterea necesar\u0103 pentru a gestiona cu u\u0219urin\u021b\u0103 sarcini dificile.<\/p>\n<p><strong>Montare trunnion intermediar:<\/strong>\u00a0 Cilindrul hidraulic cu tij\u0103 grea de tip TC cu pivot central dispune de un sistem de montare pe pivotul central pentru flexibilitate \u0219i instalare u\u0219oar\u0103. Montarea pe pivotul intermediar permite integrarea sigur\u0103 \u00een diverse sisteme hidraulice \u0219i configura\u021bii de echipamente.<\/p>\n<p><strong>Control precis:<\/strong>\u00a0 Echipat cu componente prelucrate cu precizie \u0219i etan\u0219\u0103ri de \u00eenalt\u0103 calitate, acest cilindru hidraulic asigur\u0103 o func\u021bionare precis\u0103 \u0219i fiabil\u0103. Ofer\u0103 un control precis asupra \u00eenc\u0103rc\u0103turilor \u00een mi\u0219care \u0219i pozi\u021bionare, permi\u021b\u00e2nd o procesare eficient\u0103 \u0219i precis\u0103.<\/p>\n<p><img loading=\"lazy\" decoding=\"async\" class=\"size-full wp-image-909 aligncenter\" src=\"https:\/\/hydraulic-cylinders.net\/wp-content\/uploads\/2023\/09\/tc-middle-trunnion-type-heavy-rod-hydraulic-cylinder-2.webp\" alt=\"\" width=\"282\" height=\"282\" srcset=\"https:\/\/www.hydraulic-cylinders.net\/wp-content\/uploads\/2023\/09\/tc-middle-trunnion-type-heavy-rod-hydraulic-cylinder-2.webp 282w, https:\/\/www.hydraulic-cylinders.net\/wp-content\/uploads\/2023\/09\/tc-middle-trunnion-type-heavy-rod-hydraulic-cylinder-2-100x100.webp 100w, https:\/\/www.hydraulic-cylinders.net\/wp-content\/uploads\/2023\/09\/tc-middle-trunnion-type-heavy-rod-hydraulic-cylinder-2-150x150.webp 150w, https:\/\/www.hydraulic-cylinders.net\/wp-content\/uploads\/2023\/09\/tc-middle-trunnion-type-heavy-rod-hydraulic-cylinder-2-12x12.webp 12w\" sizes=\"(max-width: 282px) 100vw, 282px\" \/><\/p>\n<h2><strong>Parametrul cilindrului hidraulic cu tij\u0103 grea, tip trunnion intermediar TC:<\/strong><\/h2>\n<p><img loading=\"lazy\" decoding=\"async\" class=\"alignnone wp-image-910 size-full\" src=\"https:\/\/hydraulic-cylinders.net\/wp-content\/uploads\/2023\/09\/tc-middle-trunnion-type-heavy-rod-hydraulic-cylinder-1.webp\" alt=\"\" width=\"790\" height=\"687\" srcset=\"https:\/\/hydraulic-cylinders.net\/wp-content\/uploads\/2023\/09\/tc-middle-trunnion-type-heavy-rod-hydraulic-cylinder-1.webp 790w, https:\/\/hydraulic-cylinders.net\/wp-content\/uploads\/2023\/09\/tc-middle-trunnion-type-heavy-rod-hydraulic-cylinder-1-480x417.webp 480w\" sizes=\"(min-width: 0px) and (max-width: 480px) 480px, (min-width: 481px) 790px, 100vw\" \/><\/p>\n<h2><strong>TC Cilindru hidraulic cu tij\u0103 grea de tip trunnion mijlociu TC <\/strong><strong>Metod\u0103 de utilizare<\/strong><strong>:<\/strong><\/h2>\n<p><strong>Montare:<\/strong>\u00a0 Mai \u00eent\u00e2i, cilindrul hidraulic cu tij\u0103 grea de tip trunnion intermediar TC este instalat \u00een siguran\u021b\u0103 \u00een pozi\u021bia desemnat\u0103 folosind consolele sau dispozitivele de fixare corespunz\u0103toare. Asigura\u021bi o aliniere \u0219i o stabilitate corecte \u00een timpul instal\u0103rii pentru a preveni nealinierea sau solicitarea cilindrului.<\/p>\n<p><strong>Integrarea sistemului hidraulic:<\/strong>\u00a0 Urma\u021bi instruc\u021biunile \u0219i instruc\u021biunile produc\u0103torului pentru a conecta conductele hidraulice la orificiile cilindrului. Cilindrul este integrat \u00een sistemul hidraulic prin conectarea acestuia la o pomp\u0103 sau unitate de alimentare adecvat\u0103. Asigura\u021bi-v\u0103 c\u0103 sunt \u00eendeplinite specifica\u021biile cilindrului \u0219i cerin\u021bele de func\u021bionare.<\/p>\n<p><strong>Control \u0219i func\u021bionare:<\/strong>\u00a0 Supapa de control din sistemul hidraulic este utilizat\u0103 pentru a regla debitul de ulei hidraulic \u00een \u0219i din cilindru. Ajusta\u021bi set\u0103rile de control \u00een func\u021bie de mi\u0219carea liniar\u0103 \u0219i for\u021ba de ie\u0219ire dorite. Testa\u021bi mi\u0219carea cilindrului pentru a verifica func\u021bionarea \u0219i capacitatea de reac\u021bie a acestuia.<\/p>\n<h2><strong>TC Cilindru hidraulic cu tij\u0103 grea de tip trunnion mijlociu TC <\/strong><strong>\u00centre\u0163inere<\/strong><strong>:<\/strong><\/h2>\n<p>\u00centre\u021binerea regulat\u0103 este esen\u021bial\u0103 pentru a asigura performan\u021ba optim\u0103 \u0219i longevitatea cilindrului hidraulic cu tij\u0103 grea de tip trunnion intermediar TC. Iat\u0103 c\u00e2teva sfaturi de \u00eentre\u021binere de urmat:<\/p>\n<p><strong>Inspec\u021bie periodic\u0103:<\/strong> Efectua\u021bi inspec\u021bii de rutin\u0103 pentru a identifica orice semne de uzur\u0103, deteriorare sau scurgeri. Inspecta\u021bi corpul cilindrului, tija pistonului, garniturile \u0219i alte componente pentru anomalii. Remedia\u021bi prompt orice problem\u0103 pentru a preveni accidente ulterioare sau ineficien\u021be opera\u021bionale.<\/p>\n<p><strong>Lubrifiere:<\/strong> Aplica\u021bi lubrifiantul recomandat pe piesele mobile ale cilindrului, inclusiv pe tij\u0103 \u0219i garnituri. Lubrifierea regulat\u0103 minimizeaz\u0103 frecarea, reduce uzura \u0219i asigur\u0103 o func\u021bionare lin\u0103. Urma\u021bi instruc\u021biunile produc\u0103torului privind intervalele de lubrifiere \u0219i utiliza\u021bi tipul de lubrifiant corespunz\u0103tor.<\/p>\n<p><strong>\u00cenlocuirea garniturii:<\/strong> Dac\u0103 observa\u021bi deteriorarea sau scurgerile garniturilor, \u00eenlocui\u021bi garniturile folosind piese originale aprobate de produc\u0103tor. Garniturile deteriorate sau uzate pot compromite performan\u021ba cilindrului \u0219i pot duce la scurgeri de fluid hidraulic.<\/p>\n<p><strong>Cur\u0103\u021bare:<\/strong> Cur\u0103\u021ba\u021bi cilindrul prin \u00eendep\u0103rtarea murd\u0103riei, a resturilor \u0219i a altor contaminan\u021bi. Folosi\u021bi un produs de cur\u0103\u021bare neabraziv \u0219i asigura\u021bi-v\u0103 c\u0103 toate componentele sunt uscate complet \u00eenainte de reasamblare. Cur\u0103\u021barea regulat\u0103 promoveaz\u0103 performan\u021be optime \u0219i previne uzura prematur\u0103 sau deteriorarea.<\/p>\n<h2><strong>Cum se demonteaz\u0103 un cilindru hidraulic?<\/strong><\/h2>\n<p>Demontarea unui cilindru hidraulic necesit\u0103 o demontare atent\u0103 pentru a evita deteriorarea componentelor. Iat\u0103 un ghid pas cu pas despre cum se demonteaz\u0103 un cilindru hidraulic:<\/p>\n<ol>\n<li><strong>M\u0103suri de siguran\u021b\u0103<\/strong>\u00cenainte de a \u00eencepe orice lucrare la cilindrii hidraulici, asigura\u021bi-v\u0103 c\u0103 sistemul este depresurizat \u0219i c\u0103 echipamentul este fixat \u00een siguran\u021b\u0103 pentru a preveni mi\u0219carea accidental\u0103. Purta\u021bi echipament individual de protec\u021bie (EIP) adecvat, cum ar fi m\u0103nu\u0219i \u0219i ochelari de protec\u021bie.<\/li>\n<li><strong>Identifica\u021bi cilindrul<\/strong>Determina\u021bi tipul \u0219i designul cilindrului hidraulic cu care lucra\u021bi. Cilindrii diferi\u021bi pot avea proceduri de dezasamblare diferite, a\u0219adar consulta\u021bi documenta\u021bia sau instruc\u021biunile produc\u0103torului pentru modelul cilindrului dumneavoastr\u0103.<\/li>\n<li><strong>Demontarea cilindrului<\/strong>Deconecta\u021bi toate conductele hidraulice conectate la cilindru. \u00cendep\u0103rta\u021bi orice componente externe, cum ar fi suporturile de montare sau capacele, care pot obstruc\u021biona accesul la cilindru.<\/li>\n<li><strong>Goli\u021bi fluidul hidraulic<\/strong>A\u0219eza\u021bi un recipient adecvat sub cilindru pentru a colecta lichidul hidraulic scurs \u00een timpul dezasambl\u0103rii. Goli\u021bi cu grij\u0103 lichidul prin sl\u0103birea fitingurilor sau prin scoaterea dopurilor de golire.<\/li>\n<li><strong>Dezasambla\u021bi capacele de cap\u0103t<\/strong>Identifica\u021bi capacele de cap\u0103t ale cilindrului, de obicei situate la fiecare cap\u0103t al cilindrului. Scoate\u021bi orice \u0219uruburi, \u0219uruburi de fixare sau elemente de fixare care fixeaz\u0103 capacele de cap\u0103t. Lovi\u021bi u\u0219or capacele de cap\u0103t cu un ciocan de cauciuc pentru a le sl\u0103bi, dac\u0103 este necesar.<\/li>\n<li><strong>Capace de cap\u0103t separate<\/strong>Dup\u0103 ce elementele de fixare ale capacelor de cap\u0103t sunt \u00eendep\u0103rtate, scoate\u021bi cu grij\u0103 capacele de cap\u0103t folosind o levier\u0103 sau un ciocan cu fa\u021b\u0103 moale. Re\u021bine\u021bi orientarea \u0219i ordinea oric\u0103ror componente din interiorul cilindrului pe m\u0103sur\u0103 ce \u00eel dezasambla\u021bi.<\/li>\n<li><strong>Demonta\u021bi ansamblul pistonului<\/strong>Odat\u0103 ce capacele de cap\u0103t sunt \u00eendep\u0103rtate, ansamblul pistonului ar trebui s\u0103 fie accesibil. Glisa\u021bi pistonul afar\u0103 din alezajul cilindrului, f\u0103r\u0103 a deteriora pistonul sau pere\u021bii cilindrului. Dac\u0103 pistonul este \u00eenc\u0103p\u0103\u021b\u00e2nat, aplica\u021bi un lubrifiant adecvat \u0219i folosi\u021bi o for\u021b\u0103 u\u0219oar\u0103 pentru a facilita scoaterea acestuia.<\/li>\n<li><strong>Inspecta\u021bi \u0219i cur\u0103\u021ba\u021bi componentele<\/strong>Inspecta\u021bi toate componentele dezasamblate pentru a depista semne de uzur\u0103, deteriorare sau contaminare. Cur\u0103\u021ba\u021bi fiecare pies\u0103 folosind un produs de cur\u0103\u021bare sau un solvent adecvat pentru a \u00eendep\u0103rta murd\u0103ria, resturile sau reziduurile de fluid hidraulic. Usca\u021bi bine componentele \u00eenainte de o inspec\u021bie sau reasamblare ulterioar\u0103.<\/li>\n<li><strong>\u00cenlocui\u021bi piesele uzate sau deteriorate<\/strong>Dac\u0103 vreo component\u0103 prezint\u0103 semne de uzur\u0103 excesiv\u0103 sau deteriorare, aceasta trebuie \u00eenlocuit\u0103 cu una nou\u0103. Consulta\u021bi instruc\u021biunile produc\u0103torului sau solicita\u021bi sfatul unui profesionist pentru a v\u0103 asigura c\u0103 selecta\u021bi piesele de schimb corecte.<\/li>\n<li><strong>Reasamblare<\/strong>Pentru a reasambla cilindrul hidraulic, urma\u021bi ordinea invers\u0103 a dezasambl\u0103rii. Asigura\u021bi-v\u0103 c\u0103 toate componentele sunt aliniate corect \u0219i c\u0103 toate garniturile sau inelele O sunt lubrifiate cu ulei hidraulic sau un lubrifiant compatibil \u00eenainte de instalare. Str\u00e2nge\u021bi elementele de fixare \u0219i fitingurile conform specifica\u021biilor de cuplu recomandate de produc\u0103tor.<\/li>\n<\/ol>\n<h2><strong>Capabilitatea \u0219i capacitatea fabricii:<\/strong><\/h2>\n<h3>(1) Montaj<\/h3>\n<p>Avem o platform\u0103 de asamblare independent\u0103 de cercetare \u0219i dezvoltare de prim\u0103 clas\u0103. Atelierul de produc\u021bie a cilindrilor hidraulici are patru linii de asamblare semiautomate pentru cilindri de ridicare \u0219i o linie de asamblare automat\u0103 a cilindrilor de \u00eenclinare, cu o capacitate de produc\u021bie anual\u0103 proiectat\u0103 de 1 milion de buc\u0103\u021bi. Atelierul de cilindri speciali este echipat cu diverse specifica\u021bii ale unui sistem de asamblare semi-automat de cur\u0103\u021bare, cu o capacitate de produc\u021bie anual\u0103 proiectat\u0103 de 200.000 \u0219i dotat cu echipamente celebre de prelucrare CNC, un centru de prelucrare, un echipament special de prelucrare a cilindrilor de \u00eenalt\u0103 precizie, o ma\u0219in\u0103 de sudur\u0103 robotizat\u0103, o ma\u0219in\u0103 de cur\u0103\u021bare automat\u0103, o ma\u0219in\u0103 de asamblare automat\u0103 a cilindrilor \u0219i o linie de produc\u021bie automat\u0103 de vopsire. Echipamente critice existente de peste 300 de seturi (seturi). Alocarea optim\u0103 \u0219i utilizarea eficient\u0103 a resurselor de echipamente asigur\u0103 cerin\u021bele de precizie ale produselor \u0219i satisface nevoile de \u00eenalt\u0103 calitate ale produselor.<\/p>\n<p><img loading=\"lazy\" decoding=\"async\" class=\"alignnone wp-image-626\" src=\"https:\/\/hydraulic-cylinders.net\/wp-content\/uploads\/2023\/08\/hydraulic-cylinder-product-1-300x158.webp\" alt=\"\" width=\"495\" height=\"260\" srcset=\"https:\/\/hydraulic-cylinders.net\/wp-content\/uploads\/2023\/08\/hydraulic-cylinder-product-1-300x158.webp 495w, https:\/\/hydraulic-cylinders.net\/wp-content\/uploads\/2023\/08\/hydraulic-cylinder-product-1-480x252.webp 480w\" sizes=\"(min-width: 0px) and (max-width: 480px) 480px, (min-width: 481px) 495px, 100vw\" \/> <img loading=\"lazy\" decoding=\"async\" class=\"alignnone wp-image-627\" src=\"https:\/\/hydraulic-cylinders.net\/wp-content\/uploads\/2023\/08\/hydraulic-cylinder-product-2-300x189.webp\" alt=\"\" width=\"413\" height=\"260\" \/><\/p>\n<h3>(2) Prelucrare<\/h3>\n<p>Atelierul de prelucrare este echipat cu un centru de strunjire cu \u0219in\u0103 \u00eenclinat\u0103 personalizat, un centru de prelucrare, o ma\u0219in\u0103 de honuire de mare vitez\u0103, un robot de sudur\u0103 \u0219i alte echipamente conexe, care pot gestiona prelucrarea tuburilor cilindrice cu un diametru interior maxim de 400 mm \u0219i o lungime maxim\u0103 de 6 metri.<\/p>\n<p><img loading=\"lazy\" decoding=\"async\" class=\"alignnone wp-image-628 size-large\" src=\"https:\/\/hydraulic-cylinders.net\/wp-content\/uploads\/2023\/08\/hydraulic-cylinder-product-3-1024x391.webp\" alt=\"\" width=\"1024\" height=\"391\" srcset=\"https:\/\/hydraulic-cylinders.net\/wp-content\/uploads\/2023\/08\/hydraulic-cylinder-product-3-980x374.webp 980w, https:\/\/hydraulic-cylinders.net\/wp-content\/uploads\/2023\/08\/hydraulic-cylinder-product-3-480x183.webp 480w\" sizes=\"(min-width: 0px) and (max-width: 480px) 480px, (min-width: 481px) and (max-width: 980px) 980px, (min-width: 981px) 1024px, 100vw\" \/><\/p>\n<h3>(3) Sudur\u0103<\/h3>\n<p><img loading=\"lazy\" decoding=\"async\" class=\"alignnone wp-image-629 size-large\" src=\"https:\/\/hydraulic-cylinders.net\/wp-content\/uploads\/2023\/08\/hydraulic-cylinder-product-4-1024x510.webp\" alt=\"\" width=\"1024\" height=\"510\" srcset=\"https:\/\/hydraulic-cylinders.net\/wp-content\/uploads\/2023\/08\/hydraulic-cylinder-product-4-980x488.webp 980w, https:\/\/hydraulic-cylinders.net\/wp-content\/uploads\/2023\/08\/hydraulic-cylinder-product-4-480x239.webp 480w\" sizes=\"(min-width: 0px) and (max-width: 480px) 480px, (min-width: 481px) and (max-width: 980px) 980px, (min-width: 981px) 1024px, 100vw\" \/><\/p>\n<h3>(4) Vopsire \u0219i acoperire<\/h3>\n<p>Cu linii automate de acoperire cu vopsea pe baz\u0103 de ap\u0103 cu cilindru de dimensiuni mici \u0219i medii, pentru a realiza \u00eenc\u0103rcarea \u0219i desc\u0103rcarea automat\u0103 a robotului \u0219i pulverizarea automat\u0103, capacitatea de proiectare de 4000 de buc\u0103\u021bi pe schimb;<br \/>\nAvem, de asemenea, o linie de produc\u021bie semi-automat\u0103 de vopsire pentru cilindri mari, ac\u021bionat\u0103 de un lan\u021b de putere, cu o capacitate de proiectare de 60 de cutii pe schimb.<\/p>\n<p><img loading=\"lazy\" decoding=\"async\" class=\"alignnone wp-image-630\" src=\"https:\/\/hydraulic-cylinders.net\/wp-content\/uploads\/2023\/08\/hydraulic-cylinder-product-5-300x213.webp\" alt=\"\" width=\"366\" height=\"260\" \/> <img loading=\"lazy\" decoding=\"async\" class=\"alignnone wp-image-631\" src=\"https:\/\/hydraulic-cylinders.net\/wp-content\/uploads\/2023\/08\/hydraulic-cylinder-product-6-300x225.webp\" alt=\"\" width=\"347\" height=\"260\" \/><\/p>\n<h3>(5) Testarea<\/h3>\n<p>Dispunem de instala\u021bii de inspec\u021bie \u0219i bancuri de testare de prim\u0103 clas\u0103 pentru a ne asigura c\u0103 performan\u021ba cilindrului \u00eendepline\u0219te cerin\u021bele.<\/p>\n<p><img loading=\"lazy\" decoding=\"async\" class=\"alignnone wp-image-632\" src=\"https:\/\/hydraulic-cylinders.net\/wp-content\/uploads\/2023\/08\/hydraulic-cylinder-product-8-300x200.webp\" alt=\"\" width=\"389\" height=\"260\" \/><\/p>\n<p>&nbsp;<\/p>\n<p>&nbsp;<\/p>\n<p>Suntem unul dintre cei mai buni produc\u0103tori de cilindri hidraulici cu tij\u0103 grea. Putem oferi \u00een stoc cilindri hidraulici cu tij\u0103 grea lat\u0103. De asemenea, oferim corespunz\u0103toare <a href=\"https:\/\/hzpt.com\/agricultural-pto-gearbox\/\" target=\"_blank\" rel=\"noopener\">cutii de viteze agricole<\/a>. Am exportat produsele noastre c\u0103tre clien\u021bi din \u00eentreaga lume \u0219i am c\u00e2\u0219tigat o bun\u0103 reputa\u021bie datorit\u0103 calit\u0103\u021bii superioare a produselor noastre \u0219i a serviciilor post-v\u00e2nzare. Salut\u0103m c\u0103lduros clien\u021bii at\u00e2t din \u021bar\u0103, c\u00e2t \u0219i din str\u0103in\u0103tate s\u0103 ne contacteze pentru a negocia afaceri, a face schimb de informa\u021bii \u0219i a\u00a0<a href=\"https:\/\/www.hydraulic-cylinders.net\/ro\/contact-us\/\">s\u0103 coopereze cu noi<\/a>!<\/p>\n<p>&nbsp;<\/p>","protected":false},"excerpt":{"rendered":"<p>TC Middle Trunnion Type Heavy Rod Hydraulic Cylinder TC middle trunnion type heavy rod hydraulic cylinder is a high-performance hydraulic element designed for various industrial applications. With its rugged construction, superior force output, and versatile design, this hydraulic cylinder is designed to meet the demanding demands of heavy-duty tasks. From material handling equipment to construction [&hellip;]<\/p>","protected":false},"featured_media":911,"comment_status":"open","ping_status":"closed","template":"","meta":{"_et_pb_use_builder":"","_et_pb_old_content":"","_et_gb_content_width":""},"product_brand":[],"product_cat":[1376,1385],"product_tag":[1380],"class_list":{"0":"post-908","1":"product","2":"type-product","3":"status-publish","4":"has-post-thumbnail","6":"product_cat-hydraulic-cylinder","7":"product_cat-heavy-rod-hydraulic-cylinder","8":"product_tag-hydraulic-cylinder","10":"first","11":"instock","12":"shipping-taxable","13":"product-type-simple"},"amp_enabled":true,"_links":{"self":[{"href":"https:\/\/www.hydraulic-cylinders.net\/ro\/wp-json\/wp\/v2\/product\/908","targetHints":{"allow":["GET"]}}],"collection":[{"href":"https:\/\/www.hydraulic-cylinders.net\/ro\/wp-json\/wp\/v2\/product"}],"about":[{"href":"https:\/\/www.hydraulic-cylinders.net\/ro\/wp-json\/wp\/v2\/types\/product"}],"replies":[{"embeddable":true,"href":"https:\/\/www.hydraulic-cylinders.net\/ro\/wp-json\/wp\/v2\/comments?post=908"}],"wp:featuredmedia":[{"embeddable":true,"href":"https:\/\/www.hydraulic-cylinders.net\/ro\/wp-json\/wp\/v2\/media\/911"}],"wp:attachment":[{"href":"https:\/\/www.hydraulic-cylinders.net\/ro\/wp-json\/wp\/v2\/media?parent=908"}],"wp:term":[{"taxonomy":"product_brand","embeddable":true,"href":"https:\/\/www.hydraulic-cylinders.net\/ro\/wp-json\/wp\/v2\/product_brand?post=908"},{"taxonomy":"product_cat","embeddable":true,"href":"https:\/\/www.hydraulic-cylinders.net\/ro\/wp-json\/wp\/v2\/product_cat?post=908"},{"taxonomy":"product_tag","embeddable":true,"href":"https:\/\/www.hydraulic-cylinders.net\/ro\/wp-json\/wp\/v2\/product_tag?post=908"}],"curies":[{"name":"wp","href":"https:\/\/api.w.org\/{rel}","templated":true}]}}