{"id":912,"date":"2023-09-04T01:48:53","date_gmt":"2023-09-04T01:48:53","guid":{"rendered":"https:\/\/hydraulic-cylinders.net\/?post_type=product&#038;p=912"},"modified":"2023-09-04T05:47:40","modified_gmt":"2023-09-04T05:47:40","slug":"lb-front-and-back-foot-type-heavy-rod-hydraulic-cylinder","status":"publish","type":"product","link":"https:\/\/www.hydraulic-cylinders.net\/ro\/produs\/lb-front-and-back-foot-type-heavy-rod-hydraulic-cylinder\/","title":{"rendered":"LB Cilindru hidraulic cu tij\u0103 grea de tip picior frontal \u0219i spate LB"},"content":{"rendered":"<h1 style=\"text-align: center;\"><strong>LB Cilindru hidraulic cu tij\u0103 grea de tip picior frontal \u0219i spate LB<\/strong><\/h1>\n<p>Cilindrii hidraulici LB cu tij\u0103 grea, fa\u021b\u0103 \u0219i spate, sunt elemente hidraulice de ultim\u0103 genera\u021bie, concepute pentru a satisface nevoile diverselor aplica\u021bii industriale. Datorit\u0103 construc\u021biei sale robuste, for\u021bei de ie\u0219ire superioare \u0219i designului unic al piciorului fa\u021b\u0103 \u0219i spate, acest cilindru hidraulic ofer\u0103 putere, precizie \u0219i versatilitate excep\u021bionale. Indiferent dac\u0103 este vorba de ridicarea de sarcini grele, \u00eempingerea sau tragerea, cilindrii hidraulici LB cu tij\u0103 grea, fa\u021b\u0103 \u0219i spate, ofer\u0103 performan\u021be fiabile pentru a optimiza opera\u021biunile industriale.<\/p>\n<p>Caracteristicile esen\u021biale ale cilindrului hidraulic cu tij\u0103 grea:<\/p>\n<p><strong>Construc\u021bie robust\u0103:<\/strong>\u00a0 Acest cilindru hidraulic cu tij\u0103 grea este fabricat din materiale de \u00eenalt\u0103 calitate, cum ar fi o\u021belul solid sau aliajele, pentru a asigura durabilitate \u0219i longevitate. Construc\u021bia sa robust\u0103 \u00eei permite s\u0103 gestioneze sarcini grele, presiuni ridicate \u0219i condi\u021bii de mediu dificile, fiind potrivit pentru sarcini industriale solicitante.<\/p>\n<p><strong>For\u021b\u0103 de ie\u0219ire mare:<\/strong>\u00a0 Cilindrii hidraulici LB cu tij\u0103 grea fa\u021b\u0103 \u0219i spate au o for\u021b\u0103 de ie\u0219ire impresionant\u0103, ceea ce \u00eei face ideali pentru aplica\u021bii care necesit\u0103 mult\u0103 putere. Diametrul mare al pistonului \u0219i capacitatea de presiune ridicat\u0103 ofer\u0103 o rezisten\u021b\u0103 excep\u021bional\u0103 pentru a gestiona cu u\u0219urin\u021b\u0103 sarcini grele.<\/p>\n<p><strong>Designul piciorului din fa\u021b\u0103 \u0219i din spate:<\/strong>\u00a0 Acest cilindru hidraulic are un design unic, cu picioru\u0219e frontale \u0219i posterioare, pentru diverse op\u021biuni de montare. Aranjamentul picioru\u0219elor frontale \u0219i posterioare ofer\u0103 stabilitate \u0219i cre\u0219te capacitatea portant\u0103 a cilindrului. Acest design este u\u0219or de instalat \u0219i integrat \u00een diverse sisteme hidraulice \u0219i configura\u021bii de echipamente, oferind flexibilitate \u0219i adaptabilitate.<\/p>\n<p><strong>Control precis:<\/strong>\u00a0 Cilindrii hidraulici LB cu tij\u0103 grea fa\u021b\u0103 \u0219i spate utilizeaz\u0103 componente prelucrate cu precizie \u0219i etan\u0219\u0103ri de \u00eenalt\u0103 calitate pentru a asigura o func\u021bionare precis\u0103 \u0219i fiabil\u0103. Ace\u0219tia pot controla cu precizie mi\u0219carea \u0219i pozi\u021bionarea sarcinilor pentru o procesare eficient\u0103 \u0219i adecvat\u0103.<\/p>\n<p><img loading=\"lazy\" decoding=\"async\" class=\"aligncenter wp-image-915 size-full\" src=\"https:\/\/hydraulic-cylinders.net\/wp-content\/uploads\/2023\/09\/lb-front-and-back-foot-type-heavy-rod-hydraulic-cylinder-2.webp\" alt=\"\" width=\"269\" height=\"269\" srcset=\"https:\/\/www.hydraulic-cylinders.net\/wp-content\/uploads\/2023\/09\/lb-front-and-back-foot-type-heavy-rod-hydraulic-cylinder-2.webp 269w, https:\/\/www.hydraulic-cylinders.net\/wp-content\/uploads\/2023\/09\/lb-front-and-back-foot-type-heavy-rod-hydraulic-cylinder-2-100x100.webp 100w, https:\/\/www.hydraulic-cylinders.net\/wp-content\/uploads\/2023\/09\/lb-front-and-back-foot-type-heavy-rod-hydraulic-cylinder-2-150x150.webp 150w, https:\/\/www.hydraulic-cylinders.net\/wp-content\/uploads\/2023\/09\/lb-front-and-back-foot-type-heavy-rod-hydraulic-cylinder-2-12x12.webp 12w\" sizes=\"(max-width: 269px) 100vw, 269px\" \/><\/p>\n<h2><strong>Parametrul cilindrului hidraulic cu tij\u0103 grea, tip picior fa\u021b\u0103 \u0219i spate LB:<\/strong><\/h2>\n<p><img loading=\"lazy\" decoding=\"async\" class=\"alignnone wp-image-914 size-full\" src=\"https:\/\/hydraulic-cylinders.net\/wp-content\/uploads\/2023\/09\/lb-front-and-back-foot-type-heavy-rod-hydraulic-cylinder-1.webp\" alt=\"\" width=\"790\" height=\"711\" srcset=\"https:\/\/hydraulic-cylinders.net\/wp-content\/uploads\/2023\/09\/lb-front-and-back-foot-type-heavy-rod-hydraulic-cylinder-1.webp 790w, https:\/\/hydraulic-cylinders.net\/wp-content\/uploads\/2023\/09\/lb-front-and-back-foot-type-heavy-rod-hydraulic-cylinder-1-480x432.webp 480w\" sizes=\"(min-width: 0px) and (max-width: 480px) 480px, (min-width: 481px) 790px, 100vw\" \/><\/p>\n<h2><strong>LB Cilindru hidraulic cu tij\u0103 grea de tip picior frontal \u0219i spate LB <\/strong><strong>Metod\u0103 de utilizare<\/strong><strong>:<\/strong><\/h2>\n<p><strong>Montare:<\/strong>\u00a0 Mai \u00eent\u00e2i, instala\u021bi \u00een siguran\u021b\u0103 cilindrii hidraulici cu tij\u0103 grea fa\u021b\u0103 \u0219i spate LB folosind console sau dispozitive de fixare adecvate. Asigura\u021bi o aliniere \u0219i o stabilitate corect\u0103 \u00een timpul instal\u0103rii pentru a preveni nealinierea sau solicitarea cilindrilor.<\/p>\n<p><strong>Integrarea sistemului hidraulic:<\/strong>\u00a0 Urma\u021bi instruc\u021biunile \u0219i instruc\u021biunile produc\u0103torului pentru a conecta conductele hidraulice la orificiile cilindrului. Cilindrul este integrat \u00een sistemul hidraulic prin conectarea acestuia la o pomp\u0103 sau unitate de alimentare adecvat\u0103. Asigura\u021bi-v\u0103 c\u0103 sunt \u00eendeplinite specifica\u021biile cilindrului \u0219i cerin\u021bele de func\u021bionare.<\/p>\n<p><strong>Control \u0219i func\u021bionare:<\/strong>\u00a0 Supapa de control din sistemul hidraulic regleaz\u0103 debitul de ulei hidraulic care intr\u0103 \u0219i iese din cilindru. Ajusta\u021bi set\u0103rile de control \u00een func\u021bie de mi\u0219carea liniar\u0103 \u0219i for\u021ba de ie\u0219ire dorite. Testa\u021bi mi\u0219carea cilindrului pentru a verifica func\u021bionarea \u0219i r\u0103spunsul acestuia.<\/p>\n<h2><strong>LB Cilindru hidraulic cu tij\u0103 grea de tip picior frontal \u0219i spate LB <\/strong><strong>\u00centre\u0163inere<\/strong><strong>:<\/strong><\/h2>\n<p>\u00centre\u021binerea regulat\u0103 asigur\u0103 performan\u021ba optim\u0103 \u0219i longevitatea cilindrului hidraulic cu tij\u0103 grea de tip picior frontal \u0219i posterior LB. Urma\u021bi aceste instruc\u021biuni de \u00eentre\u021binere:<\/p>\n<p><strong>Inspec\u021bie periodic\u0103:<\/strong>\u00a0 Efectua\u021bi inspec\u021bii de rutin\u0103 pentru a identifica semne de uzur\u0103, deteriorare sau scurgeri. Verifica\u021bi blocurile cilindrilor, tijele pistonului, garniturile \u0219i alte componente pentru anomalii. Rezolva\u021bi prompt orice problem\u0103 pentru a preveni accidente ulterioare sau ineficien\u021be opera\u021bionale.<\/p>\n<p><strong>Lubrifiere:<\/strong>\u00a0 Aplica\u021bi lubrifiantul recomandat pe piesele mobile ale cilindrului, inclusiv pe tijele de leg\u0103tur\u0103 \u0219i garniturile de etan\u0219are. Lubrifierea regulat\u0103 minimizeaz\u0103 frecarea, reduce uzura \u0219i asigur\u0103 o func\u021bionare lin\u0103. Utiliza\u021bi tipul de lubrifiant corespunz\u0103tor, conform instruc\u021biunilor produc\u0103torului privind intervalul de lubrifiere.<\/p>\n<p><strong>\u00cenlocuirea garniturii:<\/strong>\u00a0 Dac\u0103 se constat\u0103 deteriorarea sau scurgerile garniturilor, \u00eenlocui\u021bi-le cu piese originale aprobate de produc\u0103tor. Garniturile deteriorate sau uzate pot compromite performan\u021ba cilindrului \u0219i pot duce la scurgeri de ulei hidraulic.<\/p>\n<p><strong>Cur\u0103\u021bare:<\/strong>\u00a0 Cur\u0103\u021ba\u021bi cilindrii prin \u00eendep\u0103rtarea murd\u0103riei, a resturilor \u0219i a altor contaminan\u021bi. \u00cenainte de reasamblare, utiliza\u021bi un produs de cur\u0103\u021bare neabraziv \u0219i asigura\u021bi-v\u0103 c\u0103 toate piesele sunt uscate. Cur\u0103\u021barea regulat\u0103 promoveaz\u0103 performan\u021be optime \u0219i previne uzura prematur\u0103 sau deteriorarea.<\/p>\n<h2><strong>Cum reconstruie\u0219ti un cilindru hidraulic?<\/strong><\/h2>\n<p>Reconstruc\u021bia unui cilindru hidraulic implic\u0103 dezasamblarea cilindrului, inspectarea \u0219i \u00eenlocuirea componentelor uzate sau deteriorate \u0219i reasamblarea cilindrului cu garnituri noi \u0219i alte piese necesare. Iat\u0103 un ghid general pas cu pas despre cum se reconstruie\u0219te un cilindru hidraulic:<\/p>\n<ol>\n<li><strong>M\u0103suri de siguran\u021b\u0103:<\/strong> \u00cenainte de a \u00eencepe procesul de reconstruc\u021bie, asigura\u021bi-v\u0103 c\u0103 sistemul hidraulic este depresurizat \u0219i c\u0103 tot fluidul hidraulic a fost golit. Purta\u021bi echipament de protec\u021bie adecvat, cum ar fi m\u0103nu\u0219i \u0219i ochelari de protec\u021bie, pentru a v\u0103 proteja.<\/li>\n<li><strong>Demontarea cilindrului:<\/strong> Deconecta\u021bi cilindrul hidraulic de la echipamentul sau utilajul la care este ata\u0219at. Aceasta poate implica \u00eendep\u0103rtarea suporturilor de montare, a fitingurilor sau a altor conexiuni. Urma\u021bi instruc\u021biunile produc\u0103torului sau manualele echipamentului pentru \u00eendrum\u0103ri specifice cilindrului dumneavoastr\u0103 hidraulic.<\/li>\n<li><strong>Demontare:<\/strong> Demonta\u021bi cu grij\u0103 cilindrul hidraulic, urm\u00e2nd ace\u0219ti pa\u0219i: a. Scoate\u021bi capacele de cap\u0103t: De obicei, cilindrii hidraulici au dou\u0103 capace de cap\u0103t - c\u00e2te unul la fiecare cap\u0103t. De\u0219uruba\u021bi \u0219uruburile sau \u0219uruburile care fixeaz\u0103 capacele de cap\u0103t \u0219i scoate\u021bi cu grij\u0103 capacele. b. Extrage\u021bi pistonul: Dup\u0103 ce capacele de cap\u0103t sunt scoase, glisa\u021bi u\u0219or ansamblul pistonului din cilindru. Re\u021bine\u021bi orientarea \u0219i dispunerea oric\u0103ror garnituri sau rulmen\u021bi.\n<p>c. Scoate\u021bi garniturile \u0219i alte componente: Scoate\u021bi toate garniturile, rulmen\u021bii \u0219i orice alte componente at\u00e2t de pe piston, c\u00e2t \u0219i de pe cilindru. Inspecta\u021bi fiecare component\u0103 pentru uzur\u0103, deteriorare sau semne de scurgeri.<\/li>\n<li><strong>Inspec\u021bie \u0219i \u00eenlocuire:<\/strong> Inspecta\u021bi toate componentele, inclusiv pistonul, cilindrul, garniturile, rulmen\u021bii \u0219i alte piese. C\u0103uta\u021bi semne de uzur\u0103, zg\u00e2rieturi, coroziuni sau alte deterior\u0103ri. \u00cenlocui\u021bi orice componente care prezint\u0103 semne de uzur\u0103 excesiv\u0103 sau deteriorare. a. Garnituri: \u00cenlocui\u021bi toate garniturile cu unele noi, asigur\u00e2ndu-v\u0103 c\u0103 au dimensiunea \u0219i tipul corect pentru cilindrul hidraulic. Unge\u021bi noile garnituri cu fluid hidraulic \u00eenainte de instalare. b. Alte componente: Dac\u0103 rulmen\u021bii, buc\u0219ele sau alte componente prezint\u0103 semne de uzur\u0103 sau deteriorare, \u00eenlocui\u021bi-le cu unele noi, conform specifica\u021biilor produc\u0103torului.<\/li>\n<li><strong>Cur\u0103\u021bare:<\/strong> Cur\u0103\u021ba\u021bi temeinic toate componentele, \u00eendep\u0103rt\u00e2nd murd\u0103ria, resturile sau lichidul hidraulic vechi. Folosi\u021bi un agent de cur\u0103\u021bare adecvat pentru a v\u0103 asigura c\u0103 toate piesele sunt complet uscate \u00eenainte de reasamblare.<\/li>\n<li><strong>Reasamblare:<\/strong> Urma\u021bi ace\u0219ti pa\u0219i pentru a reasambla cilindrul hidraulic: a. Instala\u021bi garnituri noi: Instala\u021bi cu grij\u0103 garnituri noi pe piston \u0219i \u00een interiorul cilindrului. Asigura\u021bi orientarea \u0219i alinierea corect\u0103 a garniturilor. b. Introduce\u021bi pistonul: Glisa\u021bi u\u0219or ansamblul pistonului \u00eenapoi \u00een cilindru, av\u00e2nd grij\u0103 s\u0103 nu deteriora\u021bi garniturile noi.\n<p>c. Reata\u0219a\u021bi capacele de cap\u0103t: A\u0219eza\u021bi capacele de cap\u0103t \u00eenapoi pe \u021beava cilindrului \u0219i fixa\u021bi-le cu \u0219uruburile sau \u0219uruburile corespunz\u0103toare. Str\u00e2nge\u021bi-le conform specifica\u021biilor de cuplu recomandate de produc\u0103tor.<\/li>\n<li><strong>\u00cenlocuirea fluidului hidraulic:<\/strong> Umple\u021bi cilindrul hidraulic cu fluidul hidraulic recomandat, asigur\u00e2ndu-v\u0103 c\u0103 este de tipul corect \u0219i la nivelul corespunz\u0103tor. Evacua\u021bi aerul din sistem conform instruc\u021biunilor produc\u0103torului.<\/li>\n<li><strong>Testare:<\/strong> Reconecta\u021bi cilindrul hidraulic la echipament sau la utilaj \u0219i testa\u021bi func\u021bionarea acestuia. Verifica\u021bi dac\u0103 exist\u0103 scurgeri sau comportament anormal. Asigura\u021bi-v\u0103 c\u0103 cilindrul func\u021bioneaz\u0103 f\u0103r\u0103 probleme \u0219i se comport\u0103 conform a\u0219tept\u0103rilor.<\/li>\n<\/ol>\n<h2><strong>Capabilitatea \u0219i capacitatea fabricii:<\/strong><\/h2>\n<h3>(1) Montaj<\/h3>\n<p>Avem o platform\u0103 de asamblare independent\u0103 de cercetare \u0219i dezvoltare de prim\u0103 clas\u0103. Atelierul de produc\u021bie a cilindrilor hidraulici are patru linii de asamblare semiautomate pentru cilindri de ridicare \u0219i o linie de asamblare automat\u0103 a cilindrilor de \u00eenclinare, cu o capacitate de produc\u021bie anual\u0103 proiectat\u0103 de 1 milion de buc\u0103\u021bi. Atelierul de cilindri speciali este echipat cu diverse specifica\u021bii ale unui sistem de asamblare semi-automat de cur\u0103\u021bare, cu o capacitate de produc\u021bie anual\u0103 proiectat\u0103 de 200.000 \u0219i dotat cu echipamente celebre de prelucrare CNC, un centru de prelucrare, un echipament special de prelucrare a cilindrilor de \u00eenalt\u0103 precizie, o ma\u0219in\u0103 de sudur\u0103 robotizat\u0103, o ma\u0219in\u0103 de cur\u0103\u021bare automat\u0103, o ma\u0219in\u0103 de asamblare automat\u0103 a cilindrilor \u0219i o linie de produc\u021bie automat\u0103 de vopsire. Echipamente critice existente de peste 300 de seturi (seturi). Alocarea optim\u0103 \u0219i utilizarea eficient\u0103 a resurselor de echipamente asigur\u0103 cerin\u021bele de precizie ale produselor \u0219i satisface nevoile de \u00eenalt\u0103 calitate ale produselor.<\/p>\n<p><img loading=\"lazy\" decoding=\"async\" class=\"alignnone wp-image-626\" src=\"https:\/\/hydraulic-cylinders.net\/wp-content\/uploads\/2023\/08\/hydraulic-cylinder-product-1-300x158.webp\" alt=\"\" width=\"495\" height=\"260\" srcset=\"https:\/\/hydraulic-cylinders.net\/wp-content\/uploads\/2023\/08\/hydraulic-cylinder-product-1-300x158.webp 495w, https:\/\/hydraulic-cylinders.net\/wp-content\/uploads\/2023\/08\/hydraulic-cylinder-product-1-480x252.webp 480w\" sizes=\"(min-width: 0px) and (max-width: 480px) 480px, (min-width: 481px) 495px, 100vw\" \/> <img loading=\"lazy\" decoding=\"async\" class=\"alignnone wp-image-627\" src=\"https:\/\/hydraulic-cylinders.net\/wp-content\/uploads\/2023\/08\/hydraulic-cylinder-product-2-300x189.webp\" alt=\"\" width=\"413\" height=\"260\" \/><\/p>\n<h3>(2) Prelucrare<\/h3>\n<p>Atelierul de prelucrare este echipat cu un centru de strunjire cu \u0219in\u0103 \u00eenclinat\u0103 personalizat, un centru de prelucrare, o ma\u0219in\u0103 de honuire de mare vitez\u0103, un robot de sudur\u0103 \u0219i alte echipamente conexe, care pot gestiona prelucrarea tuburilor cilindrice cu un diametru interior maxim de 400 mm \u0219i o lungime maxim\u0103 de 6 metri.<\/p>\n<p><img loading=\"lazy\" decoding=\"async\" class=\"alignnone wp-image-628 size-large\" src=\"https:\/\/hydraulic-cylinders.net\/wp-content\/uploads\/2023\/08\/hydraulic-cylinder-product-3-1024x391.webp\" alt=\"\" width=\"1024\" height=\"391\" srcset=\"https:\/\/hydraulic-cylinders.net\/wp-content\/uploads\/2023\/08\/hydraulic-cylinder-product-3-980x374.webp 980w, https:\/\/hydraulic-cylinders.net\/wp-content\/uploads\/2023\/08\/hydraulic-cylinder-product-3-480x183.webp 480w\" sizes=\"(min-width: 0px) and (max-width: 480px) 480px, (min-width: 481px) and (max-width: 980px) 980px, (min-width: 981px) 1024px, 100vw\" \/><\/p>\n<h3>(3) Sudur\u0103<\/h3>\n<p><img loading=\"lazy\" decoding=\"async\" class=\"alignnone wp-image-629 size-large\" src=\"https:\/\/hydraulic-cylinders.net\/wp-content\/uploads\/2023\/08\/hydraulic-cylinder-product-4-1024x510.webp\" alt=\"\" width=\"1024\" height=\"510\" srcset=\"https:\/\/hydraulic-cylinders.net\/wp-content\/uploads\/2023\/08\/hydraulic-cylinder-product-4-980x488.webp 980w, https:\/\/hydraulic-cylinders.net\/wp-content\/uploads\/2023\/08\/hydraulic-cylinder-product-4-480x239.webp 480w\" sizes=\"(min-width: 0px) and (max-width: 480px) 480px, (min-width: 481px) and (max-width: 980px) 980px, (min-width: 981px) 1024px, 100vw\" \/><\/p>\n<h3>(4) Vopsire \u0219i acoperire<\/h3>\n<p>Cu linii automate de acoperire cu vopsea pe baz\u0103 de ap\u0103 cu cilindru de dimensiuni mici \u0219i medii, pentru a realiza \u00eenc\u0103rcarea \u0219i desc\u0103rcarea automat\u0103 a robotului \u0219i pulverizarea automat\u0103, capacitatea de proiectare de 4000 de buc\u0103\u021bi pe schimb;<br \/>\nAvem, de asemenea, o linie de produc\u021bie semi-automat\u0103 de vopsire pentru cilindri mari, ac\u021bionat\u0103 de un lan\u021b de putere, cu o capacitate de proiectare de 60 de cutii pe schimb.<\/p>\n<p><img loading=\"lazy\" decoding=\"async\" class=\"alignnone wp-image-630\" src=\"https:\/\/hydraulic-cylinders.net\/wp-content\/uploads\/2023\/08\/hydraulic-cylinder-product-5-300x213.webp\" alt=\"\" width=\"366\" height=\"260\" \/> <img loading=\"lazy\" decoding=\"async\" class=\"alignnone wp-image-631\" src=\"https:\/\/hydraulic-cylinders.net\/wp-content\/uploads\/2023\/08\/hydraulic-cylinder-product-6-300x225.webp\" alt=\"\" width=\"347\" height=\"260\" \/><\/p>\n<h3>(5) Testarea<\/h3>\n<p>Dispunem de instala\u021bii de inspec\u021bie \u0219i bancuri de testare de prim\u0103 clas\u0103 pentru a ne asigura c\u0103 performan\u021ba cilindrului \u00eendepline\u0219te cerin\u021bele.<\/p>\n<p><img loading=\"lazy\" decoding=\"async\" class=\"alignnone wp-image-632\" src=\"https:\/\/hydraulic-cylinders.net\/wp-content\/uploads\/2023\/08\/hydraulic-cylinder-product-8-300x200.webp\" alt=\"\" width=\"389\" height=\"260\" \/><\/p>\n<p>&nbsp;<\/p>\n<p>&nbsp;<\/p>\n<p>Suntem unul dintre cei mai buni produc\u0103tori de cilindri hidraulici cu tij\u0103 grea. Putem oferi \u00een stoc cilindri hidraulici cu tij\u0103 grea lat\u0103. De asemenea, oferim corespunz\u0103toare <a href=\"https:\/\/hzpt.com\/agricultural-pto-gearbox\/\" target=\"_blank\" rel=\"noopener\">cutii de viteze agricole<\/a>. Am exportat produsele noastre c\u0103tre clien\u021bi din \u00eentreaga lume \u0219i am c\u00e2\u0219tigat o bun\u0103 reputa\u021bie datorit\u0103 calit\u0103\u021bii superioare a produselor noastre \u0219i a serviciilor post-v\u00e2nzare. Salut\u0103m c\u0103lduros clien\u021bii at\u00e2t din \u021bar\u0103, c\u00e2t \u0219i din str\u0103in\u0103tate s\u0103 ne contacteze pentru a negocia afaceri, a face schimb de informa\u021bii \u0219i a\u00a0<a href=\"https:\/\/www.hydraulic-cylinders.net\/ro\/contact-us\/\">s\u0103 coopereze cu noi<\/a>!<\/p>\n<p>&nbsp;<\/p>\n<h2><\/h2>","protected":false},"excerpt":{"rendered":"<p>LB Front And Back Foot Type Heavy Rod Hydraulic Cylinder LB front and rear foot heavy rod hydraulic cylinders are state-of-the-art hydraulic elements designed to meet the needs of various industrial applications. With its rugged construction, superior force output, and unique front and rear foot design, this hydraulic cylinder offers exceptional power, precision, and versatility. [&hellip;]<\/p>","protected":false},"featured_media":916,"comment_status":"open","ping_status":"closed","template":"","meta":{"_et_pb_use_builder":"","_et_pb_old_content":"","_et_gb_content_width":""},"product_brand":[],"product_cat":[1376],"product_tag":[1380],"class_list":{"0":"post-912","1":"product","2":"type-product","3":"status-publish","4":"has-post-thumbnail","6":"product_cat-hydraulic-cylinder","7":"product_tag-hydraulic-cylinder","9":"first","10":"instock","11":"shipping-taxable","12":"product-type-simple"},"amp_enabled":true,"_links":{"self":[{"href":"https:\/\/www.hydraulic-cylinders.net\/ro\/wp-json\/wp\/v2\/product\/912","targetHints":{"allow":["GET"]}}],"collection":[{"href":"https:\/\/www.hydraulic-cylinders.net\/ro\/wp-json\/wp\/v2\/product"}],"about":[{"href":"https:\/\/www.hydraulic-cylinders.net\/ro\/wp-json\/wp\/v2\/types\/product"}],"replies":[{"embeddable":true,"href":"https:\/\/www.hydraulic-cylinders.net\/ro\/wp-json\/wp\/v2\/comments?post=912"}],"wp:featuredmedia":[{"embeddable":true,"href":"https:\/\/www.hydraulic-cylinders.net\/ro\/wp-json\/wp\/v2\/media\/916"}],"wp:attachment":[{"href":"https:\/\/www.hydraulic-cylinders.net\/ro\/wp-json\/wp\/v2\/media?parent=912"}],"wp:term":[{"taxonomy":"product_brand","embeddable":true,"href":"https:\/\/www.hydraulic-cylinders.net\/ro\/wp-json\/wp\/v2\/product_brand?post=912"},{"taxonomy":"product_cat","embeddable":true,"href":"https:\/\/www.hydraulic-cylinders.net\/ro\/wp-json\/wp\/v2\/product_cat?post=912"},{"taxonomy":"product_tag","embeddable":true,"href":"https:\/\/www.hydraulic-cylinders.net\/ro\/wp-json\/wp\/v2\/product_tag?post=912"}],"curies":[{"name":"wp","href":"https:\/\/api.w.org\/{rel}","templated":true}]}}