{"id":917,"date":"2023-09-04T02:18:18","date_gmt":"2023-09-04T02:18:18","guid":{"rendered":"https:\/\/hydraulic-cylinders.net\/?post_type=product&#038;p=917"},"modified":"2023-09-04T05:47:06","modified_gmt":"2023-09-04T05:47:06","slug":"la-left-and-right-foot-type-heavy-rod-hydraulic-cylinder","status":"publish","type":"product","link":"https:\/\/www.hydraulic-cylinders.net\/ro\/produs\/la-left-and-right-foot-type-heavy-rod-hydraulic-cylinder\/","title":{"rendered":"LA St\u00e2nga \u0219i dreapta picior de tip Heavy Rod cilindru hidraulic"},"content":{"rendered":"<h1 style=\"text-align: center;\"><strong>LA St\u00e2nga \u0219i dreapta picior de tip Heavy Rod cilindru hidraulic<\/strong><\/h1>\n<p>Cilindrul hidraulic cu tij\u0103 grea tip picior st\u00e2nga \u0219i drept LA este un element hidraulic de ultim\u0103 genera\u021bie, conceput pentru a satisface nevoile diverselor aplica\u021bii industriale. Cu construc\u021bia sa robust\u0103, for\u021ba superioar\u0103 de ie\u0219ire \u0219i designul unic al piciorului st\u00e2nga \u0219i drept, acest cilindru hidraulic ofer\u0103 putere, precizie \u0219i versatilitate excep\u021bionale. Indiferent dac\u0103 este vorba de ridicarea de sarcini grele, \u00eempingerea sau tragerea, cilindrii hidraulici cu tij\u0103 grea tip picior st\u00e2nga \u0219i drept LA ofer\u0103 performan\u021be fiabile pentru a optimiza opera\u021biunile industriale.<\/p>\n<p>Caracteristicile esen\u021biale ale cilindrului hidraulic cu tij\u0103 grea:<\/p>\n<p><strong>Construc\u021bie robust\u0103:<\/strong>\u00a0 Folosind materiale de \u00eenalt\u0103 calitate, cum ar fi o\u021belul solid sau aliajele, cilindrii hidraulici cu tij\u0103 grea, tip picior st\u00e2nga \u0219i drept, de la LA, asigur\u0103 durabilitate \u0219i longevitate. Construc\u021bia sa robust\u0103 le permite s\u0103 gestioneze sarcini grele, presiuni ridicate \u0219i condi\u021bii de mediu dificile, fiind potrivi\u021bi pentru sarcini industriale solicitante.<\/p>\n<p><strong>For\u021b\u0103 de ie\u0219ire mare:<\/strong> Acest cilindru hidraulic se m\u00e2ndre\u0219te cu o for\u021b\u0103 de ie\u0219ire impresionant\u0103, fiind ideal pentru aplica\u021bii care necesit\u0103 o putere substan\u021bial\u0103. Diametrul mare al pistonului \u0219i capacit\u0103\u021bile de presiune ridicat\u0103 ofer\u0103 o rezisten\u021b\u0103 excep\u021bional\u0103 pentru a gestiona cu u\u0219urin\u021b\u0103 sarcini grele.<\/p>\n<p><strong>Designul piciorului st\u00e2ng \u0219i drept:<\/strong>\u00a0 Cilindrul hidraulic cu tij\u0103 grea, cu picior st\u00e2ng \u0219i drept, LA are un design unic pentru piciorul st\u00e2ng \u0219i drept, care permite diverse op\u021biuni de montare. Acest design este u\u0219or de instalat \u0219i integrat \u00een mai multe sisteme hidraulice \u0219i configura\u021bii de echipamente, oferind flexibilitate \u0219i adaptabilitate.<\/p>\n<p><strong>Control precis:<\/strong>\u00a0 Echipat cu componente prelucrate cu precizie \u0219i etan\u0219\u0103ri de \u00eenalt\u0103 calitate, acest cilindru hidraulic asigur\u0103 o func\u021bionare precis\u0103 \u0219i fiabil\u0103. Poate controla cu precizie mi\u0219carea \u0219i pozi\u021bionarea sarcinilor pentru o procesare eficient\u0103 \u0219i adecvat\u0103.<\/p>\n<p><img loading=\"lazy\" decoding=\"async\" class=\"aligncenter wp-image-920 size-full\" src=\"https:\/\/hydraulic-cylinders.net\/wp-content\/uploads\/2023\/09\/la-left-and-right-foot-type-heavy-rod-hydraulic-cylinder-1-1.webp\" alt=\"\" width=\"790\" height=\"224\" srcset=\"https:\/\/hydraulic-cylinders.net\/wp-content\/uploads\/2023\/09\/la-left-and-right-foot-type-heavy-rod-hydraulic-cylinder-1-1.webp 790w, https:\/\/hydraulic-cylinders.net\/wp-content\/uploads\/2023\/09\/la-left-and-right-foot-type-heavy-rod-hydraulic-cylinder-1-1-480x136.webp 480w\" sizes=\"(min-width: 0px) and (max-width: 480px) 480px, (min-width: 481px) 790px, 100vw\" \/><\/p>\n<h2><strong>Parametrul cilindrului hidraulic cu tij\u0103 grea, tip picior st\u00e2ng \u0219i drept LA:<\/strong><\/h2>\n<p><img loading=\"lazy\" decoding=\"async\" class=\"alignnone wp-image-919 size-full\" src=\"https:\/\/hydraulic-cylinders.net\/wp-content\/uploads\/2023\/09\/la-left-and-right-foot-type-heavy-rod-hydraulic-cylinder-2.webp\" alt=\"\" width=\"790\" height=\"515\" srcset=\"https:\/\/hydraulic-cylinders.net\/wp-content\/uploads\/2023\/09\/la-left-and-right-foot-type-heavy-rod-hydraulic-cylinder-2.webp 790w, https:\/\/hydraulic-cylinders.net\/wp-content\/uploads\/2023\/09\/la-left-and-right-foot-type-heavy-rod-hydraulic-cylinder-2-480x313.webp 480w\" sizes=\"(min-width: 0px) and (max-width: 480px) 480px, (min-width: 481px) 790px, 100vw\" \/><\/p>\n<h2><strong>LA St\u00e2nga \u0219i dreapta picior de tip Heavy Rod cilindru hidraulic <\/strong><strong>Metod\u0103 de utilizare<\/strong><strong>:<\/strong><\/h2>\n<p><strong>Montare:<\/strong>\u00a0 \u00cencepe\u021bi prin instalarea \u00een siguran\u021b\u0103 a cilindrilor hidraulici ai tijei de greutate a piciorului st\u00e2nga \u0219i dreapta, folosind console sau dispozitive de fixare adecvate. Asigura\u021bi o aliniere \u0219i o stabilitate corect\u0103 \u00een timpul instal\u0103rii pentru a preveni nealinierea sau stresul asupra cilindrilor.<\/p>\n<p><strong>Integrarea sistemului hidraulic:<\/strong>\u00a0 Conecta\u021bi conductele hidraulice la orificiile cilindrului conform instruc\u021biunilor \u0219i instruc\u021biunilor produc\u0103torului. Integra\u021bi cilindrul \u00een sistemul hidraulic prin clic pe pompa sau unitatea de alimentare corespunz\u0103toare. Asigura\u021bi-v\u0103 c\u0103 sunt \u00eendeplinite specifica\u021biile cilindrului \u0219i cerin\u021bele de func\u021bionare.<\/p>\n<p><strong>Control \u0219i func\u021bionare:<\/strong>\u00a0 Supapa de control din sistemul hidraulic regleaz\u0103 debitul de ulei hidraulic care intr\u0103 \u0219i iese din cilindru. Ajusta\u021bi set\u0103rile de control \u00een func\u021bie de mi\u0219carea liniar\u0103 \u0219i for\u021ba de ie\u0219ire dorite. Testa\u021bi mi\u0219carea cilindrului pentru a verifica func\u021bionarea \u0219i r\u0103spunsul acestuia.<\/p>\n<h2><strong>LA St\u00e2nga \u0219i dreapta picior de tip Heavy Rod cilindru hidraulic <\/strong><strong>\u00centre\u0163inere<\/strong><strong>:<\/strong><\/h2>\n<p>\u00centre\u021binerea regulat\u0103 asigur\u0103 performan\u021ba optim\u0103 \u0219i longevitatea cilindrului hidraulic cu tij\u0103 grea, tip picior st\u00e2ng \u0219i drept, de tip LA. Urma\u021bi aceste instruc\u021biuni de \u00eentre\u021binere:<\/p>\n<p><strong>Inspec\u021bie periodic\u0103:<\/strong>\u00a0 Efectua\u021bi inspec\u021bii de rutin\u0103 pentru a identifica semne de uzur\u0103, deteriorare sau scurgeri. Verifica\u021bi dac\u0103 exist\u0103 anomalii la blocurile cilindrilor, tijele pistonului, garniturile \u0219i alte componente. Rezolva\u021bi prompt orice problem\u0103 pentru a preveni alte accidente sau ineficien\u021be opera\u021bionale.<\/p>\n<p><strong>Lubrifiere:<\/strong>\u00a0 Aplica\u021bi lubrifiantul recomandat pe piesele mobile ale cilindrului, inclusiv pe tijele de leg\u0103tur\u0103 \u0219i garniturile de etan\u0219are. Lubrifierea regulat\u0103 minimizeaz\u0103 frecarea, reduce uzura \u0219i asigur\u0103 o func\u021bionare lin\u0103. Utiliza\u021bi tipul de lubrifiant corespunz\u0103tor, conform instruc\u021biunilor produc\u0103torului privind intervalul de lubrifiere.<\/p>\n<p><strong>\u00cenlocuirea garniturii:<\/strong>\u00a0 Dac\u0103 se constat\u0103 deteriorarea sau scurgerile garniturilor, \u00eenlocui\u021bi-le cu piese originale aprobate de produc\u0103tor. Garniturile deteriorate sau uzate pot compromite performan\u021ba cilindrului \u0219i pot duce la scurgeri de ulei hidraulic.<\/p>\n<p><strong>Cur\u0103\u021bare:<\/strong>\u00a0 Cur\u0103\u021ba\u021bi cilindrii prin \u00eendep\u0103rtarea murd\u0103riei, a resturilor \u0219i a altor contaminan\u021bi. \u00cenainte de reasamblare, utiliza\u021bi un produs de cur\u0103\u021bare neabraziv \u0219i asigura\u021bi-v\u0103 c\u0103 toate piesele sunt uscate. Cur\u0103\u021barea regulat\u0103 promoveaz\u0103 performan\u021be optime \u0219i previne uzura prematur\u0103 sau deteriorarea.<\/p>\n<h2><strong>Cum se controleaz\u0103 viteza cilindrului hidraulic?<\/strong><\/h2>\n<p>Controlul vitezei unui cilindru hidraulic este esen\u021bial pentru a asigura o func\u021bionare sigur\u0103 \u0219i eficient\u0103 \u00een diverse aplica\u021bii. Exist\u0103 mai multe metode de a controla viteza unui cilindru hidraulic, inclusiv urm\u0103toarele:<\/p>\n<ol>\n<li><strong>Supape de control al debitului:<\/strong> Supapele de control al debitului sunt utilizate \u00een mod obi\u0219nuit pentru a regla viteza cilindrilor hidraulici. Aceste supape controleaz\u0103 debitul fluidului hidraulic care intr\u0103 sau iese din cilindru, control\u00e2nd astfel viteza cilindrului. Exist\u0103 dou\u0103 tipuri de supape de control al debitului: a. Supape de accelera\u021bie: Supapele de accelera\u021bie restric\u021bioneaz\u0103 debitul fluidului hidraulic prin crearea unui pasaj \u00eengust. Acestea regleaz\u0103 viteza prin controlul debitului de fluid prin supap\u0103. Supapele de accelera\u021bie sunt adesea reglabile, permi\u021b\u00e2nd un control precis al vitezei. b. Supape cu ac: Supapele cu ac au un piston conic, asem\u0103n\u0103tor unui ac, care poate fi ajustat pentru a restric\u021biona sau a permite curgerea fluidului. Prin reglarea pozi\u021biei acului, se poate controla debitul \u0219i, \u00een consecin\u021b\u0103, viteza cilindrului.<\/li>\n<li><strong>Supape de control propor\u021bionale:<\/strong> Supapele de control propor\u021bional ofer\u0103 un control mai precis asupra vitezei cilindrilor hidraulici. Aceste supape moduleaz\u0103 debitul fluidului hidraulic pe baza semnalelor electrice sau electronice, permi\u021b\u00e2nd reglarea fin\u0103 a vitezei cilindrului. Supapele de control propor\u021bional sunt adesea utilizate \u00een aplica\u021bii \u00een care controlul precis al vitezei este esen\u021bial, cum ar fi \u00een sistemele de automatizare.<\/li>\n<li><strong>Pompe cu debit variabil:<\/strong> \u00cen unele sisteme hidraulice, pompele cu debit variabil controleaz\u0103 viteza cilindrilor hidraulici. Aceste pompe ajusteaz\u0103 volumul de fluid livrat cilindrului, regl\u00e2nd astfel viteza cilindrului. Prin modificarea debitului sau a volumului cursei pompei, viteza cilindrului poate fi ajustat\u0103 \u00een consecin\u021b\u0103.<\/li>\n<li><strong>Sisteme de detectare a \u00eenc\u0103rc\u0103rii:<\/strong> Sistemele Load-sensing sunt sisteme hidraulice avansate care ajusteaz\u0103 debitul pompei pentru a se potrivi cerin\u021belor de sarcin\u0103. Aceste sisteme monitorizeaz\u0103 presiunea din circuitul hidraulic \u0219i ajusteaz\u0103 debitul pompei \u00een consecin\u021b\u0103. Prin men\u021binerea unei presiuni constante, sistemele Load-sensing pot regla viteza cilindrului chiar \u0219i \u00een condi\u021bii de sarcin\u0103 variabile.<\/li>\n<li><strong>Acumulatoare:<\/strong> Acumulatoarele hidraulice pot fi utilizate pentru a controla viteza cilindrilor hidraulici \u00een aplica\u021bii specifice. Un acumulator stocheaz\u0103 fluid hidraulic sub presiune, care poate fi eliberat pentru a suplimenta debitul de la pomp\u0103. Prin controlul eliber\u0103rii fluidului din acumulator, se poate regla viteza cilindrului.<\/li>\n<li><strong>Cutii de viteze sau sisteme de transmisie:<\/strong> \u00cen unele cazuri, se pot utiliza cutii de viteze mecanice sau sisteme de transmisie pentru a controla indirect viteza cilindrilor hidraulici. Prin ajustarea raportului de transmisie sau a set\u0103rilor transmisiei, viteza de rota\u021bie a arborelui de intrare poate fi transformat\u0103 \u00een viteza dorit\u0103 pentru cilindrul hidraulic.<\/li>\n<\/ol>\n<h2><strong>Capabilitatea \u0219i capacitatea fabricii:<\/strong><\/h2>\n<h3>(1) Montaj<\/h3>\n<p>Avem o platform\u0103 de asamblare independent\u0103 de cercetare \u0219i dezvoltare de prim\u0103 clas\u0103. Atelierul de produc\u021bie a cilindrilor hidraulici are patru linii de asamblare semiautomate pentru cilindri de ridicare \u0219i o linie de asamblare automat\u0103 a cilindrilor de \u00eenclinare, cu o capacitate de produc\u021bie anual\u0103 proiectat\u0103 de 1 milion de buc\u0103\u021bi. Atelierul de cilindri speciali este echipat cu diverse specifica\u021bii ale unui sistem de asamblare semi-automat de cur\u0103\u021bare, cu o capacitate de produc\u021bie anual\u0103 proiectat\u0103 de 200.000 \u0219i dotat cu echipamente celebre de prelucrare CNC, un centru de prelucrare, un echipament special de prelucrare a cilindrilor de \u00eenalt\u0103 precizie, o ma\u0219in\u0103 de sudur\u0103 robotizat\u0103, o ma\u0219in\u0103 de cur\u0103\u021bare automat\u0103, o ma\u0219in\u0103 de asamblare automat\u0103 a cilindrilor \u0219i o linie de produc\u021bie automat\u0103 de vopsire. Echipamente critice existente de peste 300 de seturi (seturi). Alocarea optim\u0103 \u0219i utilizarea eficient\u0103 a resurselor de echipamente asigur\u0103 cerin\u021bele de precizie ale produselor \u0219i satisface nevoile de \u00eenalt\u0103 calitate ale produselor.<\/p>\n<p><img loading=\"lazy\" decoding=\"async\" class=\"alignnone wp-image-626\" src=\"https:\/\/hydraulic-cylinders.net\/wp-content\/uploads\/2023\/08\/hydraulic-cylinder-product-1-300x158.webp\" alt=\"\" width=\"495\" height=\"260\" srcset=\"https:\/\/hydraulic-cylinders.net\/wp-content\/uploads\/2023\/08\/hydraulic-cylinder-product-1-300x158.webp 495w, https:\/\/hydraulic-cylinders.net\/wp-content\/uploads\/2023\/08\/hydraulic-cylinder-product-1-480x252.webp 480w\" sizes=\"(min-width: 0px) and (max-width: 480px) 480px, (min-width: 481px) 495px, 100vw\" \/> <img loading=\"lazy\" decoding=\"async\" class=\"alignnone wp-image-627\" src=\"https:\/\/hydraulic-cylinders.net\/wp-content\/uploads\/2023\/08\/hydraulic-cylinder-product-2-300x189.webp\" alt=\"\" width=\"413\" height=\"260\" \/><\/p>\n<h3>(2) Prelucrare<\/h3>\n<p>Atelierul de prelucrare este echipat cu un centru de strunjire cu \u0219in\u0103 \u00eenclinat\u0103 personalizat, un centru de prelucrare, o ma\u0219in\u0103 de honuire de mare vitez\u0103, un robot de sudur\u0103 \u0219i alte echipamente conexe, care pot gestiona prelucrarea tuburilor cilindrice cu un diametru interior maxim de 400 mm \u0219i o lungime maxim\u0103 de 6 metri.<\/p>\n<p><img loading=\"lazy\" decoding=\"async\" class=\"alignnone wp-image-628 size-large\" src=\"https:\/\/hydraulic-cylinders.net\/wp-content\/uploads\/2023\/08\/hydraulic-cylinder-product-3-1024x391.webp\" alt=\"\" width=\"1024\" height=\"391\" srcset=\"https:\/\/hydraulic-cylinders.net\/wp-content\/uploads\/2023\/08\/hydraulic-cylinder-product-3-980x374.webp 980w, https:\/\/hydraulic-cylinders.net\/wp-content\/uploads\/2023\/08\/hydraulic-cylinder-product-3-480x183.webp 480w\" sizes=\"(min-width: 0px) and (max-width: 480px) 480px, (min-width: 481px) and (max-width: 980px) 980px, (min-width: 981px) 1024px, 100vw\" \/><\/p>\n<h3>(3) Sudur\u0103<\/h3>\n<p><img loading=\"lazy\" decoding=\"async\" class=\"alignnone wp-image-629 size-large\" src=\"https:\/\/hydraulic-cylinders.net\/wp-content\/uploads\/2023\/08\/hydraulic-cylinder-product-4-1024x510.webp\" alt=\"\" width=\"1024\" height=\"510\" srcset=\"https:\/\/hydraulic-cylinders.net\/wp-content\/uploads\/2023\/08\/hydraulic-cylinder-product-4-980x488.webp 980w, https:\/\/hydraulic-cylinders.net\/wp-content\/uploads\/2023\/08\/hydraulic-cylinder-product-4-480x239.webp 480w\" sizes=\"(min-width: 0px) and (max-width: 480px) 480px, (min-width: 481px) and (max-width: 980px) 980px, (min-width: 981px) 1024px, 100vw\" \/><\/p>\n<h3>(4) Vopsire \u0219i acoperire<\/h3>\n<p>Cu linii automate de acoperire cu vopsea pe baz\u0103 de ap\u0103 cu cilindru de dimensiuni mici \u0219i medii, pentru a realiza \u00eenc\u0103rcarea \u0219i desc\u0103rcarea automat\u0103 a robotului \u0219i pulverizarea automat\u0103, capacitatea de proiectare de 4000 de buc\u0103\u021bi pe schimb;<br \/>\nAvem, de asemenea, o linie de produc\u021bie semi-automat\u0103 de vopsire pentru cilindri mari, ac\u021bionat\u0103 de un lan\u021b de putere, cu o capacitate de proiectare de 60 de cutii pe schimb.<\/p>\n<p><img loading=\"lazy\" decoding=\"async\" class=\"alignnone wp-image-630\" src=\"https:\/\/hydraulic-cylinders.net\/wp-content\/uploads\/2023\/08\/hydraulic-cylinder-product-5-300x213.webp\" alt=\"\" width=\"366\" height=\"260\" \/> <img loading=\"lazy\" decoding=\"async\" class=\"alignnone wp-image-631\" src=\"https:\/\/hydraulic-cylinders.net\/wp-content\/uploads\/2023\/08\/hydraulic-cylinder-product-6-300x225.webp\" alt=\"\" width=\"347\" height=\"260\" \/><\/p>\n<h3>(5) Testarea<\/h3>\n<p>Dispunem de instala\u021bii de inspec\u021bie \u0219i bancuri de testare de prim\u0103 clas\u0103 pentru a ne asigura c\u0103 performan\u021ba cilindrului \u00eendepline\u0219te cerin\u021bele.<\/p>\n<p><img loading=\"lazy\" decoding=\"async\" class=\"alignnone wp-image-632\" src=\"https:\/\/hydraulic-cylinders.net\/wp-content\/uploads\/2023\/08\/hydraulic-cylinder-product-8-300x200.webp\" alt=\"\" width=\"389\" height=\"260\" \/><\/p>\n<p>&nbsp;<\/p>\n<p>&nbsp;<\/p>\n<p>Suntem unul dintre cei mai buni produc\u0103tori de cilindri hidraulici cu tij\u0103 grea. Putem oferi \u00een stoc cilindri hidraulici cu tij\u0103 grea lat\u0103. De asemenea, oferim corespunz\u0103toare <a href=\"https:\/\/hzpt.com\/agricultural-pto-gearbox\/\" target=\"_blank\" rel=\"noopener\">cutii de viteze agricole<\/a>. Am exportat produsele noastre c\u0103tre clien\u021bi din \u00eentreaga lume \u0219i am c\u00e2\u0219tigat o bun\u0103 reputa\u021bie datorit\u0103 calit\u0103\u021bii superioare a produselor noastre \u0219i a serviciilor post-v\u00e2nzare. Salut\u0103m c\u0103lduros clien\u021bii at\u00e2t din \u021bar\u0103, c\u00e2t \u0219i din str\u0103in\u0103tate s\u0103 ne contacteze pentru a negocia afaceri, a face schimb de informa\u021bii \u0219i a\u00a0<a href=\"https:\/\/www.hydraulic-cylinders.net\/ro\/contact-us\/\">s\u0103 coopereze cu noi<\/a>!<\/p>\n<p>&nbsp;<\/p>\n<h2><\/h2>","protected":false},"excerpt":{"rendered":"<p>LA Left And Right Foot Type Heavy Rod Hydraulic Cylinder The LA left and right foot heavy rod hydraulic cylinder is a cutting-edge hydraulic element designed to meet the needs of various industrial applications. With its rugged construction, superior force output, and unique left and right foot design, this hydraulic cylinder offers exceptional power, precision, [&hellip;]<\/p>","protected":false},"featured_media":921,"comment_status":"open","ping_status":"closed","template":"","meta":{"_et_pb_use_builder":"","_et_pb_old_content":"","_et_gb_content_width":""},"product_brand":[],"product_cat":[1376],"product_tag":[1380],"class_list":{"0":"post-917","1":"product","2":"type-product","3":"status-publish","4":"has-post-thumbnail","6":"product_cat-hydraulic-cylinder","7":"product_tag-hydraulic-cylinder","9":"first","10":"instock","11":"shipping-taxable","12":"product-type-simple"},"amp_enabled":true,"_links":{"self":[{"href":"https:\/\/www.hydraulic-cylinders.net\/ro\/wp-json\/wp\/v2\/product\/917","targetHints":{"allow":["GET"]}}],"collection":[{"href":"https:\/\/www.hydraulic-cylinders.net\/ro\/wp-json\/wp\/v2\/product"}],"about":[{"href":"https:\/\/www.hydraulic-cylinders.net\/ro\/wp-json\/wp\/v2\/types\/product"}],"replies":[{"embeddable":true,"href":"https:\/\/www.hydraulic-cylinders.net\/ro\/wp-json\/wp\/v2\/comments?post=917"}],"wp:featuredmedia":[{"embeddable":true,"href":"https:\/\/www.hydraulic-cylinders.net\/ro\/wp-json\/wp\/v2\/media\/921"}],"wp:attachment":[{"href":"https:\/\/www.hydraulic-cylinders.net\/ro\/wp-json\/wp\/v2\/media?parent=917"}],"wp:term":[{"taxonomy":"product_brand","embeddable":true,"href":"https:\/\/www.hydraulic-cylinders.net\/ro\/wp-json\/wp\/v2\/product_brand?post=917"},{"taxonomy":"product_cat","embeddable":true,"href":"https:\/\/www.hydraulic-cylinders.net\/ro\/wp-json\/wp\/v2\/product_cat?post=917"},{"taxonomy":"product_tag","embeddable":true,"href":"https:\/\/www.hydraulic-cylinders.net\/ro\/wp-json\/wp\/v2\/product_tag?post=917"}],"curies":[{"name":"wp","href":"https:\/\/api.w.org\/{rel}","templated":true}]}}