{"id":928,"date":"2023-09-04T03:18:55","date_gmt":"2023-09-04T03:18:55","guid":{"rendered":"https:\/\/hydraulic-cylinders.net\/?post_type=product&#038;p=928"},"modified":"2023-09-19T01:25:35","modified_gmt":"2023-09-19T01:25:35","slug":"cb-type-binaural-type-heavy-rod-hydraulic-cylinder","status":"publish","type":"product","link":"https:\/\/www.hydraulic-cylinders.net\/ro\/produs\/cb-type-binaural-type-heavy-rod-hydraulic-cylinder\/","title":{"rendered":"Cilindru hidraulic cu tij\u0103 grea de tip CB tip binaural"},"content":{"rendered":"<h1 style=\"text-align: center;\"><strong>Cilindru hidraulic cu tij\u0103 grea de tip CB tip binaural<\/strong><\/h1>\n<p>Cilindrul hidraulic binaural cu tij\u0103 grea de tip CB este un element hidraulic de ultim\u0103 genera\u021bie care ofer\u0103 putere, precizie \u0219i fiabilitate superioare \u00een aplica\u021bii industriale solicitante. Cu designul s\u0103u binaural inovator de tip CB, construc\u021bia robust\u0103 \u0219i caracteristicile avansate, acest cilindru hidraulic este conceput s\u0103 func\u021bioneze bine \u00een condi\u021bii dificile. Indiferent dac\u0103 trebuie s\u0103 ridica\u021bi, s\u0103 \u00eempinge\u021bi sau s\u0103 trage\u021bi sarcini grele, cilindrul hidraulic binaural cu tij\u0103 grea de tip CB este solu\u021bia preferat\u0103 pentru performan\u021b\u0103 \u0219i eficien\u021b\u0103 optime.<\/p>\n<p>Caracteristici esen\u021biale ale cilindrului hidraulic cu tij\u0103 grea de tip binaural CB:<\/p>\n<p><strong>Construc\u021bie robust\u0103:<\/strong>\u00a0 Cilindrul hidraulic cu tij\u0103 grea de tip binaural CB are o construc\u021bie robust\u0103 care \u00eei permite s\u0103 reziste la condi\u021bii extreme \u0219i sarcini mari de lucru. Fabricat din materiale de \u00eenalt\u0103 calitate, ofer\u0103 durabilitate, longevitate \u0219i rezisten\u021b\u0103 la uzur\u0103 excep\u021bionale. Designul robust asigur\u0103 performan\u021be fiabile chiar \u0219i \u00een medii de operare dure.<\/p>\n<p><strong>Design binaural de tip CB:<\/strong> Designul binaural de tip CB al cilindrului ofer\u0103 o stabilitate sporit\u0103, o mi\u0219care controlat\u0103 \u0219i o pozi\u021bionare precis\u0103. Cu dou\u0103 tije paralele care se extind de o parte \u0219i de alta a cilindrului, asigur\u0103 o distribu\u021bie echilibrat\u0103 a for\u021bei \u0219i minimizeaz\u0103 deformarea \u00een timpul func\u021bion\u0103rii. Aceast\u0103 caracteristic\u0103 de design are ca rezultat o precizie \u0219i o eficien\u021b\u0103 \u00eembun\u0103t\u0103\u021bite.<\/p>\n<p><strong>Capacitate tij\u0103 grea:<\/strong>\u00a0 Designul binaural de tip CB al cilindrului ofer\u0103 stabilitate sporit\u0103, mi\u0219care controlat\u0103 \u0219i pozi\u021bionare precis\u0103. Dou\u0103 tije paralele se extind din ambele p\u0103r\u021bi ale cilindrului, asigur\u00e2nd o distribu\u021bie echilibrat\u0103 a for\u021belor \u0219i minimiz\u00e2nd deformarea \u00een timpul func\u021bion\u0103rii. Aceast\u0103 caracteristic\u0103 de design \u00eembun\u0103t\u0103\u021be\u0219te precizia \u0219i eficien\u021ba.<\/p>\n<p><img loading=\"lazy\" decoding=\"async\" class=\"wp-image-930 size-full aligncenter\" src=\"https:\/\/hydraulic-cylinders.net\/wp-content\/uploads\/2023\/09\/binaural-type-heavy-rod-hydraulic-cylinder-2-1.webp\" alt=\"\" width=\"790\" height=\"200\" srcset=\"https:\/\/hydraulic-cylinders.net\/wp-content\/uploads\/2023\/09\/binaural-type-heavy-rod-hydraulic-cylinder-2-1.webp 790w, https:\/\/hydraulic-cylinders.net\/wp-content\/uploads\/2023\/09\/binaural-type-heavy-rod-hydraulic-cylinder-2-1-480x122.webp 480w\" sizes=\"(min-width: 0px) and (max-width: 480px) 480px, (min-width: 481px) 790px, 100vw\" \/><\/p>\n<h2><strong>Parametrul cilindrului hidraulic cu tij\u0103 grea, tip binaural, tip CB:<\/strong><\/h2>\n<p><img loading=\"lazy\" decoding=\"async\" class=\"alignnone size-full wp-image-319110\" src=\"https:\/\/hzpt.com\/wp-content\/uploads\/2023\/08\/binaural-type-heavy-rod-hydraulic-cylinder-1.webp\" alt=\"\" width=\"790\" height=\"561\" \/><\/p>\n<h2><strong>Metod\u0103 de utilizare a cilindrului hidraulic cu tij\u0103 grea de tip CB, tip binaural<\/strong><strong>:<\/strong><\/h2>\n<p><strong>Montare:<\/strong>\u00a0 Mai \u00eent\u00e2i, instala\u021bi \u00een siguran\u021b\u0103 cilindrul hidraulic cu dou\u0103 axe \u0219i tij\u0103 grea folosind consolele sau dispozitivele de montare adecvate. Asigura\u021bi o aliniere \u0219i o stabilitate corecte \u00een timpul instal\u0103rii pentru a preveni nealinierea cilindrului sau solicitarea excesiv\u0103.<\/p>\n<p><strong>Integrarea sistemului hidraulic:<\/strong>\u00a0 Conecta\u021bi conductele hidraulice la orificiile cilindrului, urm\u00e2nd instruc\u021biunile \u0219i directivele produc\u0103torului. Integra\u021bi cilindrul \u00een sistemul hidraulic conect\u00e2ndu-l la o pomp\u0103 sau o unitate de alimentare adecvat\u0103. Asigura\u021bi compatibilitatea cu specifica\u021biile \u0219i cerin\u021bele de func\u021bionare ale cilindrului.<\/p>\n<p><strong>Control \u0219i func\u021bionare:<\/strong>\u00a0 Supapa de control din sistemul hidraulic regleaz\u0103 debitul de ulei hidraulic care intr\u0103 \u0219i iese din cilindru. Ajusta\u021bi set\u0103rile de control \u00een func\u021bie de mi\u0219carea liniar\u0103 \u0219i for\u021ba de ie\u0219ire dorite. Testa\u021bi mi\u0219carea cilindrului pentru a verifica func\u021bionarea \u0219i r\u0103spunsul acestuia.<\/p>\n<h2><strong>\u00centre\u021binerea cilindrului hidraulic cu tij\u0103 grea de tip CB, tip binaural<\/strong><strong>:<\/strong><\/h2>\n<p>\u00centre\u021binerea regulat\u0103 este esen\u021bial\u0103 pentru a asigura performan\u021ba optim\u0103 \u0219i longevitatea cilindrului hidraulic cu tij\u0103 grea de tip biaxial. Urma\u021bi aceste instruc\u021biuni de \u00eentre\u021binere:<\/p>\n<p><strong>Inspec\u021bie periodic\u0103:<\/strong> Efectua\u021bi inspec\u021bii de rutin\u0103 pentru a identifica semne de uzur\u0103, deteriorare sau scurgeri. Inspecta\u021bi corpul cilindrului, tija pistonului, garniturile \u0219i alte componente pentru anomalii. Remedia\u021bi prompt orice problem\u0103 pentru a preveni accidente ulterioare sau ineficien\u021be opera\u021bionale.<\/p>\n<p><strong>Lubrifiere:<\/strong>\u00a0 Aplica\u021bi lubrifiantul recomandat pe piesele mobile ale cilindrului, inclusiv pe tijele de leg\u0103tur\u0103 \u0219i garniturile de etan\u0219are. Lubrifierea regulat\u0103 minimizeaz\u0103 frecarea, reduce uzura \u0219i asigur\u0103 o func\u021bionare lin\u0103. Utiliza\u021bi tipul de lubrifiant corespunz\u0103tor, conform instruc\u021biunilor produc\u0103torului privind intervalul de lubrifiere.<\/p>\n<p><strong>\u00cenlocuirea garniturii:<\/strong> Dac\u0103 observa\u021bi deteriorarea sau scurgerile garniturilor, \u00eenlocui\u021bi garniturile folosind piese originale aprobate de produc\u0103tor. Garniturile deteriorate sau uzate pot compromite performan\u021ba cilindrului \u0219i pot duce la scurgeri de fluid hidraulic.<\/p>\n<p><strong>Cur\u0103\u021bare:<\/strong>\u00a0 \u00cendep\u0103rta\u021bi murd\u0103ria, resturile \u0219i al\u021bi contaminan\u021bi \u0219i men\u021bine\u021bi cilindrii cura\u021bi. \u00cenainte de reasamblare, utiliza\u021bi un produs de cur\u0103\u021bare neabraziv \u0219i asigura\u021bi-v\u0103 c\u0103 toate piesele sunt uscate. Cur\u0103\u021barea regulat\u0103 promoveaz\u0103 performan\u021be optime \u0219i previne uzura prematur\u0103 sau deteriorarea.<\/p>\n<h2><strong>Cum se reconstruie\u0219te diagrama cilindrului hidraulic?<\/strong><\/h2>\n<p>Reconstruc\u021bia unui cilindru hidraulic implic\u0103 dezasamblarea cilindrului, inspectarea componentelor sale, \u00eenlocuirea pieselor uzate sau deteriorate \u0219i reasamblarea cilindrului. De\u0219i este dificil s\u0103 oferim o diagram\u0103 interactiv\u0103, v\u0103 pot oferi un ghid pas cu pas despre cum s\u0103 reconstrui\u021bi un cilindru hidraulic:<\/p>\n<ol>\n<li><strong>Adun\u0103 unelte \u0219i materiale:<\/strong>\n<ul>\n<li>Chei sau set de tuburi tubulare<\/li>\n<li>Kit de reconstruc\u021bie cilindru hidraulic (include garnituri, inele O \u0219i alte componente necesare)<\/li>\n<li>Solvent de cur\u0103\u021bare<\/li>\n<li>Ulei de ungere sau fluid hidraulic<\/li>\n<li>Ciocan sau ciocan moale<\/li>\n<li>Menghin\u0103 de banc (op\u021bional)<\/li>\n<li>Ochelari de protec\u021bie \u0219i m\u0103nu\u0219i<\/li>\n<\/ul>\n<\/li>\n<li><strong>Demontarea cilindrului:<\/strong><br \/>\na. Asigura\u021bi-v\u0103 c\u0103 sistemul hidraulic este depresurizat \u0219i c\u0103 cilindrul se afl\u0103 \u00eentr-o pozi\u021bie sigur\u0103.<br \/>\nb. \u00cendep\u0103rta\u021bi orice suporturi sau dispozitive de fixare care fixeaz\u0103 cilindrul de echipament.<br \/>\nc. Localiza\u021bi \u0219i scoate\u021bi \u0219uruburile sau \u0219tifturile de fixare care fixeaz\u0103 capacele cilindrului.<br \/>\nd. Lovi\u021bi u\u0219or capacul de cap\u0103t cu un ciocan moale sau un ciocan pentru a-l desprinde din cilindru.<br \/>\ne. Dup\u0103 ce capacul de cap\u0103t este \u00eendep\u0103rtat, trage\u021bi cu grij\u0103 ansamblul pistonului, observ\u00e2nd orientarea acestuia \u0219i orice garnituri care ar putea fi incluse.<br \/>\nf. Repeta\u021bi procesul pentru cel\u0103lalt capac, dac\u0103 este cazul.<\/li>\n<li><strong>Inspec\u021bia componentelor:<\/strong><br \/>\na. Inspecta\u021bi \u021beava cilindrului pentru a depista semne de zg\u00e2rieturi, coroziuni sau alte deterior\u0103ri. \u021aeava cilindrului poate necesita \u00eenlocuire dac\u0103 prezint\u0103 deterior\u0103ri semnificative.<br \/>\nb. Examina\u021bi pistonul \u0219i tija pentru uzur\u0103, zg\u00e2rieturi sau sec\u021biuni \u00eendoite. Dac\u0103 este necesar, \u00eenlocui\u021bi pistonul sau tija.<br \/>\nc. Verifica\u021bi garniturile \u0219i inelele O pentru uzur\u0103, fisuri sau deterior\u0103ri. \u00cenlocui\u021bi orice garnituri care prezint\u0103 semne de deteriorare.<\/li>\n<li><strong>Cur\u0103\u021bare:<\/strong><br \/>\na. Cur\u0103\u021ba\u021bi toate componentele dezasamblate folosind un solvent de cur\u0103\u021bare adecvat pentru a \u00eendep\u0103rta murd\u0103ria, resturile \u0219i lubrifiantul vechi.<br \/>\nb. Folosi\u021bi o c\u00e2rp\u0103 moale sau o perie pentru a \u00eendep\u0103rta orice reziduuri persistente.<br \/>\nc. Asigura\u021bi-v\u0103 c\u0103 toate componentele sunt complet uscate \u00eenainte de a continua.<\/li>\n<li><strong>Reasamblare:<\/strong><br \/>\na. Aplica\u021bi o cantitate mic\u0103 de ulei lubrifiant sau fluid hidraulic pe noile garnituri \u0219i inele O pentru a facilita instalarea.<br \/>\nb. Instala\u021bi noile garnituri \u0219i inele O pe piston \u0219i capacele de cap\u0103t, asigur\u00e2ndu-v\u0103 c\u0103 sunt a\u0219ezate corect.<br \/>\nc. Introduce\u021bi cu grij\u0103 ansamblul pistonului \u00eenapoi \u00een \u021beava cilindrului, aliniindu-l cu tija \u0219i garniturile.<br \/>\nd. Fixa\u021bi \u00een siguran\u021b\u0103 capacele de cap\u0103t la \u021beava cilindrului folosind \u0219uruburile sau \u0219tifturile de fixare.<br \/>\ne. Str\u00e2nge\u021bi \u0219uruburile sau \u0219tifturile la cuplul specificat de produc\u0103tor.<br \/>\nf. Verifica\u021bi mi\u0219carea pistonului \u0219i a tijei pentru a asigura o func\u021bionare lin\u0103.<\/li>\n<li><strong>Testarea cilindrilor:<\/strong><br \/>\na. Reinstala\u021bi cilindrul hidraulic pe echipament, urm\u00e2nd instruc\u021biunile produc\u0103torului.<br \/>\nb. Restabili\u021bi presiunea hidraulic\u0103 \u00een sistem \u0219i testa\u021bi func\u021bionalitatea cilindrului.<br \/>\nc. Monitoriza\u021bi orice scurgeri, zgomote anormale sau mi\u0219c\u0103ri neregulate.<br \/>\nd. Efectua\u021bi orice ajust\u0103ri sau repara\u021bii necesare \u00eenainte de a readuce echipamentul \u00een stare normal\u0103 de func\u021bionare.<\/li>\n<\/ol>\n<h2><strong>Capabilitatea \u0219i capacitatea fabricii:<\/strong><\/h2>\n<h3>(1) Montaj<\/h3>\n<p>Avem o platform\u0103 de asamblare independent\u0103 de cercetare \u0219i dezvoltare de prim\u0103 clas\u0103. Atelierul de produc\u021bie a cilindrilor hidraulici are patru linii de asamblare semiautomate pentru cilindri de ridicare \u0219i o linie de asamblare automat\u0103 a cilindrilor de \u00eenclinare, cu o capacitate de produc\u021bie anual\u0103 proiectat\u0103 de 1 milion de buc\u0103\u021bi. Atelierul de cilindri speciali este echipat cu diverse specifica\u021bii ale unui sistem de asamblare semi-automat de cur\u0103\u021bare, cu o capacitate de produc\u021bie anual\u0103 proiectat\u0103 de 200.000 \u0219i dotat cu echipamente celebre de prelucrare CNC, un centru de prelucrare, un echipament special de prelucrare a cilindrilor de \u00eenalt\u0103 precizie, o ma\u0219in\u0103 de sudur\u0103 robotizat\u0103, o ma\u0219in\u0103 de cur\u0103\u021bare automat\u0103, o ma\u0219in\u0103 de asamblare automat\u0103 a cilindrilor \u0219i o linie de produc\u021bie automat\u0103 de vopsire. Echipamente critice existente de peste 300 de seturi (seturi). Alocarea optim\u0103 \u0219i utilizarea eficient\u0103 a resurselor de echipamente asigur\u0103 cerin\u021bele de precizie ale produselor \u0219i satisface nevoile de \u00eenalt\u0103 calitate ale produselor.<\/p>\n<p><img loading=\"lazy\" decoding=\"async\" class=\"alignnone wp-image-626\" src=\"https:\/\/hydraulic-cylinders.net\/wp-content\/uploads\/2023\/08\/hydraulic-cylinder-product-1-300x158.webp\" alt=\"\" width=\"495\" height=\"260\" srcset=\"https:\/\/hydraulic-cylinders.net\/wp-content\/uploads\/2023\/08\/hydraulic-cylinder-product-1-300x158.webp 495w, https:\/\/hydraulic-cylinders.net\/wp-content\/uploads\/2023\/08\/hydraulic-cylinder-product-1-480x252.webp 480w\" sizes=\"(min-width: 0px) and (max-width: 480px) 480px, (min-width: 481px) 495px, 100vw\" \/> <img loading=\"lazy\" decoding=\"async\" class=\"alignnone wp-image-627\" src=\"https:\/\/hydraulic-cylinders.net\/wp-content\/uploads\/2023\/08\/hydraulic-cylinder-product-2-300x189.webp\" alt=\"\" width=\"413\" height=\"260\" \/><\/p>\n<h3>(2) Prelucrare<\/h3>\n<p>Atelierul de prelucrare este echipat cu un centru de strunjire cu \u0219in\u0103 \u00eenclinat\u0103 personalizat, un centru de prelucrare, o ma\u0219in\u0103 de honuire de mare vitez\u0103, un robot de sudur\u0103 \u0219i alte echipamente conexe, care pot gestiona prelucrarea tuburilor cilindrice cu un diametru interior maxim de 400 mm \u0219i o lungime maxim\u0103 de 6 metri.<\/p>\n<p><img loading=\"lazy\" decoding=\"async\" class=\"alignnone wp-image-628 size-large\" src=\"https:\/\/hydraulic-cylinders.net\/wp-content\/uploads\/2023\/08\/hydraulic-cylinder-product-3-1024x391.webp\" alt=\"\" width=\"1024\" height=\"391\" srcset=\"https:\/\/hydraulic-cylinders.net\/wp-content\/uploads\/2023\/08\/hydraulic-cylinder-product-3-980x374.webp 980w, https:\/\/hydraulic-cylinders.net\/wp-content\/uploads\/2023\/08\/hydraulic-cylinder-product-3-480x183.webp 480w\" sizes=\"(min-width: 0px) and (max-width: 480px) 480px, (min-width: 481px) and (max-width: 980px) 980px, (min-width: 981px) 1024px, 100vw\" \/><\/p>\n<h3>(3) Sudur\u0103<\/h3>\n<p><img loading=\"lazy\" decoding=\"async\" class=\"alignnone wp-image-629 size-large\" src=\"https:\/\/hydraulic-cylinders.net\/wp-content\/uploads\/2023\/08\/hydraulic-cylinder-product-4-1024x510.webp\" alt=\"\" width=\"1024\" height=\"510\" srcset=\"https:\/\/hydraulic-cylinders.net\/wp-content\/uploads\/2023\/08\/hydraulic-cylinder-product-4-980x488.webp 980w, https:\/\/hydraulic-cylinders.net\/wp-content\/uploads\/2023\/08\/hydraulic-cylinder-product-4-480x239.webp 480w\" sizes=\"(min-width: 0px) and (max-width: 480px) 480px, (min-width: 481px) and (max-width: 980px) 980px, (min-width: 981px) 1024px, 100vw\" \/><\/p>\n<h3>(4) Vopsire \u0219i acoperire<\/h3>\n<p>Cu linii automate de acoperire cu vopsea pe baz\u0103 de ap\u0103 cu cilindru de dimensiuni mici \u0219i medii, pentru a realiza \u00eenc\u0103rcarea \u0219i desc\u0103rcarea automat\u0103 a robotului \u0219i pulverizarea automat\u0103, capacitatea de proiectare de 4000 de buc\u0103\u021bi pe schimb;<br \/>\nAvem, de asemenea, o linie de produc\u021bie semi-automat\u0103 de vopsire pentru cilindri mari, ac\u021bionat\u0103 de un lan\u021b de putere, cu o capacitate de proiectare de 60 de cutii pe schimb.<\/p>\n<p><img loading=\"lazy\" decoding=\"async\" class=\"alignnone wp-image-630\" src=\"https:\/\/hydraulic-cylinders.net\/wp-content\/uploads\/2023\/08\/hydraulic-cylinder-product-5-300x213.webp\" alt=\"\" width=\"366\" height=\"260\" \/> <img loading=\"lazy\" decoding=\"async\" class=\"alignnone wp-image-631\" src=\"https:\/\/hydraulic-cylinders.net\/wp-content\/uploads\/2023\/08\/hydraulic-cylinder-product-6-300x225.webp\" alt=\"\" width=\"347\" height=\"260\" \/><\/p>\n<h3>(5) Testarea<\/h3>\n<p>Dispunem de instala\u021bii de inspec\u021bie \u0219i bancuri de testare de prim\u0103 clas\u0103 pentru a ne asigura c\u0103 performan\u021ba cilindrului \u00eendepline\u0219te cerin\u021bele.<\/p>\n<p><img loading=\"lazy\" decoding=\"async\" class=\"alignnone wp-image-632\" src=\"https:\/\/hydraulic-cylinders.net\/wp-content\/uploads\/2023\/08\/hydraulic-cylinder-product-8-300x200.webp\" alt=\"\" width=\"389\" height=\"260\" \/><\/p>\n<p>&nbsp;<\/p>\n<p>&nbsp;<\/p>\n<p>Suntem unul dintre cei mai buni produc\u0103tori de cilindri hidraulici cu tij\u0103 grea. Putem oferi \u00een stoc cilindri hidraulici cu tij\u0103 grea lat\u0103. De asemenea, oferim corespunz\u0103toare <a href=\"https:\/\/hzpt.com\/agricultural-pto-gearbox\/\" target=\"_blank\" rel=\"noopener\">cutii de viteze agricole<\/a>. Am exportat produsele noastre c\u0103tre clien\u021bi din \u00eentreaga lume \u0219i am c\u00e2\u0219tigat o bun\u0103 reputa\u021bie datorit\u0103 calit\u0103\u021bii superioare a produselor noastre \u0219i a serviciilor post-v\u00e2nzare. Salut\u0103m c\u0103lduros clien\u021bii at\u00e2t din \u021bar\u0103, c\u00e2t \u0219i din str\u0103in\u0103tate s\u0103 ne contacteze pentru a negocia afaceri, a face schimb de informa\u021bii \u0219i a\u00a0<a href=\"https:\/\/www.hydraulic-cylinders.net\/ro\/contact-us\/\">s\u0103 coopereze cu noi<\/a>!<\/p>\n<p>&nbsp;<\/p>\n<h2><\/h2>","protected":false},"excerpt":{"rendered":"<p>CB Type Binaural Type Heavy Rod Hydraulic Cylinder The Type CB binaural heavy rod hydraulic cylinder is a cutting-edge hydraulic element that delivers superior power, precision, and reliability in demanding industrial applications. With its innovative CB-type binaural design, robust construction, and advanced features, this hydraulic cylinder is designed to perform well in challenging conditions. Whether [&hellip;]<\/p>","protected":false},"featured_media":929,"comment_status":"open","ping_status":"closed","template":"","meta":{"_et_pb_use_builder":"","_et_pb_old_content":"","_et_gb_content_width":""},"product_brand":[],"product_cat":[1376,1385],"product_tag":[1380],"class_list":{"0":"post-928","1":"product","2":"type-product","3":"status-publish","4":"has-post-thumbnail","6":"product_cat-hydraulic-cylinder","7":"product_cat-heavy-rod-hydraulic-cylinder","8":"product_tag-hydraulic-cylinder","10":"first","11":"instock","12":"shipping-taxable","13":"product-type-simple"},"amp_enabled":true,"_links":{"self":[{"href":"https:\/\/www.hydraulic-cylinders.net\/ro\/wp-json\/wp\/v2\/product\/928","targetHints":{"allow":["GET"]}}],"collection":[{"href":"https:\/\/www.hydraulic-cylinders.net\/ro\/wp-json\/wp\/v2\/product"}],"about":[{"href":"https:\/\/www.hydraulic-cylinders.net\/ro\/wp-json\/wp\/v2\/types\/product"}],"replies":[{"embeddable":true,"href":"https:\/\/www.hydraulic-cylinders.net\/ro\/wp-json\/wp\/v2\/comments?post=928"}],"wp:featuredmedia":[{"embeddable":true,"href":"https:\/\/www.hydraulic-cylinders.net\/ro\/wp-json\/wp\/v2\/media\/929"}],"wp:attachment":[{"href":"https:\/\/www.hydraulic-cylinders.net\/ro\/wp-json\/wp\/v2\/media?parent=928"}],"wp:term":[{"taxonomy":"product_brand","embeddable":true,"href":"https:\/\/www.hydraulic-cylinders.net\/ro\/wp-json\/wp\/v2\/product_brand?post=928"},{"taxonomy":"product_cat","embeddable":true,"href":"https:\/\/www.hydraulic-cylinders.net\/ro\/wp-json\/wp\/v2\/product_cat?post=928"},{"taxonomy":"product_tag","embeddable":true,"href":"https:\/\/www.hydraulic-cylinders.net\/ro\/wp-json\/wp\/v2\/product_tag?post=928"}],"curies":[{"name":"wp","href":"https:\/\/api.w.org\/{rel}","templated":true}]}}