{"id":943,"date":"2023-09-04T06:17:54","date_gmt":"2023-09-04T06:17:54","guid":{"rendered":"https:\/\/hydraulic-cylinders.net\/?post_type=product&#038;p=943"},"modified":"2023-09-19T05:33:22","modified_gmt":"2023-09-19T05:33:22","slug":"biaxial-type-with-adjustable-nuts-heavy-rod-hydraulic-cylinder","status":"publish","type":"product","link":"https:\/\/www.hydraulic-cylinders.net\/ro\/produs\/biaxial-type-with-adjustable-nuts-heavy-rod-hydraulic-cylinder\/","title":{"rendered":"Tip Biaxial cu piuli\u021be reglabile Cilindru hidraulic cu tij\u0103 grea"},"content":{"rendered":"<h1 style=\"text-align: center;\"><strong>Tip Biaxial cu piuli\u021be reglabile Cilindru hidraulic cu tij\u0103 grea<\/strong><\/h1>\n<p>Cilindru hidraulic de tip biaxial cu piuli\u021b\u0103 reglabil\u0103 \u00een func\u021bie de greutate este un element hidraulic de \u00eenalt\u0103 performan\u021b\u0103 conceput pentru a rezolva cu u\u0219urin\u021b\u0103 aplica\u021bii industriale solicitante. Cu construc\u021bia sa robust\u0103, designul unic cu doi arbori \u0219i func\u021bia flexibil\u0103 a piuli\u021bei, acest cilindru hidraulic ofer\u0103 putere, precizie \u0219i versatilitate excep\u021bionale. Indiferent dac\u0103 trebuie s\u0103 ridica\u021bi, s\u0103 \u00eempinge\u021bi sau s\u0103 trage\u021bi sarcini grele, cilindrul hidraulic cu tij\u0103 pentru sarcini grele, tip cu dou\u0103 axe \u0219i piuli\u021be reglabile, iese \u00een eviden\u021b\u0103 \u00een condi\u021bii dificile, ceea ce \u00eel face un instrument indispensabil \u00een fiecare industrie.<\/p>\n<p>Caracteristicile esen\u021biale ale cilindrului hidraulic cu tij\u0103 grea:<\/p>\n<p><strong>Construc\u021bie robust\u0103:<\/strong>\u00a0 Acest cilindru hidraulic cu tij\u0103 grea este construit pentru a rezista la condi\u021bii extreme, datorit\u0103 construc\u021biei sale durabile din materiale de \u00eenalt\u0103 calitate. Designul s\u0103u robust asigur\u0103 longevitate, fiabilitate \u0219i rezisten\u021b\u0103 la uzur\u0103, gestion\u00e2nd eficient sarcini grele, presiuni ridicate \u0219i medii de lucru dure.<\/p>\n<p><strong>Design biaxial:<\/strong>\u00a0 Configura\u021bia cu dou\u0103 axe a cilindrului ofer\u0103 stabilitate sporit\u0103, mi\u0219care controlat\u0103 \u0219i pozi\u021bionare precis\u0103. Construc\u021bia sa pe dou\u0103 axe permite o func\u021bionare lin\u0103 \u0219i minimizeaz\u0103 riscul de nealiniere sau deformare \u00een timpul utiliz\u0103rii, asigur\u00e2nd performan\u021be \u0219i siguran\u021b\u0103 optime.<\/p>\n<p><strong>Caracteristici ale piuli\u021belor reglabile:<\/strong> Cilindrii hidraulici cu tij\u0103 grea \u0219i piuli\u021b\u0103 reglabil\u0103 de tip biaxial sunt echipa\u021bi cu piuli\u021be reglabile care permit o personalizare \u0219i o reglare fin\u0103 u\u0219oar\u0103. Aceast\u0103 caracteristic\u0103 permite utilizatorilor s\u0103 ajusteze lungimea cursei cilindrului pentru a-i optimiza performan\u021ba pentru aplica\u021bii \u0219i cerin\u021be opera\u021bionale specifice.<\/p>\n<p><img loading=\"lazy\" decoding=\"async\" class=\"size-full wp-image-945 aligncenter\" src=\"https:\/\/hydraulic-cylinders.net\/wp-content\/uploads\/2023\/09\/biaxial-type-with-adjustable-nuts-heavy-rod-hydraulic-cylinder-2.webp\" alt=\"\" width=\"297\" height=\"297\" srcset=\"https:\/\/www.hydraulic-cylinders.net\/wp-content\/uploads\/2023\/09\/biaxial-type-with-adjustable-nuts-heavy-rod-hydraulic-cylinder-2.webp 297w, https:\/\/www.hydraulic-cylinders.net\/wp-content\/uploads\/2023\/09\/biaxial-type-with-adjustable-nuts-heavy-rod-hydraulic-cylinder-2-100x100.webp 100w, https:\/\/www.hydraulic-cylinders.net\/wp-content\/uploads\/2023\/09\/biaxial-type-with-adjustable-nuts-heavy-rod-hydraulic-cylinder-2-150x150.webp 150w, https:\/\/www.hydraulic-cylinders.net\/wp-content\/uploads\/2023\/09\/biaxial-type-with-adjustable-nuts-heavy-rod-hydraulic-cylinder-2-12x12.webp 12w\" sizes=\"(max-width: 297px) 100vw, 297px\" \/><\/p>\n<h2><strong>Parametrul cilindrului hidraulic cu tij\u0103 grea de tip biaxial:<\/strong><\/h2>\n<p><img loading=\"lazy\" decoding=\"async\" class=\"alignnone wp-image-946 size-full\" src=\"https:\/\/hydraulic-cylinders.net\/wp-content\/uploads\/2023\/09\/biaxial-type-with-adjustable-nuts-heavy-rod-hydraulic-cylinder-1.webp\" alt=\"\" width=\"790\" height=\"512\" srcset=\"https:\/\/hydraulic-cylinders.net\/wp-content\/uploads\/2023\/09\/biaxial-type-with-adjustable-nuts-heavy-rod-hydraulic-cylinder-1.webp 790w, https:\/\/hydraulic-cylinders.net\/wp-content\/uploads\/2023\/09\/biaxial-type-with-adjustable-nuts-heavy-rod-hydraulic-cylinder-1-480x311.webp 480w\" sizes=\"(min-width: 0px) and (max-width: 480px) 480px, (min-width: 481px) 790px, 100vw\" \/><\/p>\n<h2><strong>Cilindru hidraulic standard de tip biaxial de tip Heavy Rod <\/strong><strong>Metod\u0103 de utilizare<\/strong><strong>:<\/strong><\/h2>\n<p><strong>Montare:<\/strong>\u00a0 Mai \u00eent\u00e2i, utiliza\u021bi suportul sau dispozitivul de montare corespunz\u0103tor pentru a instala \u00een siguran\u021b\u0103 cilindrul hidraulic cu tij\u0103 grea \u0219i piuli\u021b\u0103 reglabil\u0103 cu ax dublu. Asigura\u021bi o aliniere \u0219i o stabilitate corespunz\u0103toare \u00een timpul instal\u0103rii pentru a preveni nealinierea cilindrului sau solicitarea excesiv\u0103.<\/p>\n<p><strong>Integrarea sistemului hidraulic:<\/strong>\u00a0 Conecta\u021bi linia hidraulic\u0103 la cilindru conform instruc\u021biunilor \u0219i directivelor produc\u0103torului. Cilindrul este integrat \u00een sistemul hidraulic prin conectarea acestuia la o pomp\u0103 sau o unitate de alimentare adecvat\u0103. Asigura\u021bi-v\u0103 c\u0103 sunt \u00eendeplinite specifica\u021biile cilindrului \u0219i cerin\u021bele de func\u021bionare.<\/p>\n<p><strong>Reglarea piuli\u021belor reglabile:<\/strong>\u00a0 Folosi\u021bi func\u021bia de piuli\u021b\u0103 reglabil\u0103 pentru a personaliza lungimea cursei cilindrului. Ajusta\u021bi piuli\u021ba pentru a atinge distan\u021ba de \u00eentindere \u0219i contrac\u021bie dorit\u0103, optimiz\u00e2nd performan\u021ba cilindrului pentru a \u00eendeplini sarcina specific\u0103. Str\u00e2nge\u021bi piuli\u021ba dup\u0103 reglare.<\/p>\n<h2><strong>Cilindru hidraulic standard de tip biaxial de tip Heavy Rod <\/strong><strong>\u00centre\u0163inere<\/strong><strong>:<\/strong><\/h2>\n<p>\u00centre\u021binerea regulat\u0103 este esen\u021bial\u0103 pentru a asigura performan\u021ba optim\u0103 \u0219i longevitatea cilindrului hidraulic cu tij\u0103 grea de tip biaxial cu piuli\u021be reglabile. Urma\u021bi aceste instruc\u021biuni de \u00eentre\u021binere:<\/p>\n<p><strong>Inspec\u021bie periodic\u0103:<\/strong> Efectua\u021bi inspec\u021bii de rutin\u0103 pentru a identifica semne de uzur\u0103, deteriorare sau scurgeri. Inspecta\u021bi corpul cilindrului, tija, garniturile \u0219i piuli\u021bele reglabile pentru anomalii. Remedia\u021bi prompt orice problem\u0103 pentru a preveni accidente ulterioare sau ineficien\u021be opera\u021bionale.<\/p>\n<p><strong>Lubrifiere:<\/strong> Aplica\u021bi lubrifiantul recomandat pe piesele mobile ale cilindrului, inclusiv tija, garniturile \u0219i piuli\u021bele reglabile. Lubrifierea regulat\u0103 minimizeaz\u0103 frecarea, reduce uzura \u0219i asigur\u0103 o func\u021bionare lin\u0103. Urma\u021bi instruc\u021biunile produc\u0103torului pentru intervalele de lubrifiere \u0219i utiliza\u021bi tipul de lubrifiant corespunz\u0103tor.<\/p>\n<p><strong>\u00cenlocuirea garniturii:<\/strong> Dac\u0103 observa\u021bi deteriorarea sau scurgerile garniturilor, \u00eenlocui\u021bi garniturile folosind piese originale aprobate de produc\u0103tor. Garniturile deteriorate sau uzate pot compromite performan\u021ba cilindrului \u0219i pot duce la scurgeri de fluid hidraulic.<\/p>\n<p><strong>Cur\u0103\u021bare:<\/strong> Cur\u0103\u021ba\u021bi cilindrul hidraulic cu tij\u0103 grea prin \u00eendep\u0103rtarea murd\u0103riei, a resturilor \u0219i a altor contaminan\u021bi. Folosi\u021bi un produs de cur\u0103\u021bare neabraziv \u0219i asigura\u021bi-v\u0103 c\u0103 toate componentele sunt uscate complet \u00eenainte de reasamblare. Cur\u0103\u021barea regulat\u0103 promoveaz\u0103 performan\u021be optime \u0219i previne uzura prematur\u0103 sau deteriorarea.<\/p>\n<h2><strong>Cum func\u021bioneaz\u0103 un cilindru hidraulic unidirec\u021bional?<\/strong><\/h2>\n<p>Iat\u0103 o explica\u021bie pas cu pas a modului \u00een care func\u021bioneaz\u0103 un cilindru hidraulic unidirec\u021bional:<\/p>\n<ol>\n<li><strong>Construc\u021bia cilindrului:<\/strong> Un cilindru hidraulic unidirec\u021bional este alc\u0103tuit dintr-un cilindru, un piston, o tij\u0103 de piston \u0219i una sau mai multe garnituri de etan\u0219are. Cilindrul g\u0103zduie\u0219te pistonul \u0219i ofer\u0103 o camer\u0103 etan\u0219\u0103 pentru fluidul hidraulic.<\/li>\n<li><strong>Alimentare cu fluid hidraulic:<\/strong> Fluidul hidraulic, de obicei uleiul, este furnizat cilindrului printr-un orificiu de admisie conectat la o pomp\u0103 hidraulic\u0103 sau la o unitate de alimentare. Fluidul hidraulic este presurizat, cre\u00e2nd o for\u021b\u0103 care va ac\u021biona asupra pistonului.<\/li>\n<li><strong>Curs\u0103 de extensie:<\/strong> C\u00e2nd se aplic\u0103 presiune hidraulic\u0103 la orificiul de admisie al cilindrului, fluidul sub presiune intr\u0103 \u00een camera cilindrului pe o parte a pistonului. For\u021ba exercitat\u0103 de fluidul hidraulic \u00eempinge pistonul \u0219i tija pistonului ata\u0219at\u0103 spre exterior, prelungind cursa cilindrului.<\/li>\n<li><strong>Curs\u0103 de retragere:<\/strong> Spre deosebire de un cilindru cu dubl\u0103 ac\u021biune, care poate genera for\u021b\u0103 \u00een ambele direc\u021bii, un cilindru hidraulic unidirec\u021bional se bazeaz\u0103 pe o for\u021b\u0103 extern\u0103 pentru a retrage pistonul. Aceast\u0103 for\u021b\u0103 poate fi furnizat\u0103 de gravita\u021bie, un arc sau o sarcin\u0103 extern\u0103 care \u00eempinge pistonul \u00eenapoi \u00een cilindru.<\/li>\n<li><strong>Func\u021bionarea etan\u0219\u0103rii:<\/strong> Garniturile din cilindru previn scurgerile de fluid hidraulic \u0219i men\u021bin separarea dintre fluid \u0219i p\u0103r\u021bile laterale ale tijei. Acestea asigur\u0103 c\u0103 fluidul sub presiune ac\u021bioneaz\u0103 doar pe o singur\u0103 parte a pistonului, cre\u00e2nd for\u021ba liniar\u0103 dorit\u0103.<\/li>\n<li><strong>Supape de control:<\/strong> Supapele de control, cum ar fi o supap\u0103 de control direc\u021bional\u0103, controleaz\u0103 debitul \u0219i direc\u021bia fluidului hidraulic. Prin manipularea supapei de control, operatorul poate controla extensia \u0219i retragerea cilindrului hidraulic unidirec\u021bional.<\/li>\n<li><strong>Fluid de retur:<\/strong> Pe m\u0103sur\u0103 ce pistonul se retrage, fluidul hidraulic de pe partea de extensie a cilindrului este for\u021bat s\u0103 ias\u0103 \u0219i se \u00eentoarce \u00een rezervorul hidraulic printr-un orificiu de ie\u0219ire sau o conduct\u0103 de retur.<\/li>\n<\/ol>\n<h2><strong>Capabilitatea \u0219i capacitatea fabricii:<\/strong><\/h2>\n<h3>(1) Montaj<\/h3>\n<p>Avem o platform\u0103 de asamblare independent\u0103 de cercetare \u0219i dezvoltare de prim\u0103 clas\u0103. Atelierul de produc\u021bie a cilindrilor hidraulici are patru linii de asamblare semiautomate pentru cilindri de ridicare \u0219i o linie de asamblare automat\u0103 a cilindrilor de \u00eenclinare, cu o capacitate de produc\u021bie anual\u0103 proiectat\u0103 de 1 milion de buc\u0103\u021bi. Atelierul de cilindri speciali este echipat cu diverse specifica\u021bii ale unui sistem de asamblare semi-automat de cur\u0103\u021bare, cu o capacitate de produc\u021bie anual\u0103 proiectat\u0103 de 200.000 \u0219i dotat cu echipamente celebre de prelucrare CNC, un centru de prelucrare, un echipament special de prelucrare a cilindrilor de \u00eenalt\u0103 precizie, o ma\u0219in\u0103 de sudur\u0103 robotizat\u0103, o ma\u0219in\u0103 de cur\u0103\u021bare automat\u0103, o ma\u0219in\u0103 de asamblare automat\u0103 a cilindrilor \u0219i o linie de produc\u021bie automat\u0103 de vopsire. Echipamente critice existente de peste 300 de seturi (seturi). Alocarea optim\u0103 \u0219i utilizarea eficient\u0103 a resurselor de echipamente asigur\u0103 cerin\u021bele de precizie ale produselor \u0219i satisface nevoile de \u00eenalt\u0103 calitate ale produselor.<\/p>\n<p><img loading=\"lazy\" decoding=\"async\" class=\"alignnone wp-image-626\" src=\"https:\/\/hydraulic-cylinders.net\/wp-content\/uploads\/2023\/08\/hydraulic-cylinder-product-1-300x158.webp\" alt=\"\" width=\"495\" height=\"260\" srcset=\"https:\/\/hydraulic-cylinders.net\/wp-content\/uploads\/2023\/08\/hydraulic-cylinder-product-1-300x158.webp 495w, https:\/\/hydraulic-cylinders.net\/wp-content\/uploads\/2023\/08\/hydraulic-cylinder-product-1-480x252.webp 480w\" sizes=\"(min-width: 0px) and (max-width: 480px) 480px, (min-width: 481px) 495px, 100vw\" \/> <img loading=\"lazy\" decoding=\"async\" class=\"alignnone wp-image-627\" src=\"https:\/\/hydraulic-cylinders.net\/wp-content\/uploads\/2023\/08\/hydraulic-cylinder-product-2-300x189.webp\" alt=\"\" width=\"413\" height=\"260\" \/><\/p>\n<h3>(2) Prelucrare<\/h3>\n<p>Atelierul de prelucrare este echipat cu un centru de strunjire cu \u0219in\u0103 \u00eenclinat\u0103 personalizat, un centru de prelucrare, o ma\u0219in\u0103 de honuire de mare vitez\u0103, un robot de sudur\u0103 \u0219i alte echipamente conexe, care pot gestiona prelucrarea tuburilor cilindrice cu un diametru interior maxim de 400 mm \u0219i o lungime maxim\u0103 de 6 metri.<\/p>\n<p><img loading=\"lazy\" decoding=\"async\" class=\"alignnone wp-image-628 size-large\" src=\"https:\/\/hydraulic-cylinders.net\/wp-content\/uploads\/2023\/08\/hydraulic-cylinder-product-3-1024x391.webp\" alt=\"\" width=\"1024\" height=\"391\" srcset=\"https:\/\/hydraulic-cylinders.net\/wp-content\/uploads\/2023\/08\/hydraulic-cylinder-product-3-980x374.webp 980w, https:\/\/hydraulic-cylinders.net\/wp-content\/uploads\/2023\/08\/hydraulic-cylinder-product-3-480x183.webp 480w\" sizes=\"(min-width: 0px) and (max-width: 480px) 480px, (min-width: 481px) and (max-width: 980px) 980px, (min-width: 981px) 1024px, 100vw\" \/><\/p>\n<h3>(3) Sudur\u0103<\/h3>\n<p><img loading=\"lazy\" decoding=\"async\" class=\"alignnone wp-image-629 size-large\" src=\"https:\/\/hydraulic-cylinders.net\/wp-content\/uploads\/2023\/08\/hydraulic-cylinder-product-4-1024x510.webp\" alt=\"\" width=\"1024\" height=\"510\" srcset=\"https:\/\/hydraulic-cylinders.net\/wp-content\/uploads\/2023\/08\/hydraulic-cylinder-product-4-980x488.webp 980w, https:\/\/hydraulic-cylinders.net\/wp-content\/uploads\/2023\/08\/hydraulic-cylinder-product-4-480x239.webp 480w\" sizes=\"(min-width: 0px) and (max-width: 480px) 480px, (min-width: 481px) and (max-width: 980px) 980px, (min-width: 981px) 1024px, 100vw\" \/><\/p>\n<h3>(4) Vopsire \u0219i acoperire<\/h3>\n<p>Cu linii automate de acoperire cu vopsea pe baz\u0103 de ap\u0103 cu cilindru de dimensiuni mici \u0219i medii, pentru a realiza \u00eenc\u0103rcarea \u0219i desc\u0103rcarea automat\u0103 a robotului \u0219i pulverizarea automat\u0103, capacitatea de proiectare de 4000 de buc\u0103\u021bi pe schimb;<br \/>\nAvem, de asemenea, o linie de produc\u021bie semi-automat\u0103 de vopsire pentru cilindri mari, ac\u021bionat\u0103 de un lan\u021b de putere, cu o capacitate de proiectare de 60 de cutii pe schimb.<\/p>\n<p><img loading=\"lazy\" decoding=\"async\" class=\"alignnone wp-image-630\" src=\"https:\/\/hydraulic-cylinders.net\/wp-content\/uploads\/2023\/08\/hydraulic-cylinder-product-5-300x213.webp\" alt=\"\" width=\"366\" height=\"260\" \/> <img loading=\"lazy\" decoding=\"async\" class=\"alignnone wp-image-631\" src=\"https:\/\/hydraulic-cylinders.net\/wp-content\/uploads\/2023\/08\/hydraulic-cylinder-product-6-300x225.webp\" alt=\"\" width=\"347\" height=\"260\" \/><\/p>\n<h3>(5) Testarea<\/h3>\n<p>Dispunem de instala\u021bii de inspec\u021bie \u0219i bancuri de testare de prim\u0103 clas\u0103 pentru a ne asigura c\u0103 performan\u021ba cilindrului \u00eendepline\u0219te cerin\u021bele.<\/p>\n<p><img loading=\"lazy\" decoding=\"async\" class=\"alignnone wp-image-632\" src=\"https:\/\/hydraulic-cylinders.net\/wp-content\/uploads\/2023\/08\/hydraulic-cylinder-product-8-300x200.webp\" alt=\"\" width=\"389\" height=\"260\" \/><\/p>\n<p>&nbsp;<\/p>\n<p>&nbsp;<\/p>\n<p>Suntem unul dintre cei mai buni produc\u0103tori de cilindri hidraulici cu tij\u0103 grea. Putem oferi \u00een stoc cilindri hidraulici cu tij\u0103 grea lat\u0103. De asemenea, oferim corespunz\u0103toare <a href=\"https:\/\/hzpt.com\/agricultural-pto-gearbox\/\" target=\"_blank\" rel=\"noopener\">cutii de viteze agricole<\/a>. Am exportat produsele noastre c\u0103tre clien\u021bi din \u00eentreaga lume \u0219i am c\u00e2\u0219tigat o bun\u0103 reputa\u021bie datorit\u0103 calit\u0103\u021bii superioare a produselor noastre \u0219i a serviciilor post-v\u00e2nzare. Salut\u0103m c\u0103lduros clien\u021bii at\u00e2t din \u021bar\u0103, c\u00e2t \u0219i din str\u0103in\u0103tate s\u0103 ne contacteze pentru a negocia afaceri, a face schimb de informa\u021bii \u0219i a\u00a0<a href=\"https:\/\/www.hydraulic-cylinders.net\/ro\/contact-us\/\">s\u0103 coopereze cu noi<\/a>!<\/p>\n<p>&nbsp;<\/p>\n<h2><\/h2>","protected":false},"excerpt":{"rendered":"<p>Biaxial Type With Adjustable Nuts Heavy Rod Hydraulic Cylinder The biaxial type with adjustable nut-weight hydraulic cylinder is a high-performance hydraulic element designed to easily solve demanding industrial applications. With its rugged construction, unique two-shaft design, and flexible nut function, this hydraulic cylinder offers exceptional power, precision, and versatility. Whether you need to lift, push, [&hellip;]<\/p>","protected":false},"featured_media":947,"comment_status":"open","ping_status":"closed","template":"","meta":{"_et_pb_use_builder":"","_et_pb_old_content":"","_et_gb_content_width":""},"product_brand":[],"product_cat":[1376,1385],"product_tag":[1380],"class_list":{"0":"post-943","1":"product","2":"type-product","3":"status-publish","4":"has-post-thumbnail","6":"product_cat-hydraulic-cylinder","7":"product_cat-heavy-rod-hydraulic-cylinder","8":"product_tag-hydraulic-cylinder","10":"first","11":"instock","12":"shipping-taxable","13":"product-type-simple"},"amp_enabled":true,"_links":{"self":[{"href":"https:\/\/www.hydraulic-cylinders.net\/ro\/wp-json\/wp\/v2\/product\/943","targetHints":{"allow":["GET"]}}],"collection":[{"href":"https:\/\/www.hydraulic-cylinders.net\/ro\/wp-json\/wp\/v2\/product"}],"about":[{"href":"https:\/\/www.hydraulic-cylinders.net\/ro\/wp-json\/wp\/v2\/types\/product"}],"replies":[{"embeddable":true,"href":"https:\/\/www.hydraulic-cylinders.net\/ro\/wp-json\/wp\/v2\/comments?post=943"}],"wp:featuredmedia":[{"embeddable":true,"href":"https:\/\/www.hydraulic-cylinders.net\/ro\/wp-json\/wp\/v2\/media\/947"}],"wp:attachment":[{"href":"https:\/\/www.hydraulic-cylinders.net\/ro\/wp-json\/wp\/v2\/media?parent=943"}],"wp:term":[{"taxonomy":"product_brand","embeddable":true,"href":"https:\/\/www.hydraulic-cylinders.net\/ro\/wp-json\/wp\/v2\/product_brand?post=943"},{"taxonomy":"product_cat","embeddable":true,"href":"https:\/\/www.hydraulic-cylinders.net\/ro\/wp-json\/wp\/v2\/product_cat?post=943"},{"taxonomy":"product_tag","embeddable":true,"href":"https:\/\/www.hydraulic-cylinders.net\/ro\/wp-json\/wp\/v2\/product_tag?post=943"}],"curies":[{"name":"wp","href":"https:\/\/api.w.org\/{rel}","templated":true}]}}