{"id":983,"date":"2023-09-06T06:31:38","date_gmt":"2023-09-06T06:31:38","guid":{"rendered":"https:\/\/hydraulic-cylinders.net\/?post_type=product&#038;p=983"},"modified":"2023-09-19T01:39:48","modified_gmt":"2023-09-19T01:39:48","slug":"front-cover-rectangular-flange-four-rod-hydraulic-cylinder","status":"publish","type":"product","link":"https:\/\/www.hydraulic-cylinders.net\/ro\/produs\/front-cover-rectangular-flange-four-rod-hydraulic-cylinder\/","title":{"rendered":"Capac frontal flan\u0219\u0103 dreptunghiular\u0103 flan\u0219\u0103 cu patru tije cilindru hidraulic"},"content":{"rendered":"<h1 style=\"text-align: center;\"><strong>Capac frontal flan\u0219\u0103 dreptunghiular\u0103 flan\u0219\u0103 cu patru tije cilindru hidraulic<\/strong><\/h1>\n<p><img loading=\"lazy\" decoding=\"async\" class=\"size-full wp-image-984 aligncenter\" src=\"https:\/\/hydraulic-cylinders.net\/wp-content\/uploads\/2023\/09\/front-cover-rectangular-flange-four-rod-hydraulic-cylinder-1.webp\" alt=\"\" width=\"224\" height=\"224\" srcset=\"https:\/\/www.hydraulic-cylinders.net\/wp-content\/uploads\/2023\/09\/front-cover-rectangular-flange-four-rod-hydraulic-cylinder-1.webp 224w, https:\/\/www.hydraulic-cylinders.net\/wp-content\/uploads\/2023\/09\/front-cover-rectangular-flange-four-rod-hydraulic-cylinder-1-100x100.webp 100w, https:\/\/www.hydraulic-cylinders.net\/wp-content\/uploads\/2023\/09\/front-cover-rectangular-flange-four-rod-hydraulic-cylinder-1-150x150.webp 150w, https:\/\/www.hydraulic-cylinders.net\/wp-content\/uploads\/2023\/09\/front-cover-rectangular-flange-four-rod-hydraulic-cylinder-1-12x12.webp 12w\" sizes=\"(max-width: 224px) 100vw, 224px\" \/><\/p>\n<p>Cilindrul hidraulic cu patru bare cu flan\u0219\u0103 dreptunghiular\u0103 cu capac frontal este un ansamblu de ultim\u0103 genera\u021bie care ofer\u0103 performan\u021be superioare \u00een diverse aplica\u021bii industriale. Cu un design inovator, o inginerie precis\u0103 \u0219i o construc\u021bie robust\u0103, acest cilindru hidraulic ofer\u0103 o func\u021bionalitate \u0219i o fiabilitate excelente. Aceast\u0103 lucrare va discuta principalele caracteristici, metodele de utilizare \u0219i liniile directoare de \u00eentre\u021binere ale cilindrului hidraulic cu patru bare cu flan\u0219\u0103 dreptunghiular\u0103 cu capac frontal.<\/p>\n<p>Caracteristicile esen\u021biale ale cilindrului hidraulic cu patru tije:<\/p>\n<p>Cilindrul hidraulic cu patru tije cu flan\u0219\u0103 dreptunghiular\u0103 cu capac frontal se m\u00e2ndre\u0219te cu mai multe caracteristici remarcabile care \u00eel fac un produs remarcabil \u00een industria hidraulic\u0103:<\/p>\n<p><strong>Stabilitate \u0219i capacitate de \u00eenc\u0103rcare \u00eembun\u0103t\u0103\u021bite:<\/strong><\/p>\n<ul>\n<li>Designul unic al flan\u0219ei dreptunghiulare asigur\u0103 o stabilitate superioar\u0103 pe cilindru prin distribuirea uniform\u0103 a sarcinii. Acest design minimizeaz\u0103 deformarea \u0219i asigur\u0103 o performan\u021b\u0103 constant\u0103 chiar \u0219i \u00een condi\u021bii de sarcini grele \u0219i condi\u021bii de func\u021bionare dificile.<\/li>\n<li>Capacitatea sporit\u0103 de \u00eenc\u0103rcare permite cilindrilor s\u0103 suporte sarcini mari \u0219i for\u021be mari, ceea ce \u00eei face ideali pentru aplica\u021bii industriale solicitante.<\/li>\n<\/ul>\n<p><strong>Control \u0219i pozi\u021bionare precis\u0103:<\/strong><\/p>\n<ul>\n<li>Configura\u021bia cu patru tije a cilindrului permite un control \u0219i o pozi\u021bionare precis\u0103 a tijei pistonului. Aceast\u0103 caracteristic\u0103 asigur\u0103 o mi\u0219care \u0219i o aliniere precis\u0103 a sarcinilor pentru opera\u021biuni detaliate \u0219i sincronizate.<\/li>\n<li>Controlul precis oferit de cilindru \u00eel face ideal pentru aplica\u021biile care necesit\u0103 un control precis al mi\u0219c\u0103rii, cum ar fi robotica, manipularea materialelor \u0219i sistemele de automatizare.<\/li>\n<\/ul>\n<p><strong>Durabilitate \u0219i longevitate:<\/strong><\/p>\n<ul>\n<li>Capacul frontal cu flan\u0219\u0103 dreptunghiular\u0103 cu flan\u0219\u0103 dreptunghiular\u0103 cu patru tije, cilindrul hidraulic poate rezista la medii dure \u0219i utilizare intens\u0103. Este fabricat din materiale de \u00eenalt\u0103 calitate care ofer\u0103 rezisten\u021b\u0103 superioar\u0103, durabilitate, rezisten\u021b\u0103 la uzur\u0103 \u0219i rezisten\u021b\u0103 la coroziune.<\/li>\n<li>Construc\u021bia robust\u0103 a cilindrului hidraulic cu patru tije asigur\u0103 longevitate \u0219i performan\u021b\u0103 fiabil\u0103, reduc\u00e2nd timpii mor\u021bi \u0219i costurile de \u00eentre\u021binere.<\/li>\n<\/ul>\n<h2><strong>Capacul frontal Flan\u0219\u0103 dreptunghiular\u0103 cu flan\u0219\u0103 cu patru tije Cilindru hidraulic Parametru:<\/strong><\/h2>\n<p><img loading=\"lazy\" decoding=\"async\" class=\"alignnone wp-image-985 size-full\" src=\"https:\/\/hydraulic-cylinders.net\/wp-content\/uploads\/2023\/09\/front-cover-rectangular-flange-four-rod-hydraulic-cylinder.webp\" alt=\"\" width=\"655\" height=\"198\" srcset=\"https:\/\/hydraulic-cylinders.net\/wp-content\/uploads\/2023\/09\/front-cover-rectangular-flange-four-rod-hydraulic-cylinder.webp 655w, https:\/\/hydraulic-cylinders.net\/wp-content\/uploads\/2023\/09\/front-cover-rectangular-flange-four-rod-hydraulic-cylinder-480x145.webp 480w\" sizes=\"(min-width: 0px) and (max-width: 480px) 480px, (min-width: 481px) 655px, 100vw\" \/><\/p>\n<p><img loading=\"lazy\" decoding=\"async\" class=\"alignnone wp-image-986 size-full\" src=\"https:\/\/hydraulic-cylinders.net\/wp-content\/uploads\/2023\/09\/jj-hh-c-four-rod-hydraulic-cylinder.webp\" alt=\"\" width=\"655\" height=\"218\" srcset=\"https:\/\/hydraulic-cylinders.net\/wp-content\/uploads\/2023\/09\/jj-hh-c-four-rod-hydraulic-cylinder.webp 655w, https:\/\/hydraulic-cylinders.net\/wp-content\/uploads\/2023\/09\/jj-hh-c-four-rod-hydraulic-cylinder-480x160.webp 480w\" sizes=\"(min-width: 0px) and (max-width: 480px) 480px, (min-width: 481px) 655px, 100vw\" \/><\/p>\n<h2><strong>Capac frontal flan\u0219\u0103 dreptunghiular\u0103 flan\u0219\u0103 cu patru tije cilindru hidraulic<\/strong><strong>:<\/strong><\/h2>\n<p>Cilindrul hidraulic cu patru tije \u0219i flan\u0219\u0103 dreptunghiular\u0103 cu capac frontal este proiectat pentru o integrare simpl\u0103 \u00een diverse sisteme hidraulice. Iat\u0103 un ghid general pentru utilizarea eficient\u0103 a cilindrului:<\/p>\n<p><strong>Montare \u0219i conectare:<\/strong><\/p>\n<ul>\n<li>Asigura\u021bi alinierea corect\u0103 \u0219i fixa\u021bi montajul cilindrului pe echipament sau utilaj folosind \u0219uruburi sau elemente de fixare adecvate.<\/li>\n<li>Conecta\u021bi conductele hidraulice la orificiile de intrare \u0219i de ie\u0219ire ale cilindrului hidraulic cu patru tije, asigur\u00e2nd o conexiune sigur\u0103 \u0219i f\u0103r\u0103 scurgeri. Folosi\u021bi fitinguri, garnituri \u0219i tipuri de filet adecvate, a\u0219a cum recomand\u0103 produc\u0103torul.<\/li>\n<\/ul>\n<p><strong>Control hidraulic:<\/strong><\/p>\n<ul>\n<li>Activa\u021bi sistemul hidraulic care alimenteaz\u0103 cilindrul prin ac\u021bionarea pompei hidraulice asociate sau a supapei de control.<\/li>\n<li>Controla\u021bi mi\u0219carea cilindrului hidraulic cu patru tije prin reglarea debitului \u0219i presiunii hidraulice cu ajutorul supapei de control. Acest lucru permite pozi\u021bionarea \u0219i func\u021bionarea precis\u0103 a cilindrului hidraulic.<\/li>\n<\/ul>\n<h2><strong>\u00centre\u021binerea capacului frontal TD Front Cover Flan\u0219\u0103 dreptunghiular\u0103 Patru cilindru hidraulic Rod<\/strong><strong>:<\/strong><\/h2>\n<p>\u00centre\u021binerea corespunz\u0103toare a cilindrului hidraulic cu patru tije cu flan\u0219\u0103 dreptunghiular\u0103 cu capac frontal este vital\u0103 pentru a asigura o performan\u021b\u0103 optim\u0103 \u0219i pentru a prelungi durata de via\u021b\u0103 a acestuia. Lua\u021bi \u00een considerare urm\u0103toarele sfaturi de \u00eentre\u021binere:<\/p>\n<ol>\n<li><strong>Inspec\u021bie periodic\u0103:<\/strong><\/li>\n<\/ol>\n<ul>\n<li>Inspecta\u021bi periodic cilindrul pentru a detecta orice scurgere, deteriorare sau uzur\u0103 excesiv\u0103. Acorda\u021bi aten\u021bie garniturilor, tijelor \u0219i componentelor de montare.<\/li>\n<li>\u00cenlocui\u021bi imediat orice pies\u0103 uzat\u0103 sau deteriorat\u0103 pentru a preveni alte probleme \u0219i pentru a asigura o performan\u021b\u0103 optim\u0103.<\/li>\n<\/ul>\n<ol start=\"2\">\n<li><strong>Lubrifiere:<\/strong><\/li>\n<\/ol>\n<ul>\n<li>Respecta\u021bi recomand\u0103rile produc\u0103torului pentru intervalele de lubrifiere. Aplica\u021bi ulei sau unsoare hidraulic\u0103 de \u00eenalt\u0103 calitate pe tij\u0103, garnituri \u0219i alte p\u0103r\u021bi mobile.<\/li>\n<li>Lubrifierea corespunz\u0103toare minimizeaz\u0103 frecarea, reduce uzura \u0219i asigur\u0103 func\u021bionarea f\u0103r\u0103 probleme a cilindrului hidraulic.<\/li>\n<\/ul>\n<ol start=\"3\">\n<li><strong>Cur\u0103\u021benie:<\/strong><\/li>\n<\/ol>\n<ul>\n<li>P\u0103stra\u021bi cilindrul \u0219i \u00eemprejurimile acestuia curate \u0219i f\u0103r\u0103 murd\u0103rie, resturi sau contaminan\u021bi care afecteaz\u0103 performan\u021ba.<\/li>\n<li>\u00cendep\u0103rta\u021bi periodic murd\u0103ria sau murd\u0103ria acumulat\u0103 folosind un agent de cur\u0103\u021bare bl\u00e2nd \u0219i o c\u00e2rp\u0103 moale.<\/li>\n<\/ul>\n<h2><strong>Cum s\u0103 dezasambla\u021bi un cilindru hidraulic\uff1f<\/strong><\/h2>\n<p>Demontarea unui cilindru hidraulic necesit\u0103 o aten\u021bie deosebit\u0103 \u0219i respectarea procedurilor adecvate pentru a asigura o demontare sigur\u0103 \u0219i eficient\u0103. Iat\u0103 un ghid pas cu pas privind modul de dezasamblare a unui cilindru hidraulic:<\/p>\n<ol>\n<li><strong>Preg\u0103tire \u0219i siguran\u021b\u0103:<\/strong><\/li>\n<\/ol>\n<ul>\n<li>Asigura\u021bi-v\u0103 c\u0103 ave\u021bi un spa\u021biu de lucru curat \u0219i organizat, cu spa\u021biu suficient pentru a lucra la cilindrul hidraulic.<\/li>\n<li>Purta\u021bi echipament individual de protec\u021bie adecvat, inclusiv ochelari de protec\u021bie, m\u0103nu\u0219i \u0219i \u00eembr\u0103c\u0103minte de protec\u021bie, pentru a v\u0103 proteja de pericole.<\/li>\n<\/ul>\n<ol start=\"2\">\n<li><strong>Elibera\u021bi presiunea hidraulic\u0103:<\/strong><\/li>\n<\/ol>\n<ul>\n<li>\u00cenainte de a dezasambla cilindrul hidraulic, elibera\u021bi presiunea pentru a evita mi\u0219c\u0103rile bru\u0219te sau activarea accidental\u0103.<\/li>\n<li>Deschide\u021bi supapa de control hidraulic sau elibera\u021bi presiunea folosind metoda adecvat\u0103 recomandat\u0103 de produc\u0103tor.<\/li>\n<\/ul>\n<ol start=\"3\">\n<li><strong>\u00cendep\u0103rta\u021bi componentele externe:<\/strong><\/li>\n<\/ol>\n<ul>\n<li>\u00cencepe\u021bi prin a \u00eendep\u0103rta componentele externe, cum ar fi suporturile de montare, bol\u021burile de prindere sau \u0219uruburile care fixeaz\u0103 cilindrul de echipament sau de utilaj.<\/li>\n<li>Pune\u021bi deoparte cu grij\u0103 aceste componente \u00eentr-un loc sigur pentru reasamblarea ulterioar\u0103.<\/li>\n<\/ul>\n<ol start=\"4\">\n<li><strong>\u00cendep\u0103rta\u021bi capacul cilindrului:<\/strong><\/li>\n<\/ol>\n<ul>\n<li>Localiza\u021bi capacul cilindrului, de obicei la un cap\u0103t al cilindrului.<\/li>\n<li>Folosi\u021bi uneltele adecvate, cum ar fi chei sau seturi de prize, pentru a sl\u0103bi \u0219i a \u00eendep\u0103rta \u0219uruburile sau elementele de fixare care fixeaz\u0103 capacul cilindrului.<\/li>\n<li>Lovi\u021bi capacul pentru a-l sl\u0103bi \u0219i scoate\u021bi-l cu grij\u0103 din cilindru.<\/li>\n<\/ul>\n<ol start=\"5\">\n<li><strong>Extrage\u021bi ansamblul pistonului:<\/strong><\/li>\n<\/ol>\n<ul>\n<li>Dup\u0103 ce a\u021bi \u00eendep\u0103rtat capacul cilindrului, pute\u021bi accesa ansamblul pistonului.<\/li>\n<li>Scoate\u021bi cu grij\u0103 ansamblul pistonului din \u021beava cilindrului. Poate fi necesar s\u0103 se aplice o presiune u\u0219oar\u0103 sau s\u0103 se loveasc\u0103 ansamblul pentru a-l sl\u0103bi.<\/li>\n<li>Nu deteriora\u021bi garniturile de etan\u0219are ale pistonului sau alte componente pe m\u0103sur\u0103 ce scoate\u021bi ansamblul.<\/li>\n<\/ul>\n<ol start=\"6\">\n<li><strong>\u00cendep\u0103rta\u021bi tija pistonului:<\/strong><\/li>\n<\/ol>\n<ul>\n<li>Dup\u0103 ce a\u021bi \u00eendep\u0103rtat ansamblul pistonului, pute\u021bi extrage tija pistonului.<\/li>\n<li>Glisa\u021bi tija pistonului din \u021beava cilindrului, f\u0103r\u0103 a o deteriora \u0219i f\u0103r\u0103 a deteriora garniturile tijei.<\/li>\n<li>\u00cen cazul \u00een care exist\u0103 dispozitive de re\u021binere sau accesorii, cum ar fi inele de siguran\u021b\u0103 sau \u0219uruburi, \u00eendep\u0103rta\u021bi-le mai \u00eent\u00e2i \u00eenainte de a \u00eencerca s\u0103 scoate\u021bi tija.<\/li>\n<\/ul>\n<ol start=\"7\">\n<li><strong>Dezasambla\u021bi componentele suplimentare:<\/strong><\/li>\n<\/ol>\n<ul>\n<li>\u00cen func\u021bie de designul cilindrului hidraulic, este posibil s\u0103 fie necesar\u0103 dezasamblarea unor componente suplimentare.<\/li>\n<li>Urma\u021bi instruc\u021biunile sau liniile directoare ale produc\u0103torului pentru a dezasambla orice componente r\u0103mase, cum ar fi ansamblul de presetupe sau garniturile de etan\u0219are a tijei.<\/li>\n<\/ul>\n<ol start=\"8\">\n<li><strong>Inspec\u021bie \u0219i cur\u0103\u021bare:<\/strong><\/li>\n<\/ol>\n<ul>\n<li>Inspecta\u021bi toate componentele dezasamblate pentru a vedea dac\u0103 exist\u0103 semne de uzur\u0103, deteriorare sau contaminare. Acorda\u021bi o aten\u021bie deosebit\u0103 garniturilor, tijelor \u0219i pere\u021bilor cilindrilor.<\/li>\n<li>Cur\u0103\u021ba\u021bi componentele folosind o solu\u021bie de cur\u0103\u021bare adecvat\u0103 pentru a \u00eendep\u0103rta resturile, murd\u0103ria sau lubrifian\u021bii vechi. Folosi\u021bi c\u00e2rpe care nu las\u0103 scame sau aer comprimat pentru a usca complet componentele.<\/li>\n<\/ul>\n<ol start=\"9\">\n<li><strong>\u00cenlocuire sau reparare:<\/strong><\/li>\n<\/ol>\n<ul>\n<li>Dac\u0103 oricare dintre componente prezint\u0103 semne de uzur\u0103 sau deteriorare, \u00eenlocui\u021bi-le cu unele noi de la un furnizor de \u00eencredere.<\/li>\n<li>Dac\u0103 este necesar, repara\u021bi sau recondi\u021biona\u021bi componentele dup\u0103 cum recomand\u0103 produc\u0103torul sau un profesionist calificat.<\/li>\n<\/ul>\n<ol start=\"10\">\n<li><strong>Reasamblare:<\/strong><\/li>\n<\/ol>\n<ul>\n<li>\u00cencepe\u021bi reasamblarea cilindrului hidraulic urm\u00e2nd ordinea invers\u0103 a dezasambl\u0103rii.<\/li>\n<li>Lubrifia\u021bi garniturile \u0219i alte piese mobile cu un lichid hidraulic compatibil sau cu un lubrifiant de asamblare pentru a facilita reasamblarea \u0219i a asigura o func\u021bionare corect\u0103.<\/li>\n<li>Asigura\u021bi-v\u0103 c\u0103 toate componentele sunt aliniate \u0219i montate corect.<\/li>\n<li>Str\u00e2nge\u021bi toate \u0219uruburile sau elementele de fixare la cuplul de torsiune recomandat de produc\u0103tor, asigur\u00e2nd o asamblare sigur\u0103.<\/li>\n<\/ul>\n<ol start=\"11\">\n<li><strong>Testare \u0219i reinstalare:<\/strong><\/li>\n<\/ol>\n<ul>\n<li>Odat\u0103 ce cilindrul hidraulic este reasamblat, efectua\u021bi o inspec\u021bie am\u0103nun\u021bit\u0103 pentru a v\u0103 asigura c\u0103 toate componentele sunt aliniate \u0219i montate corect.<\/li>\n<li>Reinstala\u021bi cilindrul hidraulic \u00een echipament sau \u00een utilaj, urm\u00e2nd orice instruc\u021biuni specifice furnizate de produc\u0103tor.<\/li>\n<li>Reconecta\u021bi conductele hidraulice, asigur\u00e2ndu-v\u0103 c\u0103 toate conexiunile sunt sigure \u0219i f\u0103r\u0103 scurgeri.<\/li>\n<li>Testa\u021bi cilindrul hidraulic pentru a verifica func\u021bionarea \u0219i operarea corect\u0103, verific\u00e2nd dac\u0103 exist\u0103 scurgeri, zgomote anormale sau alte probleme \u00een timpul func\u021bion\u0103rii.<\/li>\n<\/ul>\n<h2><strong>Capabilitatea \u0219i capacitatea fabricii:<\/strong><\/h2>\n<h3>(1) Montaj<\/h3>\n<p>Avem o platform\u0103 de asamblare independent\u0103 de cercetare \u0219i dezvoltare de prim\u0103 clas\u0103. Atelierul de produc\u021bie a cilindrilor hidraulici are patru linii de asamblare semiautomate pentru cilindri de ridicare \u0219i o linie de asamblare automat\u0103 a cilindrilor de \u00eenclinare, cu o capacitate de produc\u021bie anual\u0103 proiectat\u0103 de 1 milion de buc\u0103\u021bi. Atelierul de cilindri speciali este echipat cu diverse specifica\u021bii ale unui sistem de asamblare semi-automat de cur\u0103\u021bare, cu o capacitate de produc\u021bie anual\u0103 proiectat\u0103 de 200.000 \u0219i dotat cu echipamente celebre de prelucrare CNC, un centru de prelucrare, un echipament special de prelucrare a cilindrilor de \u00eenalt\u0103 precizie, o ma\u0219in\u0103 de sudur\u0103 robotizat\u0103, o ma\u0219in\u0103 de cur\u0103\u021bare automat\u0103, o ma\u0219in\u0103 de asamblare automat\u0103 a cilindrilor \u0219i o linie de produc\u021bie automat\u0103 de vopsire. Echipamente critice existente de peste 300 de seturi (seturi). Alocarea optim\u0103 \u0219i utilizarea eficient\u0103 a resurselor de echipamente asigur\u0103 cerin\u021bele de precizie ale produselor \u0219i satisface nevoile de \u00eenalt\u0103 calitate ale produselor.<\/p>\n<p><img loading=\"lazy\" decoding=\"async\" class=\"alignnone wp-image-626\" src=\"https:\/\/hydraulic-cylinders.net\/wp-content\/uploads\/2023\/08\/hydraulic-cylinder-product-1-300x158.webp\" alt=\"\" width=\"495\" height=\"260\" srcset=\"https:\/\/hydraulic-cylinders.net\/wp-content\/uploads\/2023\/08\/hydraulic-cylinder-product-1-300x158.webp 495w, https:\/\/hydraulic-cylinders.net\/wp-content\/uploads\/2023\/08\/hydraulic-cylinder-product-1-480x252.webp 480w\" sizes=\"(min-width: 0px) and (max-width: 480px) 480px, (min-width: 481px) 495px, 100vw\" \/> <img loading=\"lazy\" decoding=\"async\" class=\"alignnone wp-image-627\" src=\"https:\/\/hydraulic-cylinders.net\/wp-content\/uploads\/2023\/08\/hydraulic-cylinder-product-2-300x189.webp\" alt=\"\" width=\"413\" height=\"260\" \/><\/p>\n<h3>(2) Prelucrare<\/h3>\n<p>Atelierul de prelucrare este echipat cu un centru de strunjire cu \u0219in\u0103 \u00eenclinat\u0103 personalizat, un centru de prelucrare, o ma\u0219in\u0103 de honuire de mare vitez\u0103, un robot de sudur\u0103 \u0219i alte echipamente conexe, care pot gestiona prelucrarea tuburilor cilindrice cu un diametru interior maxim de 400 mm \u0219i o lungime maxim\u0103 de 6 metri.<\/p>\n<p><img loading=\"lazy\" decoding=\"async\" class=\"alignnone wp-image-628 size-large\" src=\"https:\/\/hydraulic-cylinders.net\/wp-content\/uploads\/2023\/08\/hydraulic-cylinder-product-3-1024x391.webp\" alt=\"\" width=\"1024\" height=\"391\" srcset=\"https:\/\/hydraulic-cylinders.net\/wp-content\/uploads\/2023\/08\/hydraulic-cylinder-product-3-980x374.webp 980w, https:\/\/hydraulic-cylinders.net\/wp-content\/uploads\/2023\/08\/hydraulic-cylinder-product-3-480x183.webp 480w\" sizes=\"(min-width: 0px) and (max-width: 480px) 480px, (min-width: 481px) and (max-width: 980px) 980px, (min-width: 981px) 1024px, 100vw\" \/><\/p>\n<h3>(3) Sudur\u0103<\/h3>\n<p><img loading=\"lazy\" decoding=\"async\" class=\"alignnone wp-image-629 size-large\" src=\"https:\/\/hydraulic-cylinders.net\/wp-content\/uploads\/2023\/08\/hydraulic-cylinder-product-4-1024x510.webp\" alt=\"\" width=\"1024\" height=\"510\" srcset=\"https:\/\/hydraulic-cylinders.net\/wp-content\/uploads\/2023\/08\/hydraulic-cylinder-product-4-980x488.webp 980w, https:\/\/hydraulic-cylinders.net\/wp-content\/uploads\/2023\/08\/hydraulic-cylinder-product-4-480x239.webp 480w\" sizes=\"(min-width: 0px) and (max-width: 480px) 480px, (min-width: 481px) and (max-width: 980px) 980px, (min-width: 981px) 1024px, 100vw\" \/><\/p>\n<h3>(4) Vopsire \u0219i acoperire<\/h3>\n<p>Cu linii automate de acoperire cu vopsea pe baz\u0103 de ap\u0103 cu cilindru de dimensiuni mici \u0219i medii, pentru a realiza \u00eenc\u0103rcarea \u0219i desc\u0103rcarea automat\u0103 a robotului \u0219i pulverizarea automat\u0103, capacitatea de proiectare de 4000 de buc\u0103\u021bi pe schimb;<br \/>\nAvem, de asemenea, o linie de produc\u021bie semi-automat\u0103 de vopsire pentru cilindri mari, ac\u021bionat\u0103 de un lan\u021b de putere, cu o capacitate de proiectare de 60 de cutii pe schimb.<\/p>\n<p><img loading=\"lazy\" decoding=\"async\" class=\"alignnone wp-image-630\" src=\"https:\/\/hydraulic-cylinders.net\/wp-content\/uploads\/2023\/08\/hydraulic-cylinder-product-5-300x213.webp\" alt=\"\" width=\"366\" height=\"260\" \/> <img loading=\"lazy\" decoding=\"async\" class=\"alignnone wp-image-631\" src=\"https:\/\/hydraulic-cylinders.net\/wp-content\/uploads\/2023\/08\/hydraulic-cylinder-product-6-300x225.webp\" alt=\"\" width=\"347\" height=\"260\" \/><\/p>\n<h3>(5) Testarea<\/h3>\n<p>Dispunem de instala\u021bii de inspec\u021bie \u0219i bancuri de testare de prim\u0103 clas\u0103 pentru a ne asigura c\u0103 performan\u021ba cilindrului \u00eendepline\u0219te cerin\u021bele.<\/p>\n<p><img loading=\"lazy\" decoding=\"async\" class=\"alignnone wp-image-632\" src=\"https:\/\/hydraulic-cylinders.net\/wp-content\/uploads\/2023\/08\/hydraulic-cylinder-product-8-300x200.webp\" alt=\"\" width=\"389\" height=\"260\" \/><\/p>\n<p>&nbsp;<\/p>\n<p>&nbsp;<\/p>\n<p>Suntem unul dintre cei mai buni produc\u0103tori de cilindri hidraulici cu patru tije u\u0219oare. Putem oferi un stoc cuprinz\u0103tor de cilindri hidraulici cu patru tije u\u0219oare. De asemenea, furniz\u0103m <a href=\"https:\/\/hzpt.com\/agricultural-pto-gearbox\/\" target=\"_blank\" rel=\"noopener\">cutii de viteze agricole<\/a>. Am exportat produsele noastre c\u0103tre clien\u021bi din \u00eentreaga lume \u0219i am c\u00e2\u0219tigat o bun\u0103 reputa\u021bie datorit\u0103 calit\u0103\u021bii superioare a produselor noastre \u0219i a serviciilor post-v\u00e2nzare. Salut\u0103m c\u0103lduros clien\u021bii at\u00e2t din \u021bar\u0103, c\u00e2t \u0219i din str\u0103in\u0103tate s\u0103 ne contacteze pentru a negocia afaceri, a face schimb de informa\u021bii \u0219i a\u00a0<a href=\"https:\/\/www.hydraulic-cylinders.net\/ro\/contact-us\/\">s\u0103 coopereze cu noi<\/a>!<\/p>\n<h2><\/h2>","protected":false},"excerpt":{"rendered":"<p>Front Cover Rectangular Flange Four Rod Hydraulic Cylinder The front cover rectangular flange four-bar hydraulic cylinder is a cutting-edge assembly that offers superior performance in various industrial applications. With its innovative design, precise engineering, and robust construction, this hydraulic cylinder provides excellent functionality and reliability. This paper will discuss the main features, use methods, and [&hellip;]<\/p>","protected":false},"featured_media":987,"comment_status":"open","ping_status":"closed","template":"","meta":{"_et_pb_use_builder":"","_et_pb_old_content":"","_et_gb_content_width":""},"product_brand":[],"product_cat":[1376,1386],"product_tag":[1380],"class_list":{"0":"post-983","1":"product","2":"type-product","3":"status-publish","4":"has-post-thumbnail","6":"product_cat-hydraulic-cylinder","7":"product_cat-four-rod-hydraulic-cylinder","8":"product_tag-hydraulic-cylinder","10":"first","11":"instock","12":"shipping-taxable","13":"product-type-simple"},"amp_enabled":true,"_links":{"self":[{"href":"https:\/\/www.hydraulic-cylinders.net\/ro\/wp-json\/wp\/v2\/product\/983","targetHints":{"allow":["GET"]}}],"collection":[{"href":"https:\/\/www.hydraulic-cylinders.net\/ro\/wp-json\/wp\/v2\/product"}],"about":[{"href":"https:\/\/www.hydraulic-cylinders.net\/ro\/wp-json\/wp\/v2\/types\/product"}],"replies":[{"embeddable":true,"href":"https:\/\/www.hydraulic-cylinders.net\/ro\/wp-json\/wp\/v2\/comments?post=983"}],"wp:featuredmedia":[{"embeddable":true,"href":"https:\/\/www.hydraulic-cylinders.net\/ro\/wp-json\/wp\/v2\/media\/987"}],"wp:attachment":[{"href":"https:\/\/www.hydraulic-cylinders.net\/ro\/wp-json\/wp\/v2\/media?parent=983"}],"wp:term":[{"taxonomy":"product_brand","embeddable":true,"href":"https:\/\/www.hydraulic-cylinders.net\/ro\/wp-json\/wp\/v2\/product_brand?post=983"},{"taxonomy":"product_cat","embeddable":true,"href":"https:\/\/www.hydraulic-cylinders.net\/ro\/wp-json\/wp\/v2\/product_cat?post=983"},{"taxonomy":"product_tag","embeddable":true,"href":"https:\/\/www.hydraulic-cylinders.net\/ro\/wp-json\/wp\/v2\/product_tag?post=983"}],"curies":[{"name":"wp","href":"https:\/\/api.w.org\/{rel}","templated":true}]}}