{"id":1003,"date":"2023-09-06T08:58:05","date_gmt":"2023-09-06T08:58:05","guid":{"rendered":"https:\/\/hydraulic-cylinders.net\/?post_type=product&#038;p=1003"},"modified":"2023-09-19T01:36:55","modified_gmt":"2023-09-19T01:36:55","slug":"rear-earring-with-spherical-bearing-four-rod-hydraulic-cylinder","status":"publish","type":"product","link":"https:\/\/www.hydraulic-cylinders.net\/sk\/produkt\/rear-earring-with-spherical-bearing-four-rod-hydraulic-cylinder\/","title":{"rendered":"Zadn\u00fd n\u00e1u\u0161n\u00edk s gu\u013eov\u00fdm lo\u017eiskom so \u0161tyrmi ty\u010dami hydraulick\u00e9ho valca"},"content":{"rendered":"<h1 style=\"text-align: center;\"><strong>Zadn\u00fd n\u00e1u\u0161n\u00edk s gu\u013eov\u00fdm lo\u017eiskom so \u0161tyrmi ty\u010dami hydraulick\u00e9ho valca<\/strong><\/h1>\n<p><img loading=\"lazy\" decoding=\"async\" class=\"size-full wp-image-1007 aligncenter\" src=\"https:\/\/hydraulic-cylinders.net\/wp-content\/uploads\/2023\/09\/rear-earring-with-spherical-bearing-four-pull-rod-hydraulic-cylinder-1.webp\" alt=\"\" width=\"236\" height=\"236\" srcset=\"https:\/\/www.hydraulic-cylinders.net\/wp-content\/uploads\/2023\/09\/rear-earring-with-spherical-bearing-four-pull-rod-hydraulic-cylinder-1.webp 236w, https:\/\/www.hydraulic-cylinders.net\/wp-content\/uploads\/2023\/09\/rear-earring-with-spherical-bearing-four-pull-rod-hydraulic-cylinder-1-100x100.webp 100w, https:\/\/www.hydraulic-cylinders.net\/wp-content\/uploads\/2023\/09\/rear-earring-with-spherical-bearing-four-pull-rod-hydraulic-cylinder-1-150x150.webp 150w, https:\/\/www.hydraulic-cylinders.net\/wp-content\/uploads\/2023\/09\/rear-earring-with-spherical-bearing-four-pull-rod-hydraulic-cylinder-1-12x12.webp 12w\" sizes=\"(max-width: 236px) 100vw, 236px\" \/><\/p>\n<p>Zadn\u00e1 n\u00e1u\u0161nica s gu\u013eov\u00fdm lo\u017eiskom a \u0161tvorty\u010dov\u00fdm hydraulick\u00fdm valcom je inovat\u00edvny hydraulick\u00fd prvok navrhnut\u00fd tak, aby poskytoval vynikaj\u00faci v\u00fdkon a v\u0161estrannos\u0165 v r\u00f4znych priemyseln\u00fdch aplik\u00e1ci\u00e1ch. V\u010faka jedine\u010dnej kon\u0161trukcii zadnej n\u00e1u\u0161nice, gu\u013eov\u00fdm lo\u017eisk\u00e1m a \u0161tvorty\u010dovej konfigur\u00e1cii pon\u00faka tento \u0161tvorty\u010dov\u00fd hydraulick\u00fd valec zv\u00fd\u0161en\u00fa stabilitu, presn\u00e9 ovl\u00e1danie a zv\u00fd\u0161en\u00fa nosnos\u0165.<\/p>\n<p>Z\u00e1kladn\u00e9 vlastnosti \u0161tvorty\u010dov\u00e9ho hydraulick\u00e9ho valca:<\/p>\n<p><strong>Dizajn zadnej n\u00e1u\u0161nice:<\/strong><\/p>\n<ol>\n<li style=\"list-style-type: none;\">\n<ul>\n<li>Kon\u0161trukcia zadn\u00fdch kol\u00edkov poskytuje bezpe\u010dn\u00e9 a stabiln\u00e9 rie\u0161enie in\u0161tal\u00e1cie, ktor\u00e9 zais\u0165uje spo\u013eahliv\u00fa prev\u00e1dzku aj pri vysokom za\u0165a\u017een\u00ed a extr\u00e9mnych podmienkach.<\/li>\n<li>Zjednodu\u0161uje in\u0161tal\u00e1ciu a umo\u017e\u0148uje jednoduch\u00fa integr\u00e1ciu do r\u00f4znych hydraulick\u00fdch syst\u00e9mov alebo zariaden\u00ed.<\/li>\n<\/ul>\n<\/li>\n<\/ol>\n<p><strong>Gu\u013eov\u00e9 lo\u017eisko:<\/strong><\/p>\n<ol>\n<li style=\"list-style-type: none;\">\n<ul>\n<li>Za\u010dlenenie gu\u013eov\u00fdch lo\u017e\u00edsk zvy\u0161uje flexibilitu \u0161tvorty\u010dov\u00e9ho hydraulick\u00e9ho valca a kompenzuje nes\u00faosos\u0165, \u010d\u00edm zni\u017euje nam\u00e1hanie a opotrebovanie komponentov valca.<\/li>\n<li>Gu\u013eov\u00e9 lo\u017eisko umo\u017e\u0148uje plynul\u00fd a presn\u00fd pohyb, a to aj pri pr\u00e1ci s uhlov\u00fdmi alebo mimostredov\u00fdmi za\u0165a\u017eeniami.<\/li>\n<\/ul>\n<\/li>\n<\/ol>\n<p><strong>Konfigur\u00e1cia so \u0161tyrmi ty\u010dami:<\/strong><\/p>\n<ol>\n<li style=\"list-style-type: none;\">\n<ul>\n<li>\u0160tvorty\u010dov\u00e1 konfigur\u00e1cia zvy\u0161uje nosnos\u0165 a stabilitu valca, zabra\u0148uje vych\u00fdleniu a zais\u0165uje presn\u00e9 line\u00e1rne riadenie pohybu.<\/li>\n<li>Rovnomerne rozklad\u00e1 za\u0165a\u017eenie po povrchu ty\u010de, \u010d\u00edm zni\u017euje riziko pred\u010dasn\u00e9ho opotrebenia alebo poruchy.<\/li>\n<\/ul>\n<\/li>\n<\/ol>\n<p><strong>Vysok\u00fd v\u00fdkon a \u00fa\u010dinnos\u0165:<\/strong><\/p>\n<ul>\n<li style=\"list-style-type: none;\">\n<ul>\n<li>Tento \u0161tvorty\u010dov\u00fd hydraulick\u00fd valec poskytuje vysok\u00fd v\u00fdkon a presn\u00e9 ovl\u00e1danie, \u010do umo\u017e\u0148uje efekt\u00edvnu a \u00fa\u010dinn\u00fa prev\u00e1dzku.<\/li>\n<li>Umo\u017e\u0148uje presn\u00e9 polohovanie, r\u00fdchle cykly a optimalizovan\u00fa produktivitu v r\u00f4znych priemyseln\u00fdch aplik\u00e1ci\u00e1ch.<\/li>\n<\/ul>\n<\/li>\n<\/ul>\n<h2><strong>Zadn\u00e1 n\u00e1u\u0161nica s gu\u013eov\u00fdm lo\u017eiskom, \u0161tvorty\u010dov\u00fd hydraulick\u00fd valec, parameter:<\/strong><\/h2>\n<p><img loading=\"lazy\" decoding=\"async\" class=\"alignnone wp-image-1005 size-full\" src=\"https:\/\/hydraulic-cylinders.net\/wp-content\/uploads\/2023\/09\/rear-earring-with-spherical-bearing-four-pull-rod-hydraulic-cylinder.webp\" alt=\"\" width=\"650\" height=\"196\" srcset=\"https:\/\/hydraulic-cylinders.net\/wp-content\/uploads\/2023\/09\/rear-earring-with-spherical-bearing-four-pull-rod-hydraulic-cylinder.webp 650w, https:\/\/hydraulic-cylinders.net\/wp-content\/uploads\/2023\/09\/rear-earring-with-spherical-bearing-four-pull-rod-hydraulic-cylinder-480x145.webp 480w\" sizes=\"(min-width: 0px) and (max-width: 480px) 480px, (min-width: 481px) 650px, 100vw\" \/><\/p>\n<p><img loading=\"lazy\" decoding=\"async\" class=\"alignnone wp-image-1031 size-full\" src=\"https:\/\/hydraulic-cylinders.net\/wp-content\/uploads\/2023\/09\/b-bb-sbd-four-rod-hydraulic-cylinder.webp\" alt=\"\" width=\"650\" height=\"237\" srcset=\"https:\/\/hydraulic-cylinders.net\/wp-content\/uploads\/2023\/09\/b-bb-sbd-four-rod-hydraulic-cylinder.webp 650w, https:\/\/hydraulic-cylinders.net\/wp-content\/uploads\/2023\/09\/b-bb-sbd-four-rod-hydraulic-cylinder-480x175.webp 480w\" sizes=\"(min-width: 0px) and (max-width: 480px) 480px, (min-width: 481px) 650px, 100vw\" \/><\/p>\n<h2><strong>Zadn\u00fd n\u00e1u\u0161n\u00edk s gu\u013eov\u00fdm lo\u017eiskom so \u0161tyrmi ty\u010dami hydraulick\u00e9ho valca <\/strong><strong>Met\u00f3da pou\u017eitia<\/strong><strong>:<\/strong><\/h2>\n<p><strong>Mont\u00e1\u017e a in\u0161tal\u00e1cia:<\/strong><\/p>\n<ol>\n<li style=\"list-style-type: none;\">\n<ul>\n<li>Pri ur\u010dovan\u00ed vhodn\u00e9ho miesta in\u0161tal\u00e1cie \u0161tvorty\u010dov\u00e9ho hydraulick\u00e9ho valca v syst\u00e9me alebo zariaden\u00ed zv\u00e1\u017ete faktory, ako s\u00fa po\u017eiadavky na za\u0165a\u017eenie a priestorov\u00e9 obmedzenia.<\/li>\n<li>Uistite sa, \u017ee mont\u00e1\u017eny povrch je \u010dist\u00fd, rovn\u00fd a schopn\u00fd unies\u0165 hmotnos\u0165 valca.<\/li>\n<li>Zarovnajte zadn\u00fa n\u00e1u\u0161nicu s mont\u00e1\u017enym povrchom a pevne ju upevnite pomocou odpor\u00fa\u010dan\u00fdch skrutiek alebo upev\u0148ovac\u00edch prvkov.<\/li>\n<\/ul>\n<\/li>\n<\/ol>\n<p><strong>Hydraulick\u00e9 pripojenia:<\/strong><\/p>\n<ol>\n<li style=\"list-style-type: none;\">\n<ul>\n<li>Pripojte hydraulick\u00e9 pr\u00edvodn\u00e9 potrubia k otvorom valca a zabezpe\u010dte ich spr\u00e1vne utesnenie, aby sa predi\u0161lo \u00fanikom.<\/li>\n<li>Ria\u010fte sa odpor\u00fa\u010daniami v\u00fdrobcu t\u00fdkaj\u00facimi sa typu hydraulick\u00e9ho oleja a napl\u0148te syst\u00e9m na odpor\u00fa\u010dan\u00fa hladinu.<\/li>\n<\/ul>\n<\/li>\n<\/ol>\n<p><strong>Prev\u00e1dzka:<\/strong><\/p>\n<ul>\n<li style=\"list-style-type: none;\">\n<ul>\n<li>Aktivujte hydraulick\u00fd syst\u00e9m a ovl\u00e1dajte pohyb valca pomocou hydraulick\u00e9ho regula\u010dn\u00e9ho ventilu alebo in\u00e9ho vhodn\u00e9ho ovl\u00e1dacieho mechanizmu.<\/li>\n<li>Upravte nastavenia prietoku a tlaku, aby ste dosiahli po\u017eadovan\u00fa r\u00fdchlos\u0165 a v\u00fdstupn\u00fa silu.<\/li>\n<li>Pravidelne kontrolujte prev\u00e1dzku \u0161tvorty\u010dov\u00e9ho hydraulick\u00e9ho valca, \u010di nevykazuje zn\u00e1mky abnorm\u00e1lneho spr\u00e1vania, ako s\u00fa netesnosti, prehrievanie alebo nezvy\u010dajn\u00fd hluk.<\/li>\n<\/ul>\n<\/li>\n<\/ul>\n<h2><strong>Zadn\u00fd n\u00e1u\u0161n\u00edk s gu\u013eov\u00fdm lo\u017eiskom so \u0161tyrmi ty\u010dami hydraulick\u00e9ho valca <\/strong><strong>\u00dadr\u017eba<\/strong><strong>:<\/strong><\/h2>\n<p><strong>Pravideln\u00e1 kontrola:<\/strong><\/p>\n<ol>\n<li style=\"list-style-type: none;\">\n<ul>\n<li>Vykon\u00e1vajte pravideln\u00e9 vizu\u00e1lne kontroly, aby ste skontrolovali zn\u00e1mky opotrebovania, \u00faniku alebo po\u0161kodenia.<\/li>\n<li>Skontrolujte povrchy ty\u010d\u00ed, tesnenia a mont\u00e1\u017ene spoje, \u010di nevykazuj\u00fa abnormality, a ak\u00e9ko\u013evek probl\u00e9my ihne\u010f odstr\u00e1\u0148te.<\/li>\n<\/ul>\n<\/li>\n<\/ol>\n<p><strong>Mazanie:<\/strong><\/p>\n<ol>\n<li style=\"list-style-type: none;\">\n<ul>\n<li>Dodr\u017eiavajte pokyny v\u00fdrobcu t\u00fdkaj\u00face sa intervalov mazania a pou\u017e\u00edvajte odpor\u00fa\u010dan\u00e9 mazivo, aby ste zabezpe\u010dili hladk\u00fd chod.<\/li>\n<li>Nama\u017ete ty\u010de, tesnenia a \u010fal\u0161ie pohybliv\u00e9 \u010dasti, aby ste minimalizovali trenie a pred\u013a\u017eili \u017eivotnos\u0165 \u0161tvorty\u010dov\u00e9ho hydraulick\u00e9ho valca.<\/li>\n<\/ul>\n<\/li>\n<\/ol>\n<p><strong>V\u00fdmena tesnenia:<\/strong><\/p>\n<ul>\n<li style=\"list-style-type: none;\">\n<ul>\n<li>Tesnenia sa \u010dasom m\u00f4\u017eu opotrebova\u0165 a je potrebn\u00e9 ich vymeni\u0165. Ak zist\u00edte netesnos\u0165, opatrne odstr\u00e1\u0148te star\u00e9 tesnenie a nain\u0161talujte nov\u00e9 tesnenie pod\u013ea pokynov v\u00fdrobcu.<\/li>\n<\/ul>\n<\/li>\n<\/ul>\n<h2><strong>Ako odstr\u00e1ni\u0165 \u010dapy hydraulick\u00e9ho valca\uff1f<\/strong><\/h2>\n<p>Odstr\u00e1nenie \u010dapov hydraulick\u00e9ho valca si vy\u017eaduje opatrn\u00e9 zaobch\u00e1dzanie, aby sa zaistila bezpe\u010dnos\u0165 a predi\u0161lo sa po\u0161kodeniu valca alebo okolit\u00fdch komponentov. Tu je v\u0161eobecn\u00fd podrobn\u00fd n\u00e1vod, ako odstr\u00e1ni\u0165 \u010dapy hydraulick\u00e9ho valca:<\/p>\n<ol>\n<li><strong>Pripravte si pracovn\u00fd priestor:<\/strong>\n<ul>\n<li>Uistite sa, \u017ee m\u00e1te \u010dist\u00fd a dobre osvetlen\u00fd pracovn\u00fd priestor.<\/li>\n<li>Noste vhodn\u00e9 osobn\u00e9 ochrann\u00e9 prostriedky, ako s\u00fa ochrann\u00e9 okuliare a rukavice.<\/li>\n<\/ul>\n<\/li>\n<li><strong>Uvo\u013enenie hydraulick\u00e9ho tlaku:<\/strong>\n<ul>\n<li>Ak je valec s\u00fa\u010das\u0165ou akt\u00edvneho hydraulick\u00e9ho syst\u00e9mu, uvo\u013enite tlak zasunut\u00edm alebo deaktiv\u00e1ciou syst\u00e9mu. Konkr\u00e9tne pokyny n\u00e1jdete v n\u00e1vode na obsluhu zariadenia.<\/li>\n<\/ul>\n<\/li>\n<li><strong>Zaistite valec:<\/strong>\n<ul>\n<li>Na upevnenie valca na mieste pou\u017eite vhodn\u00e9 zdv\u00edhacie zariadenie alebo podperu, aby bol stabiln\u00fd a po\u010das procesu vyberania \u010dapu sa nepohol.<\/li>\n<\/ul>\n<\/li>\n<li><strong>N\u00e1jdite piny:<\/strong>\n<ul>\n<li>Identifikujte \u010dapy, ktor\u00e9 je potrebn\u00e9 odstr\u00e1ni\u0165. Hydraulick\u00e9 valce maj\u00fa zvy\u010dajne na ka\u017edom konci \u010dapy, ktor\u00e9 ich sp\u00e1jaj\u00fa s mont\u00e1\u017enymi konzolami alebo in\u00fdmi komponentmi.<\/li>\n<\/ul>\n<\/li>\n<li><strong>Odstr\u00e1\u0148te upev\u0148ovacie spony:<\/strong>\n<ul>\n<li>Niektor\u00e9 kol\u00edky m\u00f4\u017eu by\u0165 zaisten\u00e9 poistn\u00fdmi svorkami. Na odstr\u00e1nenie poistn\u00fdch svoriek pou\u017eite klie\u0161te alebo vhodn\u00fd n\u00e1stroj a d\u00e1vajte pozor, aby ste ich nepo\u0161kodili.<\/li>\n<\/ul>\n<\/li>\n<li><strong>Umiestnenie \u00faderu alebo \u00faderu:<\/strong>\n<ul>\n<li>Umiestnite razn\u00edk alebo vyr\u00e1\u017ea\u010d na koniec \u010dapu. Uistite sa, \u017ee razn\u00edk alebo vyr\u00e1\u017ea\u010d m\u00e1 vhodn\u00fa ve\u013ekos\u0165, aby sa zmestil do priemeru \u010dapu.<\/li>\n<\/ul>\n<\/li>\n<li><strong>Udrite \u00faderom alebo driftujte:<\/strong>\n<ul>\n<li>Kladivom opatrne udrite do razn\u00edka alebo vyr\u00e1\u017ea\u010da, aby ste vyvinuli silu na \u010dap. Za\u010dnite \u013eahk\u00fdmi \u00fadermi a postupne zvy\u0161ujte silu, k\u00fdm sa \u010dap neza\u010dne pohybova\u0165.<\/li>\n<\/ul>\n<\/li>\n<li><strong>Odstr\u00e1\u0148te pin:<\/strong>\n<ul>\n<li>Pokra\u010dujte v \u00faderoch do razn\u00edka alebo vyr\u00e1\u017ea\u010da, k\u00fdm sa kol\u00edk \u00faplne neuvo\u013en\u00ed. Plat\u00ed rovnomern\u00e1 sila, aby ste predi\u0161li ohnutiu alebo po\u0161kodeniu kol\u00edka.<\/li>\n<\/ul>\n<\/li>\n<li><strong>Opakujte postup:<\/strong>\n<ul>\n<li>Ak je potrebn\u00e9 odstr\u00e1ni\u0165 viacero kol\u00edkov, opakujte kroky 4 a\u017e 8 pre ka\u017ed\u00fd kol\u00edk, k\u00fdm nebud\u00fa v\u0161etky \u00faspe\u0161ne odstr\u00e1nen\u00e9.<\/li>\n<\/ul>\n<\/li>\n<li><strong>Skontrolujte kol\u00edky:<\/strong><\/li>\n<\/ol>\n<ul>\n<li>Po vybrat\u00ed \u010dapov ich skontrolujte, \u010di nejavia zn\u00e1mky opotrebovania, po\u0161kodenia alebo deform\u00e1cie. V pr\u00edpade potreby ich pred op\u00e4tovnou in\u0161tal\u00e1ciou vy\u010distite alebo vyme\u0148te.<\/li>\n<\/ul>\n<h2><strong>Schopnos\u0165 a kapacita tov\u00e1rne:<\/strong><\/h2>\n<h3>(1) Mont\u00e1\u017e<\/h3>\n<p>Disponujeme prvotriednou nez\u00e1vislou v\u00fdskumnou a v\u00fdvojovou mont\u00e1\u017enou platformou. Diel\u0148a na v\u00fdrobu hydraulick\u00fdch valcov m\u00e1 \u0161tyri poloautomatick\u00e9 mont\u00e1\u017ene linky zdv\u00edhac\u00edch valcov a jednu automatick\u00fa mont\u00e1\u017enu linku nakl\u00e1pac\u00edch valcov s projektovanou ro\u010dnou v\u00fdrobnou kapacitou 1 mili\u00f3n kusov. Diel\u0148a na v\u00fdrobu \u0161peci\u00e1lnych valcov je vybaven\u00e1 r\u00f4znymi \u0161pecifik\u00e1ciami poloautomatick\u00e9ho syst\u00e9mu \u010distenia a mont\u00e1\u017ee s projektovanou ro\u010dnou v\u00fdrobnou kapacitou 200 000 kusov a je vybaven\u00e1 zn\u00e1mym CNC obr\u00e1bac\u00edm zariaden\u00edm, obr\u00e1bac\u00edm centrom, \u0161peci\u00e1lnym zariaden\u00edm na vysoko presn\u00e9 spracovanie valcov, robotick\u00fdm zv\u00e1rac\u00edm strojom, automatick\u00fdm \u010distiacim strojom, automatick\u00fdm mont\u00e1\u017enym strojom valcov a automatickou lakovacou v\u00fdrobnou linkou. Existuj\u00face kritick\u00e9 zariadenia maj\u00fa viac ako 300 s\u00faprav (s\u00e1d). Optim\u00e1lne alokovanie a efekt\u00edvne vyu\u017e\u00edvanie zdrojov zariaden\u00ed zabezpe\u010duje po\u017eiadavky na presnos\u0165 v\u00fdrobkov a sp\u013a\u0148a po\u017eiadavky na vysok\u00fa kvalitu v\u00fdrobkov.<\/p>\n<p><img loading=\"lazy\" decoding=\"async\" class=\"alignnone wp-image-626\" src=\"https:\/\/hydraulic-cylinders.net\/wp-content\/uploads\/2023\/08\/hydraulic-cylinder-product-1-300x158.webp\" alt=\"\" width=\"495\" height=\"260\" srcset=\"https:\/\/hydraulic-cylinders.net\/wp-content\/uploads\/2023\/08\/hydraulic-cylinder-product-1-300x158.webp 495w, https:\/\/hydraulic-cylinders.net\/wp-content\/uploads\/2023\/08\/hydraulic-cylinder-product-1-480x252.webp 480w\" sizes=\"(min-width: 0px) and (max-width: 480px) 480px, (min-width: 481px) 495px, 100vw\" \/> <img loading=\"lazy\" decoding=\"async\" class=\"alignnone wp-image-627\" src=\"https:\/\/hydraulic-cylinders.net\/wp-content\/uploads\/2023\/08\/hydraulic-cylinder-product-2-300x189.webp\" alt=\"\" width=\"413\" height=\"260\" \/><\/p>\n<h3>(2) Obr\u00e1banie<\/h3>\n<p>Obr\u00e1bacia diel\u0148a je vybaven\u00e1 prisp\u00f4soben\u00fdm s\u00fastru\u017en\u00edckym centrom na \u0161ikm\u00e9 ko\u013eajnice, obr\u00e1bac\u00edm centrom, vysokor\u00fdchlostn\u00fdm honovac\u00edm strojom, zv\u00e1rac\u00edm robotom a \u010fal\u0161\u00edm s\u00favisiacim zariaden\u00edm, ktor\u00e9 dok\u00e1\u017ee spracova\u0165 valcov\u00e9 r\u00fary s maxim\u00e1lnym vn\u00fatorn\u00fdm priemerom 400 mm a maxim\u00e1lnou d\u013a\u017ekou 6 metrov.<\/p>\n<p><img loading=\"lazy\" decoding=\"async\" class=\"alignnone wp-image-628 size-large\" src=\"https:\/\/hydraulic-cylinders.net\/wp-content\/uploads\/2023\/08\/hydraulic-cylinder-product-3-1024x391.webp\" alt=\"\" width=\"1024\" height=\"391\" srcset=\"https:\/\/hydraulic-cylinders.net\/wp-content\/uploads\/2023\/08\/hydraulic-cylinder-product-3-980x374.webp 980w, https:\/\/hydraulic-cylinders.net\/wp-content\/uploads\/2023\/08\/hydraulic-cylinder-product-3-480x183.webp 480w\" sizes=\"(min-width: 0px) and (max-width: 480px) 480px, (min-width: 481px) and (max-width: 980px) 980px, (min-width: 981px) 1024px, 100vw\" \/><\/p>\n<h3>(3) Zv\u00e1ranie<\/h3>\n<p><img loading=\"lazy\" decoding=\"async\" class=\"alignnone wp-image-629 size-large\" src=\"https:\/\/hydraulic-cylinders.net\/wp-content\/uploads\/2023\/08\/hydraulic-cylinder-product-4-1024x510.webp\" alt=\"\" width=\"1024\" height=\"510\" srcset=\"https:\/\/hydraulic-cylinders.net\/wp-content\/uploads\/2023\/08\/hydraulic-cylinder-product-4-980x488.webp 980w, https:\/\/hydraulic-cylinders.net\/wp-content\/uploads\/2023\/08\/hydraulic-cylinder-product-4-480x239.webp 480w\" sizes=\"(min-width: 0px) and (max-width: 480px) 480px, (min-width: 481px) and (max-width: 980px) 980px, (min-width: 981px) 1024px, 100vw\" \/><\/p>\n<h3>(4) Ma\u013eovanie a natieranie<\/h3>\n<p>S mal\u00fdmi a stredne ve\u013ek\u00fdmi valcov\u00fdmi automatick\u00fdmi linkami na nan\u00e1\u0161anie farieb na vodnej b\u00e1ze, na dosiahnutie automatick\u00e9ho nakladania a vykladania robotmi a automatick\u00e9ho striekania, je projektovan\u00e1 kapacita 4000 kusov za smenu;<br \/>\nM\u00e1me tie\u017e poloautomatick\u00fa linku na v\u00fdrobu farieb pre ve\u013ek\u00e9 valce poh\u00e1\u0148an\u00e9 re\u0165azou s projektovanou kapacitou 60 kusov za smenu.<\/p>\n<p><img loading=\"lazy\" decoding=\"async\" class=\"alignnone wp-image-630\" src=\"https:\/\/hydraulic-cylinders.net\/wp-content\/uploads\/2023\/08\/hydraulic-cylinder-product-5-300x213.webp\" alt=\"\" width=\"366\" height=\"260\" \/> <img loading=\"lazy\" decoding=\"async\" class=\"alignnone wp-image-631\" src=\"https:\/\/hydraulic-cylinders.net\/wp-content\/uploads\/2023\/08\/hydraulic-cylinder-product-6-300x225.webp\" alt=\"\" width=\"347\" height=\"260\" \/><\/p>\n<h3>(5) Testovanie<\/h3>\n<p>Disponujeme prvotriednymi kontroln\u00fdmi zariadeniami a sk\u00fa\u0161obn\u00fdmi zariadeniami, ktor\u00e9 zabezpe\u010duj\u00fa, \u017ee v\u00fdkonnos\u0165 valca sp\u013a\u0148a po\u017eiadavky.<\/p>\n<p><img loading=\"lazy\" decoding=\"async\" class=\"alignnone wp-image-632\" src=\"https:\/\/hydraulic-cylinders.net\/wp-content\/uploads\/2023\/08\/hydraulic-cylinder-product-8-300x200.webp\" alt=\"\" width=\"389\" height=\"260\" \/><\/p>\n<p>&nbsp;<\/p>\n<p>&nbsp;<\/p>\n<p>Sme jedn\u00fdm z najlep\u0161\u00edch v\u00fdrobcov \u013eahk\u00fdch \u0161tvorty\u010dov\u00fdch hydraulick\u00fdch valcov. Pon\u00fakame komplexn\u00fd sortiment \u013eahk\u00fdch \u0161tvorty\u010dov\u00fdch hydraulick\u00fdch valcov. Poskytujeme aj zodpovedaj\u00face... <a href=\"https:\/\/hzpt.com\/agricultural-pto-gearbox\/\" target=\"_blank\" rel=\"noopener\">po\u013enohospod\u00e1rske prevodovky<\/a>. Na\u0161e v\u00fdrobky sme vyviezli z\u00e1kazn\u00edkom do cel\u00e9ho sveta a z\u00edskali sme si dobr\u00fa poves\u0165 v\u010faka vynikaj\u00facej kvalite na\u0161ich v\u00fdrobkov a popredajn\u00e9mu servisu. Srde\u010dne v\u00edtame z\u00e1kazn\u00edkov doma aj v zahrani\u010d\u00ed, aby n\u00e1s kontaktovali a dohodli sa na obchodn\u00fdch rokovaniach, vymenili si inform\u00e1cie.\u00a0<a href=\"https:\/\/www.hydraulic-cylinders.net\/sk\/contact-us\/\">spolupracova\u0165 s nami<\/a>!<\/p>\n<h2><\/h2>\n<h2><\/h2>","protected":false},"excerpt":{"rendered":"<p>Rear Earring With Spherical Bearing Four Rod Hydraulic Cylinder The rear earring with a spherical bearing four rod hydraulic cylinder is an innovative hydraulic element designed to provide superior performance and versatility in various industrial applications. With its unique rear earring design, spherical bearings, and four rod configuration, this four rod hydraulic cylinder offers enhanced [&hellip;]<\/p>","protected":false},"featured_media":1006,"comment_status":"open","ping_status":"closed","template":"","meta":{"_et_pb_use_builder":"","_et_pb_old_content":"","_et_gb_content_width":""},"product_brand":[],"product_cat":[1376,1386],"product_tag":[1380],"class_list":{"0":"post-1003","1":"product","2":"type-product","3":"status-publish","4":"has-post-thumbnail","6":"product_cat-hydraulic-cylinder","7":"product_cat-four-rod-hydraulic-cylinder","8":"product_tag-hydraulic-cylinder","10":"first","11":"instock","12":"shipping-taxable","13":"product-type-simple"},"amp_enabled":true,"_links":{"self":[{"href":"https:\/\/www.hydraulic-cylinders.net\/sk\/wp-json\/wp\/v2\/product\/1003","targetHints":{"allow":["GET"]}}],"collection":[{"href":"https:\/\/www.hydraulic-cylinders.net\/sk\/wp-json\/wp\/v2\/product"}],"about":[{"href":"https:\/\/www.hydraulic-cylinders.net\/sk\/wp-json\/wp\/v2\/types\/product"}],"replies":[{"embeddable":true,"href":"https:\/\/www.hydraulic-cylinders.net\/sk\/wp-json\/wp\/v2\/comments?post=1003"}],"wp:featuredmedia":[{"embeddable":true,"href":"https:\/\/www.hydraulic-cylinders.net\/sk\/wp-json\/wp\/v2\/media\/1006"}],"wp:attachment":[{"href":"https:\/\/www.hydraulic-cylinders.net\/sk\/wp-json\/wp\/v2\/media?parent=1003"}],"wp:term":[{"taxonomy":"product_brand","embeddable":true,"href":"https:\/\/www.hydraulic-cylinders.net\/sk\/wp-json\/wp\/v2\/product_brand?post=1003"},{"taxonomy":"product_cat","embeddable":true,"href":"https:\/\/www.hydraulic-cylinders.net\/sk\/wp-json\/wp\/v2\/product_cat?post=1003"},{"taxonomy":"product_tag","embeddable":true,"href":"https:\/\/www.hydraulic-cylinders.net\/sk\/wp-json\/wp\/v2\/product_tag?post=1003"}],"curies":[{"name":"pracovn\u00fd list","href":"https:\/\/api.w.org\/{rel}","templated":true}]}}