{"id":1012,"date":"2023-09-07T02:00:53","date_gmt":"2023-09-07T02:00:53","guid":{"rendered":"https:\/\/hydraulic-cylinders.net\/?post_type=product&#038;p=1012"},"modified":"2023-09-19T01:36:49","modified_gmt":"2023-09-19T01:36:49","slug":"rear-cover-trunnion-four-rod-hydraulic-cylinder","status":"publish","type":"product","link":"https:\/\/www.hydraulic-cylinders.net\/sk\/produkt\/rear-cover-trunnion-four-rod-hydraulic-cylinder\/","title":{"rendered":"Hydraulick\u00fd valec so \u0161tyrmi ty\u010dami na zadnom kryte"},"content":{"rendered":"<h1 style=\"text-align: center;\"><strong>Hydraulick\u00fd valec so \u0161tyrmi ty\u010dami na zadnom kryte<\/strong><\/h1>\n<p><img loading=\"lazy\" decoding=\"async\" class=\"size-full wp-image-1013 aligncenter\" src=\"https:\/\/hydraulic-cylinders.net\/wp-content\/uploads\/2023\/09\/rear-cover-trunnion-four-rod-hydraulic-cylinder-1-1.webp\" alt=\"\" width=\"231\" height=\"231\" srcset=\"https:\/\/www.hydraulic-cylinders.net\/wp-content\/uploads\/2023\/09\/rear-cover-trunnion-four-rod-hydraulic-cylinder-1-1.webp 231w, https:\/\/www.hydraulic-cylinders.net\/wp-content\/uploads\/2023\/09\/rear-cover-trunnion-four-rod-hydraulic-cylinder-1-1-100x100.webp 100w, https:\/\/www.hydraulic-cylinders.net\/wp-content\/uploads\/2023\/09\/rear-cover-trunnion-four-rod-hydraulic-cylinder-1-1-150x150.webp 150w, https:\/\/www.hydraulic-cylinders.net\/wp-content\/uploads\/2023\/09\/rear-cover-trunnion-four-rod-hydraulic-cylinder-1-1-12x12.webp 12w\" sizes=\"(max-width: 231px) 100vw, 231px\" \/><\/p>\n<p>\u0160tvorty\u010dov\u00fd hydraulick\u00fd valec s \u010dapom zadn\u00e9ho krytu je \u0161pi\u010dkov\u00fd komponent navrhnut\u00fd tak, aby poskytoval v\u00fdnimo\u010dn\u00fd v\u00fdkon, presn\u00e9 ovl\u00e1danie a bezkonkuren\u010dn\u00fd v\u00fdkon v r\u00f4znych priemyseln\u00fdch aplik\u00e1ci\u00e1ch. V\u010faka inovat\u00edvnej kon\u0161trukcii \u010dapu zadn\u00e9ho krytu a \u0161tvorty\u010dovej konfigur\u00e1cii pon\u00faka tento \u0161tvorty\u010dov\u00fd hydraulick\u00fd valec zv\u00fd\u0161en\u00fa stabilitu, odolnos\u0165 a nosnos\u0165, v\u010faka \u010domu je nenahradite\u013en\u00fdm prvkom v n\u00e1ro\u010dn\u00fdch hydraulick\u00fdch syst\u00e9moch.<\/p>\n<p>Z\u00e1kladn\u00e9 vlastnosti \u0161tvorty\u010dov\u00e9ho hydraulick\u00e9ho valca:<\/p>\n<p><strong>Dizajn \u010dapu zadn\u00e9ho krytu:<\/strong><\/p>\n<ol>\n<li style=\"list-style-type: none;\">\n<ul>\n<li>Kon\u0161trukcia \u010dapu zadn\u00e9ho krytu poskytuje bezpe\u010dn\u00e9 a efekt\u00edvne rie\u0161enie in\u0161tal\u00e1cie, ktor\u00e9 zais\u0165uje spo\u013eahliv\u00fa prev\u00e1dzku aj pri vysokom za\u0165a\u017een\u00ed a extr\u00e9mnych podmienkach.<\/li>\n<li>Zjednodu\u0161uje in\u0161tal\u00e1ciu a mo\u017eno ho \u013eahko integrova\u0165 do r\u00f4znych hydraulick\u00fdch syst\u00e9mov alebo zariaden\u00ed.<\/li>\n<\/ul>\n<\/li>\n<\/ol>\n<p><strong>Konfigur\u00e1cia so \u0161tyrmi ty\u010dami:<\/strong><\/p>\n<ol>\n<li style=\"list-style-type: none;\">\n<ul>\n<li>\u0160tvorty\u010dov\u00e1 konfigur\u00e1cia zvy\u0161uje nosnos\u0165 \u0161tvorty\u010dov\u00e9ho hydraulick\u00e9ho valca a zais\u0165uje optim\u00e1lnu stabilitu a presn\u00e9 polohovanie.<\/li>\n<li>Umo\u017e\u0148uje \u0161tvorty\u010dov\u00e9mu hydraulick\u00e9mu valcu \u00fa\u010dinne odol\u00e1va\u0165 bo\u010dn\u00e9mu za\u0165a\u017eeniu a poskytuje v\u00fdnimo\u010dn\u00fa odolnos\u0165 vo\u010di kr\u00fateniu a bo\u010dn\u00fdm sil\u00e1m.<\/li>\n<\/ul>\n<\/li>\n<\/ol>\n<p><strong>Vysok\u00fd v\u00fdkon:<\/strong><\/p>\n<ol>\n<li style=\"list-style-type: none;\">\n<ul>\n<li>Tento \u0161tvorty\u010dov\u00fd hydraulick\u00fd valec m\u00e1 p\u00f4sobiv\u00fd v\u00fdstupn\u00fd v\u00fdkon, ktor\u00fd mu umo\u017e\u0148uje \u013eahko zvl\u00e1da\u0165 \u0165a\u017ek\u00e9 bremen\u00e1.<\/li>\n<li>Poskytuje vynikaj\u00faci v\u00fdkon a \u0165ah, v\u010faka \u010domu je vhodn\u00fd pre aplik\u00e1cie, ktor\u00e9 vy\u017eaduj\u00fa ve\u013ek\u00fa silu a nosnos\u0165.<\/li>\n<\/ul>\n<\/li>\n<\/ol>\n<p><strong>Presn\u00e9 ovl\u00e1danie:<\/strong><\/p>\n<ul>\n<li style=\"list-style-type: none;\">\n<ul>\n<li>\u0160tvorty\u010dov\u00fd hydraulick\u00fd valec s \u010dapom zadn\u00e9ho krytu poskytuje presn\u00e9 line\u00e1rne riadenie pohybu, \u010d\u00edm sa zabezpe\u010duje presn\u00e9 polohovanie a plynul\u00fd chod.<\/li>\n<li>Poskytuje vynikaj\u00facu kontrolu zdvihu, \u010do umo\u017e\u0148uje oper\u00e1torom dosiahnu\u0165 r\u00fdchlos\u0165 a presnos\u0165 potrebn\u00fa pre \u0161pecifick\u00e9 \u00falohy.<\/li>\n<\/ul>\n<\/li>\n<\/ul>\n<h2><strong>Parameter hydraulick\u00e9ho valca so \u0161tyrmi ty\u010dami zadn\u00e9ho krytu:<\/strong><\/h2>\n<p><img loading=\"lazy\" decoding=\"async\" class=\"alignnone wp-image-1010 size-full\" src=\"https:\/\/hydraulic-cylinders.net\/wp-content\/uploads\/2023\/09\/rear-cover-rectangular-flange-four-rod-hydraulic-cylinder-2.webp\" alt=\"\" width=\"655\" height=\"197\" srcset=\"https:\/\/hydraulic-cylinders.net\/wp-content\/uploads\/2023\/09\/rear-cover-rectangular-flange-four-rod-hydraulic-cylinder-2.webp 655w, https:\/\/hydraulic-cylinders.net\/wp-content\/uploads\/2023\/09\/rear-cover-rectangular-flange-four-rod-hydraulic-cylinder-2-480x144.webp 480w\" sizes=\"(min-width: 0px) and (max-width: 480px) 480px, (min-width: 481px) 655px, 100vw\" \/><\/p>\n<p><img loading=\"lazy\" decoding=\"async\" class=\"alignnone wp-image-1033 size-full\" src=\"https:\/\/hydraulic-cylinders.net\/wp-content\/uploads\/2023\/09\/d-db-dd-four-rod-hydraulic-cylinder.webp\" alt=\"\" width=\"655\" height=\"249\" srcset=\"https:\/\/hydraulic-cylinders.net\/wp-content\/uploads\/2023\/09\/d-db-dd-four-rod-hydraulic-cylinder.webp 655w, https:\/\/hydraulic-cylinders.net\/wp-content\/uploads\/2023\/09\/d-db-dd-four-rod-hydraulic-cylinder-480x182.webp 480w\" sizes=\"(min-width: 0px) and (max-width: 480px) 480px, (min-width: 481px) 655px, 100vw\" \/><\/p>\n<h2><strong>Hydraulick\u00fd valec so \u0161tyrmi ty\u010dami na zadnom kryte <\/strong><strong>Met\u00f3da pou\u017eitia<\/strong><strong>:<\/strong><\/h2>\n<p><strong>Mont\u00e1\u017e a in\u0161tal\u00e1cia:<\/strong><\/p>\n<ol>\n<li style=\"list-style-type: none;\">\n<ul>\n<li>Pri ur\u010dovan\u00ed vhodn\u00e9ho miesta in\u0161tal\u00e1cie hydraulick\u00e9ho valca v syst\u00e9me alebo zariaden\u00ed zv\u00e1\u017ete po\u017eiadavky na za\u0165a\u017eenie a priestorov\u00e9 obmedzenia.<\/li>\n<li>Uistite sa, \u017ee mont\u00e1\u017eny povrch je \u010dist\u00fd, rovn\u00fd a schopn\u00fd unies\u0165 hmotnos\u0165 valca.<\/li>\n<li>Umiestnite \u010dapy zadn\u00e9ho krytu zarovno s mont\u00e1\u017enou plochou a upevnite ich pomocou odpor\u00fa\u010dan\u00fdch skrutiek alebo upev\u0148ovac\u00edch prvkov.<\/li>\n<\/ul>\n<\/li>\n<\/ol>\n<p><strong>Hydraulick\u00e9 pripojenia:<\/strong><\/p>\n<ol>\n<li style=\"list-style-type: none;\">\n<ul>\n<li>Pripojte pr\u00edvodn\u00e9 potrubie \u0161tvorty\u010dov\u00e9ho hydraulick\u00e9ho valca k otvoru valca, aby ste zabezpe\u010dili spr\u00e1vne utesnenie a zabr\u00e1nili \u00faniku.<\/li>\n<li>Ria\u010fte sa odpor\u00fa\u010daniami v\u00fdrobcu t\u00fdkaj\u00facimi sa typu hydraulick\u00e9ho oleja a napl\u0148te syst\u00e9m na odpor\u00fa\u010dan\u00fa hladinu.<\/li>\n<\/ul>\n<\/li>\n<\/ol>\n<p><strong>Prev\u00e1dzka:<\/strong><\/p>\n<ul>\n<li style=\"list-style-type: none;\">\n<ul>\n<li>Aktivujte hydraulick\u00fd syst\u00e9m a ovl\u00e1dajte pohyb valca pomocou hydraulick\u00e9ho regula\u010dn\u00e9ho ventilu alebo in\u00e9ho vhodn\u00e9ho ovl\u00e1dacieho mechanizmu.<\/li>\n<li>Upravte nastavenia prietoku a tlaku, aby ste dosiahli po\u017eadovan\u00fa r\u00fdchlos\u0165 a v\u00fdstupn\u00fa silu.<\/li>\n<li>Pravidelne kontrolujte prev\u00e1dzku valca, \u010di sa na \u0148om nevyskytuj\u00fa pr\u00edznaky abnorm\u00e1lneho spr\u00e1vania, ako s\u00fa netesnosti, prehrievanie alebo nezvy\u010dajn\u00fd hluk.<\/li>\n<\/ul>\n<\/li>\n<\/ul>\n<h2><strong>\u00dadr\u017eba hydraulick\u00e9ho valca so \u0161tyrmi ty\u010dami zadn\u00e9ho krytu<\/strong><strong>:<\/strong><\/h2>\n<ol>\n<li><strong>Pravideln\u00e1 kontrola:<\/strong>\n<ul>\n<li>Vykon\u00e1vajte pravideln\u00e9 vizu\u00e1lne kontroly, aby ste skontrolovali zn\u00e1mky opotrebovania, netesnost\u00ed alebo po\u0161kodenia.<\/li>\n<li>Skontrolujte povrch ty\u010de, tesnenia a mont\u00e1\u017ene spoje, \u010di nevykazuj\u00fa nejak\u00e9 abnormality, a ak\u00e9ko\u013evek probl\u00e9my ihne\u010f odstr\u00e1\u0148te.<\/li>\n<\/ul>\n<\/li>\n<li><strong>Mazanie:<\/strong>\n<ul>\n<li>Dodr\u017eiavajte pokyny v\u00fdrobcu t\u00fdkaj\u00face sa intervalov mazania a pou\u017e\u00edvajte odpor\u00fa\u010dan\u00e9 mazivo, aby ste zabezpe\u010dili hladk\u00fd chod.<\/li>\n<li>Naneste mazivo na ty\u010d, tesnenia a \u010fal\u0161ie pohybliv\u00e9 \u010dasti, aby ste minimalizovali trenie a pred\u013a\u017eili \u017eivotnos\u0165 valca.<\/li>\n<\/ul>\n<\/li>\n<li><strong>V\u00fdmena tesnenia:<\/strong>\n<ul>\n<li>Tesnenia sa \u010dasom m\u00f4\u017eu opotrebova\u0165 a je potrebn\u00e9 ich vymeni\u0165. Ak zist\u00edte netesnos\u0165, opatrne odstr\u00e1\u0148te star\u00e9 tesnenia a nain\u0161talujte nov\u00e9 pod\u013ea pokynov v\u00fdrobcu.<\/li>\n<\/ul>\n<\/li>\n<\/ol>\n<h2><strong>Ako zrekon\u0161truujete hydraulick\u00fd valec\uff1f<\/strong><\/h2>\n<p>Rekon\u0161trukcia hydraulick\u00e9ho valca zah\u0155\u0148a demont\u00e1\u017e valca, kontrolu jeho komponentov, v\u00fdmenu opotrebovan\u00fdch alebo po\u0161koden\u00fdch dielov a jeho op\u00e4tovn\u00fa mont\u00e1\u017e, aby sa obnovila jeho funk\u010dnos\u0165. Tu je v\u0161eobecn\u00fd podrobn\u00fd n\u00e1vod, ako rekon\u0161truova\u0165 hydraulick\u00fd valec:<\/p>\n<ol>\n<li><strong>Zhroma\u017edite potrebn\u00e9 n\u00e1stroje a vybavenie:<\/strong>\n<ul>\n<li>Pred za\u010dat\u00edm procesu rekon\u0161trukcie si pripravte potrebn\u00e9 n\u00e1stroje, ako s\u00fa k\u013e\u00fa\u010de, klie\u0161te, gumen\u00e9 kladivo, br\u00fasny n\u00e1stroj na valce, nov\u00e9 tesnenia a O-kr\u00fa\u017eky, n\u00e1stroj na mont\u00e1\u017e tesnen\u00ed a s\u00fapravu na opravu hydraulick\u00e9ho valca.<\/li>\n<\/ul>\n<\/li>\n<li><strong>Bezpe\u010dnostn\u00e9 opatrenia:<\/strong>\n<ul>\n<li>Uistite sa, \u017ee hydraulick\u00fd syst\u00e9m je bez tlaku a valec je odpojen\u00fd od ak\u00e9hoko\u013evek zdroja nap\u00e1jania.<\/li>\n<li>Po\u010das prestavby pou\u017e\u00edvajte vhodn\u00e9 ochrann\u00e9 prostriedky (OOP), ako s\u00fa rukavice a ochrann\u00e9 okuliare, aby ste sa chr\u00e1nili.<\/li>\n<\/ul>\n<\/li>\n<li><strong>Demont\u00e1\u017e valca:<\/strong>\n<ul>\n<li>Odstr\u00e1\u0148te hydraulick\u00fd valec zo zariadenia alebo syst\u00e9mu.<\/li>\n<li>Opatrne rozoberte valec, za\u010dnite odstr\u00e1nen\u00edm koncov\u00fdch uz\u00e1verov alebo poistn\u00fdch kr\u00fa\u017ekov.<\/li>\n<li>\u00dapln\u00fdm zasunut\u00edm ty\u010de uvo\u013enite tlak vo valci.<\/li>\n<li>Pre presn\u00fa op\u00e4tovn\u00fa mont\u00e1\u017e si zapam\u00e4tajte poradie odstr\u00e1nen\u00fdch komponentov.<\/li>\n<\/ul>\n<\/li>\n<li><strong>Kontrola komponentov:<\/strong>\n<ul>\n<li>Skontrolujte v\u0161etky komponenty valca vr\u00e1tane ty\u010de, piestu, tesnen\u00ed a lo\u017e\u00edsk, \u010di nejavia zn\u00e1mky opotrebovania, po\u0161kodenia alebo kor\u00f3zie.<\/li>\n<li>Zmerajte rozmery kritick\u00fdch komponentov, ako je priemer ty\u010de a otvoru, aby ste sa uistili, \u017ee s\u00fa v r\u00e1mci \u0161pecifik\u00e1ci\u00ed.<\/li>\n<li>Venujte zv\u00fd\u0161en\u00fa pozornos\u0165 stavu tesnen\u00ed a O-kr\u00fa\u017ekov, preto\u017ee s\u00fa zn\u00e1mymi zdrojmi probl\u00e9mov s hydraulick\u00fdmi valcami.<\/li>\n<\/ul>\n<\/li>\n<li><strong>V\u00fdmena opotrebovan\u00fdch alebo po\u0161koden\u00fdch dielov:<\/strong>\n<ul>\n<li>Vyme\u0148te v\u0161etky tesnenia, O-kr\u00fa\u017eky alebo in\u00e9 po\u0161koden\u00e9 komponenty zisten\u00e9 po\u010das kontroly.<\/li>\n<li>Uistite sa, \u017ee n\u00e1hradn\u00e9 diely s\u00fa kompatibiln\u00e9 s modelom valca a sp\u013a\u0148aj\u00fa po\u017eadovan\u00e9 \u0161pecifik\u00e1cie.<\/li>\n<li>Pred in\u0161tal\u00e1ciou nama\u017ete nov\u00e9 tesnenia alebo O-kr\u00fa\u017eky hydraulick\u00fdm olejom.<\/li>\n<\/ul>\n<\/li>\n<li><strong>Zmontovanie valca:<\/strong>\n<ul>\n<li>V\u0161etky rozobrat\u00e9 komponenty d\u00f4kladne o\u010distite, aby ste odstr\u00e1nili v\u0161etky ne\u010distoty alebo \u00falomky.<\/li>\n<li>Po\u010das op\u00e4tovnej mont\u00e1\u017ee naneste na komponenty tenk\u00fa vrstvu hydraulick\u00e9ho oleja, aby ste zabezpe\u010dili ich mazanie.<\/li>\n<li>Dodr\u017eiavajte pokyny v\u00fdrobcu alebo oprav\u00e1rensk\u00fd manu\u00e1l, aby ste zabezpe\u010dili spr\u00e1vnu op\u00e4tovn\u00fa mont\u00e1\u017e upev\u0148ovac\u00edch prvkov a \u0161pecifik\u00e1cie kr\u00fatiaceho momentu.<\/li>\n<\/ul>\n<\/li>\n<li><strong>Testovanie a in\u0161tal\u00e1cia:<\/strong>\n<ul>\n<li>Po op\u00e4tovnej mont\u00e1\u017ei valca otestujte jeho funk\u010dnos\u0165 pou\u017eit\u00edm hydraulick\u00e9ho tlaku.<\/li>\n<li>Po\u010das testovania skontrolujte, \u010di nedoch\u00e1dza k \u00fanikom, abnorm\u00e1lnym zvukom alebo nepravideln\u00fdm pohybom.<\/li>\n<li>Ak valec funguje hladko a bez probl\u00e9mov, je mo\u017en\u00e9 ho znova nain\u0161talova\u0165 do zariadenia alebo syst\u00e9mu.<\/li>\n<\/ul>\n<\/li>\n<\/ol>\n<h2><strong>Schopnos\u0165 a kapacita tov\u00e1rne:<\/strong><\/h2>\n<h3>(1) Mont\u00e1\u017e<\/h3>\n<p>Disponujeme prvotriednou nez\u00e1vislou v\u00fdskumnou a v\u00fdvojovou mont\u00e1\u017enou platformou. Diel\u0148a na v\u00fdrobu hydraulick\u00fdch valcov m\u00e1 \u0161tyri poloautomatick\u00e9 mont\u00e1\u017ene linky zdv\u00edhac\u00edch valcov a jednu automatick\u00fa mont\u00e1\u017enu linku nakl\u00e1pac\u00edch valcov s projektovanou ro\u010dnou v\u00fdrobnou kapacitou 1 mili\u00f3n kusov. Diel\u0148a na v\u00fdrobu \u0161peci\u00e1lnych valcov je vybaven\u00e1 r\u00f4znymi \u0161pecifik\u00e1ciami poloautomatick\u00e9ho syst\u00e9mu \u010distenia a mont\u00e1\u017ee s projektovanou ro\u010dnou v\u00fdrobnou kapacitou 200 000 kusov a je vybaven\u00e1 zn\u00e1mym CNC obr\u00e1bac\u00edm zariaden\u00edm, obr\u00e1bac\u00edm centrom, \u0161peci\u00e1lnym zariaden\u00edm na vysoko presn\u00e9 spracovanie valcov, robotick\u00fdm zv\u00e1rac\u00edm strojom, automatick\u00fdm \u010distiacim strojom, automatick\u00fdm mont\u00e1\u017enym strojom valcov a automatickou lakovacou v\u00fdrobnou linkou. Existuj\u00face kritick\u00e9 zariadenia maj\u00fa viac ako 300 s\u00faprav (s\u00e1d). Optim\u00e1lne alokovanie a efekt\u00edvne vyu\u017e\u00edvanie zdrojov zariaden\u00ed zabezpe\u010duje po\u017eiadavky na presnos\u0165 v\u00fdrobkov a sp\u013a\u0148a po\u017eiadavky na vysok\u00fa kvalitu v\u00fdrobkov.<\/p>\n<p><img loading=\"lazy\" decoding=\"async\" class=\"alignnone wp-image-626\" src=\"https:\/\/hydraulic-cylinders.net\/wp-content\/uploads\/2023\/08\/hydraulic-cylinder-product-1-300x158.webp\" alt=\"\" width=\"495\" height=\"260\" srcset=\"https:\/\/hydraulic-cylinders.net\/wp-content\/uploads\/2023\/08\/hydraulic-cylinder-product-1-300x158.webp 495w, https:\/\/hydraulic-cylinders.net\/wp-content\/uploads\/2023\/08\/hydraulic-cylinder-product-1-480x252.webp 480w\" sizes=\"(min-width: 0px) and (max-width: 480px) 480px, (min-width: 481px) 495px, 100vw\" \/> <img loading=\"lazy\" decoding=\"async\" class=\"alignnone wp-image-627\" src=\"https:\/\/hydraulic-cylinders.net\/wp-content\/uploads\/2023\/08\/hydraulic-cylinder-product-2-300x189.webp\" alt=\"\" width=\"413\" height=\"260\" \/><\/p>\n<h3>(2) Obr\u00e1banie<\/h3>\n<p>Obr\u00e1bacia diel\u0148a je vybaven\u00e1 prisp\u00f4soben\u00fdm s\u00fastru\u017en\u00edckym centrom na \u0161ikm\u00e9 ko\u013eajnice, obr\u00e1bac\u00edm centrom, vysokor\u00fdchlostn\u00fdm honovac\u00edm strojom, zv\u00e1rac\u00edm robotom a \u010fal\u0161\u00edm s\u00favisiacim zariaden\u00edm, ktor\u00e9 dok\u00e1\u017ee spracova\u0165 valcov\u00e9 r\u00fary s maxim\u00e1lnym vn\u00fatorn\u00fdm priemerom 400 mm a maxim\u00e1lnou d\u013a\u017ekou 6 metrov.<\/p>\n<p><img loading=\"lazy\" decoding=\"async\" class=\"alignnone wp-image-628 size-large\" src=\"https:\/\/hydraulic-cylinders.net\/wp-content\/uploads\/2023\/08\/hydraulic-cylinder-product-3-1024x391.webp\" alt=\"\" width=\"1024\" height=\"391\" srcset=\"https:\/\/hydraulic-cylinders.net\/wp-content\/uploads\/2023\/08\/hydraulic-cylinder-product-3-980x374.webp 980w, https:\/\/hydraulic-cylinders.net\/wp-content\/uploads\/2023\/08\/hydraulic-cylinder-product-3-480x183.webp 480w\" sizes=\"(min-width: 0px) and (max-width: 480px) 480px, (min-width: 481px) and (max-width: 980px) 980px, (min-width: 981px) 1024px, 100vw\" \/><\/p>\n<h3>(3) Zv\u00e1ranie<\/h3>\n<p><img loading=\"lazy\" decoding=\"async\" class=\"alignnone wp-image-629 size-large\" src=\"https:\/\/hydraulic-cylinders.net\/wp-content\/uploads\/2023\/08\/hydraulic-cylinder-product-4-1024x510.webp\" alt=\"\" width=\"1024\" height=\"510\" srcset=\"https:\/\/hydraulic-cylinders.net\/wp-content\/uploads\/2023\/08\/hydraulic-cylinder-product-4-980x488.webp 980w, https:\/\/hydraulic-cylinders.net\/wp-content\/uploads\/2023\/08\/hydraulic-cylinder-product-4-480x239.webp 480w\" sizes=\"(min-width: 0px) and (max-width: 480px) 480px, (min-width: 481px) and (max-width: 980px) 980px, (min-width: 981px) 1024px, 100vw\" \/><\/p>\n<h3>(4) Ma\u013eovanie a natieranie<\/h3>\n<p>S mal\u00fdmi a stredne ve\u013ek\u00fdmi valcov\u00fdmi automatick\u00fdmi linkami na nan\u00e1\u0161anie farieb na vodnej b\u00e1ze, na dosiahnutie automatick\u00e9ho nakladania a vykladania robotmi a automatick\u00e9ho striekania, je projektovan\u00e1 kapacita 4000 kusov za smenu;<br \/>\nM\u00e1me tie\u017e poloautomatick\u00fa linku na v\u00fdrobu farieb pre ve\u013ek\u00e9 valce poh\u00e1\u0148an\u00e9 re\u0165azou s projektovanou kapacitou 60 kusov za smenu.<\/p>\n<p><img loading=\"lazy\" decoding=\"async\" class=\"alignnone wp-image-630\" src=\"https:\/\/hydraulic-cylinders.net\/wp-content\/uploads\/2023\/08\/hydraulic-cylinder-product-5-300x213.webp\" alt=\"\" width=\"366\" height=\"260\" \/> <img loading=\"lazy\" decoding=\"async\" class=\"alignnone wp-image-631\" src=\"https:\/\/hydraulic-cylinders.net\/wp-content\/uploads\/2023\/08\/hydraulic-cylinder-product-6-300x225.webp\" alt=\"\" width=\"347\" height=\"260\" \/><\/p>\n<h3>(5) Testovanie<\/h3>\n<p>Disponujeme prvotriednymi kontroln\u00fdmi zariadeniami a sk\u00fa\u0161obn\u00fdmi zariadeniami, ktor\u00e9 zabezpe\u010duj\u00fa, \u017ee v\u00fdkonnos\u0165 valca sp\u013a\u0148a po\u017eiadavky.<\/p>\n<p><img loading=\"lazy\" decoding=\"async\" class=\"alignnone wp-image-632\" src=\"https:\/\/hydraulic-cylinders.net\/wp-content\/uploads\/2023\/08\/hydraulic-cylinder-product-8-300x200.webp\" alt=\"\" width=\"389\" height=\"260\" \/><\/p>\n<p>&nbsp;<\/p>\n<p>&nbsp;<\/p>\n<p>Sme jedn\u00fdm z najlep\u0161\u00edch v\u00fdrobcov \u013eahk\u00fdch \u0161tvorty\u010dov\u00fdch hydraulick\u00fdch valcov. Pon\u00fakame komplexn\u00fd sortiment \u013eahk\u00fdch \u0161tvorty\u010dov\u00fdch hydraulick\u00fdch valcov. Poskytujeme aj zodpovedaj\u00face... <a href=\"https:\/\/hzpt.com\/agricultural-pto-gearbox\/\" target=\"_blank\" rel=\"noopener\">po\u013enohospod\u00e1rske prevodovky<\/a>. Na\u0161e v\u00fdrobky sme vyviezli z\u00e1kazn\u00edkom do cel\u00e9ho sveta a z\u00edskali sme si dobr\u00fa poves\u0165 v\u010faka vynikaj\u00facej kvalite na\u0161ich v\u00fdrobkov a popredajn\u00e9mu servisu. Srde\u010dne v\u00edtame z\u00e1kazn\u00edkov doma aj v zahrani\u010d\u00ed, aby n\u00e1s kontaktovali a dohodli sa na obchodn\u00fdch rokovaniach, vymenili si inform\u00e1cie.\u00a0<a href=\"https:\/\/www.hydraulic-cylinders.net\/sk\/contact-us\/\">spolupracova\u0165 s nami<\/a>!<\/p>\n<h2><\/h2>\n<h2><\/h2>\n<h2><\/h2>","protected":false},"excerpt":{"rendered":"<p>Rear Cover Trunnion Four Rod Hydraulic Cylinder The rear cover trunnion four rod hydraulic cylinder is a cutting-edge component designed to provide exceptional power, precise control, and unmatched performance in various industrial applications. With its innovative rear cover trunnion design and four rod configuration, this four rod hydraulic cylinder offers enhanced stability, durability, and load-bearing [&hellip;]<\/p>","protected":false},"featured_media":1039,"comment_status":"open","ping_status":"closed","template":"","meta":{"_et_pb_use_builder":"","_et_pb_old_content":"","_et_gb_content_width":""},"product_brand":[],"product_cat":[1376,1386],"product_tag":[1380],"class_list":{"0":"post-1012","1":"product","2":"type-product","3":"status-publish","4":"has-post-thumbnail","6":"product_cat-hydraulic-cylinder","7":"product_cat-four-rod-hydraulic-cylinder","8":"product_tag-hydraulic-cylinder","10":"first","11":"instock","12":"shipping-taxable","13":"product-type-simple"},"amp_enabled":true,"_links":{"self":[{"href":"https:\/\/www.hydraulic-cylinders.net\/sk\/wp-json\/wp\/v2\/product\/1012","targetHints":{"allow":["GET"]}}],"collection":[{"href":"https:\/\/www.hydraulic-cylinders.net\/sk\/wp-json\/wp\/v2\/product"}],"about":[{"href":"https:\/\/www.hydraulic-cylinders.net\/sk\/wp-json\/wp\/v2\/types\/product"}],"replies":[{"embeddable":true,"href":"https:\/\/www.hydraulic-cylinders.net\/sk\/wp-json\/wp\/v2\/comments?post=1012"}],"wp:featuredmedia":[{"embeddable":true,"href":"https:\/\/www.hydraulic-cylinders.net\/sk\/wp-json\/wp\/v2\/media\/1039"}],"wp:attachment":[{"href":"https:\/\/www.hydraulic-cylinders.net\/sk\/wp-json\/wp\/v2\/media?parent=1012"}],"wp:term":[{"taxonomy":"product_brand","embeddable":true,"href":"https:\/\/www.hydraulic-cylinders.net\/sk\/wp-json\/wp\/v2\/product_brand?post=1012"},{"taxonomy":"product_cat","embeddable":true,"href":"https:\/\/www.hydraulic-cylinders.net\/sk\/wp-json\/wp\/v2\/product_cat?post=1012"},{"taxonomy":"product_tag","embeddable":true,"href":"https:\/\/www.hydraulic-cylinders.net\/sk\/wp-json\/wp\/v2\/product_tag?post=1012"}],"curies":[{"name":"pracovn\u00fd list","href":"https:\/\/api.w.org\/{rel}","templated":true}]}}