{"id":1014,"date":"2023-09-07T02:36:18","date_gmt":"2023-09-07T02:36:18","guid":{"rendered":"https:\/\/hydraulic-cylinders.net\/?post_type=product&#038;p=1014"},"modified":"2023-09-19T01:36:38","modified_gmt":"2023-09-19T01:36:38","slug":"middle-fixed-trunnion-four-rod-hydraulic-cylinder","status":"publish","type":"product","link":"https:\/\/www.hydraulic-cylinders.net\/sk\/produkt\/middle-fixed-trunnion-four-rod-hydraulic-cylinder\/","title":{"rendered":"Stredn\u00fd pevn\u00fd \u010dap so \u0161tyrmi ty\u010dami hydraulick\u00e9ho valca"},"content":{"rendered":"<h1 style=\"text-align: center;\"><strong>Stredn\u00fd pevn\u00fd \u010dap so \u0161tyrmi ty\u010dami hydraulick\u00e9ho valca<\/strong><\/h1>\n<p><img loading=\"lazy\" decoding=\"async\" class=\"size-full wp-image-1015 aligncenter\" src=\"https:\/\/hydraulic-cylinders.net\/wp-content\/uploads\/2023\/09\/middle-fixed-trunnion-four-rod-hydraulic-cylinder-1.webp\" alt=\"\" width=\"227\" height=\"227\" srcset=\"https:\/\/www.hydraulic-cylinders.net\/wp-content\/uploads\/2023\/09\/middle-fixed-trunnion-four-rod-hydraulic-cylinder-1.webp 227w, https:\/\/www.hydraulic-cylinders.net\/wp-content\/uploads\/2023\/09\/middle-fixed-trunnion-four-rod-hydraulic-cylinder-1-100x100.webp 100w, https:\/\/www.hydraulic-cylinders.net\/wp-content\/uploads\/2023\/09\/middle-fixed-trunnion-four-rod-hydraulic-cylinder-1-150x150.webp 150w, https:\/\/www.hydraulic-cylinders.net\/wp-content\/uploads\/2023\/09\/middle-fixed-trunnion-four-rod-hydraulic-cylinder-1-12x12.webp 12w\" sizes=\"(max-width: 227px) 100vw, 227px\" \/><\/p>\n<p>\u0160tvorty\u010dov\u00fd hydraulick\u00fd valec s pevn\u00fdm stredn\u00fdm \u010dapom je najmodernej\u0161\u00ed hydraulick\u00fd komponent navrhnut\u00fd tak, aby poskytoval v\u00fdnimo\u010dn\u00fd v\u00fdkon, stabilitu a presnos\u0165 v \u0161irokej \u0161k\u00e1le priemyseln\u00fdch aplik\u00e1ci\u00ed. V\u010faka inovat\u00edvnej kon\u0161trukcii s pevn\u00fdm stredn\u00fdm \u010dapom a \u0161tvorty\u010dovej konfigur\u00e1cii pon\u00faka tento \u0161tvorty\u010dov\u00fd hydraulick\u00fd valec vynikaj\u00facu nosnos\u0165, odolnos\u0165 a spo\u013eahliv\u00fd v\u00fdkon, v\u010faka \u010domu je nevyhnutn\u00fdm prvkom v n\u00e1ro\u010dn\u00fdch hydraulick\u00fdch syst\u00e9moch.<\/p>\n<p>Z\u00e1kladn\u00e9 vlastnosti \u0161tvorty\u010dov\u00e9ho hydraulick\u00e9ho valca:<\/p>\n<p><strong>Dizajn stredn\u00e9ho pevn\u00e9ho \u010dapu:<\/strong><\/p>\n<ol>\n<li style=\"list-style-type: none;\">\n<ul>\n<li>Kon\u0161trukcia s medzi\u013eahl\u00fdm pevn\u00fdm \u010dapom poskytuje bezpe\u010dn\u00e9 a stabiln\u00e9 in\u0161tala\u010dn\u00e9 rie\u0161enie, ktor\u00e9 zais\u0165uje spo\u013eahliv\u00fa prev\u00e1dzku aj pri vysokom za\u0165a\u017een\u00ed a extr\u00e9mnych podmienkach.<\/li>\n<li>Zjednodu\u0161uje proces in\u0161tal\u00e1cie a mo\u017eno ho \u013eahko integrova\u0165 do r\u00f4znych hydraulick\u00fdch syst\u00e9mov alebo zariaden\u00ed.<\/li>\n<\/ul>\n<\/li>\n<\/ol>\n<p><strong>Konfigur\u00e1cia so \u0161tyrmi ty\u010dami:<\/strong><\/p>\n<ol>\n<li style=\"list-style-type: none;\">\n<ul>\n<li>\u0160tvorty\u010dov\u00e1 konfigur\u00e1cia zvy\u0161uje nosnos\u0165 valca, \u010d\u00edm zabezpe\u010duje optim\u00e1lnu stabilitu a presn\u00e9 polohovanie.<\/li>\n<li>Umo\u017e\u0148uje valcu \u00fa\u010dinne odol\u00e1va\u0165 bo\u010dn\u00e9mu za\u0165a\u017eeniu a poskytuje v\u00fdnimo\u010dn\u00fa odolnos\u0165 vo\u010di kr\u00fateniu a prie\u010dnym sil\u00e1m.<\/li>\n<\/ul>\n<\/li>\n<\/ol>\n<p><strong>Vysok\u00fd v\u00fdkon:<\/strong><\/p>\n<ol>\n<li style=\"list-style-type: none;\">\n<ul>\n<li>Tento \u0161tvorty\u010dov\u00fd hydraulick\u00fd valec m\u00e1 p\u00f4sobiv\u00fd v\u00fdstupn\u00fd v\u00fdkon, ktor\u00fd mu umo\u017e\u0148uje \u013eahko zvl\u00e1da\u0165 \u0165a\u017ek\u00e9 bremen\u00e1.<\/li>\n<li>Poskytuje vynikaj\u00faci v\u00fdkon a \u0165ah, v\u010faka \u010domu je vhodn\u00fd pre aplik\u00e1cie vy\u017eaduj\u00face pevnos\u0165 a nosnos\u0165.<\/li>\n<\/ul>\n<\/li>\n<\/ol>\n<p><strong>Presn\u00e9 ovl\u00e1danie:<\/strong><\/p>\n<ul>\n<li style=\"list-style-type: none;\">\n<ul>\n<li>\u0160tvorty\u010dov\u00fd hydraulick\u00fd valec s pevn\u00fdm \u010dapom v strede dok\u00e1\u017ee presne riadi\u0165 line\u00e1rny pohyb, aby sa zabezpe\u010dilo presn\u00e9 polohovanie a plynul\u00fd chod.<\/li>\n<li>Poskytuje vynikaj\u00facu kontrolu zdvihu, \u010do umo\u017e\u0148uje oper\u00e1torom dosiahnu\u0165 r\u00fdchlos\u0165 a presnos\u0165 potrebn\u00fa pre \u0161pecifick\u00e9 \u00falohy.<\/li>\n<\/ul>\n<\/li>\n<\/ul>\n<h2><strong>Parameter hydraulick\u00e9ho valca so \u0161tyrmi ty\u010dami so stredn\u00fdm pevn\u00fdm \u010dapom:<\/strong><\/h2>\n<p><img loading=\"lazy\" decoding=\"async\" class=\"alignnone wp-image-1016 size-full\" src=\"https:\/\/hydraulic-cylinders.net\/wp-content\/uploads\/2023\/09\/middle-fixed-trunnion-four-rod-hydraulic-cylinder.webp\" alt=\"\" width=\"655\" height=\"191\" srcset=\"https:\/\/hydraulic-cylinders.net\/wp-content\/uploads\/2023\/09\/middle-fixed-trunnion-four-rod-hydraulic-cylinder.webp 655w, https:\/\/hydraulic-cylinders.net\/wp-content\/uploads\/2023\/09\/middle-fixed-trunnion-four-rod-hydraulic-cylinder-480x140.webp 480w\" sizes=\"(min-width: 0px) and (max-width: 480px) 480px, (min-width: 481px) 655px, 100vw\" \/><\/p>\n<p><img loading=\"lazy\" decoding=\"async\" class=\"alignnone wp-image-1033 size-full\" src=\"https:\/\/hydraulic-cylinders.net\/wp-content\/uploads\/2023\/09\/d-db-dd-four-rod-hydraulic-cylinder.webp\" alt=\"\" width=\"655\" height=\"249\" srcset=\"https:\/\/hydraulic-cylinders.net\/wp-content\/uploads\/2023\/09\/d-db-dd-four-rod-hydraulic-cylinder.webp 655w, https:\/\/hydraulic-cylinders.net\/wp-content\/uploads\/2023\/09\/d-db-dd-four-rod-hydraulic-cylinder-480x182.webp 480w\" sizes=\"(min-width: 0px) and (max-width: 480px) 480px, (min-width: 481px) 655px, 100vw\" \/><\/p>\n<h2><strong>Stredn\u00fd pevn\u00fd \u010dap so \u0161tyrmi ty\u010dami hydraulick\u00e9ho valca <\/strong><strong>Met\u00f3da pou\u017eitia<\/strong><strong>:<\/strong><\/h2>\n<p><strong>Mont\u00e1\u017e a in\u0161tal\u00e1cia:<\/strong><\/p>\n<ol>\n<li style=\"list-style-type: none;\">\n<ul>\n<li>Pri ur\u010dovan\u00ed vhodn\u00e9ho miesta in\u0161tal\u00e1cie \u0161tvorty\u010dov\u00e9ho hydraulick\u00e9ho valca v syst\u00e9me alebo zariaden\u00ed zv\u00e1\u017ete po\u017eiadavky na za\u0165a\u017eenie a priestorov\u00e9 obmedzenia.<\/li>\n<li>Uistite sa, \u017ee mont\u00e1\u017eny povrch je \u010dist\u00fd, rovn\u00fd a schopn\u00fd unies\u0165 hmotnos\u0165 valca.<\/li>\n<li>Stredn\u00e9 upev\u0148ovacie \u010dapy upevnite k mont\u00e1\u017enemu povrchu pomocou odpor\u00fa\u010dan\u00fdch skrutiek alebo upev\u0148ovac\u00edch prvkov.<\/li>\n<\/ul>\n<\/li>\n<\/ol>\n<p><strong>Hydraulick\u00e9 pripojenia:<\/strong><\/p>\n<ol>\n<li style=\"list-style-type: none;\">\n<ul>\n<li>Pripojte hydraulick\u00e9 pr\u00edvodn\u00e9 potrubie k otvoru valca a zabezpe\u010dte spr\u00e1vne utesnenie, aby sa zabr\u00e1nilo \u00faniku.<\/li>\n<li>Ria\u010fte sa odpor\u00fa\u010daniami v\u00fdrobcu t\u00fdkaj\u00facimi sa typu hydraulick\u00e9ho oleja a napl\u0148te syst\u00e9m na odpor\u00fa\u010dan\u00fa hladinu.<\/li>\n<\/ul>\n<\/li>\n<\/ol>\n<p><strong>Prev\u00e1dzka:<\/strong><\/p>\n<ul>\n<li style=\"list-style-type: none;\">\n<ul>\n<li>Aktivujte hydraulick\u00fd syst\u00e9m a ovl\u00e1dajte pohyb valca pomocou hydraulick\u00e9ho regula\u010dn\u00e9ho ventilu alebo in\u00e9ho vhodn\u00e9ho ovl\u00e1dacieho mechanizmu.<\/li>\n<li>Upravte nastavenia prietoku a tlaku, aby ste dosiahli po\u017eadovan\u00fa r\u00fdchlos\u0165 a v\u00fdstupn\u00fa silu.<\/li>\n<li>Pravidelne kontrolujte prev\u00e1dzku valca, \u010di sa nevyskytuj\u00fa abnorm\u00e1lne javy, ako je \u00fanik, prehrievanie alebo nezvy\u010dajn\u00fd hluk.<\/li>\n<\/ul>\n<\/li>\n<\/ul>\n<h2><strong>Stredn\u00fd pevn\u00fd \u010dap so \u0161tyrmi ty\u010dami hydraulick\u00e9ho valca <\/strong><strong>\u00dadr\u017eba<\/strong><strong>:<\/strong><\/h2>\n<p><strong>Pravideln\u00e1 kontrola:<\/strong><\/p>\n<ol>\n<li style=\"list-style-type: none;\">\n<ul>\n<li>Vykon\u00e1vajte pravideln\u00e9 vizu\u00e1lne kontroly, aby ste skontrolovali zn\u00e1mky opotrebovania, \u00faniku alebo po\u0161kodenia.<\/li>\n<li>Skontrolujte povrchy ty\u010d\u00ed, tesnenia a mont\u00e1\u017ene spoje, \u010di nevykazuj\u00fa abnormality, a ak\u00e9ko\u013evek probl\u00e9my ihne\u010f odstr\u00e1\u0148te.<\/li>\n<\/ul>\n<\/li>\n<\/ol>\n<p><strong>Mazanie:<\/strong><\/p>\n<ol>\n<li style=\"list-style-type: none;\">\n<ul>\n<li>Dodr\u017eiavajte pokyny v\u00fdrobcu t\u00fdkaj\u00face sa intervalov mazania a pou\u017e\u00edvajte odpor\u00fa\u010dan\u00e9 mazivo, aby ste zabezpe\u010dili hladk\u00fd chod.<\/li>\n<li>Nama\u017ete ty\u010de, tesnenia a \u010fal\u0161ie pohybliv\u00e9 \u010dasti, aby ste zn\u00ed\u017eili trenie a pred\u013a\u017eili \u017eivotnos\u0165 \u0161tvorbarov\u00fdch hydraulick\u00fdch valcov.<\/li>\n<\/ul>\n<\/li>\n<\/ol>\n<p><strong>V\u00fdmena tesnenia:<\/strong><\/p>\n<ul>\n<li style=\"list-style-type: none;\">\n<ul>\n<li>Tesnenia sa \u010dasom m\u00f4\u017eu opotrebova\u0165 a je potrebn\u00e9 ich vymeni\u0165. Ak zist\u00edte netesnos\u0165, opatrne odstr\u00e1\u0148te star\u00e9 tesnenie a nain\u0161talujte nov\u00e9 tesnenie pod\u013ea pokynov v\u00fdrobcu.<\/li>\n<\/ul>\n<\/li>\n<\/ul>\n<h2><strong>Ako r\u00fdchlo sa m\u00f4\u017ee pohybova\u0165 hydraulick\u00fd valec\uff1f<\/strong><\/h2>\n<p>R\u00fdchlos\u0165, akou sa hydraulick\u00fd valec m\u00f4\u017ee pohybova\u0165, z\u00e1vis\u00ed od nieko\u013ek\u00fdch faktorov vr\u00e1tane ve\u013ekosti a kon\u0161trukcie valca, tlaku a prietoku v hydraulickom syst\u00e9me a pohybovan\u00e9ho za\u0165a\u017eenia.<\/p>\n<p>Vo v\u0161eobecnosti s\u00fa hydraulick\u00e9 valce zn\u00e1me svojou schopnos\u0165ou poskytova\u0165 vysok\u00fa silu aj presn\u00e9 ovl\u00e1danie, ale ich maxim\u00e1lna r\u00fdchlos\u0165 je zvy\u010dajne ni\u017e\u0161ia v porovnan\u00ed s in\u00fdmi typmi ovl\u00e1da\u010dov. R\u00fdchlos\u0165 hydraulick\u00e9ho valca je ur\u010den\u00e1 r\u00fdchlos\u0165ou, akou sa hydraulick\u00e1 kvapalina dod\u00e1va do komory valca alebo z nej uvo\u013e\u0148uje.<\/p>\n<p>Tu je nieko\u013eko faktorov, ktor\u00e9 m\u00f4\u017eu ovplyvni\u0165 r\u00fdchlos\u0165 hydraulick\u00e9ho valca:<\/p>\n<ol>\n<li><strong>N\u00e1vrh syst\u00e9mu a komponenty:<\/strong> Kon\u0161trukcia hydraulick\u00e9ho syst\u00e9mu vr\u00e1tane \u010derpadla, ventilov a potrubia m\u00f4\u017ee ovplyvni\u0165 r\u00fdchlos\u0165 valca. Syst\u00e9m by mal by\u0165 spr\u00e1vne dimenzovan\u00fd a nakonfigurovan\u00fd tak, aby poskytoval dostato\u010dn\u00fd prietok a tlak na dosiahnutie po\u017eadovanej r\u00fdchlosti.<\/li>\n<li><strong>Priemer valca a d\u013a\u017eka zdvihu:<\/strong> Priemer a d\u013a\u017eka zdvihu valca tie\u017e zohr\u00e1vaj\u00fa \u00falohu pri ur\u010dovan\u00ed jeho r\u00fdchlosti. Valce s v\u00e4\u010d\u0161\u00edm priemerom sa vo v\u0161eobecnosti pohybuj\u00fa pomal\u0161ie ako men\u0161ie, preto\u017ee na naplnenie alebo vypr\u00e1zdnenie komory valca je potrebn\u00e9 v\u00e4\u010d\u0161ie mno\u017estvo hydraulickej kvapaliny.<\/li>\n<li><strong>Prietok a tlak:<\/strong> Prietok a tlak hydraulickej kvapaliny priv\u00e1dzanej do valca s\u00fa kritick\u00fdmi faktormi pri ur\u010dovan\u00ed r\u00fdchlosti valca. Zv\u00fd\u0161enie prietoku alebo tlaku m\u00f4\u017ee vies\u0165 k r\u00fdchlej\u0161iemu pohybu, zatia\u013e \u010do ich zn\u00ed\u017eenie spomal\u00ed valec.<\/li>\n<li><strong>Za\u0165a\u017eenie a trenie:<\/strong> Hmotnos\u0165 a trenie prepravovanej z\u00e1sielky m\u00f4\u017eu ovplyvni\u0165 r\u00fdchlos\u0165 valca. \u0164a\u017e\u0161ie n\u00e1klady m\u00f4\u017eu vy\u017eadova\u0165 v\u00e4\u010d\u0161iu silu, \u010do m\u00f4\u017ee zn\u00ed\u017ei\u0165 celkov\u00fa r\u00fdchlos\u0165 valca. Okrem toho m\u00f4\u017ee r\u00fdchlos\u0165 ovplyvni\u0165 aj zv\u00fd\u0161en\u00e9 trenie v syst\u00e9me, napr\u00edklad v d\u00f4sledku tesnen\u00ed alebo nespr\u00e1vneho zarovnania.<\/li>\n<\/ol>\n<h2><strong>Schopnos\u0165 a kapacita tov\u00e1rne:<\/strong><\/h2>\n<h3>(1) Mont\u00e1\u017e<\/h3>\n<p>Disponujeme prvotriednou nez\u00e1vislou v\u00fdskumnou a v\u00fdvojovou mont\u00e1\u017enou platformou. Diel\u0148a na v\u00fdrobu hydraulick\u00fdch valcov m\u00e1 \u0161tyri poloautomatick\u00e9 mont\u00e1\u017ene linky zdv\u00edhac\u00edch valcov a jednu automatick\u00fa mont\u00e1\u017enu linku nakl\u00e1pac\u00edch valcov s projektovanou ro\u010dnou v\u00fdrobnou kapacitou 1 mili\u00f3n kusov. Diel\u0148a na v\u00fdrobu \u0161peci\u00e1lnych valcov je vybaven\u00e1 r\u00f4znymi \u0161pecifik\u00e1ciami poloautomatick\u00e9ho syst\u00e9mu \u010distenia a mont\u00e1\u017ee s projektovanou ro\u010dnou v\u00fdrobnou kapacitou 200 000 kusov a je vybaven\u00e1 zn\u00e1mym CNC obr\u00e1bac\u00edm zariaden\u00edm, obr\u00e1bac\u00edm centrom, \u0161peci\u00e1lnym zariaden\u00edm na vysoko presn\u00e9 spracovanie valcov, robotick\u00fdm zv\u00e1rac\u00edm strojom, automatick\u00fdm \u010distiacim strojom, automatick\u00fdm mont\u00e1\u017enym strojom valcov a automatickou lakovacou v\u00fdrobnou linkou. Existuj\u00face kritick\u00e9 zariadenia maj\u00fa viac ako 300 s\u00faprav (s\u00e1d). Optim\u00e1lne alokovanie a efekt\u00edvne vyu\u017e\u00edvanie zdrojov zariaden\u00ed zabezpe\u010duje po\u017eiadavky na presnos\u0165 v\u00fdrobkov a sp\u013a\u0148a po\u017eiadavky na vysok\u00fa kvalitu v\u00fdrobkov.<\/p>\n<p><img loading=\"lazy\" decoding=\"async\" class=\"alignnone wp-image-626\" src=\"https:\/\/hydraulic-cylinders.net\/wp-content\/uploads\/2023\/08\/hydraulic-cylinder-product-1-300x158.webp\" alt=\"\" width=\"495\" height=\"260\" srcset=\"https:\/\/hydraulic-cylinders.net\/wp-content\/uploads\/2023\/08\/hydraulic-cylinder-product-1-300x158.webp 495w, https:\/\/hydraulic-cylinders.net\/wp-content\/uploads\/2023\/08\/hydraulic-cylinder-product-1-480x252.webp 480w\" sizes=\"(min-width: 0px) and (max-width: 480px) 480px, (min-width: 481px) 495px, 100vw\" \/> <img loading=\"lazy\" decoding=\"async\" class=\"alignnone wp-image-627\" src=\"https:\/\/hydraulic-cylinders.net\/wp-content\/uploads\/2023\/08\/hydraulic-cylinder-product-2-300x189.webp\" alt=\"\" width=\"413\" height=\"260\" \/><\/p>\n<h3>(2) Obr\u00e1banie<\/h3>\n<p>Obr\u00e1bacia diel\u0148a je vybaven\u00e1 prisp\u00f4soben\u00fdm s\u00fastru\u017en\u00edckym centrom na \u0161ikm\u00e9 ko\u013eajnice, obr\u00e1bac\u00edm centrom, vysokor\u00fdchlostn\u00fdm honovac\u00edm strojom, zv\u00e1rac\u00edm robotom a \u010fal\u0161\u00edm s\u00favisiacim zariaden\u00edm, ktor\u00e9 dok\u00e1\u017ee spracova\u0165 valcov\u00e9 r\u00fary s maxim\u00e1lnym vn\u00fatorn\u00fdm priemerom 400 mm a maxim\u00e1lnou d\u013a\u017ekou 6 metrov.<\/p>\n<p><img loading=\"lazy\" decoding=\"async\" class=\"alignnone wp-image-628 size-large\" src=\"https:\/\/hydraulic-cylinders.net\/wp-content\/uploads\/2023\/08\/hydraulic-cylinder-product-3-1024x391.webp\" alt=\"\" width=\"1024\" height=\"391\" srcset=\"https:\/\/hydraulic-cylinders.net\/wp-content\/uploads\/2023\/08\/hydraulic-cylinder-product-3-980x374.webp 980w, https:\/\/hydraulic-cylinders.net\/wp-content\/uploads\/2023\/08\/hydraulic-cylinder-product-3-480x183.webp 480w\" sizes=\"(min-width: 0px) and (max-width: 480px) 480px, (min-width: 481px) and (max-width: 980px) 980px, (min-width: 981px) 1024px, 100vw\" \/><\/p>\n<h3>(3) Zv\u00e1ranie<\/h3>\n<p><img loading=\"lazy\" decoding=\"async\" class=\"alignnone wp-image-629 size-large\" src=\"https:\/\/hydraulic-cylinders.net\/wp-content\/uploads\/2023\/08\/hydraulic-cylinder-product-4-1024x510.webp\" alt=\"\" width=\"1024\" height=\"510\" srcset=\"https:\/\/hydraulic-cylinders.net\/wp-content\/uploads\/2023\/08\/hydraulic-cylinder-product-4-980x488.webp 980w, https:\/\/hydraulic-cylinders.net\/wp-content\/uploads\/2023\/08\/hydraulic-cylinder-product-4-480x239.webp 480w\" sizes=\"(min-width: 0px) and (max-width: 480px) 480px, (min-width: 481px) and (max-width: 980px) 980px, (min-width: 981px) 1024px, 100vw\" \/><\/p>\n<h3>(4) Ma\u013eovanie a natieranie<\/h3>\n<p>S mal\u00fdmi a stredne ve\u013ek\u00fdmi valcov\u00fdmi automatick\u00fdmi linkami na nan\u00e1\u0161anie farieb na vodnej b\u00e1ze, na dosiahnutie automatick\u00e9ho nakladania a vykladania robotmi a automatick\u00e9ho striekania, je projektovan\u00e1 kapacita 4000 kusov za smenu;<br \/>\nM\u00e1me tie\u017e poloautomatick\u00fa linku na v\u00fdrobu farieb pre ve\u013ek\u00e9 valce poh\u00e1\u0148an\u00e9 re\u0165azou s projektovanou kapacitou 60 kusov za smenu.<\/p>\n<p><img loading=\"lazy\" decoding=\"async\" class=\"alignnone wp-image-630\" src=\"https:\/\/hydraulic-cylinders.net\/wp-content\/uploads\/2023\/08\/hydraulic-cylinder-product-5-300x213.webp\" alt=\"\" width=\"366\" height=\"260\" \/> <img loading=\"lazy\" decoding=\"async\" class=\"alignnone wp-image-631\" src=\"https:\/\/hydraulic-cylinders.net\/wp-content\/uploads\/2023\/08\/hydraulic-cylinder-product-6-300x225.webp\" alt=\"\" width=\"347\" height=\"260\" \/><\/p>\n<h3>(5) Testovanie<\/h3>\n<p>Disponujeme prvotriednymi kontroln\u00fdmi zariadeniami a sk\u00fa\u0161obn\u00fdmi zariadeniami, ktor\u00e9 zabezpe\u010duj\u00fa, \u017ee v\u00fdkonnos\u0165 valca sp\u013a\u0148a po\u017eiadavky.<\/p>\n<p><img loading=\"lazy\" decoding=\"async\" class=\"alignnone wp-image-632\" src=\"https:\/\/hydraulic-cylinders.net\/wp-content\/uploads\/2023\/08\/hydraulic-cylinder-product-8-300x200.webp\" alt=\"\" width=\"389\" height=\"260\" \/><\/p>\n<p>&nbsp;<\/p>\n<p>&nbsp;<\/p>\n<p>Sme jedn\u00fdm z najlep\u0161\u00edch v\u00fdrobcov \u013eahk\u00fdch \u0161tvorty\u010dov\u00fdch hydraulick\u00fdch valcov. Pon\u00fakame komplexn\u00fd sortiment \u013eahk\u00fdch \u0161tvorty\u010dov\u00fdch hydraulick\u00fdch valcov. Poskytujeme aj zodpovedaj\u00face... <a href=\"https:\/\/hzpt.com\/agricultural-pto-gearbox\/\" target=\"_blank\" rel=\"noopener\">po\u013enohospod\u00e1rske prevodovky<\/a>. Na\u0161e v\u00fdrobky sme vyviezli z\u00e1kazn\u00edkom do cel\u00e9ho sveta a z\u00edskali sme si dobr\u00fa poves\u0165 v\u010faka vynikaj\u00facej kvalite na\u0161ich v\u00fdrobkov a popredajn\u00e9mu servisu. Srde\u010dne v\u00edtame z\u00e1kazn\u00edkov doma aj v zahrani\u010d\u00ed, aby n\u00e1s kontaktovali a dohodli sa na obchodn\u00fdch rokovaniach, vymenili si inform\u00e1cie.\u00a0<a href=\"https:\/\/www.hydraulic-cylinders.net\/sk\/contact-us\/\">spolupracova\u0165 s nami<\/a>!<\/p>\n<h2><\/h2>\n<h2><\/h2>","protected":false},"excerpt":{"rendered":"<p>Middle Fixed Trunnion Four Rod Hydraulic Cylinder The middle fixed trunnion four rod hydraulic cylinder is a state-of-the-art hydraulic component designed to deliver exceptional power, stability, and precision in a wide range of industrial applications. With its innovative middle fixed trunnion design and four rod configuration, this four rod hydraulic cylinder offers superior load-bearing capacity, [&hellip;]<\/p>","protected":false},"featured_media":1017,"comment_status":"open","ping_status":"closed","template":"","meta":{"_et_pb_use_builder":"","_et_pb_old_content":"","_et_gb_content_width":""},"product_brand":[],"product_cat":[1376,1386],"product_tag":[1380],"class_list":{"0":"post-1014","1":"product","2":"type-product","3":"status-publish","4":"has-post-thumbnail","6":"product_cat-hydraulic-cylinder","7":"product_cat-four-rod-hydraulic-cylinder","8":"product_tag-hydraulic-cylinder","10":"first","11":"instock","12":"shipping-taxable","13":"product-type-simple"},"amp_enabled":true,"_links":{"self":[{"href":"https:\/\/www.hydraulic-cylinders.net\/sk\/wp-json\/wp\/v2\/product\/1014","targetHints":{"allow":["GET"]}}],"collection":[{"href":"https:\/\/www.hydraulic-cylinders.net\/sk\/wp-json\/wp\/v2\/product"}],"about":[{"href":"https:\/\/www.hydraulic-cylinders.net\/sk\/wp-json\/wp\/v2\/types\/product"}],"replies":[{"embeddable":true,"href":"https:\/\/www.hydraulic-cylinders.net\/sk\/wp-json\/wp\/v2\/comments?post=1014"}],"wp:featuredmedia":[{"embeddable":true,"href":"https:\/\/www.hydraulic-cylinders.net\/sk\/wp-json\/wp\/v2\/media\/1017"}],"wp:attachment":[{"href":"https:\/\/www.hydraulic-cylinders.net\/sk\/wp-json\/wp\/v2\/media?parent=1014"}],"wp:term":[{"taxonomy":"product_brand","embeddable":true,"href":"https:\/\/www.hydraulic-cylinders.net\/sk\/wp-json\/wp\/v2\/product_brand?post=1014"},{"taxonomy":"product_cat","embeddable":true,"href":"https:\/\/www.hydraulic-cylinders.net\/sk\/wp-json\/wp\/v2\/product_cat?post=1014"},{"taxonomy":"product_tag","embeddable":true,"href":"https:\/\/www.hydraulic-cylinders.net\/sk\/wp-json\/wp\/v2\/product_tag?post=1014"}],"curies":[{"name":"pracovn\u00fd list","href":"https:\/\/api.w.org\/{rel}","templated":true}]}}