{"id":1019,"date":"2023-09-07T03:16:54","date_gmt":"2023-09-07T03:16:54","guid":{"rendered":"https:\/\/hydraulic-cylinders.net\/?post_type=product&#038;p=1019"},"modified":"2023-09-19T01:36:32","modified_gmt":"2023-09-19T01:36:32","slug":"double-pistion-rod-hydraulic-cylinder","status":"publish","type":"product","link":"https:\/\/www.hydraulic-cylinders.net\/sk\/produkt\/double-pistion-rod-hydraulic-cylinder\/","title":{"rendered":"Hydraulick\u00fd valec s dvojitou piestovou ty\u010dou"},"content":{"rendered":"<h1 style=\"text-align: center;\"><strong>Hydraulick\u00fd valec s dvojitou piestovou ty\u010dou<\/strong><\/h1>\n<p><img loading=\"lazy\" decoding=\"async\" class=\"size-full wp-image-1022 aligncenter\" src=\"https:\/\/hydraulic-cylinders.net\/wp-content\/uploads\/2023\/09\/double-piston-rod-hydraulic-cylinder-1-1.webp\" alt=\"\" width=\"281\" height=\"281\" srcset=\"https:\/\/www.hydraulic-cylinders.net\/wp-content\/uploads\/2023\/09\/double-piston-rod-hydraulic-cylinder-1-1.webp 281w, https:\/\/www.hydraulic-cylinders.net\/wp-content\/uploads\/2023\/09\/double-piston-rod-hydraulic-cylinder-1-1-100x100.webp 100w, https:\/\/www.hydraulic-cylinders.net\/wp-content\/uploads\/2023\/09\/double-piston-rod-hydraulic-cylinder-1-1-150x150.webp 150w, https:\/\/www.hydraulic-cylinders.net\/wp-content\/uploads\/2023\/09\/double-piston-rod-hydraulic-cylinder-1-1-12x12.webp 12w\" sizes=\"(max-width: 281px) 100vw, 281px\" \/><\/p>\n<p>Hydraulick\u00fd valec s dvojitou piestnou ty\u010dou je \u0161pi\u010dkov\u00fd hydraulick\u00fd prvok navrhnut\u00fd tak, aby poskytoval vynikaj\u00faci v\u00fdkon, stabilitu a v\u0161estrannos\u0165 pre \u0161irok\u00fa \u0161k\u00e1lu priemyseln\u00fdch aplik\u00e1ci\u00ed. V\u010faka svojej jedine\u010dnej konfigur\u00e1cii s dvojitou piestnou ty\u010dou pon\u00faka tento hydraulick\u00fd valec zv\u00fd\u0161en\u00fa nosnos\u0165, presn\u00e9 ovl\u00e1danie a spo\u013eahliv\u00fd v\u00fdkon, v\u010faka \u010domu je nepostr\u00e1date\u013en\u00fdm prvkom v n\u00e1ro\u010dn\u00fdch hydraulick\u00fdch syst\u00e9moch.<\/p>\n<p>Z\u00e1kladn\u00e9 vlastnosti \u0161tvorty\u010dov\u00e9ho hydraulick\u00e9ho valca:<\/p>\n<p><strong>Konfigur\u00e1cia dvojitej piestnej ty\u010de:<\/strong><\/p>\n<ol>\n<li style=\"list-style-type: none;\">\n<ul>\n<li>Konfigur\u00e1cia s dvojitou piestnou ty\u010dou odli\u0161uje hydraulick\u00fd valec od tradi\u010dnej kon\u0161trukcie vy\u0161\u0161ou stabilitou, nosnos\u0165ou a odolnos\u0165ou vo\u010di bo\u010dn\u00e9mu za\u0165a\u017eeniu.<\/li>\n<li>Poskytuje symetrick\u00e9 rozlo\u017eenie s\u00edl, \u010d\u00edm zais\u0165uje vyv\u00e1\u017een\u00fd a presn\u00fd pohyb po\u010das prev\u00e1dzky.<\/li>\n<\/ul>\n<\/li>\n<\/ol>\n<p><strong>Vysok\u00fd v\u00fdkon:<\/strong><\/p>\n<ol>\n<li style=\"list-style-type: none;\">\n<ul>\n<li>Tento hydraulick\u00fd valec m\u00e1 p\u00f4sobiv\u00fd v\u00fdstupn\u00fd v\u00fdkon, v\u010faka \u010domu je vhodn\u00fd pre aplik\u00e1cie, ktor\u00e9 vy\u017eaduj\u00fa ve\u013ek\u00fd v\u00fdkon a zdv\u00edhaciu kapacitu.<\/li>\n<li>Poskytuje \u0161peci\u00e1lny \u0165ah, ktor\u00fd umo\u017e\u0148uje \u013eahko zvl\u00e1dnu\u0165 \u0165a\u017ek\u00e9 bremen\u00e1.<\/li>\n<\/ul>\n<\/li>\n<\/ol>\n<p><strong>Presn\u00e9 ovl\u00e1danie a polohovanie:<\/strong><\/p>\n<ol>\n<li style=\"list-style-type: none;\">\n<ul>\n<li>Dvojit\u00e9 hydraulick\u00e9 valce s piestnou ty\u010dou poskytuj\u00fa presn\u00e9 ovl\u00e1danie line\u00e1rneho pohybu, \u010d\u00edm zabezpe\u010duj\u00fa presn\u00e9 polohovanie a plynul\u00fd chod.<\/li>\n<li>Poskytuje vynikaj\u00facu kontrolu zdvihu, \u010do umo\u017e\u0148uje oper\u00e1torom dosiahnu\u0165 r\u00fdchlos\u0165 a presnos\u0165 potrebn\u00fa pre \u0161pecifick\u00e9 \u00falohy.<\/li>\n<\/ul>\n<\/li>\n<\/ol>\n<p><strong>V\u0161estrann\u00e9 pou\u017eitie:<\/strong><\/p>\n<ul>\n<li style=\"list-style-type: none;\">\n<ul>\n<li>V\u010faka robustnej kon\u0161trukcii a v\u0161estrann\u00e9mu dizajnu je tento hydraulick\u00fd valec vhodn\u00fd pre r\u00f4zne odvetvia a aplik\u00e1cie.<\/li>\n<li>M\u00f4\u017ee sa pou\u017e\u00edva\u0165 v \u0165a\u017ek\u00fdch strojoch, stavebn\u00fdch zariadeniach, syst\u00e9moch manipul\u00e1cie s materi\u00e1lom, po\u013enohospod\u00e1rskych strojoch at\u010f.<\/li>\n<\/ul>\n<\/li>\n<\/ul>\n<h2><strong>Parameter hydraulick\u00e9ho valca s dvojitou piestnou ty\u010dou:<\/strong><\/h2>\n<p><img loading=\"lazy\" decoding=\"async\" class=\"alignnone wp-image-1023 size-full\" src=\"https:\/\/hydraulic-cylinders.net\/wp-content\/uploads\/2023\/09\/double-piston-rod-hydraulic-cylinder-2.webp\" alt=\"\" width=\"654\" height=\"388\" srcset=\"https:\/\/hydraulic-cylinders.net\/wp-content\/uploads\/2023\/09\/double-piston-rod-hydraulic-cylinder-2.webp 654w, https:\/\/hydraulic-cylinders.net\/wp-content\/uploads\/2023\/09\/double-piston-rod-hydraulic-cylinder-2-480x285.webp 480w\" sizes=\"(min-width: 0px) and (max-width: 480px) 480px, (min-width: 481px) 654px, 100vw\" \/><\/p>\n<h2><strong>Hydraulick\u00fd valec s dvojitou piestovou ty\u010dou <\/strong><strong>Met\u00f3da pou\u017eitia<\/strong><strong>:<\/strong><\/h2>\n<p><strong>Mont\u00e1\u017e a in\u0161tal\u00e1cia:<\/strong><\/p>\n<ol>\n<li style=\"list-style-type: none;\">\n<ul>\n<li>Pri ur\u010dovan\u00ed vhodn\u00e9ho miesta in\u0161tal\u00e1cie hydraulick\u00e9ho valca v syst\u00e9me alebo zariaden\u00ed zv\u00e1\u017ete po\u017eiadavky na za\u0165a\u017eenie a priestorov\u00e9 obmedzenia.<\/li>\n<li>Uistite sa, \u017ee mont\u00e1\u017eny povrch je \u010dist\u00fd, rovn\u00fd a schopn\u00fd unies\u0165 hmotnos\u0165 valca.<\/li>\n<li>Valce zaistite pomocou odpor\u00fa\u010dan\u00fdch skrutiek alebo upev\u0148ovac\u00edch prvkov v s\u00falade s pokynmi v\u00fdrobcu.<\/li>\n<\/ul>\n<\/li>\n<\/ol>\n<p><strong>Hydraulick\u00e9 pripojenia:<\/strong><\/p>\n<ol>\n<li style=\"list-style-type: none;\">\n<ul>\n<li>Pripojte hydraulick\u00e9 pr\u00edvodn\u00e9 potrubie k otvoru valca a zabezpe\u010dte spr\u00e1vne utesnenie, aby sa zabr\u00e1nilo \u00faniku.<\/li>\n<li>Ria\u010fte sa odpor\u00fa\u010daniami v\u00fdrobcu t\u00fdkaj\u00facimi sa typu hydraulick\u00e9ho oleja a napl\u0148te syst\u00e9m na odpor\u00fa\u010dan\u00fa hladinu.<\/li>\n<\/ul>\n<\/li>\n<\/ol>\n<p><strong>Prev\u00e1dzka:<\/strong><\/p>\n<ul>\n<li style=\"list-style-type: none;\">\n<ul>\n<li>Aktivujte hydraulick\u00fd syst\u00e9m a ovl\u00e1dajte pohyb valca pomocou hydraulick\u00e9ho regula\u010dn\u00e9ho ventilu alebo in\u00e9ho vhodn\u00e9ho ovl\u00e1dacieho mechanizmu.<\/li>\n<li>Upravte nastavenia prietoku a tlaku, aby ste dosiahli po\u017eadovan\u00fa r\u00fdchlos\u0165 a v\u00fdstupn\u00fa silu.<\/li>\n<li>Pravidelne kontrolujte prev\u00e1dzku valca, \u010di sa nevyskytuj\u00fa abnorm\u00e1lne javy, ako je \u00fanik, prehrievanie alebo nezvy\u010dajn\u00fd hluk.<\/li>\n<\/ul>\n<\/li>\n<\/ul>\n<h2><strong>Hydraulick\u00fd valec s dvojitou piestovou ty\u010dou <\/strong><strong>\u00dadr\u017eba<\/strong><strong>:<\/strong><\/h2>\n<p><strong>Pravideln\u00e1 kontrola:<\/strong><\/p>\n<ol>\n<li style=\"list-style-type: none;\">\n<ul>\n<li>Vykon\u00e1vajte pravideln\u00e9 vizu\u00e1lne kontroly, aby ste skontrolovali zn\u00e1mky opotrebovania, \u00faniku alebo po\u0161kodenia.<\/li>\n<li>Skontrolujte piestnu ty\u010d, tesnenia a mont\u00e1\u017ene spoje, \u010di nevykazuj\u00fa abnormality, a ak\u00e9ko\u013evek probl\u00e9my ihne\u010f odstr\u00e1\u0148te.<\/li>\n<\/ul>\n<\/li>\n<\/ol>\n<p><strong>Mazanie:<\/strong><\/p>\n<ol>\n<li style=\"list-style-type: none;\">\n<ul>\n<li>Dodr\u017eiavajte pokyny v\u00fdrobcu t\u00fdkaj\u00face sa intervalov mazania a pou\u017e\u00edvajte odpor\u00fa\u010dan\u00e9 mazivo, aby ste zabezpe\u010dili hladk\u00fd chod.<\/li>\n<li>Nama\u017ete piestne ty\u010de, tesnenia a \u010fal\u0161ie pohybliv\u00e9 \u010dasti, aby ste minimalizovali trenie a pred\u013a\u017eili \u017eivotnos\u0165 valca.<\/li>\n<\/ul>\n<\/li>\n<\/ol>\n<p><strong>V\u00fdmena tesnenia:<\/strong><\/p>\n<ul>\n<li style=\"list-style-type: none;\">\n<ul>\n<li>Tesnenia sa \u010dasom m\u00f4\u017eu opotrebova\u0165 a je potrebn\u00e9 ich vymeni\u0165. Ak zist\u00edte netesnos\u0165, opatrne odstr\u00e1\u0148te star\u00e9 tesnenie a nain\u0161talujte nov\u00e9 tesnenie pod\u013ea pokynov v\u00fdrobcu.<\/li>\n<\/ul>\n<\/li>\n<\/ul>\n<h2><strong>Hydraulick\u00fd valec typu TB so \u0161tyrmi ty\u010dami <\/strong><strong>\u00dadr\u017eba<\/strong><strong>:<\/strong><\/h2>\n<ol>\n<li><strong>Pravideln\u00e1 kontrola:<\/strong><\/li>\n<\/ol>\n<ul>\n<li>Pravidelne kontrolujte valec, \u010di nedoch\u00e1dza k \u00faniku, po\u0161kodeniu alebo nadmern\u00e9mu opotrebovaniu.<\/li>\n<li>Skontrolujte stav tesnen\u00ed, ty\u010d\u00ed a mont\u00e1\u017enych komponentov a vyme\u0148te v\u0161etky opotrebovan\u00e9 alebo po\u0161koden\u00e9 diely.<\/li>\n<\/ul>\n<ol start=\"2\">\n<li><strong>Mazanie:<\/strong><\/li>\n<\/ol>\n<ul>\n<li>Dodr\u017eiavajte odpor\u00fa\u010dania v\u00fdrobcu t\u00fdkaj\u00face sa intervalov mazania a pou\u017e\u00edvajte vysokokvalitn\u00fd hydraulick\u00fd olej alebo mazivo vhodn\u00e9 pre \u0161pecifik\u00e1cie valca.<\/li>\n<li>Naneste mazivo na ty\u010d, tesnenia a \u010fal\u0161ie pohybliv\u00e9 \u010dasti, aby ste minimalizovali trenie a zabezpe\u010dili plynul\u00fd chod.<\/li>\n<\/ul>\n<ol start=\"3\">\n<li><strong>\u010cistenie:<\/strong><\/li>\n<\/ol>\n<ul>\n<li>Udr\u017eujte valec a jeho okolie \u010dist\u00e9 a bez ne\u010dist\u00f4t, prachu alebo ne\u010dist\u00f4t, ktor\u00e9 by ovplyv\u0148ovali jeho v\u00fdkon.<\/li>\n<li>Na utretie vonkaj\u0161\u00edch povrchov valca pou\u017eite jemn\u00fd \u010distiaci prostriedok a m\u00e4kk\u00fa handri\u010dku.<\/li>\n<\/ul>\n<h2><strong>Schopnos\u0165 a kapacita tov\u00e1rne:<\/strong><\/h2>\n<h3>(1) Mont\u00e1\u017e<\/h3>\n<p>Disponujeme prvotriednou nez\u00e1vislou v\u00fdskumnou a v\u00fdvojovou mont\u00e1\u017enou platformou. Diel\u0148a na v\u00fdrobu hydraulick\u00fdch valcov m\u00e1 \u0161tyri poloautomatick\u00e9 mont\u00e1\u017ene linky zdv\u00edhac\u00edch valcov a jednu automatick\u00fa mont\u00e1\u017enu linku nakl\u00e1pac\u00edch valcov s projektovanou ro\u010dnou v\u00fdrobnou kapacitou 1 mili\u00f3n kusov. Diel\u0148a na v\u00fdrobu \u0161peci\u00e1lnych valcov je vybaven\u00e1 r\u00f4znymi \u0161pecifik\u00e1ciami poloautomatick\u00e9ho syst\u00e9mu \u010distenia a mont\u00e1\u017ee s projektovanou ro\u010dnou v\u00fdrobnou kapacitou 200 000 kusov a je vybaven\u00e1 zn\u00e1mym CNC obr\u00e1bac\u00edm zariaden\u00edm, obr\u00e1bac\u00edm centrom, \u0161peci\u00e1lnym zariaden\u00edm na vysoko presn\u00e9 spracovanie valcov, robotick\u00fdm zv\u00e1rac\u00edm strojom, automatick\u00fdm \u010distiacim strojom, automatick\u00fdm mont\u00e1\u017enym strojom valcov a automatickou lakovacou v\u00fdrobnou linkou. Existuj\u00face kritick\u00e9 zariadenia maj\u00fa viac ako 300 s\u00faprav (s\u00e1d). Optim\u00e1lne alokovanie a efekt\u00edvne vyu\u017e\u00edvanie zdrojov zariaden\u00ed zabezpe\u010duje po\u017eiadavky na presnos\u0165 v\u00fdrobkov a sp\u013a\u0148a po\u017eiadavky na vysok\u00fa kvalitu v\u00fdrobkov.<\/p>\n<p><img loading=\"lazy\" decoding=\"async\" class=\"alignnone wp-image-626\" src=\"https:\/\/hydraulic-cylinders.net\/wp-content\/uploads\/2023\/08\/hydraulic-cylinder-product-1-300x158.webp\" alt=\"\" width=\"495\" height=\"260\" srcset=\"https:\/\/hydraulic-cylinders.net\/wp-content\/uploads\/2023\/08\/hydraulic-cylinder-product-1-300x158.webp 495w, https:\/\/hydraulic-cylinders.net\/wp-content\/uploads\/2023\/08\/hydraulic-cylinder-product-1-480x252.webp 480w\" sizes=\"(min-width: 0px) and (max-width: 480px) 480px, (min-width: 481px) 495px, 100vw\" \/> <img loading=\"lazy\" decoding=\"async\" class=\"alignnone wp-image-627\" src=\"https:\/\/hydraulic-cylinders.net\/wp-content\/uploads\/2023\/08\/hydraulic-cylinder-product-2-300x189.webp\" alt=\"\" width=\"413\" height=\"260\" \/><\/p>\n<h3>(2) Obr\u00e1banie<\/h3>\n<p>Obr\u00e1bacia diel\u0148a je vybaven\u00e1 prisp\u00f4soben\u00fdm s\u00fastru\u017en\u00edckym centrom na \u0161ikm\u00e9 ko\u013eajnice, obr\u00e1bac\u00edm centrom, vysokor\u00fdchlostn\u00fdm honovac\u00edm strojom, zv\u00e1rac\u00edm robotom a \u010fal\u0161\u00edm s\u00favisiacim zariaden\u00edm, ktor\u00e9 dok\u00e1\u017ee spracova\u0165 valcov\u00e9 r\u00fary s maxim\u00e1lnym vn\u00fatorn\u00fdm priemerom 400 mm a maxim\u00e1lnou d\u013a\u017ekou 6 metrov.<\/p>\n<p><img loading=\"lazy\" decoding=\"async\" class=\"alignnone wp-image-628 size-large\" src=\"https:\/\/hydraulic-cylinders.net\/wp-content\/uploads\/2023\/08\/hydraulic-cylinder-product-3-1024x391.webp\" alt=\"\" width=\"1024\" height=\"391\" srcset=\"https:\/\/hydraulic-cylinders.net\/wp-content\/uploads\/2023\/08\/hydraulic-cylinder-product-3-980x374.webp 980w, https:\/\/hydraulic-cylinders.net\/wp-content\/uploads\/2023\/08\/hydraulic-cylinder-product-3-480x183.webp 480w\" sizes=\"(min-width: 0px) and (max-width: 480px) 480px, (min-width: 481px) and (max-width: 980px) 980px, (min-width: 981px) 1024px, 100vw\" \/><\/p>\n<h3>(3) Zv\u00e1ranie<\/h3>\n<p><img loading=\"lazy\" decoding=\"async\" class=\"alignnone wp-image-629 size-large\" src=\"https:\/\/hydraulic-cylinders.net\/wp-content\/uploads\/2023\/08\/hydraulic-cylinder-product-4-1024x510.webp\" alt=\"\" width=\"1024\" height=\"510\" srcset=\"https:\/\/hydraulic-cylinders.net\/wp-content\/uploads\/2023\/08\/hydraulic-cylinder-product-4-980x488.webp 980w, https:\/\/hydraulic-cylinders.net\/wp-content\/uploads\/2023\/08\/hydraulic-cylinder-product-4-480x239.webp 480w\" sizes=\"(min-width: 0px) and (max-width: 480px) 480px, (min-width: 481px) and (max-width: 980px) 980px, (min-width: 981px) 1024px, 100vw\" \/><\/p>\n<h3>(4) Ma\u013eovanie a natieranie<\/h3>\n<p>S mal\u00fdmi a stredne ve\u013ek\u00fdmi valcov\u00fdmi automatick\u00fdmi linkami na nan\u00e1\u0161anie farieb na vodnej b\u00e1ze, na dosiahnutie automatick\u00e9ho nakladania a vykladania robotmi a automatick\u00e9ho striekania, je projektovan\u00e1 kapacita 4000 kusov za smenu;<br \/>\nM\u00e1me tie\u017e poloautomatick\u00fa linku na v\u00fdrobu farieb pre ve\u013ek\u00e9 valce poh\u00e1\u0148an\u00e9 re\u0165azou s projektovanou kapacitou 60 kusov za smenu.<\/p>\n<p><img loading=\"lazy\" decoding=\"async\" class=\"alignnone wp-image-630\" src=\"https:\/\/hydraulic-cylinders.net\/wp-content\/uploads\/2023\/08\/hydraulic-cylinder-product-5-300x213.webp\" alt=\"\" width=\"366\" height=\"260\" \/> <img loading=\"lazy\" decoding=\"async\" class=\"alignnone wp-image-631\" src=\"https:\/\/hydraulic-cylinders.net\/wp-content\/uploads\/2023\/08\/hydraulic-cylinder-product-6-300x225.webp\" alt=\"\" width=\"347\" height=\"260\" \/><\/p>\n<h3>(5) Testovanie<\/h3>\n<p>Disponujeme prvotriednymi kontroln\u00fdmi zariadeniami a sk\u00fa\u0161obn\u00fdmi zariadeniami, ktor\u00e9 zabezpe\u010duj\u00fa, \u017ee v\u00fdkonnos\u0165 valca sp\u013a\u0148a po\u017eiadavky.<\/p>\n<p><img loading=\"lazy\" decoding=\"async\" class=\"alignnone wp-image-632\" src=\"https:\/\/hydraulic-cylinders.net\/wp-content\/uploads\/2023\/08\/hydraulic-cylinder-product-8-300x200.webp\" alt=\"\" width=\"389\" height=\"260\" \/><\/p>\n<p>&nbsp;<\/p>\n<p>&nbsp;<\/p>\n<p>Sme jedn\u00fdm z najlep\u0161\u00edch v\u00fdrobcov \u013eahk\u00fdch \u0161tvorty\u010dov\u00fdch hydraulick\u00fdch valcov. Pon\u00fakame komplexn\u00fd sortiment \u013eahk\u00fdch \u0161tvorty\u010dov\u00fdch hydraulick\u00fdch valcov. Poskytujeme aj zodpovedaj\u00face... <a href=\"https:\/\/hzpt.com\/agricultural-pto-gearbox\/\" target=\"_blank\" rel=\"noopener\">po\u013enohospod\u00e1rske prevodovky<\/a>. Na\u0161e v\u00fdrobky sme vyviezli z\u00e1kazn\u00edkom do cel\u00e9ho sveta a z\u00edskali sme si dobr\u00fa poves\u0165 v\u010faka vynikaj\u00facej kvalite na\u0161ich v\u00fdrobkov a popredajn\u00e9mu servisu. Srde\u010dne v\u00edtame z\u00e1kazn\u00edkov doma aj v zahrani\u010d\u00ed, aby n\u00e1s kontaktovali a dohodli sa na obchodn\u00fdch rokovaniach, vymenili si inform\u00e1cie.\u00a0<a href=\"https:\/\/www.hydraulic-cylinders.net\/sk\/contact-us\/\">spolupracova\u0165 s nami<\/a>!<\/p>\n<h2><\/h2>\n<h2><\/h2>","protected":false},"excerpt":{"rendered":"<p>Double Piston Rod Hydraulic Cylinder The double piston rod hydraulic cylinder is a cutting-edge hydraulic element designed to provide superior power, stability, and versatility for a wide range of industrial applications. With its unique dual piston rod configuration, this hydraulic cylinder offers enhanced load-carrying capacity, precise control, and reliable performance, making it an indispensable asset [&hellip;]<\/p>","protected":false},"featured_media":1024,"comment_status":"open","ping_status":"closed","template":"","meta":{"_et_pb_use_builder":"","_et_pb_old_content":"","_et_gb_content_width":""},"product_brand":[],"product_cat":[1376,1386],"product_tag":[1380],"class_list":{"0":"post-1019","1":"product","2":"type-product","3":"status-publish","4":"has-post-thumbnail","6":"product_cat-hydraulic-cylinder","7":"product_cat-four-rod-hydraulic-cylinder","8":"product_tag-hydraulic-cylinder","10":"first","11":"instock","12":"shipping-taxable","13":"product-type-simple"},"amp_enabled":true,"_links":{"self":[{"href":"https:\/\/www.hydraulic-cylinders.net\/sk\/wp-json\/wp\/v2\/product\/1019","targetHints":{"allow":["GET"]}}],"collection":[{"href":"https:\/\/www.hydraulic-cylinders.net\/sk\/wp-json\/wp\/v2\/product"}],"about":[{"href":"https:\/\/www.hydraulic-cylinders.net\/sk\/wp-json\/wp\/v2\/types\/product"}],"replies":[{"embeddable":true,"href":"https:\/\/www.hydraulic-cylinders.net\/sk\/wp-json\/wp\/v2\/comments?post=1019"}],"wp:featuredmedia":[{"embeddable":true,"href":"https:\/\/www.hydraulic-cylinders.net\/sk\/wp-json\/wp\/v2\/media\/1024"}],"wp:attachment":[{"href":"https:\/\/www.hydraulic-cylinders.net\/sk\/wp-json\/wp\/v2\/media?parent=1019"}],"wp:term":[{"taxonomy":"product_brand","embeddable":true,"href":"https:\/\/www.hydraulic-cylinders.net\/sk\/wp-json\/wp\/v2\/product_brand?post=1019"},{"taxonomy":"product_cat","embeddable":true,"href":"https:\/\/www.hydraulic-cylinders.net\/sk\/wp-json\/wp\/v2\/product_cat?post=1019"},{"taxonomy":"product_tag","embeddable":true,"href":"https:\/\/www.hydraulic-cylinders.net\/sk\/wp-json\/wp\/v2\/product_tag?post=1019"}],"curies":[{"name":"pracovn\u00fd list","href":"https:\/\/api.w.org\/{rel}","templated":true}]}}