{"id":1105,"date":"2023-09-11T07:55:14","date_gmt":"2023-09-11T07:55:14","guid":{"rendered":"https:\/\/hydraulic-cylinders.net\/?post_type=product&#038;p=1105"},"modified":"2023-09-19T02:17:30","modified_gmt":"2023-09-19T02:17:30","slug":"piston-rod-end-with-external-thread-connection-engineering-hydraulic-cylinder","status":"publish","type":"product","link":"https:\/\/www.hydraulic-cylinders.net\/sk\/produkt\/piston-rod-end-with-external-thread-connection-engineering-hydraulic-cylinder\/","title":{"rendered":"Koniec piestnej ty\u010de s vonkaj\u0161\u00edm z\u00e1vitom In\u017einiersky hydraulick\u00fd valec"},"content":{"rendered":"<h1 style=\"text-align: center;\"><strong>Koniec piestnej ty\u010de s vonkaj\u0161\u00edm z\u00e1vitom In\u017einiersky hydraulick\u00fd valec<\/strong><\/h1>\n<p>Koniec piestnej ty\u010de s vonkaj\u0161\u00edm z\u00e1vitov\u00fdm pripojen\u00edm sa nach\u00e1dza na konci piestnej ty\u010de hydraulick\u00e9ho valca. Zvy\u010dajne m\u00e1 z\u00e1vitov\u00e9 \u010dasti, ktor\u00e9 umo\u017e\u0148uj\u00fa bezpe\u010dn\u00e9 upevnenie r\u00f4znych komponentov, ako s\u00fa mont\u00e1\u017ene konzoly, trhliny alebo in\u00e9 nosn\u00e9 kon\u0161trukcie.<\/p>\n<p>Hydraulick\u00fd valec s\u00e9rie HSG je dvoj\u010dinn\u00fd hydraulick\u00fd valec s piestnou ty\u010dou. Jeho in\u0161tal\u00e1cia vyu\u017e\u00edva typ s n\u00e1u\u0161nicou. Pod\u013ea spojenia medzi hlavou valca a blokom valca existuj\u00fa tri druhy spojenia s vonkaj\u0161\u00edm z\u00e1vitom, spojenie s vn\u00fatorn\u00fdm z\u00e1vitom a spojenie s pr\u00edrubou. Hydraulick\u00fd valec sa pou\u017e\u00edva hlavne v stavebn\u00edctve, zdv\u00edhan\u00ed, ban\u00edctve a in\u00fdch hydraulick\u00fdch syst\u00e9moch.<\/p>\n<p><img loading=\"lazy\" decoding=\"async\" class=\"aligncenter wp-image-1106\" src=\"https:\/\/hydraulic-cylinders.net\/wp-content\/uploads\/2023\/09\/hsg-hydraulic-cylinder-3-1-300x300.webp\" alt=\"\" width=\"400\" height=\"400\" \/><\/p>\n<h2><strong>Parameter hydraulick\u00e9ho valca HSG Engineering<\/strong><strong>:<\/strong><\/h2>\n<p><img loading=\"lazy\" decoding=\"async\" class=\"alignnone wp-image-1107 size-full\" src=\"https:\/\/hydraulic-cylinders.net\/wp-content\/uploads\/2023\/09\/hsg-engineering-hydraulic-cylinder-parameter-1-scaled.webp\" alt=\"\" width=\"2560\" height=\"1848\" srcset=\"https:\/\/hydraulic-cylinders.net\/wp-content\/uploads\/2023\/09\/hsg-engineering-hydraulic-cylinder-parameter-1-scaled.webp 2560w, https:\/\/hydraulic-cylinders.net\/wp-content\/uploads\/2023\/09\/hsg-engineering-hydraulic-cylinder-parameter-1-1280x924.webp 1280w, https:\/\/hydraulic-cylinders.net\/wp-content\/uploads\/2023\/09\/hsg-engineering-hydraulic-cylinder-parameter-1-980x707.webp 980w, https:\/\/hydraulic-cylinders.net\/wp-content\/uploads\/2023\/09\/hsg-engineering-hydraulic-cylinder-parameter-1-480x347.webp 480w\" sizes=\"(min-width: 0px) and (max-width: 480px) 480px, (min-width: 481px) and (max-width: 980px) 980px, (min-width: 981px) and (max-width: 1280px) 1280px, (min-width: 1281px) 2560px, 100vw\" \/> <img loading=\"lazy\" decoding=\"async\" class=\"alignnone wp-image-1108 size-full\" src=\"https:\/\/hydraulic-cylinders.net\/wp-content\/uploads\/2023\/09\/hsg-engineering-hydraulic-cylinder-parameter-2-scaled.webp\" alt=\"\" width=\"2269\" height=\"2560\" srcset=\"https:\/\/hydraulic-cylinders.net\/wp-content\/uploads\/2023\/09\/hsg-engineering-hydraulic-cylinder-parameter-2-scaled.webp 2269w, https:\/\/hydraulic-cylinders.net\/wp-content\/uploads\/2023\/09\/hsg-engineering-hydraulic-cylinder-parameter-2-1280x1444.webp 1280w, https:\/\/hydraulic-cylinders.net\/wp-content\/uploads\/2023\/09\/hsg-engineering-hydraulic-cylinder-parameter-2-980x1106.webp 980w, https:\/\/hydraulic-cylinders.net\/wp-content\/uploads\/2023\/09\/hsg-engineering-hydraulic-cylinder-parameter-2-480x542.webp 480w\" sizes=\"(min-width: 0px) and (max-width: 480px) 480px, (min-width: 481px) and (max-width: 980px) 980px, (min-width: 981px) and (max-width: 1280px) 1280px, (min-width: 1281px) 2269px, 100vw\" \/> <img loading=\"lazy\" decoding=\"async\" class=\"alignnone wp-image-1109 size-full\" src=\"https:\/\/hydraulic-cylinders.net\/wp-content\/uploads\/2023\/09\/hsg-engineering-hydraulic-cylinder-parameter-3-scaled.webp\" alt=\"\" width=\"2112\" height=\"2560\" srcset=\"https:\/\/hydraulic-cylinders.net\/wp-content\/uploads\/2023\/09\/hsg-engineering-hydraulic-cylinder-parameter-3-scaled.webp 2112w, https:\/\/hydraulic-cylinders.net\/wp-content\/uploads\/2023\/09\/hsg-engineering-hydraulic-cylinder-parameter-3-1280x1552.webp 1280w, https:\/\/hydraulic-cylinders.net\/wp-content\/uploads\/2023\/09\/hsg-engineering-hydraulic-cylinder-parameter-3-980x1188.webp 980w, https:\/\/hydraulic-cylinders.net\/wp-content\/uploads\/2023\/09\/hsg-engineering-hydraulic-cylinder-parameter-3-480x582.webp 480w\" sizes=\"(min-width: 0px) and (max-width: 480px) 480px, (min-width: 481px) and (max-width: 980px) 980px, (min-width: 981px) and (max-width: 1280px) 1280px, (min-width: 1281px) 2112px, 100vw\" \/><\/p>\n<h2><strong>Hydraulick\u00fd valec HSG Engineering <\/strong><strong>V\u00fdhody<\/strong><strong>:<\/strong><\/h2>\n<p>Koncovka piestnej ty\u010de s vonkaj\u0161\u00edm z\u00e1vitov\u00fdm pripojen\u00edm pon\u00faka v kon\u0161trukcii hydraulick\u00fdch valcov nieko\u013eko v\u00fdhod:<\/p>\n<ol>\n<li>V\u0161estrannos\u0165:\n<ul>\n<li>Z\u00e1vitov\u00e9 spoje poskytuj\u00fa flexibilitu pri prip\u00e1jan\u00ed r\u00f4znych komponentov alebo nosn\u00fdch kon\u0161trukci\u00ed, \u010do umo\u017e\u0148uje prisp\u00f4sobenie a adapt\u00e1ciu r\u00f4znym po\u017eiadavk\u00e1m aplik\u00e1cie.<\/li>\n<\/ul>\n<\/li>\n<li>Bezpe\u010dn\u00e9 upevnenie:\n<ul>\n<li>Vonkaj\u0161ie z\u00e1vity zais\u0165uj\u00fa bezpe\u010dn\u00e9 a spo\u013eahliv\u00e9 spojenie, \u010d\u00edm minimalizuj\u00fa riziko uvo\u013enenia alebo odpojenia po\u010das prev\u00e1dzky.<\/li>\n<li>To zvy\u0161uje bezpe\u010dnos\u0165 a stabilitu zost\u00e1v hydraulick\u00fdch valcov, najm\u00e4 v n\u00e1ro\u010dn\u00fdch alebo vysokopevnostn\u00fdch aplik\u00e1ci\u00e1ch.<\/li>\n<\/ul>\n<\/li>\n<li>Jednoduch\u00e1 \u00fadr\u017eba a v\u00fdmena:\n<ul>\n<li>Vonkaj\u0161ie z\u00e1vitov\u00e9 pripojenia zjednodu\u0161uj\u00fa \u00fadr\u017ebu a v\u00fdmenu dielov, \u010do umo\u017e\u0148uje r\u00fdchlu demont\u00e1\u017e a op\u00e4tovn\u00fa mont\u00e1\u017e.<\/li>\n<li>To pom\u00e1ha kontrolova\u0165, opravova\u0165 alebo vymie\u0148a\u0165 po\u0161koden\u00e9 alebo opotrebovan\u00e9 diely, \u010d\u00edm sa skracuj\u00fa prestoje a zlep\u0161uje celkov\u00e1 \u00fa\u010dinnos\u0165 syst\u00e9mu.<\/li>\n<\/ul>\n<\/li>\n<\/ol>\n<h2><strong>Hydraulick\u00fd valec HSG Engineering<\/strong><strong> Aplik\u00e1cie:<\/strong><\/h2>\n<p>Vonkaj\u0161\u00ed z\u00e1vitov\u00fd spoj na konci piestnej ty\u010de pon\u00faka v\u0161estrannos\u0165 a pohodlie v r\u00f4znych technick\u00fdch aplik\u00e1ci\u00e1ch vr\u00e1tane:<\/p>\n<ol>\n<li><strong>Mont\u00e1\u017ene konzoly a podpery:<\/strong>\n<ul>\n<li>Z\u00e1vitov\u00e9 pripojenie umo\u017e\u0148uje pripevnenie mont\u00e1\u017enych konzol alebo podpier k hydraulick\u00e9mu valcu.<\/li>\n<li>Tieto konzoly alebo podpery poskytuj\u00fa dodato\u010dn\u00fa stabilitu a \u0161truktur\u00e1lnu oporu zostave valca, \u010d\u00edm zabezpe\u010duj\u00fa spr\u00e1vne zarovnanie a rozlo\u017eenie za\u0165a\u017eenia.<\/li>\n<\/ul>\n<\/li>\n<li><strong>Mechanizmy prepojenia:<\/strong>\n<ul>\n<li>Vonkaj\u0161ie z\u00e1vity umo\u017e\u0148uj\u00fa pripojenie spojovac\u00edch mechanizmov ty\u010de, ako s\u00fa dr\u00e1\u017eky alebo gu\u013eov\u00e9 k\u013aby, ku koncu ty\u010de.<\/li>\n<li>Tieto spoje u\u013eah\u010duj\u00fa prenos sily a pohybu medzi hydraulick\u00fdmi valcami a in\u00fdmi mechanick\u00fdmi komponentmi, \u010do umo\u017e\u0148uje kontrolovan\u00fd pohyb a presn\u00e9 polohovanie.<\/li>\n<\/ul>\n<\/li>\n<li><strong>Nosn\u00e9 kon\u0161trukcie:<\/strong>\n<ul>\n<li>Z\u00e1vitov\u00e9 spojenie upev\u0148uje nosn\u00fa kon\u0161trukciu alebo zariadenie priamo na koniec piestnej ty\u010de.<\/li>\n<li>V\u010faka tomu m\u00f4\u017ee hydraulick\u00fd valec vyv\u00edja\u0165 silu a un\u00e1\u0161a\u0165 hmotnos\u0165 vonkaj\u0161\u00edch predmetov alebo strojov, v\u010faka \u010domu je vhodn\u00fd na zdv\u00edhanie, tla\u010denie alebo \u0165ahanie \u0165a\u017ek\u00fdch predmetov.<\/li>\n<\/ul>\n<\/li>\n<\/ol>\n<h2><strong>Ako prebali\u0165 hydraulick\u00fd valec?<\/strong><\/h2>\n<p>Repacking a hydraulic cylinder involves replacing the seals and other components that may have worn out or damaged over time. Here&#8217;s a general step-by-step guide on how to repack a hydraulic cylinder:<\/p>\n<ol>\n<li><strong>Pr\u00edprava:<\/strong>\n<ul>\n<li>Uistite sa, \u017ee hydraulick\u00fd syst\u00e9m je bez tlaku a valec je \u00faplne zasunut\u00fd.<\/li>\n<li>Pripravte si potrebn\u00e9 n\u00e1stroje a n\u00e1hradn\u00e9 tesnenia alebo s\u00fapravy tesnen\u00ed pre v\u00e1\u0161 model valca.<\/li>\n<li>Consult the manufacturer&#8217;s documentation or service manual for specific instructions or precautions.<\/li>\n<\/ul>\n<\/li>\n<li><strong>Odstr\u00e1\u0148te valec:<\/strong>\n<ul>\n<li>Odpojte v\u0161etky hydraulick\u00e9 potrubia alebo armat\u00fary pripojen\u00e9 k valcu.<\/li>\n<li>Odstr\u00e1\u0148te v\u0161etky mont\u00e1\u017ene konzoly alebo komponenty, ktor\u00e9 m\u00f4\u017eu by\u0165 pripevnen\u00e9 k valcu.<\/li>\n<li>Opatrne odpojte valec od zariadenia alebo stroja, na ktorom je nain\u0161talovan\u00fd.<\/li>\n<\/ul>\n<\/li>\n<li><strong>Demont\u00e1\u017e valca:<\/strong>\n<ul>\n<li>Bezpe\u010dne udr\u017ete valec a pomocou vhodn\u00e9ho n\u00e1radia odstr\u00e1\u0148te koncovku alebo hlavu piestnej ty\u010de.<\/li>\n<li>Vyberte piest, piestnu ty\u010d a s\u00favisiace komponenty z valca.<\/li>\n<li>Skontrolujte komponenty, \u010di nejavia zn\u00e1mky opotrebovania, po\u0161kodenia alebo kor\u00f3zie.<\/li>\n<\/ul>\n<\/li>\n<li><strong>Odstr\u00e1nenie star\u00fdch tesnen\u00ed:<\/strong>\n<ul>\n<li>N\u00e1jdite a odstr\u00e1\u0148te star\u00e9 tesnenia vr\u00e1tane tesnen\u00ed piestov, tesnen\u00ed ty\u010d\u00ed a v\u0161etk\u00fdch ostatn\u00fdch tesnen\u00ed vo valci.<\/li>\n<li>Starostlivo vy\u010distite tesniace dr\u00e1\u017eky a vn\u00fatorn\u00e9 povrchy valca a piestnej ty\u010de.<\/li>\n<\/ul>\n<\/li>\n<li><strong>Nain\u0161talujte nov\u00e9 tesnenia:<\/strong>\n<ul>\n<li>Nama\u017ete nov\u00e9 tesnenia kompatibilnou hydraulickou kvapalinou alebo tmelom pod\u013ea odpor\u00fa\u010dan\u00ed v\u00fdrobcu.<\/li>\n<li>Nain\u0161talujte nov\u00e9 tesnenia do dr\u00e1\u017eok a dbajte na spr\u00e1vnu orient\u00e1ciu a zarovnanie.<\/li>\n<li>Na zabr\u00e1nenie po\u0161kodenia tesnenia po\u010das in\u0161tal\u00e1cie pou\u017eite n\u00e1stroje na in\u0161tal\u00e1ciu tesnen\u00ed alebo vhodn\u00e9 improvizovan\u00e9 met\u00f3dy.<\/li>\n<\/ul>\n<\/li>\n<li><strong>Znovu zmontujte valec:<\/strong>\n<ul>\n<li>Znovu nain\u0161talujte piest, piestnu ty\u010d a s\u00favisiace komponenty do valca.<\/li>\n<li>Naneste tenk\u00fa vrstvu hydraulickej kvapaliny alebo maziva na vn\u00fatorn\u00e9 povrchy valca a piestnej ty\u010de.<\/li>\n<li>Carefully reattach the piston rod end cap or head, ensuring proper alignment and tightening to the manufacturer&#8217;s specifications.<\/li>\n<\/ul>\n<\/li>\n<li><strong>Otestujte a znova nain\u0161talujte valec:<\/strong>\n<ul>\n<li>Znovu pripojte v\u0161etky hydraulick\u00e9 potrubia alebo armat\u00fary k valcu.<\/li>\n<li>Opatrne nain\u0161talujte valec sp\u00e4\u0165 na zariadenie alebo stroj a zabezpe\u010dte spr\u00e1vne zarovnanie a mont\u00e1\u017e.<\/li>\n<li>Pomaly natlakujte hydraulick\u00fd syst\u00e9m a skontrolujte, \u010di nedoch\u00e1dza k netesnostiam alebo abnorm\u00e1lnej prev\u00e1dzke.<\/li>\n<li>Pre zaistenie spr\u00e1vnej funk\u010dnosti \u00faplne vysu\u0148te a zasu\u0148te valec.<\/li>\n<\/ul>\n<\/li>\n<li><strong>\u00dadr\u017eba a testovanie:<\/strong>\n<ul>\n<li>Pravidelne kontrolujte a udr\u017eiavajte hydraulick\u00fd valec, aby ste zabezpe\u010dili optim\u00e1lny v\u00fdkon a predi\u0161li pred\u010dasn\u00e9mu po\u0161kodeniu tesnenia.<\/li>\n<li>Sledujte ak\u00e9ko\u013evek zn\u00e1mky \u00fanikov, nadmern\u00e9ho opotrebovania alebo in\u00fdch probl\u00e9mov a ihne\u010f ich rie\u0161te.<\/li>\n<li>Vykon\u00e1vajte pravideln\u00e9 testy a \u00fapravy pod\u013ea odpor\u00fa\u010dan\u00ed v\u00fdrobcu alebo na z\u00e1klade po\u017eiadaviek konkr\u00e9tnej aplik\u00e1cie.<\/li>\n<\/ul>\n<\/li>\n<\/ol>\n<h2><strong>Schopnos\u0165 a kapacita tov\u00e1rne:<\/strong><\/h2>\n<h3>(1) Mont\u00e1\u017e<\/h3>\n<p>Disponujeme prvotriednou nez\u00e1vislou v\u00fdskumnou a v\u00fdvojovou mont\u00e1\u017enou platformou. Diel\u0148a na v\u00fdrobu hydraulick\u00fdch valcov m\u00e1 \u0161tyri poloautomatick\u00e9 mont\u00e1\u017ene linky zdv\u00edhac\u00edch valcov a jednu automatick\u00fa mont\u00e1\u017enu linku nakl\u00e1pac\u00edch valcov s projektovanou ro\u010dnou v\u00fdrobnou kapacitou 1 mili\u00f3n kusov. Diel\u0148a na v\u00fdrobu \u0161peci\u00e1lnych valcov je vybaven\u00e1 r\u00f4znymi \u0161pecifik\u00e1ciami poloautomatick\u00e9ho syst\u00e9mu \u010distenia a mont\u00e1\u017ee s projektovanou ro\u010dnou v\u00fdrobnou kapacitou 200 000 kusov a je vybaven\u00e1 zn\u00e1mym CNC obr\u00e1bac\u00edm zariaden\u00edm, obr\u00e1bac\u00edm centrom, \u0161peci\u00e1lnym zariaden\u00edm na vysoko presn\u00e9 spracovanie valcov, robotick\u00fdm zv\u00e1rac\u00edm strojom, automatick\u00fdm \u010distiacim strojom, automatick\u00fdm mont\u00e1\u017enym strojom valcov a automatickou lakovacou v\u00fdrobnou linkou. Existuj\u00face kritick\u00e9 zariadenia maj\u00fa viac ako 300 s\u00faprav (s\u00e1d). Optim\u00e1lne alokovanie a efekt\u00edvne vyu\u017e\u00edvanie zdrojov zariaden\u00ed zabezpe\u010duje po\u017eiadavky na presnos\u0165 v\u00fdrobkov a sp\u013a\u0148a po\u017eiadavky na vysok\u00fa kvalitu v\u00fdrobkov.<\/p>\n<p><img loading=\"lazy\" decoding=\"async\" class=\"alignnone wp-image-626\" src=\"https:\/\/hydraulic-cylinders.net\/wp-content\/uploads\/2023\/08\/hydraulic-cylinder-product-1-300x158.webp\" alt=\"\" width=\"495\" height=\"260\" srcset=\"https:\/\/hydraulic-cylinders.net\/wp-content\/uploads\/2023\/08\/hydraulic-cylinder-product-1-300x158.webp 495w, https:\/\/hydraulic-cylinders.net\/wp-content\/uploads\/2023\/08\/hydraulic-cylinder-product-1-480x252.webp 480w\" sizes=\"(min-width: 0px) and (max-width: 480px) 480px, (min-width: 481px) 495px, 100vw\" \/> <img loading=\"lazy\" decoding=\"async\" class=\"alignnone wp-image-627\" src=\"https:\/\/hydraulic-cylinders.net\/wp-content\/uploads\/2023\/08\/hydraulic-cylinder-product-2-300x189.webp\" alt=\"\" width=\"413\" height=\"260\" \/><\/p>\n<h3>(2) Obr\u00e1banie<\/h3>\n<p>Obr\u00e1bacia diel\u0148a je vybaven\u00e1 prisp\u00f4soben\u00fdm s\u00fastru\u017en\u00edckym centrom na \u0161ikm\u00e9 ko\u013eajnice, obr\u00e1bac\u00edm centrom, vysokor\u00fdchlostn\u00fdm honovac\u00edm strojom, zv\u00e1rac\u00edm robotom a \u010fal\u0161\u00edm s\u00favisiacim zariaden\u00edm, ktor\u00e9 dok\u00e1\u017ee spracova\u0165 valcov\u00e9 r\u00fary s maxim\u00e1lnym vn\u00fatorn\u00fdm priemerom 400 mm a maxim\u00e1lnou d\u013a\u017ekou 6 metrov.<\/p>\n<p><img loading=\"lazy\" decoding=\"async\" class=\"alignnone wp-image-628 size-large\" src=\"https:\/\/hydraulic-cylinders.net\/wp-content\/uploads\/2023\/08\/hydraulic-cylinder-product-3-1024x391.webp\" alt=\"\" width=\"1024\" height=\"391\" srcset=\"https:\/\/hydraulic-cylinders.net\/wp-content\/uploads\/2023\/08\/hydraulic-cylinder-product-3-980x374.webp 980w, https:\/\/hydraulic-cylinders.net\/wp-content\/uploads\/2023\/08\/hydraulic-cylinder-product-3-480x183.webp 480w\" sizes=\"(min-width: 0px) and (max-width: 480px) 480px, (min-width: 481px) and (max-width: 980px) 980px, (min-width: 981px) 1024px, 100vw\" \/><\/p>\n<h3>(3) Zv\u00e1ranie<\/h3>\n<p><img loading=\"lazy\" decoding=\"async\" class=\"alignnone wp-image-629 size-large\" src=\"https:\/\/hydraulic-cylinders.net\/wp-content\/uploads\/2023\/08\/hydraulic-cylinder-product-4-1024x510.webp\" alt=\"\" width=\"1024\" height=\"510\" srcset=\"https:\/\/hydraulic-cylinders.net\/wp-content\/uploads\/2023\/08\/hydraulic-cylinder-product-4-980x488.webp 980w, https:\/\/hydraulic-cylinders.net\/wp-content\/uploads\/2023\/08\/hydraulic-cylinder-product-4-480x239.webp 480w\" sizes=\"(min-width: 0px) and (max-width: 480px) 480px, (min-width: 481px) and (max-width: 980px) 980px, (min-width: 981px) 1024px, 100vw\" \/><\/p>\n<h3>(4) Ma\u013eovanie a natieranie<\/h3>\n<p>S mal\u00fdmi a stredne ve\u013ek\u00fdmi valcov\u00fdmi automatick\u00fdmi linkami na nan\u00e1\u0161anie farieb na vodnej b\u00e1ze, na dosiahnutie automatick\u00e9ho nakladania a vykladania robotmi a automatick\u00e9ho striekania, je projektovan\u00e1 kapacita 4000 kusov za smenu;<br \/>\nM\u00e1me tie\u017e poloautomatick\u00fa linku na v\u00fdrobu farieb pre ve\u013ek\u00e9 valce poh\u00e1\u0148an\u00e9 re\u0165azou s projektovanou kapacitou 60 kusov za smenu.<\/p>\n<p><img loading=\"lazy\" decoding=\"async\" class=\"alignnone wp-image-630\" src=\"https:\/\/hydraulic-cylinders.net\/wp-content\/uploads\/2023\/08\/hydraulic-cylinder-product-5-300x213.webp\" alt=\"\" width=\"366\" height=\"260\" \/> <img loading=\"lazy\" decoding=\"async\" class=\"alignnone wp-image-631\" src=\"https:\/\/hydraulic-cylinders.net\/wp-content\/uploads\/2023\/08\/hydraulic-cylinder-product-6-300x225.webp\" alt=\"\" width=\"347\" height=\"260\" \/><\/p>\n<h3>(5) Testovanie<\/h3>\n<p>Disponujeme prvotriednymi kontroln\u00fdmi zariadeniami a sk\u00fa\u0161obn\u00fdmi zariadeniami, ktor\u00e9 zabezpe\u010duj\u00fa, \u017ee v\u00fdkonnos\u0165 valca sp\u013a\u0148a po\u017eiadavky.<\/p>\n<p><img loading=\"lazy\" decoding=\"async\" class=\"alignnone wp-image-632\" src=\"https:\/\/hydraulic-cylinders.net\/wp-content\/uploads\/2023\/08\/hydraulic-cylinder-product-8-300x200.webp\" alt=\"\" width=\"389\" height=\"260\" \/><\/p>\n<p>&nbsp;<\/p>\n<p>&nbsp;<\/p>\n<p>Sme jedn\u00fdm z najlep\u0161\u00edch v\u00fdrobcov hydraulick\u00fdch valcov pre technick\u00e9 \u00fa\u010dely. Pon\u00fakame komplexn\u00fd sortiment hydraulick\u00fdch valcov pre technick\u00e9 \u00fa\u010dely. Poskytujeme aj zodpovedaj\u00face produkty. <a href=\"https:\/\/hzpt.com\/agricultural-pto-gearbox\/\" target=\"_blank\" rel=\"noopener\">po\u013enohospod\u00e1rske prevodovky<\/a>. Na\u0161e v\u00fdrobky sme vyviezli z\u00e1kazn\u00edkom do cel\u00e9ho sveta a z\u00edskali sme si dobr\u00fa poves\u0165 v\u010faka vynikaj\u00facej kvalite na\u0161ich v\u00fdrobkov a popredajn\u00e9mu servisu. Srde\u010dne v\u00edtame z\u00e1kazn\u00edkov doma aj v zahrani\u010d\u00ed, aby n\u00e1s kontaktovali a dohodli sa na obchodn\u00fdch rokovaniach, vymenili si inform\u00e1cie.\u00a0<a href=\"https:\/\/www.hydraulic-cylinders.net\/sk\/contact-us\/\">spolupracova\u0165 s nami<\/a>!<\/p>\n<h2><\/h2>\n<h2><\/h2>","protected":false},"excerpt":{"rendered":"<p>Piston Rod End With External Thread Connection Engineering Hydraulic Cylinder The piston rod end with an external thread connection is located at the end of the engineering hydraulic cylinder piston rod. It usually has threaded sections that allow for the safe fastening of various components, such as mounting brackets, cracks, or other load-bearing structures. HSG [&hellip;]<\/p>","protected":false},"featured_media":1110,"comment_status":"open","ping_status":"closed","template":"","meta":{"_et_pb_use_builder":"","_et_pb_old_content":"","_et_gb_content_width":""},"product_brand":[],"product_cat":[1376],"product_tag":[1380],"class_list":{"0":"post-1105","1":"product","2":"type-product","3":"status-publish","4":"has-post-thumbnail","6":"product_cat-hydraulic-cylinder","7":"product_tag-hydraulic-cylinder","9":"first","10":"instock","11":"shipping-taxable","12":"product-type-simple"},"amp_enabled":true,"_links":{"self":[{"href":"https:\/\/www.hydraulic-cylinders.net\/sk\/wp-json\/wp\/v2\/product\/1105","targetHints":{"allow":["GET"]}}],"collection":[{"href":"https:\/\/www.hydraulic-cylinders.net\/sk\/wp-json\/wp\/v2\/product"}],"about":[{"href":"https:\/\/www.hydraulic-cylinders.net\/sk\/wp-json\/wp\/v2\/types\/product"}],"replies":[{"embeddable":true,"href":"https:\/\/www.hydraulic-cylinders.net\/sk\/wp-json\/wp\/v2\/comments?post=1105"}],"wp:featuredmedia":[{"embeddable":true,"href":"https:\/\/www.hydraulic-cylinders.net\/sk\/wp-json\/wp\/v2\/media\/1110"}],"wp:attachment":[{"href":"https:\/\/www.hydraulic-cylinders.net\/sk\/wp-json\/wp\/v2\/media?parent=1105"}],"wp:term":[{"taxonomy":"product_brand","embeddable":true,"href":"https:\/\/www.hydraulic-cylinders.net\/sk\/wp-json\/wp\/v2\/product_brand?post=1105"},{"taxonomy":"product_cat","embeddable":true,"href":"https:\/\/www.hydraulic-cylinders.net\/sk\/wp-json\/wp\/v2\/product_cat?post=1105"},{"taxonomy":"product_tag","embeddable":true,"href":"https:\/\/www.hydraulic-cylinders.net\/sk\/wp-json\/wp\/v2\/product_tag?post=1105"}],"curies":[{"name":"pracovn\u00fd list","href":"https:\/\/api.w.org\/{rel}","templated":true}]}}