{"id":1213,"date":"2023-09-13T07:59:01","date_gmt":"2023-09-13T07:59:01","guid":{"rendered":"https:\/\/hydraulic-cylinders.net\/?post_type=product&#038;p=1213"},"modified":"2025-04-11T05:06:52","modified_gmt":"2025-04-11T05:06:52","slug":"y-hg1-noraml-metallurgical-hydraulic-cylinder","status":"publish","type":"product","link":"https:\/\/www.hydraulic-cylinders.net\/sk\/produkt\/y-hg1-noraml-metallurgical-hydraulic-cylinder\/","title":{"rendered":"Y-HG1 Noraml Metalurgical Hydraulick\u00fd valec"},"content":{"rendered":"<h1 style=\"text-align: center;\"><strong>Y-HG1 Noraml Metalurgical Hydraulick\u00fd valec<\/strong><\/h1>\n<p>The Y-HG1 metallurgical hydraulic cylinder is a state-of-the-art hydraulic component specifically designed to meet the demanding requirements of metallurgical applications. With its advanced features, robust construction, and exceptional performance, the Y-HG1 metallurgical hydraulic cylinder offers precise control, durability, and reliability in the rigorous environments of steel mills, foundries, and other metallurgical processes. Whether for heavy-duty lifting, pressing, or positioning, the Y-HG1 cylinder sets new standards in hydraulic technology, making it the ideal choice for the metallurgical industry.<\/p>\n<p>Hydraulick\u00fd valec s\u00e9rie Y-HG1 pre metalurgick\u00e9 zariadenia s dvoj\u010dinn\u00fdm piestov\u00fdm valcom, priemer valca je v\u0161eobecne v rozsahu 40 ~ 320 mm, pracovn\u00fd tlak &lt;= 16MPA, mechanick\u00fd syst\u00e9m hydraulick\u00e9ho oleja sa m\u00f4\u017ee pou\u017ei\u0165 na odstra\u0148ovanie emulzie a in\u00fdch pracovn\u00fdch m\u00e9di\u00ed, in\u0161tal\u00e1ciu pr\u00edruby, n\u00e1u\u0161n\u00edc, \u010dapov, sp\u00fa\u0161\u0165a\u010dov (z\u00e1kladne) a r\u00f4znych typov.<\/p>\n<p>Vysoko presn\u00fd CNC honovac\u00ed stroj, automatick\u00fd zv\u00e1rac\u00ed stroj, vertik\u00e1lne, horizont\u00e1lne obr\u00e1bacie centrum, port\u00e1lov\u00e9 obr\u00e1bacie centrum, CNC s\u00fastruh a \u010fal\u0161ie spracovate\u013esk\u00e9 zariadenia, kvalita v\u00fdrobkov je stabiln\u00e1 a zaru\u010den\u00e1.<\/p>\n<p><img loading=\"lazy\" decoding=\"async\" class=\"aligncenter wp-image-1214\" src=\"https:\/\/hydraulic-cylinders.net\/wp-content\/uploads\/2023\/09\/y-hg-1-noraml-metallurgical-hydraulic-cylinder-3-300x300.webp\" alt=\"\" width=\"400\" height=\"400\" \/><\/p>\n<h2><strong>Y-HG1 Noraml Metallurgical Hydraulic Cylinder Parameter:<img loading=\"lazy\" decoding=\"async\" class=\"alignnone wp-image-1215 size-large\" src=\"https:\/\/hydraulic-cylinders.net\/wp-content\/uploads\/2023\/09\/y-hg-1-noraml-metallurgical-hydraulic-cylinder-1-1024x307.webp\" alt=\"\" width=\"1024\" height=\"307\" srcset=\"https:\/\/hydraulic-cylinders.net\/wp-content\/uploads\/2023\/09\/y-hg-1-noraml-metallurgical-hydraulic-cylinder-1-980x293.webp 980w, https:\/\/hydraulic-cylinders.net\/wp-content\/uploads\/2023\/09\/y-hg-1-noraml-metallurgical-hydraulic-cylinder-1-480x144.webp 480w\" sizes=\"(min-width: 0px) and (max-width: 480px) 480px, (min-width: 481px) and (max-width: 980px) 980px, (min-width: 981px) 1024px, 100vw\" \/> <img loading=\"lazy\" decoding=\"async\" class=\"alignnone wp-image-1216 size-large\" src=\"https:\/\/hydraulic-cylinders.net\/wp-content\/uploads\/2023\/09\/y-hg-1-noraml-metallurgical-hydraulic-cylinder-2-1024x553.webp\" alt=\"\" width=\"1024\" height=\"553\" srcset=\"https:\/\/hydraulic-cylinders.net\/wp-content\/uploads\/2023\/09\/y-hg-1-noraml-metallurgical-hydraulic-cylinder-2-980x530.webp 980w, https:\/\/hydraulic-cylinders.net\/wp-content\/uploads\/2023\/09\/y-hg-1-noraml-metallurgical-hydraulic-cylinder-2-480x259.webp 480w\" sizes=\"(min-width: 0px) and (max-width: 480px) 480px, (min-width: 481px) and (max-width: 980px) 980px, (min-width: 981px) 1024px, 100vw\" \/><\/strong><\/h2>\n<h2><strong>Y-HG1 Noraml Metalurgical Hydraulick\u00fd valec <\/strong><strong>Met\u00f3da pou\u017eitia<\/strong><strong>:<\/strong><\/h2>\n<ol>\n<li><strong>Mont\u00e1\u017e a in\u0161tal\u00e1cia:<\/strong>\n<ul>\n<li>Determine the appropriate location for installing Y-HG1 cylinders based on the specific requirements of your metallurgical equipment.<\/li>\n<li>Uistite sa, \u017ee mont\u00e1\u017eny povrch je \u010dist\u00fd, rovn\u00fd a schopn\u00fd unies\u0165 hmotnos\u0165 a za\u0165a\u017eenie valca.<\/li>\n<\/ul>\n<\/li>\n<li><strong>Pripojenie k hydraulick\u00e9mu syst\u00e9mu:<\/strong>\n<ul>\n<li>Connect the Y-HG1 metallurgical hydraulic cylinder using a compatible hydraulic hose or pipe to the hydraulic system.<\/li>\n<li>Zabezpe\u010dte spr\u00e1vne zarovnanie a bezpe\u010dn\u00e9 pripojenia, aby ste predi\u0161li \u00fanikom a zabezpe\u010dili optim\u00e1lny v\u00fdkon.<\/li>\n<\/ul>\n<\/li>\n<li><strong>Syst\u00e9mov\u00e1 integr\u00e1cia a kalibr\u00e1cia:<\/strong>\n<ul>\n<li>Integrate Y-HG1 metallurgical hydraulic cylinders into metallurgical equipment or systems by the manufacturer&#8217;s guidelines.<\/li>\n<li>Calibrate the system to achieve the required operating parameters and ensure precise control of cylinder movement.<\/li>\n<\/ul>\n<\/li>\n<li><strong>Obsluha valca:<\/strong>\n<ul>\n<li>Activate the hydraulic system to apply pressure and initiate the movement of the Y-HG1 cylinder.<\/li>\n<li>The hydraulic control system precisely controls cylinder extension, contraction and positioning for efficient metallurgical operations.<\/li>\n<\/ul>\n<\/li>\n<\/ol>\n<h2><strong>Y-HG1 Noraml Metalurgical Hydraulick\u00fd valec <\/strong><strong>Charakteristiky<\/strong><strong>:<\/strong><\/h2>\n<ul>\n<li><strong>Robustn\u00e1 kon\u0161trukcia:<\/strong> The Y-HG1 cylinder is built with high-quality materials, ensuring durability and longevity in the demanding metallurgical environment.<\/li>\n<li><strong>Presn\u00e9 ovl\u00e1danie:<\/strong>\u00a0 The metallurgical hydraulic cylinder provides superior control and positioning accuracy, allowing operators to achieve exact movement for optimal metallurgical processes.<\/li>\n<li><strong>Vysok\u00e1 nosnos\u0165:<\/strong>\u00a0 Y-HG1 metallurgical hydraulic cylinders are designed to handle heavy loads standard in metallurgical applications, providing reliable lifting and pressing capabilities.<\/li>\n<li><strong>Odolnos\u0165 proti kor\u00f3zii:<\/strong>\u00a0 The cylinder&#8217;s corrosion-resistant coating protects it from harsh chemicals and the extreme temperatures often found in metallurgical environments.<\/li>\n<li><strong>V\u0161estrann\u00e9 mo\u017enosti mont\u00e1\u017ee:<\/strong> Y-HG1 cylinders are available in various mounting options and can be easily integrated into multiple metallurgical equipment and systems.<\/li>\n<\/ul>\n<h2><strong>ow Does A One-Way Hydraulic Cylinder Work?<\/strong><\/h2>\n<p>Jednosmern\u00fd, jedno\u010dinn\u00fd hydraulick\u00fd valec vyu\u017e\u00edva hydraulick\u00fd syst\u00e9m na generovanie line\u00e1rneho pohybu v jednom smere. Sklad\u00e1 sa z valca, piestu, piestnej ty\u010de a hydraulickej kvapaliny. Funguje to takto:<\/p>\n<ol>\n<li><strong>Dod\u00e1vka hydraulickej kvapaliny:<\/strong>\n<ul>\n<li>Hydraulick\u00fd syst\u00e9m dod\u00e1va do valca tlakov\u00fa kvapalinu, zvy\u010dajne olej, prostredn\u00edctvom hydraulick\u00e9ho \u010derpadla alebo zdroja energie.<\/li>\n<\/ul>\n<\/li>\n<li><strong>Pred\u013a\u017eenie valca:<\/strong>\n<ul>\n<li>Ke\u010f je hydraulick\u00e1 kvapalina priv\u00e1dzan\u00e1 do valca, vstupuje do valca cez vstupn\u00fd otvor.<\/li>\n<li>Tlakov\u00e1 kvapalina tla\u010d\u00ed na piest, \u010do sp\u00f4sobuje jeho pohyb v po\u017eadovanom smere (zvy\u010dajne vys\u00fava piestnu ty\u010d).<\/li>\n<li>Ke\u010f sa tlak kvapaliny zvy\u0161uje, prekon\u00e1va odpor alebo za\u0165a\u017eenie piesta, \u010do vedie k vysunutiu piestnej ty\u010de.<\/li>\n<\/ul>\n<\/li>\n<li><strong>Tesniaci mechanizmus:<\/strong>\n<ul>\n<li>Valec valca je utesnen\u00fd, aby sa zabr\u00e1nilo \u00faniku kvapaliny. Zvy\u010dajne obsahuje tesnenia okolo piesta a piestnej ty\u010de, ako s\u00fa O-kr\u00fa\u017eky alebo tesnenia na per\u00e1ch.<\/li>\n<li>Tieto tesnenia zabezpe\u010duj\u00fa, \u017ee tlakov\u00e1 kvapalina p\u00f4sob\u00ed iba na jednu stranu piestu, \u010d\u00edm vytv\u00e1ra tlakov\u00fa nerovnov\u00e1hu, ktor\u00e1 poh\u00e1\u0148a piest po\u017eadovan\u00fdm smerom.<\/li>\n<\/ul>\n<\/li>\n<li><strong>Sp\u00e4tn\u00fd zdvih:<\/strong>\n<ul>\n<li>Po predl\u017eovacom zdvihu sa hydraulick\u00e1 kvapalina z valca uvo\u013en\u00ed alebo odvzdu\u0161n\u00ed.<\/li>\n<li>Hydraulick\u00fd syst\u00e9m m\u00f4\u017ee na zasunutie piesta a piestnej ty\u010de do ich v\u00fdchodiskov\u00fdch pol\u00f4h pou\u017ei\u0165 gravit\u00e1ciu, pru\u017einu alebo vonkaj\u0161iu silu.<\/li>\n<li>Po\u010das sp\u00e4tn\u00e9ho zdvihu hydraulick\u00e1 kvapalina vytek\u00e1 z valca cez v\u00fdstupn\u00fd otvor.<\/li>\n<\/ul>\n<\/li>\n<li><strong>Podpora za\u0165a\u017eenia:<\/strong>\n<ul>\n<li>Piestna ty\u010d hydraulick\u00e9ho valca je \u010dasto spojen\u00e1 so z\u00e1\u0165a\u017eou alebo mechanizmom, ktor\u00fd vy\u017eaduje line\u00e1rny pohyb alebo silu.<\/li>\n<li>Ke\u010f sa piest vys\u00fava alebo zas\u00fava, poskytuje potrebn\u00fa silu na pohyb alebo podopretie bremena.<\/li>\n<\/ul>\n<\/li>\n<li><strong>Riadenie a ventily:<\/strong>\n<ul>\n<li>Na ovl\u00e1danie vys\u00favania a zas\u00favania jednosmern\u00e9ho hydraulick\u00e9ho valca obsahuje hydraulick\u00fd syst\u00e9m ventily, ako s\u00fa sp\u00e4tn\u00e9 ventily alebo smerov\u00e9 regula\u010dn\u00e9 ventily.<\/li>\n<li>Tieto ventily reguluj\u00fa prietok hydraulickej kvapaliny, \u010do umo\u017e\u0148uje jej vstup a v\u00fdstup z valca v po\u017eadovanom smere.<\/li>\n<\/ul>\n<\/li>\n<li><strong>\u0160pecifik\u00e1 aplik\u00e1cie:<\/strong>\n<ul>\n<li>Jednosmern\u00e9 hydraulick\u00e9 valce sa be\u017ene pou\u017e\u00edvaj\u00fa v aplik\u00e1ci\u00e1ch, kde je potrebn\u00e1 sila alebo pohyb iba v jednom smere, ako je zdv\u00edhanie, tla\u010denie alebo upnutie.<\/li>\n<li>\u010casto sa nach\u00e1dzaj\u00fa v hydraulick\u00fdch zdvih\u00e1koch, hydraulick\u00fdch lisoch, skl\u00e1pa\u010doch a r\u00f4znych in\u00fdch priemyseln\u00fdch a mobiln\u00fdch zariadeniach.<\/li>\n<\/ul>\n<\/li>\n<\/ol>\n<h2><strong>Schopnos\u0165 a kapacita tov\u00e1rne:<\/strong><\/h2>\n<h3>(1) Mont\u00e1\u017e<\/h3>\n<p>Disponujeme prvotriednou nez\u00e1vislou v\u00fdskumnou a v\u00fdvojovou mont\u00e1\u017enou platformou. Diel\u0148a na v\u00fdrobu hydraulick\u00fdch valcov m\u00e1 \u0161tyri poloautomatick\u00e9 mont\u00e1\u017ene linky zdv\u00edhac\u00edch valcov a jednu automatick\u00fa mont\u00e1\u017enu linku nakl\u00e1pac\u00edch valcov s projektovanou ro\u010dnou v\u00fdrobnou kapacitou 1 mili\u00f3n kusov. Diel\u0148a na v\u00fdrobu \u0161peci\u00e1lnych valcov je vybaven\u00e1 r\u00f4znymi \u0161pecifik\u00e1ciami poloautomatick\u00e9ho syst\u00e9mu \u010distenia a mont\u00e1\u017ee s projektovanou ro\u010dnou v\u00fdrobnou kapacitou 200 000 kusov a je vybaven\u00e1 zn\u00e1mym CNC obr\u00e1bac\u00edm zariaden\u00edm, obr\u00e1bac\u00edm centrom, \u0161peci\u00e1lnym zariaden\u00edm na vysoko presn\u00e9 spracovanie valcov, robotick\u00fdm zv\u00e1rac\u00edm strojom, automatick\u00fdm \u010distiacim strojom, automatick\u00fdm mont\u00e1\u017enym strojom valcov a automatickou lakovacou v\u00fdrobnou linkou. Existuj\u00face kritick\u00e9 zariadenia maj\u00fa viac ako 300 s\u00faprav (s\u00e1d). Optim\u00e1lne alokovanie a efekt\u00edvne vyu\u017e\u00edvanie zdrojov zariaden\u00ed zabezpe\u010duje po\u017eiadavky na presnos\u0165 v\u00fdrobkov a sp\u013a\u0148a po\u017eiadavky na vysok\u00fa kvalitu v\u00fdrobkov.<\/p>\n<p><img loading=\"lazy\" decoding=\"async\" class=\"alignnone wp-image-626\" src=\"https:\/\/hydraulic-cylinders.net\/wp-content\/uploads\/2023\/08\/hydraulic-cylinder-product-1-300x158.webp\" alt=\"\" width=\"495\" height=\"260\" srcset=\"https:\/\/hydraulic-cylinders.net\/wp-content\/uploads\/2023\/08\/hydraulic-cylinder-product-1-300x158.webp 495w, https:\/\/hydraulic-cylinders.net\/wp-content\/uploads\/2023\/08\/hydraulic-cylinder-product-1-480x252.webp 480w\" sizes=\"(min-width: 0px) and (max-width: 480px) 480px, (min-width: 481px) 495px, 100vw\" \/> <img loading=\"lazy\" decoding=\"async\" class=\"alignnone wp-image-627\" src=\"https:\/\/hydraulic-cylinders.net\/wp-content\/uploads\/2023\/08\/hydraulic-cylinder-product-2-300x189.webp\" alt=\"\" width=\"413\" height=\"260\" \/><\/p>\n<h3>(2) Obr\u00e1banie<\/h3>\n<p>Obr\u00e1bacia diel\u0148a je vybaven\u00e1 prisp\u00f4soben\u00fdm s\u00fastru\u017en\u00edckym centrom na \u0161ikm\u00e9 ko\u013eajnice, obr\u00e1bac\u00edm centrom, vysokor\u00fdchlostn\u00fdm honovac\u00edm strojom, zv\u00e1rac\u00edm robotom a \u010fal\u0161\u00edm s\u00favisiacim zariaden\u00edm, ktor\u00e9 dok\u00e1\u017ee spracova\u0165 valcov\u00e9 r\u00fary s maxim\u00e1lnym vn\u00fatorn\u00fdm priemerom 400 mm a maxim\u00e1lnou d\u013a\u017ekou 6 metrov.<\/p>\n<p><img loading=\"lazy\" decoding=\"async\" class=\"alignnone wp-image-628 size-large\" src=\"https:\/\/hydraulic-cylinders.net\/wp-content\/uploads\/2023\/08\/hydraulic-cylinder-product-3-1024x391.webp\" alt=\"\" width=\"1024\" height=\"391\" srcset=\"https:\/\/hydraulic-cylinders.net\/wp-content\/uploads\/2023\/08\/hydraulic-cylinder-product-3-980x374.webp 980w, https:\/\/hydraulic-cylinders.net\/wp-content\/uploads\/2023\/08\/hydraulic-cylinder-product-3-480x183.webp 480w\" sizes=\"(min-width: 0px) and (max-width: 480px) 480px, (min-width: 481px) and (max-width: 980px) 980px, (min-width: 981px) 1024px, 100vw\" \/><\/p>\n<h3>(3) Zv\u00e1ranie<\/h3>\n<p><img loading=\"lazy\" decoding=\"async\" class=\"alignnone wp-image-629 size-large\" src=\"https:\/\/hydraulic-cylinders.net\/wp-content\/uploads\/2023\/08\/hydraulic-cylinder-product-4-1024x510.webp\" alt=\"\" width=\"1024\" height=\"510\" srcset=\"https:\/\/hydraulic-cylinders.net\/wp-content\/uploads\/2023\/08\/hydraulic-cylinder-product-4-980x488.webp 980w, https:\/\/hydraulic-cylinders.net\/wp-content\/uploads\/2023\/08\/hydraulic-cylinder-product-4-480x239.webp 480w\" sizes=\"(min-width: 0px) and (max-width: 480px) 480px, (min-width: 481px) and (max-width: 980px) 980px, (min-width: 981px) 1024px, 100vw\" \/><\/p>\n<h3>(4) Ma\u013eovanie a natieranie<\/h3>\n<p>S mal\u00fdmi a stredne ve\u013ek\u00fdmi valcov\u00fdmi automatick\u00fdmi linkami na nan\u00e1\u0161anie farieb na vodnej b\u00e1ze, na dosiahnutie automatick\u00e9ho nakladania a vykladania robotmi a automatick\u00e9ho striekania, je projektovan\u00e1 kapacita 4000 kusov za smenu;<br \/>\nM\u00e1me tie\u017e poloautomatick\u00fa linku na v\u00fdrobu farieb pre ve\u013ek\u00e9 valce poh\u00e1\u0148an\u00e9 re\u0165azou s projektovanou kapacitou 60 kusov za smenu.<\/p>\n<p><img loading=\"lazy\" decoding=\"async\" class=\"alignnone wp-image-630\" src=\"https:\/\/hydraulic-cylinders.net\/wp-content\/uploads\/2023\/08\/hydraulic-cylinder-product-5-300x213.webp\" alt=\"\" width=\"366\" height=\"260\" \/> <img loading=\"lazy\" decoding=\"async\" class=\"alignnone wp-image-631\" src=\"https:\/\/hydraulic-cylinders.net\/wp-content\/uploads\/2023\/08\/hydraulic-cylinder-product-6-300x225.webp\" alt=\"\" width=\"347\" height=\"260\" \/><\/p>\n<h3>(5) Testovanie<\/h3>\n<p>Disponujeme prvotriednymi kontroln\u00fdmi zariadeniami a sk\u00fa\u0161obn\u00fdmi zariadeniami, ktor\u00e9 zabezpe\u010duj\u00fa, \u017ee v\u00fdkonnos\u0165 valca sp\u013a\u0148a po\u017eiadavky.<\/p>\n<p><img loading=\"lazy\" decoding=\"async\" class=\"alignnone wp-image-632\" src=\"https:\/\/hydraulic-cylinders.net\/wp-content\/uploads\/2023\/08\/hydraulic-cylinder-product-8-300x200.webp\" alt=\"\" width=\"389\" height=\"260\" \/><\/p>\n<p>&nbsp;<\/p>\n<p>&nbsp;<\/p>\n<p>Sme jedn\u00fdm z najlep\u0161\u00edch v\u00fdrobcov metalurgick\u00fdch hydraulick\u00fdch valcov. Pon\u00fakame komplexn\u00fd sortiment metalurgick\u00fdch hydraulick\u00fdch valcov. Poskytujeme aj zodpovedaj\u00face... <a href=\"https:\/\/hzpt.com\/agricultural-pto-gearbox\/\" target=\"_blank\" rel=\"noopener\">po\u013enohospod\u00e1rske prevodovky<\/a>Na\u0161e produkty sme vyv\u00e1\u017eali klientom po celom svete a v\u010faka vynikaj\u00facej kvalite produktov a popredajn\u00e9mu servisu sme si z\u00edskali dobr\u00fa reput\u00e1ciu. V\u00edtame z\u00e1kazn\u00edkov doma aj v zahrani\u010d\u00ed, ktor\u00ed n\u00e1s kontaktuj\u00fa za \u00fa\u010delom rokovania o obchodn\u00fdch z\u00e1le\u017eitostiach, v\u00fdmeny inform\u00e1ci\u00ed a <a href=\"https:\/\/www.hydraulic-cylinders.net\/sk\/contact-us\/\">spolupracova\u0165 s nami<\/a>!<\/p>\n<h2><\/h2>\n<h2><\/h2>","protected":false},"excerpt":{"rendered":"<p>Y-HG1 Noraml Metallurgical Hydraulic Cylinder The Y-HG1 metallurgical hydraulic cylinder is a state-of-the-art hydraulic component specifically designed to meet the demanding requirements of metallurgical applications. With its advanced features, robust construction, and exceptional performance, the Y-HG1 metallurgical hydraulic cylinder offers precise control, durability, and reliability in the rigorous environments of steel mills, foundries, and other [&hellip;]<\/p>","protected":false},"featured_media":1217,"comment_status":"open","ping_status":"closed","template":"","meta":{"_et_pb_use_builder":"","_et_pb_old_content":"","_et_gb_content_width":""},"product_brand":[],"product_cat":[1376,1550,1524],"product_tag":[1380],"class_list":{"0":"post-1213","1":"product","2":"type-product","3":"status-publish","4":"has-post-thumbnail","6":"product_cat-hydraulic-cylinder","7":"product_cat-double-acting-hydraulic-cylinder","8":"product_cat-steel-mill-hydraulic-cylinders","9":"product_tag-hydraulic-cylinder","11":"first","12":"instock","13":"shipping-taxable","14":"product-type-simple"},"amp_enabled":true,"_links":{"self":[{"href":"https:\/\/www.hydraulic-cylinders.net\/sk\/wp-json\/wp\/v2\/product\/1213","targetHints":{"allow":["GET"]}}],"collection":[{"href":"https:\/\/www.hydraulic-cylinders.net\/sk\/wp-json\/wp\/v2\/product"}],"about":[{"href":"https:\/\/www.hydraulic-cylinders.net\/sk\/wp-json\/wp\/v2\/types\/product"}],"replies":[{"embeddable":true,"href":"https:\/\/www.hydraulic-cylinders.net\/sk\/wp-json\/wp\/v2\/comments?post=1213"}],"wp:featuredmedia":[{"embeddable":true,"href":"https:\/\/www.hydraulic-cylinders.net\/sk\/wp-json\/wp\/v2\/media\/1217"}],"wp:attachment":[{"href":"https:\/\/www.hydraulic-cylinders.net\/sk\/wp-json\/wp\/v2\/media?parent=1213"}],"wp:term":[{"taxonomy":"product_brand","embeddable":true,"href":"https:\/\/www.hydraulic-cylinders.net\/sk\/wp-json\/wp\/v2\/product_brand?post=1213"},{"taxonomy":"product_cat","embeddable":true,"href":"https:\/\/www.hydraulic-cylinders.net\/sk\/wp-json\/wp\/v2\/product_cat?post=1213"},{"taxonomy":"product_tag","embeddable":true,"href":"https:\/\/www.hydraulic-cylinders.net\/sk\/wp-json\/wp\/v2\/product_tag?post=1213"}],"curies":[{"name":"pracovn\u00fd list","href":"https:\/\/api.w.org\/{rel}","templated":true}]}}