{"id":1243,"date":"2023-09-14T08:24:48","date_gmt":"2023-09-14T08:24:48","guid":{"rendered":"https:\/\/hydraulic-cylinders.net\/?post_type=product&#038;p=1243"},"modified":"2025-04-11T05:26:12","modified_gmt":"2025-04-11T05:26:12","slug":"hroc-single-trunnion-type-circular-hydraulic-cylinder","status":"publish","type":"product","link":"https:\/\/www.hydraulic-cylinders.net\/sk\/produkt\/hroc-single-trunnion-type-circular-hydraulic-cylinder\/","title":{"rendered":"Kruhov\u00fd hydraulick\u00fd valec typu HROC s jedn\u00fdm \u010dapom"},"content":{"rendered":"<h1 style=\"text-align: center;\"><strong>Kruhov\u00fd hydraulick\u00fd valec typu HROC s jedn\u00fdm \u010dapom<\/strong><\/h1>\n<p>Kruhov\u00fd hydraulick\u00fd valec HROC s jedn\u00fdm \u010dapom je \u0161pi\u010dkov\u00fd hydraulick\u00fd prvok navrhnut\u00fd tak, aby poskytoval spo\u013eahliv\u00fd a efekt\u00edvny prenos v\u00fdkonu pre r\u00f4zne priemyseln\u00e9 aplik\u00e1cie. V\u010faka svojmu inovat\u00edvnemu dizajnu a vynikaj\u00facemu v\u00fdkonu pon\u00faka tento hydraulick\u00fd valec presn\u00e9 ovl\u00e1danie, odolnos\u0165 a v\u0161estrannos\u0165. \u010ci u\u017e vo v\u00fdrobe, stavebn\u00edctve alebo manipul\u00e1cii s materi\u00e1lom, valce HROC s jedn\u00fdm \u010dapom s\u00fa navrhnut\u00e9 tak, aby optimalizovali hydraulick\u00fa prev\u00e1dzku a zv\u00fd\u0161ili produktivitu.<\/p>\n<p>Okr\u00fahly valec s\u00e9rie HRO je bezpe\u010dn\u00fd a stabiln\u00fd, m\u00e1 vysok\u00fd v\u00fdkon, jednoduch\u00fa \u00fadr\u017ebu, kr\u00e1sny vzh\u013ead, vysok\u00fa kvalitu a je vhodn\u00fd pre v\u0161etky druhy lisov.<\/p>\n<p><img loading=\"lazy\" decoding=\"async\" class=\"wp-image-1244 aligncenter\" src=\"https:\/\/hydraulic-cylinders.net\/wp-content\/uploads\/2023\/09\/hro-circular-hydraulic-cylinder-7-1-300x300.webp\" alt=\"\" width=\"400\" height=\"400\" \/><\/p>\n<h2><strong>Charakteristick\u00e9 \u00fadaje kruhov\u00e9ho hydraulick\u00e9ho valca typu HROA:<\/strong><\/h2>\n<p><img loading=\"lazy\" decoding=\"async\" class=\"alignnone wp-image-1245 size-full\" src=\"https:\/\/hydraulic-cylinders.net\/wp-content\/uploads\/2023\/09\/hro-circular-hydraulic-cylinder-1-1-1-1.webp\" alt=\"\" width=\"1428\" height=\"436\" srcset=\"https:\/\/hydraulic-cylinders.net\/wp-content\/uploads\/2023\/09\/hro-circular-hydraulic-cylinder-1-1-1-1.webp 1428w, https:\/\/hydraulic-cylinders.net\/wp-content\/uploads\/2023\/09\/hro-circular-hydraulic-cylinder-1-1-1-1-1280x391.webp 1280w, https:\/\/hydraulic-cylinders.net\/wp-content\/uploads\/2023\/09\/hro-circular-hydraulic-cylinder-1-1-1-1-980x299.webp 980w, https:\/\/hydraulic-cylinders.net\/wp-content\/uploads\/2023\/09\/hro-circular-hydraulic-cylinder-1-1-1-1-480x147.webp 480w\" sizes=\"(min-width: 0px) and (max-width: 480px) 480px, (min-width: 481px) and (max-width: 980px) 980px, (min-width: 981px) and (max-width: 1280px) 1280px, (min-width: 1281px) 1428px, 100vw\" \/><\/p>\n<h2><strong>Sch\u00e9ma \u0161trukt\u00fary kruhov\u00e9ho hydraulick\u00e9ho valca typu HROA:<\/strong><\/h2>\n<p><img loading=\"lazy\" decoding=\"async\" class=\"alignnone wp-image-1246 size-full\" src=\"https:\/\/hydraulic-cylinders.net\/wp-content\/uploads\/2023\/09\/hro-circular-hydraulic-cylinder-2-1-1.webp\" alt=\"\" width=\"1404\" height=\"889\" srcset=\"https:\/\/hydraulic-cylinders.net\/wp-content\/uploads\/2023\/09\/hro-circular-hydraulic-cylinder-2-1-1.webp 1404w, https:\/\/hydraulic-cylinders.net\/wp-content\/uploads\/2023\/09\/hro-circular-hydraulic-cylinder-2-1-1-1280x810.webp 1280w, https:\/\/hydraulic-cylinders.net\/wp-content\/uploads\/2023\/09\/hro-circular-hydraulic-cylinder-2-1-1-980x621.webp 980w, https:\/\/hydraulic-cylinders.net\/wp-content\/uploads\/2023\/09\/hro-circular-hydraulic-cylinder-2-1-1-480x304.webp 480w\" sizes=\"(min-width: 0px) and (max-width: 480px) 480px, (min-width: 481px) and (max-width: 980px) 980px, (min-width: 981px) and (max-width: 1280px) 1280px, (min-width: 1281px) 1404px, 100vw\" \/><\/p>\n<h2><strong>Parameter kruhov\u00e9ho hydraulick\u00e9ho valca s jedn\u00fdm \u010dapom HROC:<img loading=\"lazy\" decoding=\"async\" class=\"alignnone wp-image-1247 size-full\" src=\"https:\/\/hydraulic-cylinders.net\/wp-content\/uploads\/2023\/09\/hro-circular-hydraulic-cylinder-7.webp\" alt=\"\" width=\"1450\" height=\"1143\" srcset=\"https:\/\/hydraulic-cylinders.net\/wp-content\/uploads\/2023\/09\/hro-circular-hydraulic-cylinder-7.webp 1450w, https:\/\/hydraulic-cylinders.net\/wp-content\/uploads\/2023\/09\/hro-circular-hydraulic-cylinder-7-1280x1009.webp 1280w, https:\/\/hydraulic-cylinders.net\/wp-content\/uploads\/2023\/09\/hro-circular-hydraulic-cylinder-7-980x773.webp 980w, https:\/\/hydraulic-cylinders.net\/wp-content\/uploads\/2023\/09\/hro-circular-hydraulic-cylinder-7-480x378.webp 480w\" sizes=\"(min-width: 0px) and (max-width: 480px) 480px, (min-width: 481px) and (max-width: 980px) 980px, (min-width: 981px) and (max-width: 1280px) 1280px, (min-width: 1281px) 1450px, 100vw\" \/>\u00a0<\/strong><\/h2>\n<h2><strong>Kruhov\u00fd hydraulick\u00fd valec typu HROC s jedn\u00fdm \u010dapom <\/strong><strong>\u0160pecifika\u010dn\u00fd list typu vonkaj\u0161ieho zuba:<\/strong><\/h2>\n<h2><strong><img loading=\"lazy\" decoding=\"async\" class=\"alignnone wp-image-1248 size-full\" src=\"https:\/\/hydraulic-cylinders.net\/wp-content\/uploads\/2023\/09\/hro-circular-hydraulic-cylinder-8.webp\" alt=\"\" width=\"1448\" height=\"564\" srcset=\"https:\/\/hydraulic-cylinders.net\/wp-content\/uploads\/2023\/09\/hro-circular-hydraulic-cylinder-8.webp 1448w, https:\/\/hydraulic-cylinders.net\/wp-content\/uploads\/2023\/09\/hro-circular-hydraulic-cylinder-8-1280x499.webp 1280w, https:\/\/hydraulic-cylinders.net\/wp-content\/uploads\/2023\/09\/hro-circular-hydraulic-cylinder-8-980x382.webp 980w, https:\/\/hydraulic-cylinders.net\/wp-content\/uploads\/2023\/09\/hro-circular-hydraulic-cylinder-8-480x187.webp 480w\" sizes=\"(min-width: 0px) and (max-width: 480px) 480px, (min-width: 481px) and (max-width: 980px) 980px, (min-width: 981px) and (max-width: 1280px) 1280px, (min-width: 1281px) 1448px, 100vw\" \/><\/strong><\/h2>\n<h2><strong>Kruhov\u00fd hydraulick\u00fd valec typu HROC s jedn\u00fdm \u010dapom <\/strong><strong>Met\u00f3da pou\u017eitia<\/strong><strong>:<\/strong><\/h2>\n<ol>\n<li><strong>Mont\u00e1\u017e a in\u0161tal\u00e1cia:<\/strong>\n<ul>\n<li>Ur\u010dte vhodn\u00e9 miesto in\u0161tal\u00e1cie pre jednovalcov\u00e9 valce HROC na z\u00e1klade \u0161pecifick\u00fdch po\u017eiadaviek v\u00e1\u0161ho zariadenia alebo stroja.<\/li>\n<li>Uistite sa, \u017ee mont\u00e1\u017eny povrch je pevn\u00fd a rovn\u00fd a bezpe\u010dne unesie hmotnos\u0165 a za\u0165a\u017eenie valca.<\/li>\n<\/ul>\n<\/li>\n<li><strong>Pripojenie hydraulick\u00e9ho syst\u00e9mu:<\/strong>\n<ul>\n<li>Pripojte hydraulick\u00fd valec k hydraulick\u00e9mu syst\u00e9mu pomocou kompatibilnej hydraulickej hadice alebo potrubia.<\/li>\n<li>Zabezpe\u010dte spr\u00e1vne zarovnanie a bezpe\u010dn\u00e9 pripojenia, aby ste predi\u0161li \u00fanikom a zabezpe\u010dili optim\u00e1lny v\u00fdkon.<\/li>\n<\/ul>\n<\/li>\n<li><strong>Obsluha valca:<\/strong>\n<ul>\n<li>Spustite hydraulick\u00fd syst\u00e9m a za\u010dnite pohyb valca s jedn\u00fdm \u010dapom HROC.<\/li>\n<li>Hydraulick\u00fd riadiaci syst\u00e9m presne riadi vys\u00favanie, zas\u00favanie a polohovanie valca, aby sa dosiahla efekt\u00edvna prev\u00e1dzka.<\/li>\n<\/ul>\n<\/li>\n<\/ol>\n<h2><strong>Kruhov\u00fd hydraulick\u00fd valec typu HROC s jedn\u00fdm \u010dapom <\/strong><strong>Charakteristiky<\/strong><strong>:<\/strong><\/h2>\n<ul>\n<li><strong>Inovat\u00edvny dizajn:<\/strong>\u00a0 Jednotliv\u00fd \u010dapov\u00fd valec HROC sa vyzna\u010duje najmodernej\u0161ou kon\u0161trukciou, ktor\u00e1 maximalizuje v\u00fdkon, \u00fa\u010dinnos\u0165 a odolnos\u0165.<\/li>\n<li><strong>Presn\u00e9 ovl\u00e1danie:<\/strong>\u00a0 Tento hydraulick\u00fd valec poskytuje vynikaj\u00face ovl\u00e1danie pohybu a polohovania, \u010do umo\u017e\u0148uje presn\u00fa a efekt\u00edvnu prev\u00e1dzku.<\/li>\n<li><strong>Vysok\u00e1 nosnos\u0165:<\/strong>\u00a0 Jednotliv\u00e9 \u010dapov\u00e9 valce HROC s\u00fa navrhnut\u00e9 tak, aby zvl\u00e1dli \u0165a\u017ek\u00e9 bremen\u00e1 a odolali n\u00e1ro\u010dn\u00fdm priemyseln\u00fdm aplik\u00e1ci\u00e1m.<\/li>\n<li><strong>V\u0161estrann\u00e9 aplik\u00e1cie:<\/strong>\u00a0 Hydraulick\u00fd valec m\u00e1 univerz\u00e1lny dizajn, ktor\u00fd je vhodn\u00fd pre v\u00fdrobu, stavebn\u00edctvo, manipul\u00e1ciu s materi\u00e1lom a \u010fal\u0161ie odvetvia.<\/li>\n<li><strong>Spo\u013eahlivos\u0165 a trvanlivos\u0165:<\/strong>\u00a0 Jednotliv\u00e9 \u010dapov\u00e9 valce HROC odol\u00e1vaj\u00fa n\u00e1ro\u010dn\u00fdm prev\u00e1dzkov\u00fdm podmienkam, poskytuj\u00fa dlhotrvaj\u00faci v\u00fdkon a minimalizuj\u00fa prestoje.<\/li>\n<li><strong>Plynul\u00e1 prev\u00e1dzka:<\/strong>\u00a0 Valec zais\u0165uje plynul\u00fd a spo\u013eahliv\u00fd chod a minimalizuje vibr\u00e1cie a hluk po\u010das hydraulick\u00e9ho pohybu.<\/li>\n<\/ul>\n<h2><strong>Ak\u00e9 \u0165a\u017ek\u00e9 je rekon\u0161truova\u0165 hydraulick\u00fd valec?<\/strong><\/h2>\n<p>Rekon\u0161trukcia hydraulick\u00e9ho valca m\u00f4\u017ee by\u0165 zlo\u017eit\u00e1 \u00faloha, ktor\u00e1 si vy\u017eaduje mechanick\u00e9 znalosti, sk\u00fasenosti a spr\u00e1vne n\u00e1stroje. \u00darove\u0148 obtia\u017enosti procesu sa m\u00f4\u017ee l\u00ed\u0161i\u0165 v z\u00e1vislosti od konkr\u00e9tnej kon\u0161trukcie a stavu valca. Tu je nieko\u013eko faktorov, ktor\u00e9 treba zv\u00e1\u017ei\u0165:<\/p>\n<ol>\n<li><strong>Odbornos\u0165 a sk\u00fasenosti:<\/strong><br \/>\nRekon\u0161trukcia hydraulick\u00e9ho valca si vy\u017eaduje dobr\u00e9 pochopenie jeho komponentov, funkci\u00ed a mont\u00e1\u017ee. Proces m\u00f4\u017ee by\u0165 zvl\u00e1dnute\u013enej\u0161\u00ed, ak m\u00e1te sk\u00fasenosti s pr\u00e1cou s hydraulick\u00fdmi syst\u00e9mami alebo ste u\u017e predt\u00fdm rekon\u0161truovali hydraulick\u00e9 valce. Ak ste v\u0161ak v oblasti hydraulick\u00fdch syst\u00e9mov nov\u00e1\u010dikom, odpor\u00fa\u010da sa vyh\u013eada\u0165 odborn\u00fa pomoc alebo poradenstvo.<\/li>\n<li><strong>Dizajn valca:<\/strong><br \/>\nZlo\u017eitos\u0165 prestavby hydraulick\u00e9ho valca m\u00f4\u017ee z\u00e1visie\u0165 od jeho kon\u0161trukcie. Niektor\u00e9 valce maj\u00fa jednoduch\u0161iu kon\u0161trukciu s men\u0161\u00edm po\u010dtom vn\u00fatorn\u00fdch komponentov, v\u010faka \u010domu sa relat\u00edvne \u013eah\u0161ie prestavuj\u00fa. Pokro\u010dilej\u0161ie techniky, ako napr\u00edklad tie s viacer\u00fdmi stup\u0148ami alebo integrovan\u00fdmi prvkami, v\u0161ak m\u00f4\u017eu by\u0165 zlo\u017eitej\u0161ie a n\u00e1ro\u010dnej\u0161ie na spr\u00e1vnu demont\u00e1\u017e, op\u00e4tovn\u00e9 utesnenie a op\u00e4tovn\u00fa mont\u00e1\u017e.<\/li>\n<li><strong>Stav valca:<\/strong><br \/>\nCelkov\u00fd stav hydraulick\u00e9ho valca tie\u017e ovplyv\u0148uje proces rekon\u0161trukcie. Ak je valec v\u00e1\u017ene po\u0161koden\u00fd, rozsiahle opotrebovan\u00fd alebo kor\u00f3zovan\u00fd, m\u00f4\u017ee vy\u017eadova\u0165 \u010fal\u0161ie opravy alebo v\u00fdmenu dielov, \u010do m\u00f4\u017ee rekon\u0161trukciu e\u0161te viac skomplikova\u0165. Predch\u00e1dzaj\u00face pos\u00fadenie stavu valca pom\u00f4\u017ee ur\u010di\u0165 rozsah potrebn\u00fdch pr\u00e1c.<\/li>\n<li><strong>N\u00e1stroje a vybavenie:<\/strong><br \/>\nRekon\u0161trukcia hydraulick\u00e9ho valca si \u010dasto vy\u017eaduje \u0161pecializovan\u00e9 n\u00e1stroje a vybavenie. Patria sem hydraulick\u00e9 lisy, n\u00e1stroje na mont\u00e1\u017e tesnen\u00ed, klie\u0161te na poistn\u00e9 kr\u00fa\u017eky a momentov\u00e9 k\u013e\u00fa\u010de. Pre \u00faspe\u0161n\u00fa rekon\u0161trukciu je nevyhnutn\u00e9 ma\u0165 potrebn\u00e9 n\u00e1stroje a vedie\u0165 ich spr\u00e1vne pou\u017e\u00edva\u0165.<\/li>\n<li><strong>V\u00fdmena a mont\u00e1\u017e tesnenia:<\/strong><br \/>\nJedn\u00fdm z k\u013e\u00fa\u010dov\u00fdch krokov pri rekon\u0161trukcii hydraulick\u00e9ho valca je v\u00fdmena tesnen\u00ed. Zabezpe\u010denie spr\u00e1vneho v\u00fdberu a in\u0161tal\u00e1cie tesnen\u00ed je nevyhnutn\u00e9 pre spr\u00e1vnu funkciu a prevenciu \u00fanikov. Vy\u017eaduje si to presnos\u0165 a pozornos\u0165 k detailom. Okrem toho je pre optim\u00e1lny v\u00fdkon k\u013e\u00fa\u010dov\u00e1 op\u00e4tovn\u00e1 mont\u00e1\u017e komponentov valca v spr\u00e1vnom porad\u00ed a zarovnan\u00ed.<\/li>\n<li><strong>Testovanie a overovanie:<\/strong><br \/>\nPo rekon\u0161trukcii hydraulick\u00e9ho valca je nevyhnutn\u00e9 vykona\u0165 d\u00f4kladn\u00e9 testovanie, aby sa zabezpe\u010dilo, \u017ee funguje pod\u013ea o\u010dak\u00e1vania. M\u00f4\u017ee to zah\u0155\u0148a\u0165 tlakov\u00e9 sk\u00fa\u0161ky, kontrolu tesnosti a overenie rozsahu pohybu a v\u00fdkonu valca. Spr\u00e1vne testovanie pom\u00e1ha identifikova\u0165 probl\u00e9my a zais\u0165uje bezpe\u010dnos\u0165 a spo\u013eahlivos\u0165 valca.<\/li>\n<\/ol>\n<h2><strong>Schopnos\u0165 a kapacita tov\u00e1rne:<\/strong><\/h2>\n<h3>(1) Mont\u00e1\u017e<\/h3>\n<p>Disponujeme prvotriednou nez\u00e1vislou v\u00fdskumnou a v\u00fdvojovou mont\u00e1\u017enou platformou. Diel\u0148a na v\u00fdrobu hydraulick\u00fdch valcov m\u00e1 \u0161tyri poloautomatick\u00e9 mont\u00e1\u017ene linky zdv\u00edhac\u00edch valcov a jednu automatick\u00fa mont\u00e1\u017enu linku nakl\u00e1pac\u00edch valcov s projektovanou ro\u010dnou v\u00fdrobnou kapacitou 1 mili\u00f3n kusov. Diel\u0148a na v\u00fdrobu \u0161peci\u00e1lnych valcov je vybaven\u00e1 r\u00f4znymi \u0161pecifik\u00e1ciami poloautomatick\u00e9ho syst\u00e9mu \u010distenia a mont\u00e1\u017ee s projektovanou ro\u010dnou v\u00fdrobnou kapacitou 200 000 kusov a je vybaven\u00e1 zn\u00e1mym CNC obr\u00e1bac\u00edm zariaden\u00edm, obr\u00e1bac\u00edm centrom, \u0161peci\u00e1lnym zariaden\u00edm na vysoko presn\u00e9 spracovanie valcov, robotick\u00fdm zv\u00e1rac\u00edm strojom, automatick\u00fdm \u010distiacim strojom, automatick\u00fdm mont\u00e1\u017enym strojom valcov a automatickou lakovacou v\u00fdrobnou linkou. Existuj\u00face kritick\u00e9 zariadenia maj\u00fa viac ako 300 s\u00faprav (s\u00e1d). Optim\u00e1lne alokovanie a efekt\u00edvne vyu\u017e\u00edvanie zdrojov zariaden\u00ed zabezpe\u010duje po\u017eiadavky na presnos\u0165 v\u00fdrobkov a sp\u013a\u0148a po\u017eiadavky na vysok\u00fa kvalitu v\u00fdrobkov.<\/p>\n<p><img loading=\"lazy\" decoding=\"async\" class=\"alignnone wp-image-626\" src=\"https:\/\/hydraulic-cylinders.net\/wp-content\/uploads\/2023\/08\/hydraulic-cylinder-product-1-300x158.webp\" alt=\"\" width=\"495\" height=\"260\" srcset=\"https:\/\/hydraulic-cylinders.net\/wp-content\/uploads\/2023\/08\/hydraulic-cylinder-product-1-300x158.webp 495w, https:\/\/hydraulic-cylinders.net\/wp-content\/uploads\/2023\/08\/hydraulic-cylinder-product-1-480x252.webp 480w\" sizes=\"(min-width: 0px) and (max-width: 480px) 480px, (min-width: 481px) 495px, 100vw\" \/> <img loading=\"lazy\" decoding=\"async\" class=\"alignnone wp-image-627\" src=\"https:\/\/hydraulic-cylinders.net\/wp-content\/uploads\/2023\/08\/hydraulic-cylinder-product-2-300x189.webp\" alt=\"\" width=\"413\" height=\"260\" \/><\/p>\n<h3>(2) Obr\u00e1banie<\/h3>\n<p>Obr\u00e1bacia diel\u0148a je vybaven\u00e1 prisp\u00f4soben\u00fdm s\u00fastru\u017en\u00edckym centrom na \u0161ikm\u00e9 ko\u013eajnice, obr\u00e1bac\u00edm centrom, vysokor\u00fdchlostn\u00fdm honovac\u00edm strojom, zv\u00e1rac\u00edm robotom a \u010fal\u0161\u00edm s\u00favisiacim zariaden\u00edm, ktor\u00e9 dok\u00e1\u017ee spracova\u0165 valcov\u00e9 r\u00fary s maxim\u00e1lnym vn\u00fatorn\u00fdm priemerom 400 mm a maxim\u00e1lnou d\u013a\u017ekou 6 metrov.<\/p>\n<p><img loading=\"lazy\" decoding=\"async\" class=\"alignnone wp-image-628 size-large\" src=\"https:\/\/hydraulic-cylinders.net\/wp-content\/uploads\/2023\/08\/hydraulic-cylinder-product-3-1024x391.webp\" alt=\"\" width=\"1024\" height=\"391\" srcset=\"https:\/\/hydraulic-cylinders.net\/wp-content\/uploads\/2023\/08\/hydraulic-cylinder-product-3-980x374.webp 980w, https:\/\/hydraulic-cylinders.net\/wp-content\/uploads\/2023\/08\/hydraulic-cylinder-product-3-480x183.webp 480w\" sizes=\"(min-width: 0px) and (max-width: 480px) 480px, (min-width: 481px) and (max-width: 980px) 980px, (min-width: 981px) 1024px, 100vw\" \/><\/p>\n<h3>(3) Zv\u00e1ranie<\/h3>\n<p><img loading=\"lazy\" decoding=\"async\" class=\"alignnone wp-image-629 size-large\" src=\"https:\/\/hydraulic-cylinders.net\/wp-content\/uploads\/2023\/08\/hydraulic-cylinder-product-4-1024x510.webp\" alt=\"\" width=\"1024\" height=\"510\" srcset=\"https:\/\/hydraulic-cylinders.net\/wp-content\/uploads\/2023\/08\/hydraulic-cylinder-product-4-980x488.webp 980w, https:\/\/hydraulic-cylinders.net\/wp-content\/uploads\/2023\/08\/hydraulic-cylinder-product-4-480x239.webp 480w\" sizes=\"(min-width: 0px) and (max-width: 480px) 480px, (min-width: 481px) and (max-width: 980px) 980px, (min-width: 981px) 1024px, 100vw\" \/><\/p>\n<h3>(4) Ma\u013eovanie a natieranie<\/h3>\n<p>S mal\u00fdmi a stredne ve\u013ek\u00fdmi valcov\u00fdmi automatick\u00fdmi linkami na nan\u00e1\u0161anie farieb na vodnej b\u00e1ze, na dosiahnutie automatick\u00e9ho nakladania a vykladania robotmi a automatick\u00e9ho striekania, je projektovan\u00e1 kapacita 4000 kusov za smenu;<br \/>\nM\u00e1me tie\u017e poloautomatick\u00fa linku na v\u00fdrobu farieb pre ve\u013ek\u00e9 valce poh\u00e1\u0148an\u00e9 re\u0165azou s projektovanou kapacitou 60 kusov za smenu.<\/p>\n<p><img loading=\"lazy\" decoding=\"async\" class=\"alignnone wp-image-630\" src=\"https:\/\/hydraulic-cylinders.net\/wp-content\/uploads\/2023\/08\/hydraulic-cylinder-product-5-300x213.webp\" alt=\"\" width=\"366\" height=\"260\" \/> <img loading=\"lazy\" decoding=\"async\" class=\"alignnone wp-image-631\" src=\"https:\/\/hydraulic-cylinders.net\/wp-content\/uploads\/2023\/08\/hydraulic-cylinder-product-6-300x225.webp\" alt=\"\" width=\"347\" height=\"260\" \/><\/p>\n<h3>(5) Testovanie<\/h3>\n<p>Disponujeme prvotriednymi kontroln\u00fdmi zariadeniami a sk\u00fa\u0161obn\u00fdmi zariadeniami, ktor\u00e9 zabezpe\u010duj\u00fa, \u017ee v\u00fdkonnos\u0165 valca sp\u013a\u0148a po\u017eiadavky.<\/p>\n<p><img loading=\"lazy\" decoding=\"async\" class=\"alignnone wp-image-632\" src=\"https:\/\/hydraulic-cylinders.net\/wp-content\/uploads\/2023\/08\/hydraulic-cylinder-product-8-300x200.webp\" alt=\"\" width=\"389\" height=\"260\" \/><\/p>\n<p>&nbsp;<\/p>\n<p>&nbsp;<\/p>\n<p>Sme jedn\u00fdm z najlep\u0161\u00edch v\u00fdrobcov metalurgick\u00fdch hydraulick\u00fdch valcov. Pon\u00fakame komplexn\u00fd sortiment metalurgick\u00fdch hydraulick\u00fdch valcov. Poskytujeme aj zodpovedaj\u00face... <a href=\"https:\/\/hzpt.com\/agricultural-pto-gearbox\/\" target=\"_blank\" rel=\"noopener\">po\u013enohospod\u00e1rske prevodovky<\/a>Na\u0161e produkty sme vyv\u00e1\u017eali klientom po celom svete a v\u010faka vynikaj\u00facej kvalite produktov a popredajn\u00e9mu servisu sme si z\u00edskali dobr\u00fa reput\u00e1ciu. V\u00edtame z\u00e1kazn\u00edkov doma aj v zahrani\u010d\u00ed, ktor\u00ed n\u00e1s kontaktuj\u00fa za \u00fa\u010delom rokovania o obchodn\u00fdch z\u00e1le\u017eitostiach, v\u00fdmeny inform\u00e1ci\u00ed a <a href=\"https:\/\/www.hydraulic-cylinders.net\/sk\/contact-us\/\">spolupracova\u0165 s nami<\/a>!<\/p>\n<h2><\/h2>\n<h2><\/h2>","protected":false},"excerpt":{"rendered":"<p>HROC Single Trunnion Type Circular Hydraulic Cylinder The HROC single trunnion type circular hydraulic cylinder is a cutting-edge hydraulic element designed to provide reliable and efficient power transmission for a variety of industrial applications. With its innovative design and superior performance, this hydraulic cylinder offers precise control, durability, and versatility. Whether in manufacturing, construction, or [&hellip;]<\/p>","protected":false},"featured_media":1258,"comment_status":"open","ping_status":"closed","template":"","meta":{"_et_pb_use_builder":"","_et_pb_old_content":"","_et_gb_content_width":""},"product_brand":[],"product_cat":[1526,1550,1376],"product_tag":[1380],"class_list":{"0":"post-1243","1":"product","2":"type-product","3":"status-publish","4":"has-post-thumbnail","6":"product_cat-assembly-line-hydraulic-cylinders","7":"product_cat-double-acting-hydraulic-cylinder","8":"product_cat-hydraulic-cylinder","9":"product_tag-hydraulic-cylinder","11":"first","12":"instock","13":"shipping-taxable","14":"product-type-simple"},"amp_enabled":true,"_links":{"self":[{"href":"https:\/\/www.hydraulic-cylinders.net\/sk\/wp-json\/wp\/v2\/product\/1243","targetHints":{"allow":["GET"]}}],"collection":[{"href":"https:\/\/www.hydraulic-cylinders.net\/sk\/wp-json\/wp\/v2\/product"}],"about":[{"href":"https:\/\/www.hydraulic-cylinders.net\/sk\/wp-json\/wp\/v2\/types\/product"}],"replies":[{"embeddable":true,"href":"https:\/\/www.hydraulic-cylinders.net\/sk\/wp-json\/wp\/v2\/comments?post=1243"}],"wp:featuredmedia":[{"embeddable":true,"href":"https:\/\/www.hydraulic-cylinders.net\/sk\/wp-json\/wp\/v2\/media\/1258"}],"wp:attachment":[{"href":"https:\/\/www.hydraulic-cylinders.net\/sk\/wp-json\/wp\/v2\/media?parent=1243"}],"wp:term":[{"taxonomy":"product_brand","embeddable":true,"href":"https:\/\/www.hydraulic-cylinders.net\/sk\/wp-json\/wp\/v2\/product_brand?post=1243"},{"taxonomy":"product_cat","embeddable":true,"href":"https:\/\/www.hydraulic-cylinders.net\/sk\/wp-json\/wp\/v2\/product_cat?post=1243"},{"taxonomy":"product_tag","embeddable":true,"href":"https:\/\/www.hydraulic-cylinders.net\/sk\/wp-json\/wp\/v2\/product_tag?post=1243"}],"curies":[{"name":"pracovn\u00fd list","href":"https:\/\/api.w.org\/{rel}","templated":true}]}}