{"id":1272,"date":"2023-09-15T08:13:33","date_gmt":"2023-09-15T08:13:33","guid":{"rendered":"https:\/\/hydraulic-cylinders.net\/?post_type=product&#038;p=1272"},"modified":"2025-04-11T05:25:53","modified_gmt":"2025-04-11T05:25:53","slug":"cx-series-biaxial-compact-hydraulic-cylinder","status":"publish","type":"product","link":"https:\/\/www.hydraulic-cylinders.net\/sk\/produkt\/cx-series-biaxial-compact-hydraulic-cylinder\/","title":{"rendered":"Dvojos\u00fd kompaktn\u00fd hydraulick\u00fd valec s\u00e9rie CX"},"content":{"rendered":"<h1 style=\"text-align: center;\"><strong>Dvojos\u00fd kompaktn\u00fd hydraulick\u00fd valec s\u00e9rie CX<\/strong><\/h1>\n<p>Dvojosov\u00fd kompaktn\u00fd hydraulick\u00fd valec s\u00e9rie cx je \u0161pi\u010dkov\u00fd hydraulick\u00fd prvok navrhnut\u00fd tak, aby poskytoval efekt\u00edvny a spo\u013eahliv\u00fd prenos v\u00fdkonu pre r\u00f4zne priemyseln\u00e9 aplik\u00e1cie. V\u010faka kompaktn\u00e9mu dizajnu, vynikaj\u00facemu v\u00fdkonu a odolnosti pon\u00faka tento hydraulick\u00fd valec presn\u00e9 ovl\u00e1danie a v\u0161estrannos\u0165. \u010ci u\u017e sa pou\u017e\u00edva vo v\u00fdrobe, manipul\u00e1cii s materi\u00e1lom alebo v stavebn\u00edctve, dvojosov\u00e9 kompaktn\u00e9 hydraulick\u00e9 valce s\u00e9rie cx s\u00fa navrhnut\u00e9 tak, aby optimalizovali hydraulick\u00fa prev\u00e1dzku a zv\u00fd\u0161ili produktivitu.<\/p>\n<p>Kompaktn\u00e9 valce s\u00e9rie CX sa pou\u017e\u00edvaj\u00fa na up\u00ednanie valcov. Ich in\u0161tal\u00e1cia je mal\u00e1. Na\u0161a tov\u00e1re\u0148 m\u00e1 modern\u00e9 hydraulick\u00e9 vybavenie vr\u00e1tane vertik\u00e1lneho a horizont\u00e1lneho obr\u00e1bacieho centra a stredn\u00fdch a ve\u013ek\u00fdch hydraulick\u00fdch valcov. Technol\u00f3gia v\u00fdroby tenk\u00fdch valcov je vynikaj\u00faca.<\/p>\n<p><img loading=\"lazy\" decoding=\"async\" class=\"wp-image-1275 aligncenter\" src=\"https:\/\/hydraulic-cylinders.net\/wp-content\/uploads\/2023\/09\/cx-compact-hydraulic-cylinder-1-300x300.webp\" alt=\"\" width=\"400\" height=\"400\" \/><\/p>\n<h2><strong>Popis modelu biaxi\u00e1lneho kompaktn\u00e9ho hydraulick\u00e9ho valca s\u00e9rie CX:<\/strong><\/h2>\n<p><img loading=\"lazy\" decoding=\"async\" class=\"alignnone size-full wp-image-323127\" src=\"https:\/\/hzpt.com\/wp-content\/uploads\/2023\/09\/cx-compact-hydraulic-cylinder-2.webp\" alt=\"\" width=\"730\" height=\"119\" \/><\/p>\n<h2><strong>Dvojos\u00fd kompaktn\u00fd hydraulick\u00fd valec s\u00e9rie CX <\/strong><strong>Funkcie<\/strong>:<\/h2>\n<p><img loading=\"lazy\" decoding=\"async\" class=\"alignnone size-full wp-image-323128\" src=\"https:\/\/hzpt.com\/wp-content\/uploads\/2023\/09\/cx-compact-hydraulic-cylinder-3.webp\" alt=\"\" width=\"730\" height=\"87\" \/><\/p>\n<h2><strong>Parameter dvojosov\u00e9ho kompaktn\u00e9ho hydraulick\u00e9ho valca s\u00e9rie CX:<\/strong><\/h2>\n<p><img loading=\"lazy\" decoding=\"async\" class=\"alignnone wp-image-1274 size-full\" src=\"https:\/\/hydraulic-cylinders.net\/wp-content\/uploads\/2023\/09\/cx-compact-hydraulic-cylinder-5.webp\" alt=\"\" width=\"730\" height=\"871\" srcset=\"https:\/\/hydraulic-cylinders.net\/wp-content\/uploads\/2023\/09\/cx-compact-hydraulic-cylinder-5.webp 730w, https:\/\/hydraulic-cylinders.net\/wp-content\/uploads\/2023\/09\/cx-compact-hydraulic-cylinder-5-480x573.webp 480w\" sizes=\"(min-width: 0px) and (max-width: 480px) 480px, (min-width: 481px) 730px, 100vw\" \/><\/p>\n<h2><strong>Dvojos\u00fd kompaktn\u00fd hydraulick\u00fd valec s\u00e9rie CX <\/strong><strong>K\u013e\u00fa\u010dov\u00e9 vlastnosti a v\u00fdhody<\/strong><strong>:<\/strong><\/h2>\n<ol>\n<li><strong>Kompaktn\u00fd dizajn:<\/strong>\n<ul>\n<li>Dvojn\u00e1pravov\u00e9 kompaktn\u00e9 hydraulick\u00e9 valce s\u00e9rie CX sa vyzna\u010duj\u00fa priestorovo \u00faspornou kon\u0161trukciou, v\u010faka ktorej s\u00fa vhodn\u00e9 pre aplik\u00e1cie s obmedzen\u00fdmi mont\u00e1\u017enymi priestormi.<\/li>\n<li>Jeho kompaktn\u00e9 rozmery umo\u017e\u0148uj\u00fa jednoduch\u00fa integr\u00e1ciu do r\u00f4znych nastaven\u00ed zariaden\u00ed a optimalizuj\u00fa tak vyu\u017eitie priestoru.<\/li>\n<\/ul>\n<\/li>\n<li><strong>Presn\u00e9 ovl\u00e1danie:<\/strong>\n<ul>\n<li>Tento hydraulick\u00fd valec poskytuje vynikaj\u00face ovl\u00e1danie pohybu a polohovania, \u010do umo\u017e\u0148uje presn\u00fa a efekt\u00edvnu prev\u00e1dzku.<\/li>\n<li>Presn\u00fd riadiaci mechanizmus zais\u0165uje plynul\u00fd a kontrolovate\u013en\u00fd pohyb a zlep\u0161uje celkov\u00fa efektivitu v\u00fdroby.<\/li>\n<\/ul>\n<\/li>\n<li><strong>Vysok\u00fd v\u00fdkon:<\/strong>\n<ul>\n<li>Kompaktn\u00e9 dvojosov\u00e9 hydraulick\u00e9 valce s\u00e9rie CX s\u00fa navrhnut\u00e9 tak, aby poskytovali vysokov\u00fdkonn\u00e9 prenosy v\u00fdkonu.<\/li>\n<li>Dok\u00e1\u017ee zvl\u00e1dnu\u0165 \u0165a\u017ek\u00e9 bremen\u00e1 a n\u00e1ro\u010dn\u00e9 priemyseln\u00e9 aplik\u00e1cie, \u010d\u00edm zabezpe\u010duje spo\u013eahliv\u00fd a konzistentn\u00fd v\u00fdkon.<\/li>\n<\/ul>\n<\/li>\n<li><strong>V\u0161estrann\u00e9 aplik\u00e1cie:<\/strong>\n<ul>\n<li>Dvojn\u00e1pravov\u00e9 kompaktn\u00e9 hydraulick\u00e9 valce s\u00e9rie CX s\u00fa ur\u010den\u00e9 pre r\u00f4zne odvetvia vr\u00e1tane v\u00fdroby, manipul\u00e1cie s materi\u00e1lom a stavebn\u00edctva.<\/li>\n<li>M\u00f4\u017ee sa pou\u017ei\u0165 v r\u00f4znych zariadeniach, ako s\u00fa lisy, zhut\u0148ova\u010de, naklada\u010de at\u010f.<\/li>\n<\/ul>\n<\/li>\n<\/ol>\n<h2><strong>Dvojos\u00fd kompaktn\u00fd hydraulick\u00fd valec s\u00e9rie CX <\/strong><strong>Met\u00f3da pou\u017eitia<\/strong><strong>:<\/strong><\/h2>\n<ol>\n<li><strong>Mont\u00e1\u017e a in\u0161tal\u00e1cia:<\/strong>\n<ul>\n<li>Ur\u010dte vhodn\u00e9 miesto mont\u00e1\u017ee pre dvojn\u00e1pravov\u00fd kompaktn\u00fd hydraulick\u00fd valec s\u00e9rie CX na z\u00e1klade \u0161pecifick\u00fdch po\u017eiadaviek v\u00e1\u0161ho zariadenia alebo stroja.<\/li>\n<li>Uistite sa, \u017ee mont\u00e1\u017eny povrch je pevn\u00fd, rovn\u00fd a bezpe\u010dne unesie hmotnos\u0165 a za\u0165a\u017eenie valca.<\/li>\n<\/ul>\n<\/li>\n<li><strong>Pripojenie hydraulick\u00e9ho syst\u00e9mu:<\/strong>\n<ul>\n<li>Pripojte hydraulick\u00fd valec k hydraulick\u00e9mu syst\u00e9mu pomocou kompatibilnej hydraulickej hadice alebo potrubia.<\/li>\n<li>Spr\u00e1vne zarovnanie a tesn\u00e9 pripojenia zabra\u0148uj\u00fa \u00fanikom a zabezpe\u010duj\u00fa optim\u00e1lny v\u00fdkon.<\/li>\n<\/ul>\n<\/li>\n<li><strong>Obsluha valca:<\/strong>\n<ul>\n<li>Spustite hydraulick\u00fd syst\u00e9m a za\u010dnite pohyb kompaktn\u00e9ho dvojosov\u00e9ho hydraulick\u00e9ho valca s\u00e9rie CX.<\/li>\n<\/ul>\n<\/li>\n<\/ol>\n<h2><strong>Ako vymeni\u0165 tesnenia v hydraulickom valci?<\/strong><\/h2>\n<p>Ak chcete odstr\u00e1ni\u0165 hydraulick\u00fd valec zo stoli\u010dky, postupujte pod\u013ea t\u00fdchto krokov:<\/p>\n<ol>\n<li><strong>Pripravte si pracovn\u00fd priestor:<\/strong>\n<ul>\n<li>Uvo\u013enite priestor okolo stoli\u010dky, aby ste vytvorili bezpe\u010dn\u00fd a neru\u0161en\u00fd pracovn\u00fd priestor.<\/li>\n<li>Na podlahu polo\u017ete ochrann\u00fd kryt alebo handri\u010dku, aby ste predi\u0161li po\u0161kodeniu stoli\u010dky alebo okolit\u00fdch povrchov.<\/li>\n<\/ul>\n<\/li>\n<li><strong>Spustite stoli\u010dku:<\/strong>\n<ul>\n<li>Pomocou nastavovacej p\u00e1ky alebo ovl\u00e1dacieho mechanizmu stoli\u010dky ju spustite do najni\u017e\u0161ej polohy.<\/li>\n<li>Tento krok zabezpe\u010d\u00ed, \u017ee valec je \u00faplne stla\u010den\u00fd, \u010do u\u013eah\u010d\u00ed jeho vybratie.<\/li>\n<\/ul>\n<\/li>\n<li><strong>N\u00e1jdite valec:<\/strong>\n<ul>\n<li>N\u00e1jdite hydraulick\u00fd valec na stoli\u010dke. Zvy\u010dajne sa nach\u00e1dza v bl\u00edzkosti z\u00e1kladne stoli\u010dky a je spojen\u00fd so sedadlom alebo mechanizmom stoli\u010dky.<\/li>\n<\/ul>\n<\/li>\n<li><strong>Odstr\u00e1\u0148te sedadlo stoli\u010dky:<\/strong>\n<ul>\n<li>Ak je sedadlo stoli\u010dky odn\u00edmate\u013en\u00e9, n\u00e1jdite mont\u00e1\u017ene skrutky alebo matice, ktor\u00e9 ho upev\u0148uj\u00fa k valcu alebo z\u00e1kladni stoli\u010dky.<\/li>\n<li>Na odstr\u00e1nenie skrutiek alebo mat\u00edc pou\u017eite vhodn\u00fd n\u00e1stroj, napr\u00edklad skrutkova\u010d alebo k\u013e\u00fa\u010d.<\/li>\n<li>Zdvihnite sedadlo zo stoli\u010dky a odkryte hydraulick\u00fd valec.<\/li>\n<\/ul>\n<\/li>\n<li><strong>Podporte predsedu:<\/strong>\n<ul>\n<li>Ke\u010f\u017ee stoli\u010dka bude bez sedadla nestabiln\u00e1, zabezpe\u010dte jej podopretie, aby sa neprevr\u00e1tila.<\/li>\n<li>Na podopretie zvy\u0161nej kon\u0161trukcie stoli\u010dky pou\u017eite pevn\u00fd predmet, ako napr\u00edklad krabicu alebo dreven\u00fd blok.<\/li>\n<\/ul>\n<\/li>\n<li><strong>Odpojte valec:<\/strong>\n<ul>\n<li>Skontrolujte spojovacie body medzi hydraulick\u00fdm valcom a mechanizmom alebo z\u00e1klad\u0148ou stoli\u010dky.<\/li>\n<li>V z\u00e1vislosti od dizajnu stoli\u010dky m\u00f4\u017eete n\u00e1js\u0165 mont\u00e1\u017ene konzoly, spony alebo skrutky, ktor\u00e9 upev\u0148uj\u00fa valec.<\/li>\n<li>Pomocou vhodn\u00e9ho n\u00e1radia odstr\u00e1\u0148te v\u0161etky upev\u0148ovacie prvky, ktor\u00e9 dr\u017eia valec na mieste.<\/li>\n<li>Po odstr\u00e1nen\u00ed upev\u0148ovac\u00edch prvkov jemne potiahnite alebo pohnite valcom, aby ste ho oddelili od stoli\u010dky.<\/li>\n<\/ul>\n<\/li>\n<li><strong>V\u00fdmena alebo likvid\u00e1cia valca:<\/strong>\n<ul>\n<li>Ak vymie\u0148ate hydraulick\u00fd valec, uistite sa, \u017ee m\u00e1te kompatibiln\u00fd n\u00e1hradn\u00fd diel, ktor\u00fd zodpoved\u00e1 \u0161pecifik\u00e1ci\u00e1m star\u00e9ho valca.<\/li>\n<li>V pr\u00edpade potreby sa obr\u00e1\u0165te na v\u00fdrobcu stoli\u010dky alebo na odborn\u00edka, aby ste z\u00edskali spr\u00e1vnu n\u00e1hradn\u00fa f\u013ea\u0161u.<\/li>\n<li>Ak likvidujete f\u013ea\u0161u, dodr\u017eiavajte miestne predpisy a pokyny pre spr\u00e1vnu likvid\u00e1ciu.<\/li>\n<\/ul>\n<\/li>\n<li><strong>Znovu zlo\u017ete stoli\u010dku:<\/strong>\n<ul>\n<li>Ak ste sedadlo stoli\u010dky odstr\u00e1nili, znova nasa\u010fte sedadlo stoli\u010dky zarovnan\u00edm otvorov pre skrutky a ich upevnen\u00edm pr\u00edslu\u0161n\u00fdmi skrutkami alebo maticami.<\/li>\n<li>Pred op\u00e4tovn\u00fdm pou\u017eit\u00edm stoli\u010dky sa uistite, \u017ee je sedadlo pevne pripevnen\u00e9 a stabiln\u00e9.<\/li>\n<\/ul>\n<\/li>\n<\/ol>\n<h2><strong>Schopnos\u0165 a kapacita tov\u00e1rne:<\/strong><\/h2>\n<h3>(1) Mont\u00e1\u017e<\/h3>\n<p>Disponujeme prvotriednou nez\u00e1vislou v\u00fdskumnou a v\u00fdvojovou mont\u00e1\u017enou platformou. Diel\u0148a na v\u00fdrobu hydraulick\u00fdch valcov m\u00e1 \u0161tyri poloautomatick\u00e9 mont\u00e1\u017ene linky zdv\u00edhac\u00edch valcov a jednu automatick\u00fa mont\u00e1\u017enu linku nakl\u00e1pac\u00edch valcov s projektovanou ro\u010dnou v\u00fdrobnou kapacitou 1 mili\u00f3n kusov. Diel\u0148a na v\u00fdrobu \u0161peci\u00e1lnych valcov je vybaven\u00e1 r\u00f4znymi \u0161pecifik\u00e1ciami poloautomatick\u00e9ho syst\u00e9mu \u010distenia a mont\u00e1\u017ee s projektovanou ro\u010dnou v\u00fdrobnou kapacitou 200 000 kusov a je vybaven\u00e1 zn\u00e1mym CNC obr\u00e1bac\u00edm zariaden\u00edm, obr\u00e1bac\u00edm centrom, \u0161peci\u00e1lnym zariaden\u00edm na vysoko presn\u00e9 spracovanie valcov, robotick\u00fdm zv\u00e1rac\u00edm strojom, automatick\u00fdm \u010distiacim strojom, automatick\u00fdm mont\u00e1\u017enym strojom valcov a automatickou lakovacou v\u00fdrobnou linkou. Existuj\u00face kritick\u00e9 zariadenia maj\u00fa viac ako 300 s\u00faprav (s\u00e1d). Optim\u00e1lne alokovanie a efekt\u00edvne vyu\u017e\u00edvanie zdrojov zariaden\u00ed zabezpe\u010duje po\u017eiadavky na presnos\u0165 v\u00fdrobkov a sp\u013a\u0148a po\u017eiadavky na vysok\u00fa kvalitu v\u00fdrobkov.<\/p>\n<p><img loading=\"lazy\" decoding=\"async\" class=\"alignnone wp-image-626\" src=\"https:\/\/hydraulic-cylinders.net\/wp-content\/uploads\/2023\/08\/hydraulic-cylinder-product-1-300x158.webp\" alt=\"\" width=\"495\" height=\"260\" srcset=\"https:\/\/hydraulic-cylinders.net\/wp-content\/uploads\/2023\/08\/hydraulic-cylinder-product-1-300x158.webp 495w, https:\/\/hydraulic-cylinders.net\/wp-content\/uploads\/2023\/08\/hydraulic-cylinder-product-1-480x252.webp 480w\" sizes=\"(min-width: 0px) and (max-width: 480px) 480px, (min-width: 481px) 495px, 100vw\" \/> <img loading=\"lazy\" decoding=\"async\" class=\"alignnone wp-image-627\" src=\"https:\/\/hydraulic-cylinders.net\/wp-content\/uploads\/2023\/08\/hydraulic-cylinder-product-2-300x189.webp\" alt=\"\" width=\"413\" height=\"260\" \/><\/p>\n<h3>(2) Obr\u00e1banie<\/h3>\n<p>Obr\u00e1bacia diel\u0148a je vybaven\u00e1 prisp\u00f4soben\u00fdm s\u00fastru\u017en\u00edckym centrom na \u0161ikm\u00e9 ko\u013eajnice, obr\u00e1bac\u00edm centrom, vysokor\u00fdchlostn\u00fdm honovac\u00edm strojom, zv\u00e1rac\u00edm robotom a \u010fal\u0161\u00edm s\u00favisiacim zariaden\u00edm, ktor\u00e9 dok\u00e1\u017ee spracova\u0165 valcov\u00e9 r\u00fary s maxim\u00e1lnym vn\u00fatorn\u00fdm priemerom 400 mm a maxim\u00e1lnou d\u013a\u017ekou 6 metrov.<\/p>\n<p><img loading=\"lazy\" decoding=\"async\" class=\"alignnone wp-image-628 size-large\" src=\"https:\/\/hydraulic-cylinders.net\/wp-content\/uploads\/2023\/08\/hydraulic-cylinder-product-3-1024x391.webp\" alt=\"\" width=\"1024\" height=\"391\" srcset=\"https:\/\/hydraulic-cylinders.net\/wp-content\/uploads\/2023\/08\/hydraulic-cylinder-product-3-980x374.webp 980w, https:\/\/hydraulic-cylinders.net\/wp-content\/uploads\/2023\/08\/hydraulic-cylinder-product-3-480x183.webp 480w\" sizes=\"(min-width: 0px) and (max-width: 480px) 480px, (min-width: 481px) and (max-width: 980px) 980px, (min-width: 981px) 1024px, 100vw\" \/><\/p>\n<h3>(3) Zv\u00e1ranie<\/h3>\n<p><img loading=\"lazy\" decoding=\"async\" class=\"alignnone wp-image-629 size-large\" src=\"https:\/\/hydraulic-cylinders.net\/wp-content\/uploads\/2023\/08\/hydraulic-cylinder-product-4-1024x510.webp\" alt=\"\" width=\"1024\" height=\"510\" srcset=\"https:\/\/hydraulic-cylinders.net\/wp-content\/uploads\/2023\/08\/hydraulic-cylinder-product-4-980x488.webp 980w, https:\/\/hydraulic-cylinders.net\/wp-content\/uploads\/2023\/08\/hydraulic-cylinder-product-4-480x239.webp 480w\" sizes=\"(min-width: 0px) and (max-width: 480px) 480px, (min-width: 481px) and (max-width: 980px) 980px, (min-width: 981px) 1024px, 100vw\" \/><\/p>\n<h3>(4) Ma\u013eovanie a natieranie<\/h3>\n<p>S mal\u00fdmi a stredne ve\u013ek\u00fdmi valcov\u00fdmi automatick\u00fdmi linkami na nan\u00e1\u0161anie farieb na vodnej b\u00e1ze, na dosiahnutie automatick\u00e9ho nakladania a vykladania robotmi a automatick\u00e9ho striekania, je projektovan\u00e1 kapacita 4000 kusov za smenu;<br \/>\nM\u00e1me tie\u017e poloautomatick\u00fa linku na v\u00fdrobu farieb pre ve\u013ek\u00e9 valce poh\u00e1\u0148an\u00e9 re\u0165azou s projektovanou kapacitou 60 kusov za smenu.<\/p>\n<p><img loading=\"lazy\" decoding=\"async\" class=\"alignnone wp-image-630\" src=\"https:\/\/hydraulic-cylinders.net\/wp-content\/uploads\/2023\/08\/hydraulic-cylinder-product-5-300x213.webp\" alt=\"\" width=\"366\" height=\"260\" \/> <img loading=\"lazy\" decoding=\"async\" class=\"alignnone wp-image-631\" src=\"https:\/\/hydraulic-cylinders.net\/wp-content\/uploads\/2023\/08\/hydraulic-cylinder-product-6-300x225.webp\" alt=\"\" width=\"347\" height=\"260\" \/><\/p>\n<h3>(5) Testovanie<\/h3>\n<p>Disponujeme prvotriednymi kontroln\u00fdmi zariadeniami a sk\u00fa\u0161obn\u00fdmi zariadeniami, ktor\u00e9 zabezpe\u010duj\u00fa, \u017ee v\u00fdkonnos\u0165 valca sp\u013a\u0148a po\u017eiadavky.<\/p>\n<p><img loading=\"lazy\" decoding=\"async\" class=\"alignnone wp-image-632\" src=\"https:\/\/hydraulic-cylinders.net\/wp-content\/uploads\/2023\/08\/hydraulic-cylinder-product-8-300x200.webp\" alt=\"\" width=\"389\" height=\"260\" \/><\/p>\n<p>&nbsp;<\/p>\n<p>&nbsp;<\/p>\n<p>Sme jedn\u00fdm z najlep\u0161\u00edch v\u00fdrobcov kompaktn\u00fdch hydraulick\u00fdch valcov. Pon\u00fakame komplexn\u00fd sortiment kompaktn\u00fdch hydraulick\u00fdch valcov. Poskytujeme aj zodpovedaj\u00face <a href=\"https:\/\/hzpt.com\/agricultural-pto-gearbox\/\" target=\"_blank\" rel=\"noopener\">po\u013enohospod\u00e1rske prevodovky<\/a>Na\u0161e produkty sme vyv\u00e1\u017eali klientom po celom svete a v\u010faka vynikaj\u00facej kvalite produktov a popredajn\u00e9mu servisu sme si z\u00edskali dobr\u00fa reput\u00e1ciu. V\u00edtame z\u00e1kazn\u00edkov doma aj v zahrani\u010d\u00ed, ktor\u00ed n\u00e1s kontaktuj\u00fa za \u00fa\u010delom rokovania o obchodn\u00fdch z\u00e1le\u017eitostiach, v\u00fdmeny inform\u00e1ci\u00ed a <a href=\"https:\/\/www.hydraulic-cylinders.net\/sk\/contact-us\/\">spolupracova\u0165 s nami<\/a>!<\/p>\n<p>&nbsp;<\/p>","protected":false},"excerpt":{"rendered":"<p>CX Series Biaxial Compact Hydraulic Cylinder The cx Series two-axis compact hydraulic cylinder is a cutting-edge hydraulic element designed to provide efficient and reliable power transmission for a variety of industrial applications. With its compact design, superior performance and durability, this hydraulic cylinder offers precise control and versatility. Whether used in manufacturing, material handling or [&hellip;]<\/p>","protected":false},"featured_media":1276,"comment_status":"open","ping_status":"closed","template":"","meta":{"_et_pb_use_builder":"","_et_pb_old_content":"","_et_gb_content_width":""},"product_brand":[],"product_cat":[1526,1550,1376],"product_tag":[1380],"class_list":{"0":"post-1272","1":"product","2":"type-product","3":"status-publish","4":"has-post-thumbnail","6":"product_cat-assembly-line-hydraulic-cylinders","7":"product_cat-double-acting-hydraulic-cylinder","8":"product_cat-hydraulic-cylinder","9":"product_tag-hydraulic-cylinder","11":"first","12":"instock","13":"shipping-taxable","14":"product-type-simple"},"amp_enabled":true,"_links":{"self":[{"href":"https:\/\/www.hydraulic-cylinders.net\/sk\/wp-json\/wp\/v2\/product\/1272","targetHints":{"allow":["GET"]}}],"collection":[{"href":"https:\/\/www.hydraulic-cylinders.net\/sk\/wp-json\/wp\/v2\/product"}],"about":[{"href":"https:\/\/www.hydraulic-cylinders.net\/sk\/wp-json\/wp\/v2\/types\/product"}],"replies":[{"embeddable":true,"href":"https:\/\/www.hydraulic-cylinders.net\/sk\/wp-json\/wp\/v2\/comments?post=1272"}],"wp:featuredmedia":[{"embeddable":true,"href":"https:\/\/www.hydraulic-cylinders.net\/sk\/wp-json\/wp\/v2\/media\/1276"}],"wp:attachment":[{"href":"https:\/\/www.hydraulic-cylinders.net\/sk\/wp-json\/wp\/v2\/media?parent=1272"}],"wp:term":[{"taxonomy":"product_brand","embeddable":true,"href":"https:\/\/www.hydraulic-cylinders.net\/sk\/wp-json\/wp\/v2\/product_brand?post=1272"},{"taxonomy":"product_cat","embeddable":true,"href":"https:\/\/www.hydraulic-cylinders.net\/sk\/wp-json\/wp\/v2\/product_cat?post=1272"},{"taxonomy":"product_tag","embeddable":true,"href":"https:\/\/www.hydraulic-cylinders.net\/sk\/wp-json\/wp\/v2\/product_tag?post=1272"}],"curies":[{"name":"pracovn\u00fd list","href":"https:\/\/api.w.org\/{rel}","templated":true}]}}