{"id":1419,"date":"2023-09-18T08:45:51","date_gmt":"2023-09-18T08:45:51","guid":{"rendered":"https:\/\/hydraulic-cylinders.net\/?post_type=product&#038;p=1419"},"modified":"2025-04-11T02:57:05","modified_gmt":"2025-04-11T02:57:05","slug":"40-mdc-series-compact-mold-cylinder","status":"publish","type":"product","link":"https:\/\/www.hydraulic-cylinders.net\/sk\/produkt\/40-mdc-series-compact-mold-cylinder\/","title":{"rendered":"Kompaktn\u00fd valec na formy s\u00e9rie 40 MDC"},"content":{"rendered":"<h1 style=\"text-align: center;\"><strong>Kompaktn\u00fd valec na formy s\u00e9rie 40 MDC<\/strong><\/h1>\n<p>Kompaktn\u00fd valec na formovanie s\u00e9rie 40 MDC je efekt\u00edvny a v\u0161estrann\u00fd hydraulick\u00fd valec navrhnut\u00fd \u0161peci\u00e1lne pre aplik\u00e1cie s lisovac\u00edmi n\u00e1strojmi. V\u010faka kompaktn\u00e9mu dizajnu, vynikaj\u00facemu v\u00fdkonu a odolnej kon\u0161trukcii poskytuje tento valec spo\u013eahliv\u00fa a presn\u00fa prev\u00e1dzku v r\u00f4znych priemyseln\u00fdch prostrediach. \u010ci u\u017e sa pou\u017e\u00edva vo vstrekovac\u00edch lisoch, zariadeniach na tlakov\u00e9 odlievanie alebo in\u00fdch aplik\u00e1ci\u00e1ch s\u00favisiacich s lisovan\u00edm, kompaktn\u00fd valec na formovanie 40 MDC pon\u00faka v\u00fdnimo\u010dn\u00fa funk\u010dnos\u0165 a produktivitu.<\/p>\n<p>\u00b7 MDC je kompaktn\u00fd hydraulick\u00fd valec (cx) s elektrickou skrinkou a piestnou ty\u010dou na presn\u00e9 riadenie neutr\u00f3novej polohy formy.<br \/>\n\u00b7 Hydraulick\u00fd valec vhodn\u00fd na pou\u017eitie s plastov\u00fdmi formami.<\/p>\n<p><img loading=\"lazy\" decoding=\"async\" class=\"aligncenter wp-image-323230\" src=\"https:\/\/hzpt.com\/wp-content\/uploads\/2023\/09\/mdc-compact-hydraulic-cylinder-7.webp\" alt=\"40-kompaktn\u00fd-formov\u00fd-valec-parameter-1 \" width=\"400\" height=\"400\" \/><\/p>\n<h2><strong>Popis modelu kompaktn\u00e9ho valca formy:<\/strong><\/h2>\n<p><img loading=\"lazy\" decoding=\"async\" class=\"alignnone size-full wp-image-323234\" src=\"https:\/\/hzpt.com\/wp-content\/uploads\/2023\/09\/mdc-compact-hydraulic-cylinder-2.webp\" alt=\"\" width=\"966\" height=\"882\" \/><\/p>\n<h2><strong>Charakteristick\u00e9 \u00fadaje kompaktn\u00e9ho valca formy:<\/strong><\/h2>\n<p><img loading=\"lazy\" decoding=\"async\" class=\"alignnone size-full wp-image-323236\" src=\"https:\/\/hzpt.com\/wp-content\/uploads\/2023\/09\/mdc-compact-hydraulic-cylinder-3-1.webp\" alt=\"\" width=\"899\" height=\"262\" \/><\/p>\n<h2><strong>\u0160trukt\u00fara kompaktn\u00e9ho valca formy:<\/strong><\/h2>\n<p><img loading=\"lazy\" decoding=\"async\" class=\"alignnone size-full wp-image-323250\" src=\"https:\/\/hzpt.com\/wp-content\/uploads\/2023\/09\/mdc-compact-hydraulic-cylinder-4-1.webp\" alt=\"\" width=\"737\" height=\"808\" \/><\/p>\n<h2><strong>Diagram rozmerov pripojenia piestnej ty\u010de:<\/strong><\/h2>\n<p><img loading=\"lazy\" decoding=\"async\" class=\"alignnone size-large wp-image-323239\" src=\"https:\/\/hzpt.com\/wp-content\/uploads\/2023\/09\/mdc-compact-hydraulic-cylinder-5-787x1024.webp\" alt=\"\" width=\"787\" height=\"1024\" \/><\/p>\n<h2><strong>Poloha spony elektrickej skrinky, poloha olejov\u00e9ho portu a poloha rozvodnej z\u00e1suvky:<\/strong><\/h2>\n<p><img loading=\"lazy\" decoding=\"async\" class=\"alignnone size-large wp-image-323241\" src=\"https:\/\/hzpt.com\/wp-content\/uploads\/2023\/09\/mdc-compact-hydraulic-cylinder-6-616x1024.webp\" alt=\"\" width=\"616\" height=\"1024\" \/><\/p>\n<h2><strong>Parameter kompaktn\u00e9ho valca formy s\u00e9rie 40 MDC:<\/strong><\/h2>\n<p><img loading=\"lazy\" decoding=\"async\" class=\"alignnone size-large wp-image-323251\" src=\"https:\/\/hzpt.com\/wp-content\/uploads\/2023\/09\/mdc-compact-hydraulic-cylinder-8-1-941x1024.webp\" alt=\"\" width=\"941\" height=\"1024\" \/><\/p>\n<h2><strong>Kompaktn\u00fd valec na formy s\u00e9rie 40 MDC <\/strong><strong>Met\u00f3da pou\u017eitia<\/strong><strong>:<\/strong><\/h2>\n<ol>\n<li><strong>Mont\u00e1\u017e a in\u0161tal\u00e1cia:<\/strong>\n<ul>\n<li>Ur\u010dte vhodn\u00fa mont\u00e1\u017enu polohu pre kompaktn\u00e9 valce foriem s\u00e9rie 32 MDC pod\u013ea po\u017eiadaviek aplik\u00e1cie formy.<\/li>\n<li>Uistite sa, \u017ee valec je pevne nain\u0161talovan\u00fd, stabiln\u00fd a pevn\u00fd, aby sa predi\u0161lo vibr\u00e1ci\u00e1m alebo posunutiu po\u010das prev\u00e1dzky.<\/li>\n<\/ul>\n<\/li>\n<li><strong>Pripojenie k hydraulick\u00e9mu syst\u00e9mu:<\/strong>\n<ul>\n<li>Pripojte hydraulick\u00fd valec k hydraulick\u00e9mu syst\u00e9mu pomocou kompatibilnej hydraulickej hadice alebo potrubia.<\/li>\n<li>Zabezpe\u010dte spr\u00e1vne zarovnanie, tesn\u00e9 spoje a vhodn\u00e9 spoje, aby ste predi\u0161li \u00fanikom a zabezpe\u010dili optim\u00e1lny v\u00fdkon.<\/li>\n<\/ul>\n<\/li>\n<li><strong>Prev\u00e1dzka formy:<\/strong>\n<ul>\n<li>Aktivujte hydraulick\u00fd syst\u00e9m, aby ste spustili pohyb kompaktn\u00e9ho valca s\u00e9rie 32 MDC.<\/li>\n<li>Na ovl\u00e1danie presn\u00fdch \u010dinnost\u00ed formy vr\u00e1tane otv\u00e1rania, zatv\u00e1rania a upnutia pou\u017eite hydraulick\u00e9 riadiace syst\u00e9my, ako s\u00fa ventily alebo sp\u00edna\u010de.<\/li>\n<\/ul>\n<\/li>\n<\/ol>\n<h2><strong>Ako odvzdu\u0161ni\u0165 hydraulick\u00fd valec na skl\u00e1pa\u010di?<\/strong><\/h2>\n<p>Pri demont\u00e1\u017ei hydraulick\u00e9ho valca postupujte pod\u013ea t\u00fdchto v\u0161eobecn\u00fdch krokov:<\/p>\n<ol>\n<li><strong>Bezpe\u010dnostn\u00e9 opatrenia:<\/strong>\n<ul>\n<li>Pred spusten\u00edm sa uistite, \u017ee hydraulick\u00fd syst\u00e9m je bez tlaku a zdroj nap\u00e1jania je odpojen\u00fd.<\/li>\n<li>Pou\u017e\u00edvajte vhodn\u00e9 osobn\u00e9 ochrann\u00e9 prostriedky, ako s\u00fa rukavice a ochrann\u00e9 okuliare, aby ste sa chr\u00e1nili pred potenci\u00e1lnymi nebezpe\u010denstvami.<\/li>\n<\/ul>\n<\/li>\n<li><strong>Umiestnenie a podpora:<\/strong>\n<ul>\n<li>Hydraulick\u00fd valec umiestnite na stabiln\u00fd pracovn\u00fd povrch a zabezpe\u010dte jeho dostato\u010dn\u00fa podopretie, aby sa predi\u0161lo n\u00e1hodn\u00e9mu pohybu alebo po\u0161kodeniu.<\/li>\n<\/ul>\n<\/li>\n<li><strong>Odstr\u00e1nenie extern\u00fdch komponentov:<\/strong>\n<ul>\n<li>Odpojte v\u0161etky extern\u00e9 komponenty pripojen\u00e9 k valcu, ako s\u00fa hadice, armat\u00fary alebo mont\u00e1\u017ene konzoly.<\/li>\n<li>Na opatrn\u00e9 uvo\u013enenie a odstr\u00e1nenie t\u00fdchto komponentov pou\u017eite vhodn\u00e9 n\u00e1stroje, ako s\u00fa k\u013e\u00fa\u010de alebo klie\u0161te.<\/li>\n<\/ul>\n<\/li>\n<li><strong>Vypustite hydraulick\u00fa kvapalinu:<\/strong>\n<ul>\n<li>N\u00e1jdite vyp\u00fa\u0161\u0165aciu z\u00e1tku alebo ventil na valci a odstr\u00e1\u0148te ju, aby hydraulick\u00e1 kvapalina mohla vytiec\u0165 do vhodnej n\u00e1doby.<\/li>\n<li>Umiestnite valec tak, aby sa zabezpe\u010dilo \u00fapln\u00e9 odvodnenie.<\/li>\n<\/ul>\n<\/li>\n<li><strong>Demont\u00e1\u017e koncov\u00fdch krytov:<\/strong>\n<ul>\n<li>Identifikujte koncov\u00e9 uz\u00e1very hydraulick\u00e9ho valca. Zvy\u010dajne sa nach\u00e1dzaj\u00fa na ka\u017edom konci valca.<\/li>\n<li>Odstr\u00e1\u0148te skrutky, matice alebo upev\u0148ovacie prvky a zaistite koncov\u00e9 krytky pomocou vhodn\u00e9ho n\u00e1radia.<\/li>\n<li>V pr\u00edpade potreby jemne poklepte na koncov\u00e9 uz\u00e1very gumov\u00fdm kladivom, aby ste preru\u0161ili pr\u00edpadn\u00e9 tesnenie alebo lepen\u00fd spoj.<\/li>\n<\/ul>\n<\/li>\n<li><strong>Samostatn\u00e9 komponenty valca:<\/strong>\n<ul>\n<li>Po odstr\u00e1nen\u00ed koncov\u00fdch uz\u00e1verov opatrne vysu\u0148te piest a piestnu ty\u010d z valca.<\/li>\n<li>Venujte pozornos\u0165 v\u0161etk\u00fdm pr\u00edtomn\u00fdm tesneniam, lo\u017eisk\u00e1m alebo puzdr\u00e1m a v pr\u00edpade potreby ich odstr\u00e1\u0148te.<\/li>\n<li>Pre jednoduch\u0161iu op\u00e4tovn\u00fa mont\u00e1\u017e si v\u0161imnite poradie a orient\u00e1ciu komponentov.<\/li>\n<\/ul>\n<\/li>\n<li><strong>Skontrolujte a vy\u010distite komponenty:<\/strong>\n<ul>\n<li>Skontrolujte ka\u017ed\u00fd rozobrat\u00fd komponent, \u010di nejav\u00ed zn\u00e1mky opotrebovania, po\u0161kodenia alebo kontamin\u00e1cie.<\/li>\n<li>V\u0161etky komponenty vy\u010distite vhodn\u00fdm rozp\u00fa\u0161\u0165adlom alebo \u010distiacim prostriedkom, aby ste odstr\u00e1nili ne\u010distoty, \u00falomky alebo star\u00e9 mazivo.<\/li>\n<li>Na jemn\u00e9 \u010distenie povrchov bez po\u0161kodenia pou\u017eite m\u00e4kk\u00fa handri\u010dku alebo kefku.<\/li>\n<\/ul>\n<\/li>\n<li><strong>V\u00fdmena alebo oprava komponentov:<\/strong>\n<ul>\n<li>Ak niektor\u00e9 komponenty vykazuj\u00fa v\u00fdrazn\u00e9 opotrebovanie alebo po\u0161kodenie, zv\u00e1\u017ete ich v\u00fdmenu za nov\u00e9.<\/li>\n<li>Opravte alebo prestavte komponenty, napr\u00edklad v\u00fdmenou tesnen\u00ed alebo rekon\u0161trukciou piestnej ty\u010de.<\/li>\n<\/ul>\n<\/li>\n<li><strong>Op\u00e4tovn\u00e1 mont\u00e1\u017e:<\/strong>\n<ul>\n<li>Pri op\u00e4tovnej mont\u00e1\u017ei hydraulick\u00e9ho valca postupujte v opa\u010dnom porad\u00ed ako pri demont\u00e1\u017ei a dbajte na spr\u00e1vne zarovnanie a orient\u00e1ciu komponentov.<\/li>\n<li>Po\u010das op\u00e4tovnej mont\u00e1\u017ee nama\u017ete pr\u00edslu\u0161n\u00e9 diely odpor\u00fa\u010danou hydraulickou kvapalinou alebo mazivom.<\/li>\n<li>V\u0161etky upev\u0148ovacie prvky utiahnite pod\u013ea \u0161pecifik\u00e1ci\u00ed v\u00fdrobcu, v pr\u00edpade potreby pou\u017eite momentov\u00fd k\u013e\u00fa\u010d.<\/li>\n<\/ul>\n<\/li>\n<li><strong>Testovanie a kontrola:<\/strong><\/li>\n<\/ol>\n<ul>\n<li>Po op\u00e4tovnej mont\u00e1\u017ei vykonajte d\u00f4kladn\u00fa kontrolu, aby ste sa uistili, \u017ee v\u0161etky komponenty s\u00fa spr\u00e1vne zarovnan\u00e9 a zaisten\u00e9.<\/li>\n<li>Hydraulick\u00fd valec kontrolovan\u00fdm sp\u00f4sobom otestujte, aby ste overili jeho funk\u010dnos\u0165 a skontrolovali pr\u00edpadn\u00e9 netesnosti alebo abnorm\u00e1lnu prev\u00e1dzku.<\/li>\n<\/ul>\n<h2><strong>Schopnos\u0165 a kapacita tov\u00e1rne:<\/strong><\/h2>\n<h3>(1) Mont\u00e1\u017e<\/h3>\n<p>Disponujeme prvotriednou nez\u00e1vislou v\u00fdskumnou a v\u00fdvojovou mont\u00e1\u017enou platformou. Diel\u0148a na v\u00fdrobu hydraulick\u00fdch valcov m\u00e1 \u0161tyri poloautomatick\u00e9 mont\u00e1\u017ene linky zdv\u00edhac\u00edch valcov a jednu automatick\u00fa mont\u00e1\u017enu linku nakl\u00e1pac\u00edch valcov s projektovanou ro\u010dnou v\u00fdrobnou kapacitou 1 mili\u00f3n kusov. Diel\u0148a na v\u00fdrobu \u0161peci\u00e1lnych valcov je vybaven\u00e1 r\u00f4znymi \u0161pecifik\u00e1ciami poloautomatick\u00e9ho syst\u00e9mu \u010distenia a mont\u00e1\u017ee s projektovanou ro\u010dnou v\u00fdrobnou kapacitou 200 000 kusov a je vybaven\u00e1 zn\u00e1mym CNC obr\u00e1bac\u00edm zariaden\u00edm, obr\u00e1bac\u00edm centrom, \u0161peci\u00e1lnym zariaden\u00edm na vysoko presn\u00e9 spracovanie valcov, robotick\u00fdm zv\u00e1rac\u00edm strojom, automatick\u00fdm \u010distiacim strojom, automatick\u00fdm mont\u00e1\u017enym strojom valcov a automatickou lakovacou v\u00fdrobnou linkou. Existuj\u00face kritick\u00e9 zariadenia maj\u00fa viac ako 300 s\u00faprav (s\u00e1d). Optim\u00e1lne alokovanie a efekt\u00edvne vyu\u017e\u00edvanie zdrojov zariaden\u00ed zabezpe\u010duje po\u017eiadavky na presnos\u0165 v\u00fdrobkov a sp\u013a\u0148a po\u017eiadavky na vysok\u00fa kvalitu v\u00fdrobkov.<\/p>\n<p><img loading=\"lazy\" decoding=\"async\" class=\"alignnone wp-image-626\" src=\"https:\/\/hydraulic-cylinders.net\/wp-content\/uploads\/2023\/08\/hydraulic-cylinder-product-1-300x158.webp\" alt=\"\" width=\"495\" height=\"260\" srcset=\"https:\/\/hydraulic-cylinders.net\/wp-content\/uploads\/2023\/08\/hydraulic-cylinder-product-1-300x158.webp 495w, https:\/\/hydraulic-cylinders.net\/wp-content\/uploads\/2023\/08\/hydraulic-cylinder-product-1-480x252.webp 480w\" sizes=\"(min-width: 0px) and (max-width: 480px) 480px, (min-width: 481px) 495px, 100vw\" \/> <img loading=\"lazy\" decoding=\"async\" class=\"alignnone wp-image-627\" src=\"https:\/\/hydraulic-cylinders.net\/wp-content\/uploads\/2023\/08\/hydraulic-cylinder-product-2-300x189.webp\" alt=\"\" width=\"413\" height=\"260\" \/><\/p>\n<h3>(2) Obr\u00e1banie<\/h3>\n<p>Obr\u00e1bacia diel\u0148a je vybaven\u00e1 prisp\u00f4soben\u00fdm s\u00fastru\u017en\u00edckym centrom na \u0161ikm\u00e9 ko\u013eajnice, obr\u00e1bac\u00edm centrom, vysokor\u00fdchlostn\u00fdm honovac\u00edm strojom, zv\u00e1rac\u00edm robotom a \u010fal\u0161\u00edm s\u00favisiacim zariaden\u00edm, ktor\u00e9 dok\u00e1\u017ee spracova\u0165 valcov\u00e9 r\u00fary s maxim\u00e1lnym vn\u00fatorn\u00fdm priemerom 400 mm a maxim\u00e1lnou d\u013a\u017ekou 6 metrov.<\/p>\n<p><img loading=\"lazy\" decoding=\"async\" class=\"alignnone wp-image-628 size-large\" src=\"https:\/\/hydraulic-cylinders.net\/wp-content\/uploads\/2023\/08\/hydraulic-cylinder-product-3-1024x391.webp\" alt=\"\" width=\"1024\" height=\"391\" srcset=\"https:\/\/hydraulic-cylinders.net\/wp-content\/uploads\/2023\/08\/hydraulic-cylinder-product-3-980x374.webp 980w, https:\/\/hydraulic-cylinders.net\/wp-content\/uploads\/2023\/08\/hydraulic-cylinder-product-3-480x183.webp 480w\" sizes=\"(min-width: 0px) and (max-width: 480px) 480px, (min-width: 481px) and (max-width: 980px) 980px, (min-width: 981px) 1024px, 100vw\" \/><\/p>\n<h3>(3) Zv\u00e1ranie<\/h3>\n<p><img loading=\"lazy\" decoding=\"async\" class=\"alignnone wp-image-629 size-large\" src=\"https:\/\/hydraulic-cylinders.net\/wp-content\/uploads\/2023\/08\/hydraulic-cylinder-product-4-1024x510.webp\" alt=\"\" width=\"1024\" height=\"510\" srcset=\"https:\/\/hydraulic-cylinders.net\/wp-content\/uploads\/2023\/08\/hydraulic-cylinder-product-4-980x488.webp 980w, https:\/\/hydraulic-cylinders.net\/wp-content\/uploads\/2023\/08\/hydraulic-cylinder-product-4-480x239.webp 480w\" sizes=\"(min-width: 0px) and (max-width: 480px) 480px, (min-width: 481px) and (max-width: 980px) 980px, (min-width: 981px) 1024px, 100vw\" \/><\/p>\n<h3>(4) Ma\u013eovanie a natieranie<\/h3>\n<p>S mal\u00fdmi a stredne ve\u013ek\u00fdmi valcov\u00fdmi automatick\u00fdmi linkami na nan\u00e1\u0161anie farieb na vodnej b\u00e1ze, na dosiahnutie automatick\u00e9ho nakladania a vykladania robotmi a automatick\u00e9ho striekania, je projektovan\u00e1 kapacita 4000 kusov za smenu;<br \/>\nM\u00e1me tie\u017e poloautomatick\u00fa linku na v\u00fdrobu farieb pre ve\u013ek\u00e9 valce poh\u00e1\u0148an\u00e9 re\u0165azou s projektovanou kapacitou 60 kusov za smenu.<\/p>\n<p><img loading=\"lazy\" decoding=\"async\" class=\"alignnone wp-image-630\" src=\"https:\/\/hydraulic-cylinders.net\/wp-content\/uploads\/2023\/08\/hydraulic-cylinder-product-5-300x213.webp\" alt=\"\" width=\"366\" height=\"260\" \/> <img loading=\"lazy\" decoding=\"async\" class=\"alignnone wp-image-631\" src=\"https:\/\/hydraulic-cylinders.net\/wp-content\/uploads\/2023\/08\/hydraulic-cylinder-product-6-300x225.webp\" alt=\"\" width=\"347\" height=\"260\" \/><\/p>\n<h3>(5) Testovanie<\/h3>\n<p>Disponujeme prvotriednymi kontroln\u00fdmi zariadeniami a sk\u00fa\u0161obn\u00fdmi zariadeniami, ktor\u00e9 zabezpe\u010duj\u00fa, \u017ee v\u00fdkonnos\u0165 valca sp\u013a\u0148a po\u017eiadavky.<\/p>\n<p><img loading=\"lazy\" decoding=\"async\" class=\"alignnone wp-image-632\" src=\"https:\/\/hydraulic-cylinders.net\/wp-content\/uploads\/2023\/08\/hydraulic-cylinder-product-8-300x200.webp\" alt=\"\" width=\"389\" height=\"260\" \/><\/p>\n<p>&nbsp;<\/p>\n<p>&nbsp;<\/p>\n<p>Sme jedn\u00fdm z najlep\u0161\u00edch v\u00fdrobcov kompaktn\u00fdch hydraulick\u00fdch valcov. Pon\u00fakame komplexn\u00fd sortiment kompaktn\u00fdch hydraulick\u00fdch valcov. Poskytujeme aj zodpovedaj\u00face <a href=\"https:\/\/hzpt.com\/agricultural-pto-gearbox\/\" target=\"_blank\" rel=\"noopener\">po\u013enohospod\u00e1rske prevodovky<\/a>Na\u0161e produkty sme vyv\u00e1\u017eali klientom po celom svete a v\u010faka vynikaj\u00facej kvalite produktov a popredajn\u00e9mu servisu sme si z\u00edskali dobr\u00fa reput\u00e1ciu. V\u00edtame z\u00e1kazn\u00edkov doma aj v zahrani\u010d\u00ed, ktor\u00ed n\u00e1s kontaktuj\u00fa za \u00fa\u010delom rokovania o obchodn\u00fdch z\u00e1le\u017eitostiach, v\u00fdmeny inform\u00e1ci\u00ed a <a href=\"https:\/\/www.hydraulic-cylinders.net\/sk\/contact-us\/\">spolupracova\u0165 s nami<\/a>!<\/p>\n<h2><\/h2>","protected":false},"excerpt":{"rendered":"<p>40 MDC Series Compact Mold Cylinder The 40 MDC Series compact mold cylinder is an efficient and versatile hydraulic cylinder designed specifically for die applications. With its compact design, superior performance, and durable construction, this cylinder provides reliable and precise operation in a variety of industrial environments. Whether used in injection molding machines, die-casting equipment, [&hellip;]<\/p>","protected":false},"featured_media":1422,"comment_status":"open","ping_status":"closed","template":"","meta":{"_et_pb_use_builder":"","_et_pb_old_content":"","_et_gb_content_width":""},"product_brand":[],"product_cat":[1523,1549,1376],"product_tag":[1380],"class_list":{"0":"post-1419","1":"product","2":"type-product","3":"status-publish","4":"has-post-thumbnail","6":"product_cat-injection-molding-hydraulic-cylinders","7":"product_cat-single-acting-hydraulic-cylinder","8":"product_cat-hydraulic-cylinder","9":"product_tag-hydraulic-cylinder","11":"first","12":"instock","13":"shipping-taxable","14":"product-type-simple"},"amp_enabled":true,"_links":{"self":[{"href":"https:\/\/www.hydraulic-cylinders.net\/sk\/wp-json\/wp\/v2\/product\/1419","targetHints":{"allow":["GET"]}}],"collection":[{"href":"https:\/\/www.hydraulic-cylinders.net\/sk\/wp-json\/wp\/v2\/product"}],"about":[{"href":"https:\/\/www.hydraulic-cylinders.net\/sk\/wp-json\/wp\/v2\/types\/product"}],"replies":[{"embeddable":true,"href":"https:\/\/www.hydraulic-cylinders.net\/sk\/wp-json\/wp\/v2\/comments?post=1419"}],"wp:featuredmedia":[{"embeddable":true,"href":"https:\/\/www.hydraulic-cylinders.net\/sk\/wp-json\/wp\/v2\/media\/1422"}],"wp:attachment":[{"href":"https:\/\/www.hydraulic-cylinders.net\/sk\/wp-json\/wp\/v2\/media?parent=1419"}],"wp:term":[{"taxonomy":"product_brand","embeddable":true,"href":"https:\/\/www.hydraulic-cylinders.net\/sk\/wp-json\/wp\/v2\/product_brand?post=1419"},{"taxonomy":"product_cat","embeddable":true,"href":"https:\/\/www.hydraulic-cylinders.net\/sk\/wp-json\/wp\/v2\/product_cat?post=1419"},{"taxonomy":"product_tag","embeddable":true,"href":"https:\/\/www.hydraulic-cylinders.net\/sk\/wp-json\/wp\/v2\/product_tag?post=1419"}],"curies":[{"name":"pracovn\u00fd list","href":"https:\/\/api.w.org\/{rel}","templated":true}]}}