{"id":1423,"date":"2023-09-18T08:52:05","date_gmt":"2023-09-18T08:52:05","guid":{"rendered":"https:\/\/hydraulic-cylinders.net\/?post_type=product&#038;p=1423"},"modified":"2025-04-11T03:49:48","modified_gmt":"2025-04-11T03:49:48","slug":"50-100-double-acting-double-axis-mdc-series-compact-mold-cylinder","status":"publish","type":"product","link":"https:\/\/www.hydraulic-cylinders.net\/sk\/produkt\/50-100-double-acting-double-axis-mdc-series-compact-mold-cylinder\/","title":{"rendered":"Kompaktn\u00fd valec na formovanie s dvoj\u010dinn\u00fdm dvojos\u00fdm mechanizmom s\u00e9rie MDC 50-100"},"content":{"rendered":"<h1 style=\"text-align: center;\"><strong>Kompaktn\u00fd valec na formovanie s dvoj\u010dinn\u00fdm dvojos\u00fdm mechanizmom s\u00e9rie MDC 50-100<\/strong><\/h1>\n<p>Dvoj\u010dinn\u00fd, dvojosov\u00fd kompaktn\u00fd valec na formy s\u00e9rie MDC je inovat\u00edvny hydraulick\u00fd valec ur\u010den\u00fd \u0161peci\u00e1lne pre aplik\u00e1cie s lisovac\u00edmi n\u00e1strojmi. V\u010faka svojim pokro\u010dil\u00fdm funkci\u00e1m, spo\u013eahliv\u00e9mu v\u00fdkonu a kompaktn\u00e9mu dizajnu pon\u00faka tento valec vynikaj\u00facu funk\u010dnos\u0165 a \u00fa\u010dinnos\u0165 v r\u00f4znych priemyseln\u00fdch prostrediach. \u010ci u\u017e sa pou\u017e\u00edva vo vstrekovac\u00edch lisoch, zariadeniach na tlakov\u00e9 odlievanie alebo in\u00fdch aplik\u00e1ci\u00e1ch s\u00favisiacich s lisovan\u00edm, dvoj\u010dinn\u00e9 dvojosov\u00e9 kompaktn\u00e9 valce na formy s\u00e9rie MDC poskytuj\u00fa presn\u00e9 ovl\u00e1danie a optim\u00e1lnu produktivitu.<\/p>\n<p>\u00b7 MDC je kompaktn\u00fd hydraulick\u00fd valec (cx) s elektrickou skrinkou a piestnou ty\u010dou na presn\u00e9 riadenie neutr\u00f3novej polohy formy.<br \/>\n\u00b7 Hydraulick\u00fd valec vhodn\u00fd na pou\u017eitie s plastov\u00fdmi formami.<\/p>\n<p><img loading=\"lazy\" decoding=\"async\" class=\"aligncenter wp-image-323260\" src=\"https:\/\/hzpt.com\/wp-content\/uploads\/2023\/09\/mdc-compact-hydraulic-cylinder-9.webp\" alt=\"dvoj\u010dinn\u00fd jednoosov\u00fd kompaktn\u00fd valec na formu\" width=\"400\" height=\"400\" \/><\/p>\n<h2><strong>Popis modelu kompaktn\u00e9ho valca formy:<\/strong><\/h2>\n<p><img loading=\"lazy\" decoding=\"async\" class=\"alignnone size-full wp-image-323234\" src=\"https:\/\/hzpt.com\/wp-content\/uploads\/2023\/09\/mdc-compact-hydraulic-cylinder-2.webp\" alt=\"\" width=\"966\" height=\"882\" \/><\/p>\n<h2><strong>Charakteristick\u00e9 \u00fadaje kompaktn\u00e9ho valca formy:<\/strong><\/h2>\n<p><img loading=\"lazy\" decoding=\"async\" class=\"alignnone size-full wp-image-323236\" src=\"https:\/\/hzpt.com\/wp-content\/uploads\/2023\/09\/mdc-compact-hydraulic-cylinder-3-1.webp\" alt=\"\" width=\"899\" height=\"262\" \/><\/p>\n<h2><strong>\u0160trukt\u00fara kompaktn\u00e9ho valca formy:<\/strong><\/h2>\n<p><img loading=\"lazy\" decoding=\"async\" class=\"alignnone size-full wp-image-323250\" src=\"https:\/\/hzpt.com\/wp-content\/uploads\/2023\/09\/mdc-compact-hydraulic-cylinder-4-1.webp\" alt=\"\" width=\"737\" height=\"808\" \/><\/p>\n<h2><strong>Diagram rozmerov pripojenia piestnej ty\u010de:<\/strong><\/h2>\n<p><img loading=\"lazy\" decoding=\"async\" class=\"alignnone size-large wp-image-323239\" src=\"https:\/\/hzpt.com\/wp-content\/uploads\/2023\/09\/mdc-compact-hydraulic-cylinder-5-787x1024.webp\" alt=\"\" width=\"787\" height=\"1024\" \/><\/p>\n<h2><strong>Poloha spony elektrickej skrinky, poloha olejov\u00e9ho portu a poloha rozvodnej z\u00e1suvky:<\/strong><\/h2>\n<p><img loading=\"lazy\" decoding=\"async\" class=\"alignnone size-large wp-image-323241\" src=\"https:\/\/hzpt.com\/wp-content\/uploads\/2023\/09\/mdc-compact-hydraulic-cylinder-6-616x1024.webp\" alt=\"\" width=\"616\" height=\"1024\" \/><\/p>\n<h2><strong>Parameter kompaktn\u00e9ho valca formy s dvoj\u010dinn\u00fdm dvojos\u00fdm mechanizmom s\u00e9rie MDC 50-100:<\/strong><\/h2>\n<p><img loading=\"lazy\" decoding=\"async\" class=\"alignnone size-large wp-image-323272\" src=\"https:\/\/hzpt.com\/wp-content\/uploads\/2023\/09\/mdc-compact-hydraulic-cylinder-10-1-886x1024.webp\" alt=\"\" width=\"886\" height=\"1024\" \/><\/p>\n<h2><strong>Kompaktn\u00fd valec na formovanie s dvoj\u010dinn\u00fdm dvojos\u00fdm mechanizmom s\u00e9rie MDC 50-100 <\/strong><strong>Met\u00f3da pou\u017eitia<\/strong><strong>:<\/strong><\/h2>\n<ol>\n<li><strong>Dvoj\u010dinn\u00fd dizajn:<\/strong>\n<ul>\n<li>Dvoj\u010dinn\u00e9 dvojosov\u00e9 kompaktn\u00e9 valce s\u00e9rie MDC pracuj\u00fa v oboch smeroch, \u010do umo\u017e\u0148uje obojsmern\u00fd pohyb.<\/li>\n<li>T\u00e1to kon\u0161trukcia dok\u00e1\u017ee efekt\u00edvne a presne ovl\u00e1da\u0165 otv\u00e1ranie a zatv\u00e1ranie formy a zlep\u0161i\u0165 flexibilitu prev\u00e1dzky.<\/li>\n<\/ul>\n<\/li>\n<li><strong>Konfigur\u00e1cia s dvoma osami:<\/strong>\n<ul>\n<li>Valec je navrhnut\u00fd pre biaxi\u00e1lny pohyb, ktor\u00fd umo\u017e\u0148uje priamo\u010diary pohyb v dvoch vertik\u00e1lnych smeroch.<\/li>\n<li>Dvojosov\u00e1 konfigur\u00e1cia umo\u017e\u0148uje zlo\u017eit\u00e9 \u010dinnosti formy, ako je vyhadzovanie dielov alebo pohyb jadra, \u010d\u00edm sa zvy\u0161uje v\u0161estrannos\u0165 formy.<\/li>\n<\/ul>\n<\/li>\n<li><strong>Kompaktn\u00fd a priestorovo \u00fasporn\u00fd:<\/strong>\n<ul>\n<li>Kompaktn\u00e1 kon\u0161trukcia valcov s uzavretou formou s\u00e9rie MDC optimalizuje vyu\u017eitie priestoru v syst\u00e9me foriem s obmedzen\u00fdm priestorom.<\/li>\n<li>Jeho priestorovo \u00fasporn\u00e1 kon\u0161trukcia sa d\u00e1 \u013eahko integrova\u0165 do stiesnen\u00fdch priestorov, \u010d\u00edm sa zabezpe\u010d\u00ed efekt\u00edvne vyu\u017eitie dostupn\u00e9ho pracovn\u00e9ho priestoru.<\/li>\n<\/ul>\n<\/li>\n<li><strong>Vysok\u00e1 presnos\u0165 a stabilita:<\/strong>\n<ul>\n<li>Valec zais\u0165uje presn\u00fd a stabiln\u00fd pohyb, \u010d\u00edm zabezpe\u010duje presn\u00e9 riadenie \u010dinnosti formy po\u010das v\u00fdrobn\u00e9ho procesu.<\/li>\n<li>Poskytuje konzistentn\u00e9 a opakovate\u013en\u00e9 v\u00fdsledky, ktor\u00e9 v kone\u010dnom d\u00f4sledku prispievaj\u00fa k vysokokvalitnej produkcii a zn\u00ed\u017eeniu odpadu.<\/li>\n<\/ul>\n<\/li>\n<\/ol>\n<h2><strong>Ako odstr\u00e1ni\u0165 hydraulick\u00fd valec z \u010deln\u00e9ho naklada\u010da?<\/strong><\/h2>\n<p>Demont\u00e1\u017e hydraulick\u00e9ho valca z \u010deln\u00e9ho naklada\u010da si vy\u017eaduje starostliv\u00fa pr\u00edpravu a vykonanie. Tu je podrobn\u00fd n\u00e1vod, ktor\u00fd v\u00e1m pom\u00f4\u017ee s t\u00fdmto procesom:<\/p>\n<ol>\n<li><strong>Bezpe\u010dnos\u0165 na prvom mieste:<\/strong>\n<ul>\n<li>Pred za\u010dat\u00edm pr\u00e1ce sa uistite, \u017ee \u010deln\u00fd naklada\u010d je zaparkovan\u00fd na rovnom povrchu a motor je vypnut\u00fd.<\/li>\n<li>Zatiahnite parkovaciu brzdu a za zadn\u00e9 koles\u00e1 umiestnite kliny, aby ste predi\u0161li n\u00e1hodn\u00e9mu pohybu.<\/li>\n<li>Noste vhodn\u00e9 osobn\u00e9 ochrann\u00e9 prostriedky (OOP) vr\u00e1tane rukav\u00edc a ochrann\u00fdch okuliarov.<\/li>\n<\/ul>\n<\/li>\n<li><strong>Identifikujte valec:<\/strong>\n<ul>\n<li>N\u00e1jdite hydraulick\u00fd valec, ktor\u00fd chcete odstr\u00e1ni\u0165. Bude pripojen\u00fd k hydraulick\u00e9mu syst\u00e9mu naklada\u010da a upevnen\u00fd k ur\u010den\u00fdm mont\u00e1\u017enym bodom.<\/li>\n<\/ul>\n<\/li>\n<li><strong>Uvo\u013enite hydraulick\u00fd tlak:<\/strong>\n<ul>\n<li>Aby ste predi\u0161li n\u00e1hlym pohybom alebo mo\u017en\u00e9mu zraneniu, pred odpojen\u00edm valca uvo\u013enite hydraulick\u00fd tlak v syst\u00e9me.<\/li>\n<li>Na\u0161tartujte motor a pomocou hydraulick\u00fdch ovl\u00e1dac\u00edch prvkov naklada\u010da presu\u0148te ly\u017eicu alebo pr\u00eddavn\u00e9 zariadenie do \u00faplne vysunutej alebo zdvihnutej polohy.<\/li>\n<li>Vypnite motor a uvo\u013enite zvy\u0161n\u00fd tlak nieko\u013ekon\u00e1sobn\u00fdm stla\u010den\u00edm hydraulick\u00fdch ovl\u00e1dac\u00edch prvkov.<\/li>\n<\/ul>\n<\/li>\n<li><strong>Odpojenie hydraulick\u00fdch pripojen\u00ed:<\/strong>\n<ul>\n<li>N\u00e1jdite hydraulick\u00e9 hadice alebo potrubia pripojen\u00e9 k valcu. Tieto s\u00fa zvy\u010dajne zaisten\u00e9 armat\u00farami, skrutkami alebo r\u00fdchlospojkami.<\/li>\n<li>Opatrne uvo\u013enite a odpojte hydraulick\u00e9 spoje pomocou vhodn\u00e9ho n\u00e1radia pod\u013ea potreby.<\/li>\n<li>Bu\u010fte pripraven\u00ed na \u00fanik hydraulickej kvapaliny, preto si pripravte z\u00e1chytn\u00fa n\u00e1dr\u017e alebo sav\u00fd materi\u00e1l, aby ste minimalizovali jej rozliatie.<\/li>\n<\/ul>\n<\/li>\n<li><strong>Odstr\u00e1\u0148te mont\u00e1\u017eny materi\u00e1l:<\/strong>\n<ul>\n<li>Identifikujte mont\u00e1\u017ene body, kde je valec pripevnen\u00fd ku kon\u0161trukcii naklada\u010da. M\u00f4\u017eu to by\u0165 \u010dapy, skrutky alebo konzoly.<\/li>\n<li>Pomocou vhodn\u00e9ho n\u00e1radia odstr\u00e1\u0148te v\u0161etky poistn\u00e9 kol\u00edky alebo skrutky, ktor\u00e9 upev\u0148uj\u00fa valec k naklada\u010du.<\/li>\n<li>Pri odstra\u0148ovan\u00ed hardv\u00e9ru si ho sledujte a uistite sa, \u017ee sa nikde nestrat\u00ed alebo nezarad\u00ed.<\/li>\n<\/ul>\n<\/li>\n<li><strong>Odpojte valec:<\/strong>\n<ul>\n<li>Po odstr\u00e1nen\u00ed hydraulick\u00fdch pripojen\u00ed a mont\u00e1\u017enych prvkov by sa mal valec da\u0165 vo\u013ene odpoji\u0165.<\/li>\n<li>Opatrne posu\u0148te alebo vysu\u0148te valec z jeho mont\u00e1\u017enej polohy, pri\u010dom nepo\u0161kodzujte okolit\u00e9 komponenty ani hydraulick\u00e9 vedenia.<\/li>\n<li>Na bezpe\u010dn\u00fa manipul\u00e1ciu a vybratie valca z naklada\u010da pou\u017eite zdv\u00edhacie zariadenie alebo pomoc.<\/li>\n<\/ul>\n<\/li>\n<li><strong>Spr\u00e1vne skladovanie a \u00fadr\u017eba:<\/strong>\n<ul>\n<li>Po vybrat\u00ed valca skontrolujte, \u010di nejav\u00ed zn\u00e1mky po\u0161kodenia alebo opotrebovania. V pr\u00edpade potreby vyme\u0148te v\u0161etky opotrebovan\u00e9 tesnenia alebo komponenty.<\/li>\n<li>Hydraulick\u00fd valec skladujte na \u010distom a suchom mieste, chr\u00e1nenom pred prachom, vlhkos\u0165ou a extr\u00e9mnymi teplotami.<\/li>\n<li>Ak valec vy\u017eaduje \u010fal\u0161\u00ed servis, pozrite si pokyny v\u00fdrobcu alebo vyh\u013eadajte odborn\u00fa pomoc.<\/li>\n<\/ul>\n<\/li>\n<\/ol>\n<h2><strong>Schopnos\u0165 a kapacita tov\u00e1rne:<\/strong><\/h2>\n<h3>(1) Mont\u00e1\u017e<\/h3>\n<p>Disponujeme prvotriednou nez\u00e1vislou v\u00fdskumnou a v\u00fdvojovou mont\u00e1\u017enou platformou. Diel\u0148a na v\u00fdrobu hydraulick\u00fdch valcov m\u00e1 \u0161tyri poloautomatick\u00e9 mont\u00e1\u017ene linky zdv\u00edhac\u00edch valcov a jednu automatick\u00fa mont\u00e1\u017enu linku nakl\u00e1pac\u00edch valcov s projektovanou ro\u010dnou v\u00fdrobnou kapacitou 1 mili\u00f3n kusov. Diel\u0148a na v\u00fdrobu \u0161peci\u00e1lnych valcov je vybaven\u00e1 r\u00f4znymi \u0161pecifik\u00e1ciami poloautomatick\u00e9ho syst\u00e9mu \u010distenia a mont\u00e1\u017ee s projektovanou ro\u010dnou v\u00fdrobnou kapacitou 200 000 kusov a je vybaven\u00e1 zn\u00e1mym CNC obr\u00e1bac\u00edm zariaden\u00edm, obr\u00e1bac\u00edm centrom, \u0161peci\u00e1lnym zariaden\u00edm na vysoko presn\u00e9 spracovanie valcov, robotick\u00fdm zv\u00e1rac\u00edm strojom, automatick\u00fdm \u010distiacim strojom, automatick\u00fdm mont\u00e1\u017enym strojom valcov a automatickou lakovacou v\u00fdrobnou linkou. Existuj\u00face kritick\u00e9 zariadenia maj\u00fa viac ako 300 s\u00faprav (s\u00e1d). Optim\u00e1lne alokovanie a efekt\u00edvne vyu\u017e\u00edvanie zdrojov zariaden\u00ed zabezpe\u010duje po\u017eiadavky na presnos\u0165 v\u00fdrobkov a sp\u013a\u0148a po\u017eiadavky na vysok\u00fa kvalitu v\u00fdrobkov.<\/p>\n<p><img loading=\"lazy\" decoding=\"async\" class=\"alignnone wp-image-626\" src=\"https:\/\/hydraulic-cylinders.net\/wp-content\/uploads\/2023\/08\/hydraulic-cylinder-product-1-300x158.webp\" alt=\"\" width=\"495\" height=\"260\" srcset=\"https:\/\/hydraulic-cylinders.net\/wp-content\/uploads\/2023\/08\/hydraulic-cylinder-product-1-300x158.webp 495w, https:\/\/hydraulic-cylinders.net\/wp-content\/uploads\/2023\/08\/hydraulic-cylinder-product-1-480x252.webp 480w\" sizes=\"(min-width: 0px) and (max-width: 480px) 480px, (min-width: 481px) 495px, 100vw\" \/> <img loading=\"lazy\" decoding=\"async\" class=\"alignnone wp-image-627\" src=\"https:\/\/hydraulic-cylinders.net\/wp-content\/uploads\/2023\/08\/hydraulic-cylinder-product-2-300x189.webp\" alt=\"\" width=\"413\" height=\"260\" \/><\/p>\n<h3>(2) Obr\u00e1banie<\/h3>\n<p>Obr\u00e1bacia diel\u0148a je vybaven\u00e1 prisp\u00f4soben\u00fdm s\u00fastru\u017en\u00edckym centrom na \u0161ikm\u00e9 ko\u013eajnice, obr\u00e1bac\u00edm centrom, vysokor\u00fdchlostn\u00fdm honovac\u00edm strojom, zv\u00e1rac\u00edm robotom a \u010fal\u0161\u00edm s\u00favisiacim zariaden\u00edm, ktor\u00e9 dok\u00e1\u017ee spracova\u0165 valcov\u00e9 r\u00fary s maxim\u00e1lnym vn\u00fatorn\u00fdm priemerom 400 mm a maxim\u00e1lnou d\u013a\u017ekou 6 metrov.<\/p>\n<p><img loading=\"lazy\" decoding=\"async\" class=\"alignnone wp-image-628 size-large\" src=\"https:\/\/hydraulic-cylinders.net\/wp-content\/uploads\/2023\/08\/hydraulic-cylinder-product-3-1024x391.webp\" alt=\"\" width=\"1024\" height=\"391\" srcset=\"https:\/\/hydraulic-cylinders.net\/wp-content\/uploads\/2023\/08\/hydraulic-cylinder-product-3-980x374.webp 980w, https:\/\/hydraulic-cylinders.net\/wp-content\/uploads\/2023\/08\/hydraulic-cylinder-product-3-480x183.webp 480w\" sizes=\"(min-width: 0px) and (max-width: 480px) 480px, (min-width: 481px) and (max-width: 980px) 980px, (min-width: 981px) 1024px, 100vw\" \/><\/p>\n<h3>(3) Zv\u00e1ranie<\/h3>\n<p><img loading=\"lazy\" decoding=\"async\" class=\"alignnone wp-image-629 size-large\" src=\"https:\/\/hydraulic-cylinders.net\/wp-content\/uploads\/2023\/08\/hydraulic-cylinder-product-4-1024x510.webp\" alt=\"\" width=\"1024\" height=\"510\" srcset=\"https:\/\/hydraulic-cylinders.net\/wp-content\/uploads\/2023\/08\/hydraulic-cylinder-product-4-980x488.webp 980w, https:\/\/hydraulic-cylinders.net\/wp-content\/uploads\/2023\/08\/hydraulic-cylinder-product-4-480x239.webp 480w\" sizes=\"(min-width: 0px) and (max-width: 480px) 480px, (min-width: 481px) and (max-width: 980px) 980px, (min-width: 981px) 1024px, 100vw\" \/><\/p>\n<h3>(4) Ma\u013eovanie a natieranie<\/h3>\n<p>S mal\u00fdmi a stredne ve\u013ek\u00fdmi valcov\u00fdmi automatick\u00fdmi linkami na nan\u00e1\u0161anie farieb na vodnej b\u00e1ze, na dosiahnutie automatick\u00e9ho nakladania a vykladania robotmi a automatick\u00e9ho striekania, je projektovan\u00e1 kapacita 4000 kusov za smenu;<br \/>\nM\u00e1me tie\u017e poloautomatick\u00fa linku na v\u00fdrobu farieb pre ve\u013ek\u00e9 valce poh\u00e1\u0148an\u00e9 re\u0165azou s projektovanou kapacitou 60 kusov za smenu.<\/p>\n<p><img loading=\"lazy\" decoding=\"async\" class=\"alignnone wp-image-630\" src=\"https:\/\/hydraulic-cylinders.net\/wp-content\/uploads\/2023\/08\/hydraulic-cylinder-product-5-300x213.webp\" alt=\"\" width=\"366\" height=\"260\" \/> <img loading=\"lazy\" decoding=\"async\" class=\"alignnone wp-image-631\" src=\"https:\/\/hydraulic-cylinders.net\/wp-content\/uploads\/2023\/08\/hydraulic-cylinder-product-6-300x225.webp\" alt=\"\" width=\"347\" height=\"260\" \/><\/p>\n<h3>(5) Testovanie<\/h3>\n<p>Disponujeme prvotriednymi kontroln\u00fdmi zariadeniami a sk\u00fa\u0161obn\u00fdmi zariadeniami, ktor\u00e9 zabezpe\u010duj\u00fa, \u017ee v\u00fdkonnos\u0165 valca sp\u013a\u0148a po\u017eiadavky.<\/p>\n<p><img loading=\"lazy\" decoding=\"async\" class=\"alignnone wp-image-632\" src=\"https:\/\/hydraulic-cylinders.net\/wp-content\/uploads\/2023\/08\/hydraulic-cylinder-product-8-300x200.webp\" alt=\"\" width=\"389\" height=\"260\" \/><\/p>\n<p>&nbsp;<\/p>\n<p>&nbsp;<\/p>\n<p>Sme jedn\u00fdm z najlep\u0161\u00edch v\u00fdrobcov kompaktn\u00fdch hydraulick\u00fdch valcov. Pon\u00fakame komplexn\u00fd sortiment kompaktn\u00fdch hydraulick\u00fdch valcov. Poskytujeme aj zodpovedaj\u00face <a href=\"https:\/\/hzpt.com\/agricultural-pto-gearbox\/\" target=\"_blank\" rel=\"noopener\">po\u013enohospod\u00e1rske prevodovky<\/a>Na\u0161e produkty sme vyv\u00e1\u017eali klientom po celom svete a v\u010faka vynikaj\u00facej kvalite produktov a popredajn\u00e9mu servisu sme si z\u00edskali dobr\u00fa reput\u00e1ciu. V\u00edtame z\u00e1kazn\u00edkov doma aj v zahrani\u010d\u00ed, ktor\u00ed n\u00e1s kontaktuj\u00fa za \u00fa\u010delom rokovania o obchodn\u00fdch z\u00e1le\u017eitostiach, v\u00fdmeny inform\u00e1ci\u00ed a <a href=\"https:\/\/www.hydraulic-cylinders.net\/sk\/contact-us\/\">spolupracova\u0165 s nami<\/a>!<\/p>\n<h2><\/h2>\n<h1 style=\"text-align: center;\"><\/h1>","protected":false},"excerpt":{"rendered":"<p>50-100 Double Acting Double Axis MDC Series Compact Mold Cylinder The double-acting, double-axis MDC Series compact mold cylinder is an innovative hydraulic cylinder explicitly designed for die applications. With its advanced features, reliable performance, and compact design, this cylinder offers superior functionality and efficiency in various industrial environments. Whether used in injection molding machines, die-casting [&hellip;]<\/p>","protected":false},"featured_media":1425,"comment_status":"open","ping_status":"closed","template":"","meta":{"_et_pb_use_builder":"","_et_pb_old_content":"","_et_gb_content_width":""},"product_brand":[],"product_cat":[1550,1523,1376],"product_tag":[1380],"class_list":{"0":"post-1423","1":"product","2":"type-product","3":"status-publish","4":"has-post-thumbnail","6":"product_cat-double-acting-hydraulic-cylinder","7":"product_cat-injection-molding-hydraulic-cylinders","8":"product_cat-hydraulic-cylinder","9":"product_tag-hydraulic-cylinder","11":"first","12":"instock","13":"shipping-taxable","14":"product-type-simple"},"amp_enabled":true,"_links":{"self":[{"href":"https:\/\/www.hydraulic-cylinders.net\/sk\/wp-json\/wp\/v2\/product\/1423","targetHints":{"allow":["GET"]}}],"collection":[{"href":"https:\/\/www.hydraulic-cylinders.net\/sk\/wp-json\/wp\/v2\/product"}],"about":[{"href":"https:\/\/www.hydraulic-cylinders.net\/sk\/wp-json\/wp\/v2\/types\/product"}],"replies":[{"embeddable":true,"href":"https:\/\/www.hydraulic-cylinders.net\/sk\/wp-json\/wp\/v2\/comments?post=1423"}],"wp:featuredmedia":[{"embeddable":true,"href":"https:\/\/www.hydraulic-cylinders.net\/sk\/wp-json\/wp\/v2\/media\/1425"}],"wp:attachment":[{"href":"https:\/\/www.hydraulic-cylinders.net\/sk\/wp-json\/wp\/v2\/media?parent=1423"}],"wp:term":[{"taxonomy":"product_brand","embeddable":true,"href":"https:\/\/www.hydraulic-cylinders.net\/sk\/wp-json\/wp\/v2\/product_brand?post=1423"},{"taxonomy":"product_cat","embeddable":true,"href":"https:\/\/www.hydraulic-cylinders.net\/sk\/wp-json\/wp\/v2\/product_cat?post=1423"},{"taxonomy":"product_tag","embeddable":true,"href":"https:\/\/www.hydraulic-cylinders.net\/sk\/wp-json\/wp\/v2\/product_tag?post=1423"}],"curies":[{"name":"pracovn\u00fd list","href":"https:\/\/api.w.org\/{rel}","templated":true}]}}