{"id":14378,"date":"2024-12-12T08:39:49","date_gmt":"2024-12-12T08:39:49","guid":{"rendered":"https:\/\/www.hydraulic-cylinders.net\/product\/replacement-of-5hg167090-boom-outer-fold-hydraulic-cylinder-lh\/"},"modified":"2024-12-12T08:39:49","modified_gmt":"2024-12-12T08:39:49","slug":"replacement-of-5hg167090-boom-outer-fold-hydraulic-cylinder-lh","status":"publish","type":"product","link":"https:\/\/www.hydraulic-cylinders.net\/sk\/produkt\/replacement-of-5hg167090-boom-outer-fold-hydraulic-cylinder-lh\/","title":{"rendered":"V\u00fdmena hydraulick\u00e9ho valca vonkaj\u0161ieho skl\u00e1pania v\u00fdlo\u017en\u00edka 5HG167090, \u013eav\u00fd"},"content":{"rendered":"<h1>V\u00fdmena hydraulick\u00e9ho valca vonkaj\u0161ieho skl\u00e1pania v\u00fdlo\u017en\u00edka 5HG167090, \u013eav\u00fd<\/h1>\n<p>V\u00fdmena hydraulick\u00e9ho valca vonkaj\u0161ieho skladania v\u00fdlo\u017en\u00edka 5HG167090, \u013eav\u00fd, je hydraulick\u00fd valec pou\u017e\u00edvan\u00fd na v\u00fdmenu po\u0161koden\u00fdch alebo opotrebovan\u00fdch valcov v \u0165a\u017ek\u00fdch zariadeniach. Zohr\u00e1va k\u013e\u00fa\u010dov\u00fa \u00falohu pri obnove norm\u00e1lnej prev\u00e1dzky zariadenia a zabezpe\u010dovan\u00ed jeho v\u00fdkonu v r\u00f4znych aplik\u00e1ci\u00e1ch. S hmotnos\u0165ou 20 kg, v\u00fd\u0161kou 9,8 cm, \u0161\u00edrkou 15 cm a d\u013a\u017ekou 94 cm je tento hydraulick\u00fd valec kompatibiln\u00fd s r\u00f4znymi modelmi.<\/p>\n<h2>\u0160pecifik\u00e1cie a kompatibilita<\/h2>\n<p>N\u00e1hradn\u00fd hydraulick\u00fd valec vonkaj\u0161ieho skl\u00e1pania v\u00fdlo\u017en\u00edka 5HG167090, \u013eav\u00fd, je kompatibiln\u00fd s r\u00f4znymi modelmi. M\u00e1 hmotnos\u0165 20 kg, v\u00fd\u0161ku 9,8 palca, \u0161\u00edrku 15,4 palca a d\u013a\u017eku 94,7 palca. Tento hydraulick\u00fd valec je vyroben\u00fd pod\u013ea najvy\u0161\u0161\u00edch \u0161tandardov kvality a spo\u013eahlivosti, \u010do zaru\u010duje, \u017ee vydr\u017e\u00ed aj tie najn\u00e1ro\u010dnej\u0161ie aplik\u00e1cie.<\/p>\n<h2>Funkcie<\/h2>\n<ul>\n<li>Zlep\u0161en\u00fd v\u00fdkon zariadenia: V\u00fdmena po\u0161koden\u00fdch alebo opotrebovan\u00fdch hydraulick\u00fdch valcov m\u00f4\u017ee obnovi\u0165 norm\u00e1lnu prev\u00e1dzku zariadenia a zabezpe\u010di\u0165 jeho optim\u00e1lny v\u00fdkon v r\u00f4znych aplik\u00e1ci\u00e1ch.<\/li>\n<li>Zv\u00fd\u0161en\u00e1 bezpe\u010dnos\u0165: Pravideln\u00e1 v\u00fdmena hydraulick\u00fdch valcov m\u00f4\u017ee zn\u00ed\u017ei\u0165 bezpe\u010dnostn\u00e9 rizik\u00e1 sp\u00f4soben\u00e9 poruchou valcov a zaisti\u0165 tak bezpe\u010dnos\u0165 obsluhy a zariadenia.<\/li>\n<li>Ochrana proti pre\u0165a\u017eeniu: Modern\u00e9 hydraulick\u00e9 valce s\u00fa navrhnut\u00e9 s lep\u0161\u00edmi mechanizmami ochrany proti pre\u0165a\u017eeniu, \u010do zlep\u0161uje bezpe\u010dnostn\u00fd v\u00fdkon.<\/li>\n<li>R\u00fdchla in\u0161tal\u00e1cia: Modern\u00e9 hydraulick\u00e9 valce s\u00fa navrhnut\u00e9 s oh\u013eadom na jednoduch\u00fa in\u0161tal\u00e1ciu a v\u00fdmenu, \u010d\u00edm sa skracuj\u00fa prestoje.<\/li>\n<li>\u0160tandardizovan\u00e9 komponenty: Mnoh\u00e9 hydraulick\u00e9 valce s\u00fa \u0161tandardizovan\u00e9 produkty, \u010do u\u013eah\u010duje z\u00edskanie n\u00e1hradn\u00fdch dielov na trhu.<\/li>\n<\/ul>\n<p>Na\u0161a spolo\u010dnos\u0165 dok\u00e1\u017ee tento produkt vyrobi\u0165 a na\u0161e hydraulick\u00e9 valce ho dok\u00e1\u017eu dokonale nahradi\u0165.<\/p>\n<h2>Aplik\u00e1cie<\/h2>\n<p>V\u00fdmena hydraulick\u00e9ho valca vonkaj\u0161ieho skladania v\u00fdlo\u017en\u00edka 5HG167090, \u013eav\u00fd, sa m\u00f4\u017ee pou\u017ei\u0165 v r\u00f4znych \u0165a\u017ek\u00fdch zariadeniach, ako napr\u00edklad:<\/p>\n<ul>\n<li>R\u00fdpadl\u00e1: Hydraulick\u00e9 valce v ramen\u00e1ch alebo vedr\u00e1ch r\u00fdpadla sa m\u00f4\u017eu po\u0161kodi\u0165 v d\u00f4sledku dlhodob\u00e9ho pou\u017e\u00edvania alebo pre\u0165a\u017eenia, \u010do si vy\u017eaduje v\u00fdmenu na obnovenie norm\u00e1lnej prev\u00e1dzky.<\/li>\n<li>\u017deriavy: Hydraulick\u00e9 valce \u017eeriavov\u00e9ho v\u00fdlo\u017en\u00edka s\u00fa n\u00e1chyln\u00e9 na opotrebovanie po\u010das \u010dast\u00e9ho zdv\u00edhania a sp\u00fa\u0161\u0165ania, \u010do si vy\u017eaduje pravideln\u00fa v\u00fdmenu, aby sa zaistila bezpe\u010dnos\u0165.<\/li>\n<li>Traktory: Hydraulick\u00e9 valce v \u010delnom naklada\u010di traktorov m\u00f4\u017eu po\u010das nepretr\u017eit\u00e9ho zdv\u00edhania a nakl\u00e1\u0148ania vykazova\u0165 netesnosti alebo zn\u00ed\u017een\u00fd v\u00fdkon, \u010do si vy\u017eaduje v\u00fdmenu.<\/li>\n<li>Zbera\u010de: Hydraulick\u00e9 valce v zberac\u00edch zariadeniach s\u00fa vystaven\u00e9 vysok\u00e9mu tlaku a m\u00f4\u017eu sa po\u0161kodi\u0165 v d\u00f4sledku \u00fanavy materi\u00e1lu, \u010do si vy\u017eaduje v\u00fdmenu, aby sa zachovala pracovn\u00e1 efektivita.<\/li>\n<li>Automatizovan\u00e9 v\u00fdrobn\u00e9 linky: Hydraulick\u00e9 valce sa pou\u017e\u00edvaj\u00fa na ovl\u00e1danie robotick\u00fdch ramien a in\u00fdch automatiza\u010dn\u00fdch zariaden\u00ed. Porucha valcov m\u00f4\u017ee ovplyvni\u0165 efektivitu v\u00fdroby a vy\u017eaduje si okam\u017eit\u00fa v\u00fdmenu.<\/li>\n<li>Stroje na tlakov\u00e9 liatie: Hydraulick\u00e9 valce v strojoch na tlakov\u00e9 liatie m\u00f4\u017eu zaznamena\u0165 pokles v\u00fdkonu pri vysokom tlaku a teplote, \u010do si vy\u017eaduje pravideln\u00fa v\u00fdmenu, aby sa zabezpe\u010dila kvalita v\u00fdrobku.<\/li>\n<li>Bansk\u00e9 zariadenia: Hydraulick\u00e9 valce sa pou\u017e\u00edvaj\u00fa v bansk\u00fdch zariadeniach na zdv\u00edhanie a premiest\u0148ovanie \u0165a\u017ek\u00fdch predmetov. Vzh\u013eadom na drsn\u00e9 pracovn\u00e9 prostredie je nevyhnutn\u00e1 pravideln\u00e1 kontrola a v\u00fdmena, aby sa predi\u0161lo poruche zariadenia.<\/li>\n<li>Buldoz\u00e9ry: Opotrebovanie hydraulick\u00fdch valcov radlice buldoz\u00e9ra m\u00f4\u017ee vies\u0165 k zn\u00ed\u017eeniu tla\u010dnej kapacity, \u010do si vy\u017eaduje v\u010dasn\u00fa v\u00fdmenu, aby sa zachovala prev\u00e1dzkov\u00e1 \u00fa\u010dinnos\u0165.<\/li>\n<\/ul>\n<h2>\u00dadr\u017eba a opravy<\/h2>\n<p>Pravideln\u00e1 \u00fadr\u017eba je d\u00f4le\u017eit\u00e1 pre udr\u017eanie hydraulick\u00e9ho valca vonkaj\u0161ieho skl\u00e1pania v\u00fdlo\u017en\u00edka 5HG167090, \u013eav\u00e9ho, v optim\u00e1lnom prev\u00e1dzkovom stave. Mali by sa vykon\u00e1va\u0165 nasleduj\u00face \u00falohy \u00fadr\u017eby:<\/p>\n<ul>\n<li>Pravideln\u00e1 kontrola: Pravideln\u00e1 kontrola m\u00f4\u017ee pom\u00f4c\u0165 v\u010das odhali\u0165 ak\u00e9ko\u013evek probl\u00e9my a pred\u00eds\u0165 z\u00e1va\u017en\u00fdm probl\u00e9mom.<\/li>\n<li>Mazanie: Mazanie hydraulick\u00fdch valcov je nevyhnutn\u00e9 na zabr\u00e1nenie opotrebovaniu a zabezpe\u010denie hladk\u00e9ho chodu.<\/li>\n<li>V\u00fdmena tesnenia: V\u00fdmena tesnen\u00ed m\u00f4\u017ee pom\u00f4c\u0165 predch\u00e1dza\u0165 \u00fanikom a pred\u013a\u017ei\u0165 \u017eivotnos\u0165 hydraulick\u00fdch valcov.<\/li>\n<li>Kontrola kalibr\u00e1cie: Kontrola kalibr\u00e1cie m\u00f4\u017ee zabezpe\u010di\u0165, aby hydraulick\u00e9 valce fungovali v r\u00e1mci svojich \u0161pecifikovan\u00fdch limitov.<\/li>\n<\/ul>\n<p>Spr\u00e1vna in\u0161tal\u00e1cia, mazanie a nastavenie s\u00fa nevyhnutn\u00e9 pre bezpe\u010dn\u00fa a efekt\u00edvnu prev\u00e1dzku hydraulick\u00fdch valcov. Po\u010das in\u0161tal\u00e1cie je d\u00f4le\u017eit\u00e9 zabezpe\u010di\u0165 spr\u00e1vne vedenie pre zarovnanie a pou\u017ei\u0165 vhodn\u00e9 mont\u00e1\u017ene konzoly na upevnenie valca. Mali by sa dodr\u017eiava\u0165 odpor\u00fa\u010dan\u00e9 postupy kontroly, opravy a v\u00fdmeny a mali by sa zabezpe\u010di\u0165 n\u00e1hradn\u00e9 diely a repasovan\u00e9 slu\u017eby, aby sa pred\u013a\u017eila \u017eivotnos\u0165 hydraulick\u00fdch valcov.<\/p>\n<h2>Bezpe\u010dnostn\u00e9 aspekty a faktory prostredia<\/h2>\n<p>Pri pou\u017e\u00edvan\u00ed n\u00e1hradn\u00e9ho dielu hydraulick\u00e9ho valca vonkaj\u0161ieho skladania v\u00fdlo\u017en\u00edka 5HG167090, \u013eav\u00e9ho, by sa mali prija\u0165 bezpe\u010dnostn\u00e9 opatrenia na predch\u00e1dzanie nehod\u00e1m. Pri pou\u017e\u00edvan\u00ed tohto produktu by sa mali zv\u00e1\u017ei\u0165 aj faktory prostredia. Spr\u00e1vna likvid\u00e1cia hydraulick\u00fdch kvapal\u00edn a opotrebovan\u00fdch valcov je nevyhnutn\u00e1 na zabr\u00e1nenie zne\u010distenia \u017eivotn\u00e9ho prostredia a zabezpe\u010denie s\u00faladu s environment\u00e1lnymi predpismi.<\/p>\n<h2>Rie\u0161enie probl\u00e9mov a be\u017en\u00e9 probl\u00e9my<\/h2>\n<p>Hydraulick\u00e9 valce m\u00f4\u017eu ma\u0165 probl\u00e9my z r\u00f4znych d\u00f4vodov. Nasleduj\u00fa niektor\u00e9 be\u017en\u00e9 probl\u00e9my a ich rie\u0161enia:<\/p>\n<ul>\n<li>\u00danik: \u00danik m\u00f4\u017ee by\u0165 sp\u00f4soben\u00fd opotrebovan\u00fdmi tesneniami alebo nespr\u00e1vnou in\u0161tal\u00e1ciou. V\u00fdmena tesnen\u00ed alebo spr\u00e1vna in\u0161tal\u00e1cia m\u00f4\u017eu tento probl\u00e9m vyrie\u0161i\u0165.<\/li>\n<li>Hluk: Hluk m\u00f4\u017ee by\u0165 sp\u00f4soben\u00fd vzduchom v hydraulickom syst\u00e9me alebo opotrebovan\u00fdmi komponentmi. Odvzdu\u0161nenie syst\u00e9mu alebo v\u00fdmena opotrebovan\u00fdch komponentov m\u00f4\u017ee tento probl\u00e9m vyrie\u0161i\u0165.<\/li>\n<li>Pomal\u00e1 prev\u00e1dzka: Pomal\u00e1 prev\u00e1dzka m\u00f4\u017ee by\u0165 sp\u00f4soben\u00e1 nedostato\u010dn\u00fdm mazan\u00edm alebo n\u00edzkym hydraulick\u00fdm tlakom. Mazanie alebo zv\u00fd\u0161enie hydraulick\u00e9ho tlaku m\u00f4\u017ee tento probl\u00e9m vyrie\u0161i\u0165.<\/li>\n<\/ul>\n<p>Na minimaliz\u00e1ciu potenci\u00e1lnych probl\u00e9mov mo\u017eno prija\u0165 prevent\u00edvne opatrenia, ako je pravideln\u00e1 kontrola a v\u00fdmena opotrebovan\u00fdch komponentov.<\/p>\n<p><img decoding=\"async\" src=\"https:\/\/www.hydraulic-cylinders.net\/wp-content\/uploads\/2024\/12\/Replacement-Of-John-Deere-Hydraulic-Cylinder-7.webp\" alt=\"Hydraulick\u00fd valec\" \/><\/p>\n<h2>\u00davahy o dizajne a krit\u00e9ri\u00e1 v\u00fdberu<\/h2>\n<p>V\u00fdmena hydraulick\u00e9ho valca vonkaj\u0161ieho skl\u00e1pania v\u00fdlo\u017en\u00edka 5HG167090, \u013eav\u00fd, je vyroben\u00e1 z vysoko kvalitn\u00fdch materi\u00e1lov, ktor\u00e9 zais\u0165uj\u00fa vysok\u00fa nosnos\u0165, odolnos\u0165 a bezpe\u010dnos\u0165. Mali by sa zoh\u013eadni\u0165 nasleduj\u00face kon\u0161truk\u010dn\u00e9 aspekty a krit\u00e9ri\u00e1 v\u00fdberu:<\/p>\n<ul>\n<li>Nosnos\u0165: Hydraulick\u00fd valec by mal by\u0165 schopn\u00fd zvl\u00e1dnu\u0165 maxim\u00e1lne za\u0165a\u017eenie aplik\u00e1cie.<\/li>\n<li>Tesnenie: Hydraulick\u00fd valec by mal by\u0165 vybaven\u00fd vysoko kvalitn\u00fdmi tesneniami, aby sa zabr\u00e1nilo \u00fanikom.<\/li>\n<li>Trvanlivos\u0165: Hydraulick\u00fd valec by mal by\u0165 vyroben\u00fd z odoln\u00fdch materi\u00e1lov, aby odolal n\u00e1ro\u010dn\u00fdm pracovn\u00fdm podmienkam.<\/li>\n<li>Bezpe\u010dnos\u0165: Hydraulick\u00fd valec by mal by\u0165 navrhnut\u00fd s bezpe\u010dnostn\u00fdmi mechanizmami, aby sa predi\u0161lo nehod\u00e1m.<\/li>\n<li>\u00dadr\u017eba: Hydraulick\u00fd valec by mal by\u0165 navrhnut\u00fd pre jednoduch\u00fa \u00fadr\u017ebu a opravy.<\/li>\n<\/ul>\n<p>V\u00fdmena hydraulick\u00e9ho valca vonkaj\u0161ieho skladania v\u00fdlo\u017en\u00edka 5HG167090, \u013eav\u00fd, pou\u017e\u00edva r\u00f4zne tesniace materi\u00e1ly, ako s\u00fa tesnenia piestov, tesnenia ty\u010d\u00ed at\u010f., vyroben\u00e9 z materi\u00e1lov odoln\u00fdch vo\u010di opotrebovaniu, ako je polyuret\u00e1n a nitrilov\u00fd kau\u010duk. Teleso valca a povrch z\u00e1vitov\u00e9ho konca prech\u00e1dzaj\u00fa jemn\u00fdm opracovan\u00edm, aby sa zlep\u0161ila odolnos\u0165 vo\u010di opotrebovaniu. Na mazanie je potrebn\u00e9 pravideln\u00e9 dop\u013a\u0148anie hydraulick\u00e9ho oleja.<\/p>\n<p>Pravideln\u00e1 kontrola a prevent\u00edvna \u00fadr\u017eba m\u00f4\u017eu pred\u013a\u017ei\u0165 \u017eivotnos\u0165 hydraulick\u00fdch valcov. Spr\u00e1vny n\u00e1vod na in\u0161tal\u00e1ciu, pou\u017e\u00edvanie vhodn\u00fdch mont\u00e1\u017enych konzol a dodr\u017eiavanie odpor\u00fa\u010dan\u00fdch postupov kontroly, opravy a v\u00fdmeny s\u00fa nevyhnutn\u00e9 pre bezpe\u010dn\u00fa a efekt\u00edvnu prev\u00e1dzku hydraulick\u00fdch valcov.<\/p>\n<p><img decoding=\"async\" src=\"https:\/\/www.hydraulic-cylinders.net\/wp-content\/uploads\/2024\/12\/Replacement-Of-John-Deere-Hydraulic-Cylinder-8.webp\" alt=\"Hydraulick\u00fd valec\" \/><\/p>\n<h2>Na\u0161a spolo\u010dnos\u0165<\/h2>\n<p>Sme popredn\u00fdm v\u00fdrobcom a ve\u013ekoobchodn\u00fdm distrib\u00fatorom hydraulick\u00fdch valcov. Na\u0161a spolo\u010dnos\u0165 pon\u00faka \u0161irok\u00fd sortiment vysoko kvalitn\u00fdch hydraulick\u00fdch valcov, ktor\u00e9 s\u00fa vyroben\u00e9 pod\u013ea najvy\u0161\u0161\u00edch \u0161tandardov kvality a spo\u013eahlivosti. Z\u00edskali sme medzin\u00e1rodn\u00e9 uznanie za na\u0161e odborn\u00e9 znalosti vo v\u00fdrobe hydraulick\u00fdch valcov na mieru, ktor\u00e9 sp\u013a\u0148aj\u00fa \u0161pecifick\u00e9 potreby na\u0161ich z\u00e1kazn\u00edkov. Na\u0161e v\u00fdrobn\u00e9 zariadenia s\u00fa modern\u00e9 a n\u00e1\u0161 popredajn\u00fd servis je bezkonkuren\u010dn\u00fd.<\/p>\n<p>Na\u0161\u00edm poslan\u00edm je poskytova\u0165 na\u0161im z\u00e1kazn\u00edkom hydraulick\u00e9 valce najvy\u0161\u0161ej kvality za konkurencieschopn\u00e9 ceny. Zaviazali sme sa k excelentnosti v oblasti dizajnu, v\u00fdroby a z\u00e1kazn\u00edckeho servisu a sna\u017e\u00edme sa prekona\u0165 o\u010dak\u00e1vania na\u0161ich z\u00e1kazn\u00edkov.<\/p>\n<p><img decoding=\"async\" src=\"https:\/\/www.hydraulic-cylinders.net\/wp-content\/uploads\/2024\/12\/hydraulic-cylinder-factory.webp\" alt=\"Tov\u00e1re\u0148 na hydraulick\u00e9 valce\" \/><\/p>\n<p>Autor: lyl<\/p>","protected":false},"excerpt":{"rendered":"<p>Replacement Of 5HG167090 Boom Outer Fold Hydraulic Cylinder, LH The Replacement Of 5HG167090 Boom Outer Fold Hydraulic Cylinder, LH is a hydraulic cylinder used for replacing damaged or worn-out cylinders in heavy equipment. It plays a crucial role in restoring the normal operation of the equipment and ensuring its performance in various applications. With a [&hellip;]<\/p>","protected":false},"featured_media":10649,"comment_status":"open","ping_status":"closed","template":"","meta":{"_et_pb_use_builder":"","_et_pb_old_content":"","_et_gb_content_width":""},"product_brand":[],"product_cat":[1489],"product_tag":[1380,1490,1491],"class_list":{"0":"post-14378","1":"product","2":"type-product","3":"status-publish","4":"has-post-thumbnail","6":"product_cat-replacement-of-john-deere-hydraulic-cylinder","7":"product_tag-hydraulic-cylinder","8":"product_tag-replacement-of-hydraulic-cylinder","9":"product_tag-replacemet-of-john-deere-hydraulic-cylinder","11":"first","12":"instock","13":"shipping-taxable","14":"product-type-simple"},"amp_enabled":true,"_links":{"self":[{"href":"https:\/\/www.hydraulic-cylinders.net\/sk\/wp-json\/wp\/v2\/product\/14378","targetHints":{"allow":["GET"]}}],"collection":[{"href":"https:\/\/www.hydraulic-cylinders.net\/sk\/wp-json\/wp\/v2\/product"}],"about":[{"href":"https:\/\/www.hydraulic-cylinders.net\/sk\/wp-json\/wp\/v2\/types\/product"}],"replies":[{"embeddable":true,"href":"https:\/\/www.hydraulic-cylinders.net\/sk\/wp-json\/wp\/v2\/comments?post=14378"}],"wp:featuredmedia":[{"embeddable":true,"href":"https:\/\/www.hydraulic-cylinders.net\/sk\/wp-json\/wp\/v2\/media\/10649"}],"wp:attachment":[{"href":"https:\/\/www.hydraulic-cylinders.net\/sk\/wp-json\/wp\/v2\/media?parent=14378"}],"wp:term":[{"taxonomy":"product_brand","embeddable":true,"href":"https:\/\/www.hydraulic-cylinders.net\/sk\/wp-json\/wp\/v2\/product_brand?post=14378"},{"taxonomy":"product_cat","embeddable":true,"href":"https:\/\/www.hydraulic-cylinders.net\/sk\/wp-json\/wp\/v2\/product_cat?post=14378"},{"taxonomy":"product_tag","embeddable":true,"href":"https:\/\/www.hydraulic-cylinders.net\/sk\/wp-json\/wp\/v2\/product_tag?post=14378"}],"curies":[{"name":"pracovn\u00fd list","href":"https:\/\/api.w.org\/{rel}","templated":true}]}}