{"id":14503,"date":"2024-12-12T08:49:19","date_gmt":"2024-12-12T08:49:19","guid":{"rendered":"https:\/\/www.hydraulic-cylinders.net\/product\/replacement-of-lva13160-hydraulic-cylinder\/"},"modified":"2024-12-12T08:49:21","modified_gmt":"2024-12-12T08:49:21","slug":"replacement-of-lva13160-hydraulic-cylinder","status":"publish","type":"product","link":"https:\/\/www.hydraulic-cylinders.net\/sk\/produkt\/replacement-of-lva13160-hydraulic-cylinder\/","title":{"rendered":"V\u00fdmena hydraulick\u00e9ho valca LVA13160"},"content":{"rendered":"<h2>\u00davod<\/h2>\n<p>N\u00e1hradn\u00fd hydraulick\u00fd valec LVA13160 je z\u00e1kladnou s\u00fa\u010das\u0165ou pou\u017e\u00edvanou v \u0165a\u017ek\u00fdch strojoch. Je navrhnut\u00fd tak, aby poskytoval potrebn\u00fa silu na pohyb \u0165a\u017ek\u00fdch zariaden\u00ed a je d\u00f4le\u017eitou s\u00fa\u010das\u0165ou ka\u017ed\u00e9ho hydraulick\u00e9ho syst\u00e9mu.<\/p>\n<h2>\u0160pecifik\u00e1cie a kompatibilita<\/h2>\n<p>N\u00e1hradn\u00fd hydraulick\u00fd valec LVA13160 v\u00e1\u017ei 13,01 libier a m\u00e1 v\u00fd\u0161ku 2,8 palca, \u0161\u00edrku 4 palce a d\u013a\u017eku 18,2 palca. Tento produkt je kompatibiln\u00fd s nasleduj\u00facimi modelmi: 46, 47, 48, 260, 270A, 270B, 370B, 375, 375A, 385A, 447, 448 a 485A.<\/p>\n<h2>Funkcie<\/h2>\n<ul>\n<li>Zlep\u0161en\u00fd v\u00fdkon zariadenia<\/li>\n<li>Zv\u00fd\u0161en\u00e1 bezpe\u010dnos\u0165<\/li>\n<li>Ochrana pred pre\u0165a\u017een\u00edm<\/li>\n<li>R\u00fdchla in\u0161tal\u00e1cia<\/li>\n<li>\u0160tandardizovan\u00e9 komponenty<\/li>\n<\/ul>\n<h3>Zlep\u0161en\u00fd v\u00fdkon zariadenia<\/h3>\n<p>V\u00fdmena hydraulick\u00e9ho valca LVA13160 sa m\u00f4\u017ee pou\u017ei\u0165 na v\u00fdmenu po\u0161koden\u00fdch alebo opotrebovan\u00fdch valcov, \u010d\u00edm sa obnov\u00ed spr\u00e1vna prev\u00e1dzka a v\u00fdkon zariadenia v r\u00f4znych aplik\u00e1ci\u00e1ch.<\/p>\n<h3>Zv\u00fd\u0161en\u00e1 bezpe\u010dnos\u0165<\/h3>\n<p>Pravideln\u00e1 v\u00fdmena hydraulick\u00fdch valcov m\u00f4\u017ee zn\u00ed\u017ei\u0165 riziko bezpe\u010dnostn\u00fdch riz\u00edk sp\u00f4soben\u00fdch poruchou valca a zaisti\u0165 bezpe\u010dnos\u0165 obsluhy a zariadenia.<\/p>\n<h3>Ochrana pred pre\u0165a\u017een\u00edm<\/h3>\n<p>Nov\u00e9 kon\u0161trukcie valcov \u010dasto obsahuj\u00fa lep\u0161ie mechanizmy ochrany proti pre\u0165a\u017eeniu, \u010d\u00edm sa zvy\u0161uje bezpe\u010dnos\u0165.<\/p>\n<h3>R\u00fdchla in\u0161tal\u00e1cia<\/h3>\n<p>Modern\u00e9 hydraulick\u00e9 valce s\u00fa navrhnut\u00e9 pre jednoduch\u00fa in\u0161tal\u00e1ciu a v\u00fdmenu, \u010d\u00edm sa skracuj\u00fa prestoje.<\/p>\n<h3>\u0160tandardizovan\u00e9 komponenty<\/h3>\n<p>Mnoh\u00e9 hydraulick\u00e9 valce s\u00fa \u0161tandardizovan\u00e9 produkty, \u010do u\u013eah\u010duje z\u00edskanie n\u00e1hradn\u00fdch dielov na trhu.<\/p>\n<h2>Aplik\u00e1cie<\/h2>\n<p>N\u00e1hradn\u00fd hydraulick\u00fd valec LVA13160 sa m\u00f4\u017ee pou\u017ei\u0165 v r\u00f4znych aplik\u00e1ci\u00e1ch \u0165a\u017ek\u00fdch strojov.<\/p>\n<ul>\n<li>R\u00fdpadl\u00e1: Hydraulick\u00e9 valce, ktor\u00e9 sa pou\u017e\u00edvaj\u00fa v ramen\u00e1ch alebo vedr\u00e1ch r\u00fdpadiel, m\u00f4\u017eu by\u0165 potrebn\u00e9 vymeni\u0165 z d\u00f4vodu opotrebenia alebo po\u0161kodenia sp\u00f4soben\u00e9ho dlhodob\u00fdm pou\u017e\u00edvan\u00edm alebo pre\u0165a\u017een\u00edm.<\/li>\n<li>\u017deriavy: Hydraulick\u00e9 valce v ramen\u00e1ch \u017eeriavov podliehaj\u00fa \u010dast\u00e9mu opotrebovaniu a na zaistenie bezpe\u010dnosti ich m\u00f4\u017ee by\u0165 potrebn\u00e9 pravidelne vymie\u0148a\u0165.<\/li>\n<li>Traktory: Hydraulick\u00e9 valce v \u010deln\u00fdch naklada\u010doch traktorov m\u00f4\u017eu po\u010das neust\u00e1leho zdv\u00edhania a nakl\u00e1\u0148ania vykazova\u0165 netesnosti alebo zn\u00ed\u017eenie v\u00fdkonu a je potrebn\u00e9 ich vymeni\u0165.<\/li>\n<li>Zbera\u010de: Hydraulick\u00e9 syst\u00e9my v zbera\u010doch s\u00fa po\u010das prev\u00e1dzky pod vysok\u00fdm tlakom a valce sa m\u00f4\u017eu po\u0161kodi\u0165 v d\u00f4sledku \u00fanavy materi\u00e1lu, \u010do si vy\u017eaduje v\u010dasn\u00fa v\u00fdmenu, aby sa zachovala efektivita pr\u00e1ce.<\/li>\n<li>Automatizovan\u00e9 v\u00fdrobn\u00e9 linky: Hydraulick\u00e9 valce sa pou\u017e\u00edvaj\u00fa na ovl\u00e1danie robotick\u00fdch ramien a in\u00fdch automatiza\u010dn\u00fdch zariaden\u00ed. Ak valec zlyh\u00e1, m\u00f4\u017ee to ovplyvni\u0165 efektivitu v\u00fdroby a je potrebn\u00e9 ho okam\u017eite vymeni\u0165.<\/li>\n<li>Stroje na tlakov\u00e9 liatie: V prostred\u00ed s vysok\u00fdm tlakom a vysokou teplotou m\u00f4\u017ee d\u00f4js\u0165 k zn\u00ed\u017eeniu v\u00fdkonu hydraulick\u00fdch valcov a pravideln\u00e1 v\u00fdmena m\u00f4\u017ee zabezpe\u010di\u0165 kvalitu v\u00fdrobku.<\/li>\n<li>Bansk\u00e9 zariadenia: Hydraulick\u00e9 valce sa pou\u017e\u00edvaj\u00fa na zdv\u00edhanie a premiest\u0148ovanie \u0165a\u017ek\u00fdch predmetov v bansk\u00fdch zariadeniach. Vzh\u013eadom na n\u00e1ro\u010dn\u00e9 pracovn\u00e9 podmienky je nevyhnutn\u00e1 pravideln\u00e1 kontrola a v\u00fdmena, aby sa predi\u0161lo poruche zariadenia.<\/li>\n<li>Buldoz\u00e9ry: Opotrebovanie hydraulick\u00fdch valcov v tla\u010dn\u00fdch ramen\u00e1ch buldoz\u00e9rov m\u00f4\u017ee vies\u0165 k zn\u00ed\u017eeniu tla\u010dnej schopnosti a valce je potrebn\u00e9 v\u010das vymeni\u0165, aby sa zachovala prev\u00e1dzkov\u00e1 \u00fa\u010dinnos\u0165.<\/li>\n<\/ul>\n<h2>\u00dadr\u017eba<\/h2>\n<p>Pravideln\u00e1 \u00fadr\u017eba n\u00e1hradn\u00e9ho hydraulick\u00e9ho valca LVA13160 m\u00f4\u017ee pred\u013a\u017ei\u0165 jeho \u017eivotnos\u0165 a zabezpe\u010di\u0165 spr\u00e1vnu prev\u00e1dzku.<\/p>\n<h3>Kontroly<\/h3>\n<p>Pravideln\u00e9 kontroly dok\u00e1\u017eu v\u010das odhali\u0165 probl\u00e9my, \u010do v\u00e1m umo\u017en\u00ed rie\u0161i\u0165 ich sk\u00f4r, ako sa stan\u00fa z\u00e1va\u017en\u00fdmi probl\u00e9mami.<\/p>\n<h3>Mazanie<\/h3>\n<p>Spr\u00e1vne mazanie je nevyhnutn\u00e9 pre zabezpe\u010denie hladk\u00e9ho chodu a ochranu pred opotreben\u00edm. Hydraulick\u00e9 valce vy\u017eaduj\u00fa pravideln\u00e9 mazanie, aby sa predi\u0161lo po\u0161kodeniu.<\/p>\n<h3>V\u00fdmena tesnenia<\/h3>\n<p>Opotrebovan\u00e9 tesnenia m\u00f4\u017eu sp\u00f4sobi\u0165 netesnosti, \u010d\u00edm sa zni\u017euje \u00fa\u010dinnos\u0165 valca. Ich pravideln\u00e1 v\u00fdmena m\u00f4\u017ee tomuto probl\u00e9mu pred\u00eds\u0165.<\/p>\n<h3>Kontrola kalibr\u00e1cie<\/h3>\n<p>Pravideln\u00e9 kalibra\u010dn\u00e9 kontroly m\u00f4\u017eu zabezpe\u010di\u0165, aby valec fungoval v r\u00e1mci stanoven\u00e9ho rozsahu, \u010d\u00edm sa zabezpe\u010d\u00ed spr\u00e1vna prev\u00e1dzka a dlh\u00e1 \u017eivotnos\u0165.<\/p>\n<h2>Bezpe\u010dnostn\u00e9 a environment\u00e1lne aspekty<\/h2>\n<p>S v\u00fdmenou hydraulick\u00e9ho valca LVA13160 je potrebn\u00e9 zaobch\u00e1dza\u0165 opatrne, aby sa predi\u0161lo zraneniu. Pri pr\u00e1ci s hydraulick\u00fdmi valcami by sa mali nosi\u0165 vhodn\u00e9 bezpe\u010dnostn\u00e9 prostriedky. Valce by sa mali spr\u00e1vne zlikvidova\u0165, aby sa predi\u0161lo po\u0161kodeniu \u017eivotn\u00e9ho prostredia.<\/p>\n<h2>Diagnostika por\u00fach a rie\u0161enie probl\u00e9mov<\/h2>\n<p>Medzi be\u017en\u00e9 probl\u00e9my s v\u00fdmenou hydraulick\u00e9ho valca LVA13160 patria netesnosti, ohnutie piestnej ty\u010de a po\u0161kodenie tesnenia. Ak sa vyskytne niektor\u00fd z t\u00fdchto probl\u00e9mov, postupujte pod\u013ea t\u00fdchto krokov:<\/p>\n<ul>\n<li>Okam\u017eite presta\u0148te pou\u017e\u00edva\u0165 valec.<\/li>\n<li>Identifikujte pr\u00ed\u010dinu probl\u00e9mu.<\/li>\n<li>Prijmite vhodn\u00e9 opatrenia na rie\u0161enie probl\u00e9mu.<\/li>\n<\/ul>\n<h2>Dizajn produktu a krit\u00e9ri\u00e1 v\u00fdberu<\/h2>\n<p>V\u00fdmena hydraulick\u00e9ho valca LVA13160 bola navrhnut\u00e1 s oh\u013eadom na nasleduj\u00face faktory:<\/p>\n<ul>\n<li>Nosnos\u0165<\/li>\n<li>Tesniaci v\u00fdkon<\/li>\n<li>Trvanlivos\u0165<\/li>\n<li>Bezpe\u010dnos\u0165<\/li>\n<li>Udr\u017eiavate\u013enos\u0165<\/li>\n<\/ul>\n<h3>Nosnos\u0165<\/h3>\n<p>Valec mus\u00ed by\u0165 schopn\u00fd odola\u0165 sil\u00e1m, ktor\u00fdm bude \u010deli\u0165 po\u010das prev\u00e1dzky.<\/p>\n<h3>Tesniaci v\u00fdkon<\/h3>\n<p>Tesnenia musia by\u0165 odoln\u00e9 vo\u010di opotrebovaniu a musia zabr\u00e1ni\u0165 \u00fanikom.<\/p>\n<h3>Trvanlivos\u0165<\/h3>\n<p>Valec mus\u00ed by\u0165 schopn\u00fd odola\u0165 pravideln\u00e9mu pou\u017e\u00edvaniu a vyhn\u00fa\u0165 sa po\u0161kodeniu v d\u00f4sledku \u00fanavy materi\u00e1lu alebo opotrebenia.<\/p>\n<h3>Bezpe\u010dnos\u0165<\/h3>\n<p>Valec mus\u00ed by\u0165 navrhnut\u00fd s oh\u013eadom na bezpe\u010dnos\u0165 a mus\u00ed ma\u0165 funkcie, ako s\u00fa mechanizmy ochrany proti pre\u0165a\u017eeniu.<\/p>\n<h3>Udr\u017eiavate\u013enos\u0165<\/h3>\n<p>\u00dadr\u017eba a opravy by mali by\u0165 jednoduch\u00e9 a n\u00e1kladovo efekt\u00edvne, so \u0161tandardizovan\u00fdmi komponentmi a \u013eahk\u00fdm pr\u00edstupom na kontrolu a v\u00fdmenu.<\/p>\n<h2>Tesnenia a mazanie<\/h2>\n<p>V\u00fdmena hydraulick\u00e9ho valca LVA13160 pou\u017e\u00edva r\u00f4zne tesnenia vr\u00e1tane tesnen\u00ed piestov a tesnen\u00ed ty\u010d\u00ed. Tieto tesnenia s\u00fa vyroben\u00e9 z polyuret\u00e1nu alebo nitrilovej gumy a s\u00fa navrhnut\u00e9 tak, aby odol\u00e1vali opotrebovaniu. Na udr\u017eanie efekt\u00edvnej a plynulej prev\u00e1dzky je nevyhnutn\u00e9 spr\u00e1vne mazanie hydraulick\u00fdm olejom.<\/p>\n<h2>In\u0161tal\u00e1cia a \u00fadr\u017eba<\/h2>\n<p>Spr\u00e1vna in\u0161tal\u00e1cia je k\u013e\u00fa\u010dov\u00e1 pre spr\u00e1vnu funkciu n\u00e1hradn\u00e9ho hydraulick\u00e9ho valca LVA13160. Spr\u00e1vne zarovnanie a pou\u017eitie vhodn\u00fdch mont\u00e1\u017enych konzol zabezpe\u010dia bezpe\u010dn\u00e9 upevnenie valca. Pravideln\u00e1 \u00fadr\u017eba vr\u00e1tane kontrol, mazania, v\u00fdmeny tesnen\u00ed a kalibra\u010dn\u00fdch kontrol je nevyhnutn\u00e1 pre plynul\u00fd a efekt\u00edvny chod valca.<\/p>\n<h2>Predstavenie spolo\u010dnosti<\/h2>\n<p>Sme popredn\u00fdm v\u00fdrobcom a ve\u013ekoobchodn\u00edkom hydraulick\u00fdch valcov s kompletn\u00fdm sortimentom produktov a medzin\u00e1rodn\u00fdmi certifik\u00e1ciami. Na\u0161e prisp\u00f4soben\u00e9 slu\u017eby, modern\u00e9 v\u00fdrobn\u00e9 zariadenia a popredajn\u00fd servis z n\u00e1s robia popredn\u00fa vo\u013ebu pre hydraulick\u00e9 valce.<\/p>\n<h2>Z\u00e1ver<\/h2>\n<p>V\u00fdmena hydraulick\u00e9ho valca LVA13160 je d\u00f4le\u017eitou s\u00fa\u010das\u0165ou \u0165a\u017ek\u00fdch strojov, ktor\u00e1 poskytuje nevyhnutn\u00fa silu na pohyb zariadenia. Spr\u00e1vna \u00fadr\u017eba a starostlivos\u0165 m\u00f4\u017eu pred\u013a\u017ei\u0165 \u017eivotnos\u0165 valca a zabezpe\u010di\u0165 bezpe\u010dn\u00fa a efekt\u00edvnu prev\u00e1dzku.<\/p>\n<p><img decoding=\"async\" src=\"https:\/\/www.hydraulic-cylinders.net\/wp-content\/uploads\/2024\/12\/Replacement-Of-John-Deere-Hydraulic-Cylinder-8.webp\" alt=\"Obr\u00e1zok hydraulick\u00e9ho valca\"><\/p>\n<p>Autor: lyl<\/p>","protected":false},"excerpt":{"rendered":"<p>Introduction The Replacement of LVA13160 Hydraulic Cylinder is an essential component used in heavy machinery. It is designed to provide the necessary force to move heavy equipment and is a vital part of any hydraulic system. Specifications and Compatibility The Replacement of LVA13160 Hydraulic Cylinder weighs 13.01 lbs and has a height of 2.8 inches, [&hellip;]<\/p>","protected":false},"featured_media":12312,"comment_status":"open","ping_status":"closed","template":"","meta":{"_et_pb_use_builder":"","_et_pb_old_content":"","_et_gb_content_width":""},"product_brand":[],"product_cat":[1489],"product_tag":[1380,1490,1491],"class_list":{"0":"post-14503","1":"product","2":"type-product","3":"status-publish","4":"has-post-thumbnail","6":"product_cat-replacement-of-john-deere-hydraulic-cylinder","7":"product_tag-hydraulic-cylinder","8":"product_tag-replacement-of-hydraulic-cylinder","9":"product_tag-replacemet-of-john-deere-hydraulic-cylinder","11":"first","12":"instock","13":"shipping-taxable","14":"product-type-simple"},"amp_enabled":true,"_links":{"self":[{"href":"https:\/\/www.hydraulic-cylinders.net\/sk\/wp-json\/wp\/v2\/product\/14503","targetHints":{"allow":["GET"]}}],"collection":[{"href":"https:\/\/www.hydraulic-cylinders.net\/sk\/wp-json\/wp\/v2\/product"}],"about":[{"href":"https:\/\/www.hydraulic-cylinders.net\/sk\/wp-json\/wp\/v2\/types\/product"}],"replies":[{"embeddable":true,"href":"https:\/\/www.hydraulic-cylinders.net\/sk\/wp-json\/wp\/v2\/comments?post=14503"}],"wp:featuredmedia":[{"embeddable":true,"href":"https:\/\/www.hydraulic-cylinders.net\/sk\/wp-json\/wp\/v2\/media\/12312"}],"wp:attachment":[{"href":"https:\/\/www.hydraulic-cylinders.net\/sk\/wp-json\/wp\/v2\/media?parent=14503"}],"wp:term":[{"taxonomy":"product_brand","embeddable":true,"href":"https:\/\/www.hydraulic-cylinders.net\/sk\/wp-json\/wp\/v2\/product_brand?post=14503"},{"taxonomy":"product_cat","embeddable":true,"href":"https:\/\/www.hydraulic-cylinders.net\/sk\/wp-json\/wp\/v2\/product_cat?post=14503"},{"taxonomy":"product_tag","embeddable":true,"href":"https:\/\/www.hydraulic-cylinders.net\/sk\/wp-json\/wp\/v2\/product_tag?post=14503"}],"curies":[{"name":"pracovn\u00fd list","href":"https:\/\/api.w.org\/{rel}","templated":true}]}}