{"id":15119,"date":"2025-01-19T14:07:48","date_gmt":"2025-01-19T14:07:48","guid":{"rendered":"https:\/\/www.hydraulic-cylinders.net\/product\/bucket-cylinder-for-komatsu-small-excavator-pc156-7\/"},"modified":"2025-01-19T14:07:50","modified_gmt":"2025-01-19T14:07:50","slug":"bucket-cylinder-for-komatsu-small-excavator-pc156-7","status":"publish","type":"product","link":"https:\/\/www.hydraulic-cylinders.net\/sk\/produkt\/bucket-cylinder-for-komatsu-small-excavator-pc156-7\/","title":{"rendered":"Valec vedra pre mal\u00e9 r\u00fdpadlo Komatsu PC156-7"},"content":{"rendered":"<h2>\u00davod<\/h2>\n<h3>Valec vedra pre mal\u00e9 r\u00fdpadlo Komatsu PC156-7<\/h3>\n<p>Hydraulick\u00fd valec ly\u017eice pre mal\u00e9 r\u00fdpadl\u00e1 Komatsu PC156-7 je \u0161peci\u00e1lne navrhnut\u00fd hydraulick\u00fd valec pou\u017e\u00edvan\u00fd na ovl\u00e1danie pohybu ly\u017eice v \u0165a\u017ek\u00fdch strojoch, ako s\u00fa r\u00fdpadl\u00e1, r\u00fdpadlo-naklada\u010de a \u010deln\u00e9 naklada\u010de. Jeho hlavnou funkciou je umo\u017eni\u0165 zdv\u00edhanie, sp\u00fa\u0161\u0165anie a nakl\u00e1\u0148anie ly\u017eice, \u010do u\u013eah\u010duje r\u00f4zne \u00falohy manipul\u00e1cie s materi\u00e1lom. V hydraulickom syst\u00e9me valec ly\u017eice riadi presn\u00fd pohyb ly\u017eice prostredn\u00edctvom zmien tlaku hydraulick\u00e9ho oleja, \u010do umo\u017e\u0148uje obsluhe efekt\u00edvne manipulova\u0165 s \u0165a\u017ek\u00fdmi bremenami a prisp\u00f4sobova\u0165 sa zlo\u017eit\u00fdm pracovn\u00fdm prostrediam a r\u00f4znorod\u00fdm po\u017eiadavk\u00e1m na pr\u00e1cu.<\/p>\n<p><img decoding=\"async\" src=\"https:\/\/www.hydraulic-cylinders.net\/wp-content\/uploads\/2025\/01\/songte-company-2.webp\" alt=\"Obr\u00e1zok valca vedra\"><\/p>\n<h2>Funkcie<\/h2>\n<ul>\n<li>Vysok\u00e1 pevnos\u0165 a odolnos\u0165: Zvy\u010dajne sa vyr\u00e1ba z vysokopevnostnej ocele alebo hlin\u00edka, odol\u00e1 vysok\u00e9mu tlaku a \u0165a\u017ek\u00fdm za\u0165a\u017eeniam, \u010d\u00edm sa prisp\u00f4sob\u00ed n\u00e1ro\u010dn\u00fdm pracovn\u00fdm podmienkam. Kon\u0161trukcia tie\u017e zoh\u013ead\u0148uje odolnos\u0165 vo\u010di opotrebovaniu a kor\u00f3zii, \u010d\u00edm sa predl\u017euje \u017eivotnos\u0165.<\/li>\n<li>Efekt\u00edvna hydraulick\u00e1 prev\u00e1dzka: Plynul\u00fd teleskopick\u00fd pohyb sa dosahuje vyu\u017eit\u00edm tlaku hydraulick\u00e9ho oleja, ktor\u00fd dok\u00e1\u017ee r\u00fdchlo reagova\u0165 na ovl\u00e1dacie povely a poskytuje siln\u00fa tla\u010dno-\u0165ahov\u00fa silu, vhodn\u00fa na manipul\u00e1ciu s \u0165a\u017ek\u00fdmi bremenami a zlo\u017eit\u00fdmi pracovn\u00fdmi \u00falohami.<\/li>\n<li>R\u00f4zne typy: Jedno\u010dinn\u00e9 (hydraulicky ovl\u00e1dan\u00e9 v jednom smere) alebo dvoj\u010dinn\u00e9 (hydraulicky ovl\u00e1dan\u00e9 v oboch smeroch) valce je mo\u017en\u00e9 vybra\u0165 pod\u013ea po\u017eiadaviek, aby sa splnili r\u00f4zne prev\u00e1dzkov\u00e9 potreby. Niektor\u00e9 modely s\u00fa teleskopick\u00e9, \u010do umo\u017e\u0148uje v\u00e4\u010d\u0161ie roz\u0161\u00edrenie bez zv\u00e4\u010d\u0161enia vonkaj\u0161\u00edch rozmerov, vhodn\u00e9 pre aplik\u00e1cie s obmedzen\u00fdm priestorom.<\/li>\n<li>Vysokokvalitn\u00e1 n\u00e1hrada: N\u00e1\u0161 produkt dok\u00e1\u017ee dokonale nahradi\u0165 tieto hydraulick\u00e9 valce.<\/li>\n<\/ul>\n<p><img decoding=\"async\" src=\"https:\/\/www.hydraulic-cylinders.net\/wp-content\/uploads\/2025\/01\/songte-cylinder-head-with-all-kinds-excavator-models.webp\" alt=\"Obr\u00e1zok v\u00fdmeny valca vedra\"><\/p>\n<h2>Aplik\u00e1cie<\/h2>\n<p>Valec s vedrom sa m\u00f4\u017ee pou\u017e\u00edva\u0165 v r\u00f4znych strojoch a odvetviach, vr\u00e1tane:<\/p>\n<ul>\n<li>Stavebn\u00e9 zariadenia: V bagroch s\u00fa k\u013e\u00fa\u010dov\u00e9 pre kopanie, nakladanie a premiest\u0148ovanie zeminy alebo sutiny. V r\u00fdpadlo-naklada\u010doch pom\u00e1ha valec ly\u017eice pri v\u00fdkopov\u00fdch pr\u00e1cach a zdv\u00edhan\u00ed. <\/li>\n<li>Po\u013enohospod\u00e1rske stroje: Pou\u017e\u00edvaj\u00fa sa v \u010deln\u00fdch naklada\u010doch na naberanie, zdv\u00edhanie a prepravu p\u00f4dy, sena a in\u00fdch materi\u00e1lov. <\/li>\n<li>R\u00fdpadl\u00e1: Valec ly\u017eice umo\u017e\u0148uje ly\u017eici prenikn\u00fa\u0165 do p\u00f4dy a dosiahnu\u0165 tak kopanie. <\/li>\n<li>\u010celn\u00e9 naklada\u010de: \u010celn\u00e9 naklada\u010de pom\u00e1haj\u00fa efekt\u00edvne zdv\u00edha\u0165 a vyklada\u0165 tovar.<\/li>\n<\/ul>\n<p>Ka\u017ed\u00e1 aplik\u00e1cia je pop\u00edsan\u00e1 ni\u017e\u0161ie:<\/p>\n<ul>\n<li><strong>Stavebn\u00e9 vybavenie:<\/strong> V r\u00fdpadl\u00e1ch sa valec ly\u017eice pou\u017e\u00edva na premiest\u0148ovanie zeminy alebo sutiny ich kopan\u00edm alebo zdv\u00edhan\u00edm. V r\u00fdpadlo-naklada\u010doch valec ly\u017eice pom\u00e1ha pri kopan\u00ed a zdv\u00edhan\u00ed.<\/li>\n<li><strong>Po\u013enohospod\u00e1rske stroje:<\/strong> Valec korby sa pou\u017e\u00edva v \u010deln\u00fdch naklada\u010doch na naberanie, zdv\u00edhanie a prepravu p\u00f4dy, sena a in\u00fdch materi\u00e1lov.<\/li>\n<li><strong>R\u00fdpadl\u00e1:<\/strong> Valec ly\u017eice umo\u017e\u0148uje ly\u017eici prenikn\u00fa\u0165 do p\u00f4dy a dosiahnu\u0165 tak kopac\u00ed \u00fa\u010dinok. Pom\u00e1ha bagrom vykon\u00e1va\u0165 kopacie \u00falohy r\u00fdchlo a efekt\u00edvne.<\/li>\n<li><strong>\u010celn\u00e9 naklada\u010de:<\/strong> V \u010deln\u00fdch naklada\u010doch pom\u00e1ha valec ly\u017eice efekt\u00edvne zdv\u00edha\u0165 a vyklada\u0165 tovar.<\/li>\n<\/ul>\n<h2>\u00davahy o dizajne a krit\u00e9ri\u00e1 v\u00fdberu<\/h2>\n<p>Z h\u013eadiska kon\u0161truk\u010dn\u00fdch aspektov s\u00fa ni\u017e\u0161ie uveden\u00e9 aspekty nosnosti, tesnosti, trvanlivosti, bezpe\u010dnosti a \u00fadr\u017eby valca vedra:<\/p>\n<ul>\n<li><strong>Nosnos\u0165:<\/strong> Valec s vedrom by mal by\u0165 schopn\u00fd odola\u0165 \u0165a\u017ek\u00fdm za\u0165a\u017eeniam a vysok\u00e9mu tlaku a z\u00e1rove\u0148 si zachova\u0165 stabilitu.<\/li>\n<li><strong>Tesnenie:<\/strong> Valec vedra by mal ma\u0165 spr\u00e1vne tesnenie, aby sa zabr\u00e1nilo \u00faniku oleja a zabezpe\u010dila sa plynul\u00e1 prev\u00e1dzka. Na tesniace prvky sa be\u017ene pou\u017e\u00edva polyuret\u00e1n, nitrilov\u00e1 guma a in\u00e9 materi\u00e1ly odoln\u00e9 vo\u010di opotrebovaniu.<\/li>\n<li><strong>Trvanlivos\u0165:<\/strong> V n\u00e1ro\u010dn\u00fdch pracovn\u00fdch prostrediach by mal ma\u0165 valec vedra vysok\u00fa odolnos\u0165 vo\u010di opotrebovaniu a kor\u00f3zii.<\/li>\n<li><strong>Bezpe\u010dnos\u0165:<\/strong> Valec vedra by mal ma\u0165 potrebn\u00e9 bezpe\u010dnostn\u00e9 prvky, aby sa predi\u0161lo nehod\u00e1m a zabezpe\u010dila sa bezpe\u010dnos\u0165 obsluhy.<\/li>\n<li><strong>Udr\u017eiavate\u013enos\u0165:<\/strong> Valec vedra by mal ma\u0165 \u013eahko pr\u00edstupn\u00e9 \u010dasti pre r\u00fdchlu a jednoduch\u00fa \u00fadr\u017ebu a opravu. <\/li>\n<\/ul>\n<p><img decoding=\"async\" src=\"https:\/\/www.hydraulic-cylinders.net\/wp-content\/uploads\/2025\/01\/songte-oil-pipes-and-spare-parts.webp\" alt=\"Obr\u00e1zok \u010dast\u00ed valca vedra\"><\/p>\n<h2>Tesnenie a mazanie<\/h2>\n<p>Tesnenie a mazanie valca s vedrom by sa malo bra\u0165 v\u00e1\u017ene. Valec by mal pou\u017e\u00edva\u0165 r\u00f4zne tesniace prvky, ako s\u00fa tesnenia piestov a ty\u010d\u00ed, vyroben\u00e9 z materi\u00e1lov odoln\u00fdch proti opotrebovaniu, ako je polyuret\u00e1n a nitrilov\u00fd kau\u010duk. Teleso valca a z\u00e1vitov\u00e9 konce by mali by\u0165 jemne opracovan\u00e9, aby sa zlep\u0161ila odolnos\u0165 proti opotrebovaniu. Spr\u00e1vne mazanie je nevyhnutn\u00e9 pre hladk\u00fd chod a pravideln\u00e1 v\u00fdmena oleja je nevyhnutn\u00e1 pre spr\u00e1vnu \u00fadr\u017ebu.<\/p>\n<h2>\u00dadr\u017eba a opravy<\/h2>\n<p>Pravideln\u00e9 kontroly a prevent\u00edvne \u00fadr\u017eb\u00e1rske opatrenia pom\u00e1haj\u00fa minimalizova\u0165 potenci\u00e1lne probl\u00e9my. Spr\u00e1vna in\u0161tal\u00e1cia, mazanie a nastavenie s\u00fa k\u013e\u00fa\u010dov\u00e9 pre zabezpe\u010denie optim\u00e1lneho v\u00fdkonu. Medzi be\u017en\u00e9 \u00falohy \u00fadr\u017eby patria:<\/p>\n<ul>\n<li>Pravideln\u00e1 kontrola<\/li>\n<li>Spr\u00e1vne mazanie<\/li>\n<li>V\u00fdmena tesnenia<\/li>\n<li>Kalibra\u010dn\u00e9 kontroly<\/li>\n<\/ul>\n<p>Ka\u017ed\u00e1 \u00faloha je pop\u00edsan\u00e1 ni\u017e\u0161ie:<\/p>\n<ul>\n<li><strong>Pravideln\u00e1 kontrola:<\/strong> Pravideln\u00e9 kontroly pom\u00e1haj\u00fa v\u010das odhali\u0165 probl\u00e9my a minimalizova\u0165 potenci\u00e1lne prestoje. Pravidelne by sa mala vykon\u00e1va\u0165 kontrola opotrebovania, po\u0161kodenia a netesnost\u00ed.<\/li>\n<li><strong>Spr\u00e1vne mazanie:<\/strong> Mazanie je nevyhnutn\u00e9 pre hladk\u00fd chod valca. Valec by sa mal pravidelne maza\u0165, aby sa zabezpe\u010dila jeho hladk\u00e1 prev\u00e1dzka.<\/li>\n<li><strong>V\u00fdmena tesnenia:<\/strong> Tesnenia s\u00fa k\u013e\u00fa\u010dovou s\u00fa\u010das\u0165ou pri prevencii \u00faniku oleja a zabezpe\u010dovan\u00ed hladkej prev\u00e1dzky. Pravideln\u00e9 kontroly \u00fadr\u017eby by sa mali vykon\u00e1va\u0165, aby sa zabezpe\u010dil dobr\u00fd stav tesnen\u00ed. <\/li>\n<li><strong>Kalibra\u010dn\u00e9 kontroly:<\/strong> Kalibra\u010dn\u00e9 kontroly zabezpe\u010duj\u00fa, \u017ee tlakov\u00e1 f\u013ea\u0161a funguje spr\u00e1vne. Ak sa zistia probl\u00e9my s kalibr\u00e1ciou, mali by sa okam\u017eite rie\u0161i\u0165.<\/li>\n<\/ul>\n<p><img decoding=\"async\" src=\"https:\/\/www.hydraulic-cylinders.net\/wp-content\/uploads\/2025\/01\/songte-chushion-collar.webp\" alt=\"Obr\u00e1zok \u00fadr\u017eby valca vedra\"><\/p>\n<h2>Bezpe\u010dnostn\u00e9 aspekty a faktory prostredia<\/h2>\n<p>Pri pou\u017e\u00edvan\u00ed valca s vedro s\u00fa nevyhnutn\u00e9 bezpe\u010dnostn\u00e9 opatrenia. Na zaistenie bezpe\u010dnosti obsluhy by sa mala dodr\u017eiava\u0165 spr\u00e1vna in\u0161tal\u00e1cia, \u00fadr\u017eba a prev\u00e1dzka. Pri pou\u017e\u00edvan\u00ed valca s vedro by sa mali bra\u0165 do \u00favahy aj faktory prostredia, ako je teplota, vlhkos\u0165 a prach.<\/p>\n<h2>Rie\u0161enie probl\u00e9mov a be\u017en\u00e9 probl\u00e9my<\/h2>\n<p>Pri pou\u017e\u00edvan\u00ed valca vedra sa m\u00f4\u017eu vyskytn\u00fa\u0165 niektor\u00e9 be\u017en\u00e9 probl\u00e9my, ako napr\u00edklad \u00faniky oleja, nedostato\u010dn\u00fd tlak a nespr\u00e1vne zarovnanie. Na minimaliz\u00e1ciu potenci\u00e1lnych probl\u00e9mov by sa mali dodr\u017eiava\u0165 tipy na rie\u0161enie probl\u00e9mov, rie\u0161enia a prevent\u00edvne opatrenia. <\/p>\n<p><img decoding=\"async\" src=\"https:\/\/www.hydraulic-cylinders.net\/wp-content\/uploads\/2025\/01\/songte-bushings-with-all-kinds-of-excavator-models.webp\" alt=\"Obr\u00e1zok rie\u0161enia probl\u00e9mov s valcom vedra\"><\/p>\n<h2>O na\u0161ej spolo\u010dnosti<\/h2>\n<p>Sme v\u00fdrobcom n\u00e1hradn\u00fdch hydraulick\u00fdch valcov. Na\u0161a spolo\u010dnos\u0165 m\u00e1 kompletn\u00fd sortiment produktov a je jedn\u00fdm z popredn\u00fdch v\u00fdrobcov a ve\u013ekoobchodn\u00edkov s hydraulick\u00fdmi valcami na dom\u00e1com aj medzin\u00e1rodnom trhu. Dodr\u017eiavame vynikaj\u00facu kvalitu a spoliehame sa na strat\u00e9giu riadenia priemyselnej v\u00fdroby v jemn\u00fdch v\u00fdrobn\u00fdch diel\u0148ach. Na\u0161a spolo\u010dnos\u0165 neust\u00e1le zlep\u0161uje v\u00fdrobn\u00fa platformu dielne, zdokona\u013euje v\u00fdrobn\u00fa cestu kvality produktov a m\u00e1 siln\u00e9 tvoriv\u00e9 schopnosti, pri\u010dom uspokojuje z\u00e1kazn\u00edkov princ\u00edpmi vysokej efektivity, vysokej presnosti a vysokej kvality.<\/p>\n<p><img decoding=\"async\" src=\"https:\/\/hzpt.com\/wp-content\/uploads\/2024\/11\/songte-company-1.webp\" alt=\"Obr\u00e1zok spolo\u010dnosti\"><\/p>\n<h3>Profesionalita<\/h3>\n<p>M\u00e1me profesion\u00e1lny t\u00edm in\u017einierov a technikov, ktor\u00ed s\u00fa schopn\u00ed navrhn\u00fa\u0165 a vyrobi\u0165 vysoko kvalitn\u00e9 hydraulick\u00e9 valce pod\u013ea po\u017eiadaviek z\u00e1kazn\u00edka.<\/p>\n<h3>Medzin\u00e1rodn\u00e1 certifik\u00e1cia<\/h3>\n<p>Na\u0161a spolo\u010dnos\u0165 z\u00edskala r\u00f4zne medzin\u00e1rodn\u00e9 certifik\u00e1cie vr\u00e1tane CE a ISO. Z\u00e1kazn\u00edci si m\u00f4\u017eu by\u0165 ist\u00ed, \u017ee na\u0161e produkty sp\u013a\u0148aj\u00fa medzin\u00e1rodn\u00e9 \u0161tandardy kvality.<\/p>\n<h3>Slu\u017eby prisp\u00f4sobenia<\/h3>\n<p>Poskytujeme slu\u017eby prisp\u00f4sobenia, aby sme splnili \u0161pecifick\u00e9 potreby na\u0161ich z\u00e1kazn\u00edkov. N\u00e1\u0161 t\u00edm dok\u00e1\u017ee navrhn\u00fa\u0165 a vyrobi\u0165 hydraulick\u00e9 valce pod\u013ea po\u017eiadaviek z\u00e1kazn\u00edka.<\/p>\n<h3>V\u00fdrobn\u00e9 zariadenia<\/h3>\n<p>Na\u0161a spolo\u010dnos\u0165 pou\u017e\u00edva modern\u00e9 v\u00fdrobn\u00e9 zariadenia vr\u00e1tane CNC s\u00fastruhov a obr\u00e1bac\u00edch centier, aby zabezpe\u010dila presnos\u0165 a prec\u00edznos\u0165 na\u0161ich v\u00fdrobkov.<\/p>\n<h3>Popredajn\u00fd servis<\/h3>\n<p>Poskytujeme vynikaj\u00faci popredajn\u00fd servis vr\u00e1tane technickej podpory a \u00fadr\u017eby produktov. N\u00e1\u0161 t\u00edm je k dispoz\u00edcii, aby zodpovedal ak\u00e9ko\u013evek ot\u00e1zky alebo obavy z\u00e1kazn\u00edkov.<\/p>\n<h4>Autor: lyl<\/h4>","protected":false},"excerpt":{"rendered":"<p>Introduction Bucket Cylinder for Komatsu Small Excavator PC156-7 The Bucket Cylinder for Komatsu Small Excavator PC156-7 is a specifically designed hydraulic cylinder used for controlling the movement of the bucket in heavy machinery such as excavators, backhoe loaders, and front-end loaders. Its main function is to enable the bucket to lift, lower, and tilt, making [&hellip;]<\/p>","protected":false},"featured_media":14787,"comment_status":"open","ping_status":"closed","template":"","meta":{"_et_pb_use_builder":"","_et_pb_old_content":"","_et_gb_content_width":""},"product_brand":[],"product_cat":[1494],"product_tag":[1495,1496],"class_list":{"0":"post-15119","1":"product","2":"type-product","3":"status-publish","4":"has-post-thumbnail","6":"product_cat-bucket-cylinders","7":"product_tag-bucket-cylinders","8":"product_tag-hydraulic-cylinders","10":"first","11":"instock","12":"shipping-taxable","13":"product-type-simple"},"amp_enabled":true,"_links":{"self":[{"href":"https:\/\/www.hydraulic-cylinders.net\/sk\/wp-json\/wp\/v2\/product\/15119","targetHints":{"allow":["GET"]}}],"collection":[{"href":"https:\/\/www.hydraulic-cylinders.net\/sk\/wp-json\/wp\/v2\/product"}],"about":[{"href":"https:\/\/www.hydraulic-cylinders.net\/sk\/wp-json\/wp\/v2\/types\/product"}],"replies":[{"embeddable":true,"href":"https:\/\/www.hydraulic-cylinders.net\/sk\/wp-json\/wp\/v2\/comments?post=15119"}],"wp:featuredmedia":[{"embeddable":true,"href":"https:\/\/www.hydraulic-cylinders.net\/sk\/wp-json\/wp\/v2\/media\/14787"}],"wp:attachment":[{"href":"https:\/\/www.hydraulic-cylinders.net\/sk\/wp-json\/wp\/v2\/media?parent=15119"}],"wp:term":[{"taxonomy":"product_brand","embeddable":true,"href":"https:\/\/www.hydraulic-cylinders.net\/sk\/wp-json\/wp\/v2\/product_brand?post=15119"},{"taxonomy":"product_cat","embeddable":true,"href":"https:\/\/www.hydraulic-cylinders.net\/sk\/wp-json\/wp\/v2\/product_cat?post=15119"},{"taxonomy":"product_tag","embeddable":true,"href":"https:\/\/www.hydraulic-cylinders.net\/sk\/wp-json\/wp\/v2\/product_tag?post=15119"}],"curies":[{"name":"pracovn\u00fd list","href":"https:\/\/api.w.org\/{rel}","templated":true}]}}