{"id":15121,"date":"2025-01-19T14:07:55","date_gmt":"2025-01-19T14:07:55","guid":{"rendered":"https:\/\/www.hydraulic-cylinders.net\/product\/bucket-cylinder-for-komatsu-small-excavator-pc120-3-5-6-6e-7\/"},"modified":"2025-01-19T14:07:57","modified_gmt":"2025-01-19T14:07:57","slug":"bucket-cylinder-for-komatsu-small-excavator-pc120-3-5-6-6e-7","status":"publish","type":"product","link":"https:\/\/www.hydraulic-cylinders.net\/sk\/produkt\/bucket-cylinder-for-komatsu-small-excavator-pc120-3-5-6-6e-7\/","title":{"rendered":"Valec vedra pre mal\u00e9 r\u00fdpadlo Komatsu PC120-3-5-6-6E-7"},"content":{"rendered":"<h1>Valec vedra pre mal\u00e9 r\u00fdpadlo Komatsu PC120-3-5-6-6E-7<\/h1>\n<h2>\u00davod<\/h2>\n<p>Hydraulick\u00fd valec ly\u017eice je \u0161peci\u00e1lne navrhnut\u00fd hydraulick\u00fd valec, ktor\u00fd sa pou\u017e\u00edva predov\u0161etk\u00fdm na ovl\u00e1danie pohybu ly\u017eice v \u0165a\u017ek\u00fdch strojoch, ako s\u00fa bagre, r\u00fdpadl\u00e1 a \u010deln\u00e9 naklada\u010de. Jeho hlavnou funkciou je umo\u017eni\u0165 zdv\u00edhanie, sp\u00fa\u0161\u0165anie a nakl\u00e1\u0148anie ly\u017eice, \u010do u\u013eah\u010duje r\u00f4zne \u00falohy manipul\u00e1cie s materi\u00e1lom. V hydraulickom syst\u00e9me dosahuje valec ly\u017eice presn\u00e9 ovl\u00e1danie ly\u017eice prostredn\u00edctvom zmien tlaku hydraulick\u00e9ho oleja, \u010do umo\u017e\u0148uje obsluhe efekt\u00edvne manipulova\u0165 s \u0165a\u017ek\u00fdmi bremenami a prisp\u00f4sobova\u0165 sa zlo\u017eit\u00fdm pracovn\u00fdm prostrediam a r\u00f4znorod\u00fdm po\u017eiadavk\u00e1m pr\u00e1ce.<\/p>\n<p><img decoding=\"async\" src=\"https:\/\/www.hydraulic-cylinders.net\/wp-content\/uploads\/2025\/01\/songte-company-2.webp\" alt=\"Obr\u00e1zok valca vedra\"><\/p>\n<h2>Funkcie<\/h2>\n<ul>\n<li>Vysok\u00e1 pevnos\u0165 a odolnos\u0165: Zvy\u010dajne je vyroben\u00fd z vysokopevnostnej ocele alebo hlin\u00edka, odol\u00e1 vysok\u00e9mu tlaku a \u0165a\u017ek\u00fdm za\u0165a\u017eeniam a prisp\u00f4sob\u00ed sa n\u00e1ro\u010dn\u00fdm pracovn\u00fdm podmienkam. Kon\u0161trukcia zoh\u013ead\u0148uje odolnos\u0165 proti opotrebovaniu a kor\u00f3zii, aby sa pred\u013a\u017eila \u017eivotnos\u0165.<\/li>\n<li>Efekt\u00edvna hydraulick\u00e1 prev\u00e1dzka: Plynul\u00e9 pohyby vys\u00favania a s\u0165ahovania sa dosahuj\u00fa pomocou hydraulick\u00e9ho tlaku oleja, ktor\u00fd dok\u00e1\u017ee r\u00fdchlo reagova\u0165 na ovl\u00e1dacie povely a poskytuje siln\u00fa tla\u010dn\u00fa a \u0165a\u017en\u00fa silu, vhodn\u00fa na manipul\u00e1ciu s \u0165a\u017ek\u00fdmi bremenami a zlo\u017eit\u00e9 prev\u00e1dzkov\u00e9 \u00falohy.<\/li>\n<li>R\u00f4zne typy: Typy valcov je mo\u017en\u00e9 vybra\u0165 pod\u013ea po\u017eiadaviek, napr\u00edklad jedno\u010dinn\u00e9 (hydraulicky ovl\u00e1dan\u00e9 iba v jednom smere) alebo dvoj\u010dinn\u00e9 (hydraulicky ovl\u00e1dan\u00e9 v dvoch smeroch), aby sa splnili r\u00f4zne prev\u00e1dzkov\u00e9 potreby. Niektor\u00e9 modely s\u00fa teleskopick\u00e9, \u010do umo\u017e\u0148uje v\u00e4\u010d\u0161ie vysunutie bez zv\u00e4\u010d\u0161enia vonkaj\u0161\u00edch rozmerov, vhodn\u00e9 pre aplik\u00e1cie s obmedzen\u00fdm priestorom.<\/li>\n<li>Dokonal\u00e1 n\u00e1hrada: N\u00e1\u0161 produkt dok\u00e1\u017ee dokonale nahradi\u0165 tieto hydraulick\u00e9 valce.<\/li>\n<\/ul>\n<p><img decoding=\"async\" src=\"https:\/\/www.hydraulic-cylinders.net\/wp-content\/uploads\/2025\/01\/songte-cylinder-head-with-all-kinds-excavator-models.webp\" alt=\"Obr\u00e1zok valca vedra\"><\/p>\n<h2>Aplik\u00e1cie<\/h2>\n<p>Valce s ko\u0161\u00edkom sa be\u017ene pou\u017e\u00edvaj\u00fa v r\u00f4znych \u0165a\u017ek\u00fdch strojoch, medzi ktor\u00e9 patria:<\/p>\n<ul>\n<li>Stavebn\u00e9 zariadenia: V bagroch s\u00fa k\u013e\u00fa\u010dov\u00e9 pre kopanie, nakladanie a premiest\u0148ovanie zeminy alebo sutiny. V r\u00fdpadlo-naklada\u010doch pom\u00e1ha valec ly\u017eice pri kopan\u00ed aj zdv\u00edhan\u00ed. <\/li>\n<li>Po\u013enohospod\u00e1rske stroje: Pou\u017e\u00edvaj\u00fa sa v \u010deln\u00fdch naklada\u010doch na naberanie, zdv\u00edhanie a prepravu p\u00f4dy, sena a in\u00fdch materi\u00e1lov. <\/li>\n<li>R\u00fdpadl\u00e1: Valec ly\u017eice umo\u017e\u0148uje r\u00fdpadlu kopa\u0165 t\u00fdm, \u017ee umo\u017e\u0148uje ly\u017eici prenikn\u00fa\u0165 do p\u00f4dy. <\/li>\n<li>Naklada\u010de: V \u010deln\u00fdch naklada\u010doch pom\u00e1haj\u00fa pri efekt\u00edvnom zdv\u00edhan\u00ed a nakl\u00e1\u0148an\u00ed bremien. <\/li>\n<\/ul>\n<h2>\u00davahy o dizajne a \u0161tandardy v\u00fdberu<\/h2>\n<p>Pri navrhovan\u00ed valca s vedrom by sa mala venova\u0165 osobitn\u00e1 pozornos\u0165 jeho nosnosti, tesneniu, trvanlivosti, bezpe\u010dnosti a \u00fadr\u017ebe. Niektor\u00e9 z kon\u0161truk\u010dn\u00fdch \u00favah s\u00fa:<\/p>\n<ul>\n<li>Nosnos\u0165: Valec mus\u00ed by\u0165 schopn\u00fd odola\u0165 maxim\u00e1lnemu za\u0165a\u017eeniu o\u010dak\u00e1van\u00e9mu po\u010das prev\u00e1dzky.<\/li>\n<li>Tesnenie: Pou\u017eitie r\u00f4znych tesniacich materi\u00e1lov, ako s\u00fa tesnenia piestov, tesnenia ty\u010d\u00ed at\u010f., s materi\u00e1lmi odoln\u00fdmi vo\u010di opotrebovaniu, ako je polyuret\u00e1n a nitrilov\u00fd kau\u010duk, m\u00f4\u017ee pred\u013a\u017ei\u0165 \u017eivotnos\u0165 valca.<\/li>\n<li>Trvanlivos\u0165: Teleso valca a povrch z\u00e1vitov\u00e9ho konca by mali by\u0165 jemne opracovan\u00e9, \u010d\u00edm sa zv\u00fd\u0161i odolnos\u0165 valca vo\u010di opotrebovaniu.<\/li>\n<li>Bezpe\u010dnos\u0165: F\u013ea\u0161e by mali by\u0165 navrhnut\u00e9 tak, aby sa zabr\u00e1nilo \u00faniku, rozbitiu alebo n\u00e1hlemu uvo\u013eneniu tlaku, aby sa zabezpe\u010dila bezpe\u010dnos\u0165 zariaden\u00ed a obsluhy.<\/li>\n<li>\u00dadr\u017eba: Pravideln\u00e1 \u00fadr\u017eba, ako je kontrola a nastavovanie valca, m\u00f4\u017ee zabezpe\u010di\u0165 jeho spr\u00e1vnu funkciu a pred\u013a\u017ei\u0165 jeho \u017eivotnos\u0165.<\/li>\n<\/ul>\n<p><img decoding=\"async\" src=\"https:\/\/www.hydraulic-cylinders.net\/wp-content\/uploads\/2025\/01\/songte-oil-pipes-and-spare-parts.webp\" alt=\"Obr\u00e1zok valca vedra\"><\/p>\n<h2>Tesnenie a mazanie<\/h2>\n<p>Valce kor\u010dekov pou\u017e\u00edvaj\u00fa r\u00f4zne tesniace komponenty, ako s\u00fa tesnenia piestov a tesnenia ty\u010d\u00ed, aby sa zabr\u00e1nilo \u00faniku hydraulick\u00e9ho oleja. Pou\u017eit\u00e9 tesniace materi\u00e1ly s\u00fa zvy\u010dajne polyuret\u00e1n a nitrilov\u00fd kau\u010duk, ktor\u00e9 s\u00fa odoln\u00e9 vo\u010di opotrebovaniu a maj\u00fa vynikaj\u00face tesniace vlastnosti. Spr\u00e1vne mazanie je tie\u017e nevyhnutn\u00e9 pre zabezpe\u010denie hladk\u00e9ho chodu valca. Odpor\u00fa\u010da sa pravidelne prid\u00e1va\u0165 primeran\u00e9 mno\u017estvo hydraulick\u00e9ho oleja.<\/p>\n<h2>Prevent\u00edvna \u00fadr\u017eba a rie\u0161enie probl\u00e9mov<\/h2>\n<p>Prevent\u00edvna \u00fadr\u017eba je k\u013e\u00fa\u010dov\u00e1 pre zabezpe\u010denie dlhej \u017eivotnosti valca vedra. Pravideln\u00e9 kontroly, spr\u00e1vne mazanie, v\u00fdmena tesniacich komponentov a kontroly kalibr\u00e1cie s\u00fa be\u017en\u00fdmi \u00falohami \u00fadr\u017eby. Ak sa vyskytn\u00fa probl\u00e9my, spr\u00e1vne techniky rie\u0161enia probl\u00e9mov m\u00f4\u017eu pom\u00f4c\u0165 diagnostikova\u0165 a \u00fa\u010dinne vyrie\u0161i\u0165 probl\u00e9m. Je tie\u017e d\u00f4le\u017eit\u00e9 prija\u0165 prevent\u00edvne opatrenia na minimaliz\u00e1ciu potenci\u00e1lnych probl\u00e9mov.<\/p>\n<p><img decoding=\"async\" src=\"https:\/\/www.hydraulic-cylinders.net\/wp-content\/uploads\/2025\/01\/songte-chushion-collar.webp\" alt=\"Obr\u00e1zok valca vedra\"><\/p>\n<h2>Bezpe\u010dnostn\u00e9 a environment\u00e1lne aspekty<\/h2>\n<p>Pri pou\u017e\u00edvan\u00ed valcov s kore\u010dkami je potrebn\u00e9 dodr\u017eiava\u0165 bezpe\u010dnostn\u00e9 opatrenia, aby sa predi\u0161lo nehod\u00e1m a zraneniam. Je d\u00f4le\u017eit\u00e9 dodr\u017eiava\u0165 bezpe\u010dnostn\u00e9 pokyny a pokyny pre spr\u00e1vnu in\u0161tal\u00e1ciu a prev\u00e1dzku valca. Z environment\u00e1lneho h\u013eadiska je spr\u00e1vna likvid\u00e1cia pou\u017eit\u00e9ho hydraulick\u00e9ho oleja a in\u00fdch komponentov valca nevyhnutn\u00e1 na zabr\u00e1nenie kontamin\u00e1cie \u017eivotn\u00e9ho prostredia.<\/p>\n<h2>Predstavenie spolo\u010dnosti<\/h2>\n<p>Sme popredn\u00fdm v\u00fdrobcom a ve\u013ekoobchodn\u00fdm distrib\u00fatorom hydraulick\u00fdch valcov na dom\u00e1com aj medzin\u00e1rodnom trhu. N\u00e1\u0161 sortiment je komplexn\u00fd a usilujeme sa o excelentnos\u0165 v kvalite. V\u010faka industrializovan\u00fdm strat\u00e9gi\u00e1m riadenia v\u00fdroby, ktor\u00e9 s\u00fa podporovan\u00e9 kvalifikovan\u00fdmi pracovn\u00edkmi, \u0161pi\u010dkov\u00fdm digit\u00e1lnym v\u00fdrobn\u00fdm zariaden\u00edm a profesion\u00e1lnymi testovac\u00edmi syst\u00e9mami, neust\u00e1le zlep\u0161ujeme na\u0161u v\u00fdrobn\u00fa platformu, zdokona\u013eujeme v\u00fdrobn\u00fa cestu a m\u00e1me siln\u00e9 inova\u010dn\u00e9 schopnosti, aby sme uspokojili rozmanit\u00e9 potreby na\u0161ich z\u00e1kazn\u00edkov.<\/p>\n<ul>\n<li>Profesionalita: M\u00e1me t\u00edm profesion\u00e1lnych in\u017einierov, ktor\u00ed dok\u00e1\u017eu poskytn\u00fa\u0165 slu\u017eby na mieru pod\u013ea po\u017eiadaviek z\u00e1kazn\u00edka.<\/li>\n<li>Medzin\u00e1rodn\u00e1 certifik\u00e1cia: Na\u0161e v\u00fdrobky pre\u0161li medzin\u00e1rodn\u00fdmi certifik\u00e1ciami ako ISO9001 a CE.<\/li>\n<li>Slu\u017eba prisp\u00f4sobenia: Poskytujeme slu\u017eby prisp\u00f4sobenia r\u00f4znych hydraulick\u00fdch valcov pod\u013ea po\u017eiadaviek z\u00e1kazn\u00edka.<\/li>\n<li>V\u00fdrobn\u00e9 zariadenia: M\u00e1me modern\u00e9 v\u00fdrobn\u00e9 zariadenia, ako s\u00fa CNC s\u00fastruhy, obr\u00e1bacie centr\u00e1 a zv\u00e1racie roboty.<\/li>\n<li>Popredajn\u00fd servis: Poskytujeme vysokokvalitn\u00fd popredajn\u00fd servis vr\u00e1tane v\u00fdmeny dielov a repase.<\/li>\n<\/ul>\n<p><img decoding=\"async\" src=\"https:\/\/hzpt.com\/wp-content\/uploads\/2024\/11\/songte-company-1.webp\" alt=\"Obr\u00e1zok valca vedra\"><\/p>\n<p>Autor: lyl<\/p>","protected":false},"excerpt":{"rendered":"<p>Bucket Cylinder For Komatsu Small Excavator PC120-3-5-6-6E-7 Introduction A bucket cylinder is a specially designed hydraulic cylinder that is primarily used to control the movement of the bucket in heavy machinery, such as excavators, backhoes, and front-end loaders. Its main function is to enable the bucket to be raised, lowered, and tilted, making it easier [&hellip;]<\/p>","protected":false},"featured_media":14784,"comment_status":"open","ping_status":"closed","template":"","meta":{"_et_pb_use_builder":"","_et_pb_old_content":"","_et_gb_content_width":""},"product_brand":[],"product_cat":[1494],"product_tag":[1495,1496],"class_list":{"0":"post-15121","1":"product","2":"type-product","3":"status-publish","4":"has-post-thumbnail","6":"product_cat-bucket-cylinders","7":"product_tag-bucket-cylinders","8":"product_tag-hydraulic-cylinders","10":"first","11":"instock","12":"shipping-taxable","13":"product-type-simple"},"amp_enabled":true,"_links":{"self":[{"href":"https:\/\/www.hydraulic-cylinders.net\/sk\/wp-json\/wp\/v2\/product\/15121","targetHints":{"allow":["GET"]}}],"collection":[{"href":"https:\/\/www.hydraulic-cylinders.net\/sk\/wp-json\/wp\/v2\/product"}],"about":[{"href":"https:\/\/www.hydraulic-cylinders.net\/sk\/wp-json\/wp\/v2\/types\/product"}],"replies":[{"embeddable":true,"href":"https:\/\/www.hydraulic-cylinders.net\/sk\/wp-json\/wp\/v2\/comments?post=15121"}],"wp:featuredmedia":[{"embeddable":true,"href":"https:\/\/www.hydraulic-cylinders.net\/sk\/wp-json\/wp\/v2\/media\/14784"}],"wp:attachment":[{"href":"https:\/\/www.hydraulic-cylinders.net\/sk\/wp-json\/wp\/v2\/media?parent=15121"}],"wp:term":[{"taxonomy":"product_brand","embeddable":true,"href":"https:\/\/www.hydraulic-cylinders.net\/sk\/wp-json\/wp\/v2\/product_brand?post=15121"},{"taxonomy":"product_cat","embeddable":true,"href":"https:\/\/www.hydraulic-cylinders.net\/sk\/wp-json\/wp\/v2\/product_cat?post=15121"},{"taxonomy":"product_tag","embeddable":true,"href":"https:\/\/www.hydraulic-cylinders.net\/sk\/wp-json\/wp\/v2\/product_tag?post=15121"}],"curies":[{"name":"pracovn\u00fd list","href":"https:\/\/api.w.org\/{rel}","templated":true}]}}