{"id":15126,"date":"2025-01-19T14:08:16","date_gmt":"2025-01-19T14:08:16","guid":{"rendered":"https:\/\/www.hydraulic-cylinders.net\/product\/bucket-cylinder-for-komatsu-small-excavator-pc128-130-7\/"},"modified":"2025-01-19T14:08:18","modified_gmt":"2025-01-19T14:08:18","slug":"bucket-cylinder-for-komatsu-small-excavator-pc128-130-7","status":"publish","type":"product","link":"https:\/\/www.hydraulic-cylinders.net\/sk\/produkt\/bucket-cylinder-for-komatsu-small-excavator-pc128-130-7\/","title":{"rendered":"Valec vedra pre mal\u00e9 r\u00fdpadlo Komatsu PC128\/130-7"},"content":{"rendered":"<h2>Valec vedra pre mal\u00e9 r\u00fdpadlo Komatsu PC128\/130-7<\/h2>\n<h3>\u00davod<\/h3>\n<p>Hydraulick\u00fd valec ly\u017eice pre mal\u00e9 r\u00fdpadl\u00e1 Komatsu PC128\/130-7 je \u0161peci\u00e1lne navrhnut\u00fd hydraulick\u00fd valec, ktor\u00fd sa prim\u00e1rne pou\u017e\u00edva na ovl\u00e1danie pohybu ly\u017e\u00edc v \u0165a\u017ek\u00fdch strojoch, ako s\u00fa r\u00fdpadl\u00e1, r\u00fdpadl\u00e1-naklada\u010de a \u010deln\u00e9 naklada\u010de. Jeho hlavnou funkciou je umo\u017eni\u0165 zdv\u00edhanie, sp\u00fa\u0161\u0165anie a nakl\u00e1\u0148anie ly\u017eice, \u010d\u00edm sa u\u013eah\u010duj\u00fa r\u00f4zne \u00falohy manipul\u00e1cie s materi\u00e1lom. V hydraulickom syst\u00e9me dosahuje valec ly\u017eice presn\u00e9 ovl\u00e1danie ly\u017eice prostredn\u00edctvom zmien tlaku hydraulick\u00e9ho oleja, \u010do umo\u017e\u0148uje obsluhe efekt\u00edvne manipulova\u0165 s \u0165a\u017ek\u00fdmi bremenami a prisp\u00f4sobi\u0165 sa zlo\u017eit\u00fdm pracovn\u00fdm prostrediam a r\u00f4znym prev\u00e1dzkov\u00fdm po\u017eiadavk\u00e1m.<\/p>\n<p><img decoding=\"async\" src=\"https:\/\/www.hydraulic-cylinders.net\/wp-content\/uploads\/2025\/01\/songte-company-2.webp\" alt=\"Valec vedra pre mal\u00e9 r\u00fdpadlo Komatsu PC128\/130-7 Obr\u00e1zok\"><\/p>\n<h3>Funkcie<\/h3>\n<ul>\n<li>Vysok\u00e1 pevnos\u0165 a odolnos\u0165: zvy\u010dajne vyroben\u00e9 z vysokopevnostnej ocele alebo hlin\u00edka, schopn\u00e9 odol\u00e1va\u0165 vysok\u00e9mu tlaku a \u0165a\u017ek\u00fdm za\u0165a\u017eeniam, vhodn\u00e9 do n\u00e1ro\u010dn\u00fdch pracovn\u00fdch prostred\u00ed, navrhnut\u00e9 s oh\u013eadom na odolnos\u0165 vo\u010di opotrebovaniu a kor\u00f3zii, \u010d\u00edm sa predl\u017euje \u017eivotnos\u0165.<\/li>\n<li>Efekt\u00edvna hydraulick\u00e1 prev\u00e1dzka: vyu\u017e\u00edva tlak hydraulick\u00e9ho oleja na dosiahnutie plynul\u00e9ho vys\u00favania a zas\u00favania, je schopn\u00e1 r\u00fdchlo reagova\u0165 na ovl\u00e1dacie povely a poskytuje siln\u00e9 tla\u010dn\u00e9 a \u0165ahov\u00e9 sily, vhodn\u00e1 na manipul\u00e1ciu s \u0165a\u017ek\u00fdmi bremenami a zlo\u017eit\u00fdmi prev\u00e1dzkov\u00fdmi \u00falohami.<\/li>\n<li>R\u00f4zne typy: typy valcov je mo\u017en\u00e9 vybra\u0165 pod\u013ea potrieb, napr\u00edklad jedno\u010dinn\u00e9 (hydraulicky pou\u017e\u00edvan\u00e9 iba v jednom smere) alebo dvoj\u010dinn\u00e9 (hydraulicky pou\u017e\u00edvan\u00e9 v oboch smeroch) valce, aby sp\u013a\u0148ali r\u00f4zne prev\u00e1dzkov\u00e9 potreby, niektor\u00e9 modely s\u00fa teleskopick\u00e9, \u010do umo\u017e\u0148uje v\u00e4\u010d\u0161ie vysunutie bez zv\u00e4\u010d\u0161enia vonkaj\u0161\u00edch rozmerov, vhodn\u00e9 pre aplik\u00e1cie s obmedzen\u00fdm priestorom.<\/li>\n<li>Jednoduch\u00e1 v\u00fdroba: na\u0161e produkty dok\u00e1\u017eu dokonale nahradi\u0165 tieto hydraulick\u00e9 valce.<\/li>\n<\/ul>\n<p><img decoding=\"async\" src=\"https:\/\/www.hydraulic-cylinders.net\/wp-content\/uploads\/2025\/01\/songte-cylinder-head-with-all-kinds-excavator-models.webp\" alt=\"Valec vedra pre mal\u00e9 r\u00fdpadlo Komatsu PC128\/130-7 - obr\u00e1zok v\u00fdroby\"><\/p>\n<h3>Aplik\u00e1cie<\/h3>\n<p>Valec korby pre mal\u00e9 r\u00fdpadlo Komatsu PC128\/130-7 sa \u0161iroko pou\u017e\u00edva v r\u00f4znych aplik\u00e1ci\u00e1ch \u0165a\u017ek\u00fdch strojov, ako napr\u00edklad:<\/p>\n<ul>\n<li>Stavebn\u00e9 zariadenia: v bagroch s\u00fa nevyhnutn\u00e9 na kopanie, nakladanie a premiest\u0148ovanie zeminy alebo sutiny. V r\u00fdpadlov\u00fdch bagroch pom\u00e1haj\u00fa valce ko\u0161\u00edkov pri kopan\u00ed aj zdv\u00edhan\u00ed. <\/li>\n<li>Po\u013enohospod\u00e1rske stroje: pou\u017e\u00edvaj\u00fa sa v \u010deln\u00fdch naklada\u010doch na naberanie, zdv\u00edhanie a prepravu p\u00f4dy, sena a in\u00fdch materi\u00e1lov.<\/li>\n<li>R\u00fdpadl\u00e1: valce ly\u017eice umo\u017e\u0148uj\u00fa kopanie t\u00fdm, \u017ee umo\u017e\u0148uj\u00fa ly\u017eici prenikn\u00fa\u0165 do p\u00f4dy.<\/li>\n<li>Naklada\u010de: v \u010deln\u00fdch naklada\u010doch pom\u00e1haj\u00fa pri efekt\u00edvnom zdv\u00edhan\u00ed a nakl\u00e1\u0148an\u00ed tovaru.<\/li>\n<\/ul>\n<h3>\u00davahy o dizajne a krit\u00e9ri\u00e1 v\u00fdberu<\/h3>\n<p>Medzi kon\u0161truk\u010dn\u00e9 aspekty a krit\u00e9ri\u00e1 v\u00fdberu valca lopaty pre mal\u00e9 r\u00fdpadlo Komatsu PC128\/130-7 patria:<\/p>\n<ul>\n<li>\u00danosnos\u0165: schopnos\u0165 odol\u00e1va\u0165 vysok\u00e9mu tlaku a \u0165a\u017ek\u00fdm za\u0165a\u017eeniam.<\/li>\n<li>Tesnenie: schopnos\u0165 zabr\u00e1ni\u0165 \u00faniku hydraulick\u00e9ho oleja a udr\u017eiava\u0165 spr\u00e1vne mazanie.<\/li>\n<li>Trvanlivos\u0165: schopnos\u0165 odol\u00e1va\u0165 opotrebovaniu a kor\u00f3zii, najm\u00e4 v n\u00e1ro\u010dn\u00fdch pracovn\u00fdch podmienkach.<\/li>\n<li>Bezpe\u010dnos\u0165: schopnos\u0165 predch\u00e1dza\u0165 nehod\u00e1m a zraneniam po\u010das prev\u00e1dzky.<\/li>\n<li>Udr\u017eiavate\u013enos\u0165: schopnos\u0165 \u013eahkej \u00fadr\u017eby a opravy.<\/li>\n<\/ul>\n<p><img decoding=\"async\" src=\"https:\/\/www.hydraulic-cylinders.net\/wp-content\/uploads\/2025\/01\/songte-oil-pipes-and-spare-parts.webp\" alt=\"Obr\u00e1zok n\u00e1hradn\u00e9ho dielu valca lopaty pre mal\u00e9 r\u00fdpadlo Komatsu PC128\/130-7\"><\/p>\n<h3>Tesnenie a mazanie<\/h3>\n<p>Medzi aspekty tesnenia a mazania valca lopaty pre mal\u00e9 r\u00fdpadlo Komatsu PC128\/130-7 patria:<\/p>\n<ul>\n<li>Pou\u017eitie r\u00f4znych tesnen\u00ed, ako s\u00fa tesnenia piestov a tesnenia ty\u010d\u00ed, vyroben\u00fdch z materi\u00e1lov odoln\u00fdch vo\u010di opotrebovaniu, ako je polyuret\u00e1n a nitrilov\u00e1 guma.<\/li>\n<li>Teleso valca a povrch z\u00e1vitov\u00e9ho konca s\u00fa jemne opracovan\u00e9 pre zlep\u0161enie odolnosti proti opotrebovaniu.<\/li>\n<li>Pravideln\u00e9 dop\u013a\u0148anie hydraulick\u00e9ho oleja pre zabezpe\u010denie spr\u00e1vneho mazania.<\/li>\n<\/ul>\n<h3>\u00dadr\u017eba a opravy<\/h3>\n<p>\u00dadr\u017eba a opravy valca vedra pre mal\u00e9 r\u00fdpadlo Komatsu PC128\/130-7 zah\u0155\u0148aj\u00fa:<\/p>\n<ul>\n<li>Pravideln\u00e9 kontroly valca, vhodn\u00e9 mazanie, v\u00fdmena tesnenia a kontroly kalibr\u00e1cie.<\/li>\n<li>D\u00f4le\u017eitos\u0165 spr\u00e1vnej in\u0161tal\u00e1cie, mazania a nastavenia.<\/li>\n<li>Poskytovanie pokynov na spr\u00e1vne zarovnanie valca po\u010das in\u0161tal\u00e1cie.<\/li>\n<li>Odpor\u00fa\u010dania pre pou\u017eitie spr\u00e1vnych mont\u00e1\u017enych konzol na upevnenie valcov.<\/li>\n<li>Odpor\u00fa\u010dan\u00e9 postupy kontroly, opravy a v\u00fdmeny.<\/li>\n<li>Poskytovanie n\u00e1hradn\u00fdch dielov a repasovan\u00fdch slu\u017eieb na pred\u013a\u017eenie \u017eivotnosti valca vedra pre mal\u00e9 r\u00fdpadlo Komatsu PC128\/130-7.<\/li>\n<\/ul>\n<p><img decoding=\"async\" src=\"https:\/\/www.hydraulic-cylinders.net\/wp-content\/uploads\/2025\/01\/songte-chushion-collar.webp\" alt=\"Valec vedra pre mal\u00e9 r\u00fdpadlo Komatsu PC128\/130-7 Obr\u00e1zok goliera\"><\/p>\n<h3>Bezpe\u010dnostn\u00e9 aspekty a faktory prostredia<\/h3>\n<p>Pri pou\u017e\u00edvan\u00ed valca ko\u0161\u00edka pre mal\u00e9 r\u00fdpadlo Komatsu PC128\/130-7 s\u00fa d\u00f4le\u017eit\u00e9 bezpe\u010dnostn\u00e9 opatrenia. Odpor\u00fa\u010da sa dodr\u017eiava\u0165 v\u0161etky bezpe\u010dnostn\u00e9 postupy a pokyny, aby sa minimalizovali rizik\u00e1 a chr\u00e1nili sa oper\u00e1tori a zariadenia. Mali by sa zoh\u013eadni\u0165 aj faktory prostredia, ako je teplota, vlhkos\u0165 a zne\u010distenie.<\/p>\n<h3>Rie\u0161enie probl\u00e9mov a be\u017en\u00e9 probl\u00e9my<\/h3>\n<p>Medzi potenci\u00e1lne probl\u00e9my s valcom lopaty pre mal\u00e9 r\u00fdpadlo Komatsu PC128\/130-7 patr\u00ed \u00fanik oleja, po\u0161kodenie tesnenia a nedostato\u010dn\u00e9 mazanie. R\u00fdchle rie\u0161enie probl\u00e9mov je nevyhnutn\u00e9 na zabr\u00e1nenie \u010fal\u0161iemu po\u0161kodeniu a prestojom zariadenia.<\/p>\n<h3>Predstavenie spolo\u010dnosti<\/h3>\n<p>Na\u0161a spolo\u010dnos\u0165 je v\u00fdrobcom hydraulick\u00fdch valcov, ktor\u00e9 m\u00f4\u017eu nahradi\u0165 p\u00f4vodn\u00e9 hydraulick\u00e9 valce. Pon\u00fakame \u0161irok\u00fd sortiment produktov a stali sme sa jedn\u00fdm z popredn\u00fdch v\u00fdrobcov a ve\u013ekoobchodn\u00fdch distrib\u00fatorov hydraulick\u00fdch valcov na dom\u00e1com aj medzin\u00e1rodnom trhu. Dodr\u017eiavame princ\u00edp vynikaj\u00facej kvality a spoliehame sa na industrializovan\u00e9 strat\u00e9gie riadenia v\u00fdroby v prec\u00edzne spracovan\u00fdch diel\u0148ach. Na\u0161a spolo\u010dnos\u0165 neust\u00e1le zlep\u0161uje v\u00fdrobn\u00fa platformu dielne, zlep\u0161uje kvalitu v\u00fdroby produktov a m\u00e1 siln\u00e9 tvoriv\u00e9 schopnosti. Na\u0161e produkty poskytuj\u00fa viacrozmern\u00e9 rie\u0161enia, ktor\u00e9 sp\u013a\u0148aj\u00fa potreby z\u00e1kazn\u00edkov s vysokou \u00fa\u010dinnos\u0165ou, vysokou presnos\u0165ou a vysokou kvalitou.<\/p>\n<p><img decoding=\"async\" src=\"https:\/\/hzpt.com\/wp-content\/uploads\/2024\/11\/songte-company-1.webp\" alt=\"Obr\u00e1zok spolo\u010dnosti\"><\/p>\n<h3>Profil spolo\u010dnosti<\/h3>\n<ul>\n<li>Profesionalita: M\u00e1me t\u00edm profesion\u00e1lov s dlhoro\u010dn\u00fdmi sk\u00fasenos\u0165ami v odvetv\u00ed hydraulick\u00fdch valcov, ktor\u00ed v\u00e1m poskytn\u00fa prvotriedne slu\u017eby a technick\u00fa podporu.<\/li>\n<li>Medzin\u00e1rodn\u00e1 certifik\u00e1cia: Na\u0161e v\u00fdrobky s\u00fa certifikovan\u00e9 pod\u013ea medzin\u00e1rodn\u00fdch noriem, aby bola zaru\u010den\u00e1 kvalita a bezpe\u010dnos\u0165.<\/li>\n<li>Slu\u017eby prisp\u00f4sobenia: Poskytujeme slu\u017eby na mieru, ktor\u00e9 sp\u013a\u0148aj\u00fa individu\u00e1lne potreby z\u00e1kazn\u00edkov.<\/li>\n<li>V\u00fdrobn\u00e9 zariadenia: Na\u0161a spolo\u010dnos\u0165 pou\u017e\u00edva modern\u00e9 v\u00fdrobn\u00e9 zariadenia na zabezpe\u010denie kvality a efekt\u00edvnosti v\u00fdrobkov.<\/li>\n<li>Popredajn\u00fd servis: Poskytujeme komplexn\u00fd popredajn\u00fd servis vr\u00e1tane \u00fadr\u017eby, opr\u00e1v a v\u00fdmeny dielov.<\/li>\n<\/ul>\n<p><img decoding=\"async\" src=\"https:\/\/www.hydraulic-cylinders.net\/wp-content\/uploads\/2025\/01\/songte-company-3.webp\" alt=\"Obr\u00e1zok profilu spolo\u010dnosti\"><\/p>\n<p>Autor: lyl<\/p>","protected":false},"excerpt":{"rendered":"<p>Bucket Cylinder For Komatsu Small Excavator PC128\/130-7 Introduction The Bucket Cylinder For Komatsu Small Excavator PC128\/130-7 is a specially designed hydraulic cylinder primarily used for controlling the movement of buckets in heavy machinery such as excavators, backhoes, and front-end loaders. Its main function is to enable the bucket to lift, lower, and tilt, thereby facilitating [&hellip;]<\/p>","protected":false},"featured_media":14773,"comment_status":"open","ping_status":"closed","template":"","meta":{"_et_pb_use_builder":"","_et_pb_old_content":"","_et_gb_content_width":""},"product_brand":[],"product_cat":[1494],"product_tag":[1495,1496],"class_list":{"0":"post-15126","1":"product","2":"type-product","3":"status-publish","4":"has-post-thumbnail","6":"product_cat-bucket-cylinders","7":"product_tag-bucket-cylinders","8":"product_tag-hydraulic-cylinders","10":"first","11":"instock","12":"shipping-taxable","13":"product-type-simple"},"amp_enabled":true,"_links":{"self":[{"href":"https:\/\/www.hydraulic-cylinders.net\/sk\/wp-json\/wp\/v2\/product\/15126","targetHints":{"allow":["GET"]}}],"collection":[{"href":"https:\/\/www.hydraulic-cylinders.net\/sk\/wp-json\/wp\/v2\/product"}],"about":[{"href":"https:\/\/www.hydraulic-cylinders.net\/sk\/wp-json\/wp\/v2\/types\/product"}],"replies":[{"embeddable":true,"href":"https:\/\/www.hydraulic-cylinders.net\/sk\/wp-json\/wp\/v2\/comments?post=15126"}],"wp:featuredmedia":[{"embeddable":true,"href":"https:\/\/www.hydraulic-cylinders.net\/sk\/wp-json\/wp\/v2\/media\/14773"}],"wp:attachment":[{"href":"https:\/\/www.hydraulic-cylinders.net\/sk\/wp-json\/wp\/v2\/media?parent=15126"}],"wp:term":[{"taxonomy":"product_brand","embeddable":true,"href":"https:\/\/www.hydraulic-cylinders.net\/sk\/wp-json\/wp\/v2\/product_brand?post=15126"},{"taxonomy":"product_cat","embeddable":true,"href":"https:\/\/www.hydraulic-cylinders.net\/sk\/wp-json\/wp\/v2\/product_cat?post=15126"},{"taxonomy":"product_tag","embeddable":true,"href":"https:\/\/www.hydraulic-cylinders.net\/sk\/wp-json\/wp\/v2\/product_tag?post=15126"}],"curies":[{"name":"pracovn\u00fd list","href":"https:\/\/api.w.org\/{rel}","templated":true}]}}