{"id":15128,"date":"2025-01-19T14:08:23","date_gmt":"2025-01-19T14:08:23","guid":{"rendered":"https:\/\/www.hydraulic-cylinders.net\/product\/bucket-cylinder-for-komatsu-small-excavator-pc55-55uu\/"},"modified":"2025-01-19T14:08:25","modified_gmt":"2025-01-19T14:08:25","slug":"bucket-cylinder-for-komatsu-small-excavator-pc55-55uu","status":"publish","type":"product","link":"https:\/\/www.hydraulic-cylinders.net\/sk\/produkt\/bucket-cylinder-for-komatsu-small-excavator-pc55-55uu\/","title":{"rendered":"Valec vedra pre mal\u00e9 r\u00fdpadlo Komatsu PC55 55UU"},"content":{"rendered":"<h1>Valec vedra pre mal\u00e9 r\u00fdpadlo Komatsu PC55 55UU<\/h1>\n<h2>\u00davod<\/h2>\n<p>Hydraulick\u00fd valec ly\u017eice pre mal\u00e9 r\u00fdpadlo Komatsu PC55 55UU je \u0161pecializovan\u00fd hydraulick\u00fd valec, ktor\u00fd sa pou\u017e\u00edva hlavne na ovl\u00e1danie pohybu ly\u017eice v \u0165a\u017ek\u00fdch strojoch, ako s\u00fa r\u00fdpadl\u00e1, r\u00fdpadl\u00e1-naklada\u010de a \u010deln\u00e9 naklada\u010de. Jeho hlavnou funkciou je umo\u017eni\u0165 zdv\u00edhanie, sp\u00fa\u0161\u0165anie a nakl\u00e1\u0148anie ly\u017eice, \u010do u\u013eah\u010duje r\u00f4zne \u00falohy manipul\u00e1cie s materi\u00e1lom. V hydraulickom syst\u00e9me dosahuje valec ly\u017eice presn\u00e9 ovl\u00e1danie ly\u017eice prostredn\u00edctvom zmien tlaku hydraulick\u00e9ho oleja a umo\u017e\u0148uje obsluhe efekt\u00edvne manipulova\u0165 s \u0165a\u017ek\u00fdmi predmetmi, prisp\u00f4sobova\u0165 sa zlo\u017eit\u00fdm pracovn\u00fdm prostrediam a r\u00f4znorod\u00fdm prev\u00e1dzkov\u00fdm po\u017eiadavk\u00e1m.<\/p>\n<p><img decoding=\"async\" src=\"https:\/\/www.hydraulic-cylinders.net\/wp-content\/uploads\/2025\/01\/songte-company-2.webp\" alt=\"Obr\u00e1zok valca vedra\"><\/p>\n<h2>Funkcie<\/h2>\n<ul>\n<li>Vysok\u00e1 pevnos\u0165 a odolnos\u0165: zvy\u010dajne vyroben\u00e9 z vysokopevnostnej ocele alebo hlin\u00edka, schopn\u00e9 odol\u00e1va\u0165 vysok\u00e9mu tlaku a \u0165a\u017ek\u00fdm za\u0165a\u017eeniam, vhodn\u00e9 do n\u00e1ro\u010dn\u00fdch pracovn\u00fdch prostred\u00ed, navrhnut\u00e9 s oh\u013eadom na odolnos\u0165 vo\u010di opotrebovaniu a kor\u00f3zii a s pred\u013a\u017eenou \u017eivotnos\u0165ou.<\/li>\n<li>Efekt\u00edvna hydraulick\u00e1 prev\u00e1dzka: plynul\u00e9 pohyby vys\u00favania a s\u0165ahovania dosiahnut\u00e9 v\u010faka tlaku hydraulick\u00e9ho oleja, r\u00fdchla reakcia na ovl\u00e1dacie povely, poskytovanie silnej tla\u010dnej a \u0165a\u017enej sily, vhodn\u00e9 na manipul\u00e1ciu s \u0165a\u017ek\u00fdmi predmetmi a zlo\u017eit\u00e9 prev\u00e1dzkov\u00e9 \u00falohy.<\/li>\n<li>K dispoz\u00edcii s\u00fa r\u00f4zne typy: jedno\u010dinn\u00e9 (hydraulicky ovl\u00e1dan\u00e9 iba v jednom smere) alebo dvoj\u010dinn\u00e9 (hydraulicky ovl\u00e1dan\u00e9 v dvoch smeroch). Valce je mo\u017en\u00e9 vybra\u0165 pod\u013ea potrieb, aby sp\u013a\u0148ali r\u00f4zne prev\u00e1dzkov\u00e9 po\u017eiadavky. Niektor\u00e9 modely s\u00fa teleskopick\u00e9, \u010do umo\u017e\u0148uje v\u00e4\u010d\u0161ie roz\u0161\u00edrenie bez zv\u00e4\u010d\u0161enia vonkaj\u0161\u00edch rozmerov, vhodn\u00e9 pre aplik\u00e1cie s obmedzen\u00fdm priestorom.<\/li>\n<li>Perfektn\u00e1 n\u00e1hrada za hydraulick\u00fd valec: n\u00e1\u0161 produkt dok\u00e1\u017ee tieto hydraulick\u00e9 valce dokonale nahradi\u0165.<\/li>\n<\/ul>\n<p><img decoding=\"async\" src=\"https:\/\/www.hydraulic-cylinders.net\/wp-content\/uploads\/2025\/01\/songte-cylinder-head-with-all-kinds-excavator-models.webp\" alt=\"Obr\u00e1zok valca vedra\"><\/p>\n<h2>Aplik\u00e1cie<\/h2>\n<p>Valec kor\u010deka pre mal\u00e9 r\u00fdpadlo Komatsu PC55 55UU m\u00e1 r\u00f4zne uplatnenie v r\u00f4znych oblastiach:<\/p>\n<ul>\n<li>Stavebn\u00e9 zariadenia: \u0161iroko pou\u017e\u00edvan\u00e9 v bagroch na kopanie, nakladanie a premiest\u0148ovanie zeminy alebo sutiny, v r\u00fdpadlov\u00fdch bagroch pom\u00e1haj\u00fa valce ko\u0161\u00edkov pri v\u00fdkopov\u00fdch pr\u00e1cach aj zdv\u00edhan\u00ed. <\/li>\n<li>Po\u013enohospod\u00e1rske stroje: pou\u017e\u00edvaj\u00fa sa na \u010deln\u00e9 naklada\u010de, zdv\u00edhanie a prepravu p\u00f4dy, sena a in\u00fdch materi\u00e1lov; v bagroch umo\u017e\u0148uj\u00fa valce kop\u00edrovacie pohyby t\u00fdm, \u017ee umo\u017e\u0148uj\u00fa kop\u00edrovacej dr\u00e1he prenikn\u00fa\u0165 do p\u00f4dy. <\/li>\n<li>Naklada\u010de: v \u010deln\u00fdch naklada\u010doch pom\u00e1haj\u00fa efekt\u00edvne zdv\u00edha\u0165 a nakl\u00e1\u0148a\u0165 tovar. <\/li>\n<\/ul>\n<h2>\u00davahy o dizajne a krit\u00e9ri\u00e1 v\u00fdberu<\/h2>\n<p>Valec vedra pre mal\u00e9 r\u00fdpadlo Komatsu PC55 55UU zoh\u013eadnil nasleduj\u00face kon\u0161truk\u010dn\u00e9 aspekty:<\/p>\n<ul>\n<li>\u00danosnos\u0165: schopn\u00e1 odola\u0165 za\u0165a\u017eeniu a tlaku v prev\u00e1dzkovom prostred\u00ed.<\/li>\n<li>\u00da\u010dinnos\u0165 tesnenia: Pou\u017eitie r\u00f4znych tesnen\u00ed, ako s\u00fa tesnenia piestov a tesnenia ty\u010d\u00ed, z materi\u00e1lov odoln\u00fdch vo\u010di opotrebovaniu, pou\u017eitie pokro\u010dil\u00e9ho procesu povrchovej \u00fapravy telesa valca a z\u00e1vitov\u00e9ho konca na zlep\u0161enie odolnosti vo\u010di opotrebovaniu a pravideln\u00e9 mazanie hydraulick\u00fdm olejom pre \u00fa\u010dinn\u00e9 utesnenie a mazanie.<\/li>\n<li>Trvanlivos\u0165: Schopnos\u0165 odol\u00e1va\u0165 n\u00e1ro\u010dn\u00fdm pracovn\u00fdm podmienkam, pou\u017eitie vysokopevnostn\u00fdch materi\u00e1lov a navrhnutie s oh\u013eadom na odolnos\u0165 vo\u010di opotrebovaniu a kor\u00f3zii, \u010d\u00edm sa predl\u017euje \u017eivotnos\u0165 produktu.<\/li>\n<li>Bezpe\u010dnos\u0165: Pr\u00edsne dodr\u017eiavanie bezpe\u010dnostn\u00fdch noriem a predpisov, poskytovanie bezpe\u010dnostn\u00fdch opatren\u00ed a postupov pou\u017e\u00edvate\u013eom a zaistenie bezpe\u010dnosti pou\u017e\u00edvate\u013eov po\u010das prev\u00e1dzky.<\/li>\n<li>\u00dadr\u017eba: Jednoduch\u00e1 \u00fadr\u017eba, pou\u017eitie vysokokvalitn\u00fdch komponentov a pravideln\u00e1 \u00fadr\u017eba a kontrola pred\u013a\u017eia \u017eivotnos\u0165 produktu.<\/li>\n<\/ul>\n<p><img decoding=\"async\" src=\"https:\/\/www.hydraulic-cylinders.net\/wp-content\/uploads\/2025\/01\/songte-oil-pipes-and-spare-parts.webp\" alt=\"Obr\u00e1zok valca vedra\"><\/p>\n<h2>Tesnenie a mazanie<\/h2>\n<p>Valec kor\u010deka pre mal\u00e9 r\u00fdpadlo Komatsu PC55 55UU pou\u017e\u00edva r\u00f4zne tesnenia, ako s\u00fa piestne tesnenia a tesnenia ty\u010d\u00ed, z materi\u00e1lov odoln\u00fdch proti opotrebovaniu, a teleso valca a z\u00e1vitov\u00fd koniec prech\u00e1dzaj\u00fa jemn\u00fdm procesom \u00fapravy na zlep\u0161enie odolnosti proti opotrebovaniu. Pravideln\u00e9 mazanie hydraulick\u00fdm olejom m\u00f4\u017ee \u00fa\u010dinne maza\u0165 valec a zabezpe\u010di\u0165 \u00fa\u010dinnos\u0165 tesnenia produktu.<\/p>\n<h2>\u00dadr\u017eba a opravy<\/h2>\n<p>Pravideln\u00e1 kontrola a prevent\u00edvna \u00fadr\u017eba m\u00f4\u017eu pom\u00f4c\u0165 pred\u013a\u017ei\u0165 \u017eivotnos\u0165 valca vedra. Medzi be\u017en\u00e9 \u00falohy \u00fadr\u017eby patria:<\/p>\n<ul>\n<li>Pravideln\u00e1 kontrola<\/li>\n<li>Spr\u00e1vne mazanie<\/li>\n<li>V\u00fdmena tesnenia<\/li>\n<li>Kontrola kalibr\u00e1cie<\/li>\n<\/ul>\n<p>Spr\u00e1vna in\u0161tal\u00e1cia valca s vedro je tie\u017e d\u00f4le\u017eit\u00e1 a na jeho upevnenie odpor\u00fa\u010dame pou\u017ei\u0165 vhodn\u00e9 mont\u00e1\u017ene konzoly. Po\u010das in\u0161tal\u00e1cie je nevyhnutn\u00e9 spr\u00e1vne zarovnanie valca. Poskytujeme odpor\u00fa\u010dan\u00e9 postupy kontroly, opravy a v\u00fdmeny, v\u00fdmeny dielov a rekon\u0161trukcie, aby sme pred\u013a\u017eili \u017eivotnos\u0165 produktu.<\/p>\n<p><img decoding=\"async\" src=\"https:\/\/www.hydraulic-cylinders.net\/wp-content\/uploads\/2025\/01\/songte-chushion-collar.webp\" alt=\"Obr\u00e1zok valca vedra\"><\/p>\n<h2>Bezpe\u010dnostn\u00e9 a environment\u00e1lne aspekty<\/h2>\n<p>Pri pou\u017e\u00edvan\u00ed vedrov\u00e9ho valca je potrebn\u00e9 pr\u00edsne dodr\u017eiava\u0165 bezpe\u010dnostn\u00e9 opatrenia, aby sa predi\u0161lo nehod\u00e1m a zabezpe\u010dila sa bezpe\u010dnos\u0165 pou\u017e\u00edvate\u013ea. Po\u010das prev\u00e1dzky by sa mali nosi\u0165 vhodn\u00e9 ochrann\u00e9 prostriedky. Medzi environment\u00e1lne aspekty patr\u00ed spr\u00e1vna likvid\u00e1cia odpadu a dodr\u017eiavanie environment\u00e1lnych predpisov po\u010das v\u00fdroby a pou\u017e\u00edvania.<\/p>\n<h2>Rie\u0161enie probl\u00e9mov a be\u017en\u00e9 probl\u00e9my<\/h2>\n<p>Valec lopaty pre mal\u00e9 r\u00fdpadlo Komatsu PC55 55UU sa m\u00f4\u017ee po\u010das pou\u017e\u00edvania stretn\u00fa\u0165 s niektor\u00fdmi be\u017en\u00fdmi probl\u00e9mami, ako s\u00fa \u00faniky, opotrebovanie a zn\u00ed\u017een\u00fd v\u00fdkon. Spr\u00e1vna diagnostika a prevent\u00edvne opatrenia m\u00f4\u017eu pom\u00f4c\u0165 minimalizova\u0165 a predch\u00e1dza\u0165 t\u00fdmto probl\u00e9mom a zabezpe\u010di\u0165 spr\u00e1vne fungovanie produktu. Poskytujeme tipy a rie\u0161enia probl\u00e9mov, ktor\u00e9 \u010ditate\u013eom pom\u00f4\u017eu diagnostikova\u0165 a vyrie\u0161i\u0165 probl\u00e9my a navrhn\u00fa\u0165 prevent\u00edvne opatrenia.<\/p>\n<p><img decoding=\"async\" src=\"https:\/\/www.hydraulic-cylinders.net\/wp-content\/uploads\/2025\/01\/songte-bushings-with-all-kinds-of-excavator-models.webp\" alt=\"Obr\u00e1zok valca vedra\"><\/p>\n<h2>O na\u0161ej spolo\u010dnosti<\/h2>\n<p>Sme v\u00fdrobcom n\u00e1hradn\u00fdch hydraulick\u00fdch valcov s kompletn\u00fdm sortimentom produktov a st\u00e1vame sa jedn\u00fdm z popredn\u00fdch v\u00fdrobcov a ve\u013ekoobchodn\u00fdch distrib\u00fatorov hydraulick\u00fdch valcov na dom\u00e1com aj medzin\u00e1rodnom trhu. Dodr\u017eiavame z\u00e1sadu vynikaj\u00facej kvality, spoliehame sa na prepracovan\u00e9 v\u00fdrobn\u00e9 dielne pre strat\u00e9gie riadenia industrializovanej v\u00fdroby a neust\u00e1le zlep\u0161ujeme v\u00fdrobn\u00fa platformu dielne pomocou technick\u00fdch talentov, digit\u00e1lnych \u0161pi\u010dkov\u00fdch v\u00fdrobn\u00fdch zariaden\u00ed a profesion\u00e1lnych testovac\u00edch syst\u00e9mov. Disponujeme silnou kreativitou a v\u010faka z\u00e1sad\u00e1m vysokej efektivity, vysokej presnosti a vysokej kvality dok\u00e1\u017eeme uspokoji\u0165 rozmanit\u00e9 potreby z\u00e1kazn\u00edkov. <\/p>\n<p><img decoding=\"async\" src=\"https:\/\/hzpt.com\/wp-content\/uploads\/2024\/11\/songte-company-1.webp\" alt=\"Obr\u00e1zok valca vedra\"><\/p>\n<h3>Profesionalita<\/h3>\n<p>M\u00e1me profesion\u00e1lny t\u00edm s rozsiahlymi sk\u00fasenos\u0165ami v oblasti hydraulick\u00fdch produktov, aby sme z\u00e1kazn\u00edkom mohli poskytova\u0165 vysoko kvalitn\u00e9 rie\u0161enia a slu\u017eby.<\/p>\n<h3>Medzin\u00e1rodn\u00e1 certifik\u00e1cia<\/h3>\n<p>Na\u0161e v\u00fdrobky pre\u0161li medzin\u00e1rodn\u00fdmi certifik\u00e1ciami, ako s\u00fa CE, ISO9001 a SGS, \u010do zaru\u010duje kvalitu a bezpe\u010dnos\u0165 v\u00fdrobkov.<\/p>\n<h3>Slu\u017eby prisp\u00f4sobenia<\/h3>\n<p>Poskytujeme prisp\u00f4soben\u00e9 slu\u017eby, ktor\u00e9 sp\u013a\u0148aj\u00fa jedine\u010dn\u00e9 potreby z\u00e1kazn\u00edkov, produkty a rie\u0161enia \u0161it\u00e9 na mieru, aby sme z\u00e1kazn\u00edkom poskytli \u010do najlep\u0161\u00ed z\u00e1\u017eitok.<\/p>\n<h3>V\u00fdrobn\u00e9 zariadenia<\/h3>\n<p>Pou\u017e\u00edvame modern\u00e9 a \u0161pi\u010dkov\u00e9 v\u00fdrobn\u00e9 zariadenia, aby sme zabezpe\u010dili kvalitu a v\u00fdkon na\u0161ich produktov.<\/p>\n<h3>Popredajn\u00fd servis<\/h3>\n<p>Poskytujeme komplexn\u00e9 popredajn\u00e9 slu\u017eby, ako je technick\u00e1 podpora, \u00fadr\u017eba, opravy, v\u00fdmena dielov a repas.<\/p>\n<p>Autor: lyl<\/p>","protected":false},"excerpt":{"rendered":"<p>Bucket Cylinder For Komatsu Small Excavator PC55 55UU Introduction The bucket cylinder for Komatsu small excavator PC55 55UU is a specialized hydraulic cylinder mainly used to control the movement of the bucket in heavy machinery, such as excavators, backhoe excavators, and front loaders. Its primary function is to allow the bucket to lift, lower, and [&hellip;]<\/p>","protected":false},"featured_media":14769,"comment_status":"open","ping_status":"closed","template":"","meta":{"_et_pb_use_builder":"","_et_pb_old_content":"","_et_gb_content_width":""},"product_brand":[],"product_cat":[1494],"product_tag":[1495,1496],"class_list":{"0":"post-15128","1":"product","2":"type-product","3":"status-publish","4":"has-post-thumbnail","6":"product_cat-bucket-cylinders","7":"product_tag-bucket-cylinders","8":"product_tag-hydraulic-cylinders","10":"first","11":"instock","12":"shipping-taxable","13":"product-type-simple"},"amp_enabled":true,"_links":{"self":[{"href":"https:\/\/www.hydraulic-cylinders.net\/sk\/wp-json\/wp\/v2\/product\/15128","targetHints":{"allow":["GET"]}}],"collection":[{"href":"https:\/\/www.hydraulic-cylinders.net\/sk\/wp-json\/wp\/v2\/product"}],"about":[{"href":"https:\/\/www.hydraulic-cylinders.net\/sk\/wp-json\/wp\/v2\/types\/product"}],"replies":[{"embeddable":true,"href":"https:\/\/www.hydraulic-cylinders.net\/sk\/wp-json\/wp\/v2\/comments?post=15128"}],"wp:featuredmedia":[{"embeddable":true,"href":"https:\/\/www.hydraulic-cylinders.net\/sk\/wp-json\/wp\/v2\/media\/14769"}],"wp:attachment":[{"href":"https:\/\/www.hydraulic-cylinders.net\/sk\/wp-json\/wp\/v2\/media?parent=15128"}],"wp:term":[{"taxonomy":"product_brand","embeddable":true,"href":"https:\/\/www.hydraulic-cylinders.net\/sk\/wp-json\/wp\/v2\/product_brand?post=15128"},{"taxonomy":"product_cat","embeddable":true,"href":"https:\/\/www.hydraulic-cylinders.net\/sk\/wp-json\/wp\/v2\/product_cat?post=15128"},{"taxonomy":"product_tag","embeddable":true,"href":"https:\/\/www.hydraulic-cylinders.net\/sk\/wp-json\/wp\/v2\/product_tag?post=15128"}],"curies":[{"name":"pracovn\u00fd list","href":"https:\/\/api.w.org\/{rel}","templated":true}]}}