{"id":15129,"date":"2025-01-19T14:08:27","date_gmt":"2025-01-19T14:08:27","guid":{"rendered":"https:\/\/www.hydraulic-cylinders.net\/product\/bucket-cylinder-for-komatsu-small-excavator-pc20-8\/"},"modified":"2025-01-19T14:08:29","modified_gmt":"2025-01-19T14:08:29","slug":"bucket-cylinder-for-komatsu-small-excavator-pc20-8","status":"publish","type":"product","link":"https:\/\/www.hydraulic-cylinders.net\/sk\/produkt\/bucket-cylinder-for-komatsu-small-excavator-pc20-8\/","title":{"rendered":"Valec vedra pre mal\u00e9 r\u00fdpadlo Komatsu PC20-8"},"content":{"rendered":"<h2>Valec vedra pre mal\u00e9 r\u00fdpadlo Komatsu PC20-8<\/h2>\n<h3>\u00davod<\/h3>\n<p>Hydraulick\u00fd valec pre mal\u00e9 r\u00fdpadlo Komatsu PC20-8 je \u0161pecializovan\u00fd hydraulick\u00fd valec pou\u017e\u00edvan\u00fd na ovl\u00e1danie pohybu r\u00fdpadiel v \u0165a\u017ek\u00fdch strojoch, ako s\u00fa r\u00fdpadl\u00e1, r\u00fdpadl\u00e1-naklada\u010de a \u010deln\u00e9 naklada\u010de. Jeho hlavnou funkciou je zdv\u00edhanie, sp\u00fa\u0161\u0165anie a nakl\u00e1\u0148anie r\u00fdpadiel, \u010do u\u013eah\u010duje r\u00f4zne \u00falohy manipul\u00e1cie s materi\u00e1lom. V hydraulickom syst\u00e9me riadi valec r\u00fdpadla presn\u00fd pohyb r\u00fdpadla prostredn\u00edctvom zmien tlaku hydraulick\u00e9ho oleja, \u010do umo\u017e\u0148uje obsluhe efekt\u00edvne manipulova\u0165 s \u0165a\u017ek\u00fdmi bremenami a prisp\u00f4sobova\u0165 sa zlo\u017eit\u00fdm pracovn\u00fdm prostrediam a r\u00f4znym prev\u00e1dzkov\u00fdm potreb\u00e1m.<\/p>\n<p><img decoding=\"async\" src=\"https:\/\/www.hydraulic-cylinders.net\/wp-content\/uploads\/2025\/01\/songte-company-2.webp\" alt=\"Obr\u00e1zok valca vedra\"\/><\/p>\n<h3>Funkcie<\/h3>\n<ul>\n<li>Vysok\u00e1 pevnos\u0165 a odolnos\u0165: zvy\u010dajne vyroben\u00e9 z vysokopevnostnej ocele alebo hlin\u00edka, schopn\u00e9 odol\u00e1va\u0165 vysok\u00e9mu tlaku a \u0165a\u017ek\u00fdm za\u0165a\u017eeniam, vhodn\u00e9 do n\u00e1ro\u010dn\u00fdch pracovn\u00fdch prostred\u00ed, navrhnut\u00e9 s oh\u013eadom na odolnos\u0165 vo\u010di opotrebovaniu a kor\u00f3zii, \u010d\u00edm sa predl\u017euje \u017eivotnos\u0165.<\/li>\n<li>Efekt\u00edvna hydraulick\u00e1 prev\u00e1dzka: vyu\u017e\u00edva tlak hydraulick\u00e9ho oleja na dosiahnutie plynul\u00e9ho a presn\u00e9ho teleskopick\u00e9ho pohybu, schopn\u00fd r\u00fdchlo reagova\u0165 na ovl\u00e1dacie povely, poskytuje siln\u00fa tla\u010dn\u00fa a \u0165a\u017en\u00fa silu, vhodn\u00fd na manipul\u00e1ciu s \u0165a\u017ek\u00fdmi bremenami a zlo\u017eit\u00e9 prev\u00e1dzkov\u00e9 \u00falohy.<\/li>\n<li>R\u00f4zne typy: jedno\u010dinn\u00e9 (s hydraulick\u00fdm pohonom iba v jednom smere) alebo dvoj\u010dinn\u00e9 (s hydraulick\u00fdm pohonom v oboch smeroch) valce je mo\u017en\u00e9 vybra\u0165 pod\u013ea potrieb, aby sa splnili r\u00f4zne prev\u00e1dzkov\u00e9 po\u017eiadavky. Niektor\u00e9 modely s\u00fa teleskopick\u00e9, \u010do umo\u017e\u0148uje v\u00e4\u010d\u0161ie vysunutie bez zv\u00e4\u010d\u0161enia vonkaj\u0161\u00edch rozmerov, vhodn\u00e9 pre aplik\u00e1cie s obmedzen\u00fdm priestorom.<\/li>\n<li>Prisp\u00f4sobite\u013en\u00e9: tento produkt vieme vyrobi\u0165 a n\u00e1\u0161 produkt dok\u00e1\u017ee dokonale nahradi\u0165 tieto hydraulick\u00e9 valce.<\/li>\n<\/ul>\n<p><img decoding=\"async\" src=\"https:\/\/www.hydraulic-cylinders.net\/wp-content\/uploads\/2025\/01\/songte-cylinder-head-with-all-kinds-excavator-models.webp\" alt=\"Obr\u00e1zok v\u00fdmeny valca vedra\"\/><\/p>\n<h3>Aplik\u00e1cie<\/h3>\n<p>Valec ko\u0161\u00edka pre mal\u00e9 r\u00fdpadlo Komatsu PC20-8 sa \u0161iroko pou\u017e\u00edva v r\u00f4znych \u0165a\u017ek\u00fdch strojoch vr\u00e1tane:<\/p>\n<ul>\n<li>Stavebn\u00e9 zariadenia: v bagroch s\u00fa nevyhnutn\u00e9 na kopanie, nakladanie a premiest\u0148ovanie zeminy alebo sutiny. V r\u00fdpadlo-naklada\u010doch pom\u00e1ha valec lopaty pri kopan\u00ed aj zdv\u00edhan\u00ed. <\/li>\n<li>Po\u013enohospod\u00e1rske stroje: pou\u017e\u00edvaj\u00fa sa v \u010deln\u00fdch naklada\u010doch na naberanie, zdv\u00edhanie a prepravu p\u00f4dy, sena a in\u00fdch materi\u00e1lov. <\/li>\n<li>R\u00fdpadl\u00e1: valec ly\u017eice umo\u017e\u0148uje v\u00fdkop t\u00fdm, \u017ee umo\u017e\u0148uje ly\u017eici prenikn\u00fa\u0165 do p\u00f4dy. <\/li>\n<li>Naklada\u010de: v \u010deln\u00fdch naklada\u010doch pom\u00e1haj\u00fa pri efekt\u00edvnom zdv\u00edhan\u00ed a vykladan\u00ed tovaru. <\/li>\n<\/ul>\n<h3>\u00davahy o dizajne a krit\u00e9ri\u00e1 v\u00fdberu<\/h3>\n<p>Medzi kon\u0161truk\u010dn\u00e9 aspekty kor\u010dekov\u00fdch valcov patr\u00ed nosnos\u0165, tesnos\u0165, trvanlivos\u0165, bezpe\u010dnos\u0165 a \u00fadr\u017eba. K\u013e\u00fa\u010dov\u00e9 body s\u00fa:<\/p>\n<ul>\n<li>Nosnos\u0165: valec by mal by\u0165 navrhnut\u00fd tak, aby odolal maxim\u00e1lnemu za\u0165a\u017eeniu, ktor\u00e9mu bude vystaven\u00fd.<\/li>\n<li>Tesnenie: na zabr\u00e1nenie \u00faniku hydraulick\u00e9ho oleja by sa mali pou\u017ei\u0165 r\u00f4zne tesniace komponenty, ako s\u00fa tesnenia piestov a tesnenia ty\u010d\u00ed. Uprednost\u0148uj\u00fa sa tesnenia vyroben\u00e9 z materi\u00e1lov odoln\u00fdch vo\u010di opotrebovaniu, ako je polyuret\u00e1n a nitrilov\u00fd kau\u010duk.<\/li>\n<li>Trvanlivos\u0165: telo valca a z\u00e1vitov\u00fd koniec by mali by\u0165 jemne o\u0161etren\u00e9, aby sa zlep\u0161ila odolnos\u0165 vo\u010di opotrebovaniu. <\/li>\n<li>Bezpe\u010dnos\u0165: valec by mal by\u0165 navrhnut\u00fd s oh\u013eadom na bezpe\u010dnos\u0165, aby sa predi\u0161lo nehod\u00e1m. <\/li>\n<li>\u00dadr\u017eba: \u013eahk\u00fd pr\u00edstup k komponentom, ich v\u00fdmena a vhodn\u00e9 na demont\u00e1\u017e a mont\u00e1\u017e pri oprav\u00e1ch a \u00fadr\u017ebe.<\/li>\n<\/ul>\n<p><img decoding=\"async\" src=\"https:\/\/www.hydraulic-cylinders.net\/wp-content\/uploads\/2025\/01\/songte-oil-pipes-and-spare-parts.webp\" alt=\"Obr\u00e1zok n\u00e1hradn\u00fdch dielov valca vedra\"\/><\/p>\n<h3>Tesnenie a mazanie produktu<\/h3>\n<p>Na zabr\u00e1nenie \u00faniku hydraulick\u00e9ho oleja by sa mali pou\u017e\u00edva\u0165 r\u00f4zne tesniace komponenty, ako s\u00fa tesnenia piestov a tesnenia ty\u010d\u00ed. Uprednost\u0148uj\u00fa sa tesnenia vyroben\u00e9 z materi\u00e1lov odoln\u00fdch vo\u010di opotrebovaniu, ako je polyuret\u00e1n a nitrilov\u00fd kau\u010duk. Okrem toho je potrebn\u00e9 valec pravidelne maza\u0165 vhodn\u00fdm mno\u017estvom hydraulick\u00e9ho oleja, aby sa zabezpe\u010dila hladk\u00e1 prev\u00e1dzka.<\/p>\n<h3>\u00dadr\u017eba a opravy<\/h3>\n<p>Pravideln\u00e1 kontrola, vhodn\u00e9 mazanie, v\u00fdmena tesnen\u00ed a kalibra\u010dn\u00e9 kontroly patria medzi be\u017en\u00e9 \u00falohy \u00fadr\u017eby. Po\u010das in\u0161tal\u00e1cie je d\u00f4le\u017eit\u00e9 zabezpe\u010di\u0165 spr\u00e1vne vedenie k zarovnaniu a odporu\u010di\u0165 pou\u017eitie vhodn\u00fdch mont\u00e1\u017enych konzol na upevnenie valca. Taktie\u017e odpor\u00fa\u010dame pou\u017e\u00edva\u0165 spr\u00e1vne postupy kontroly, opravy a v\u00fdmeny, aby sa pred\u013a\u017eila \u017eivotnos\u0165 valca.<\/p>\n<p><img decoding=\"async\" src=\"https:\/\/www.hydraulic-cylinders.net\/wp-content\/uploads\/2025\/01\/songte-chushion-collar.webp\" alt=\"Obr\u00e1zok goliera vank\u00fa\u0161a s valcom vedra\"\/><\/p>\n<h3>Bezpe\u010dnostn\u00e9 aspekty a faktory prostredia<\/h3>\n<p>Pri pou\u017e\u00edvan\u00ed vedrov\u00e9ho valca s\u00fa bezpe\u010dnostn\u00e9 opatrenia mimoriadne d\u00f4le\u017eit\u00e9. Okrem toho by sa mali zv\u00e1\u017ei\u0165 environment\u00e1lne faktory, aby sa zabezpe\u010dilo, \u017ee oper\u00e1cie sa vykon\u00e1vaj\u00fa udr\u017eate\u013ene a s minim\u00e1lnym negat\u00edvnym vplyvom na \u017eivotn\u00e9 prostredie.<\/p>\n<h3>Rie\u0161enie probl\u00e9mov a be\u017en\u00e9 probl\u00e9my<\/h3>\n<p>Medzi be\u017en\u00e9 probl\u00e9my s valcami vedra patr\u00ed netesnos\u0165, nedostato\u010dn\u00fd hydraulick\u00fd tlak a po\u0161koden\u00e9 tesnenia. Mali by sa poskytn\u00fa\u0165 tipy a rie\u0161enia probl\u00e9mov, ktor\u00e9 \u010ditate\u013eom pom\u00f4\u017eu efekt\u00edvne diagnostikova\u0165 a rie\u0161i\u0165 probl\u00e9my, a mali by sa prija\u0165 prevent\u00edvne opatrenia na minimaliz\u00e1ciu potenci\u00e1lnych probl\u00e9mov.<\/p>\n<p><img decoding=\"async\" src=\"https:\/\/www.hydraulic-cylinders.net\/wp-content\/uploads\/2025\/01\/songte-bushings-with-all-kinds-of-excavator-models.webp\" alt=\"Obr\u00e1zok puzdier valca vedra\"\/><\/p>\n<h2>O n\u00e1s<\/h2>\n<p>Sme popredn\u00fdm v\u00fdrobcom a distrib\u00fatorom hydraulick\u00fdch valcov na dom\u00e1com aj medzin\u00e1rodnom trhu. Pon\u00fakame \u0161irok\u00fd sortiment produktov a sme odhodlan\u00ed vyr\u00e1ba\u0165 vysoko kvalitn\u00e9 produkty, ktor\u00e9 sp\u013a\u0148aj\u00fa rozmanit\u00e9 potreby na\u0161ich z\u00e1kazn\u00edkov. Na\u0161a spolo\u010dnos\u0165 dodr\u017eiava vynikaj\u00face \u0161tandardy kvality a v na\u0161ich sofistikovan\u00fdch v\u00fdrobn\u00fdch diel\u0148ach sa spolieha na strat\u00e9gie riadenia priemyselnej v\u00fdroby. M\u00e1me t\u00edm technick\u00fdch talentov, \u0161pi\u010dkov\u00e9 digit\u00e1lne v\u00fdrobn\u00e9 zariadenia a profesion\u00e1lne kontroln\u00e9 syst\u00e9my, ktor\u00e9 neust\u00e1le zlep\u0161uj\u00fa na\u0161u v\u00fdrobn\u00fa platformu a zdokona\u013euj\u00fa na\u0161e v\u00fdrobn\u00e9 linky zameran\u00e9 na kvalitu produktov, \u010d\u00edm zabezpe\u010dujeme vysok\u00fa efektivitu, presnos\u0165 a vysoko kvalitn\u00e9 produkty, ktor\u00e9 sp\u013a\u0148aj\u00fa rozmanit\u00e9 potreby na\u0161ich z\u00e1kazn\u00edkov.<\/p>\n<h3>Profesionalita<\/h3>\n<p>Na\u0161a spolo\u010dnos\u0165 m\u00e1 t\u00edm sk\u00fasen\u00fdch odborn\u00edkov, ktor\u00ed sa venuj\u00fa poskytovaniu vysoko kvalitn\u00fdch produktov a slu\u017eieb tak, aby sp\u013a\u0148ali potreby na\u0161ich z\u00e1kazn\u00edkov.<\/p>\n<h3>Medzin\u00e1rodn\u00e1 certifik\u00e1cia<\/h3>\n<p>Z\u00edskali sme r\u00f4zne medzin\u00e1rodn\u00e9 certifik\u00e1ty, ako napr\u00edklad ISO 9001, CE a SGS, aby sme zabezpe\u010dili kvalitu na\u0161ich v\u00fdrobkov.<\/p>\n<h3>Slu\u017eby prisp\u00f4sobenia<\/h3>\n<p>Poskytujeme slu\u017eby na mieru, aby sme splnili \u0161pecifick\u00e9 potreby na\u0161ich z\u00e1kazn\u00edkov.<\/p>\n<h3>V\u00fdrobn\u00e9 zariadenia<\/h3>\n<p>Disponujeme modern\u00fdmi v\u00fdrobn\u00fdmi zariadeniami, ako s\u00fa obr\u00e1bacie stroje s numerick\u00fdm riaden\u00edm, v\u00fdrobn\u00e9 linky na hydraulick\u00e9 valce a automatick\u00e9 zv\u00e1racie stroje, aby sme zabezpe\u010dili kvalitu na\u0161ich v\u00fdrobkov.<\/p>\n<h3>Popredajn\u00fd servis<\/h3>\n<p>Poskytujeme popredajn\u00e9 slu\u017eby, ako s\u00fa n\u00e1hradn\u00e9 diely a repasovan\u00e9 slu\u017eby, aby sme zabezpe\u010dili dlh\u00fa \u017eivotnos\u0165 na\u0161ich produktov.<\/p>\n<p><img decoding=\"async\" src=\"https:\/\/hzpt.com\/wp-content\/uploads\/2024\/11\/songte-company-1.webp\" alt=\"Obr\u00e1zok spolo\u010dnosti s valcom na vedro\"\/><\/p>\n<p>Autor: lyl<\/p>","protected":false},"excerpt":{"rendered":"<p>Bucket Cylinder For Komatsu Small Excavator PC20-8 Introduction A bucket cylinder for Komatsu small excavator PC20-8 is a specialized hydraulic cylinder used to control the movement of shovels in heavy machinery such as excavators, backhoe excavators, and front-end loaders. Its main function is to lift, lower, and tilt shovels to facilitate various material handling tasks. [&hellip;]<\/p>","protected":false},"featured_media":14765,"comment_status":"open","ping_status":"closed","template":"","meta":{"_et_pb_use_builder":"","_et_pb_old_content":"","_et_gb_content_width":""},"product_brand":[],"product_cat":[1494],"product_tag":[1495,1496],"class_list":{"0":"post-15129","1":"product","2":"type-product","3":"status-publish","4":"has-post-thumbnail","6":"product_cat-bucket-cylinders","7":"product_tag-bucket-cylinders","8":"product_tag-hydraulic-cylinders","10":"first","11":"instock","12":"shipping-taxable","13":"product-type-simple"},"amp_enabled":true,"_links":{"self":[{"href":"https:\/\/www.hydraulic-cylinders.net\/sk\/wp-json\/wp\/v2\/product\/15129","targetHints":{"allow":["GET"]}}],"collection":[{"href":"https:\/\/www.hydraulic-cylinders.net\/sk\/wp-json\/wp\/v2\/product"}],"about":[{"href":"https:\/\/www.hydraulic-cylinders.net\/sk\/wp-json\/wp\/v2\/types\/product"}],"replies":[{"embeddable":true,"href":"https:\/\/www.hydraulic-cylinders.net\/sk\/wp-json\/wp\/v2\/comments?post=15129"}],"wp:featuredmedia":[{"embeddable":true,"href":"https:\/\/www.hydraulic-cylinders.net\/sk\/wp-json\/wp\/v2\/media\/14765"}],"wp:attachment":[{"href":"https:\/\/www.hydraulic-cylinders.net\/sk\/wp-json\/wp\/v2\/media?parent=15129"}],"wp:term":[{"taxonomy":"product_brand","embeddable":true,"href":"https:\/\/www.hydraulic-cylinders.net\/sk\/wp-json\/wp\/v2\/product_brand?post=15129"},{"taxonomy":"product_cat","embeddable":true,"href":"https:\/\/www.hydraulic-cylinders.net\/sk\/wp-json\/wp\/v2\/product_cat?post=15129"},{"taxonomy":"product_tag","embeddable":true,"href":"https:\/\/www.hydraulic-cylinders.net\/sk\/wp-json\/wp\/v2\/product_tag?post=15129"}],"curies":[{"name":"pracovn\u00fd list","href":"https:\/\/api.w.org\/{rel}","templated":true}]}}