{"id":15131,"date":"2025-01-19T14:08:35","date_gmt":"2025-01-19T14:08:35","guid":{"rendered":"https:\/\/www.hydraulic-cylinders.net\/product\/bucket-cylinder-for-komatsu-small-excavator-pc130-8mo-hb205-1mo-hb2152c-1mo\/"},"modified":"2025-01-19T14:08:43","modified_gmt":"2025-01-19T14:08:43","slug":"bucket-cylinder-for-komatsu-small-excavator-pc130-8mo-hb205-1mo-hb2152c-1mo","status":"publish","type":"product","link":"https:\/\/www.hydraulic-cylinders.net\/sk\/produkt\/bucket-cylinder-for-komatsu-small-excavator-pc130-8mo-hb205-1mo-hb2152c-1mo\/","title":{"rendered":"Valec lopaty pre mal\u00e9 r\u00fdpadlo Komatsu PC130-8MO.HB205-1MO.HB2152C-1MO"},"content":{"rendered":"<h1>Valec lopaty pre mal\u00e9 r\u00fdpadlo Komatsu PC130-8MO.HB205-1MO.HB2152C-1MO<\/h1>\n<h2>\u00davod<\/h2>\n<p>Hydraulick\u00fd valec ly\u017eice je \u0161peci\u00e1lne navrhnut\u00fd hydraulick\u00fd valec, ktor\u00fd sa pou\u017e\u00edva hlavne na ovl\u00e1danie pohybu ly\u017e\u00edc v \u0165a\u017ek\u00fdch strojoch, ako s\u00fa bagre, r\u00fdpadlo-naklada\u010de a \u010deln\u00e9 naklada\u010de. Jeho hlavnou funkciou je umo\u017eni\u0165 ly\u017eici zdv\u00edha\u0165, sp\u00fa\u0161\u0165a\u0165 a nakl\u00e1\u0148a\u0165, \u010do u\u013eah\u010duje vykon\u00e1vanie r\u00f4znych \u00faloh manipul\u00e1cie s materi\u00e1lom. V hydraulickom syst\u00e9me dosahuje valec ly\u017eice presn\u00e9 ovl\u00e1danie ly\u017eice zmenou tlaku hydraulick\u00e9ho oleja, \u010do umo\u017e\u0148uje obsluhe efekt\u00edvne manipulova\u0165 s \u0165a\u017ek\u00fdmi predmetmi, prisp\u00f4sobi\u0165 sa zlo\u017eit\u00fdm pracovn\u00fdm prostrediam a r\u00f4znym prev\u00e1dzkov\u00fdm po\u017eiadavk\u00e1m.<\/p>\n<p><img decoding=\"async\" src=\"https:\/\/www.hydraulic-cylinders.net\/wp-content\/uploads\/2025\/01\/songte-company-2.webp\" alt=\"Obr\u00e1zok valca vedra\"><\/p>\n<h2>Funkcie<\/h2>\n<ul>\n<li>Vysok\u00e1 pevnos\u0165 a odolnos\u0165: Zvy\u010dajne je vyroben\u00fd z vysokopevnostnej ocele alebo hlin\u00edka, odol\u00e1 vysok\u00e9mu tlaku a \u0165a\u017ek\u00fdm za\u0165a\u017eeniam a je navrhnut\u00fd s oh\u013eadom na odolnos\u0165 vo\u010di opotrebovaniu a kor\u00f3zii, \u010d\u00edm sa predl\u017euje jeho \u017eivotnos\u0165.<\/li>\n<li>Efekt\u00edvna hydraulick\u00e1 prev\u00e1dzka: V\u010faka vyu\u017eitiu tlaku hydraulick\u00e9ho oleja na dosiahnutie plynul\u00e9ho vys\u00favania a s\u0165ahovania dok\u00e1\u017ee r\u00fdchlo reagova\u0165 na ovl\u00e1dacie pr\u00edkazy a poskytova\u0165 siln\u00fa tla\u010dn\u00fa a \u0165a\u017en\u00fa silu, vhodn\u00fa na manipul\u00e1ciu s \u0165a\u017ek\u00fdmi predmetmi a zlo\u017eit\u00e9 pracovn\u00e9 \u00falohy.<\/li>\n<li>R\u00f4zne typy: Jedno\u010dinn\u00e9 (hydraulika pou\u017e\u00edvan\u00e1 iba v jednom smere) alebo dvoj\u010dinn\u00e9 (hydraulika pou\u017e\u00edvan\u00e1 v oboch smeroch) valce je mo\u017en\u00e9 vybra\u0165 pod\u013ea potrieb, aby sa splnili r\u00f4zne prev\u00e1dzkov\u00e9 po\u017eiadavky. Niektor\u00e9 modely s\u00fa teleskopick\u00e9, \u010do umo\u017e\u0148uje v\u00e4\u010d\u0161ie vysunutie bez zv\u00e4\u010d\u0161enia vonkaj\u0161\u00edch rozmerov, v\u010faka \u010domu s\u00fa vhodn\u00e9 pre aplik\u00e1cie v obmedzenom priestore.<\/li>\n<li>Dokonal\u00e1 n\u00e1hrada: N\u00e1\u0161 produkt dok\u00e1\u017ee dokonale nahradi\u0165 tieto hydraulick\u00e9 valce so \u0161irokou \u0161k\u00e1lou kompatibiln\u00fdch modelov.<\/li>\n<\/ul>\n<p><img decoding=\"async\" src=\"https:\/\/www.hydraulic-cylinders.net\/wp-content\/uploads\/2025\/01\/songte-cylinder-head-with-all-kinds-excavator-models.webp\" alt=\"Obr\u00e1zok v\u00fdmeny valca vedra\"><\/p>\n<h2>Aplik\u00e1cia<\/h2>\n<p>Valce s lopatou sa \u0161iroko pou\u017e\u00edvaj\u00fa v stavebn\u00fdch, po\u013enohospod\u00e1rskych a v\u00fdkopov\u00fdch strojoch. Ni\u017e\u0161ie s\u00fa uveden\u00e9 niektor\u00e9 z ich d\u00f4le\u017eit\u00fdch aplik\u00e1ci\u00ed:<\/p>\n<h3>Stavebn\u00e9 stroje<\/h3>\n<p>Valce ko\u0161\u00edkov s\u00fa nevyhnutn\u00e9 na kopanie, nakladanie a premiest\u0148ovanie zeminy alebo sutiny v bagroch. V r\u00fdpadlo-naklada\u010doch pom\u00e1haj\u00fa valce ko\u0161\u00edkov pri kopan\u00ed aj zdv\u00edhan\u00ed. <\/p>\n<h3>Po\u013enohospod\u00e1rske stroje<\/h3>\n<p>Pou\u017e\u00edvaj\u00fa sa pre \u010deln\u00e9 naklada\u010de, na naberanie, zdv\u00edhanie a prepravu p\u00f4dy, sena a in\u00fdch materi\u00e1lov.<\/p>\n<h3>R\u00fdpadl\u00e1<\/h3>\n<p>Valce ly\u017eice umo\u017e\u0148uj\u00fa kopanie t\u00fdm, \u017ee umo\u017e\u0148uj\u00fa ly\u017eici prenikn\u00fa\u0165 do p\u00f4dy.<\/p>\n<h3>Naklada\u010de<\/h3>\n<p>V \u010deln\u00fdch naklada\u010doch pom\u00e1haj\u00fa pri efekt\u00edvnom zdv\u00edhan\u00ed a vykladan\u00ed n\u00e1kladu.<\/p>\n<p><img decoding=\"async\" src=\"https:\/\/www.hydraulic-cylinders.net\/wp-content\/uploads\/2025\/01\/songte-bushings-with-all-kinds-of-excavator-models.webp\" alt=\"Obr\u00e1zok aplik\u00e1cie valca vedra\"><\/p>\n<h2>\u00davahy o dizajne a krit\u00e9ri\u00e1 v\u00fdberu<\/h2>\n<p>Valce kor\u010dekov s\u00fa k\u013e\u00fa\u010dov\u00fdmi komponentmi \u0165a\u017ek\u00fdch strojov, preto by sa pre optim\u00e1lny v\u00fdkon mali zoh\u013eadni\u0165 ich kon\u0161truk\u010dn\u00e9 a v\u00fdberov\u00e9 krit\u00e9ri\u00e1. Medzi d\u00f4le\u017eit\u00e9 aspekty patria:<\/p>\n<h3>Nosnos\u0165<\/h3>\n<p>Valec by mal by\u0165 schopn\u00fd odola\u0165 \u0165a\u017ek\u00fdm za\u0165a\u017eeniam, ktor\u00e9 s\u00fa typick\u00e9 pre stavebn\u00e9 a v\u00fdkopov\u00e9 stroje. <\/p>\n<h3>Tesnenie a trvanlivos\u0165<\/h3>\n<p>Tesnenia, ako s\u00fa piestne tesnenia a tesnenia ty\u010d\u00ed, vyroben\u00e9 z materi\u00e1lov odoln\u00fdch vo\u010di opotrebovaniu, ako je polyuret\u00e1n a nitrilov\u00fd kau\u010duk, by sa mali vybera\u0165, aby sa zabezpe\u010dila ich trvanlivos\u0165. Teleso valca a z\u00e1vitov\u00e9 konce by sa mali tie\u017e jemne opracova\u0165, aby sa zlep\u0161ila odolnos\u0165 vo\u010di opotrebovaniu. <\/p>\n<h3>Bezpe\u010dnos\u0165 a \u00fadr\u017eba<\/h3>\n<p>Komponenty valca vedra by mali by\u0165 zostaven\u00e9 a udr\u017eiavan\u00e9, aby sa zabezpe\u010dila bezpe\u010dn\u00e1 prev\u00e1dzka a predi\u0161lo nehod\u00e1m. Na zabezpe\u010denie optim\u00e1lneho v\u00fdkonu by sa mala vykon\u00e1va\u0165 pravideln\u00e1 \u00fadr\u017eba, ako je mazanie, v\u00fdmena tesnen\u00ed a kalibra\u010dn\u00e9 kontroly.<\/p>\n<p><img decoding=\"async\" src=\"https:\/\/www.hydraulic-cylinders.net\/wp-content\/uploads\/2025\/01\/songte-oil-pipes-and-spare-parts.webp\" alt=\"Obr\u00e1zok n\u00e1vrhu valca vedra\"><\/p>\n<h2>Tesnenie a mazanie<\/h2>\n<p>Valce kor\u010dekov vy\u017eaduj\u00fa r\u00f4zne tesniace diely, ako s\u00fa tesnenia piestov a tesnenia ty\u010d\u00ed, ktor\u00e9 s\u00fa vyroben\u00e9 z materi\u00e1lov odoln\u00fdch vo\u010di opotrebovaniu, ako je polyuret\u00e1n a nitrilov\u00fd kau\u010duk. Teleso valca a z\u00e1vitov\u00e9 koncov\u00e9 plochy s\u00fa tie\u017e jemne opracovan\u00e9, aby sa zlep\u0161ila odolnos\u0165 vo\u010di opotrebovaniu. Pravideln\u00e9 prid\u00e1vanie vhodn\u00e9ho hydraulick\u00e9ho oleja je d\u00f4le\u017eit\u00e9 na zabezpe\u010denie mazania.<\/p>\n<h2>\u00dadr\u017eba a opravy<\/h2>\n<p>Spr\u00e1vna \u00fadr\u017eba valcov vedra je k\u013e\u00fa\u010dov\u00e1 pre ich optim\u00e1lny v\u00fdkon a dlh\u00fa \u017eivotnos\u0165. Na zabezpe\u010denie optim\u00e1lneho v\u00fdkonu by sa mali vykon\u00e1va\u0165 pravideln\u00e9 kontroly, mazanie, v\u00fdmena tesnen\u00ed a kalibra\u010dn\u00e9 kontroly. <\/p>\n<h2>Pokyny na in\u0161tal\u00e1ciu<\/h2>\n<p>Spr\u00e1vna in\u0161tal\u00e1cia je nevyhnutn\u00e1 pre spr\u00e1vnu prev\u00e1dzku valcov s vedro. Mali by ste zv\u00e1\u017ei\u0165 nasleduj\u00face tipy:<\/p>\n<ul>\n<li>Zabezpe\u010dte spr\u00e1vne zarovnanie valca so zariaden\u00edm<\/li>\n<li>Na upevnenie valca pou\u017eite vhodn\u00e9 mont\u00e1\u017ene konzoly<\/li>\n<li>Dodr\u017eiavajte odpor\u00fa\u010dan\u00e9 postupy kontroly, opravy a v\u00fdmeny<\/li>\n<li>Pou\u017e\u00edvajte spr\u00e1vne diely a vykon\u00e1vajte repasovan\u00e9 slu\u017eby na pred\u013a\u017eenie \u017eivotnosti valca.<\/li>\n<\/ul>\n<p><img decoding=\"async\" src=\"https:\/\/www.hydraulic-cylinders.net\/wp-content\/uploads\/2025\/01\/songte-chushion-collar.webp\" alt=\"Obr\u00e1zok in\u0161tal\u00e1cie valca vedra\"><\/p>\n<h2>Bezpe\u010dnostn\u00e9 aspekty a faktory prostredia<\/h2>\n<p>Valce s ko\u0161\u00edkom by sa mali in\u0161talova\u0165 a udr\u017eiava\u0165 v s\u00falade s pokynmi v\u00fdrobcu, aby sa zabezpe\u010dila bezpe\u010dnos\u0165. Faktory prostredia, ako je po\u010dasie, teplota a vlhkos\u0165, m\u00f4\u017eu ovplyvni\u0165 v\u00fdkon valca, preto by sa mali vykon\u00e1va\u0165 pravideln\u00e9 kontroly \u00fadr\u017eby, aby sa zabezpe\u010dil optim\u00e1lny v\u00fdkon.<\/p>\n<h2>Rie\u0161enie probl\u00e9mov a be\u017en\u00e9 probl\u00e9my<\/h2>\n<p>Medzi be\u017en\u00e9 probl\u00e9my, s ktor\u00fdmi sa m\u00f4\u017eu stretn\u00fa\u0165 valce vedra, patr\u00ed netesnos\u0165, slab\u00fd v\u00fdkon a opotrebovanie. Na rie\u0161enie t\u00fdchto probl\u00e9mov je d\u00f4le\u017eit\u00e9 spr\u00e1vne diagnostikova\u0165 probl\u00e9m a pou\u017ei\u0165 vhodn\u00e9 met\u00f3dy opravy a v\u00fdmeny. Prevent\u00edvne opatrenia, ako je pravideln\u00e1 \u00fadr\u017eba a v\u00fdmena opotrebovan\u00fdch dielov, m\u00f4\u017eu pom\u00f4c\u0165 minimalizova\u0165 potenci\u00e1lne probl\u00e9my.<\/p>\n<p><img decoding=\"async\" src=\"https:\/\/hzpt.com\/wp-content\/uploads\/2024\/11\/songte-company-1.webp\" alt=\"Obr\u00e1zok rie\u0161enia probl\u00e9mov s valcom vedra\"><\/p>\n<h2>O na\u0161ej spolo\u010dnosti<\/h2>\n<p>Sme v\u00fdrobcom n\u00e1hradn\u00fdch hydraulick\u00fdch valcov a popredn\u00fdm v\u00fdrobcom a ve\u013ekoobchodn\u00fdm distrib\u00fatorom hydraulick\u00fdch valcov na dom\u00e1com aj medzin\u00e1rodnom trhu. Riadime sa strat\u00e9giou riadenia priemyselnej v\u00fdroby zalo\u017eenou na vynikaj\u00facej kvalite, opieraj\u00fac sa o vyu\u017eitie technick\u00fdch talentov, \u0161pi\u010dkov\u00fdch digit\u00e1lnych v\u00fdrobn\u00fdch zariaden\u00ed a profesion\u00e1lnych testovac\u00edch syst\u00e9mov. Neust\u00e1le zdokona\u013eujeme v\u00fdrobn\u00fa platformu dielne, zlep\u0161ujeme v\u00fdrobn\u00fa linku kvality v\u00fdrobkov a m\u00e1me siln\u00fa v\u00fdrobn\u00fa schopnos\u0165 uspokoji\u0165 rozmanit\u00e9 potreby z\u00e1kazn\u00edkov s princ\u00edpmi vysokej efektivity, vysokej presnosti a vysokej kvality.<\/p>\n<p><img decoding=\"async\" src=\"https:\/\/www.hydraulic-cylinders.net\/wp-content\/uploads\/2025\/01\/songte-company-3.webp\" alt=\"O na\u0161ej spolo\u010dnosti Image\"><\/p>\n<h3>Profesionalita<\/h3>\n<p>M\u00e1me t\u00edm profesion\u00e1lov, ktor\u00ed sa venuj\u00fa poskytovaniu kvalitn\u00fdch slu\u017eieb a podpory.<\/p>\n<h3>Medzin\u00e1rodn\u00e1 certifik\u00e1cia<\/h3>\n<p>Na\u0161e produkty z\u00edskali medzin\u00e1rodn\u00e9 certifik\u00e1ty, ktor\u00e9 zaru\u010duj\u00fa, \u017ee sp\u013a\u0148aj\u00fa najvy\u0161\u0161ie \u0161tandardy kvality.<\/p>\n<h3>Prisp\u00f4sobenie<\/h3>\n<p>Sme schopn\u00ed prisp\u00f4sobi\u0165 sa individu\u00e1lnym po\u017eiadavk\u00e1m z\u00e1kazn\u00edka.<\/p>\n<h3>V\u00fdrobn\u00e9 zariadenia<\/h3>\n<p>Na v\u00fdrobu na\u0161ich produktov pou\u017e\u00edvame \u0161pi\u010dkov\u00e9 zariadenia pre optim\u00e1lny v\u00fdkon a dlh\u00fa \u017eivotnos\u0165.<\/p>\n<h3>Popredajn\u00fd servis<\/h3>\n<p>Poskytujeme popredajn\u00fd servis, aby sme zabezpe\u010dili spokojnos\u0165 na\u0161ich z\u00e1kazn\u00edkov s na\u0161imi produktmi a slu\u017ebami.<\/p>\n<p>Autor: lyl<\/p>","protected":false},"excerpt":{"rendered":"<p>Bucket Cylinder For Komatsu Small Excavator PC130-8MO.HB205-1MO.HB2152C-1MO Introduction A bucket cylinder is a specially designed hydraulic cylinder, mainly used to control the movement of buckets in heavy machinery such as excavators, backhoe loaders, and front-end loaders. Its main function is to enable the bucket to lift, lower, and tilt, making it easier to handle various [&hellip;]<\/p>","protected":false},"featured_media":14761,"comment_status":"open","ping_status":"closed","template":"","meta":{"_et_pb_use_builder":"","_et_pb_old_content":"","_et_gb_content_width":""},"product_brand":[],"product_cat":[1494],"product_tag":[1495,1496],"class_list":{"0":"post-15131","1":"product","2":"type-product","3":"status-publish","4":"has-post-thumbnail","6":"product_cat-bucket-cylinders","7":"product_tag-bucket-cylinders","8":"product_tag-hydraulic-cylinders","10":"first","11":"instock","12":"shipping-taxable","13":"product-type-simple"},"amp_enabled":true,"_links":{"self":[{"href":"https:\/\/www.hydraulic-cylinders.net\/sk\/wp-json\/wp\/v2\/product\/15131","targetHints":{"allow":["GET"]}}],"collection":[{"href":"https:\/\/www.hydraulic-cylinders.net\/sk\/wp-json\/wp\/v2\/product"}],"about":[{"href":"https:\/\/www.hydraulic-cylinders.net\/sk\/wp-json\/wp\/v2\/types\/product"}],"replies":[{"embeddable":true,"href":"https:\/\/www.hydraulic-cylinders.net\/sk\/wp-json\/wp\/v2\/comments?post=15131"}],"wp:featuredmedia":[{"embeddable":true,"href":"https:\/\/www.hydraulic-cylinders.net\/sk\/wp-json\/wp\/v2\/media\/14761"}],"wp:attachment":[{"href":"https:\/\/www.hydraulic-cylinders.net\/sk\/wp-json\/wp\/v2\/media?parent=15131"}],"wp:term":[{"taxonomy":"product_brand","embeddable":true,"href":"https:\/\/www.hydraulic-cylinders.net\/sk\/wp-json\/wp\/v2\/product_brand?post=15131"},{"taxonomy":"product_cat","embeddable":true,"href":"https:\/\/www.hydraulic-cylinders.net\/sk\/wp-json\/wp\/v2\/product_cat?post=15131"},{"taxonomy":"product_tag","embeddable":true,"href":"https:\/\/www.hydraulic-cylinders.net\/sk\/wp-json\/wp\/v2\/product_tag?post=15131"}],"curies":[{"name":"pracovn\u00fd list","href":"https:\/\/api.w.org\/{rel}","templated":true}]}}