{"id":15132,"date":"2025-01-19T14:08:45","date_gmt":"2025-01-19T14:08:45","guid":{"rendered":"https:\/\/www.hydraulic-cylinders.net\/product\/bucket-cylinder-for-komatsu-middle-excavator-pc150-5\/"},"modified":"2025-01-19T14:08:47","modified_gmt":"2025-01-19T14:08:47","slug":"bucket-cylinder-for-komatsu-middle-excavator-pc150-5","status":"publish","type":"product","link":"https:\/\/www.hydraulic-cylinders.net\/sk\/produkt\/bucket-cylinder-for-komatsu-middle-excavator-pc150-5\/","title":{"rendered":"Valec vedra pre stredn\u00e9 r\u00fdpadlo Komatsu PC150-5"},"content":{"rendered":"<h1>Valec vedra pre stredn\u00e9 r\u00fdpadlo Komatsu PC150-5<\/h1>\n<h2>\u00davod<\/h2>\n<p>Hydraulick\u00fd valec ly\u017eice pre stredn\u00e9 r\u00fdpadlo Komatsu PC150-5 je hydraulick\u00fd valec \u0161peci\u00e1lne navrhnut\u00fd na ovl\u00e1danie pohybu ly\u017eice v \u0165a\u017ek\u00fdch strojoch, ako s\u00fa r\u00fdpadl\u00e1, r\u00fdpadl\u00e1-naklada\u010de a \u010deln\u00e9 naklada\u010de. Jeho hlavnou funkciou je umo\u017eni\u0165 zdv\u00edhanie, sp\u00fa\u0161\u0165anie a nakl\u00e1\u0148anie ly\u017eice, \u010do u\u013eah\u010duje vykon\u00e1vanie r\u00f4znych \u00faloh manipul\u00e1cie s materi\u00e1lom. V hydraulickom syst\u00e9me dosahuje valec ly\u017eice presn\u00e9 ovl\u00e1danie pohybu ly\u017eice prostredn\u00edctvom zmien tlaku hydraulick\u00e9ho oleja, \u010do umo\u017e\u0148uje obsluhe efekt\u00edvne manipulova\u0165 s \u0165a\u017ek\u00fdmi predmetmi a prisp\u00f4sobi\u0165 sa zlo\u017eit\u00fdm pracovn\u00fdm prostrediam a r\u00f4znorod\u00fdm po\u017eiadavk\u00e1m na pr\u00e1cu.<\/p>\n<p><img decoding=\"async\" src=\"https:\/\/www.hydraulic-cylinders.net\/wp-content\/uploads\/2025\/01\/songte-company-2.webp\"><\/p>\n<h2>Funkcie<\/h2>\n<ul>\n<li>Vysok\u00e1 pevnos\u0165 a odolnos\u0165: zvy\u010dajne vyroben\u00e9 z vysokopevnostnej ocele alebo hlin\u00edka, schopn\u00e9 odol\u00e1va\u0165 vysok\u00e9mu tlaku a \u0165a\u017ek\u00fdm za\u0165a\u017eeniam, prisp\u00f4soben\u00e9 n\u00e1ro\u010dn\u00fdm pracovn\u00fdm podmienkam a navrhnut\u00e9 s oh\u013eadom na odolnos\u0165 vo\u010di opotrebovaniu a kor\u00f3zii, aby sa pred\u013a\u017eila \u017eivotnos\u0165.<\/li>\n<li>Efekt\u00edvna hydraulick\u00e1 prev\u00e1dzka: plynul\u00fd pohyb vys\u00favania a s\u0165ahovania dosiahnut\u00fd pomocou tlaku hydraulick\u00e9ho oleja, schopnos\u0165 r\u00fdchlo reagova\u0165 na ovl\u00e1dacie povely, poskytovanie silnej tla\u010dnej a \u0165a\u017enej sily, vhodn\u00e9 na manipul\u00e1ciu s \u0165a\u017ek\u00fdmi predmetmi a zlo\u017eit\u00e9 pracovn\u00e9 \u00falohy.<\/li>\n<li>R\u00f4zne typy: jedno\u010dinn\u00e9 (hydraulicky ovl\u00e1dan\u00e9 iba v jednom smere) alebo dvoj\u010dinn\u00e9 (hydraulicky ovl\u00e1dan\u00e9 v oboch smeroch) valce je mo\u017en\u00e9 vybra\u0165 pod\u013ea potrieb, aby sa splnili r\u00f4zne prev\u00e1dzkov\u00e9 po\u017eiadavky, a niektor\u00e9 modely s\u00fa teleskopick\u00e9, \u010do umo\u017e\u0148uje v\u00e4\u010d\u0161ie vysunutie bez zv\u00e4\u010d\u0161enia vonkaj\u0161\u00edch rozmerov, vhodn\u00e9 pre aplik\u00e1cie s obmedzen\u00fdm priestorom.<\/li>\n<li>Zamenite\u013en\u00e9: na\u0161e produkty dok\u00e1\u017eu dokonale nahradi\u0165 tieto hydraulick\u00e9 valce.<\/li>\n<li>Prisp\u00f4sobite\u013en\u00e9: vieme vyrobi\u0165 valec vedra pod\u013ea po\u017eiadaviek z\u00e1kazn\u00edka.<\/li>\n<\/ul>\n<p><img decoding=\"async\" src=\"https:\/\/www.hydraulic-cylinders.net\/wp-content\/uploads\/2025\/01\/songte-cylinder-head-with-all-kinds-excavator-models.webp\"><\/p>\n<h2>Aplik\u00e1cie<\/h2>\n<p>Valec s ko\u0161\u00edkom m\u00e1 \u0161irok\u00e9 uplatnenie v r\u00f4znych odvetviach, vr\u00e1tane:<\/p>\n<ul>\n<li>Stavebn\u00e9 stroje: bagre, r\u00fdpadl\u00e1 a \u010deln\u00e9 naklada\u010de sa pri kopan\u00ed, nakladan\u00ed a premiest\u0148ovan\u00ed zeminy alebo sutiny spoliehaj\u00fa na valec ly\u017eice.<\/li>\n<li>Po\u013enohospod\u00e1rske stroje: pou\u017e\u00edvaj\u00fa sa v \u010deln\u00fdch naklada\u010doch na naberanie, zdv\u00edhanie a prepravu p\u00f4dy, sena a in\u00fdch materi\u00e1lov.<\/li>\n<li>R\u00fdpadl\u00e1: valce ly\u017eice umo\u017e\u0148uj\u00fa v\u00fdkopov\u00e9 pr\u00e1ce t\u00fdm, \u017ee umo\u017e\u0148uj\u00fa ly\u017eici prenikn\u00fa\u0165 do p\u00f4dy.<\/li>\n<li>Naklada\u010de: pri \u010deln\u00fdch naklada\u010doch pom\u00e1haj\u00fa efekt\u00edvne zdv\u00edha\u0165 a nakl\u00e1\u0148a\u0165 n\u00e1klad.<\/li>\n<\/ul>\n<h2>\u00davahy o dizajne a krit\u00e9ri\u00e1 v\u00fdberu<\/h2>\n<p>Pri kon\u0161trukcii valca s ko\u0161\u00edkom sa zoh\u013eadnia jeho nosnos\u0165, tesnos\u0165, trvanlivos\u0165, bezpe\u010dnos\u0165 a \u00fadr\u017eba. K\u013e\u00fa\u010dov\u00e9 kon\u0161truk\u010dn\u00e9 aspekty s\u00fa:<\/p>\n<ul>\n<li>Nosnos\u0165: valec mus\u00ed odol\u00e1va\u0165 vysok\u00e9mu za\u0165a\u017eeniu bez deform\u00e1cie alebo zlomenia.<\/li>\n<li>Tesnenie: na zabr\u00e1nenie \u00faniku oleja a udr\u017eanie tlaku v syst\u00e9me sa pou\u017e\u00edvaj\u00fa r\u00f4zne tesniace komponenty, ako s\u00fa tesnenia piestov a tesnenia ty\u010d\u00ed.<\/li>\n<li>Trvanlivos\u0165: valec mus\u00ed odol\u00e1va\u0165 n\u00e1ro\u010dn\u00fdm pracovn\u00fdm podmienkam a by\u0165 odoln\u00fd vo\u010di opotrebovaniu a kor\u00f3zii.<\/li>\n<li>Bezpe\u010dnos\u0165: na zabezpe\u010denie bezpe\u010dnej prev\u00e1dzky s\u00fa potrebn\u00e9 opatrenia, ako je pou\u017eitie bezpe\u010dnostn\u00fdch ventilov a zariaden\u00ed na ochranu proti pre\u0165a\u017eeniu.<\/li>\n<li>\u00dadr\u017eba: valec sa mus\u00ed da\u0165 \u013eahko rozobra\u0165, vy\u010disti\u0165, skontrolova\u0165 a znova zlo\u017ei\u0165, aby sa u\u013eah\u010dila \u00fadr\u017eba a oprava.<\/li>\n<\/ul>\n<p><img decoding=\"async\" src=\"https:\/\/www.hydraulic-cylinders.net\/wp-content\/uploads\/2025\/01\/songte-oil-pipes-and-spare-parts.webp\"><\/p>\n<h2>Tesnenie a mazanie<\/h2>\n<p>Valec kor\u010deka pou\u017e\u00edva r\u00f4zne typy tesnen\u00ed, ako s\u00fa piestne tesnenia a tesnenia ty\u010d\u00ed, vyroben\u00e9 z materi\u00e1lov odoln\u00fdch vo\u010di opotrebovaniu, ako je polyuret\u00e1n a nitrilov\u00fd kau\u010duk, aby sa zabr\u00e1nilo \u00faniku oleja. Teleso valca a z\u00e1vitov\u00fd koniec s\u00fa jemne opracovan\u00e9, aby sa zlep\u0161ila odolnos\u0165 vo\u010di opotrebovaniu. Pravidelne je potrebn\u00e9 prid\u00e1va\u0165 primeran\u00e9 mno\u017estvo hydraulick\u00e9ho oleja na mazanie.<\/p>\n<h2>\u00dadr\u017eba a opravy<\/h2>\n<p>Pravideln\u00e1 kontrola a prevent\u00edvna \u00fadr\u017eba s\u00fa nevyhnutn\u00e9 na zabezpe\u010denie dlhodobej spo\u013eahlivej prev\u00e1dzky valca vedra. Medzi be\u017en\u00e9 \u00falohy \u00fadr\u017eby patria:<\/p>\n<ul>\n<li>Pravideln\u00e1 kontrola: skontrolujte stav valca, ako s\u00fa praskliny, opotrebovanie, deform\u00e1cie a netesnosti.<\/li>\n<li>Spr\u00e1vne mazanie: pou\u017e\u00edvajte vhodn\u00e9 mazivo a tuk a dbajte na ich pravideln\u00e9 dop\u013a\u0148anie.<\/li>\n<li>V\u00fdmena tesnenia: tesnenia ihne\u010f vyme\u0148te, ak vykazuj\u00fa zn\u00e1mky opotrebovania alebo po\u0161kodenia.<\/li>\n<li>Kontrola kalibr\u00e1cie: skontrolujte tlak vo valci a v pr\u00edpade potreby ho upravte.<\/li>\n<\/ul>\n<p><img decoding=\"async\" src=\"https:\/\/www.hydraulic-cylinders.net\/wp-content\/uploads\/2025\/01\/songte-chushion-collar.webp\"><\/p>\n<h2>Bezpe\u010dnostn\u00e9 a environment\u00e1lne aspekty<\/h2>\n<p>Pri pou\u017e\u00edvan\u00ed valca s vedrom je nevyhnutn\u00e9 dodr\u017eiava\u0165 bezpe\u010dnostn\u00e9 opatrenia na predch\u00e1dzanie nehod\u00e1m, ako je pou\u017e\u00edvanie ochrann\u00fdch prostriedkov a spr\u00e1vna mont\u00e1\u017e valca. Medzi environment\u00e1lne aspekty patr\u00ed zabezpe\u010denie spr\u00e1vnej likvid\u00e1cie hydraulick\u00e9ho oleja pou\u017eit\u00e9ho vo valci, aby sa predi\u0161lo zne\u010disteniu \u017eivotn\u00e9ho prostredia.<\/p>\n<h2>Diagnostika a prevencia por\u00fach<\/h2>\n<p>Medzi be\u017en\u00e9 poruchy valca vedra patria \u00faniky oleja, po\u0161kodenie piestu a ty\u010de a abnorm\u00e1lny hluk. Aby sa t\u00fdmto poruch\u00e1m predi\u0161lo, je potrebn\u00e1 pravideln\u00e1 kontrola a \u00fadr\u017eba a nevyhnutn\u00e1 je r\u00fdchla oprava ak\u00fdchko\u013evek por\u00fach.<\/p>\n<p><img decoding=\"async\" src=\"https:\/\/www.hydraulic-cylinders.net\/wp-content\/uploads\/2025\/01\/songte-bushings-with-all-kinds-of-excavator-models.webp\"><\/p>\n<h2>O na\u0161ej spolo\u010dnosti<\/h2>\n<p>Sme v\u00fdrobcom hydraulick\u00fdch valcov, ktor\u00e9 m\u00f4\u017eu nahradi\u0165 in\u00e9 hydraulick\u00e9 valce. Na\u0161a spolo\u010dnos\u0165 pon\u00faka \u0161irok\u00fa \u0161k\u00e1lu produktov a stala sa jedn\u00fdm z popredn\u00fdch v\u00fdrobcov a ve\u013ekoobchodn\u00fdch distrib\u00fatorov hydraulick\u00fdch valcov na dom\u00e1com aj medzin\u00e1rodnom trhu. Dodr\u017eiavame z\u00e1sadu vynikaj\u00facej kvality a spoliehame sa na industrializovan\u00e9 strat\u00e9gie riadenia v\u00fdroby v prec\u00edznych v\u00fdrobn\u00fdch diel\u0148ach. Neust\u00e1le zlep\u0161ujeme v\u00fdrobn\u00fa platformu, zlep\u0161ujeme v\u00fdrobn\u00fa linku na kvalitu produktov a m\u00e1me siln\u00e9 v\u00fdrobn\u00e9 kapacity, aby sme splnili rozmanit\u00e9 potreby na\u0161ich z\u00e1kazn\u00edkov s vysokou \u00fa\u010dinnos\u0165ou, vysokou presnos\u0165ou a vysokou kvalitou.<\/p>\n<ul>\n<li>Profesionalita: M\u00e1me t\u00edm sk\u00fasen\u00fdch in\u017einierov a technikov, ktor\u00ed poskytuj\u00fa profesion\u00e1lne slu\u017eby a podporu na\u0161im klientom.<\/li>\n<li>Medzin\u00e1rodn\u00e9 certifik\u00e1cie: Na\u0161e produkty maj\u00fa certifik\u00e1cie ISO9001, CE a SGS a s\u00fa uzn\u00e1van\u00e9 z\u00e1kazn\u00edkmi po celom svete.<\/li>\n<li>Slu\u017eba prisp\u00f4sobenia: Na\u0161e produkty vieme prisp\u00f4sobi\u0165 \u0161pecifick\u00fdm potreb\u00e1m na\u0161ich z\u00e1kazn\u00edkov.<\/li>\n<li>V\u00fdrobn\u00e9 zariadenia: Na zabezpe\u010denie vysokej kvality a efekt\u00edvnosti pou\u017e\u00edvame modern\u00e9 v\u00fdrobn\u00e9 zariadenia, ako s\u00fa CNC stroje a roboty.<\/li>\n<li>Popredajn\u00fd servis: Poskytujeme komplexn\u00fd popredajn\u00fd servis vr\u00e1tane \u00fadr\u017eby, opr\u00e1v a v\u00fdmeny dielov, aby sme zabezpe\u010dili spokojnos\u0165 z\u00e1kazn\u00edkov.<\/li>\n<\/ul>\n<p>Autor: lyl<\/p>","protected":false},"excerpt":{"rendered":"<p>Bucket Cylinder For Komatsu Middle Excavator PC150-5 Introduction The bucket cylinder for Komatsu Middle Excavator PC150-5 is a hydraulic cylinder specially designed to control the movement of the bucket in heavy machinery such as excavators, backhoes, and front loaders. Its main function is to enable the bucket to lift, lower, and tilt, making it easier [&hellip;]<\/p>","protected":false},"featured_media":14789,"comment_status":"open","ping_status":"closed","template":"","meta":{"_et_pb_use_builder":"","_et_pb_old_content":"","_et_gb_content_width":""},"product_brand":[],"product_cat":[1494],"product_tag":[1495,1496],"class_list":{"0":"post-15132","1":"product","2":"type-product","3":"status-publish","4":"has-post-thumbnail","6":"product_cat-bucket-cylinders","7":"product_tag-bucket-cylinders","8":"product_tag-hydraulic-cylinders","10":"first","11":"instock","12":"shipping-taxable","13":"product-type-simple"},"amp_enabled":true,"_links":{"self":[{"href":"https:\/\/www.hydraulic-cylinders.net\/sk\/wp-json\/wp\/v2\/product\/15132","targetHints":{"allow":["GET"]}}],"collection":[{"href":"https:\/\/www.hydraulic-cylinders.net\/sk\/wp-json\/wp\/v2\/product"}],"about":[{"href":"https:\/\/www.hydraulic-cylinders.net\/sk\/wp-json\/wp\/v2\/types\/product"}],"replies":[{"embeddable":true,"href":"https:\/\/www.hydraulic-cylinders.net\/sk\/wp-json\/wp\/v2\/comments?post=15132"}],"wp:featuredmedia":[{"embeddable":true,"href":"https:\/\/www.hydraulic-cylinders.net\/sk\/wp-json\/wp\/v2\/media\/14789"}],"wp:attachment":[{"href":"https:\/\/www.hydraulic-cylinders.net\/sk\/wp-json\/wp\/v2\/media?parent=15132"}],"wp:term":[{"taxonomy":"product_brand","embeddable":true,"href":"https:\/\/www.hydraulic-cylinders.net\/sk\/wp-json\/wp\/v2\/product_brand?post=15132"},{"taxonomy":"product_cat","embeddable":true,"href":"https:\/\/www.hydraulic-cylinders.net\/sk\/wp-json\/wp\/v2\/product_cat?post=15132"},{"taxonomy":"product_tag","embeddable":true,"href":"https:\/\/www.hydraulic-cylinders.net\/sk\/wp-json\/wp\/v2\/product_tag?post=15132"}],"curies":[{"name":"pracovn\u00fd list","href":"https:\/\/api.w.org\/{rel}","templated":true}]}}