{"id":15134,"date":"2025-01-19T14:08:54","date_gmt":"2025-01-19T14:08:54","guid":{"rendered":"https:\/\/www.hydraulic-cylinders.net\/product\/bucket-cylinder-for-komatsu-middle-excavator-pc228\/"},"modified":"2025-01-19T14:08:56","modified_gmt":"2025-01-19T14:08:56","slug":"bucket-cylinder-for-komatsu-middle-excavator-pc228","status":"publish","type":"product","link":"https:\/\/www.hydraulic-cylinders.net\/sk\/produkt\/bucket-cylinder-for-komatsu-middle-excavator-pc228\/","title":{"rendered":"Valec vedra pre stredn\u00e9 r\u00fdpadlo Komatsu PC228"},"content":{"rendered":"<h1>Valec vedra pre stredn\u00e9 r\u00fdpadlo Komatsu PC228<\/h1>\n<h2>\u00davod<\/h2>\n<p>Hydraulick\u00fd valec ly\u017eice pre stredn\u00e9 r\u00fdpadlo Komatsu PC228 je \u0161pecializovan\u00fd hydraulick\u00fd valec ur\u010den\u00fd na ovl\u00e1danie pohybu ly\u017eice v \u0165a\u017ek\u00fdch strojoch, ako s\u00fa r\u00fdpadl\u00e1, r\u00fdpadl\u00e1-naklada\u010de a \u010deln\u00e9 naklada\u010de. Jeho hlavnou funkciou je umo\u017eni\u0165 zdv\u00edhanie, sp\u00fa\u0161\u0165anie a nakl\u00e1\u0148anie ly\u017eice, \u010do u\u013eah\u010duje vykon\u00e1vanie r\u00f4znych \u00faloh manipul\u00e1cie s materi\u00e1lom. V hydraulickom syst\u00e9me valec ly\u017eice riadi presn\u00fd pohyb ly\u017eice zmenou tlaku hydraulick\u00e9ho oleja, \u010do umo\u017e\u0148uje obsluhe efekt\u00edvne manipulova\u0165 s \u0165a\u017ek\u00fdmi bremenami a prisp\u00f4sobi\u0165 sa zlo\u017eit\u00fdm pracovn\u00fdm prostrediam a r\u00f4znym prev\u00e1dzkov\u00fdm po\u017eiadavk\u00e1m.<\/p>\n<p><img decoding=\"async\" src=\"https:\/\/www.hydraulic-cylinders.net\/wp-content\/uploads\/2025\/01\/songte-company-2.webp\" alt=\"Valec vedra pre stredn\u00fd bager Komatsu PC228\" \/><\/p>\n<h2>Funkcie<\/h2>\n<ul>\n<li><strong>Vysok\u00e1 pevnos\u0165 a odolnos\u0165:<\/strong> Zvy\u010dajne je vyroben\u00fd z vysokopevnostnej ocele alebo hlin\u00edka, odol\u00e1 vysok\u00e9mu tlaku a \u0165a\u017ek\u00fdm za\u0165a\u017eeniam, \u010d\u00edm sa prisp\u00f4sob\u00ed n\u00e1ro\u010dn\u00fdm pracovn\u00fdm podmienkam. Jeho kon\u0161trukcia zoh\u013ead\u0148uje odolnos\u0165 vo\u010di opotrebovaniu a kor\u00f3zii, \u010d\u00edm sa predl\u017euje jeho \u017eivotnos\u0165.<\/li>\n<li><strong>Efekt\u00edvna hydraulick\u00e1 prev\u00e1dzka:<\/strong> V\u010faka tlaku hydraulick\u00e9ho oleja na dosiahnutie plynul\u00e9ho teleskopick\u00e9ho pohybu dok\u00e1\u017ee r\u00fdchlo reagova\u0165 na prev\u00e1dzkov\u00e9 povely a poskytova\u0165 siln\u00fa tla\u010dn\u00fa a \u0165a\u017en\u00fa silu, vhodn\u00fa na manipul\u00e1ciu s \u0165a\u017ek\u00fdmi bremenami a zlo\u017eit\u00e9 pracovn\u00e9 \u00falohy.<\/li>\n<li><strong>R\u00f4zne typy:<\/strong> Pod\u013ea va\u0161ich po\u017eiadaviek si m\u00f4\u017eete vybra\u0165 medzi jedno\u010dinn\u00fdmi (hydraulicky ovl\u00e1dan\u00e9 iba v jednom smere) alebo dvoj\u010dinn\u00fdmi (hydraulicky ovl\u00e1dan\u00e9 v oboch smeroch) valcami, niektor\u00e9 modely s\u00fa teleskopick\u00e9, \u010do umo\u017e\u0148uje v\u00e4\u010d\u0161ie vysunutie bez zv\u00e4\u010d\u0161enia vonkaj\u0161\u00edch rozmerov, vhodn\u00e9 pre aplik\u00e1cie s obmedzen\u00fdm priestorom.<\/li>\n<li><strong>Prisp\u00f4sobite\u013en\u00e9:<\/strong> Na\u0161a spolo\u010dnos\u0165 dok\u00e1\u017ee vyrobi\u0165 tento produkt a perfektne ho nahradi\u0165 in\u00fdmi hydraulick\u00fdmi valcami.<\/li>\n<\/ul>\n<p><img decoding=\"async\" src=\"https:\/\/www.hydraulic-cylinders.net\/wp-content\/uploads\/2025\/01\/songte-cylinder-head-with-all-kinds-excavator-models.webp\" alt=\"Valec vedra pre stredn\u00fd bager Komatsu PC228\" \/><\/p>\n<h2>Aplik\u00e1cie<\/h2>\n<p>Valec korby pre stredn\u00e9 r\u00fdpadlo Komatsu PC228 je vhodn\u00fd pre r\u00f4zne \u0165a\u017ek\u00e9 stroje vr\u00e1tane:<\/p>\n<ul>\n<li><strong>Stavebn\u00e9 vybavenie:<\/strong> Nach\u00e1dzaj\u00fa sa v bagroch a s\u00fa nevyhnutn\u00e9 na kopanie, nakladanie a premiest\u0148ovanie zeminy alebo sutiny. V r\u00fdpadlo-naklada\u010doch valec ly\u017eice pom\u00e1ha pri kopan\u00ed aj zdv\u00edhan\u00ed.<\/li>\n<li><strong>Po\u013enohospod\u00e1rske stroje:<\/strong> Pou\u017e\u00edvaj\u00fa sa v \u010deln\u00fdch naklada\u010doch a dok\u00e1\u017eu nabera\u0165, zdv\u00edha\u0165 a prepravova\u0165 zeminu, seno a in\u00e9 materi\u00e1ly. V r\u00fdpadl\u00e1ch umo\u017e\u0148uj\u00fa valce ko\u0161\u00edkov v\u00fdkopov\u00e9 pr\u00e1ce t\u00fdm, \u017ee umo\u017e\u0148uj\u00fa ko\u0161\u00edku prenikn\u00fa\u0165 do p\u00f4dy.<\/li>\n<li><strong>Vybavenie naklada\u010da:<\/strong> V \u010deln\u00fdch naklada\u010doch pom\u00e1haj\u00fa efekt\u00edvne zdv\u00edha\u0165 a nakl\u00e1\u0148a\u0165 n\u00e1klad.<\/li>\n<\/ul>\n<h2>\u00davahy o dizajne a krit\u00e9ri\u00e1 v\u00fdberu<\/h2>\n<ul>\n<li><strong>Nosnos\u0165:<\/strong> Mal by by\u0165 schopn\u00fd odola\u0165 maxim\u00e1lnemu za\u0165a\u017eeniu, ktor\u00e9mu m\u00f4\u017ee po\u010das prev\u00e1dzky \u010deli\u0165.<\/li>\n<li><strong>Tesnenie:<\/strong> Pou\u017eitie r\u00f4znych tesniacich prvkov, ako s\u00fa tesnenia piestov, tesnenia ty\u010d\u00ed at\u010f. Tesniace prvky by mali by\u0165 vyroben\u00e9 z materi\u00e1lov odoln\u00fdch vo\u010di opotrebovaniu, ako je polyuret\u00e1n alebo nitrilov\u00fd kau\u010duk, a teleso valca a z\u00e1vitov\u00e9 koncov\u00e9 plochy by mali by\u0165 jemne opracovan\u00e9, aby sa zlep\u0161ila odolnos\u0165 proti opotrebovaniu.<\/li>\n<li><strong>Trvanlivos\u0165:<\/strong> F\u013ea\u0161a by mala by\u0165 navrhnut\u00e1 tak, aby odolala environment\u00e1lnym faktorom, ktor\u00fdm bude vystaven\u00e1, ako je kor\u00f3zia a oder.<\/li>\n<li><strong>Bezpe\u010dnos\u0165:<\/strong> Do n\u00e1vrhu by mali by\u0165 zakomponovan\u00e9 bezpe\u010dnostn\u00e9 prvky, aby sa predi\u0161lo nehod\u00e1m a zraneniam.<\/li>\n<li><strong>Udr\u017eiavate\u013enos\u0165:<\/strong> V\u00fdrobok by mal by\u0165 \u013eahko udr\u017eiavate\u013en\u00fd a opravovate\u013en\u00fd, aby sa skr\u00e1tili prestoje a zabezpe\u010dila sa dlh\u00e1 \u017eivotnos\u0165.<\/li>\n<\/ul>\n<p><img decoding=\"async\" src=\"https:\/\/www.hydraulic-cylinders.net\/wp-content\/uploads\/2025\/01\/songte-oil-pipes-and-spare-parts.webp\" alt=\"Valec vedra pre stredn\u00fd bager Komatsu PC228\" \/><\/p>\n<h2>Tesnenie a mazanie<\/h2>\n<p>Hydraulick\u00fd valec lopaty pre stredn\u00fd bager Komatsu PC228 pou\u017e\u00edva r\u00f4zne tesniace prvky na zabezpe\u010denie efekt\u00edvnej prev\u00e1dzky hydraulick\u00e9ho syst\u00e9mu. Teleso valca a z\u00e1vitov\u00e9 koncov\u00e9 plochy s\u00fa prec\u00edzne opracovan\u00e9 pre zlep\u0161enie odolnosti proti opotrebovaniu. Pravideln\u00e9 mazanie vhodn\u00fdm hydraulick\u00fdm olejom je nevyhnutn\u00e9.<\/p>\n<p><img decoding=\"async\" src=\"https:\/\/www.hydraulic-cylinders.net\/wp-content\/uploads\/2025\/01\/songte-chushion-collar.webp\" alt=\"Valec vedra pre stredn\u00fd bager Komatsu PC228\" \/><\/p>\n<h2>\u00dadr\u017eba a opravy<\/h2>\n<p>Nasleduj\u00fa be\u017en\u00e9 \u00falohy \u00fadr\u017eby:<\/p>\n<ul>\n<li>Pravideln\u00e1 kontrola<\/li>\n<li>Spr\u00e1vne mazanie<\/li>\n<li>V\u00fdmena tesnenia<\/li>\n<li>Kontrola kalibr\u00e1cie<\/li>\n<\/ul>\n<p>Spr\u00e1vna in\u0161tal\u00e1cia, mazanie a nastavenie s\u00fa nevyhnutn\u00e9 pre zabezpe\u010denie dlhej \u017eivotnosti. Po\u010das in\u0161tal\u00e1cie sa odpor\u00fa\u010da spr\u00e1vne zarovna\u0165 valec a na jeho upevnenie pou\u017ei\u0165 vhodn\u00e9 mont\u00e1\u017ene konzoly. Na udr\u017eanie optim\u00e1lneho v\u00fdkonu a pred\u013a\u017eenie \u017eivotnosti valca ly\u017eice pre stredn\u00fd bager Komatsu PC228 sa odpor\u00fa\u010da pravideln\u00e1 kontrola, oprava a v\u00fdmena.<\/p>\n<p><img decoding=\"async\" src=\"https:\/\/www.hydraulic-cylinders.net\/wp-content\/uploads\/2025\/01\/songte-bushings-with-all-kinds-of-excavator-models.webp\" alt=\"Valec vedra pre stredn\u00fd bager Komatsu PC228\" \/><\/p>\n<h2>Bezpe\u010dnostn\u00e9 aspekty a faktory prostredia<\/h2>\n<p>Pri pou\u017eit\u00ed valca lopaty pre stredn\u00fd bager Komatsu PC228 s\u00fa bezpe\u010dnostn\u00e9 opatrenia nevyhnutn\u00e9 na predch\u00e1dzanie nehod\u00e1m a zraneniam. Pri navrhovan\u00ed a v\u00fdbere hydraulick\u00fdch valcov by sa mali zoh\u013eadni\u0165 faktory prostredia, ako je teplota a vlhkos\u0165.<\/p>\n<h2>Diagnostika por\u00fach a be\u017en\u00e9 probl\u00e9my<\/h2>\n<p>Medzi be\u017en\u00e9 poruchy patr\u00ed \u00fanik oleja, abnorm\u00e1lny hluk a pomal\u00fd alebo nestabiln\u00fd pohyb. Tieto m\u00f4\u017eu by\u0165 sp\u00f4soben\u00e9 r\u00f4znymi faktormi, ako je opotrebovanie, zlyhanie tesnenia alebo nespr\u00e1vna in\u0161tal\u00e1cia.<\/p>\n<h2>Predstavenie spolo\u010dnosti<\/h2>\n<p>Sme v\u00fdrobcom kvalitn\u00fdch n\u00e1hradn\u00fdch hydraulick\u00fdch valcov a popredn\u00fdm v\u00fdrobcom a ve\u013ekoobchodn\u00fdm distrib\u00fatorom hydraulick\u00fdch valcov na dom\u00e1com aj zahrani\u010dnom trhu. Riadime sa strat\u00e9giou vynikaj\u00facej kvality, spoliehame sa na riadenie priemyselnej v\u00fdroby v jemn\u00fdch v\u00fdrobn\u00fdch diel\u0148ach a neust\u00e1le zlep\u0161ujeme v\u00fdrobn\u00fa platformu dielensk\u00fdch produktov z h\u013eadiska technick\u00fdch talentov, digit\u00e1lnych \u0161pi\u010dkov\u00fdch v\u00fdrobn\u00fdch zariaden\u00ed a profesion\u00e1lnych testovac\u00edch syst\u00e9mov. V\u010faka efekt\u00edvnym, presn\u00fdm a vysokokvalitn\u00fdm princ\u00edpom uspokojujeme rozmanit\u00e9 potreby z\u00e1kazn\u00edkov.<\/p>\n<p><img decoding=\"async\" src=\"https:\/\/hzpt.com\/wp-content\/uploads\/2024\/11\/songte-company-1.webp\" alt=\"Valec vedra pre stredn\u00fd bager Komatsu PC228\" \/><\/p>\n<h3>Profesionalita:<\/h3>\n<p>M\u00e1me t\u00edm profesion\u00e1lov, ktor\u00ed vo svojej pr\u00e1ci dodr\u017eiavaj\u00fa najvy\u0161\u0161ie \u0161tandardy, \u010d\u00edm zabezpe\u010dujeme, aby sme na\u0161im klientom poskytovali vysoko kvalitn\u00e9 produkty a slu\u017eby.<\/p>\n<h3>Medzin\u00e1rodn\u00e1 certifik\u00e1cia:<\/h3>\n<p>Na\u0161a spolo\u010dnos\u0165 m\u00e1 r\u00f4zne medzin\u00e1rodn\u00e9 certifik\u00e1ty ako ISO9001 a CE, \u010do zaru\u010duje, \u017ee na\u0161e v\u00fdrobky sp\u013a\u0148aj\u00fa glob\u00e1lne \u0161tandardy kvality.<\/p>\n<h3>Slu\u017eby prisp\u00f4sobenia:<\/h3>\n<p>Pon\u00fakame slu\u017eby prisp\u00f4sobenia, aby sme splnili ak\u00e9ko\u013evek \u0161pecifick\u00e9 potreby a po\u017eiadavky na\u0161ich klientov.<\/p>\n<h3>V\u00fdrobn\u00e9 vybavenie:<\/h3>\n<p>Na\u0161e v\u00fdrobn\u00e9 vybavenie zah\u0155\u0148a modern\u00e9 CNC obr\u00e1bacie centr\u00e1, testovacie zariadenia a \u010fal\u0161ie high-tech zariadenia, ktor\u00e9 n\u00e1m umo\u017e\u0148uj\u00fa vyr\u00e1ba\u0165 vysoko kvalitn\u00e9 produkty.<\/p>\n<h3>Popredajn\u00e9 slu\u017eby:<\/h3>\n<p>Poskytujeme vynikaj\u00face popredajn\u00e9 slu\u017eby, aby sme zabezpe\u010dili spokojnos\u0165 na\u0161ich klientov s na\u0161imi produktmi a slu\u017ebami, vr\u00e1tane pravidelnej \u00fadr\u017eby, kontrol, opr\u00e1v a v\u00fdmeny dielov.<\/p>\n<p>Autor: lyl<\/p>","protected":false},"excerpt":{"rendered":"<p>Bucket Cylinder For Komatsu Middle Excavator PC228 Introduction The Bucket Cylinder for Komatsu Middle Excavator PC228 is a specialized hydraulic cylinder designed to control the movement of the bucket in heavy machinery such as excavators, backhoes, and front-end loaders. Its primary function is to allow the bucket to lift, lower, and tilt, making it easier [&hellip;]<\/p>","protected":false},"featured_media":14787,"comment_status":"open","ping_status":"closed","template":"","meta":{"_et_pb_use_builder":"","_et_pb_old_content":"","_et_gb_content_width":""},"product_brand":[],"product_cat":[1494],"product_tag":[1495,1496],"class_list":{"0":"post-15134","1":"product","2":"type-product","3":"status-publish","4":"has-post-thumbnail","6":"product_cat-bucket-cylinders","7":"product_tag-bucket-cylinders","8":"product_tag-hydraulic-cylinders","10":"first","11":"instock","12":"shipping-taxable","13":"product-type-simple"},"amp_enabled":true,"_links":{"self":[{"href":"https:\/\/www.hydraulic-cylinders.net\/sk\/wp-json\/wp\/v2\/product\/15134","targetHints":{"allow":["GET"]}}],"collection":[{"href":"https:\/\/www.hydraulic-cylinders.net\/sk\/wp-json\/wp\/v2\/product"}],"about":[{"href":"https:\/\/www.hydraulic-cylinders.net\/sk\/wp-json\/wp\/v2\/types\/product"}],"replies":[{"embeddable":true,"href":"https:\/\/www.hydraulic-cylinders.net\/sk\/wp-json\/wp\/v2\/comments?post=15134"}],"wp:featuredmedia":[{"embeddable":true,"href":"https:\/\/www.hydraulic-cylinders.net\/sk\/wp-json\/wp\/v2\/media\/14787"}],"wp:attachment":[{"href":"https:\/\/www.hydraulic-cylinders.net\/sk\/wp-json\/wp\/v2\/media?parent=15134"}],"wp:term":[{"taxonomy":"product_brand","embeddable":true,"href":"https:\/\/www.hydraulic-cylinders.net\/sk\/wp-json\/wp\/v2\/product_brand?post=15134"},{"taxonomy":"product_cat","embeddable":true,"href":"https:\/\/www.hydraulic-cylinders.net\/sk\/wp-json\/wp\/v2\/product_cat?post=15134"},{"taxonomy":"product_tag","embeddable":true,"href":"https:\/\/www.hydraulic-cylinders.net\/sk\/wp-json\/wp\/v2\/product_tag?post=15134"}],"curies":[{"name":"pracovn\u00fd list","href":"https:\/\/api.w.org\/{rel}","templated":true}]}}