{"id":15148,"date":"2025-01-19T14:09:58","date_gmt":"2025-01-19T14:09:58","guid":{"rendered":"https:\/\/www.hydraulic-cylinders.net\/product\/bucket-cylinder-for-komatsu-large-excavator-pc650lc-8r-650lccse-8r\/"},"modified":"2025-01-19T14:10:00","modified_gmt":"2025-01-19T14:10:00","slug":"bucket-cylinder-for-komatsu-large-excavator-pc650lc-8r-650lccse-8r","status":"publish","type":"product","link":"https:\/\/www.hydraulic-cylinders.net\/sk\/produkt\/bucket-cylinder-for-komatsu-large-excavator-pc650lc-8r-650lccse-8r\/","title":{"rendered":"Valec vedra pre ve\u013ek\u00e9 r\u00fdpadlo Komatsu PC650LC-8R\/650LCCSE-8R"},"content":{"rendered":"<h1>Valec vedra pre ve\u013ek\u00e9 r\u00fdpadlo Komatsu PC650LC-8R\/650LCCSE-8R<\/h1>\n<h2>\u00davod<\/h2>\n<p>Hydraulick\u00fd valec ly\u017eice je \u0161peci\u00e1lne navrhnut\u00fd hydraulick\u00fd valec pou\u017e\u00edvan\u00fd na ovl\u00e1danie pohybu ly\u017eice v \u0165a\u017ek\u00fdch strojoch, ako s\u00fa bagre, r\u00fdpadlo-naklada\u010de a \u010deln\u00e9 naklada\u010de. Jeho hlavnou funkciou je umo\u017eni\u0165 zdv\u00edhanie, sp\u00fa\u0161\u0165anie a nakl\u00e1\u0148anie ly\u017eice, v\u010faka \u010domu je vhodn\u00e1 na r\u00f4zne \u00falohy manipul\u00e1cie s materi\u00e1lom. V hydraulickom syst\u00e9me dosahuje valec ly\u017eice presn\u00e9 ovl\u00e1danie ly\u017eice prostredn\u00edctvom zmien tlaku hydraulick\u00e9ho oleja, \u010do umo\u017e\u0148uje obsluhe efekt\u00edvne manipulova\u0165 s \u0165a\u017ek\u00fdmi bremenami a prisp\u00f4sobi\u0165 sa zlo\u017eit\u00fdm pracovn\u00fdm prostrediam a r\u00f4znym prev\u00e1dzkov\u00fdm po\u017eiadavk\u00e1m.<\/p>\n<p><img decoding=\"async\" src=\"https:\/\/www.hydraulic-cylinders.net\/wp-content\/uploads\/2025\/01\/songte-company-2.webp\"><\/p>\n<h2>Funkcie<\/h2>\n<ul>\n<li>Vysok\u00e1 pevnos\u0165 a odolnos\u0165: zvy\u010dajne vyroben\u00e9 z vysokopevnostnej ocele alebo hlin\u00edka, schopn\u00e9 odol\u00e1va\u0165 vysok\u00e9mu tlaku a \u0165a\u017ek\u00fdm za\u0165a\u017eeniam, vhodn\u00e9 do n\u00e1ro\u010dn\u00fdch pracovn\u00fdch prostred\u00ed, navrhnut\u00e9 s oh\u013eadom na odolnos\u0165 vo\u010di opotrebovaniu a kor\u00f3zii, \u010d\u00edm sa predl\u017euje \u017eivotnos\u0165.<\/li>\n<li>Efekt\u00edvna hydraulick\u00e1 prev\u00e1dzka: plynul\u00e9 vys\u00favanie a s\u0165ahovanie dosiahnut\u00e9 tlakom hydraulick\u00e9ho oleja, schopnos\u0165 r\u00fdchlo reagova\u0165 na ovl\u00e1dacie povely, poskytovanie silnej tla\u010dnej a \u0165a\u017enej sily, vhodn\u00e9 na manipul\u00e1ciu s \u0165a\u017ek\u00fdmi bremenami a zlo\u017eit\u00e9 prev\u00e1dzkov\u00e9 \u00falohy.<\/li>\n<li>R\u00f4zne typy: jedno\u010dinn\u00e9 (hydraulika pou\u017e\u00edvan\u00e1 iba v jednom smere) alebo dvoj\u010dinn\u00e9 (hydraulika pou\u017e\u00edvan\u00e1 v oboch smeroch) valce je mo\u017en\u00e9 vybra\u0165 pod\u013ea po\u017eiadaviek, aby sa splnili r\u00f4zne prev\u00e1dzkov\u00e9 potreby. Niektor\u00e9 modely s\u00fa teleskopick\u00e9, \u010do umo\u017e\u0148uje v\u00e4\u010d\u0161ie vysunutie bez zv\u00e4\u010d\u0161enia vonkaj\u0161\u00edch rozmerov, vhodn\u00e9 pre aplik\u00e1cie s obmedzen\u00fdm priestorom.<\/li>\n<li>\u013dahko vymenite\u013en\u00e9: na\u0161e produkty dok\u00e1\u017eu tieto hydraulick\u00e9 valce dokonale nahradi\u0165.<\/li>\n<\/ul>\n<p><img decoding=\"async\" src=\"https:\/\/www.hydraulic-cylinders.net\/wp-content\/uploads\/2025\/01\/songte-cylinder-head-with-all-kinds-excavator-models.webp\"><\/p>\n<h2>Aplik\u00e1cie<\/h2>\n<p>Valec kor\u010deka je nevyhnutn\u00fd na v\u00fdkopov\u00e9 pr\u00e1ce, nakladanie a premiest\u0148ovanie zeminy alebo sutiny v stavebn\u00fdch strojoch, ako s\u00fa r\u00fdpadl\u00e1 a r\u00fdpadlo-naklada\u010de. V \u010deln\u00fdch naklada\u010doch pom\u00e1haj\u00fa efekt\u00edvne zdv\u00edha\u0165 a nakl\u00e1\u0148a\u0165 tovar. Pou\u017e\u00edvaj\u00fa sa aj v po\u013enohospod\u00e1rskych strojoch na nakladanie, zdv\u00edhanie a prepravu zeminy, sena a in\u00fdch materi\u00e1lov. Valce kor\u010deka umo\u017e\u0148uj\u00fa r\u00fdpadl\u00e1m prenika\u0165 do p\u00f4dy pri v\u00fdkopov\u00fdch \u010dinnostiach. Nasleduje nieko\u013eko r\u00f4znych pou\u017eit\u00ed:<\/p>\n<h3>Stavebn\u00e9 stroje<\/h3>\n<p>V bagroch s\u00fa valce ko\u0161\u00edkov nevyhnutn\u00e9 na kopanie, nakladanie a premiest\u0148ovanie zeminy alebo sutiny. V r\u00fdpadlo-naklada\u010doch pom\u00e1haj\u00fa valce ko\u0161\u00edkov pri v\u00fdkopov\u00fdch pr\u00e1cach aj zdv\u00edhan\u00ed. S\u00fa tie\u017e nevyhnutn\u00e9 v \u010deln\u00fdch naklada\u010doch, kde pom\u00e1haj\u00fa pri efekt\u00edvnom zdv\u00edhan\u00ed a nakl\u00e1\u0148an\u00ed tovaru.<\/p>\n<h3>Po\u013enohospod\u00e1rske stroje<\/h3>\n<p>Valce kor\u010dekov sa pou\u017e\u00edvaj\u00fa v \u010deln\u00fdch naklada\u010doch na nakladanie, zdv\u00edhanie a prepravu p\u00f4dy, sena a in\u00fdch materi\u00e1lov. Pou\u017e\u00edvaj\u00fa sa aj v r\u00f4znych typoch po\u013enohospod\u00e1rskych strojov.<\/p>\n<h3>R\u00fdpadl\u00e1<\/h3>\n<p>Valce kor\u010dekov umo\u017e\u0148uj\u00fa r\u00fdpadl\u00e1m prenika\u0165 do p\u00f4dy pri v\u00fdkopov\u00fdch \u010dinnostiach, \u010do je nevyhnutn\u00e9 pri r\u00f4znych stavebn\u00fdch a v\u00fdkopov\u00fdch projektoch.<\/p>\n<h3>\u010celn\u00e9 naklada\u010de<\/h3>\n<p>V \u010deln\u00fdch naklada\u010doch pom\u00e1haj\u00fa valce ko\u0161\u00edkov efekt\u00edvne zdv\u00edha\u0165 a nakl\u00e1\u0148a\u0165 tovar, \u010do je nevyhnutn\u00e9 pri r\u00f4znych nakladac\u00edch a vykladac\u00edch \u00faloh\u00e1ch.<\/p>\n<h3>R\u00fdpadlo-naklada\u010de<\/h3>\n<p>V r\u00fdpadlo-naklada\u010doch pom\u00e1haj\u00fa valce ko\u0161\u00edkov pri v\u00fdkopov\u00fdch aj zdv\u00edhac\u00edch \u00faloh\u00e1ch, v\u010faka \u010domu s\u00fa ide\u00e1lne pre r\u00f4zne stavebn\u00e9 a v\u00fdkopov\u00e9 projekty.<\/p>\n<p><img decoding=\"async\" src=\"https:\/\/www.hydraulic-cylinders.net\/wp-content\/uploads\/2025\/01\/songte-bushings-with-all-kinds-of-excavator-models.webp\"><\/p>\n<h2>\u00davahy o dizajne a \u0161tandardy v\u00fdberu<\/h2>\n<p>Valce kor\u010dekov maj\u00fa mnoho kon\u0161truk\u010dn\u00fdch aspektov a v\u00fdberov\u00fdch noriem, ktor\u00e9 zabezpe\u010duj\u00fa ich funk\u010dnos\u0165 a trvanlivos\u0165.<\/p>\n<h3>\u00danosnos\u0165<\/h3>\n<p>Nosnos\u0165 kor\u010dekov\u00fdch valcov je d\u00f4le\u017eit\u00fdm aspektom ich kon\u0161trukcie. Valec mus\u00ed by\u0165 schopn\u00fd odola\u0165 ve\u013ek\u00e9mu za\u0165a\u017eeniu a vysok\u00e9mu tlaku, preto je nevyhnutn\u00e9 pou\u017ei\u0165 pri kon\u0161trukcii valca vysokopevnostn\u00e9 materi\u00e1ly.<\/p>\n<h3>Tesniace vlastnosti<\/h3>\n<p>Hydraulick\u00fd valec mus\u00ed by\u0165 schopn\u00fd udr\u017eiava\u0165 tesnos\u0165, aby sa zabr\u00e1nilo \u00faniku hydraulick\u00e9ho oleja. Valec mus\u00ed pou\u017e\u00edva\u0165 vysoko kvalitn\u00e9 tesniace materi\u00e1ly, ako s\u00fa tesnenia piestov a ty\u010d\u00ed vyroben\u00e9 z polyuret\u00e1nu alebo nitrilovej gumy. Spr\u00e1vna povrchov\u00e1 \u00faprava valca a presn\u00e9 opracovanie hlavy valca a piestnej ty\u010de m\u00f4\u017ee v\u00fdrazne zlep\u0161i\u0165 tesniace vlastnosti a zabr\u00e1ni\u0165 \u00faniku oleja.<\/p>\n<h3>Trvanlivos\u0165<\/h3>\n<p>Valec s ko\u0161\u00edkom mus\u00ed by\u0165 dostato\u010dne odoln\u00fd, aby odolal n\u00e1ro\u010dn\u00fdm pracovn\u00fdm podmienkam a opotrebovaniu. Mus\u00ed by\u0165 vyroben\u00fd z materi\u00e1lov odoln\u00fdch vo\u010di opotrebovaniu a s n\u00e1termi odoln\u00fdmi vo\u010di kor\u00f3zii, ktor\u00e9 m\u00f4\u017eu pred\u013a\u017ei\u0165 \u017eivotnos\u0165 valca.<\/p>\n<h3>Bezpe\u010dnos\u0165<\/h3>\n<p>Valce s ko\u0161\u00edkom musia by\u0165 navrhnut\u00e9 s oh\u013eadom na bezpe\u010dnos\u0165. Musia by\u0165 schopn\u00e9 odola\u0165 vysok\u00e9mu tlaku a \u0165a\u017ek\u00fdm za\u0165a\u017eeniam a musia by\u0165 vybaven\u00e9 bezpe\u010dnostn\u00fdmi prvkami, ako s\u00fa napr\u00edklad pretlakov\u00e9 ventily, aby sa predi\u0161lo nehod\u00e1m.<\/p>\n<h3>Udr\u017eiavate\u013enos\u0165<\/h3>\n<p>Valce s kor\u010dekom by mali by\u0165 navrhnut\u00e9 pre jednoduch\u00fa \u00fadr\u017ebu. Musia sa da\u0165 \u013eahko rozobra\u0165 a zmontova\u0165 a musia sa pou\u017e\u00edva\u0165 \u013eahko dostupn\u00e9 vymenite\u013en\u00e9 diely. Povrchov\u00e9 \u00fapravy valcov a presn\u00e9 obr\u00e1banie m\u00f4\u017eu tie\u017e u\u013eah\u010di\u0165 \u00fadr\u017eb\u00e1rske \u00falohy, ako je v\u00fdmena a kalibr\u00e1cia tesnen\u00ed a lo\u017e\u00edsk.<\/p>\n<p><img decoding=\"async\" src=\"https:\/\/www.hydraulic-cylinders.net\/wp-content\/uploads\/2025\/01\/songte-oil-pipes-and-spare-parts.webp\"><\/p>\n<h2>Tesnenie a mazanie<\/h2>\n<p>Valce kor\u010dekov vy\u017eaduj\u00fa pre efekt\u00edvnu prev\u00e1dzku spr\u00e1vne tesnenie a mazanie. Tesnenia piestov a ty\u010d\u00ed valca musia by\u0165 vyroben\u00e9 z vysoko kvalitn\u00fdch materi\u00e1lov, ako je polyuret\u00e1n alebo nitrilov\u00fd kau\u010duk, aby sa zabezpe\u010dilo tesn\u00e9 utesnenie a zabr\u00e1nilo sa \u00faniku oleja. Povrchov\u00e1 \u00faprava valca a presn\u00e9 opracovanie hlavy valca a piestnej ty\u010de m\u00f4\u017ee zlep\u0161i\u0165 funkciu tesnenia a zabr\u00e1ni\u0165 \u00faniku oleja. Valec mus\u00ed by\u0165 mazan\u00fd vhodn\u00fdm hydraulick\u00fdm olejom, aby sa zabezpe\u010dila spr\u00e1vna prev\u00e1dzka. Hydraulick\u00fd olej sa mus\u00ed pravidelne dop\u013a\u0148a\u0165, aby sa udr\u017eal v\u00fdkon valca.<\/p>\n<h2>\u00dadr\u017eba a opravy<\/h2>\n<p>Pravideln\u00e1 kontrola, mazanie, v\u00fdmena tesnen\u00ed a kalibra\u010dn\u00e9 kontroly s\u00fa nevyhnutn\u00e9 pre efekt\u00edvnu prev\u00e1dzku valca. Spr\u00e1vna in\u0161tal\u00e1cia, mazanie a nastavenie s\u00fa k\u013e\u00fa\u010dov\u00e9 pre pred\u013a\u017eenie \u017eivotnosti valca. Nasleduje nieko\u013eko be\u017en\u00fdch \u00faloh \u00fadr\u017eby:<\/p>\n<h3>In\u0161pekcia<\/h3>\n<p>Pravideln\u00e9 kontroly m\u00f4\u017eu predch\u00e1dza\u0165 potenci\u00e1lnym probl\u00e9mom odhalen\u00edm opotrebenia, netesnost\u00ed a in\u00fdch probl\u00e9mov. Skontrolujte vonkaj\u0161\u00ed povrch valca, \u010di nevykazuje zn\u00e1mky po\u0161kodenia, netesnost\u00ed alebo opotrebovania. Skontrolujte upev\u0148ovacie skrutky valca, \u010di s\u00fa pevne utiahnut\u00e9 a bezpe\u010dn\u00e9.<\/p>\n<h3>Mazanie<\/h3>\n<p>Mazanie je nevyhnutn\u00e9 na udr\u017eanie v\u00fdkonu valca. Na mazanie valca a zabr\u00e1nenie po\u0161kodenia v d\u00f4sledku trenia a tepla pou\u017e\u00edvajte vhodn\u00fd typ a mno\u017estvo hydraulick\u00e9ho oleja.<\/p>\n<h3>V\u00fdmena tesnenia<\/h3>\n<p>Pravidelne vymie\u0148ajte tesnenia, aby ste predi\u0161li \u00faniku oleja a zachovali spr\u00e1vne tesnenie. Pre optim\u00e1lny v\u00fdkon a tesniace vlastnosti pou\u017e\u00edvajte vysoko kvalitn\u00e9 polyuret\u00e1nov\u00e9 alebo nitrilov\u00e9 gumov\u00e9 tesnenia.<\/p>\n<h3>Kontrola kalibr\u00e1cie<\/h3>\n<p>Kalibra\u010dn\u00e9 kontroly s\u00fa nevyhnutn\u00e9 na zabezpe\u010denie toho, aby bol v\u00fdkon valca v r\u00e1mci prijate\u013en\u00fdch limitov. Skontrolujte vzdialenos\u0165 vysunutia a stiahnutia valca, tlakov\u00e9 limity a \u010fal\u0161ie kritick\u00e9 parametre, aby ste zabezpe\u010dili optim\u00e1lny v\u00fdkon.<\/p>\n<p><img decoding=\"async\" src=\"https:\/\/www.hydraulic-cylinders.net\/wp-content\/uploads\/2025\/01\/songte-chushion-collar.webp\"><\/p>\n<h2>Bezpe\u010dnostn\u00e9 aspekty a faktory prostredia<\/h2>\n<p>Valce s ko\u0161\u00edkom pracuj\u00fa pod vysok\u00fdm tlakom a pri nespr\u00e1vnej manipul\u00e1cii m\u00f4\u017eu predstavova\u0165 v\u00e1\u017ene bezpe\u010dnostn\u00e9 rizik\u00e1. Obsluha mus\u00ed pri manipul\u00e1cii s valcami s ko\u0161\u00edkom dodr\u017eiava\u0165 pr\u00edslu\u0161n\u00e9 bezpe\u010dnostn\u00e9 pokyny a postupy. Pr\u00edsne dodr\u017eiavanie bezpe\u010dnostn\u00fdch pokynov a pravideln\u00e1 \u00fadr\u017eba m\u00f4\u017eu zn\u00ed\u017ei\u0165 riziko neh\u00f4d a zranen\u00ed. V\u00fdkon a \u017eivotnos\u0165 valcov s ko\u0161\u00edkom m\u00f4\u017eu ovplyvni\u0165 aj faktory prostredia, ako je teplota, vlhkos\u0165 a koroz\u00edvne materi\u00e1ly. Spr\u00e1vny v\u00fdber materi\u00e1lov a povrchov\u00fdch \u00faprav m\u00f4\u017ee zmierni\u0165 \u00fa\u010dinky faktorov prostredia.<\/p>\n<h2>Rie\u0161enie probl\u00e9mov a be\u017en\u00e9 probl\u00e9my<\/h2>\n<p>Valce kor\u010dekov m\u00f4\u017eu ma\u0165 r\u00f4zne probl\u00e9my v d\u00f4sledku opotrebovania, netesnost\u00ed alebo in\u00fdch probl\u00e9mov. Medzi be\u017en\u00e9 probl\u00e9my patr\u00ed \u00fanik oleja, po\u0161koden\u00e9 tesnenia a porucha hydraulick\u00fdch komponentov. Rie\u0161enie probl\u00e9mu m\u00f4\u017ee pom\u00f4c\u0165 identifikova\u0165 pr\u00ed\u010dinu a predch\u00e1dza\u0165 bud\u00facim probl\u00e9mom. Spr\u00e1vna \u00fadr\u017eba, oprava a v\u00fdmena po\u0161koden\u00fdch dielov m\u00f4\u017ee pom\u00f4c\u0165 obnovi\u0165 funk\u010dnos\u0165 valca. Nasleduj\u00fa niektor\u00e9 be\u017en\u00e9 kroky rie\u0161enia probl\u00e9mov:<\/p>\n<h3>Diagnostika probl\u00e9mu<\/h3>\n<p>Identifikujte pr\u00ed\u010dinu probl\u00e9mu kontrolou valca, \u010di nevykazuje zn\u00e1mky po\u0161kodenia, opotrebovania, netesnost\u00ed alebo in\u00fdch probl\u00e9mov. Skontrolujte hydraulick\u00fd syst\u00e9m, \u010di m\u00e1 spr\u00e1vny tlak a hladiny kvapaliny. Skontrolujte upev\u0148ovacie skrutky valca, \u010di nie s\u00fa uvo\u013enen\u00e9 alebo po\u0161koden\u00e9.<\/p>\n<h3>Oprava a v\u00fdmena<\/h3>\n<p>Pod\u013ea potreby opravte alebo vyme\u0148te po\u0161koden\u00e9 diely. Opotrebovan\u00e9 alebo po\u0161koden\u00e9 tesnenia vyme\u0148te za vysoko kvalitn\u00e9 polyuret\u00e1nov\u00e9 alebo nitrilov\u00e9 gumov\u00e9 tesnenia. Skontrolujte hydraulick\u00fd syst\u00e9m, \u010di v \u0148om nedoch\u00e1dza k \u00fanikom alebo poruch\u00e1m, a opravte alebo vyme\u0148te v\u0161etky po\u0161koden\u00e9 komponenty.<\/p>\n<h3>Prevent\u00edvne opatrenia<\/h3>\n<p>Prijmite prevent\u00edvne opatrenia na zn\u00ed\u017eenie rizika bud\u00facich probl\u00e9mov. Pravideln\u00e1 \u00fadr\u017eba, kontrola a opravy m\u00f4\u017eu pom\u00f4c\u0165 predch\u00e1dza\u0165 \u00fanikom, opotrebovaniu a in\u00fdm probl\u00e9mom. Spr\u00e1vna in\u0161tal\u00e1cia, kalibr\u00e1cia a mazanie m\u00f4\u017eu tie\u017e pom\u00f4c\u0165 udr\u017ea\u0165 optim\u00e1lny v\u00fdkon a pred\u013a\u017ei\u0165 \u017eivotnos\u0165 valca.<\/p>\n<h1>O n\u00e1s<\/h1>\n<p>Sme popredn\u00fdm v\u00fdrobcom a ve\u013ekoobchodn\u00edkom hydraulick\u00fdch valcov so \u0161pecializ\u00e1ciou na n\u00e1hradn\u00e9 valce. V\u010faka n\u00e1\u0161mu rozsiahlemu sortimentu produktov sme sa stali popredn\u00fdm v\u00fdrobcom a ve\u013ekoobchodn\u00edkom hydraulick\u00fdch valcov na dom\u00e1com aj medzin\u00e1rodnom trhu. Sna\u017e\u00edme sa o excelentnos\u0165 v kvalite a v na\u0161ich prepracovan\u00fdch v\u00fdrobn\u00fdch diel\u0148ach sa spoliehame na industrializovan\u00e9 strat\u00e9gie riadenia v\u00fdroby. Neust\u00e1le zlep\u0161ujeme na\u0161u v\u00fdrobn\u00fa platformu, zdokona\u013eujeme na\u0161e v\u00fdrobn\u00e9 linky na zaistenie kvality produktov a m\u00e1me siln\u00e9 tvoriv\u00e9 schopnosti. Zaviazali sme sa poskytova\u0165 z\u00e1kazn\u00edkom vysoko efekt\u00edvne, presn\u00e9 a kvalitn\u00e9 produkty, ktor\u00e9 sp\u013a\u0148aj\u00fa \u0161irok\u00fa \u0161k\u00e1lu potrieb.<\/p>\n<p><img decoding=\"async\" src=\"https:\/\/hzpt.com\/wp-content\/uploads\/2024\/11\/songte-company-1.webp\"><\/p>\n<h2>Profesionalita<\/h2>\n<p>N\u00e1\u0161 t\u00edm tvoria sk\u00fasen\u00ed in\u017einieri a technici, ktor\u00ed sa \u0161pecializuj\u00fa na v\u00fdrobu hydraulick\u00fdch valcov. Pou\u017e\u00edvame pokro\u010dil\u00e9 technol\u00f3gie a zariadenia na zabezpe\u010denie vysoko kvalitnej v\u00fdroby a presn\u00e9ho obr\u00e1bania.<\/p>\n<h2>Medzin\u00e1rodn\u00e1 certifik\u00e1cia<\/h2>\n<p>Na\u0161e v\u00fdrobky sp\u013a\u0148aj\u00fa medzin\u00e1rodn\u00e9 \u0161tandardy kvality a s\u00fa certifikovan\u00e9 pod\u013ea normy ISO 9001:2015. Zaviazali sme sa poskytova\u0165 z\u00e1kazn\u00edkom vysoko kvalitn\u00e9 v\u00fdrobky, ktor\u00e9 sp\u013a\u0148aj\u00fa medzin\u00e1rodn\u00e9 \u0161tandardy.<\/p>\n<h2>Slu\u017eba prisp\u00f4sobenia<\/h2>\n<p>Pon\u00fakame rie\u0161enia hydraulick\u00fdch valcov na mieru, ktor\u00e9 sp\u013a\u0148aj\u00fa \u0161pecifick\u00e9 potreby z\u00e1kazn\u00edkov. Na\u0161i sk\u00fasen\u00ed in\u017einieri \u00fazko spolupracuj\u00fa so z\u00e1kazn\u00edkmi na v\u00fdvoji rie\u0161en\u00ed na mieru, ktor\u00e9 sp\u013a\u0148aj\u00fa ich jedine\u010dn\u00e9 po\u017eiadavky.<\/p>\n<h2>V\u00fdrobn\u00e9 zariadenia<\/h2>\n<p>Na\u0161e v\u00fdrobn\u00e9 zariadenia s\u00fa vybaven\u00e9 najmodernej\u0161\u00edm vybaven\u00edm a technol\u00f3giami, ktor\u00e9 zabezpe\u010duj\u00fa efekt\u00edvne a vysoko kvalitn\u00e9 v\u00fdrobn\u00e9 procesy. Zaviazali sme sa pou\u017e\u00edva\u0165 najnov\u0161ie technol\u00f3gie a zariadenia na v\u00fdrobu vysoko kvalitn\u00fdch produktov.<\/p>\n<h2>Popredajn\u00fd servis<\/h2>\n<p>Pon\u00fakame popredajn\u00fd servis a podporu, aby sme zabezpe\u010dili spokojnos\u0165 z\u00e1kazn\u00edkov. Poskytujeme \u0161irok\u00fa \u0161k\u00e1lu slu\u017eieb vr\u00e1tane opr\u00e1v, v\u00fdmeny a \u00fadr\u017eby hydraulick\u00fdch valcov.<\/p>\n<p><img decoding=\"async\" src=\"https:\/\/www.hydraulic-cylinders.net\/wp-content\/uploads\/2025\/01\/songte-company-3.webp\"><\/p>\n<p>Autor: lyl<\/p>","protected":false},"excerpt":{"rendered":"<p>Bucket Cylinder For Komatsu Large Excavator PC650LC-8R\/650LCCSE-8R Introduction The bucket cylinder is a specially designed hydraulic cylinder used to control the movement of the bucket in heavy machinery such as excavators, backhoe loaders, and front loaders. Its main function is to enable the bucket to be lifted, lowered, and tilted, making it suitable for various [&hellip;]<\/p>","protected":false},"featured_media":14788,"comment_status":"open","ping_status":"closed","template":"","meta":{"_et_pb_use_builder":"","_et_pb_old_content":"","_et_gb_content_width":""},"product_brand":[],"product_cat":[1494],"product_tag":[1495,1496],"class_list":{"0":"post-15148","1":"product","2":"type-product","3":"status-publish","4":"has-post-thumbnail","6":"product_cat-bucket-cylinders","7":"product_tag-bucket-cylinders","8":"product_tag-hydraulic-cylinders","10":"first","11":"instock","12":"shipping-taxable","13":"product-type-simple"},"amp_enabled":true,"_links":{"self":[{"href":"https:\/\/www.hydraulic-cylinders.net\/sk\/wp-json\/wp\/v2\/product\/15148","targetHints":{"allow":["GET"]}}],"collection":[{"href":"https:\/\/www.hydraulic-cylinders.net\/sk\/wp-json\/wp\/v2\/product"}],"about":[{"href":"https:\/\/www.hydraulic-cylinders.net\/sk\/wp-json\/wp\/v2\/types\/product"}],"replies":[{"embeddable":true,"href":"https:\/\/www.hydraulic-cylinders.net\/sk\/wp-json\/wp\/v2\/comments?post=15148"}],"wp:featuredmedia":[{"embeddable":true,"href":"https:\/\/www.hydraulic-cylinders.net\/sk\/wp-json\/wp\/v2\/media\/14788"}],"wp:attachment":[{"href":"https:\/\/www.hydraulic-cylinders.net\/sk\/wp-json\/wp\/v2\/media?parent=15148"}],"wp:term":[{"taxonomy":"product_brand","embeddable":true,"href":"https:\/\/www.hydraulic-cylinders.net\/sk\/wp-json\/wp\/v2\/product_brand?post=15148"},{"taxonomy":"product_cat","embeddable":true,"href":"https:\/\/www.hydraulic-cylinders.net\/sk\/wp-json\/wp\/v2\/product_cat?post=15148"},{"taxonomy":"product_tag","embeddable":true,"href":"https:\/\/www.hydraulic-cylinders.net\/sk\/wp-json\/wp\/v2\/product_tag?post=15148"}],"curies":[{"name":"pracovn\u00fd list","href":"https:\/\/api.w.org\/{rel}","templated":true}]}}