{"id":15151,"date":"2025-01-19T14:10:12","date_gmt":"2025-01-19T14:10:12","guid":{"rendered":"https:\/\/www.hydraulic-cylinders.net\/product\/bucket-cylinder-for-komatsu-large-excavator-pc400-3-5-6-7-8\/"},"modified":"2025-01-19T14:10:14","modified_gmt":"2025-01-19T14:10:14","slug":"bucket-cylinder-for-komatsu-large-excavator-pc400-3-5-6-7-8","status":"publish","type":"product","link":"https:\/\/www.hydraulic-cylinders.net\/sk\/produkt\/bucket-cylinder-for-komatsu-large-excavator-pc400-3-5-6-7-8\/","title":{"rendered":"Valec vedra pre ve\u013ek\u00e9 r\u00fdpadlo Komatsu PC400-3-5-6-7-8"},"content":{"rendered":"<h1>Valec vedra pre ve\u013ek\u00e9 r\u00fdpadlo Komatsu PC400-3-5-6-7-8<\/h1>\n<h2>\u00davod<\/h2>\n<p>Hydraulick\u00fd valec ly\u017eice je \u0161peci\u00e1lne navrhnut\u00fd hydraulick\u00fd valec pou\u017e\u00edvan\u00fd na ovl\u00e1danie pohybu ly\u017e\u00edc v \u0165a\u017ek\u00fdch strojoch, ako s\u00fa bagre, r\u00fdpadl\u00e1-naklada\u010de a \u010deln\u00e9 naklada\u010de. Jeho hlavnou funkciou je umo\u017eni\u0165 ly\u017eici zdv\u00edha\u0165, sp\u00fa\u0161\u0165a\u0165 a nakl\u00e1\u0148a\u0165, \u010do u\u013eah\u010duje vykon\u00e1vanie r\u00f4znych \u00faloh manipul\u00e1cie s materi\u00e1lom. V hydraulickom syst\u00e9me dosahuje valec ly\u017eice presn\u00e9 ovl\u00e1danie ly\u017eice prostredn\u00edctvom zmien tlaku hydraulick\u00e9ho oleja, \u010do umo\u017e\u0148uje obsluhe efekt\u00edvne manipulova\u0165 s \u0165a\u017ek\u00fdmi predmetmi a prisp\u00f4sobova\u0165 sa zlo\u017eit\u00fdm pracovn\u00fdm prostrediam a r\u00f4znym prev\u00e1dzkov\u00fdm potreb\u00e1m.<\/p>\n<p><img decoding=\"async\" src=\"https:\/\/www.hydraulic-cylinders.net\/wp-content\/uploads\/2025\/01\/songte-company-2.webp\" alt=\"Obr\u00e1zok valca vedra\"><\/p>\n<h2>Funkcie<\/h2>\n<ul>\n<li>Vysok\u00e1 pevnos\u0165 a odolnos\u0165: Zvy\u010dajne je vyroben\u00fd z vysokopevnostnej ocele alebo hlin\u00edka, odol\u00e1 vysok\u00e9mu tlaku a \u0165a\u017ek\u00fdm za\u0165a\u017eeniam, prisp\u00f4sob\u00ed sa n\u00e1ro\u010dn\u00fdm pracovn\u00fdm podmienkam a je navrhnut\u00fd s oh\u013eadom na odolnos\u0165 vo\u010di opotrebovaniu a kor\u00f3zii, aby sa pred\u013a\u017eila jeho \u017eivotnos\u0165.<\/li>\n<li>Efekt\u00edvna hydraulick\u00e1 prev\u00e1dzka: Plynul\u00e9 vys\u00favanie a s\u0165ahovanie sa dosahuje vyu\u017eit\u00edm tlaku hydraulick\u00e9ho oleja, \u010do umo\u017e\u0148uje r\u00fdchlu reakciu na ovl\u00e1dacie pr\u00edkazy, poskytuje siln\u00e9 tla\u010dn\u00e9 a \u0165a\u017en\u00e9 sily a je vhodn\u00e9 na manipul\u00e1ciu s \u0165a\u017ek\u00fdmi predmetmi a zlo\u017eit\u00e9 prev\u00e1dzkov\u00e9 \u00falohy.<\/li>\n<li>Viacer\u00e9 typy: Pod\u013ea prev\u00e1dzkov\u00fdch potrieb je mo\u017en\u00e9 vybra\u0165 jedno\u010dinn\u00e9 (hydraulicky ovl\u00e1dan\u00e9 iba v jednom smere) alebo dvoj\u010dinn\u00e9 (hydraulicky ovl\u00e1dan\u00e9 v oboch smeroch) valce. Niektor\u00e9 modely s\u00fa teleskopick\u00e9, \u010do umo\u017e\u0148uje v\u00e4\u010d\u0161ie vysunutie bez zv\u00e4\u010d\u0161enia vonkaj\u0161\u00edch rozmerov, vhodn\u00e9 pre aplik\u00e1cie s obmedzen\u00fdm priestorom.<\/li>\n<li>Jednoduch\u00e1 v\u00fdmena: N\u00e1\u0161 produkt dok\u00e1\u017ee dokonale nahradi\u0165 tieto hydraulick\u00e9 valce.<\/li>\n<\/ul>\n<p><img decoding=\"async\" src=\"https:\/\/www.hydraulic-cylinders.net\/wp-content\/uploads\/2025\/01\/songte-cylinder-head-with-all-kinds-excavator-models.webp\" alt=\"Obr\u00e1zok valca vedra\"><\/p>\n<h2>Aplik\u00e1cia<\/h2>\n<p>Valce s kore\u010dkami sa \u0161iroko pou\u017e\u00edvaj\u00fa v r\u00f4znych odvetviach, ako s\u00fa stavebn\u00e9 stroje, po\u013enohospod\u00e1rske stroje, bagre a naklada\u010de. Niektor\u00e9 z ich aplik\u00e1ci\u00ed s\u00fa:<\/p>\n<ul>\n<li>Stavebn\u00e9 zariadenia: V bagroch s\u00fa k\u013e\u00fa\u010dov\u00e9 pre kopanie, nakladanie a premiest\u0148ovanie zeminy alebo sutiny. V r\u00fdpadlo-naklada\u010doch pom\u00e1haj\u00fa valce ko\u0161\u00edka pri kopan\u00ed aj zdv\u00edhan\u00ed. Pri \u010deln\u00fdch naklada\u010doch pom\u00e1haj\u00fa pri zdv\u00edhan\u00ed a nakl\u00e1\u0148an\u00ed pre efekt\u00edvnu manipul\u00e1ciu s materi\u00e1lom.<\/li>\n<li>Po\u013enohospod\u00e1rske stroje: Pou\u017e\u00edvaj\u00fa sa v \u010deln\u00fdch naklada\u010doch na naberanie, zdv\u00edhanie a prepravu p\u00f4dy, sena a in\u00fdch materi\u00e1lov.<\/li>\n<li>R\u00fdpadl\u00e1: Valce ly\u017eice umo\u017e\u0148uj\u00fa kopanie t\u00fdm, \u017ee umo\u017e\u0148uj\u00fa ly\u017eici prenikn\u00fa\u0165 do p\u00f4dy.<\/li>\n<li>Naklada\u010de: V \u010deln\u00fdch naklada\u010doch pom\u00e1haj\u00fa pri efekt\u00edvnom zdv\u00edhan\u00ed a vykladan\u00ed n\u00e1kladu.<\/li>\n<\/ul>\n<h2>\u00davahy o dizajne a \u0161tandardy v\u00fdberu<\/h2>\n<p>Pri navrhovan\u00ed valcov s ko\u0161\u00edkom je d\u00f4le\u017eit\u00e9 zv\u00e1\u017ei\u0165 nieko\u013eko faktorov a zv\u00e1\u017ei\u0165 v\u00fdberov\u00e9 normy:<\/p>\n<ul>\n<li>Nosnos\u0165: Mala by by\u0165 schopn\u00e1 odola\u0165 maxim\u00e1lnemu za\u0165a\u017eeniu, ktor\u00e9 je ur\u010den\u00e1 nies\u0165.<\/li>\n<li>Tesnenie: Mali by sa pou\u017ei\u0165 r\u00f4zne tesniace komponenty, ako s\u00fa tesnenia piestov, tesnenia ty\u010d\u00ed at\u010f. Polyuret\u00e1n a nitrilov\u00e1 guma s\u00fa odoln\u00e9 materi\u00e1ly.<\/li>\n<li>Trvanlivos\u0165: Teleso valca a z\u00e1vitov\u00e9 koncov\u00e9 povrchy by mali by\u0165 jemne opracovan\u00e9, aby sa zlep\u0161ila odolnos\u0165 proti opotrebovaniu.<\/li>\n<li>Bezpe\u010dnos\u0165: Mali by sa zoh\u013eadni\u0165 bezpe\u010dnostn\u00e9 aspekty, ako napr\u00edklad kon\u0161trukcia odoln\u00e1 vo\u010di roztrhnutiu.<\/li>\n<li>\u00dadr\u017eba: Jednoduch\u00e1 \u00fadr\u017eba a opravy, ako napr\u00edklad jednoduch\u00fd pr\u00edstup ku komponentom, jednoduch\u00e1 v\u00fdmena at\u010f.<\/li>\n<\/ul>\n<p><img decoding=\"async\" src=\"https:\/\/www.hydraulic-cylinders.net\/wp-content\/uploads\/2025\/01\/songte-oil-pipes-and-spare-parts.webp\" alt=\"Obr\u00e1zok valca vedra\"><\/p>\n<h2>Tesnenie a mazanie<\/h2>\n<p>V valcoch s vedrov\u00fdm motorom by sa mali pou\u017e\u00edva\u0165 r\u00f4zne typy tesniacich komponentov, aby sa zabezpe\u010dila vzduchotesnos\u0165 a zv\u00fd\u0161ila sa \u017eivotnos\u0165. Polytetraflu\u00f3retyl\u00e9n (PTFE) a polyuret\u00e1n s\u00fa dva ob\u013e\u00faben\u00e9 materi\u00e1ly pre tesniace kr\u00fa\u017eky. Na zabezpe\u010denie spr\u00e1vnej prev\u00e1dzky je tie\u017e potrebn\u00e9 pravideln\u00e9 mazanie vhodn\u00fdm hydraulick\u00fdm olejom.<\/p>\n<h2>\u00dadr\u017eba a opravy<\/h2>\n<p>Pravideln\u00e1 \u00fadr\u017eba a prevent\u00edvne opatrenia m\u00f4\u017eu pred\u013a\u017ei\u0165 \u017eivotnos\u0165 valcov s ko\u0161\u00edkom. Medzi niektor\u00e9 opatrenia patria:<\/p>\n<ul>\n<li>Pravideln\u00e1 kontrola<\/li>\n<li>Dostato\u010dn\u00e9 mazanie<\/li>\n<li>V\u00fdmena tesnenia<\/li>\n<li>Kontrola kalibr\u00e1cie<\/li>\n<\/ul>\n<p>Po\u010das in\u0161tal\u00e1cie je d\u00f4le\u017eit\u00e9 spr\u00e1vne zarovna\u0165 valec a na jeho upevnenie pou\u017ei\u0165 vhodn\u00e9 mont\u00e1\u017ene konzoly. Pre zabezpe\u010denie optim\u00e1lneho v\u00fdkonu je tie\u017e d\u00f4le\u017eit\u00e9 dodr\u017eiava\u0165 odpor\u00fa\u010dan\u00e9 postupy kontroly, opravy a v\u00fdmeny.<\/p>\n<p><img decoding=\"async\" src=\"https:\/\/www.hydraulic-cylinders.net\/wp-content\/uploads\/2025\/01\/songte-chushion-collar.webp\" alt=\"Obr\u00e1zok valca vedra\"><\/p>\n<h2>Bezpe\u010dnostn\u00e9 aspekty a faktory prostredia<\/h2>\n<p>S vedrov\u00fdmi f\u013ea\u0161ami by sa malo zaobch\u00e1dza\u0165 opatrne. Aby sa predi\u0161lo nehod\u00e1m, mali by sa dodr\u017eiava\u0165 bezpe\u010dnostn\u00e9 pokyny. Mali by sa zoh\u013eadni\u0165 aj faktory prostredia, ako je vystavenie extr\u00e9mnym teplot\u00e1m, vlhkosti alebo koroz\u00edvnym materi\u00e1lom.<\/p>\n<h2>Rie\u0161enie probl\u00e9mov a be\u017en\u00e9 probl\u00e9my<\/h2>\n<p>Medzi be\u017en\u00e9 probl\u00e9my, s ktor\u00fdmi sa stret\u00e1vame pri pou\u017e\u00edvan\u00ed valcov s vedrami, patria:<\/p>\n<ul>\n<li>\u00danik z valca<\/li>\n<li>Pomal\u00e1 prev\u00e1dzka alebo trhav\u00fd pohyb<\/li>\n<li>Posun valca<\/li>\n<li>Zlyhanie vysunutia alebo zasunutia valca<\/li>\n<\/ul>\n<p>Spr\u00e1vnu diagnostiku a rie\u0161enie t\u00fdchto probl\u00e9mov je mo\u017en\u00e9 dosiahnu\u0165 pravidelnou kontrolou, r\u00fdchlym rie\u0161en\u00edm zisten\u00fdch probl\u00e9mov a dodr\u017eiavan\u00edm odpor\u00fa\u010dan\u00fdch postupov \u00fadr\u017eby a opr\u00e1v.<\/p>\n<p><img decoding=\"async\" src=\"https:\/\/www.hydraulic-cylinders.net\/wp-content\/uploads\/2025\/01\/songte-bushings-with-all-kinds-of-excavator-models.webp\" alt=\"Obr\u00e1zok valca vedra\"><\/p>\n<h2>O na\u0161ej spolo\u010dnosti<\/h2>\n<p>Sme v\u00fdrobcom n\u00e1hradn\u00fdch hydraulick\u00fdch valcov s kompletn\u00fdm sortimentom produktov. Stali sme sa jedn\u00fdm z popredn\u00fdch v\u00fdrobcov a ve\u013ekoobchodn\u00fdch distrib\u00fatorov hydraulick\u00fdch valcov na dom\u00e1com aj medzin\u00e1rodnom trhu. Dodr\u017eiavame z\u00e1sadu vynikaj\u00facej kvality a spoliehame sa na strat\u00e9giu riadenia priemyselnej v\u00fdroby v jemn\u00fdch v\u00fdrobn\u00fdch diel\u0148ach. Neust\u00e1le zlep\u0161ujeme v\u00fdrobn\u00fa platformu dieln\u00ed, zdokona\u013eujeme v\u00fdrobn\u00fa cestu kvality produktov a m\u00e1me siln\u00e9 tvoriv\u00e9 schopnosti, aby sme splnili rozmanit\u00e9 potreby z\u00e1kazn\u00edkov s vysokou efektivitou, vysokou presnos\u0165ou a vysokou kvalitou. <\/p>\n<p>Poskytujeme slu\u017eby na mieru, medzin\u00e1rodn\u00fa certifik\u00e1ciu a kvalitn\u00e9 v\u00fdrobn\u00e9 zariadenia. N\u00e1\u0161 popredajn\u00fd servis je bezchybn\u00fd a zah\u0155\u0148a v\u00fdmenu dielov a renov\u00e1cie, aby sa pred\u013a\u017eila \u017eivotnos\u0165 hydraulick\u00fdch valcov. <\/p>\n<p><img decoding=\"async\" src=\"https:\/\/hzpt.com\/wp-content\/uploads\/2024\/11\/songte-company-1.webp\" alt=\"Obr\u00e1zok valca vedra\"><\/p>\n<p>Autor: lyl<\/p>","protected":false},"excerpt":{"rendered":"<p>Bucket Cylinder For Komatsu Large Excavator PC400-3-5-6-7-8 Introduction A bucket cylinder is a specially designed hydraulic cylinder used to control the movement of buckets in heavy machinery such as excavators, backhoe excavators, and front-end loaders. Its main function is to enable the bucket to lift, lower, and tilt, making it easier to handle various material [&hellip;]<\/p>","protected":false},"featured_media":14784,"comment_status":"open","ping_status":"closed","template":"","meta":{"_et_pb_use_builder":"","_et_pb_old_content":"","_et_gb_content_width":""},"product_brand":[],"product_cat":[1494],"product_tag":[1495,1496],"class_list":{"0":"post-15151","1":"product","2":"type-product","3":"status-publish","4":"has-post-thumbnail","6":"product_cat-bucket-cylinders","7":"product_tag-bucket-cylinders","8":"product_tag-hydraulic-cylinders","10":"first","11":"instock","12":"shipping-taxable","13":"product-type-simple"},"amp_enabled":true,"_links":{"self":[{"href":"https:\/\/www.hydraulic-cylinders.net\/sk\/wp-json\/wp\/v2\/product\/15151","targetHints":{"allow":["GET"]}}],"collection":[{"href":"https:\/\/www.hydraulic-cylinders.net\/sk\/wp-json\/wp\/v2\/product"}],"about":[{"href":"https:\/\/www.hydraulic-cylinders.net\/sk\/wp-json\/wp\/v2\/types\/product"}],"replies":[{"embeddable":true,"href":"https:\/\/www.hydraulic-cylinders.net\/sk\/wp-json\/wp\/v2\/comments?post=15151"}],"wp:featuredmedia":[{"embeddable":true,"href":"https:\/\/www.hydraulic-cylinders.net\/sk\/wp-json\/wp\/v2\/media\/14784"}],"wp:attachment":[{"href":"https:\/\/www.hydraulic-cylinders.net\/sk\/wp-json\/wp\/v2\/media?parent=15151"}],"wp:term":[{"taxonomy":"product_brand","embeddable":true,"href":"https:\/\/www.hydraulic-cylinders.net\/sk\/wp-json\/wp\/v2\/product_brand?post=15151"},{"taxonomy":"product_cat","embeddable":true,"href":"https:\/\/www.hydraulic-cylinders.net\/sk\/wp-json\/wp\/v2\/product_cat?post=15151"},{"taxonomy":"product_tag","embeddable":true,"href":"https:\/\/www.hydraulic-cylinders.net\/sk\/wp-json\/wp\/v2\/product_tag?post=15151"}],"curies":[{"name":"pracovn\u00fd list","href":"https:\/\/api.w.org\/{rel}","templated":true}]}}