{"id":15156,"date":"2025-01-19T14:10:31","date_gmt":"2025-01-19T14:10:31","guid":{"rendered":"https:\/\/www.hydraulic-cylinders.net\/product\/bucket-cylinder-for-komatsu-wheel-excavator-pw270-7\/"},"modified":"2025-01-19T14:10:33","modified_gmt":"2025-01-19T14:10:33","slug":"bucket-cylinder-for-komatsu-wheel-excavator-pw270-7","status":"publish","type":"product","link":"https:\/\/www.hydraulic-cylinders.net\/sk\/produkt\/bucket-cylinder-for-komatsu-wheel-excavator-pw270-7\/","title":{"rendered":"Valec vedra pre kolesov\u00e9 r\u00fdpadlo Komatsu PW270-7"},"content":{"rendered":"<h2>Valec vedra pre kolesov\u00e9 r\u00fdpadlo Komatsu PW270-7<\/h2>\n<h3>\u00davod<\/h3>\n<p>Hydraulick\u00fd valec ly\u017eice je \u0161peci\u00e1lne navrhnut\u00fd hydraulick\u00fd valec, ktor\u00fd sa pou\u017e\u00edva predov\u0161etk\u00fdm na ovl\u00e1danie pohybu ly\u017e\u00edc v \u0165a\u017ek\u00fdch strojoch, ako s\u00fa bagre, r\u00fdpadlo-naklada\u010de a \u010deln\u00e9 naklada\u010de. Jeho hlavnou funkciou je umo\u017eni\u0165 zdv\u00edhanie, sp\u00fa\u0161\u0165anie a nakl\u00e1\u0148anie ly\u017eice, \u010do u\u013eah\u010duje vykon\u00e1vanie r\u00f4znych \u00faloh manipul\u00e1cie s materi\u00e1lom. V hydraulickom syst\u00e9me dosahuje valec ly\u017eice presn\u00e9 ovl\u00e1danie ly\u017eice prostredn\u00edctvom zmien tlaku hydraulick\u00e9ho oleja, \u010do umo\u017e\u0148uje obsluhe efekt\u00edvne manipulova\u0165 s \u0165a\u017ek\u00fdmi bremenami, prisp\u00f4sobi\u0165 sa zlo\u017eit\u00fdm pracovn\u00fdm prostrediam a r\u00f4znorod\u00fdm po\u017eiadavk\u00e1m pr\u00e1ce.<\/p>\n<p><img decoding=\"async\" src=\"https:\/\/www.hydraulic-cylinders.net\/wp-content\/uploads\/2025\/01\/songte-company-2.webp\"\/><\/p>\n<h3>Vlastnosti produktu<\/h3>\n<ul>\n<li>Vysok\u00e1 pevnos\u0165 a odolnos\u0165: Zvy\u010dajne je vyroben\u00fd z vysokopevnostnej ocele alebo hlin\u00edka, tak\u017ee odol\u00e1 vysok\u00e9mu tlaku a \u0165a\u017ek\u00fdm za\u0165a\u017eeniam, \u010d\u00edm sa prisp\u00f4sob\u00ed n\u00e1ro\u010dn\u00fdm pracovn\u00fdm podmienkam. Kon\u0161trukcia tie\u017e zoh\u013ead\u0148uje odolnos\u0165 proti opotrebovaniu a kor\u00f3zii, aby sa pred\u013a\u017eila \u017eivotnos\u0165.<\/li>\n<li>Efekt\u00edvna hydraulick\u00e1 prev\u00e1dzka: Vyu\u017e\u00edva tlak hydraulick\u00e9ho oleja na dosiahnutie plynul\u00e9ho teleskopick\u00e9ho pohybu, r\u00fdchlo reaguje na ovl\u00e1dacie povely a poskytuje siln\u00fa tla\u010dn\u00fa a \u0165a\u017en\u00fa silu, vhodn\u00fa na manipul\u00e1ciu s \u0165a\u017ek\u00fdmi bremenami a zlo\u017eit\u00e9 pracovn\u00e9 \u00falohy.<\/li>\n<li>R\u00f4zne typy: Jedno\u010dinn\u00e9 (hydraulicky ovl\u00e1dan\u00e9 iba v jednom smere) alebo dvoj\u010dinn\u00e9 (hydraulicky ovl\u00e1dan\u00e9 v oboch smeroch) valce je mo\u017en\u00e9 vybra\u0165 pod\u013ea po\u017eiadaviek, aby sa splnili r\u00f4zne prev\u00e1dzkov\u00e9 potreby. Niektor\u00e9 modely s\u00fa teleskopick\u00e9, \u010do umo\u017e\u0148uje v\u00e4\u010d\u0161ie vysunutie bez zv\u00e4\u010d\u0161enia vonkaj\u0161\u00edch rozmerov, vhodn\u00e9 pre aplik\u00e1cie s obmedzen\u00fdm priestorom.<\/li>\n<li>Priama n\u00e1hrada: N\u00e1\u0161 produkt dok\u00e1\u017ee dokonale nahradi\u0165 tieto hydraulick\u00e9 valce.<\/li>\n<\/ul>\n<p><img decoding=\"async\" src=\"https:\/\/www.hydraulic-cylinders.net\/wp-content\/uploads\/2025\/01\/songte-cylinder-head-with-all-kinds-excavator-models.webp\"\/><\/p>\n<h3>Aplik\u00e1cie<\/h3>\n<p>Valec vedra sa \u0161iroko pou\u017e\u00edva v r\u00f4znych \u0165a\u017ek\u00fdch strojoch vr\u00e1tane:<\/p>\n<ul>\n<li>Stavebn\u00e9 zariadenia: V bagroch s\u00fa nevyhnutn\u00e9 na kopanie, nakladanie a premiest\u0148ovanie zeminy alebo sutiny. V r\u00fdpadlo-naklada\u010doch pom\u00e1ha valec ly\u017eice pri kopan\u00ed aj zdv\u00edhan\u00ed. <\/li>\n<li>Po\u013enohospod\u00e1rske stroje: Pou\u017e\u00edvaj\u00fa sa v \u010deln\u00fdch naklada\u010doch na kopanie, zdv\u00edhanie a prepravu p\u00f4dy, sena a in\u00fdch materi\u00e1lov.<\/li>\n<li>R\u00fdpadl\u00e1: Valec ly\u017eice dosahuje v\u00fdkopov\u00fa \u010dinnos\u0165 t\u00fdm, \u017ee umo\u017e\u0148uje ly\u017eici prenikn\u00fa\u0165 do p\u00f4dy.<\/li>\n<li>\u010celn\u00e9 naklada\u010de: \u010celn\u00e9 naklada\u010de pom\u00e1haj\u00fa efekt\u00edvne zdv\u00edha\u0165 a vyklada\u0165 tovar.<\/li>\n<\/ul>\n<p>Ka\u017ed\u00e9 pou\u017eitie k\u013e\u00fa\u010dov\u00e9ho slova je podrobne op\u00edsan\u00e9 ni\u017e\u0161ie:<\/p>\n<h4>Stavebn\u00e9 stroje<\/h4>\n<p>R\u00fdpadl\u00e1 sa v stavebn\u00edctve hojne pou\u017e\u00edvaj\u00fa a s\u00fa nevyhnutn\u00e9 na kopanie, nakladanie a premiest\u0148ovanie zeminy alebo sutiny. V r\u00fdpadl\u00e1ch sa valec ly\u017eice pou\u017e\u00edva na ovl\u00e1danie pohybu ly\u017eice, \u010do jej umo\u017e\u0148uje prenika\u0165 do p\u00f4dy a vykon\u00e1va\u0165 v\u00fdkopy. V r\u00fdpadlo-naklada\u010doch pom\u00e1ha valec ly\u017eice pri kopan\u00ed aj zdv\u00edhan\u00ed, \u010do u\u013eah\u010duje manipul\u00e1ciu s r\u00f4znymi materi\u00e1lmi.<\/p>\n<p><img decoding=\"async\" src=\"https:\/\/hzpt.com\/wp-content\/uploads\/2024\/11\/songte-company-1.webp\"\/><\/p>\n<h4>Po\u013enohospod\u00e1rske stroje<\/h4>\n<p>Po\u013enohospod\u00e1rske stroje sa pou\u017e\u00edvaj\u00fa v r\u00f4znych aplik\u00e1ci\u00e1ch, ako je zber plod\u00edn, sadenie a spracovanie. Valec ly\u017eice sa m\u00f4\u017ee pou\u017e\u00edva\u0165 v \u010deln\u00fdch naklada\u010doch, \u010do umo\u017e\u0148uje kopanie, zdv\u00edhanie a prepravu p\u00f4dy, sena a in\u00fdch materi\u00e1lov.<\/p>\n<h4>R\u00fdpadl\u00e1<\/h4>\n<p>R\u00fdpadl\u00e1 sa pou\u017e\u00edvaj\u00fa v r\u00f4znych aplik\u00e1ci\u00e1ch, ako je stavebn\u00edctvo, ban\u00edctvo a lesn\u00edctvo. Valec ly\u017eice pom\u00e1ha pri v\u00fdkope p\u00f4dy a premiest\u0148ovan\u00ed sut\u00edn, \u010do u\u013eah\u010duje manipul\u00e1ciu s \u0165a\u017ek\u00fdmi bremenami a prisp\u00f4sobenie sa r\u00f4znym pracovn\u00fdm podmienkam.<\/p>\n<h4>\u010celn\u00e9 naklada\u010de<\/h4>\n<p>\u010celn\u00e9 naklada\u010de sa \u0161iroko pou\u017e\u00edvaj\u00fa v r\u00f4znych odvetviach, ako je stavebn\u00edctvo, ban\u00edctvo a po\u013enohospod\u00e1rstvo. Valec ly\u017eice pom\u00e1ha efekt\u00edvne zdv\u00edha\u0165 a vyklada\u0165 tovar, \u010do u\u013eah\u010duje manipul\u00e1ciu s r\u00f4znymi materi\u00e1lmi.<\/p>\n<h3>\u00davahy o dizajne a krit\u00e9ri\u00e1 v\u00fdberu<\/h3>\n<p>Valec kor\u010deka je navrhnut\u00fd s oh\u013eadom na nieko\u013eko aspektov, ako je nosnos\u0165, tesnos\u0165, trvanlivos\u0165, bezpe\u010dnos\u0165 a \u00fadr\u017eba. Ka\u017ed\u00fd bod je diskutovan\u00fd ni\u017e\u0161ie:<\/p>\n<ul>\n<li>Nosnos\u0165: Valec vedra je navrhnut\u00fd tak, aby odolal vysok\u00e9mu tlaku a \u0165a\u017ek\u00fdm za\u0165a\u017eeniam, \u010d\u00edm sa zabezpe\u010d\u00ed, \u017ee zvl\u00e1dne r\u00f4zne materi\u00e1ly.<\/li>\n<li>Tesnivos\u0165: Na zabezpe\u010denie tesnosti valca a udr\u017eania kon\u0161tantn\u00e9ho tlaku sa pou\u017e\u00edvaj\u00fa r\u00f4zne tesnenia, ako s\u00fa tesnenia piestov, tesnenia ty\u010d\u00ed at\u010f.<\/li>\n<li>Trvanlivos\u0165: Valec vedra je vyroben\u00fd tak, aby vydr\u017eal, vyroben\u00fd z vysokopevnostn\u00fdch materi\u00e1lov a navrhnut\u00fd tak, aby odol\u00e1val opotrebovaniu.<\/li>\n<li>Bezpe\u010dnos\u0165: Valec vedra je navrhnut\u00fd tak, aby fungoval bezpe\u010dne, \u010d\u00edm sa zni\u017euje riziko neh\u00f4d sp\u00f4soben\u00fdch pre\u0165a\u017een\u00edm alebo nespr\u00e1vnym pou\u017eit\u00edm.<\/li>\n<li>\u00dadr\u017eba: Valec vedra je navrhnut\u00fd pre jednoduch\u00fa \u00fadr\u017ebu s vymenite\u013en\u00fdmi tesneniami a \u010fal\u0161\u00edmi komponentmi, ktor\u00e9 umo\u017e\u0148uj\u00fa pravideln\u00fd servis a \u00fadr\u017ebu.<\/li>\n<\/ul>\n<p><img decoding=\"async\" src=\"https:\/\/www.hydraulic-cylinders.net\/wp-content\/uploads\/2025\/01\/songte-oil-pipes-and-spare-parts.webp\"\/><\/p>\n<h3>Tesnenie a mazanie<\/h3>\n<p>Valec kor\u010deka je vybaven\u00fd r\u00f4znymi tesneniami, ako s\u00fa tesnenia piestov, tesnenia ty\u010d\u00ed at\u010f., aby sa zabezpe\u010dila tesnos\u0165 valca a jeho kon\u0161tantn\u00fd tlak. Na tesnenia sa be\u017ene pou\u017e\u00edva polyuret\u00e1nov\u00e1 alebo nitrilov\u00e1 guma, ktor\u00e9 poskytuj\u00fa vynikaj\u00facu odolnos\u0165 vo\u010di opotrebovaniu. Teleso valca a z\u00e1vitov\u00fd koniec s\u00fa jemne opracovan\u00e9, aby sa zlep\u0161ila odolnos\u0165 vo\u010di opotrebovaniu. Na udr\u017eanie optim\u00e1lneho v\u00fdkonu valca je potrebn\u00e9 pravideln\u00e9 mazanie a pravidelne by sa malo prid\u00e1va\u0165 primeran\u00e9 mno\u017estvo hydraulick\u00e9ho oleja.<\/p>\n<h3>\u00dadr\u017eba a prevent\u00edvne opatrenia<\/h3>\n<p>Pravideln\u00e1 \u00fadr\u017eba a prevent\u00edvne opatrenia s\u00fa nevyhnutn\u00e9 pre dlh\u00fa \u017eivotnos\u0165 a optim\u00e1lny v\u00fdkon valca s vedro. Tri be\u017en\u00e9 \u00falohy \u00fadr\u017eby s\u00fa pravideln\u00e1 kontrola, vhodn\u00e9 mazanie a v\u00fdmena tesnen\u00ed a kontroly kalibr\u00e1cie. Po\u010das procesu in\u0161tal\u00e1cie je nevyhnutn\u00e1 spr\u00e1vna in\u0161tal\u00e1cia, mazanie a nastavenie. Po\u010das in\u0161tal\u00e1cie valca by sa malo zabezpe\u010di\u0165 spr\u00e1vne vedenie k zarovnaniu a na upevnenie valca by sa mali pou\u017ei\u0165 vhodn\u00e9 mont\u00e1\u017ene konzoly. Na optimaliz\u00e1ciu \u017eivotnosti k\u013e\u00fa\u010dov\u00e9ho slova sa poskytuj\u00fa odpor\u00fa\u010dan\u00e9 postupy kontroly, opravy a v\u00fdmeny, n\u00e1hradn\u00e9 diely a slu\u017eby rekon\u0161trukcie.<\/p>\n<p><img decoding=\"async\" src=\"https:\/\/www.hydraulic-cylinders.net\/wp-content\/uploads\/2025\/01\/songte-chushion-collar.webp\"\/><\/p>\n<h3>Bezpe\u010dnostn\u00e9 aspekty a faktory prostredia<\/h3>\n<p>Pri pou\u017e\u00edvan\u00ed valca s vedro s\u00fa bezpe\u010dnostn\u00e9 opatrenia nevyhnutn\u00e9 na zn\u00ed\u017eenie rizika neh\u00f4d. Spr\u00e1vne pou\u017e\u00edvanie, in\u0161tal\u00e1cia a \u00fadr\u017eba s\u00fa k\u013e\u00fa\u010dov\u00e9 pre optimaliz\u00e1ciu v\u00fdkonu a \u017eivotnosti valca s vedro. Po\u010das pou\u017e\u00edvania by sa mali zoh\u013eadni\u0165 aj faktory prostredia, ako je teplota, vlhkos\u0165, prach a vystavenie chemik\u00e1li\u00e1m.<\/p>\n<h3>Rie\u0161enie probl\u00e9mov a be\u017en\u00e9 probl\u00e9my<\/h3>\n<p>Medzi be\u017en\u00e9 probl\u00e9my s valcom vedra m\u00f4\u017ee patri\u0165 \u00fanik oleja, po\u0161kodenie tesnenia a nedostato\u010dn\u00fd tlak. Poskytuj\u00fa sa tipy a rie\u0161enia probl\u00e9mov, ktor\u00e9 pom\u00e1haj\u00fa efekt\u00edvne diagnostikova\u0165 a rie\u0161i\u0165 probl\u00e9my, a odpor\u00fa\u010daj\u00fa sa prevent\u00edvne opatrenia na minimaliz\u00e1ciu potenci\u00e1lnych probl\u00e9mov. <\/p>\n<p><img decoding=\"async\" src=\"https:\/\/www.hydraulic-cylinders.net\/wp-content\/uploads\/2025\/01\/songte-bushings-with-all-kinds-of-excavator-models.webp\"\/><\/p>\n<h2>O na\u0161ej spolo\u010dnosti<\/h2>\n<p>Sme v\u00fdrobcom n\u00e1hradn\u00fdch hydraulick\u00fdch valcov s kompletn\u00fdm sortimentom produktov. Ako jeden z popredn\u00fdch v\u00fdrobcov a ve\u013ekoobchodn\u00fdch distrib\u00fatorov hydraulick\u00fdch valcov na dom\u00e1com aj medzin\u00e1rodnom trhu sa riadime z\u00e1sadami vynikaj\u00facej kvality a spoliehame sa na strat\u00e9gie riadenia priemyselnej v\u00fdroby v prec\u00edzne spracovan\u00fdch diel\u0148ach. Na\u0161a spolo\u010dnos\u0165 neust\u00e1le zlep\u0161uje v\u00fdrobn\u00fa platformu dielne, zdokona\u013euje v\u00fdrobn\u00fa linku kvality produktov a m\u00e1 siln\u00e9 v\u00fdrobn\u00e9 kapacity. V\u010faka z\u00e1sad\u00e1m vysokej efektivity, vysokej presnosti a vysokej kvality poskytujeme r\u00f4znym z\u00e1kazn\u00edkom uspokojiv\u00e9 produkty a slu\u017eby.<\/p>\n<p>Pon\u00fakame profesion\u00e1lne produkty a slu\u017eby v oblasti hydraulick\u00fdch valcov, medzin\u00e1rodn\u00fa certifik\u00e1ciu, prisp\u00f4soben\u00e9 slu\u017eby, modern\u00e9 v\u00fdrobn\u00e9 zariadenia a vynikaj\u00faci popredajn\u00fd servis. <\/p>\n<p><img decoding=\"async\" src=\"https:\/\/www.hydraulic-cylinders.net\/wp-content\/uploads\/2025\/01\/songte-company-3.webp\"\/><\/p>\n<p>Autor: lyl<\/p>","protected":false},"excerpt":{"rendered":"<p>Bucket Cylinder for Komatsu Wheel Excavator PW270-7 Introduction A bucket cylinder is a specially designed hydraulic cylinder primarily used to control the movement of buckets in heavy machinery such as excavators, backhoe loaders, and front-end loaders. Its main function is to allow the bucket to lift, lower, and tilt, making it easy to handle various [&hellip;]<\/p>","protected":false},"featured_media":14773,"comment_status":"open","ping_status":"closed","template":"","meta":{"_et_pb_use_builder":"","_et_pb_old_content":"","_et_gb_content_width":""},"product_brand":[],"product_cat":[1494],"product_tag":[1495,1496],"class_list":{"0":"post-15156","1":"product","2":"type-product","3":"status-publish","4":"has-post-thumbnail","6":"product_cat-bucket-cylinders","7":"product_tag-bucket-cylinders","8":"product_tag-hydraulic-cylinders","10":"first","11":"instock","12":"shipping-taxable","13":"product-type-simple"},"amp_enabled":true,"_links":{"self":[{"href":"https:\/\/www.hydraulic-cylinders.net\/sk\/wp-json\/wp\/v2\/product\/15156","targetHints":{"allow":["GET"]}}],"collection":[{"href":"https:\/\/www.hydraulic-cylinders.net\/sk\/wp-json\/wp\/v2\/product"}],"about":[{"href":"https:\/\/www.hydraulic-cylinders.net\/sk\/wp-json\/wp\/v2\/types\/product"}],"replies":[{"embeddable":true,"href":"https:\/\/www.hydraulic-cylinders.net\/sk\/wp-json\/wp\/v2\/comments?post=15156"}],"wp:featuredmedia":[{"embeddable":true,"href":"https:\/\/www.hydraulic-cylinders.net\/sk\/wp-json\/wp\/v2\/media\/14773"}],"wp:attachment":[{"href":"https:\/\/www.hydraulic-cylinders.net\/sk\/wp-json\/wp\/v2\/media?parent=15156"}],"wp:term":[{"taxonomy":"product_brand","embeddable":true,"href":"https:\/\/www.hydraulic-cylinders.net\/sk\/wp-json\/wp\/v2\/product_brand?post=15156"},{"taxonomy":"product_cat","embeddable":true,"href":"https:\/\/www.hydraulic-cylinders.net\/sk\/wp-json\/wp\/v2\/product_cat?post=15156"},{"taxonomy":"product_tag","embeddable":true,"href":"https:\/\/www.hydraulic-cylinders.net\/sk\/wp-json\/wp\/v2\/product_tag?post=15156"}],"curies":[{"name":"pracovn\u00fd list","href":"https:\/\/api.w.org\/{rel}","templated":true}]}}