{"id":15167,"date":"2025-01-19T14:11:23","date_gmt":"2025-01-19T14:11:23","guid":{"rendered":"https:\/\/www.hydraulic-cylinders.net\/product\/bucket-cylinder-for-sumitomo-small-excavator-sh75-75x-3b\/"},"modified":"2025-01-19T14:11:25","modified_gmt":"2025-01-19T14:11:25","slug":"bucket-cylinder-for-sumitomo-small-excavator-sh75-75x-3b","status":"publish","type":"product","link":"https:\/\/www.hydraulic-cylinders.net\/sk\/produkt\/bucket-cylinder-for-sumitomo-small-excavator-sh75-75x-3b\/","title":{"rendered":"Valec vedra pre mal\u00e9 r\u00fdpadlo Sumitomo SH75\/75X-3B"},"content":{"rendered":"<p><!DOCTYPE html><br \/>\n<html><br \/>\n<head><br \/>\n<title>Valec vedra pre mal\u00e9 r\u00fdpadlo Sumitomo SH75\/75X-3B<\/title><br \/>\n<\/head><br \/>\n<body><\/p>\n<h1>Valec vedra pre mal\u00e9 r\u00fdpadlo Sumitomo SH75\/75X-3B<\/h1>\n<h2>\u00davod<\/h2>\n<p>Hydraulick\u00fd valec ly\u017eice je \u0161peci\u00e1lne navrhnut\u00fd hydraulick\u00fd valec pou\u017e\u00edvan\u00fd na ovl\u00e1danie pohybu ly\u017eice v \u0165a\u017ek\u00fdch strojoch, ako s\u00fa bagre, r\u00fdpadlo-naklada\u010de a \u010deln\u00e9 naklada\u010de. Jeho hlavnou funkciou je umo\u017eni\u0165 ly\u017eici zdv\u00edha\u0165, sp\u00fa\u0161\u0165a\u0165 a nakl\u00e1\u0148a\u0165, \u010do u\u013eah\u010duje r\u00f4zne \u00falohy manipul\u00e1cie s materi\u00e1lom. V hydraulickom syst\u00e9me dosahuje valec ly\u017eice presn\u00e9 ovl\u00e1danie ly\u017eice prostredn\u00edctvom zmien tlaku hydraulick\u00e9ho oleja, \u010do umo\u017e\u0148uje obsluhe efekt\u00edvne manipulova\u0165 s \u0165a\u017ek\u00fdmi bremenami a prisp\u00f4sobova\u0165 sa zlo\u017eit\u00fdm pracovn\u00fdm prostrediam a r\u00f4znym prev\u00e1dzkov\u00fdm potreb\u00e1m.<\/p>\n<p><img decoding=\"async\" src=\"https:\/\/www.hydraulic-cylinders.net\/wp-content\/uploads\/2025\/01\/songte-company-2.webp\" alt=\"Obr\u00e1zok valca vedra\"><\/p>\n<h2>Funkcie<\/h2>\n<ul>\n<li>Vysok\u00e1 pevnos\u0165 a odolnos\u0165: Valec s ko\u0161\u00edkom, zvy\u010dajne vyroben\u00fd z vysokopevnostnej ocele alebo hlin\u00edka, odol\u00e1 vysok\u00e9mu tlaku a \u0165a\u017ek\u00fdm za\u0165a\u017eeniam, \u010d\u00edm sa prisp\u00f4sob\u00ed n\u00e1ro\u010dn\u00fdm pracovn\u00fdm podmienkam. Jeho kon\u0161trukcia zoh\u013ead\u0148uje odolnos\u0165 vo\u010di opotrebovaniu a kor\u00f3zii, \u010d\u00edm sa predl\u017euje jeho \u017eivotnos\u0165.<\/li>\n<li>Efekt\u00edvna hydraulick\u00e1 prev\u00e1dzka: V\u010faka vyu\u017eitiu tlaku hydraulick\u00e9ho oleja umo\u017e\u0148uje valec ly\u017eice plynul\u00e9 vys\u00favanie a zas\u00favanie, \u010d\u00edm poskytuje siln\u00e9 tla\u010dn\u00e9 a \u0165a\u017en\u00e9 sily, vhodn\u00e9 na manipul\u00e1ciu s \u0165a\u017ek\u00fdmi bremenami a zlo\u017eit\u00e9 prev\u00e1dzkov\u00e9 \u00falohy.<\/li>\n<li>R\u00f4zne typy: Valec je mo\u017en\u00e9 zvoli\u0165 ako jedno\u010dinn\u00fd (hydraulicky ovl\u00e1dan\u00fd iba v jednom smere) alebo dvoj\u010dinn\u00fd (hydraulicky ovl\u00e1dan\u00fd v oboch smeroch) pod\u013ea po\u017eiadaviek, pri\u010dom niektor\u00e9 modely s\u00fa teleskopick\u00e9, \u010do umo\u017e\u0148uje v\u00e4\u010d\u0161ie vysunutie bez zv\u00e4\u010d\u0161enia vonkaj\u0161\u00edch rozmerov, vhodn\u00e9 pre aplik\u00e1cie s obmedzen\u00fdm priestorom.<\/li>\n<li>Dokonal\u00e1 n\u00e1hrada za hydraulick\u00e9 valce: N\u00e1\u0161 produkt dok\u00e1\u017ee dokonale nahradi\u0165 existuj\u00face hydraulick\u00e9 valce so zlep\u0161en\u00fdm v\u00fdkonom a kompatibilitou.<\/li>\n<\/ul>\n<p><img decoding=\"async\" src=\"https:\/\/www.hydraulic-cylinders.net\/wp-content\/uploads\/2025\/01\/songte-cylinder-head-with-all-kinds-excavator-models.webp\" alt=\"Obr\u00e1zok produktu\"><\/p>\n<h2>Aplik\u00e1cie<\/h2>\n<ul>\n<li>Stavebn\u00e9 zariadenia: Nach\u00e1dzaj\u00fa sa v bagroch a s\u00fa nevyhnutn\u00e9 na v\u00fdkopov\u00e9 pr\u00e1ce, nakladanie a premiest\u0148ovanie zeminy alebo sutiny. V r\u00fdpadlo-naklada\u010doch pom\u00e1ha valec ly\u017eice pri v\u00fdkopov\u00fdch pr\u00e1cach aj zdv\u00edhan\u00ed.<\/li>\n<li>Po\u013enohospod\u00e1rske stroje: Pou\u017e\u00edvaj\u00fa sa v \u010deln\u00fdch naklada\u010doch, ktor\u00e9 pom\u00e1haj\u00fa pri naberan\u00ed, zdv\u00edhan\u00ed a preprave p\u00f4dy, sena a in\u00fdch materi\u00e1lov.<\/li>\n<li>R\u00fdpadl\u00e1: Valec ly\u017eice umo\u017e\u0148uje v\u00fdkopov\u00e9 pr\u00e1ce t\u00fdm, \u017ee umo\u017e\u0148uje ly\u017eici prenikn\u00fa\u0165 do p\u00f4dy.<\/li>\n<li>Naklada\u010de: V \u010deln\u00fdch naklada\u010doch prispievaj\u00fa k efekt\u00edvnemu zdv\u00edhaniu a vykladaniu tovaru.<\/li>\n<\/ul>\n<h2>\u00davahy o dizajne a krit\u00e9ri\u00e1 v\u00fdberu<\/h2>\n<ul>\n<li>Nosnos\u0165: Kon\u0161trukcia valca zoh\u013ead\u0148uje schopnos\u0165 odol\u00e1va\u0165 vysok\u00e9mu za\u0165a\u017eeniu a zachova\u0165 \u0161truktur\u00e1lnu integritu.<\/li>\n<li>Tesnenie: Pou\u017e\u00edvaj\u00fa sa r\u00f4zne tesniace komponenty, ako s\u00fa tesnenia piestov a ty\u010d\u00ed, vyroben\u00e9 z materi\u00e1lov odoln\u00fdch vo\u010di opotrebovaniu, ako je polyuret\u00e1n a nitrilov\u00fd kau\u010duk. Teleso valca a z\u00e1vitov\u00e9 koncov\u00e9 plochy s\u00fa jemne o\u0161etren\u00e9 na zv\u00fd\u0161enie odolnosti vo\u010di opotrebovaniu.<\/li>\n<li>Trvanlivos\u0165: Kon\u0161trukcia zais\u0165uje, \u017ee f\u013ea\u0161a odol\u00e1 nepretr\u017eit\u00e9mu pou\u017e\u00edvaniu, vplyvom prostredia a potenci\u00e1lnym n\u00e1razom.<\/li>\n<li>Bezpe\u010dnos\u0165: Bezpe\u010dnostn\u00e9 prvky, ako s\u00fa pretlakov\u00e9 ventily a ochrann\u00e9 kryty, s\u00fa zabudovan\u00e9 na predch\u00e1dzanie nehod\u00e1m a zaistenie bezpe\u010dnosti obsluhy.<\/li>\n<li>\u00dadr\u017eba: Kon\u0161trukcia valca umo\u017e\u0148uje jednoduch\u00fa \u00fadr\u017ebu a opravy s pr\u00edslu\u0161n\u00fdmi pr\u00edstupov\u00fdmi bodmi a pokynmi.<\/li>\n<\/ul>\n<p><img decoding=\"async\" src=\"https:\/\/www.hydraulic-cylinders.net\/wp-content\/uploads\/2025\/01\/songte-oil-pipes-and-spare-parts.webp\" alt=\"Komponenty produktu\"><\/p>\n<h2>Tesnenie a mazanie<\/h2>\n<p>Valec kor\u010deka vyu\u017e\u00edva r\u00f4zne tesniace komponenty, ako s\u00fa tesnenia piestov a tesnenia ty\u010d\u00ed, vyroben\u00e9 z materi\u00e1lov odoln\u00fdch vo\u010di opotrebovaniu, ako je polyuret\u00e1n a nitrilov\u00fd kau\u010duk. Teleso valca a z\u00e1vitov\u00e9 koncov\u00e9 povrchy s\u00fa jemne o\u0161etren\u00e9 na zv\u00fd\u0161enie odolnosti vo\u010di opotrebovaniu. Na zabezpe\u010denie optim\u00e1lneho v\u00fdkonu je potrebn\u00e9 pravideln\u00e9 mazanie. Na mazanie by sa malo pravidelne dop\u013a\u0148a\u0165 dostato\u010dn\u00e9 mno\u017estvo hydraulick\u00e9ho oleja.<\/p>\n<h2>\u00dadr\u017eba a prevent\u00edvne opatrenia<\/h2>\n<ul>\n<li>Pravideln\u00e9 kontroly: Pravidelne kontrolujte valec, \u010di nevykazuje zn\u00e1mky opotrebovania, po\u0161kodenia alebo netesnost\u00ed.<\/li>\n<li>Spr\u00e1vne mazanie: Dodr\u017eiavajte odpor\u00fa\u010dan\u00fd pl\u00e1n mazania, aby ste zaistili hladk\u00fd chod.<\/li>\n<li>V\u00fdmena tesnenia: Ak s\u00fa nejak\u00e9 tesnenia opotrebovan\u00e9 alebo po\u0161koden\u00e9, ihne\u010f ich vyme\u0148te, aby ste predi\u0161li \u00faniku a zachovali \u00fa\u010dinnos\u0165 tesnenia.<\/li>\n<li>Kalibra\u010dn\u00e9 kontroly: Pravidelne kontrolujte a kalibrujte valec, aby ste zabezpe\u010dili presn\u00fa a prec\u00edznu prev\u00e1dzku.<\/li>\n<\/ul>\n<p><img decoding=\"async\" src=\"https:\/\/www.hydraulic-cylinders.net\/wp-content\/uploads\/2025\/01\/songte-chushion-collar.webp\" alt=\"In\u0161tala\u010dn\u00fd obr\u00e1zok\"><\/p>\n<h2>Aspekty bezpe\u010dnosti v\u00fdrobkov a environment\u00e1lne faktory<\/h2>\n<p>Pri pou\u017e\u00edvan\u00ed valca s vedro je d\u00f4le\u017eit\u00e9 dodr\u017eiava\u0165 bezpe\u010dnostn\u00e9 opatrenia, aby sa predi\u0161lo nehod\u00e1m a zabezpe\u010dila sa pohoda obsluhy. Kon\u0161trukcia valca zoh\u013ead\u0148uje bezpe\u010dnostn\u00e9 normy a predpisy s cie\u013eom minimalizova\u0165 rizik\u00e1. Okrem toho by sa mali zv\u00e1\u017ei\u0165 aj faktory prostredia, ako s\u00fa \u00faniky kvapal\u00edn a spr\u00e1vna likvid\u00e1cia odpadu.<\/p>\n<h2>Rie\u0161enie probl\u00e9mov a be\u017en\u00e9 probl\u00e9my<\/h2>\n<p>Medzi be\u017en\u00e9 probl\u00e9my, ktor\u00e9 sa m\u00f4\u017eu vyskytn\u00fa\u0165 s valcom vedra, patria netesnosti, nedostato\u010dn\u00fd v\u00fdkon a abnorm\u00e1lne pohyby. Na rie\u0161enie t\u00fdchto probl\u00e9mov sa odpor\u00fa\u010da skontrolova\u0165 pr\u00edpadn\u00e9 netesnosti, zabezpe\u010di\u0165 spr\u00e1vnu hladinu hydraulickej kvapaliny a skontrolova\u0165 syst\u00e9m, \u010di nevykazuje nejak\u00e9 poruchy. Spr\u00e1vne prevent\u00edvne opatrenia, ako je pravideln\u00e1 \u00fadr\u017eba a v\u010dasn\u00e9 opravy, m\u00f4\u017eu pom\u00f4c\u0165 minimalizova\u0165 potenci\u00e1lne probl\u00e9my.<\/p>\n<p><img decoding=\"async\" src=\"https:\/\/www.hydraulic-cylinders.net\/wp-content\/uploads\/2025\/01\/songte-bushings-with-all-kinds-of-excavator-models.webp\" alt=\"Obr\u00e1zok rie\u0161enia probl\u00e9mov\"><\/p>\n<h2>O na\u0161ej spolo\u010dnosti<\/h2>\n<p>Sme v\u00fdrobcom n\u00e1hradn\u00fdch hydraulick\u00fdch valcov a pon\u00fakame \u0161irok\u00fd sortiment produktov. Stali sme sa jedn\u00fdm z popredn\u00fdch v\u00fdrobcov a ve\u013ekoobchodn\u00edkov s hydraulick\u00fdmi valcami na dom\u00e1com aj medzin\u00e1rodnom trhu. V\u010faka n\u00e1\u0161mu z\u00e1v\u00e4zku k excelentnosti a strat\u00e9gi\u00e1m industrializovan\u00e9ho riadenia v\u00fdroby implementovan\u00fdm v na\u0161ej sofistikovanej v\u00fdrobnej dielni neust\u00e1le zlep\u0161ujeme na\u0161u v\u00fdrobn\u00fa platformu, zdokona\u013eujeme na\u0161u v\u00fdrobn\u00fa linku zameran\u00fa na kvalitu produktov a disponujeme siln\u00fdmi inovat\u00edvnymi schopnos\u0165ami. Sna\u017e\u00edme sa uspokoji\u0165 rozmanit\u00e9 potreby z\u00e1kazn\u00edkov s vysokou efektivitou, presnos\u0165ou a z\u00e1sadami kvality.<\/p>\n<p><img decoding=\"async\" src=\"https:\/\/www.hydraulic-cylinders.net\/wp-content\/uploads\/2025\/01\/songte-company-3.webp\" alt=\"Obr\u00e1zok spolo\u010dnosti\"><\/p>\n<h3>Pre\u010do si vybra\u0165 n\u00e1s?<\/h3>\n<ul>\n<li>Odbornos\u0165: M\u00e1me t\u00edm odborn\u00edkov s rozsiahlymi znalos\u0165ami a sk\u00fasenos\u0165ami vo v\u00fdrobe hydraulick\u00fdch valcov.<\/li>\n<li>Medzin\u00e1rodn\u00e9 certifik\u00e1cie: Na\u0161e produkty sp\u013a\u0148aj\u00fa medzin\u00e1rodn\u00e9 \u0161tandardy kvality a bezpe\u010dnosti, \u010d\u00edm zaru\u010duj\u00fa spo\u013eahlivos\u0165 a v\u00fdkon.<\/li>\n<li>Slu\u017eby prisp\u00f4sobenia: Pon\u00fakame rie\u0161enia na mieru, ktor\u00e9 sp\u013a\u0148aj\u00fa \u0161pecifick\u00e9 po\u017eiadavky z\u00e1kazn\u00edka.<\/li>\n<li>Pokro\u010dil\u00e9 v\u00fdrobn\u00e9 zariadenia: Pou\u017e\u00edvame najmodernej\u0161ie digit\u00e1lne v\u00fdrobn\u00e9 zariadenia pre presn\u00fa a efekt\u00edvnu v\u00fdrobu.<\/li>\n<li>Popredajn\u00fd servis: Na\u0161a spolo\u010dnos\u0165 poskytuje komplexn\u00fa popredajn\u00fa podporu vr\u00e1tane v\u00fdmeny dielov a repasovan\u00fdch slu\u017eieb s cie\u013eom pred\u013a\u017ei\u0165 \u017eivotnos\u0165 na\u0161ich produktov.<\/li>\n<\/ul>\n<p>Autor: lyl<\/p>\n<p><\/body><br \/>\n<\/html><\/p>","protected":false},"excerpt":{"rendered":"<p>Bucket Cylinder For Sumitomo Small Excavator SH75\/75X-3B Bucket Cylinder For Sumitomo Small Excavator SH75\/75X-3B Introduction A bucket cylinder is a specially designed hydraulic cylinder used to control the movement of the bucket in heavy machinery such as excavators, backhoe loaders, and front-end loaders. Its main function is to enable the bucket to lift, lower, and [&hellip;]<\/p>","protected":false},"featured_media":14782,"comment_status":"open","ping_status":"closed","template":"","meta":{"_et_pb_use_builder":"","_et_pb_old_content":"","_et_gb_content_width":""},"product_brand":[],"product_cat":[1494],"product_tag":[1495,1496],"class_list":{"0":"post-15167","1":"product","2":"type-product","3":"status-publish","4":"has-post-thumbnail","6":"product_cat-bucket-cylinders","7":"product_tag-bucket-cylinders","8":"product_tag-hydraulic-cylinders","10":"first","11":"instock","12":"shipping-taxable","13":"product-type-simple"},"amp_enabled":true,"_links":{"self":[{"href":"https:\/\/www.hydraulic-cylinders.net\/sk\/wp-json\/wp\/v2\/product\/15167","targetHints":{"allow":["GET"]}}],"collection":[{"href":"https:\/\/www.hydraulic-cylinders.net\/sk\/wp-json\/wp\/v2\/product"}],"about":[{"href":"https:\/\/www.hydraulic-cylinders.net\/sk\/wp-json\/wp\/v2\/types\/product"}],"replies":[{"embeddable":true,"href":"https:\/\/www.hydraulic-cylinders.net\/sk\/wp-json\/wp\/v2\/comments?post=15167"}],"wp:featuredmedia":[{"embeddable":true,"href":"https:\/\/www.hydraulic-cylinders.net\/sk\/wp-json\/wp\/v2\/media\/14782"}],"wp:attachment":[{"href":"https:\/\/www.hydraulic-cylinders.net\/sk\/wp-json\/wp\/v2\/media?parent=15167"}],"wp:term":[{"taxonomy":"product_brand","embeddable":true,"href":"https:\/\/www.hydraulic-cylinders.net\/sk\/wp-json\/wp\/v2\/product_brand?post=15167"},{"taxonomy":"product_cat","embeddable":true,"href":"https:\/\/www.hydraulic-cylinders.net\/sk\/wp-json\/wp\/v2\/product_cat?post=15167"},{"taxonomy":"product_tag","embeddable":true,"href":"https:\/\/www.hydraulic-cylinders.net\/sk\/wp-json\/wp\/v2\/product_tag?post=15167"}],"curies":[{"name":"pracovn\u00fd list","href":"https:\/\/api.w.org\/{rel}","templated":true}]}}