{"id":15168,"date":"2025-01-19T14:11:26","date_gmt":"2025-01-19T14:11:26","guid":{"rendered":"https:\/\/www.hydraulic-cylinders.net\/product\/bucket-cylinder-for-sumitomo-small-excavator-sh100a1a2a3\/"},"modified":"2025-01-19T14:11:28","modified_gmt":"2025-01-19T14:11:28","slug":"bucket-cylinder-for-sumitomo-small-excavator-sh100a1a2a3","status":"publish","type":"product","link":"https:\/\/www.hydraulic-cylinders.net\/sk\/produkt\/bucket-cylinder-for-sumitomo-small-excavator-sh100a1a2a3\/","title":{"rendered":"Valec vedra pre mal\u00e9 r\u00fdpadlo Sumitomo SH100A1A2A3"},"content":{"rendered":"<h1>Valec vedra pre mal\u00e9 r\u00fdpadlo Sumitomo SH100A1A2A3<\/h1>\n<h2>\u00davod<\/h2>\n<p>Hydraulick\u00fd valec ly\u017eice pre mal\u00e9 r\u00fdpadlo Sumitomo SH100A1A2A3 je \u0161pecializovan\u00fd hydraulick\u00fd valec ur\u010den\u00fd na ovl\u00e1danie pohybu ly\u017eice v \u0165a\u017ek\u00fdch strojoch, ako s\u00fa r\u00fdpadl\u00e1, r\u00fdpadlo-naklada\u010de a \u010deln\u00e9 naklada\u010de. Jeho hlavnou funkciou je umo\u017eni\u0165 zdv\u00edhanie, sp\u00fa\u0161\u0165anie a nakl\u00e1\u0148anie ly\u017eice, \u010do u\u013eah\u010duje vykon\u00e1vanie r\u00f4znych \u00faloh manipul\u00e1cie s materi\u00e1lom. Hydraulick\u00fd valec ly\u017eice dosahuje presn\u00e9 ovl\u00e1danie pohybu ly\u017eice prostredn\u00edctvom zmien tlaku hydraulick\u00e9ho oleja v hydraulickom syst\u00e9me, \u010do umo\u017e\u0148uje obsluhe efekt\u00edvne manipulova\u0165 s \u0165a\u017ek\u00fdmi predmetmi a prisp\u00f4sobova\u0165 sa zlo\u017eit\u00fdm pracovn\u00fdm prostrediam a r\u00f4znorod\u00fdm po\u017eiadavk\u00e1m na pr\u00e1cu.<\/p>\n<p><img decoding=\"async\" src=\"https:\/\/www.hydraulic-cylinders.net\/wp-content\/uploads\/2025\/01\/songte-company-2.webp\"><\/p>\n<h2>Funkcie<\/h2>\n<ul>\n<li>Vysok\u00e1 pevnos\u0165 a odolnos\u0165: Zvy\u010dajne je vyroben\u00fd z vysokopevnostnej ocele alebo hlin\u00edka, odol\u00e1 vysok\u00e9mu tlaku a \u0165a\u017ek\u00fdm za\u0165a\u017eeniam, prisp\u00f4sob\u00ed sa n\u00e1ro\u010dn\u00fdm pracovn\u00fdm podmienkam a je navrhnut\u00fd s oh\u013eadom na odolnos\u0165 vo\u010di opotrebovaniu a kor\u00f3zii, aby sa pred\u013a\u017eila jeho \u017eivotnos\u0165.<\/li>\n<li>Efekt\u00edvna hydraulick\u00e1 prev\u00e1dzka: Plynul\u00e9 vys\u00favanie a s\u0165ahovanie sa dosahuje pomocou tlaku hydraulick\u00e9ho oleja. Dok\u00e1\u017ee r\u00fdchlo reagova\u0165 na ovl\u00e1dacie povely, poskytova\u0165 siln\u00e9 tla\u010dn\u00e9 a \u0165a\u017en\u00e9 sily a je vhodn\u00fd na manipul\u00e1ciu s \u0165a\u017ek\u00fdmi predmetmi a zlo\u017eit\u00e9 pracovn\u00e9 \u00falohy.<\/li>\n<li>R\u00f4zne typy: Pod\u013ea potreby je mo\u017en\u00e9 zvoli\u0165 jedno\u010dinn\u00e9 (hydraulick\u00e9 pou\u017eitie iba v jednom smere) alebo dvoj\u010dinn\u00e9 (hydraulick\u00e9 pou\u017eitie v oboch smeroch) valce, aby sa splnili r\u00f4zne prev\u00e1dzkov\u00e9 potreby. Niektor\u00e9 modely s\u00fa teleskopick\u00e9, \u010do umo\u017e\u0148uje v\u00e4\u010d\u0161ie vysunutie bez zv\u00e4\u010d\u0161enia vonkaj\u0161\u00edch rozmerov, v\u010faka \u010domu s\u00fa vhodn\u00e9 pre aplik\u00e1cie v obmedzenom priestore.<\/li>\n<li>Jednoduch\u00e1 in\u0161tal\u00e1cia: Na\u0161a spolo\u010dnos\u0165 dok\u00e1\u017ee tento produkt vyrobi\u0165 a n\u00e1\u0161 produkt dok\u00e1\u017ee dokonale nahradi\u0165 tieto hydraulick\u00e9 valce.<\/li>\n<\/ul>\n<p><img decoding=\"async\" src=\"https:\/\/www.hydraulic-cylinders.net\/wp-content\/uploads\/2025\/01\/songte-cylinder-head-with-all-kinds-excavator-models.webp\"><\/p>\n<h2>Aplik\u00e1cie<\/h2>\n<p>Valec s vedrom m\u00e1 \u0161irok\u00fa \u0161k\u00e1lu aplik\u00e1ci\u00ed, ako napr\u00edklad:<\/p>\n<ul>\n<li>Stavebn\u00e9 zariadenia: V bagroch s\u00fa k\u013e\u00fa\u010dov\u00e9 pre v\u00fdkopov\u00e9 pr\u00e1ce, nakladanie a premiest\u0148ovanie zeminy alebo sutiny. V r\u00fdpadlo-naklada\u010doch pom\u00e1ha valec ly\u017eice pri kopan\u00ed aj zdv\u00edhan\u00ed. <\/li>\n<li>Po\u013enohospod\u00e1rske stroje: Pou\u017e\u00edvaj\u00fa sa v \u010deln\u00fdch naklada\u010doch na naberanie, zdv\u00edhanie a prepravu p\u00f4dy, sena a in\u00fdch materi\u00e1lov. <\/li>\n<li>R\u00fdpadl\u00e1: Valec ly\u017eice dosahuje kopac\u00ed \u00fa\u010dinok t\u00fdm, \u017ee umo\u017e\u0148uje ly\u017eici prenikn\u00fa\u0165 do p\u00f4dy.<\/li>\n<li>Naklada\u010de: \u010celn\u00e9 naklada\u010de pom\u00e1haj\u00fa efekt\u00edvne zdv\u00edha\u0165 a nakl\u00e1\u0148a\u0165 tovar.<\/li>\n<\/ul>\n<p>Tu je nieko\u013eko pr\u00edkladov pou\u017eitia valca s vedrom v r\u00f4znych aplik\u00e1ci\u00e1ch:<\/p>\n<h3>Stavebn\u00e9 stroje<\/h3>\n<p>V bagroch s\u00fa k\u013e\u00fa\u010dov\u00e9 pre v\u00fdkopov\u00e9 pr\u00e1ce, nakladanie a premiest\u0148ovanie zeminy alebo sutiny. V r\u00fdpadlo-naklada\u010doch pom\u00e1ha valec ly\u017eice pri kopan\u00ed aj zdv\u00edhan\u00ed.<\/p>\n<h3>Po\u013enohospod\u00e1rske stroje<\/h3>\n<p>Pou\u017e\u00edva sa v \u010deln\u00fdch naklada\u010doch na naberanie, zdv\u00edhanie a prepravu p\u00f4dy, sena a in\u00fdch materi\u00e1lov.<\/p>\n<h3>R\u00fdpadl\u00e1<\/h3>\n<p>Valec ly\u017eice dosahuje kopac\u00ed \u00fa\u010dinok t\u00fdm, \u017ee umo\u017e\u0148uje ly\u017eici prenikn\u00fa\u0165 do p\u00f4dy.<\/p>\n<h3>Naklada\u010de<\/h3>\n<p>V \u010deln\u00fdch naklada\u010doch pom\u00e1haj\u00fa efekt\u00edvne zdv\u00edha\u0165 a nakl\u00e1\u0148a\u0165 tovar.<\/p>\n<h2>\u00davahy o dizajne a krit\u00e9ri\u00e1 v\u00fdberu<\/h2>\n<h3>Nosnos\u0165<\/h3>\n<p>Valec s ko\u0161\u00edkom je navrhnut\u00fd tak, aby uniesol \u0165a\u017ek\u00e9 bremen\u00e1 a vysok\u00fd tlak. Pou\u017eit\u00e9 materi\u00e1ly, ako napr\u00edklad vysokopevnostn\u00e1 oce\u013e alebo hlin\u00edk, s\u00fa vybran\u00e9 pre svoju trvanlivos\u0165 a odolnos\u0165 vo\u010di opotrebovaniu a kor\u00f3zii. <\/p>\n<h3>Tesnenie a trvanlivos\u0165<\/h3>\n<p>Na zabezpe\u010denie toho, aby hydraulick\u00e1 kvapalina neunikala z valca, sa pou\u017e\u00edvaj\u00fa r\u00f4zne tesniace komponenty, ako s\u00fa tesnenia piestov a tesnenia ty\u010d\u00ed. S\u00fa vyroben\u00e9 z materi\u00e1lov odoln\u00fdch vo\u010di opotrebovaniu, ako je polyuret\u00e1n a nitrilov\u00fd kau\u010duk. Vn\u00fatorn\u00fd povrch telesa valca a z\u00e1vitov\u00fd koniec s\u00fa presne opracovan\u00e9, aby sa zv\u00fd\u0161ila odolnos\u0165 vo\u010di opotrebovaniu. Pravideln\u00e9 prid\u00e1vanie vhodn\u00e9ho mno\u017estva hydraulick\u00e9ho oleja na mazanie je nevyhnutn\u00e9 na udr\u017eanie \u017eivotnosti.<\/p>\n<p><img decoding=\"async\" src=\"https:\/\/www.hydraulic-cylinders.net\/wp-content\/uploads\/2025\/01\/songte-oil-pipes-and-spare-parts.webp\"><\/p>\n<h2>\u00dadr\u017eba a opravy<\/h2>\n<p>Na zabezpe\u010denie dlhodobej prev\u00e1dzky valca s vedrom je potrebn\u00e1 pravideln\u00e1 \u00fadr\u017eba a prevent\u00edvne opatrenia. Tu je nieko\u013eko d\u00f4le\u017eit\u00fdch \u00faloh:<\/p>\n<h3>In\u0161tal\u00e1cia<\/h3>\n<p>Pri in\u0161tal\u00e1cii valca je nevyhnutn\u00e9 spr\u00e1vne ho zarovna\u0165 a zabezpe\u010di\u0165 vhodn\u00e9 mont\u00e1\u017ene konzoly na jeho upevnenie.<\/p>\n<h3>\u00dadr\u017eba<\/h3>\n<p>Pravideln\u00e1 \u00fadr\u017eba zah\u0155\u0148a spr\u00e1vne mazanie, kontrolu tesnen\u00ed, \u010di netesnia, a kontrolu valca, \u010di nevykazuje zn\u00e1mky po\u0161kodenia alebo poruchy.<\/p>\n<h3>Oprava<\/h3>\n<p>V pr\u00edpade po\u0161kodenia alebo poruchy m\u00f4\u017ee by\u0165 potrebn\u00e9 vymeni\u0165 ur\u010dit\u00e9 komponenty valca alebo ho \u00faplne zrekon\u0161truova\u0165. Na\u0161a spolo\u010dnos\u0165 pon\u00faka n\u00e1hradn\u00e9 diely a slu\u017eby rekon\u0161trukcie, ktor\u00e9 pom\u00e1haj\u00fa pred\u013a\u017ei\u0165 \u017eivotnos\u0165 valca a skr\u00e1ti\u0165 prestoje.<\/p>\n<p><img decoding=\"async\" src=\"https:\/\/www.hydraulic-cylinders.net\/wp-content\/uploads\/2025\/01\/songte-chushion-collar.webp\"><\/p>\n<h2>Bezpe\u010dnostn\u00e9 aspekty a faktory prostredia<\/h2>\n<p>Pri pou\u017e\u00edvan\u00ed vedrovej valcovej f\u013ea\u0161e s\u00fa bezpe\u010dnostn\u00e9 opatrenia k\u013e\u00fa\u010dov\u00e9. Na zabezpe\u010denie bezpe\u010dn\u00e9ho a efekt\u00edvneho pou\u017e\u00edvania valca je potrebn\u00e9 riadne za\u0161kolenie. V\u00fdkon a \u017eivotnos\u0165 valca m\u00f4\u017eu ovplyvni\u0165 aj faktory prostredia, ako je teplota a vlhkos\u0165.<\/p>\n<h2>Be\u017en\u00e9 probl\u00e9my a ich rie\u0161enie<\/h2>\n<p>Po\u010das pou\u017e\u00edvania sa m\u00f4\u017ee vyskytn\u00fa\u0165 mno\u017estvo probl\u00e9mov s valcom vedra, ako s\u00fa netesnosti, hluk alebo pomal\u00e1 prev\u00e1dzka. Je nevyhnutn\u00e9 presne a \u00fa\u010dinne diagnostikova\u0165 tieto probl\u00e9my, aby sa minimalizovali prestoje. D\u00f4le\u017eit\u00fdmi prevent\u00edvnymi opatreniami s\u00fa aj pravideln\u00e1 \u00fadr\u017eba a spr\u00e1vna in\u0161tal\u00e1cia.<\/p>\n<p><img decoding=\"async\" src=\"https:\/\/www.hydraulic-cylinders.net\/wp-content\/uploads\/2025\/01\/songte-bushings-with-all-kinds-of-excavator-models.webp\"><\/p>\n<h2>O na\u0161ej spolo\u010dnosti<\/h2>\n<p>Na\u0161a spolo\u010dnos\u0165 je popredn\u00fdm v\u00fdrobcom a ve\u013ekoobchodn\u00edkom hydraulick\u00fdch valcov na dom\u00e1com aj medzin\u00e1rodnom trhu. Zaviazali sme sa poskytova\u0165 produkty vynikaj\u00facej kvality a spoliehame sa na na\u0161e strat\u00e9gie riadenia priemyselnej v\u00fdroby, ako je pou\u017e\u00edvanie pokro\u010dil\u00fdch technol\u00f3gi\u00ed a profesion\u00e1lnych testovac\u00edch syst\u00e9mov, s cie\u013eom neust\u00e1le zlep\u0161ova\u0165 na\u0161e v\u00fdrobn\u00e9 platformy a kvalitu produktov. Na\u0161e siln\u00e9 inova\u010dn\u00e9 a kreat\u00edvne schopnosti n\u00e1m umo\u017e\u0148uj\u00fa uspokojova\u0165 rozmanit\u00e9 potreby z\u00e1kazn\u00edkov s vysokou efektivitou, presnos\u0165ou a kvalitou.<\/p>\n<h3>Profesionalita<\/h3>\n<p>M\u00e1me t\u00edm sk\u00fasen\u00fdch odborn\u00edkov, ktor\u00ed s\u00fa odhodlan\u00ed poskytova\u0165 najlep\u0161ie rie\u0161enia pre po\u017eiadavky na\u0161ich z\u00e1kazn\u00edkov.<\/p>\n<h3>Medzin\u00e1rodn\u00e1 certifik\u00e1cia<\/h3>\n<p>Na\u0161a spolo\u010dnos\u0165 z\u00edskala r\u00f4zne medzin\u00e1rodn\u00e9 certifik\u00e1cie, ako napr\u00edklad ISO9001, CE a SGS, \u010do zabezpe\u010duje, \u017ee kvalita na\u0161ich v\u00fdrobkov sp\u013a\u0148a medzin\u00e1rodn\u00e9 \u0161tandardy.<\/p>\n<h3>Prisp\u00f4sobenie<\/h3>\n<p>Poskytujeme prisp\u00f4soben\u00e9 slu\u017eby, aby sme splnili rozmanit\u00e9 potreby na\u0161ich z\u00e1kazn\u00edkov, vr\u00e1tane prisp\u00f4soben\u00e9ho dizajnu, v\u00fdroby a balenia, ako aj prisp\u00f4soben\u00fdch popredajn\u00fdch slu\u017eieb.<\/p>\n<h3>V\u00fdrobn\u00e9 zariadenia<\/h3>\n<p>Na\u0161a spolo\u010dnos\u0165 pou\u017e\u00edva modern\u00e9 v\u00fdrobn\u00e9 zariadenia, ako s\u00fa CNC stroje a automatizovan\u00e9 mont\u00e1\u017ene linky, aby zabezpe\u010dila vysok\u00fa efektivitu a presnos\u0165 v\u00fdroby.<\/p>\n<h3>Popredajn\u00fd servis<\/h3>\n<p>Poskytujeme profesion\u00e1lny popredajn\u00fd servis, ktor\u00fd pom\u00e1ha z\u00e1kazn\u00edkom rie\u0161i\u0165 probl\u00e9my pri pou\u017e\u00edvan\u00ed na\u0161ich produktov, a tie\u017e poskytujeme technick\u00fa podporu a \u0161kolenia, ktor\u00e9 pom\u00e1haj\u00fa z\u00e1kazn\u00edkom zlep\u0161i\u0165 ich zru\u010dnosti a znalosti.<\/p>\n<p><img decoding=\"async\" src=\"https:\/\/www.hydraulic-cylinders.net\/wp-content\/uploads\/2025\/01\/songte-company-3.webp\"><\/p>\n<p>Autor: lyl.<\/p>","protected":false},"excerpt":{"rendered":"<p>Bucket Cylinder For Sumitomo Small Excavator SH100A1A2A3 Introduction The bucket cylinder for Sumitomo small excavator SH100A1A2A3 is a specialized hydraulic cylinder designed to control the movement of the bucket in heavy machinery such as excavators, backhoe loaders, and front-end loaders. Its main function is to enable the bucket to lift, lower, and tilt, making it [&hellip;]<\/p>","protected":false},"featured_media":14780,"comment_status":"open","ping_status":"closed","template":"","meta":{"_et_pb_use_builder":"","_et_pb_old_content":"","_et_gb_content_width":""},"product_brand":[],"product_cat":[1494],"product_tag":[1495,1496],"class_list":{"0":"post-15168","1":"product","2":"type-product","3":"status-publish","4":"has-post-thumbnail","6":"product_cat-bucket-cylinders","7":"product_tag-bucket-cylinders","8":"product_tag-hydraulic-cylinders","10":"first","11":"instock","12":"shipping-taxable","13":"product-type-simple"},"amp_enabled":true,"_links":{"self":[{"href":"https:\/\/www.hydraulic-cylinders.net\/sk\/wp-json\/wp\/v2\/product\/15168","targetHints":{"allow":["GET"]}}],"collection":[{"href":"https:\/\/www.hydraulic-cylinders.net\/sk\/wp-json\/wp\/v2\/product"}],"about":[{"href":"https:\/\/www.hydraulic-cylinders.net\/sk\/wp-json\/wp\/v2\/types\/product"}],"replies":[{"embeddable":true,"href":"https:\/\/www.hydraulic-cylinders.net\/sk\/wp-json\/wp\/v2\/comments?post=15168"}],"wp:featuredmedia":[{"embeddable":true,"href":"https:\/\/www.hydraulic-cylinders.net\/sk\/wp-json\/wp\/v2\/media\/14780"}],"wp:attachment":[{"href":"https:\/\/www.hydraulic-cylinders.net\/sk\/wp-json\/wp\/v2\/media?parent=15168"}],"wp:term":[{"taxonomy":"product_brand","embeddable":true,"href":"https:\/\/www.hydraulic-cylinders.net\/sk\/wp-json\/wp\/v2\/product_brand?post=15168"},{"taxonomy":"product_cat","embeddable":true,"href":"https:\/\/www.hydraulic-cylinders.net\/sk\/wp-json\/wp\/v2\/product_cat?post=15168"},{"taxonomy":"product_tag","embeddable":true,"href":"https:\/\/www.hydraulic-cylinders.net\/sk\/wp-json\/wp\/v2\/product_tag?post=15168"}],"curies":[{"name":"pracovn\u00fd list","href":"https:\/\/api.w.org\/{rel}","templated":true}]}}